{"id":5995,"date":"2023-03-18T14:06:22","date_gmt":"2023-03-18T14:06:22","guid":{"rendered":"https:\/\/longchangchemical.com\/?post_type=product&#038;p=5995"},"modified":"2026-05-08T02:59:51","modified_gmt":"2026-05-08T02:59:51","slug":"agesin-dp-d262r","status":"publish","type":"product","link":"https:\/\/longchangchemical.com\/tr\/product\/agesin-dp-d262r\/","title":{"rendered":"CHLUMICRYL\u00ae DP-D262R \/ Dispersan"},"content":{"rendered":"<h2>DP-D262R \/ Dispersan<\/h2>\n<table style=\"border-collapse: collapse; width: 293.27pt;\" border=\"0\" width=\"391\" cellspacing=\"0\" cellpadding=\"0\">\n<tbody>\n<tr style=\"height: 24.75pt;\">\n<td class=\"et2\" style=\"height: 24.75pt; width: 63.00pt;\" width=\"84\" height=\"33\">Kompozisyon<\/td>\n<td class=\"et2\" style=\"width: 230.25pt;\" width=\"307\">Pigment afinite gruplar\u0131na sahip polimerik blok kopolimer \u00e7\u00f6zeltisi<\/td>\n<\/tr>\n<tr style=\"height: 14.25pt;\">\n<td class=\"et2\" style=\"height: 14.25pt; width: 63.00pt;\" width=\"84\" height=\"19\">G\u00f6r\u00fcn\u00fc\u015f<\/td>\n<td class=\"et2\" style=\"width: 230.25pt;\" width=\"307\">Renksiz ila hafif sar\u0131 \u015feffaf s\u0131v\u0131<\/td>\n<\/tr>\n<tr style=\"height: 14.25pt;\">\n<td class=\"et2\" style=\"height: 14.25pt; width: 63.00pt;\" width=\"84\" height=\"19\">Solvent<\/td>\n<td class=\"et2\" style=\"width: 230.25pt;\" width=\"307\">Solvent ya\u011f<\/td>\n<\/tr>\n<tr style=\"height: 14.25pt;\">\n<td class=\"et2\" style=\"height: 14.25pt; width: 63.00pt;\" width=\"84\" height=\"19\">Yo\u011funluk<\/td>\n<td class=\"et2\" style=\"width: 230.25pt;\" width=\"307\">0,98-1,02 g\/ml (25\u00b11)\u2103<\/td>\n<\/tr>\n<tr style=\"height: 14.25pt;\">\n<td class=\"et2\" style=\"height: 14.25pt; width: 63.00pt;\" width=\"84\" height=\"19\">Viskozite<\/td>\n<td class=\"et2\" style=\"width: 230.25pt;\" width=\"307\">25-80 s (Kaplama-4 kap y\u00f6ntemi) (25\u00b10,2)\u2103<\/td>\n<\/tr>\n<tr style=\"height: 14.25pt;\">\n<td class=\"et2\" style=\"height: 14.25pt; width: 63.00pt;\" width=\"84\" height=\"19\">Kat\u0131 i\u00e7erik<\/td>\n<td class=\"et2\" style=\"width: 230.25pt;\" width=\"307\">48\u00b13% (140 \u2103 2 saat)<\/td>\n<\/tr>\n<tr style=\"height: 14.25pt;\">\n<td class=\"et2\" style=\"height: 14.25pt; width: 63.00pt;\" width=\"84\" height=\"19\">Parlama noktas\u0131<\/td>\n<td class=\"et2\" style=\"width: 230.25pt;\" width=\"307\">&gt;62\u2103<\/td>\n<\/tr>\n<\/tbody>\n<\/table>\n<h2><strong> DP-D262R Uygulama Alanlar\u0131<\/strong><\/h2>\n<p>Solvent bazl\u0131 sistemler<\/p>\n<h2><strong> DP-D262R Ana \u00f6zellikler<\/strong><\/h2>\n<p>1\u3001Blok tipi polimer dispersan, pro-pigment grubu ve dispersanda pigment y\u00fczey adsorpsiyonu ve pro-medya segmenti olarak d\u00fc\u015f\u00fck molek\u00fcler a\u011f\u0131rl\u0131kl\u0131 kopolimerden olu\u015fur.<br \/>\n2\u3001D\u00fc\u015f\u00fck molek\u00fcler a\u011f\u0131rl\u0131kl\u0131 kopolimer, pigment partik\u00fclleri aras\u0131ndaki \u00e7ekimi azaltan ve iyi bir dispersiyon stabilitesi elde eden belirli bir kal\u0131nl\u0131kta engel tabakas\u0131 olu\u015fturur.<br \/>\n3\u3001Dispers karbon siyah\u0131 \u00e7ok iyi renk yay\u0131l\u0131m\u0131na ve parlakl\u0131\u011fa sahiptir. \u0130ki bile\u015fenli ve termoset sistemde kullan\u0131labilir, termoplastik akrilik ve epoksi zemin kaplama sistemine uygulanamaz.<\/p>\n<h2><strong> DP-D262R Kullan\u0131m y\u00f6ntemi<\/strong><\/h2>\n<p>Dispersan \u00f6\u011f\u00fctme malzemesine eklenmeli ve iyice kar\u0131\u015ft\u0131r\u0131lmal\u0131, ard\u0131ndan \u00f6\u011f\u00fctmek ve da\u011f\u0131tmak i\u00e7in pigment eklenmelidir.<\/p>\n<h2><strong> DP-D262R <\/strong>\u00d6nerilen dozaj<\/h2>\n<table style=\"border-collapse: collapse; width: 127.53pt;\" border=\"0\" width=\"170\" cellspacing=\"0\" cellpadding=\"0\">\n<tbody>\n<tr style=\"height: 24.75pt;\">\n<td class=\"et2\" style=\"height: 24.75pt; width: 63.00pt;\" width=\"84\" height=\"33\">\u0130norganik pigmentler<\/td>\n<td class=\"et2\" style=\"width: 64.50pt;\" width=\"86\">1-10%<\/td>\n<\/tr>\n<tr style=\"height: 24.75pt;\">\n<td class=\"et2\" style=\"height: 24.75pt; width: 63.00pt;\" width=\"84\" height=\"33\">Organik pigmentler<\/td>\n<td class=\"et2\" style=\"width: 64.50pt;\" width=\"86\">20-40%<\/td>\n<\/tr>\n<tr style=\"height: 14.25pt;\">\n<td class=\"et2\" style=\"height: 14.25pt; width: 63.00pt;\" width=\"84\" height=\"19\">Karbon Siyah\u0131<\/td>\n<td class=\"et2\" style=\"width: 64.50pt;\" width=\"86\">30-100%<\/td>\n<\/tr>\n<\/tbody>\n<\/table>\n<h2><strong> DP-D262R Depolama kararl\u0131l\u0131\u011f\u0131<\/strong><\/h2>\n<p>A\u00e7\u0131lmam\u0131\u015f orijinal ambalaj\u0131nda 24 ay boyunca saklay\u0131n\u0131z. S\u0131cakl\u0131k 5\u00b0C'den d\u00fc\u015f\u00fck oldu\u011funda, tabakala\u015fma ve bulan\u0131kl\u0131k olu\u015fabilir. Kullanmadan \u00f6nce \u0131s\u0131tmak ve iyice kar\u0131\u015ft\u0131rmak \u00fcr\u00fcn kalitesini etkilemeyecektir. Depolama s\u00fcresini a\u015fan \u00fcr\u00fcn, denetimden ge\u00e7tikten sonra kullan\u0131lmaya devam edilebilir. Kap tamamen bo\u015falmadan \u00f6nce, kullan\u0131mdan hemen sonra s\u0131k\u0131ca kapat\u0131lmal\u0131d\u0131r.<\/p>\n<h2><strong> DP-D262R Paketleme<\/strong><\/h2>\n<p>25KG \/ 180KG.<\/p>\n<h2><strong>\u015eimdi Bize Ula\u015f\u0131n!<\/strong><\/h2>\n<h4><strong><b>COA, MSDS veya TDS'ye ihtiyac\u0131n\u0131z varsa, l\u00fctfen a\u015fa\u011f\u0131daki forma ileti\u015fim bilgilerinizi girin, genellikle 24 saat i\u00e7inde sizinle ileti\u015fime ge\u00e7ece\u011fiz. Bana e-posta da g\u00f6nderebilirsiniz <span style=\"color: #0000ff;\"><a style=\"color: #0000ff;\" href=\"mailto:info@longchangchemical.com\">info@longchangchemical.com<\/a><\/span> \u00c7al\u0131\u015fma saatleri i\u00e7inde (8:30 - 6:00 UTC+8 Pzt.~Sat.) veya h\u0131zl\u0131 yan\u0131t almak i\u00e7in web sitesi canl\u0131 sohbetini kullan\u0131n.<\/b><\/strong><\/h4>","protected":false},"excerpt":{"rendered":"<p>DP-D262R \/ Dispersan Bile\u015fim Pigment afinite gruplar\u0131 i\u00e7eren polimerik blok kopolimer \u00e7\u00f6zeltisi G\u00f6r\u00fcn\u00fcm Renksiz ila hafif sar\u0131 \u015feffaf s\u0131v\u0131 Solvent Solvent ya\u011f\u0131 Yo\u011funluk 0,98-1.02 g\/ml (25\u00b11)\u2103 Viskozite 25-80 s (Kaplama-4 kap y\u00f6ntemi) (25\u00b10,2)\u2103 Kat\u0131 i\u00e7erik 48\u00b13% (140\u2103 2h) Parlama noktas\u0131 &gt;62 \u2103 DP-D262R Uygulama Alanlar\u0131 Solvent bazl\u0131 sistemler DP-D262R Ana \u00f6zellikler 1\u3001Blok tipi polimer dispersan, [...]<\/p>","protected":false},"featured_media":0,"comment_status":"closed","ping_status":"closed","template":"","meta":[],"product_brand":[],"product_cat":[138],"product_tag":[],"class_list":{"0":"post-5995","1":"product","2":"type-product","3":"status-publish","5":"product_cat-coating-and-ink-additives","7":"first","8":"instock","9":"shipping-taxable","10":"product-type-simple"},"yoast_head":"<!-- This site is optimized with the Yoast SEO plugin v25.3.1 - https:\/\/yoast.com\/wordpress\/plugins\/seo\/ -->\n<title>China CHLUMICRYL\u00ae DP-D262R \/ Dispersant Manufacturer - Longchang Chemical<\/title>\n<meta name=\"description\" content=\"CHLUMICRYL\u00ae DP-D262R \/ Dispersant is a key product of Longchang Chemical. We provide the best price. We are the leading manufacturer in China with the best quality and competitive price.\" \/>\n<meta name=\"robots\" content=\"index, follow, max-snippet:-1, max-image-preview:large, max-video-preview:-1\" \/>\n<link rel=\"canonical\" href=\"https:\/\/longchangchemical.com\/tr\/product\/agesin-dp-d262r\/\" \/>\n<meta property=\"og:locale\" content=\"tr_TR\" \/>\n<meta property=\"og:type\" content=\"article\" \/>\n<meta property=\"og:title\" content=\"China CHLUMICRYL\u00ae DP-D262R \/ Dispersant Manufacturer - Longchang Chemical\" \/>\n<meta property=\"og:description\" content=\"CHLUMICRYL\u00ae DP-D262R \/ Dispersant is a key product of Longchang Chemical. We provide the best price. We are the leading manufacturer in China with the best quality and competitive price.\" \/>\n<meta property=\"og:url\" content=\"https:\/\/longchangchemical.com\/tr\/product\/agesin-dp-d262r\/\" \/>\n<meta property=\"og:site_name\" content=\"Longchang Chemical\" \/>\n<meta property=\"article:modified_time\" content=\"2026-05-08T02:59:51+00:00\" \/>\n<meta property=\"og:image\" content=\"https:\/\/longchangchemical.com\/wp-content\/uploads\/2024\/02\/logo-jpeg.jpg\" \/>\n\t<meta property=\"og:image:width\" content=\"1000\" \/>\n\t<meta property=\"og:image:height\" content=\"1000\" \/>\n\t<meta property=\"og:image:type\" content=\"image\/jpeg\" \/>\n<meta name=\"twitter:card\" content=\"summary_large_image\" \/>\n<script type=\"application\/ld+json\" class=\"yoast-schema-graph\">{\"@context\":\"https:\/\/schema.org\",\"@graph\":[{\"@type\":\"WebPage\",\"@id\":\"https:\/\/longchangchemical.com\/product\/agesin-dp-d262r\/\",\"url\":\"https:\/\/longchangchemical.com\/product\/agesin-dp-d262r\/\",\"name\":\"China CHLUMICRYL\u00ae DP-D262R \/ Dispersant Manufacturer - Longchang Chemical\",\"isPartOf\":{\"@id\":\"https:\/\/longchangchemical.com\/#website\"},\"datePublished\":\"2023-03-18T14:06:22+00:00\",\"dateModified\":\"2026-05-08T02:59:51+00:00\",\"description\":\"CHLUMICRYL\u00ae DP-D262R \/ Dispersant is a key product of Longchang Chemical. We provide the best price. We are the leading manufacturer in China with the best quality and competitive price.\",\"breadcrumb\":{\"@id\":\"https:\/\/longchangchemical.com\/product\/agesin-dp-d262r\/#breadcrumb\"},\"inLanguage\":\"tr\",\"potentialAction\":[{\"@type\":\"ReadAction\",\"target\":[\"https:\/\/longchangchemical.com\/product\/agesin-dp-d262r\/\"]}]},{\"@type\":\"BreadcrumbList\",\"@id\":\"https:\/\/longchangchemical.com\/product\/agesin-dp-d262r\/#breadcrumb\",\"itemListElement\":[{\"@type\":\"ListItem\",\"position\":1,\"name\":\"Home\",\"item\":\"https:\/\/longchangchemical.com\/\"},{\"@type\":\"ListItem\",\"position\":2,\"name\":\"Products Longchang\",\"item\":\"https:\/\/longchangchemical.com\/product\/\"},{\"@type\":\"ListItem\",\"position\":3,\"name\":\"CHLUMICRYL\u00ae DP-D262R \/ Dispersant\"}]},{\"@type\":\"WebSite\",\"@id\":\"https:\/\/longchangchemical.com\/#website\",\"url\":\"https:\/\/longchangchemical.com\/\",\"name\":\"Longchang Chemical\",\"description\":\"China chemical manufacturer \uff06 supplier\",\"publisher\":{\"@id\":\"https:\/\/longchangchemical.com\/#organization\"},\"potentialAction\":[{\"@type\":\"SearchAction\",\"target\":{\"@type\":\"EntryPoint\",\"urlTemplate\":\"https:\/\/longchangchemical.com\/?s={search_term_string}\"},\"query-input\":{\"@type\":\"PropertyValueSpecification\",\"valueRequired\":true,\"valueName\":\"search_term_string\"}}],\"inLanguage\":\"tr\"},{\"@type\":\"Organization\",\"@id\":\"https:\/\/longchangchemical.com\/#organization\",\"name\":\"Longchang Chemical\",\"url\":\"https:\/\/longchangchemical.com\/\",\"logo\":{\"@type\":\"ImageObject\",\"inLanguage\":\"tr\",\"@id\":\"https:\/\/longchangchemical.com\/#\/schema\/logo\/image\/\",\"url\":\"https:\/\/longchangchemical.com\/wp-content\/uploads\/2020\/08\/cropped-longchang-logo.png\",\"contentUrl\":\"https:\/\/longchangchemical.com\/wp-content\/uploads\/2020\/08\/cropped-longchang-logo.png\",\"width\":512,\"height\":512,\"caption\":\"Longchang Chemical\"},\"image\":{\"@id\":\"https:\/\/longchangchemical.com\/#\/schema\/logo\/image\/\"}}]}<\/script>\n<!-- \/ Yoast SEO plugin. -->","yoast_head_json":{"title":"\u00c7in CHLUMICRYL\u00ae DP-D262R \/ Dispersant \u00dcreticisi - Longchang Chemical","description":"CHLUMICRYL\u00ae DP-D262R \/ Dispersant, Longchang Chemical'\u0131n \u00f6nemli bir \u00fcr\u00fcn\u00fcd\u00fcr. En iyi fiyat\u0131 sa\u011fl\u0131yoruz. En iyi kalite ve rekabet\u00e7i fiyat ile \u00c7in'in \u00f6nde gelen \u00fcreticisiyiz.","robots":{"index":"index","follow":"follow","max-snippet":"max-snippet:-1","max-image-preview":"max-image-preview:large","max-video-preview":"max-video-preview:-1"},"canonical":"https:\/\/longchangchemical.com\/tr\/product\/agesin-dp-d262r\/","og_locale":"tr_TR","og_type":"article","og_title":"China CHLUMICRYL\u00ae DP-D262R \/ Dispersant Manufacturer - Longchang Chemical","og_description":"CHLUMICRYL\u00ae DP-D262R \/ Dispersant is a key product of Longchang Chemical. We provide the best price. We are the leading manufacturer in China with the best quality and competitive price.","og_url":"https:\/\/longchangchemical.com\/tr\/product\/agesin-dp-d262r\/","og_site_name":"Longchang Chemical","article_modified_time":"2026-05-08T02:59:51+00:00","og_image":[{"width":1000,"height":1000,"url":"https:\/\/longchangchemical.com\/wp-content\/uploads\/2024\/02\/logo-jpeg.jpg","type":"image\/jpeg"}],"twitter_card":"summary_large_image","schema":{"@context":"https:\/\/schema.org","@graph":[{"@type":"WebPage","@id":"https:\/\/longchangchemical.com\/product\/agesin-dp-d262r\/","url":"https:\/\/longchangchemical.com\/product\/agesin-dp-d262r\/","name":"\u00c7in CHLUMICRYL\u00ae DP-D262R \/ Dispersant \u00dcreticisi - Longchang Chemical","isPartOf":{"@id":"https:\/\/longchangchemical.com\/#website"},"datePublished":"2023-03-18T14:06:22+00:00","dateModified":"2026-05-08T02:59:51+00:00","description":"CHLUMICRYL\u00ae DP-D262R \/ Dispersant, Longchang Chemical'\u0131n \u00f6nemli bir \u00fcr\u00fcn\u00fcd\u00fcr. En iyi fiyat\u0131 sa\u011fl\u0131yoruz. En iyi kalite ve rekabet\u00e7i fiyat ile \u00c7in'in \u00f6nde gelen \u00fcreticisiyiz.","breadcrumb":{"@id":"https:\/\/longchangchemical.com\/product\/agesin-dp-d262r\/#breadcrumb"},"inLanguage":"tr","potentialAction":[{"@type":"ReadAction","target":["https:\/\/longchangchemical.com\/product\/agesin-dp-d262r\/"]}]},{"@type":"BreadcrumbList","@id":"https:\/\/longchangchemical.com\/product\/agesin-dp-d262r\/#breadcrumb","itemListElement":[{"@type":"ListItem","position":1,"name":"Home","item":"https:\/\/longchangchemical.com\/"},{"@type":"ListItem","position":2,"name":"Products Longchang","item":"https:\/\/longchangchemical.com\/product\/"},{"@type":"ListItem","position":3,"name":"CHLUMICRYL\u00ae DP-D262R \/ Dispersant"}]},{"@type":"WebSite","@id":"https:\/\/longchangchemical.com\/#website","url":"https:\/\/longchangchemical.com\/","name":"Longchang Kimya","description":"\u00c7in kimyasal \u00fcreticisi \uff06 tedarik\u00e7isi","publisher":{"@id":"https:\/\/longchangchemical.com\/#organization"},"potentialAction":[{"@type":"SearchAction","target":{"@type":"EntryPoint","urlTemplate":"https:\/\/longchangchemical.com\/?s={search_term_string}"},"query-input":{"@type":"PropertyValueSpecification","valueRequired":true,"valueName":"search_term_string"}}],"inLanguage":"tr"},{"@type":"Organization","@id":"https:\/\/longchangchemical.com\/#organization","name":"Longchang Kimya","url":"https:\/\/longchangchemical.com\/","logo":{"@type":"ImageObject","inLanguage":"tr","@id":"https:\/\/longchangchemical.com\/#\/schema\/logo\/image\/","url":"https:\/\/longchangchemical.com\/wp-content\/uploads\/2020\/08\/cropped-longchang-logo.png","contentUrl":"https:\/\/longchangchemical.com\/wp-content\/uploads\/2020\/08\/cropped-longchang-logo.png","width":512,"height":512,"caption":"Longchang Chemical"},"image":{"@id":"https:\/\/longchangchemical.com\/#\/schema\/logo\/image\/"}}]}},"_links":{"self":[{"href":"https:\/\/longchangchemical.com\/tr\/wp-json\/wp\/v2\/product\/5995","targetHints":{"allow":["GET"]}}],"collection":[{"href":"https:\/\/longchangchemical.com\/tr\/wp-json\/wp\/v2\/product"}],"about":[{"href":"https:\/\/longchangchemical.com\/tr\/wp-json\/wp\/v2\/types\/product"}],"replies":[{"embeddable":true,"href":"https:\/\/longchangchemical.com\/tr\/wp-json\/wp\/v2\/comments?post=5995"}],"wp:attachment":[{"href":"https:\/\/longchangchemical.com\/tr\/wp-json\/wp\/v2\/media?parent=5995"}],"wp:term":[{"taxonomy":"product_brand","embeddable":true,"href":"https:\/\/longchangchemical.com\/tr\/wp-json\/wp\/v2\/product_brand?post=5995"},{"taxonomy":"product_cat","embeddable":true,"href":"https:\/\/longchangchemical.com\/tr\/wp-json\/wp\/v2\/product_cat?post=5995"},{"taxonomy":"product_tag","embeddable":true,"href":"https:\/\/longchangchemical.com\/tr\/wp-json\/wp\/v2\/product_tag?post=5995"}],"curies":[{"name":"wp","href":"https:\/\/api.w.org\/{rel}","templated":true}]}}