{"id":5993,"date":"2023-03-16T14:53:29","date_gmt":"2023-03-16T14:53:29","guid":{"rendered":"https:\/\/longchangchemical.com\/?post_type=product&#038;p=5993"},"modified":"2026-05-08T02:59:51","modified_gmt":"2026-05-08T02:59:51","slug":"agesin-dp-d242","status":"publish","type":"product","link":"https:\/\/longchangchemical.com\/tr\/product\/agesin-dp-d242\/","title":{"rendered":"CHLUMICRYL\u00ae DP-D242 \/ Dispersan"},"content":{"rendered":"<h2><strong> DP-D242 \/ Dispersan<\/strong><\/h2>\n<table style=\"border-collapse: collapse; width: 293.27pt;\" border=\"0\" width=\"391\" cellspacing=\"0\" cellpadding=\"0\">\n<tbody>\n<tr style=\"height: 14.25pt;\">\n<td class=\"et2\" style=\"height: 14.25pt; width: 63.00pt;\" width=\"84\" height=\"19\">Kompozisyon<\/td>\n<td class=\"et2\" style=\"width: 230.25pt;\" width=\"307\">Pigment afinite gruplar\u0131na sahip polimer blok kopolimer<\/td>\n<\/tr>\n<tr style=\"height: 13.50pt;\">\n<td class=\"et2\" style=\"height: 13.50pt; width: 63.00pt;\" width=\"84\" height=\"18\">G\u00f6r\u00fcn\u00fc\u015f<\/td>\n<td class=\"et2\" style=\"width: 230.25pt;\" width=\"307\">Hafif sar\u0131 \u015feffaf s\u0131v\u0131<\/td>\n<\/tr>\n<tr style=\"height: 14.25pt;\">\n<td class=\"et2\" style=\"height: 14.25pt; width: 63.00pt;\" width=\"84\" height=\"19\">Solvent<\/td>\n<td class=\"et2\" style=\"width: 230.25pt;\" width=\"307\">&#8212;<\/td>\n<\/tr>\n<tr style=\"height: 14.25pt;\">\n<td class=\"et2\" style=\"height: 14.25pt; width: 63.00pt;\" width=\"84\" height=\"19\">Yo\u011funluk<\/td>\n<td class=\"et2\" style=\"width: 230.25pt;\" width=\"307\">1,01-1,05 g\/ml (25\u00b11)\u2103<\/td>\n<\/tr>\n<tr style=\"height: 14.25pt;\">\n<td class=\"et2\" style=\"height: 14.25pt; width: 63.00pt;\" width=\"84\" height=\"19\">Viskozite<\/td>\n<td class=\"et2\" style=\"width: 230.25pt;\" width=\"307\">R-X (kabarc\u0131k viskozimetre y\u00f6ntemi) (25\u00b10,2)\u2103<\/td>\n<\/tr>\n<tr style=\"height: 14.25pt;\">\n<td class=\"et2\" style=\"height: 14.25pt; width: 63.00pt;\" width=\"84\" height=\"19\">Kat\u0131 i\u00e7erik<\/td>\n<td class=\"et2\" style=\"width: 230.25pt;\" width=\"307\">92\u00b13% (140 \u2103 2 saat)<\/td>\n<\/tr>\n<tr style=\"height: 14.25pt;\">\n<td class=\"et2\" style=\"height: 14.25pt; width: 63.00pt;\" width=\"84\" height=\"19\">Parlama noktas\u0131<\/td>\n<td class=\"et2\" style=\"width: 230.25pt;\" width=\"307\">&gt;100\u2103<\/td>\n<\/tr>\n<\/tbody>\n<\/table>\n<h2><strong>Uygulama alanlar\u0131<\/strong><\/h2>\n<p>Solvent bazl\u0131, UV-k\u00fcrlenebilir sistemler<\/p>\n<h2><strong>Temel \u00f6zellikler<\/strong><\/h2>\n<p>1 \u3001 Pigmentlerin iyi \u0131slat\u0131lmas\u0131 ve dispersiyonu, organik pigmentlerin dispersiyonu renklendirme g\u00fc\u00e7lerini art\u0131rabilir, organik bentonit ve matla\u015ft\u0131rma tozunun dispersiyonu, \u00f6zellikle re\u00e7inesiz matla\u015ft\u0131rma macunu i\u00e7in uygun olan iyi viskozite azaltma kabiliyetine sahiptir.<br \/>\n2\u3001\u00c7ok pigmentli sistemin y\u00fczen rengini ve \u00e7i\u00e7eklenme olgusunu azaltabilir.<\/p>\n<p>Kullan\u0131m y\u00f6ntemi<\/p>\n<p>Dispersan \u00f6\u011f\u00fctme malzemesine eklenmeli ve iyice kar\u0131\u015ft\u0131r\u0131lmal\u0131, ard\u0131ndan \u00f6\u011f\u00fctmek ve da\u011f\u0131tmak i\u00e7in pigment eklenmelidir.<\/p>\n<h2><strong>\u00d6nerilen dozaj<\/strong><\/h2>\n<p>&nbsp;<\/p>\n<h2><strong>Depolama kararl\u0131l\u0131\u011f\u0131<\/strong><\/h2>\n<p>A\u00e7\u0131lmam\u0131\u015f orijinal ambalaj\u0131nda 24 ay saklay\u0131n\u0131z. S\u0131cakl\u0131k 5\u00b0C'nin alt\u0131nda oldu\u011funda tabakala\u015fma ve bulan\u0131kl\u0131k olu\u015fabilir. Kullanmadan \u00f6nce \u0131s\u0131tmak ve iyice kar\u0131\u015ft\u0131rmak \u00fcr\u00fcn kalitesini etkilemeyecektir. Depolama s\u00fcresini a\u015fan \u00fcr\u00fcn, kontrolden ge\u00e7tikten sonra kullan\u0131lmaya devam edilebilir. Kap tamamen bo\u015falmadan \u00f6nce, kullan\u0131mdan hemen sonra s\u0131k\u0131ca kapat\u0131lmal\u0131d\u0131r.<\/p>\n<h2><strong>Paketleme<\/strong><\/h2>\n<p>25KG \/ 180KG<\/p>\n<p>&nbsp;<\/p>","protected":false},"excerpt":{"rendered":"<p>DP-D242 \/ Dispersan Bile\u015fim Pigment afinite gruplar\u0131na sahip polimer blok kopolimer G\u00f6r\u00fcn\u00fcm Hafif sar\u0131 \u015feffaf s\u0131v\u0131 \u00c7\u00f6z\u00fcc\u00fc - Yo\u011funluk 1.01-1.05 g\/ml (25\u00b11)\u2103 Viskozite R-X (kabarc\u0131k viskozimetre y\u00f6ntemi) (25\u00b10.2)\u2103 Kat\u0131 i\u00e7eri\u011fi 92\u00b13% (140\u2103 2h) Parlama noktas\u0131 &gt;100 \u2103 Uygulama alanlar\u0131 Solvent bazl\u0131, UV-k\u00fcrlenebilir sistemler Ana \u00f6zellikler 1\u3001 Pigmentlerin iyi \u0131slat\u0131lmas\u0131 ve dispersiyonu, organik pigmentlerin dispersiyonu [...]<\/p>","protected":false},"featured_media":0,"comment_status":"closed","ping_status":"closed","template":"","meta":[],"product_brand":[],"product_cat":[138],"product_tag":[],"class_list":{"0":"post-5993","1":"product","2":"type-product","3":"status-publish","5":"product_cat-coating-and-ink-additives","7":"first","8":"instock","9":"shipping-taxable","10":"product-type-simple"},"yoast_head":"<!-- This site is optimized with the Yoast SEO plugin v25.3.1 - https:\/\/yoast.com\/wordpress\/plugins\/seo\/ -->\n<title>China CHLUMICRYL\u00ae DP-D242 \/ Dispersant Manufacturer - Longchang Chemical<\/title>\n<meta name=\"description\" content=\"CHLUMICRYL\u00ae DP-D242 \/ Dispersant is a key product of Longchang Chemical. We provide the best price. We are the leading manufacturer in China with the best quality and competitive price.\" \/>\n<meta name=\"robots\" content=\"index, follow, max-snippet:-1, max-image-preview:large, max-video-preview:-1\" \/>\n<link rel=\"canonical\" href=\"https:\/\/longchangchemical.com\/tr\/product\/agesin-dp-d242\/\" \/>\n<meta property=\"og:locale\" content=\"tr_TR\" \/>\n<meta property=\"og:type\" content=\"article\" \/>\n<meta property=\"og:title\" content=\"China CHLUMICRYL\u00ae DP-D242 \/ Dispersant Manufacturer - Longchang Chemical\" \/>\n<meta property=\"og:description\" content=\"CHLUMICRYL\u00ae DP-D242 \/ Dispersant is a key product of Longchang Chemical. We provide the best price. We are the leading manufacturer in China with the best quality and competitive price.\" \/>\n<meta property=\"og:url\" content=\"https:\/\/longchangchemical.com\/tr\/product\/agesin-dp-d242\/\" \/>\n<meta property=\"og:site_name\" content=\"Longchang Chemical\" \/>\n<meta property=\"article:modified_time\" content=\"2026-05-08T02:59:51+00:00\" \/>\n<meta property=\"og:image\" content=\"https:\/\/longchangchemical.com\/wp-content\/uploads\/2024\/02\/logo-jpeg.jpg\" \/>\n\t<meta property=\"og:image:width\" content=\"1000\" \/>\n\t<meta property=\"og:image:height\" content=\"1000\" \/>\n\t<meta property=\"og:image:type\" content=\"image\/jpeg\" \/>\n<meta name=\"twitter:card\" content=\"summary_large_image\" \/>\n<script type=\"application\/ld+json\" class=\"yoast-schema-graph\">{\"@context\":\"https:\/\/schema.org\",\"@graph\":[{\"@type\":\"WebPage\",\"@id\":\"https:\/\/longchangchemical.com\/product\/agesin-dp-d242\/\",\"url\":\"https:\/\/longchangchemical.com\/product\/agesin-dp-d242\/\",\"name\":\"China CHLUMICRYL\u00ae DP-D242 \/ Dispersant Manufacturer - Longchang Chemical\",\"isPartOf\":{\"@id\":\"https:\/\/longchangchemical.com\/#website\"},\"datePublished\":\"2023-03-16T14:53:29+00:00\",\"dateModified\":\"2026-05-08T02:59:51+00:00\",\"description\":\"CHLUMICRYL\u00ae DP-D242 \/ Dispersant is a key product of Longchang Chemical. We provide the best price. We are the leading manufacturer in China with the best quality and competitive price.\",\"breadcrumb\":{\"@id\":\"https:\/\/longchangchemical.com\/product\/agesin-dp-d242\/#breadcrumb\"},\"inLanguage\":\"tr\",\"potentialAction\":[{\"@type\":\"ReadAction\",\"target\":[\"https:\/\/longchangchemical.com\/product\/agesin-dp-d242\/\"]}]},{\"@type\":\"BreadcrumbList\",\"@id\":\"https:\/\/longchangchemical.com\/product\/agesin-dp-d242\/#breadcrumb\",\"itemListElement\":[{\"@type\":\"ListItem\",\"position\":1,\"name\":\"Home\",\"item\":\"https:\/\/longchangchemical.com\/\"},{\"@type\":\"ListItem\",\"position\":2,\"name\":\"Products Longchang\",\"item\":\"https:\/\/longchangchemical.com\/product\/\"},{\"@type\":\"ListItem\",\"position\":3,\"name\":\"CHLUMICRYL\u00ae DP-D242 \/ Dispersant\"}]},{\"@type\":\"WebSite\",\"@id\":\"https:\/\/longchangchemical.com\/#website\",\"url\":\"https:\/\/longchangchemical.com\/\",\"name\":\"Longchang Chemical\",\"description\":\"China chemical manufacturer \uff06 supplier\",\"publisher\":{\"@id\":\"https:\/\/longchangchemical.com\/#organization\"},\"potentialAction\":[{\"@type\":\"SearchAction\",\"target\":{\"@type\":\"EntryPoint\",\"urlTemplate\":\"https:\/\/longchangchemical.com\/?s={search_term_string}\"},\"query-input\":{\"@type\":\"PropertyValueSpecification\",\"valueRequired\":true,\"valueName\":\"search_term_string\"}}],\"inLanguage\":\"tr\"},{\"@type\":\"Organization\",\"@id\":\"https:\/\/longchangchemical.com\/#organization\",\"name\":\"Longchang Chemical\",\"url\":\"https:\/\/longchangchemical.com\/\",\"logo\":{\"@type\":\"ImageObject\",\"inLanguage\":\"tr\",\"@id\":\"https:\/\/longchangchemical.com\/#\/schema\/logo\/image\/\",\"url\":\"https:\/\/longchangchemical.com\/wp-content\/uploads\/2020\/08\/cropped-longchang-logo.png\",\"contentUrl\":\"https:\/\/longchangchemical.com\/wp-content\/uploads\/2020\/08\/cropped-longchang-logo.png\",\"width\":512,\"height\":512,\"caption\":\"Longchang Chemical\"},\"image\":{\"@id\":\"https:\/\/longchangchemical.com\/#\/schema\/logo\/image\/\"}}]}<\/script>\n<!-- \/ Yoast SEO plugin. -->","yoast_head_json":{"title":"\u00c7in CHLUMICRYL\u00ae DP-D242 \/ Dispersant \u00dcreticisi - Longchang Chemical","description":"CHLUMICRYL\u00ae DP-D242 \/ Dispersant, Longchang Chemical'\u0131n \u00f6nemli bir \u00fcr\u00fcn\u00fcd\u00fcr. En iyi fiyat\u0131 sa\u011fl\u0131yoruz. En iyi kalite ve rekabet\u00e7i fiyat ile \u00c7in'in \u00f6nde gelen \u00fcreticisiyiz.","robots":{"index":"index","follow":"follow","max-snippet":"max-snippet:-1","max-image-preview":"max-image-preview:large","max-video-preview":"max-video-preview:-1"},"canonical":"https:\/\/longchangchemical.com\/tr\/product\/agesin-dp-d242\/","og_locale":"tr_TR","og_type":"article","og_title":"China CHLUMICRYL\u00ae DP-D242 \/ Dispersant Manufacturer - Longchang Chemical","og_description":"CHLUMICRYL\u00ae DP-D242 \/ Dispersant is a key product of Longchang Chemical. We provide the best price. We are the leading manufacturer in China with the best quality and competitive price.","og_url":"https:\/\/longchangchemical.com\/tr\/product\/agesin-dp-d242\/","og_site_name":"Longchang Chemical","article_modified_time":"2026-05-08T02:59:51+00:00","og_image":[{"width":1000,"height":1000,"url":"https:\/\/longchangchemical.com\/wp-content\/uploads\/2024\/02\/logo-jpeg.jpg","type":"image\/jpeg"}],"twitter_card":"summary_large_image","schema":{"@context":"https:\/\/schema.org","@graph":[{"@type":"WebPage","@id":"https:\/\/longchangchemical.com\/product\/agesin-dp-d242\/","url":"https:\/\/longchangchemical.com\/product\/agesin-dp-d242\/","name":"\u00c7in CHLUMICRYL\u00ae DP-D242 \/ Dispersant \u00dcreticisi - Longchang Chemical","isPartOf":{"@id":"https:\/\/longchangchemical.com\/#website"},"datePublished":"2023-03-16T14:53:29+00:00","dateModified":"2026-05-08T02:59:51+00:00","description":"CHLUMICRYL\u00ae DP-D242 \/ Dispersant, Longchang Chemical'\u0131n \u00f6nemli bir \u00fcr\u00fcn\u00fcd\u00fcr. En iyi fiyat\u0131 sa\u011fl\u0131yoruz. En iyi kalite ve rekabet\u00e7i fiyat ile \u00c7in'in \u00f6nde gelen \u00fcreticisiyiz.","breadcrumb":{"@id":"https:\/\/longchangchemical.com\/product\/agesin-dp-d242\/#breadcrumb"},"inLanguage":"tr","potentialAction":[{"@type":"ReadAction","target":["https:\/\/longchangchemical.com\/product\/agesin-dp-d242\/"]}]},{"@type":"BreadcrumbList","@id":"https:\/\/longchangchemical.com\/product\/agesin-dp-d242\/#breadcrumb","itemListElement":[{"@type":"ListItem","position":1,"name":"Home","item":"https:\/\/longchangchemical.com\/"},{"@type":"ListItem","position":2,"name":"Products Longchang","item":"https:\/\/longchangchemical.com\/product\/"},{"@type":"ListItem","position":3,"name":"CHLUMICRYL\u00ae DP-D242 \/ Dispersant"}]},{"@type":"WebSite","@id":"https:\/\/longchangchemical.com\/#website","url":"https:\/\/longchangchemical.com\/","name":"Longchang Kimya","description":"\u00c7in kimyasal \u00fcreticisi \uff06 tedarik\u00e7isi","publisher":{"@id":"https:\/\/longchangchemical.com\/#organization"},"potentialAction":[{"@type":"SearchAction","target":{"@type":"EntryPoint","urlTemplate":"https:\/\/longchangchemical.com\/?s={search_term_string}"},"query-input":{"@type":"PropertyValueSpecification","valueRequired":true,"valueName":"search_term_string"}}],"inLanguage":"tr"},{"@type":"Organization","@id":"https:\/\/longchangchemical.com\/#organization","name":"Longchang Kimya","url":"https:\/\/longchangchemical.com\/","logo":{"@type":"ImageObject","inLanguage":"tr","@id":"https:\/\/longchangchemical.com\/#\/schema\/logo\/image\/","url":"https:\/\/longchangchemical.com\/wp-content\/uploads\/2020\/08\/cropped-longchang-logo.png","contentUrl":"https:\/\/longchangchemical.com\/wp-content\/uploads\/2020\/08\/cropped-longchang-logo.png","width":512,"height":512,"caption":"Longchang Chemical"},"image":{"@id":"https:\/\/longchangchemical.com\/#\/schema\/logo\/image\/"}}]}},"_links":{"self":[{"href":"https:\/\/longchangchemical.com\/tr\/wp-json\/wp\/v2\/product\/5993","targetHints":{"allow":["GET"]}}],"collection":[{"href":"https:\/\/longchangchemical.com\/tr\/wp-json\/wp\/v2\/product"}],"about":[{"href":"https:\/\/longchangchemical.com\/tr\/wp-json\/wp\/v2\/types\/product"}],"replies":[{"embeddable":true,"href":"https:\/\/longchangchemical.com\/tr\/wp-json\/wp\/v2\/comments?post=5993"}],"wp:attachment":[{"href":"https:\/\/longchangchemical.com\/tr\/wp-json\/wp\/v2\/media?parent=5993"}],"wp:term":[{"taxonomy":"product_brand","embeddable":true,"href":"https:\/\/longchangchemical.com\/tr\/wp-json\/wp\/v2\/product_brand?post=5993"},{"taxonomy":"product_cat","embeddable":true,"href":"https:\/\/longchangchemical.com\/tr\/wp-json\/wp\/v2\/product_cat?post=5993"},{"taxonomy":"product_tag","embeddable":true,"href":"https:\/\/longchangchemical.com\/tr\/wp-json\/wp\/v2\/product_tag?post=5993"}],"curies":[{"name":"wp","href":"https:\/\/api.w.org\/{rel}","templated":true}]}}