{"id":5902,"date":"2023-02-08T10:48:42","date_gmt":"2023-02-08T10:48:42","guid":{"rendered":"https:\/\/longchangchemical.com\/?post_type=product&#038;p=5902"},"modified":"2026-05-08T02:59:50","modified_gmt":"2026-05-08T02:59:50","slug":"agesin-uv-d7700d-tego-rad-2700","status":"publish","type":"product","link":"https:\/\/longchangchemical.com\/tr\/product\/agesin-uv-d7700d-tego-rad-2700\/","title":{"rendered":"CHLUMICRYL\u00ae UV-D7700D \/ TEGO Rad 2700"},"content":{"rendered":"<h2>Akrilik fonksiyonel gruplu reaktif silikon katk\u0131 maddesi<\/h2>\n<table style=\"border-collapse: collapse; width: 316.52pt;\" border=\"0\" width=\"422\" cellspacing=\"0\" cellpadding=\"0\">\n<tbody>\n<tr style=\"height: 27.00pt;\">\n<td class=\"et2\" style=\"height: 27.00pt; width: 108.00pt;\" width=\"144\" height=\"36\">Kompozisyon<\/td>\n<td class=\"et2\" style=\"width: 208.50pt;\" width=\"278\">Akrilik asit fonksiyonel gruplu reaktif silikon katk\u0131 maddesi<\/td>\n<\/tr>\n<tr style=\"height: 27.00pt;\">\n<td class=\"et2\" style=\"height: 27.00pt; width: 108.00pt;\" width=\"144\" height=\"36\">G\u00f6r\u00fcn\u00fc\u015f<\/td>\n<td class=\"et2\" style=\"width: 208.50pt;\" width=\"278\">Hafif sar\u0131ms\u0131 ila sar\u0131ms\u0131 bulan\u0131k s\u0131v\u0131<\/td>\n<\/tr>\n<tr style=\"height: 13.50pt;\">\n<td class=\"et2\" style=\"height: 13.50pt; width: 108.00pt;\" width=\"144\" height=\"18\">Solvent<\/td>\n<td class=\"et2\" style=\"width: 208.50pt;\" width=\"278\">--<\/td>\n<\/tr>\n<tr style=\"height: 13.50pt;\">\n<td class=\"et2\" style=\"height: 13.50pt; width: 108.00pt;\" width=\"144\" height=\"18\">Yo\u011funluk<\/td>\n<td class=\"et2\" style=\"width: 208.50pt;\" width=\"278\">0,96-1,00 g\/ml (25\u00b11)\u2103<\/td>\n<\/tr>\n<tr style=\"height: 13.50pt;\">\n<td class=\"et2\" style=\"height: 13.50pt; width: 108.00pt;\" width=\"144\" height=\"18\">Viskozite<\/td>\n<td class=\"et2\" style=\"width: 208.50pt;\" width=\"278\">3000-10000 mPa-s<\/td>\n<\/tr>\n<tr style=\"height: 13.50pt;\">\n<td class=\"et2\" style=\"height: 13.50pt; width: 108.00pt;\" width=\"144\" height=\"18\"><\/td>\n<td class=\"et2\" style=\"width: 208.50pt;\" width=\"278\">(D\u00f6ner viskozimetre) (25\u00b10,2)\u2103<\/td>\n<\/tr>\n<tr style=\"height: 13.50pt;\">\n<td class=\"et2\" style=\"height: 13.50pt; width: 108.00pt;\" width=\"144\" height=\"18\">Aktif madde<\/td>\n<td class=\"et3\" style=\"width: 208.50pt;\" width=\"278\">100%<\/td>\n<\/tr>\n<tr style=\"height: 13.50pt;\">\n<td class=\"et2\" style=\"height: 13.50pt; width: 108.00pt;\" width=\"144\" height=\"18\">Parlama noktas\u0131<\/td>\n<td class=\"et2\" style=\"width: 208.50pt;\" width=\"278\">\uff1e100\u2103<\/td>\n<\/tr>\n<\/tbody>\n<\/table>\n<p>Not: Bu veri sayfas\u0131 standart de\u011fil tipik sonu\u00e7lar vermek \u00fczere haz\u0131rlanm\u0131\u015ft\u0131r ve COA'ya tabidir.<\/p>\n<p><strong>Uygulama sistemi<\/strong><br \/>\n1. TEGO Rad 2700 k\u00f6p\u00fck kesici\/ay\u0131r\u0131c\u0131\/kayd\u0131r\u0131c\u0131, \u00f6zellikle y\u00fcksek viskoziteli renkli m\u00fcrekkepler i\u00e7in uygun, k\u00f6p\u00fck kesici \u00f6zellikleri ile birlikte m\u00fckemmel ay\u0131rma etkisi ve kayma \u00f6zelli\u011fine sahip, y\u00fcksek oranda \u00e7apraz ba\u011fl\u0131 bir ay\u0131r\u0131c\u0131d\u0131r.<br \/>\n2. TEGO Rad 2700 Ay\u0131r\u0131c\u0131, son derece etkili bir radyasyon \u00e7apraz ba\u011flay\u0131c\u0131 kayma artt\u0131r\u0131c\u0131 ve s\u0131yr\u0131labilir katk\u0131 maddesidir. TEGO Rad 2700 tesviye ajan\u0131, radyasyonla k\u00fcrlenen tesviye ajan\u0131 form\u00fclasyonlar\u0131nda, \u00f6zellikle renkli vernik form\u00fclasyonlar\u0131, ofset m\u00fcrekkep tesviye ajanlar\u0131, serigrafi m\u00fcrekkep tesviye ajanlar\u0131 ve ayr\u0131ca radyasyonla k\u00fcrlenen bask\u0131 m\u00fcrekkepleri ve \u00fcst bask\u0131 p\u00fcr\u00fczs\u00fcz tesviye ajanlar\u0131 i\u00e7in uygundur.<br \/>\n<strong>M\u00fclkler<\/strong><br \/>\nRadyasyon reaktif silikon katk\u0131 maddesi. \u0130yi k\u00f6p\u00fck giderici. S\u00fcrt\u00fcnme katsay\u0131s\u0131n\u0131 belirgin \u015fekilde azalt\u0131r. M\u00fckemmel serbest b\u0131rakma kuvveti.<br \/>\n1. \u00d6zellikle renkli pasta sistemleri i\u00e7in uygundur<br \/>\n2. Etkili k\u00f6p\u00fck kesici<br \/>\n3. En y\u00fcksek sal\u0131n\u0131m ve kayma \u00f6zellikleri.<br \/>\n4. Radyasyonla k\u00fcrlenen form\u00fclasyonlar i\u00e7in y\u00fcksek \u00e7apraz ba\u011flanabilirlik.<br \/>\n5. Vernik form\u00fclasyonlar\u0131nda s\u0131n\u0131rl\u0131 kullan\u0131m i\u00e7in \u00f6zellikle uygundur.<br \/>\n6. Geli\u015ftirilmi\u015f \u00e7izilme direnci ve i\u015faretleyici direnci.<br \/>\n7. Ek kayma ve k\u00f6p\u00fck giderici etki<br \/>\n8. \u00c7ok iyi kayma, yap\u0131\u015fma\/s\u0131yr\u0131lma \u00f6nleyici etki, iyi k\u00f6p\u00fck giderici \u00f6zellikler.<br \/>\n<strong>\u015eirketle\u015fme<\/strong><br \/>\nKaplama sistemindeki ile ayn\u0131 \u00f6nceden seyreltilmi\u015f solvent ile eklenmesi kolayd\u0131r. Ekleme sonras\u0131 olarak eklenebilir.<br \/>\n<strong>Ekleme \u00f6nerisi<\/strong><br \/>\nToplam form\u00fclasyona ekleme 0.1-1.0%<br \/>\n<strong>Depolama kararl\u0131l\u0131\u011f\u0131<\/strong><br \/>\nOrijinal ambalaj\u0131nda 24 ay bozulmadan saklay\u0131n\u0131z. Saklama s\u00fcresini a\u015fan \u00fcr\u00fcnler kontrol edildikten sonra kullan\u0131lmaya devam edilebilir. Kap, kullan\u0131mdan hemen sonra kapat\u0131lmal\u0131d\u0131r.<\/p>\n<p><strong>Tavsiye ba\u015fvurusu<\/strong><\/p>\n<table style=\"border-collapse: collapse; width: 138.03pt;\" border=\"0\" width=\"184\" cellspacing=\"0\" cellpadding=\"0\">\n<tbody>\n<tr style=\"height: 13.50pt;\">\n<td class=\"et2\" style=\"height: 13.50pt; width: 84.00pt;\" width=\"112\" height=\"18\">Hareketlilik<\/td>\n<td class=\"et2\" style=\"width: 54.00pt;\" width=\"72\">0<\/td>\n<\/tr>\n<tr style=\"height: 13.50pt;\">\n<td class=\"et2\" style=\"height: 13.50pt; width: 84.00pt;\" width=\"112\" height=\"18\">Kayma<\/td>\n<td class=\"et2\" style=\"width: 54.00pt;\" width=\"72\">5<\/td>\n<\/tr>\n<tr style=\"height: 40.50pt;\">\n<td class=\"et2\" style=\"height: 40.50pt; width: 84.00pt;\" width=\"112\" height=\"54\">\u00c7ubuk direnci<\/td>\n<td class=\"et2\" style=\"width: 54.00pt;\" width=\"72\">4<\/td>\n<\/tr>\n<tr style=\"height: 40.50pt;\">\n<td class=\"et2\" style=\"height: 40.50pt; width: 84.00pt;\" width=\"112\" height=\"54\">Madde \u0131slatma<\/td>\n<td class=\"et2\" style=\"width: 54.00pt;\" width=\"72\">0<\/td>\n<\/tr>\n<tr style=\"height: 27.00pt;\">\n<td class=\"et2\" style=\"height: 27.00pt; width: 84.00pt;\" width=\"112\" height=\"36\">K\u00f6p\u00fck giderici<\/td>\n<td class=\"et2\" style=\"width: 54.00pt;\" width=\"72\">5<\/td>\n<\/tr>\n<\/tbody>\n<\/table>\n<p>0=mevcut de\u011fil 5=\u00e7ok etkili<\/p>\n<p><strong>paket<\/strong><br \/>\n25KG \/ 180KG<\/p>\n<p><strong><b>Depolama:<\/b><\/strong><\/p>\n<div>\n<p>Kuru, temiz ve iyi havaland\u0131r\u0131lan bir depoda muhafaza edilecektir.<\/p>\n<p>I\u015f\u0131\u011fa ve \u0131s\u0131ya maruz b\u0131rakmaktan ka\u00e7\u0131n\u0131n.<\/p>\n<p>\u00dcr\u00fcn\u00fc nakliye s\u0131ras\u0131nda s\u0131z\u0131nt\u0131, ya\u011fmur ve g\u00fcne\u015ften korumak.<\/p>\n<\/div>\n<h2><strong><b>\u015eimdi Bize Ula\u015f\u0131n!<\/b><\/strong><\/h2>\n<h4><strong><b>COA, MSDS veya TDS'ye ihtiyac\u0131n\u0131z varsa, l\u00fctfen a\u015fa\u011f\u0131daki forma ileti\u015fim bilgilerinizi girin, genellikle 24 saat i\u00e7inde sizinle ileti\u015fime ge\u00e7ece\u011fiz. Bana e-posta da g\u00f6nderebilirsiniz<span style=\"color: #00ccff;\"> <a style=\"color: #00ccff;\" href=\"mailto:info@longchangchemical.com\">info@longchangchemical.com<\/a><\/span> \u00c7al\u0131\u015fma saatleri i\u00e7inde (8:30 - 6:00 UTC+8 Pzt.~Sat.) veya h\u0131zl\u0131 yan\u0131t almak i\u00e7in web sitesi canl\u0131 sohbetini kullan\u0131n.<\/b><\/strong><\/h4>","protected":false},"excerpt":{"rendered":"<p>\u00dcr\u00fcn tan\u0131m\u0131: Akrilik asit fonksiyonel gruplu reaktif silikon katk\u0131 maddesi<\/p>\n<p>\u00dcr\u00fcn Numaras\u0131: UV-D7700d<\/p>\n<p>Tamamen de\u011fi\u015ftirildi - TEGO Rad 2700<\/p>\n<p>G\u00f6r\u00fcn\u00fc\u015f: Hafif sar\u0131ms\u0131 ila sar\u0131ms\u0131 bulan\u0131k s\u0131v\u0131<\/p>\n<p>Viskozite: 3000-10000 mPa-s<\/p>\n<p>Paket: 25KG veya 180KG\/davul<\/p>","protected":false},"featured_media":3099,"comment_status":"closed","ping_status":"closed","template":"","meta":[],"product_brand":[],"product_cat":[138],"product_tag":[],"class_list":{"0":"post-5902","1":"product","2":"type-product","3":"status-publish","4":"has-post-thumbnail","6":"product_cat-coating-and-ink-additives","8":"first","9":"instock","10":"shipping-taxable","11":"product-type-simple"},"yoast_head":"<!-- This site is optimized with the Yoast SEO plugin v25.3.1 - https:\/\/yoast.com\/wordpress\/plugins\/seo\/ -->\n<title>TEGO Rad 2700 Manufacturer \/ Acrylic Reactive Silicone Additives - Longchang Chemical<\/title>\n<meta name=\"description\" content=\"UV-D7700D is Reactive silicon additive with acrylic functional group-Silicone polyether acrylate with crosslinked free radical,can Completely replaced- TEGO Rad 2700,BYK-UV3510; We are the leading coating and Ink addtives - Surface Additives, Substrate Wetting Agents, Wetting and Dispersing Additives, Defoamers, Leveling Agents, Adhesion Additives and Anti-Graffiti Additives manufacturer and supplier in China with the best quanlity and competitive price.\" \/>\n<meta name=\"robots\" content=\"index, follow, max-snippet:-1, max-image-preview:large, max-video-preview:-1\" \/>\n<link rel=\"canonical\" href=\"https:\/\/longchangchemical.com\/tr\/product\/agesin-uv-d7700d-tego-rad-2700\/\" \/>\n<meta property=\"og:locale\" content=\"tr_TR\" \/>\n<meta property=\"og:type\" content=\"article\" \/>\n<meta property=\"og:title\" content=\"TEGO Rad 2700 Manufacturer \/ Acrylic Reactive Silicone Additives - Longchang Chemical\" \/>\n<meta property=\"og:description\" content=\"UV-D7700D is Reactive silicon additive with acrylic functional group-Silicone polyether acrylate with crosslinked free radical,can Completely replaced- TEGO Rad 2700,BYK-UV3510; We are the leading coating and Ink addtives - Surface Additives, Substrate Wetting Agents, Wetting and Dispersing Additives, Defoamers, Leveling Agents, Adhesion Additives and Anti-Graffiti Additives manufacturer and supplier in China with the best quanlity and competitive price.\" \/>\n<meta property=\"og:url\" content=\"https:\/\/longchangchemical.com\/tr\/product\/agesin-uv-d7700d-tego-rad-2700\/\" \/>\n<meta property=\"og:site_name\" content=\"Longchang Chemical\" \/>\n<meta property=\"article:modified_time\" content=\"2026-05-08T02:59:50+00:00\" \/>\n<meta property=\"og:image\" content=\"https:\/\/longchangchemical.com\/wp-content\/uploads\/2020\/09\/dts1MrvOTESVXEVAphlu7w.jpg\" \/>\n\t<meta property=\"og:image:width\" content=\"722\" \/>\n\t<meta property=\"og:image:height\" content=\"325\" \/>\n\t<meta property=\"og:image:type\" content=\"image\/jpeg\" \/>\n<meta name=\"twitter:card\" content=\"summary_large_image\" \/>\n<script type=\"application\/ld+json\" class=\"yoast-schema-graph\">{\"@context\":\"https:\/\/schema.org\",\"@graph\":[{\"@type\":\"WebPage\",\"@id\":\"https:\/\/longchangchemical.com\/product\/agesin-uv-d7700d-tego-rad-2700\/\",\"url\":\"https:\/\/longchangchemical.com\/product\/agesin-uv-d7700d-tego-rad-2700\/\",\"name\":\"TEGO Rad 2700 Manufacturer \/ Acrylic Reactive Silicone Additives - Longchang Chemical\",\"isPartOf\":{\"@id\":\"https:\/\/longchangchemical.com\/#website\"},\"primaryImageOfPage\":{\"@id\":\"https:\/\/longchangchemical.com\/product\/agesin-uv-d7700d-tego-rad-2700\/#primaryimage\"},\"image\":{\"@id\":\"https:\/\/longchangchemical.com\/product\/agesin-uv-d7700d-tego-rad-2700\/#primaryimage\"},\"thumbnailUrl\":\"https:\/\/longchangchemical.com\/wp-content\/uploads\/2020\/09\/dts1MrvOTESVXEVAphlu7w.jpg\",\"datePublished\":\"2023-02-08T10:48:42+00:00\",\"dateModified\":\"2026-05-08T02:59:50+00:00\",\"description\":\"UV-D7700D is Reactive silicon additive with acrylic functional group-Silicone polyether acrylate with crosslinked free radical,can Completely replaced- TEGO Rad 2700,BYK-UV3510; We are the leading coating and Ink addtives - Surface Additives, Substrate Wetting Agents, Wetting and Dispersing Additives, Defoamers, Leveling Agents, Adhesion Additives and Anti-Graffiti Additives manufacturer and supplier in China with the best quanlity and competitive price.\",\"breadcrumb\":{\"@id\":\"https:\/\/longchangchemical.com\/product\/agesin-uv-d7700d-tego-rad-2700\/#breadcrumb\"},\"inLanguage\":\"tr\",\"potentialAction\":[{\"@type\":\"ReadAction\",\"target\":[\"https:\/\/longchangchemical.com\/product\/agesin-uv-d7700d-tego-rad-2700\/\"]}]},{\"@type\":\"ImageObject\",\"inLanguage\":\"tr\",\"@id\":\"https:\/\/longchangchemical.com\/product\/agesin-uv-d7700d-tego-rad-2700\/#primaryimage\",\"url\":\"https:\/\/longchangchemical.com\/wp-content\/uploads\/2020\/09\/dts1MrvOTESVXEVAphlu7w.jpg\",\"contentUrl\":\"https:\/\/longchangchemical.com\/wp-content\/uploads\/2020\/09\/dts1MrvOTESVXEVAphlu7w.jpg\",\"width\":722,\"height\":325,\"caption\":\"about longchang\"},{\"@type\":\"BreadcrumbList\",\"@id\":\"https:\/\/longchangchemical.com\/product\/agesin-uv-d7700d-tego-rad-2700\/#breadcrumb\",\"itemListElement\":[{\"@type\":\"ListItem\",\"position\":1,\"name\":\"Home\",\"item\":\"https:\/\/longchangchemical.com\/\"},{\"@type\":\"ListItem\",\"position\":2,\"name\":\"Products Longchang\",\"item\":\"https:\/\/longchangchemical.com\/product\/\"},{\"@type\":\"ListItem\",\"position\":3,\"name\":\"CHLUMICRYL\u00ae UV-D7700D \/ TEGO Rad 2700\"}]},{\"@type\":\"WebSite\",\"@id\":\"https:\/\/longchangchemical.com\/#website\",\"url\":\"https:\/\/longchangchemical.com\/\",\"name\":\"Longchang Chemical\",\"description\":\"China chemical manufacturer \uff06 supplier\",\"publisher\":{\"@id\":\"https:\/\/longchangchemical.com\/#organization\"},\"potentialAction\":[{\"@type\":\"SearchAction\",\"target\":{\"@type\":\"EntryPoint\",\"urlTemplate\":\"https:\/\/longchangchemical.com\/?s={search_term_string}\"},\"query-input\":{\"@type\":\"PropertyValueSpecification\",\"valueRequired\":true,\"valueName\":\"search_term_string\"}}],\"inLanguage\":\"tr\"},{\"@type\":\"Organization\",\"@id\":\"https:\/\/longchangchemical.com\/#organization\",\"name\":\"Longchang Chemical\",\"url\":\"https:\/\/longchangchemical.com\/\",\"logo\":{\"@type\":\"ImageObject\",\"inLanguage\":\"tr\",\"@id\":\"https:\/\/longchangchemical.com\/#\/schema\/logo\/image\/\",\"url\":\"https:\/\/longchangchemical.com\/wp-content\/uploads\/2020\/08\/cropped-longchang-logo.png\",\"contentUrl\":\"https:\/\/longchangchemical.com\/wp-content\/uploads\/2020\/08\/cropped-longchang-logo.png\",\"width\":512,\"height\":512,\"caption\":\"Longchang Chemical\"},\"image\":{\"@id\":\"https:\/\/longchangchemical.com\/#\/schema\/logo\/image\/\"}}]}<\/script>\n<!-- \/ Yoast SEO plugin. -->","yoast_head_json":{"title":"TEGO Rad 2700 \u00dcretici \/ Akrilik Reaktif Silikon Katk\u0131 Maddeleri - Longchang Chemical","description":"UV-D7700D, akrilik fonksiyonel gruplu Reaktif silikon katk\u0131 maddesidir - \u00c7apraz ba\u011fl\u0131 serbest radikalli silikon polieter akrilat, Tamamen de\u011fi\u015ftirilebilir - TEGO Rad 2700, BYK-UV3510; \u00d6nde gelen kaplama ve M\u00fcrekkep katk\u0131 maddeleriyiz - Y\u00fczey Katk\u0131 Maddeleri, Y\u00fczey Islatma Maddeleri, Islatma ve Dispersiyon Katk\u0131 Maddeleri, K\u00f6p\u00fck Gidericiler, Tesviye Maddeleri, Yap\u0131\u015fma Katk\u0131 Maddeleri ve Anti-Graffiti Katk\u0131 Maddeleri \u00fcreticisi ve tedarik\u00e7isi \u00c7in'de en iyi kalite ve rekabet\u00e7i fiyat ile.","robots":{"index":"index","follow":"follow","max-snippet":"max-snippet:-1","max-image-preview":"max-image-preview:large","max-video-preview":"max-video-preview:-1"},"canonical":"https:\/\/longchangchemical.com\/tr\/product\/agesin-uv-d7700d-tego-rad-2700\/","og_locale":"tr_TR","og_type":"article","og_title":"TEGO Rad 2700 Manufacturer \/ Acrylic Reactive Silicone Additives - Longchang Chemical","og_description":"UV-D7700D is Reactive silicon additive with acrylic functional group-Silicone polyether acrylate with crosslinked free radical,can Completely replaced- TEGO Rad 2700,BYK-UV3510; We are the leading coating and Ink addtives - Surface Additives, Substrate Wetting Agents, Wetting and Dispersing Additives, Defoamers, Leveling Agents, Adhesion Additives and Anti-Graffiti Additives manufacturer and supplier in China with the best quanlity and competitive price.","og_url":"https:\/\/longchangchemical.com\/tr\/product\/agesin-uv-d7700d-tego-rad-2700\/","og_site_name":"Longchang Chemical","article_modified_time":"2026-05-08T02:59:50+00:00","og_image":[{"width":722,"height":325,"url":"https:\/\/longchangchemical.com\/wp-content\/uploads\/2020\/09\/dts1MrvOTESVXEVAphlu7w.jpg","type":"image\/jpeg"}],"twitter_card":"summary_large_image","schema":{"@context":"https:\/\/schema.org","@graph":[{"@type":"WebPage","@id":"https:\/\/longchangchemical.com\/product\/agesin-uv-d7700d-tego-rad-2700\/","url":"https:\/\/longchangchemical.com\/product\/agesin-uv-d7700d-tego-rad-2700\/","name":"TEGO Rad 2700 \u00dcretici \/ Akrilik Reaktif Silikon Katk\u0131 Maddeleri - Longchang Chemical","isPartOf":{"@id":"https:\/\/longchangchemical.com\/#website"},"primaryImageOfPage":{"@id":"https:\/\/longchangchemical.com\/product\/agesin-uv-d7700d-tego-rad-2700\/#primaryimage"},"image":{"@id":"https:\/\/longchangchemical.com\/product\/agesin-uv-d7700d-tego-rad-2700\/#primaryimage"},"thumbnailUrl":"https:\/\/longchangchemical.com\/wp-content\/uploads\/2020\/09\/dts1MrvOTESVXEVAphlu7w.jpg","datePublished":"2023-02-08T10:48:42+00:00","dateModified":"2026-05-08T02:59:50+00:00","description":"UV-D7700D, akrilik fonksiyonel gruplu Reaktif silikon katk\u0131 maddesidir - \u00c7apraz ba\u011fl\u0131 serbest radikalli silikon polieter akrilat, Tamamen de\u011fi\u015ftirilebilir - TEGO Rad 2700, BYK-UV3510; \u00d6nde gelen kaplama ve M\u00fcrekkep katk\u0131 maddeleriyiz - Y\u00fczey Katk\u0131 Maddeleri, Y\u00fczey Islatma Maddeleri, Islatma ve Dispersiyon Katk\u0131 Maddeleri, K\u00f6p\u00fck Gidericiler, Tesviye Maddeleri, Yap\u0131\u015fma Katk\u0131 Maddeleri ve Anti-Graffiti Katk\u0131 Maddeleri \u00fcreticisi ve tedarik\u00e7isi \u00c7in'de en iyi kalite ve rekabet\u00e7i fiyat ile.","breadcrumb":{"@id":"https:\/\/longchangchemical.com\/product\/agesin-uv-d7700d-tego-rad-2700\/#breadcrumb"},"inLanguage":"tr","potentialAction":[{"@type":"ReadAction","target":["https:\/\/longchangchemical.com\/product\/agesin-uv-d7700d-tego-rad-2700\/"]}]},{"@type":"ImageObject","inLanguage":"tr","@id":"https:\/\/longchangchemical.com\/product\/agesin-uv-d7700d-tego-rad-2700\/#primaryimage","url":"https:\/\/longchangchemical.com\/wp-content\/uploads\/2020\/09\/dts1MrvOTESVXEVAphlu7w.jpg","contentUrl":"https:\/\/longchangchemical.com\/wp-content\/uploads\/2020\/09\/dts1MrvOTESVXEVAphlu7w.jpg","width":722,"height":325,"caption":"about longchang"},{"@type":"BreadcrumbList","@id":"https:\/\/longchangchemical.com\/product\/agesin-uv-d7700d-tego-rad-2700\/#breadcrumb","itemListElement":[{"@type":"ListItem","position":1,"name":"Home","item":"https:\/\/longchangchemical.com\/"},{"@type":"ListItem","position":2,"name":"Products Longchang","item":"https:\/\/longchangchemical.com\/product\/"},{"@type":"ListItem","position":3,"name":"CHLUMICRYL\u00ae UV-D7700D \/ TEGO Rad 2700"}]},{"@type":"WebSite","@id":"https:\/\/longchangchemical.com\/#website","url":"https:\/\/longchangchemical.com\/","name":"Longchang Kimya","description":"\u00c7in kimyasal \u00fcreticisi \uff06 tedarik\u00e7isi","publisher":{"@id":"https:\/\/longchangchemical.com\/#organization"},"potentialAction":[{"@type":"SearchAction","target":{"@type":"EntryPoint","urlTemplate":"https:\/\/longchangchemical.com\/?s={search_term_string}"},"query-input":{"@type":"PropertyValueSpecification","valueRequired":true,"valueName":"search_term_string"}}],"inLanguage":"tr"},{"@type":"Organization","@id":"https:\/\/longchangchemical.com\/#organization","name":"Longchang Kimya","url":"https:\/\/longchangchemical.com\/","logo":{"@type":"ImageObject","inLanguage":"tr","@id":"https:\/\/longchangchemical.com\/#\/schema\/logo\/image\/","url":"https:\/\/longchangchemical.com\/wp-content\/uploads\/2020\/08\/cropped-longchang-logo.png","contentUrl":"https:\/\/longchangchemical.com\/wp-content\/uploads\/2020\/08\/cropped-longchang-logo.png","width":512,"height":512,"caption":"Longchang Chemical"},"image":{"@id":"https:\/\/longchangchemical.com\/#\/schema\/logo\/image\/"}}]}},"_links":{"self":[{"href":"https:\/\/longchangchemical.com\/tr\/wp-json\/wp\/v2\/product\/5902","targetHints":{"allow":["GET"]}}],"collection":[{"href":"https:\/\/longchangchemical.com\/tr\/wp-json\/wp\/v2\/product"}],"about":[{"href":"https:\/\/longchangchemical.com\/tr\/wp-json\/wp\/v2\/types\/product"}],"replies":[{"embeddable":true,"href":"https:\/\/longchangchemical.com\/tr\/wp-json\/wp\/v2\/comments?post=5902"}],"wp:featuredmedia":[{"embeddable":true,"href":"https:\/\/longchangchemical.com\/tr\/wp-json\/wp\/v2\/media\/3099"}],"wp:attachment":[{"href":"https:\/\/longchangchemical.com\/tr\/wp-json\/wp\/v2\/media?parent=5902"}],"wp:term":[{"taxonomy":"product_brand","embeddable":true,"href":"https:\/\/longchangchemical.com\/tr\/wp-json\/wp\/v2\/product_brand?post=5902"},{"taxonomy":"product_cat","embeddable":true,"href":"https:\/\/longchangchemical.com\/tr\/wp-json\/wp\/v2\/product_cat?post=5902"},{"taxonomy":"product_tag","embeddable":true,"href":"https:\/\/longchangchemical.com\/tr\/wp-json\/wp\/v2\/product_tag?post=5902"}],"curies":[{"name":"wp","href":"https:\/\/api.w.org\/{rel}","templated":true}]}}