{"id":5893,"date":"2023-02-04T02:19:49","date_gmt":"2023-02-04T02:19:49","guid":{"rendered":"https:\/\/longchangchemical.com\/?post_type=product&#038;p=5893"},"modified":"2025-04-01T07:11:08","modified_gmt":"2025-04-01T07:11:08","slug":"agesin-df-d9202-defoamer","status":"publish","type":"product","link":"https:\/\/longchangchemical.com\/tr\/product\/agesin-df-d9202-defoamer\/","title":{"rendered":"CHLUMICRYL\u00ae DF-D9202 \/ K\u00f6p\u00fck Kesici"},"content":{"rendered":"<h1><strong> DF-D9202 \/ K\u00f6p\u00fck Kesici<\/strong><\/h1>\n<table style=\"border-collapse: collapse; width: 212.28pt;\" border=\"0\" width=\"283\" cellspacing=\"0\" cellpadding=\"0\">\n<tbody>\n<tr style=\"height: 13.50pt;\">\n<td class=\"et2\" style=\"height: 13.50pt; width: 72.00pt;\" width=\"96\" height=\"18\">Kompozisyon<\/td>\n<td class=\"et2\" style=\"width: 140.25pt;\" width=\"187\">Modifiye Polisiloksan<\/td>\n<\/tr>\n<tr style=\"height: 13.50pt;\">\n<td class=\"et2\" style=\"height: 13.50pt; width: 72.00pt;\" width=\"96\" height=\"18\">G\u00f6r\u00fcn\u00fc\u015f<\/td>\n<td class=\"et2\" style=\"width: 140.25pt;\" width=\"187\">Berrak s\u0131v\u0131<\/td>\n<\/tr>\n<tr style=\"height: 13.50pt;\">\n<td class=\"et2\" style=\"height: 13.50pt; width: 72.00pt;\" width=\"96\" height=\"18\">Solvent<\/td>\n<td class=\"et2\" style=\"width: 140.25pt;\" width=\"187\">&#8212;<\/td>\n<\/tr>\n<tr style=\"height: 13.50pt;\">\n<td class=\"et2\" style=\"height: 13.50pt; width: 72.00pt;\" width=\"96\" height=\"18\">Yo\u011funluk<\/td>\n<td class=\"et2\" style=\"width: 140.25pt;\" width=\"187\">0,96-1,00 g\/ml (25\u00b11)\u2103<\/td>\n<\/tr>\n<tr style=\"height: 24.00pt;\">\n<td class=\"et2\" style=\"height: 24.00pt; width: 72.00pt;\" width=\"96\" height=\"32\">Viskozite<\/td>\n<td class=\"et2\" style=\"width: 140.25pt;\" width=\"187\">5-50 sn (kaplamal\u0131-4 kap y\u00f6ntemi) (25\u00b10,2)\u00b0C<\/td>\n<\/tr>\n<tr style=\"height: 36.00pt;\">\n<td class=\"et2\" style=\"height: 36.00pt; width: 72.00pt;\" width=\"96\" height=\"48\">Aktif madde i\u00e7eri\u011fi<\/td>\n<td class=\"et3\" style=\"width: 140.25pt;\" width=\"187\">100%<\/td>\n<\/tr>\n<tr style=\"height: 13.50pt;\">\n<td class=\"et2\" style=\"height: 13.50pt; width: 72.00pt;\" width=\"96\" height=\"18\">Parlama noktas\u0131<\/td>\n<td class=\"et2\" style=\"width: 140.25pt;\" width=\"187\">&gt;100\u2103<\/td>\n<\/tr>\n<\/tbody>\n<\/table>\n<h2><strong>Uygulama Alanlar\u0131<\/strong><\/h2>\n<p>UV k\u00fcrleme sistemleri<\/p>\n<h2><strong>Temel \u00f6zellikler<\/strong><\/h2>\n<p>1\u3001M\u00fckemmel k\u00f6p\u00fck \u00f6nleme.<br \/>\n2\u3001M\u00fckemmel k\u00f6p\u00fck giderici.<br \/>\n3\u3001Silindir kaplama yap\u0131m\u0131nda m\u00fckemmel k\u00f6p\u00fck giderici etki.<br \/>\n4\u3001UV mat boyada m\u00fckemmel k\u00f6p\u00fck giderici etki.<br \/>\n5\u3001Parlak UV sisteminde, l\u00fctfen boya uyumlulu\u011funu de\u011ferlendirin.<br \/>\n6\u3001\u0130yi kayma \u00f6zelli\u011fi.<\/p>\n<h2><strong>Kullan\u0131m y\u00f6ntemi<\/strong><\/h2>\n<p>Kaplama m\u00fcrekkep sisteminin \u00e7\u00f6z\u00fcc\u00fcs\u00fc ile \u00f6nceden seyreltilir ve daha sonra kolay kar\u0131\u015f\u0131ma eklenir, daha sonra eklenebilir.<\/p>\n<p>\u00d6nerilen dozaj<\/p>\n<p>Ekleme miktar\u0131 (toplam form\u00fcl) 0.1-1.0%<\/p>\n<p>Depolama kararl\u0131l\u0131\u011f\u0131<\/p>\n<p>A\u00e7\u0131lmam\u0131\u015f orijinal ambalaj\u0131nda 24 ay. Depolama s\u00fcresi a\u015f\u0131ld\u0131ktan sonra \u00fcr\u00fcn muayeneden ge\u00e7tikten sonra kullan\u0131lmaya devam edilebilir. Kap tamamen bo\u015falmadan \u00f6nce, kullan\u0131mdan hemen sonra s\u0131k\u0131ca kapat\u0131lmal\u0131d\u0131r.<\/p>\n<h2><strong>Paket<\/strong><\/h2>\n<p>25KG \/ 180KG.<\/p>\n<h2><strong><b>\u015eimdi Bize Ula\u015f\u0131n!<\/b><\/strong><\/h2>\n<h4><strong><b>COA, MSDS veya TDS'ye ihtiyac\u0131n\u0131z varsa, l\u00fctfen a\u015fa\u011f\u0131daki forma ileti\u015fim bilgilerinizi girin, genellikle 24 saat i\u00e7inde sizinle ileti\u015fime ge\u00e7ece\u011fiz. Bana e-posta da g\u00f6nderebilirsiniz<span style=\"color: #00ccff;\"> <a style=\"color: #00ccff;\" href=\"mailto:info@longchangchemical.com\">info@longchangchemical.com<\/a><\/span> \u00c7al\u0131\u015fma saatleri i\u00e7inde (8:30 - 6:00 UTC+8 Pzt.~Sat.) veya h\u0131zl\u0131 yan\u0131t almak i\u00e7in web sitesi canl\u0131 sohbetini kullan\u0131n.<\/b><\/strong><\/h4>\n<p>&nbsp;<\/p>","protected":false},"excerpt":{"rendered":"<p>DF-D9202 \/ K\u00f6p\u00fck Kesici Bile\u015fim Modifiye Polisiloksan G\u00f6r\u00fcn\u00fcm Berrak s\u0131v\u0131 \u00c7\u00f6z\u00fcc\u00fc - Yo\u011funluk 0,96-1,00 g\/ml (25\u00b11)\u2103 Viskozite 5-50 s (kaplanm\u0131\u015f-4 kap y\u00f6ntemi) (25\u00b10,2)\u00b0C Aktif madde i\u00e7eri\u011fi 100% Parlama noktas\u0131 &gt;100 \u2103 Uygulama Alanlar\u0131 UV k\u00fcrleme sistemleri Ana \u00f6zellikler 1\u3001M\u00fckemmel k\u00f6p\u00fck \u00f6nleme. 2\u3001M\u00fckemmel k\u00f6p\u00fck giderme. 3 \u3001 Rulo kaplama yap\u0131m\u0131nda m\u00fckemmel k\u00f6p\u00fck giderme etkisi. 4\u3001UV mat boyada m\u00fckemmel k\u00f6p\u00fck giderici etki. [...]<\/p>","protected":false},"featured_media":5894,"comment_status":"closed","ping_status":"closed","template":"","meta":[],"product_brand":[],"product_cat":[138],"product_tag":[],"class_list":{"0":"post-5893","1":"product","2":"type-product","3":"status-publish","4":"has-post-thumbnail","6":"product_cat-coating-and-ink-additives","8":"first","9":"instock","10":"shipping-taxable","11":"product-type-simple"},"yoast_head":"<!-- This site is optimized with the Yoast SEO plugin v25.3.1 - https:\/\/yoast.com\/wordpress\/plugins\/seo\/ -->\n<title>China CHLUMICRYL\u00ae DF-D9202 \/ Defoamer Manufacturer - Longchang Chemical<\/title>\n<meta name=\"description\" content=\"CHLUMICRYL\u00ae DF-D9202 \/ Defoamer is a key product of Longchang Chemical. We provide the best price. We are the leading manufacturer in China with the best quality and competitive price.\" \/>\n<meta name=\"robots\" content=\"index, follow, max-snippet:-1, max-image-preview:large, max-video-preview:-1\" \/>\n<link rel=\"canonical\" href=\"https:\/\/longchangchemical.com\/tr\/product\/agesin-df-d9202-defoamer\/\" \/>\n<meta property=\"og:locale\" content=\"tr_TR\" \/>\n<meta property=\"og:type\" content=\"article\" \/>\n<meta property=\"og:title\" content=\"China CHLUMICRYL\u00ae DF-D9202 \/ Defoamer Manufacturer - Longchang Chemical\" \/>\n<meta property=\"og:description\" content=\"CHLUMICRYL\u00ae DF-D9202 \/ Defoamer is a key product of Longchang Chemical. We provide the best price. We are the leading manufacturer in China with the best quality and competitive price.\" \/>\n<meta property=\"og:url\" content=\"https:\/\/longchangchemical.com\/tr\/product\/agesin-df-d9202-defoamer\/\" \/>\n<meta property=\"og:site_name\" content=\"Longchang Chemical\" \/>\n<meta property=\"article:modified_time\" content=\"2025-04-01T07:11:08+00:00\" \/>\n<meta property=\"og:image\" content=\"https:\/\/longchangchemical.com\/wp-content\/uploads\/2023\/02\/-WE-D9202.jpg\" \/>\n\t<meta property=\"og:image:width\" content=\"800\" \/>\n\t<meta property=\"og:image:height\" content=\"800\" \/>\n\t<meta property=\"og:image:type\" content=\"image\/jpeg\" \/>\n<meta name=\"twitter:card\" content=\"summary_large_image\" \/>\n<script type=\"application\/ld+json\" class=\"yoast-schema-graph\">{\"@context\":\"https:\/\/schema.org\",\"@graph\":[{\"@type\":\"WebPage\",\"@id\":\"https:\/\/longchangchemical.com\/product\/agesin-df-d9202-defoamer\/\",\"url\":\"https:\/\/longchangchemical.com\/product\/agesin-df-d9202-defoamer\/\",\"name\":\"China CHLUMICRYL\u00ae DF-D9202 \/ Defoamer Manufacturer - Longchang Chemical\",\"isPartOf\":{\"@id\":\"https:\/\/longchangchemical.com\/#website\"},\"primaryImageOfPage\":{\"@id\":\"https:\/\/longchangchemical.com\/product\/agesin-df-d9202-defoamer\/#primaryimage\"},\"image\":{\"@id\":\"https:\/\/longchangchemical.com\/product\/agesin-df-d9202-defoamer\/#primaryimage\"},\"thumbnailUrl\":\"https:\/\/longchangchemical.com\/wp-content\/uploads\/2023\/02\/-WE-D9202.jpg\",\"datePublished\":\"2023-02-04T02:19:49+00:00\",\"dateModified\":\"2025-04-01T07:11:08+00:00\",\"description\":\"CHLUMICRYL\u00ae DF-D9202 \/ Defoamer is a key product of Longchang Chemical. We provide the best price. We are the leading manufacturer in China with the best quality and competitive price.\",\"breadcrumb\":{\"@id\":\"https:\/\/longchangchemical.com\/product\/agesin-df-d9202-defoamer\/#breadcrumb\"},\"inLanguage\":\"tr\",\"potentialAction\":[{\"@type\":\"ReadAction\",\"target\":[\"https:\/\/longchangchemical.com\/product\/agesin-df-d9202-defoamer\/\"]}]},{\"@type\":\"ImageObject\",\"inLanguage\":\"tr\",\"@id\":\"https:\/\/longchangchemical.com\/product\/agesin-df-d9202-defoamer\/#primaryimage\",\"url\":\"https:\/\/longchangchemical.com\/wp-content\/uploads\/2023\/02\/-WE-D9202.jpg\",\"contentUrl\":\"https:\/\/longchangchemical.com\/wp-content\/uploads\/2023\/02\/-WE-D9202.jpg\",\"width\":800,\"height\":800},{\"@type\":\"BreadcrumbList\",\"@id\":\"https:\/\/longchangchemical.com\/product\/agesin-df-d9202-defoamer\/#breadcrumb\",\"itemListElement\":[{\"@type\":\"ListItem\",\"position\":1,\"name\":\"Home\",\"item\":\"https:\/\/longchangchemical.com\/\"},{\"@type\":\"ListItem\",\"position\":2,\"name\":\"Products Longchang\",\"item\":\"https:\/\/longchangchemical.com\/product\/\"},{\"@type\":\"ListItem\",\"position\":3,\"name\":\"CHLUMICRYL\u00ae DF-D9202 \/ Defoamer\"}]},{\"@type\":\"WebSite\",\"@id\":\"https:\/\/longchangchemical.com\/#website\",\"url\":\"https:\/\/longchangchemical.com\/\",\"name\":\"Longchang Chemical\",\"description\":\"China chemical manufacturer \uff06 supplier\",\"publisher\":{\"@id\":\"https:\/\/longchangchemical.com\/#organization\"},\"potentialAction\":[{\"@type\":\"SearchAction\",\"target\":{\"@type\":\"EntryPoint\",\"urlTemplate\":\"https:\/\/longchangchemical.com\/?s={search_term_string}\"},\"query-input\":{\"@type\":\"PropertyValueSpecification\",\"valueRequired\":true,\"valueName\":\"search_term_string\"}}],\"inLanguage\":\"tr\"},{\"@type\":\"Organization\",\"@id\":\"https:\/\/longchangchemical.com\/#organization\",\"name\":\"Longchang Chemical\",\"url\":\"https:\/\/longchangchemical.com\/\",\"logo\":{\"@type\":\"ImageObject\",\"inLanguage\":\"tr\",\"@id\":\"https:\/\/longchangchemical.com\/#\/schema\/logo\/image\/\",\"url\":\"https:\/\/longchangchemical.com\/wp-content\/uploads\/2020\/08\/cropped-longchang-logo.png\",\"contentUrl\":\"https:\/\/longchangchemical.com\/wp-content\/uploads\/2020\/08\/cropped-longchang-logo.png\",\"width\":512,\"height\":512,\"caption\":\"Longchang Chemical\"},\"image\":{\"@id\":\"https:\/\/longchangchemical.com\/#\/schema\/logo\/image\/\"}}]}<\/script>\n<!-- \/ Yoast SEO plugin. -->","yoast_head_json":{"title":"\u00c7in CHLUMICRYL\u00ae DF-D9202 \/ K\u00f6p\u00fck Kesici \u00dcreticisi - Longchang Chemical","description":"CHLUMICRYL\u00ae DF-D9202 \/ Defoamer, Longchang Chemical'\u0131n \u00f6nemli bir \u00fcr\u00fcn\u00fcd\u00fcr. En iyi fiyat\u0131 sa\u011fl\u0131yoruz. En iyi kalite ve rekabet\u00e7i fiyat ile \u00c7in'de lider \u00fcreticiyiz.","robots":{"index":"index","follow":"follow","max-snippet":"max-snippet:-1","max-image-preview":"max-image-preview:large","max-video-preview":"max-video-preview:-1"},"canonical":"https:\/\/longchangchemical.com\/tr\/product\/agesin-df-d9202-defoamer\/","og_locale":"tr_TR","og_type":"article","og_title":"China CHLUMICRYL\u00ae DF-D9202 \/ Defoamer Manufacturer - Longchang Chemical","og_description":"CHLUMICRYL\u00ae DF-D9202 \/ Defoamer is a key product of Longchang Chemical. We provide the best price. We are the leading manufacturer in China with the best quality and competitive price.","og_url":"https:\/\/longchangchemical.com\/tr\/product\/agesin-df-d9202-defoamer\/","og_site_name":"Longchang Chemical","article_modified_time":"2025-04-01T07:11:08+00:00","og_image":[{"width":800,"height":800,"url":"https:\/\/longchangchemical.com\/wp-content\/uploads\/2023\/02\/-WE-D9202.jpg","type":"image\/jpeg"}],"twitter_card":"summary_large_image","schema":{"@context":"https:\/\/schema.org","@graph":[{"@type":"WebPage","@id":"https:\/\/longchangchemical.com\/product\/agesin-df-d9202-defoamer\/","url":"https:\/\/longchangchemical.com\/product\/agesin-df-d9202-defoamer\/","name":"\u00c7in CHLUMICRYL\u00ae DF-D9202 \/ K\u00f6p\u00fck Kesici \u00dcreticisi - Longchang Chemical","isPartOf":{"@id":"https:\/\/longchangchemical.com\/#website"},"primaryImageOfPage":{"@id":"https:\/\/longchangchemical.com\/product\/agesin-df-d9202-defoamer\/#primaryimage"},"image":{"@id":"https:\/\/longchangchemical.com\/product\/agesin-df-d9202-defoamer\/#primaryimage"},"thumbnailUrl":"https:\/\/longchangchemical.com\/wp-content\/uploads\/2023\/02\/-WE-D9202.jpg","datePublished":"2023-02-04T02:19:49+00:00","dateModified":"2025-04-01T07:11:08+00:00","description":"CHLUMICRYL\u00ae DF-D9202 \/ Defoamer, Longchang Chemical'\u0131n \u00f6nemli bir \u00fcr\u00fcn\u00fcd\u00fcr. En iyi fiyat\u0131 sa\u011fl\u0131yoruz. En iyi kalite ve rekabet\u00e7i fiyat ile \u00c7in'de lider \u00fcreticiyiz.","breadcrumb":{"@id":"https:\/\/longchangchemical.com\/product\/agesin-df-d9202-defoamer\/#breadcrumb"},"inLanguage":"tr","potentialAction":[{"@type":"ReadAction","target":["https:\/\/longchangchemical.com\/product\/agesin-df-d9202-defoamer\/"]}]},{"@type":"ImageObject","inLanguage":"tr","@id":"https:\/\/longchangchemical.com\/product\/agesin-df-d9202-defoamer\/#primaryimage","url":"https:\/\/longchangchemical.com\/wp-content\/uploads\/2023\/02\/-WE-D9202.jpg","contentUrl":"https:\/\/longchangchemical.com\/wp-content\/uploads\/2023\/02\/-WE-D9202.jpg","width":800,"height":800},{"@type":"BreadcrumbList","@id":"https:\/\/longchangchemical.com\/product\/agesin-df-d9202-defoamer\/#breadcrumb","itemListElement":[{"@type":"ListItem","position":1,"name":"Home","item":"https:\/\/longchangchemical.com\/"},{"@type":"ListItem","position":2,"name":"Products Longchang","item":"https:\/\/longchangchemical.com\/product\/"},{"@type":"ListItem","position":3,"name":"CHLUMICRYL\u00ae DF-D9202 \/ Defoamer"}]},{"@type":"WebSite","@id":"https:\/\/longchangchemical.com\/#website","url":"https:\/\/longchangchemical.com\/","name":"Longchang Kimya","description":"\u00c7in kimyasal \u00fcreticisi \uff06 tedarik\u00e7isi","publisher":{"@id":"https:\/\/longchangchemical.com\/#organization"},"potentialAction":[{"@type":"SearchAction","target":{"@type":"EntryPoint","urlTemplate":"https:\/\/longchangchemical.com\/?s={search_term_string}"},"query-input":{"@type":"PropertyValueSpecification","valueRequired":true,"valueName":"search_term_string"}}],"inLanguage":"tr"},{"@type":"Organization","@id":"https:\/\/longchangchemical.com\/#organization","name":"Longchang Kimya","url":"https:\/\/longchangchemical.com\/","logo":{"@type":"ImageObject","inLanguage":"tr","@id":"https:\/\/longchangchemical.com\/#\/schema\/logo\/image\/","url":"https:\/\/longchangchemical.com\/wp-content\/uploads\/2020\/08\/cropped-longchang-logo.png","contentUrl":"https:\/\/longchangchemical.com\/wp-content\/uploads\/2020\/08\/cropped-longchang-logo.png","width":512,"height":512,"caption":"Longchang Chemical"},"image":{"@id":"https:\/\/longchangchemical.com\/#\/schema\/logo\/image\/"}}]}},"_links":{"self":[{"href":"https:\/\/longchangchemical.com\/tr\/wp-json\/wp\/v2\/product\/5893","targetHints":{"allow":["GET"]}}],"collection":[{"href":"https:\/\/longchangchemical.com\/tr\/wp-json\/wp\/v2\/product"}],"about":[{"href":"https:\/\/longchangchemical.com\/tr\/wp-json\/wp\/v2\/types\/product"}],"replies":[{"embeddable":true,"href":"https:\/\/longchangchemical.com\/tr\/wp-json\/wp\/v2\/comments?post=5893"}],"wp:featuredmedia":[{"embeddable":true,"href":"https:\/\/longchangchemical.com\/tr\/wp-json\/wp\/v2\/media\/5894"}],"wp:attachment":[{"href":"https:\/\/longchangchemical.com\/tr\/wp-json\/wp\/v2\/media?parent=5893"}],"wp:term":[{"taxonomy":"product_brand","embeddable":true,"href":"https:\/\/longchangchemical.com\/tr\/wp-json\/wp\/v2\/product_brand?post=5893"},{"taxonomy":"product_cat","embeddable":true,"href":"https:\/\/longchangchemical.com\/tr\/wp-json\/wp\/v2\/product_cat?post=5893"},{"taxonomy":"product_tag","embeddable":true,"href":"https:\/\/longchangchemical.com\/tr\/wp-json\/wp\/v2\/product_tag?post=5893"}],"curies":[{"name":"wp","href":"https:\/\/api.w.org\/{rel}","templated":true}]}}