{"id":5866,"date":"2023-01-23T08:44:03","date_gmt":"2023-01-23T08:44:03","guid":{"rendered":"https:\/\/longchangchemical.com\/?post_type=product&#038;p=5866"},"modified":"2025-04-01T07:11:24","modified_gmt":"2025-04-01T07:11:24","slug":"agesin-dispersants","status":"publish","type":"product","link":"https:\/\/longchangchemical.com\/tr\/product\/agesin-dispersants\/","title":{"rendered":"CHLUMICRYL\u00ae Dispersanlar"},"content":{"rendered":"<p>Boya, korunacak veya dekore edilecek nesnenin y\u00fczeyine kaplan\u0131r ve kaplanacak nesneye s\u0131k\u0131ca tutturulmu\u015f s\u00fcrekli bir film olu\u015fturabilir, rol\u00fc esas olarak d\u00f6rt noktad\u0131r: koruma, dekorasyon, \u00fcr\u00fcn\u00fcn kusurlar\u0131n\u0131 maskeleme ve \u00fcr\u00fcn\u00fcn de\u011ferini art\u0131rmak i\u00e7in di\u011fer \u00f6zel rol. Kaplamadaki katk\u0131 maddelerinden ayr\u0131lamayan bu kadar \u00f6nemli bir rol\u00fcn olmas\u0131n\u0131n nedeni, bug\u00fcn kaplamadaki \u0131slat\u0131c\u0131 ve da\u011f\u0131t\u0131c\u0131 madde hakk\u0131nda bilgi edinece\u011fiz.<\/p>\n<p>&nbsp;<\/p>\n<p>I. Eylem ilkesi.<\/p>\n<p>1. Mekanik bir \u015fekilde, pigmentleri ortamda da\u011f\u0131tman\u0131n en temel amac\u0131, pigment \u00fcretim s\u00fcrecinde kurutmadan kaynaklanan oleofilik kohezif partik\u00fclleri da\u011f\u0131tmakt\u0131r. Partik\u00fcl inceli\u011fi k\u00fc\u00e7\u00fcld\u00fc\u011f\u00fcnde, a\u00e7\u0131kta kalan y\u00fczey alan\u0131 artar ve pigmentin renklendirme performans\u0131, parlakl\u0131k, parlakl\u0131k, \u00f6rtme g\u00fcc\u00fc veya \u015feffafl\u0131k gibi optik \u00f6zelliklerini geli\u015ftirir.<\/p>\n<p>&nbsp;<\/p>\n<p>2. M\u00fcrekkepler ve kaplamalar gibi genel dispersan \u00f6\u011f\u00fctme sistemlerinde re\u00e7ine form\u00fclasyondaki bile\u015fenlerden biridir, ancak pigmentlerde re\u00e7ine ve dispersan birbirleriyle rekabet edecektir. Da\u011f\u0131t\u0131c\u0131n\u0131n pigment y\u00fczeyindeki adsorpsiyon kabiliyeti de re\u00e7ineden etkilenecek ve re\u00e7ine ile da\u011f\u0131t\u0131c\u0131, pigment y\u00fczeyinde adsorbe olma f\u0131rsat\u0131 i\u00e7in birbirleriyle rekabet edecektir. Ancak dispersan ve re\u00e7ine aras\u0131ndaki fark, pigment y\u00fczeyindeki dispersan adsorpsiyonunun hasl\u0131\u011f\u0131d\u0131r, dispersan sadece pigment \u00fczerinde son derece g\u00fc\u00e7l\u00fc adsorpsiyon g\u00fcc\u00fcne sahip olmakla kalmaz, ayn\u0131 zamanda \u00e7\u00f6z\u00fcc\u00fcye kar\u015f\u0131 iyi bir afiniteye sahiptir. Pigment y\u00fczeyindeki re\u00e7ine, ger\u00e7ekte sadece \u0131slat\u0131c\u0131 bir rol oynar, uzun s\u00fcre pigment y\u00fczeyine dalmaz, zamanla re\u00e7ine yava\u015f\u00e7a pigment y\u00fczeyinden ayr\u0131l\u0131r ve flok\u00fclasyona yol a\u00e7ar, ancak re\u00e7inenin varl\u0131\u011f\u0131 hala dispersan\u0131n pigment y\u00fczeyine tutunmas\u0131n\u0131 engeller. Bu nedenle, re\u00e7ine se\u00e7erken, re\u00e7inenin getirdi\u011fi film olu\u015fturma i\u015flevi incelenmelidir ve ba\u015fka bir iyi \u0131slatma veya \u00f6\u011f\u00fctme re\u00e7inesi se\u00e7mek gerekli de\u011fildir. Ayr\u0131ca, \u00f6\u011f\u00fctme baz malzemesindeki re\u00e7ine i\u00e7eri\u011finin form\u00fcl\u00fcn stabilitesini korumak i\u00e7in yeterli oldu\u011fu d\u00fc\u015f\u00fcn\u00fclmelidir.<\/p>\n<p>&nbsp;<\/p>\n<p>&nbsp;<\/p>\n<p>3. \u00d6\u011f\u00fctme taban\u0131nda dispersan kullan\u0131m\u0131, geleneksel \u00f6\u011f\u00fctme taban\u0131 ile kar\u015f\u0131la\u015ft\u0131r\u0131ld\u0131\u011f\u0131nda, form\u00fclasyonunun en kritik ayar\u0131 re\u00e7ine \u00e7\u00f6zeltisinin konsantrasyonudur. Geleneksel \u00f6\u011f\u00fctme ortam\u0131ndaki re\u00e7ine konsantrasyonu y\u00fcksektir ve doldurulabilecek pigment miktar\u0131 d\u00fc\u015f\u00fckt\u00fcr. Re\u00e7ine konsantrasyonunun azalt\u0131lmas\u0131, dispersiyon ortam\u0131n\u0131n viskozitesini d\u00fc\u015f\u00fcrebilir ve pigment dolum miktar\u0131 art\u0131r\u0131labilirse de, b\u00f6yle bir dispersiyon sistemi stabil de\u011fildir ve ger\u00e7ek \u00fcretimde kullan\u0131lamaz. \u0130yi bir dispersan kullan\u0131l\u0131rsa, dispersiyon sistemi daha d\u00fc\u015f\u00fck bir re\u00e7ine konsantrasyonunda stabilize edilebilir, b\u00f6ylece \u00f6\u011f\u00fctme baz malzemesindeki pigment dolgusu b\u00fcy\u00fck \u00f6l\u00e7\u00fcde iyile\u015ftirilebilir. Ortamdaki dispersan\u0131n \u00e7\u00f6z\u00fcnm\u00fc\u015f zinciri taraf\u0131ndan olu\u015fturulan bo\u015fluk bariyeri, partik\u00fcller aras\u0131ndaki emi\u015fi azalt\u0131r ve \u00f6\u011f\u00fctme viskozitesini b\u00fcy\u00fck \u00f6l\u00e7\u00fcde d\u00fc\u015f\u00fcr\u00fcr, bu da pigment dolgusunun iyile\u015ftirilebilmesinin nedenlerinden biridir. Da\u011f\u0131t\u0131c\u0131n\u0131n etkisi alt\u0131nda, pigment dolum miktar\u0131ndaki art\u0131\u015f farkl\u0131 da\u011f\u0131t\u0131c\u0131 sistemlere g\u00f6re de\u011fi\u015fir, ancak ayarlama s\u00fcrecinde, \u00f6\u011f\u00fctme ana malzemesi orta viskozite ile tutulmal\u0131d\u0131r.<\/p>\n<p>&nbsp;<\/p>\n<p>\u0130kincisi, kullan\u0131m y\u00f6ntemi ve dozaj\u0131.<\/p>\n<p>Islat\u0131c\u0131 ve da\u011f\u0131t\u0131c\u0131 maddenin dozaj\u0131, da\u011f\u0131t\u0131lan pigmente g\u00f6re belirlenmelidir ve en iyi dozaj, pigment y\u00fczeyinde yo\u011fun bir tek molek\u00fcll\u00fc adsorpsiyon tabakas\u0131n\u0131n olu\u015fumuna dayan\u0131r. Dozaj \u00e7ok k\u00fc\u00e7\u00fckse, da\u011f\u0131t\u0131c\u0131 avantajlar\u0131n\u0131 g\u00f6steremez ve \u00e7ok fazla dozaj \u00f6\u011f\u00fctme stabilitesini etkileyecektir. Bunun ba\u015fl\u0131ca nedeni, pigment y\u00fczeyindeki a\u015f\u0131r\u0131 kalabal\u0131k \u0131slat\u0131c\u0131 da\u011f\u0131t\u0131c\u0131n\u0131n, da\u011f\u0131t\u0131c\u0131n\u0131n \u00e7\u00f6z\u00fcnm\u00fc\u015f zincirlerini tam olarak uzatamamas\u0131 ve buna ek olarak b\u00fcy\u00fck miktarda serbest da\u011f\u0131t\u0131c\u0131n\u0131n kaplama filmi \u00fczerinde olumsuz bir etkiye sahip olmas\u0131d\u0131r.<\/p>\n<p>&nbsp;<\/p>\n<p>Ger\u00e7ek operasyon s\u00fcrecinde, teorik kurallara g\u00f6re yakla\u015f\u0131k dispersan miktar\u0131n\u0131 hesaplayabilir ve daha sonra yukar\u0131 ve a\u015fa\u011f\u0131 y\u00fczmek i\u00e7in orta nokta olarak kullanabilir ve dispersan miktar\u0131 ile dispersan sistemin viskozitesi, film parlakl\u0131\u011f\u0131 ve renklendirme g\u00fcc\u00fc gibi performans indekslerinin de\u011fi\u015fimini g\u00f6zlemleyebiliriz, dispersan miktar\u0131 orta d\u00fczeyde oldu\u011funda, dispersan sistemin viskozitesi belirgin minimum de\u011fere sahipken, filmin parlakl\u0131\u011f\u0131 ve renklendirme g\u00fcc\u00fc b\u00fcy\u00fck de\u011fere sahiptir.<\/p>","protected":false},"excerpt":{"rendered":"<p>Boya, korunacak veya dekore edilecek nesnenin y\u00fczeyine kaplan\u0131r ve kaplanacak nesneye s\u0131k\u0131ca tutturulmu\u015f s\u00fcrekli bir film olu\u015fturabilir, rol\u00fc esas olarak d\u00f6rt noktad\u0131r: koruma, dekorasyon, \u00fcr\u00fcn\u00fcn kusurlar\u0131n\u0131 maskeleme ve \u00fcr\u00fcn\u00fcn de\u011ferini art\u0131rmak i\u00e7in di\u011fer \u00f6zel rol. Bunun nedeni [...]<\/p>","protected":false},"featured_media":0,"comment_status":"closed","ping_status":"closed","template":"","meta":[],"product_brand":[],"product_cat":[138],"product_tag":[],"class_list":{"0":"post-5866","1":"product","2":"type-product","3":"status-publish","5":"product_cat-coating-and-ink-additives","7":"first","8":"instock","9":"shipping-taxable","10":"product-type-simple"},"yoast_head":"<!-- This site is optimized with the Yoast SEO plugin v25.3.1 - https:\/\/yoast.com\/wordpress\/plugins\/seo\/ -->\n<title>China Dispersants Manufacturer - Longchang Chemical<\/title>\n<meta name=\"description\" content=\"CHLUMICRYL\u00ae Dispersants is a key product of Longchang Chemical. We provide the best price. We are the leading manufacturer in China with the best quality and competitive price.\" \/>\n<meta name=\"robots\" content=\"index, follow, max-snippet:-1, max-image-preview:large, max-video-preview:-1\" \/>\n<link rel=\"canonical\" href=\"https:\/\/longchangchemical.com\/tr\/product\/agesin-dispersants\/\" \/>\n<meta property=\"og:locale\" content=\"tr_TR\" \/>\n<meta property=\"og:type\" content=\"article\" \/>\n<meta property=\"og:title\" content=\"China Dispersants Manufacturer - Longchang Chemical\" \/>\n<meta property=\"og:description\" content=\"CHLUMICRYL\u00ae Dispersants is a key product of Longchang Chemical. We provide the best price. We are the leading manufacturer in China with the best quality and competitive price.\" \/>\n<meta property=\"og:url\" content=\"https:\/\/longchangchemical.com\/tr\/product\/agesin-dispersants\/\" \/>\n<meta property=\"og:site_name\" content=\"Longchang Chemical\" \/>\n<meta property=\"article:modified_time\" content=\"2025-04-01T07:11:24+00:00\" \/>\n<meta property=\"og:image\" content=\"https:\/\/longchangchemical.com\/wp-content\/uploads\/2024\/02\/logo-jpeg.jpg\" \/>\n\t<meta property=\"og:image:width\" content=\"1000\" \/>\n\t<meta property=\"og:image:height\" content=\"1000\" \/>\n\t<meta property=\"og:image:type\" content=\"image\/jpeg\" \/>\n<meta name=\"twitter:card\" content=\"summary_large_image\" \/>\n<script type=\"application\/ld+json\" class=\"yoast-schema-graph\">{\"@context\":\"https:\/\/schema.org\",\"@graph\":[{\"@type\":\"WebPage\",\"@id\":\"https:\/\/longchangchemical.com\/product\/agesin-dispersants\/\",\"url\":\"https:\/\/longchangchemical.com\/product\/agesin-dispersants\/\",\"name\":\"China Dispersants Manufacturer - Longchang Chemical\",\"isPartOf\":{\"@id\":\"https:\/\/longchangchemical.com\/#website\"},\"datePublished\":\"2023-01-23T08:44:03+00:00\",\"dateModified\":\"2025-04-01T07:11:24+00:00\",\"description\":\"CHLUMICRYL\u00ae Dispersants is a key product of Longchang Chemical. We provide the best price. We are the leading manufacturer in China with the best quality and competitive price.\",\"breadcrumb\":{\"@id\":\"https:\/\/longchangchemical.com\/product\/agesin-dispersants\/#breadcrumb\"},\"inLanguage\":\"tr\",\"potentialAction\":[{\"@type\":\"ReadAction\",\"target\":[\"https:\/\/longchangchemical.com\/product\/agesin-dispersants\/\"]}]},{\"@type\":\"BreadcrumbList\",\"@id\":\"https:\/\/longchangchemical.com\/product\/agesin-dispersants\/#breadcrumb\",\"itemListElement\":[{\"@type\":\"ListItem\",\"position\":1,\"name\":\"Home\",\"item\":\"https:\/\/longchangchemical.com\/\"},{\"@type\":\"ListItem\",\"position\":2,\"name\":\"Products Longchang\",\"item\":\"https:\/\/longchangchemical.com\/product\/\"},{\"@type\":\"ListItem\",\"position\":3,\"name\":\"CHLUMICRYL\u00ae Dispersants\"}]},{\"@type\":\"WebSite\",\"@id\":\"https:\/\/longchangchemical.com\/#website\",\"url\":\"https:\/\/longchangchemical.com\/\",\"name\":\"Longchang Chemical\",\"description\":\"China chemical manufacturer \uff06 supplier\",\"publisher\":{\"@id\":\"https:\/\/longchangchemical.com\/#organization\"},\"potentialAction\":[{\"@type\":\"SearchAction\",\"target\":{\"@type\":\"EntryPoint\",\"urlTemplate\":\"https:\/\/longchangchemical.com\/?s={search_term_string}\"},\"query-input\":{\"@type\":\"PropertyValueSpecification\",\"valueRequired\":true,\"valueName\":\"search_term_string\"}}],\"inLanguage\":\"tr\"},{\"@type\":\"Organization\",\"@id\":\"https:\/\/longchangchemical.com\/#organization\",\"name\":\"Longchang Chemical\",\"url\":\"https:\/\/longchangchemical.com\/\",\"logo\":{\"@type\":\"ImageObject\",\"inLanguage\":\"tr\",\"@id\":\"https:\/\/longchangchemical.com\/#\/schema\/logo\/image\/\",\"url\":\"https:\/\/longchangchemical.com\/wp-content\/uploads\/2020\/08\/cropped-longchang-logo.png\",\"contentUrl\":\"https:\/\/longchangchemical.com\/wp-content\/uploads\/2020\/08\/cropped-longchang-logo.png\",\"width\":512,\"height\":512,\"caption\":\"Longchang Chemical\"},\"image\":{\"@id\":\"https:\/\/longchangchemical.com\/#\/schema\/logo\/image\/\"}}]}<\/script>\n<!-- \/ Yoast SEO plugin. -->","yoast_head_json":{"title":"\u00c7in Dispersan \u00dcreticisi - Longchang Chemical","description":"CHLUMICRYL\u00ae Dispersantlar Longchang Chemical'\u0131n \u00f6nemli bir \u00fcr\u00fcn\u00fcd\u00fcr. En iyi fiyat\u0131 biz sa\u011fl\u0131yoruz. En iyi kalite ve rekabet\u00e7i fiyat ile \u00c7in'de lider \u00fcreticiyiz.","robots":{"index":"index","follow":"follow","max-snippet":"max-snippet:-1","max-image-preview":"max-image-preview:large","max-video-preview":"max-video-preview:-1"},"canonical":"https:\/\/longchangchemical.com\/tr\/product\/agesin-dispersants\/","og_locale":"tr_TR","og_type":"article","og_title":"China Dispersants Manufacturer - Longchang Chemical","og_description":"CHLUMICRYL\u00ae Dispersants is a key product of Longchang Chemical. We provide the best price. We are the leading manufacturer in China with the best quality and competitive price.","og_url":"https:\/\/longchangchemical.com\/tr\/product\/agesin-dispersants\/","og_site_name":"Longchang Chemical","article_modified_time":"2025-04-01T07:11:24+00:00","og_image":[{"width":1000,"height":1000,"url":"https:\/\/longchangchemical.com\/wp-content\/uploads\/2024\/02\/logo-jpeg.jpg","type":"image\/jpeg"}],"twitter_card":"summary_large_image","schema":{"@context":"https:\/\/schema.org","@graph":[{"@type":"WebPage","@id":"https:\/\/longchangchemical.com\/product\/agesin-dispersants\/","url":"https:\/\/longchangchemical.com\/product\/agesin-dispersants\/","name":"\u00c7in Dispersan \u00dcreticisi - Longchang Chemical","isPartOf":{"@id":"https:\/\/longchangchemical.com\/#website"},"datePublished":"2023-01-23T08:44:03+00:00","dateModified":"2025-04-01T07:11:24+00:00","description":"CHLUMICRYL\u00ae Dispersantlar Longchang Chemical'\u0131n \u00f6nemli bir \u00fcr\u00fcn\u00fcd\u00fcr. En iyi fiyat\u0131 biz sa\u011fl\u0131yoruz. En iyi kalite ve rekabet\u00e7i fiyat ile \u00c7in'de lider \u00fcreticiyiz.","breadcrumb":{"@id":"https:\/\/longchangchemical.com\/product\/agesin-dispersants\/#breadcrumb"},"inLanguage":"tr","potentialAction":[{"@type":"ReadAction","target":["https:\/\/longchangchemical.com\/product\/agesin-dispersants\/"]}]},{"@type":"BreadcrumbList","@id":"https:\/\/longchangchemical.com\/product\/agesin-dispersants\/#breadcrumb","itemListElement":[{"@type":"ListItem","position":1,"name":"Home","item":"https:\/\/longchangchemical.com\/"},{"@type":"ListItem","position":2,"name":"Products Longchang","item":"https:\/\/longchangchemical.com\/product\/"},{"@type":"ListItem","position":3,"name":"CHLUMICRYL\u00ae Dispersants"}]},{"@type":"WebSite","@id":"https:\/\/longchangchemical.com\/#website","url":"https:\/\/longchangchemical.com\/","name":"Longchang Kimya","description":"\u00c7in kimyasal \u00fcreticisi \uff06 tedarik\u00e7isi","publisher":{"@id":"https:\/\/longchangchemical.com\/#organization"},"potentialAction":[{"@type":"SearchAction","target":{"@type":"EntryPoint","urlTemplate":"https:\/\/longchangchemical.com\/?s={search_term_string}"},"query-input":{"@type":"PropertyValueSpecification","valueRequired":true,"valueName":"search_term_string"}}],"inLanguage":"tr"},{"@type":"Organization","@id":"https:\/\/longchangchemical.com\/#organization","name":"Longchang Kimya","url":"https:\/\/longchangchemical.com\/","logo":{"@type":"ImageObject","inLanguage":"tr","@id":"https:\/\/longchangchemical.com\/#\/schema\/logo\/image\/","url":"https:\/\/longchangchemical.com\/wp-content\/uploads\/2020\/08\/cropped-longchang-logo.png","contentUrl":"https:\/\/longchangchemical.com\/wp-content\/uploads\/2020\/08\/cropped-longchang-logo.png","width":512,"height":512,"caption":"Longchang Chemical"},"image":{"@id":"https:\/\/longchangchemical.com\/#\/schema\/logo\/image\/"}}]}},"_links":{"self":[{"href":"https:\/\/longchangchemical.com\/tr\/wp-json\/wp\/v2\/product\/5866","targetHints":{"allow":["GET"]}}],"collection":[{"href":"https:\/\/longchangchemical.com\/tr\/wp-json\/wp\/v2\/product"}],"about":[{"href":"https:\/\/longchangchemical.com\/tr\/wp-json\/wp\/v2\/types\/product"}],"replies":[{"embeddable":true,"href":"https:\/\/longchangchemical.com\/tr\/wp-json\/wp\/v2\/comments?post=5866"}],"wp:attachment":[{"href":"https:\/\/longchangchemical.com\/tr\/wp-json\/wp\/v2\/media?parent=5866"}],"wp:term":[{"taxonomy":"product_brand","embeddable":true,"href":"https:\/\/longchangchemical.com\/tr\/wp-json\/wp\/v2\/product_brand?post=5866"},{"taxonomy":"product_cat","embeddable":true,"href":"https:\/\/longchangchemical.com\/tr\/wp-json\/wp\/v2\/product_cat?post=5866"},{"taxonomy":"product_tag","embeddable":true,"href":"https:\/\/longchangchemical.com\/tr\/wp-json\/wp\/v2\/product_tag?post=5866"}],"curies":[{"name":"wp","href":"https:\/\/api.w.org\/{rel}","templated":true}]}}