{"id":5811,"date":"2022-12-20T11:48:37","date_gmt":"2022-12-20T11:48:37","guid":{"rendered":"https:\/\/longchangchemical.com\/?post_type=product&#038;p=5811"},"modified":"2025-12-16T08:59:07","modified_gmt":"2025-12-16T08:59:07","slug":"siperox-bipb","status":"publish","type":"product","link":"https:\/\/longchangchemical.com\/tr\/product\/siperox-bipb\/","title":{"rendered":"BIPB 96 \/ Bis(t-butylperoxy isopropy)benzene CAS 25155-25-3"},"content":{"rendered":"<h1>BIPB 96 CAS 25155-25-3<\/h1>\n<p>&nbsp;<\/p>\n<table>\n<tbody>\n<tr>\n<td width=\"232\">\u00d6\u011fe<\/td>\n<td width=\"238\">Standart<\/td>\n<td width=\"239\">Sonu\u00e7<\/td>\n<\/tr>\n<tr>\n<td width=\"232\">G\u00f6r\u00fcn\u00fc\u015f<\/td>\n<td width=\"238\">Beyaz toz<\/td>\n<td width=\"239\">Beyaz toz<\/td>\n<\/tr>\n<tr>\n<td width=\"232\">Safl\u0131k, %<\/td>\n<td width=\"238\">\u226596.0<\/td>\n<td width=\"239\">97.3<\/td>\n<\/tr>\n<tr>\n<td width=\"232\">Erime aral\u0131\u011f\u0131 (\u2103)<\/td>\n<td width=\"238\">40-55<\/td>\n<td width=\"239\">40-42<\/td>\n<\/tr>\n<\/tbody>\n<\/table>\n<h2><\/h2>\n<h2><strong>BIPB nedir\uff1f<\/strong><\/h2>\n<p>BIPB, DCP kokusu olmad\u0131\u011f\u0131n\u0131 iddia ediyor, yap\u0131sal benzerli\u011fe ek olarak, \u00f6nemli bir neden var, yani DCP'yi kullanabilece\u011finiz hemen hemen her yerde BIPB ile de\u011fi\u015ftirilebilir, DCP yap\u0131\u015ft\u0131r\u0131c\u0131 performans\u0131 yerine BIPB, sertlik, kopma mukavemeti, uzama, y\u0131rt\u0131lma mukavemetinin yan\u0131 s\u0131ra ya\u011f direnci, ya\u015flanma katsay\u0131s\u0131 vb. temelde ayn\u0131d\u0131r, y\u00fcksek s\u0131cakl\u0131klarda s\u0131k\u0131\u015ft\u0131rma deformasyonu, BIPB DCP'den daha iyidir.<\/p>\n<p>&nbsp;<\/p>\n<h2><strong>BIPB Uygulama:<\/strong><\/h2>\n<p><strong>1. BIPB <\/strong>silikon kau\u00e7uk, etilen-vinil asetat kopolimeri (EVA k\u00f6p\u00fck gibi), klorlanm\u0131\u015f polietilen kau\u00e7uk (CPE), etilen propilen dien kau\u00e7uk (EPDM), kloros\u00fclfonlanm\u0131\u015f poli Etilen, tetrapropilen flor kau\u00e7uk (TP-2), doymu\u015f hidrojenlenmi\u015f nitril (HNBR) gibi kau\u00e7uk ve plastikler i\u00e7in \u00e7apraz ba\u011flama maddesi olarak kullan\u0131labilir. Ayn\u0131 \u00e7apraz ba\u011flama etkisi durumunda, ilave miktar\u0131 di\u011fer organik \u00e7apraz ba\u011flama maddelerinin yakla\u015f\u0131k 2\/3'\u00fc kadard\u0131r. \u00c7al\u0131\u015fma s\u0131ras\u0131nda ve bitmi\u015f \u00fcr\u00fcnlerde tahri\u015f edici bir koku yoktur. \u00d6zellikle klimalar i\u00e7in kau\u00e7uk k\u0131l\u0131fl\u0131 kablolar, EVA k\u00f6p\u00fck oyuncaklar vb. gibi silikon kau\u00e7uk kal\u0131plama vulkanizasyon odalar\u0131nda esnek kablo yal\u0131t\u0131m\u0131 \u00e7apraz ba\u011flama ve EVA k\u00f6p\u00fck \u00fcr\u00fcnleri i\u00e7in uygundur.<\/p>\n<p>2. Kar\u0131\u015ft\u0131rma s\u0131ras\u0131nda kau\u00e7uk malzeme eklenerek kullan\u0131labilir. \u00c7apraz ba\u011flama etkisi gerekti\u011finde, 3 par\u00e7a ekleme miktar\u0131 y\u00fcksek molek\u00fcler polimeri tamamen \u00e7apraz ba\u011flayabilir.<\/p>\n<p>3. Klorlu polietilen, EPDM kau\u00e7uk, etilen-vinil asetat kopolimeri, silikon kau\u00e7uk, nitril kau\u00e7uk ve flor kau\u00e7uk gibi plastikler ve kau\u00e7uklar i\u00e7in \u00e7apraz ba\u011flama maddesi olarak kullan\u0131labilir. Ayn\u0131 \u00e7apraz ba\u011flama etkisi durumunda, eklenen miktar DCP'nin yakla\u015f\u0131k 2 \/ 3'\u00fc kadard\u0131r ve operasyon s\u00fcrecinde ve bitmi\u015f \u00fcr\u00fcnde tahri\u015f edici koku azd\u0131r.<\/p>\n<h2><strong>BIPB Paketleme ve Nakliye:<\/strong><\/h2>\n<p>20kgs\/karton<\/p>\n<p>&nbsp;<\/p>\n<h2><strong>BIPB Depolama:<\/strong><\/h2>\n<p>Do\u011frudan g\u00fcne\u015f \u0131\u015f\u0131\u011f\u0131 almayan serin ve kuru bir yerde (2-8\u00b0 C) saklanmal\u0131d\u0131r.<\/p>\n<p>&nbsp;<\/p>\n<h2><strong><b>BIPB nereden al\u0131n\u0131r? \u015eimdi Bize Ula\u015f\u0131n!<\/b><\/strong><\/h2>\n<h4><strong><b>COA, MSDS veya TDS'ye ihtiyac\u0131n\u0131z varsa, l\u00fctfen a\u015fa\u011f\u0131daki forma ileti\u015fim bilgilerinizi girin, genellikle 24 saat i\u00e7inde sizinle ileti\u015fime ge\u00e7ece\u011fiz. Bana e-posta da g\u00f6nderebilirsiniz<span style=\"color: #00ccff;\"> <a style=\"color: #00ccff;\" href=\"mailto:info@longchangchemical.com\">info@longchangchemical.com<\/a><\/span> \u00c7al\u0131\u015fma saatleri i\u00e7inde (8:30 - 6:00 UTC+8 Pzt.~Sat.) veya h\u0131zl\u0131 yan\u0131t almak i\u00e7in web sitesi canl\u0131 sohbetini kullan\u0131n.<\/b><\/strong><\/h4>\n<p><!--more--><\/p>\n<h2><strong>BIPB ve DCP'nin kokusuz ve lezzetli olmas\u0131n\u0131n nedenleri nelerdir?<\/strong><\/h2>\n<p>DCP'nin termal ayr\u0131\u015fma s\u00fcreci:<\/p>\n<p>DCP'nin yap\u0131 diyagram\u0131nda, DCP'nin termal ayr\u0131\u015fmas\u0131 s\u0131ras\u0131nda peroksi ba\u011f\u0131n\u0131n k\u0131r\u0131lmas\u0131yla \u00fcretilen izopropilbenzen oksijen radikalinin, ho\u015f olmayan kokulu bir madde olan ve insan v\u00fccuduna zararl\u0131 olan metil radikalleri ve asetofenon da olu\u015fturabildi\u011fini g\u00f6rebiliriz, bu nedenle DCP polimerler i\u00e7in \u00e7apraz ba\u011flama maddesi olarak kullan\u0131ld\u0131\u011f\u0131nda, \u00e7apraz ba\u011flama i\u015flemi s\u0131ras\u0131nda ve DCP'den yap\u0131lan bitmi\u015f \u00fcr\u00fcnlerde bir t\u00fcr ho\u015f olmayan kokuya sahiptir. DCP'nin kokulu olmas\u0131n\u0131n nedeninin DCP kal\u0131nt\u0131lar\u0131 veya safs\u0131zl\u0131k kal\u0131nt\u0131lar\u0131 olmad\u0131\u011f\u0131 g\u00f6r\u00fclebilir, bu nedenle DCP'nin safl\u0131\u011f\u0131 ne kadar y\u00fcksekse koku o kadar az olur diye bir \u015fey yoktur.<\/p>\n<p>BIPB termal ayr\u0131\u015fma s\u00fcreci:<br \/>\nAlkil radikalleri, alkil radikalleri ve serbest polimer matris reaksiyonu olu\u015fturarak, BIPB'nin \u00e7apraz ba\u011fl\u0131 k\u00fc\u00e7\u00fck molek\u00fcl \u00fcr\u00fcnlerinin sahip oldu\u011funu g\u00f6rebiliriz:<\/p>\n<p>Metan (CH4) ...... gaz<\/p>\n<p>Aseton ...... u\u00e7ucu<\/p>\n<p>Tert-butanol ...... u\u00e7ucu<\/p>\n<p>Geriye kokusu olmayan baz\u0131 kat\u0131 bile\u015fikler kalm\u0131\u015ft\u0131r, bu nedenle BIPB \u00e7apraz ba\u011flama s\u00fcrecinde ve bitmi\u015f \u00fcr\u00fcnlerde neredeyse hi\u00e7 kokuya sahip de\u011fildir veya \u00e7ok az kokuya sahiptir.<\/p>\n<p>BIPB'nin avantajlar\u0131, dezavantajlar\u0131 ve \u00e7\u00f6z\u00fcmleri<\/p>\n<p>BIPB'nin yap\u0131sal benzerli\u011fe ek olarak kokusuz DCP olarak adland\u0131r\u0131lmas\u0131n\u0131n bir ba\u015fka \u00f6nemli nedeni daha vard\u0131r, yani neredeyse DCP yerine BIPB, DCP yerine BIPB kullan\u0131labilir sertlik, kopma mukavemeti, uzama, y\u0131rt\u0131lma mukavemeti ve ya\u011f direnci, ya\u015flanma katsay\u0131s\u0131 vb. dahil olmak \u00fczere kau\u00e7uk \u00f6zellikleri temelde ayn\u0131d\u0131r ve y\u00fcksek s\u0131cakl\u0131klarda s\u0131k\u0131\u015ft\u0131rma deformasyonu, BIPB DCP'den daha iyidir.<\/p>\n<p>Ancak BIPB'nin \u00f6nemli bir dezavantaj\u0131 vard\u0131r, yani fiyat\u0131 DCP'den \u00e7ok daha y\u00fcksektir, bu da BIPB'nin geni\u015f kullan\u0131m\u0131n\u0131 s\u0131n\u0131rlayan en b\u00fcy\u00fck fakt\u00f6rd\u00fcr. Avrupa'da BIPB kullan\u0131m\u0131 DCP'den \u00e7ok daha y\u00fcksektir, yerli \u00fcreticiler ve t\u00fcketiciler \u00e7evre koruma bilincini g\u00fc\u00e7lendirmek i\u00e7in art\u0131k BIPB'ye olan i\u00e7 talep de giderek artmaktad\u0131r.<\/p>\n<p>BIPB'nin bir di\u011fer b\u00fcy\u00fck dezavantaj\u0131, EPDM'nin \u00e7apraz ba\u011flama maddesi olarak BIPB kullan\u0131ld\u0131\u011f\u0131nda, kristal p\u00fcsk\u00fcrtme olgusunun ortaya \u00e7\u0131kmas\u0131n\u0131n kolay olmas\u0131d\u0131r (bunun kristal p\u00fcsk\u00fcrtme oldu\u011funa, don p\u00fcsk\u00fcrtme olmad\u0131\u011f\u0131na dikkat edin) ve \u0131\u015f\u0131k parlak kristale kadar \u00e7\u0131karken DCP \u00e7\u0131kmayacakt\u0131r. Bu, BIPB ve EPDM kau\u00e7uk uyumlulu\u011funun ayr\u0131\u015fma \u00fcr\u00fcnlerinden ve p\u00fcsk\u00fcrtmeden kaynaklanmaktad\u0131r. \u00dcr\u00fcnleriniz yabanc\u0131 \u00fclkelere, \u00f6zellikle de Avrupa'ya ihra\u00e7 ediliyorsa, m\u00fc\u015fterilerin iyi bir vulkanizasyon maddesi kulland\u0131\u011f\u0131n\u0131z\u0131 bileceklerinden ve bunu memnuniyetle kabul edeceklerinden emin olabilirsiniz. Bu kristal p\u00fcsk\u00fcrtme olay\u0131n\u0131 \u00e7\u00f6zmek istiyorsan\u0131z, iki ana y\u00f6ntem vard\u0131r:<\/p>\n<p>3.1. Form\u00fcle PEG4000 ekleyin;<\/p>\n<p>3.2. Bis-2-5'in bir k\u0131sm\u0131n\u0131 eklerken BIPB miktar\u0131n\u0131 azalt\u0131n; bu, \u00e7apraz ba\u011flama verimlili\u011fini etkilemeden BIPB'nin ayr\u0131\u015fma \u00fcr\u00fcnlerini azaltmaya e\u015fde\u011ferdir.<\/p>\n<p>Bu iki program\u0131n ba\u015far\u0131l\u0131 \u00f6rnekleri vard\u0131r, elbette, \u00e7apraz ba\u011flama maddesi olarak BIPB i\u00e7eren EPDM \u00fcreticileri kristal fenomenini p\u00fcsk\u00fcrtm\u00fcyor gibi g\u00f6r\u00fcnmektedir, belki de kristallerin p\u00fcsk\u00fcrt\u00fclmesini s\u0131n\u0131rlayan birka\u00e7 katk\u0131 maddesinden biri nedeniyle, spesifik neden bilinmemektedir.<\/p>\n<p>Termoplastik kau\u00e7uk TPV de \u00e7apraz ba\u011flama maddesi olarak BIPB kullan\u0131r, ancak otomotiv end\u00fcstrisinde koku gereksinimleri gittik\u00e7e artmaktad\u0131r, yani BIPB kullan\u0131m\u0131ndan sonra koku mutlaka gereksinimleri kar\u015f\u0131lamaz, ayn\u0131 zamanda kokuyu azaltmak i\u00e7in kimyasal \/ fiziksel adsorpsiyon, de-volatilizasyon, kurutma ve di\u011fer i\u015flemlerin kullan\u0131lmas\u0131 gibi daha fazla i\u015flenmesi gerekir.<\/p>","protected":false},"excerpt":{"rendered":"<p>Kimyasal ad\u0131: Bis(tert-butyldioxyisopropyl)benzene<br \/>\nDi(tert-butilperoksiizopropil)benzen<\/p>\n<p>Cas No: 25155-25-3 veya 2212-81-9<\/p>\n<p><strong>E\u015fanlaml\u0131<\/strong>:Perkadox 14S;Perkadox 14;FARIDA BIPB;Luperox F40;Luperox F90P<\/p>\n<p>Molek\u00fcler form\u00fcl: C20H34O4<\/p>\n<p>Yap\u0131land\u0131r\u0131lm\u0131\u015f:<\/p>\n<p><img decoding=\"async\" class=\"alignnone size-full wp-image-5813\" src=\"https:\/\/longchangchemical.com\/wp-content\/uploads\/2022\/12\/Structured.jpg\" alt=\"\" width=\"520\" height=\"104\" \/><\/p>\n<p>Molek\u00fcl a\u011f\u0131rl\u0131\u011f\u0131: 338,48<\/p>","protected":false},"featured_media":6267,"comment_status":"closed","ping_status":"closed","template":"","meta":[],"product_brand":[],"product_cat":[142],"product_tag":[],"class_list":{"0":"post-5811","1":"product","2":"type-product","3":"status-publish","4":"has-post-thumbnail","6":"product_cat-siperox-organic-peroxide","8":"first","9":"instock","10":"shipping-taxable","11":"product-type-simple"},"yoast_head":"<!-- This site is optimized with the Yoast SEO plugin v25.3.1 - https:\/\/yoast.com\/wordpress\/plugins\/seo\/ -->\n<title>Odorless crosslinking agent BIPB 96 manufacturer Cas 25155-25-3 \/ 2212-81-9 - Longchang Chemical<\/title>\n<meta name=\"description\" content=\"BIPB 96,also known as Bis(tert-butyldioxyisopropyl)benzene;Di(tert-butylperoxyisopropyl)benzene;Perkadox 14S;Perkadox 14;Luperox F40;Luperox F90P;FARIDA BIPB and is the key product of Longchang Chemical. We are the leading Organic peroxide manufacturer and supplier in China with the best quanlity and competitive price.\" \/>\n<meta name=\"robots\" content=\"index, follow, max-snippet:-1, max-image-preview:large, max-video-preview:-1\" \/>\n<link rel=\"canonical\" href=\"https:\/\/longchangchemical.com\/tr\/product\/siperox-bipb\/\" \/>\n<meta property=\"og:locale\" content=\"tr_TR\" \/>\n<meta property=\"og:type\" content=\"article\" \/>\n<meta property=\"og:title\" content=\"Odorless crosslinking agent BIPB 96 manufacturer Cas 25155-25-3 \/ 2212-81-9 - Longchang Chemical\" \/>\n<meta property=\"og:description\" content=\"BIPB 96,also known as Bis(tert-butyldioxyisopropyl)benzene;Di(tert-butylperoxyisopropyl)benzene;Perkadox 14S;Perkadox 14;Luperox F40;Luperox F90P;FARIDA BIPB and is the key product of Longchang Chemical. We are the leading Organic peroxide manufacturer and supplier in China with the best quanlity and competitive price.\" \/>\n<meta property=\"og:url\" content=\"https:\/\/longchangchemical.com\/tr\/product\/siperox-bipb\/\" \/>\n<meta property=\"og:site_name\" content=\"Longchang Chemical\" \/>\n<meta property=\"article:modified_time\" content=\"2025-12-16T08:59:07+00:00\" \/>\n<meta property=\"og:image\" content=\"https:\/\/longchangchemical.com\/wp-content\/uploads\/2022\/12\/Siperox\u00ae-BIPB-1.jpg\" \/>\n\t<meta property=\"og:image:width\" content=\"800\" \/>\n\t<meta property=\"og:image:height\" content=\"800\" \/>\n\t<meta property=\"og:image:type\" content=\"image\/jpeg\" \/>\n<meta name=\"twitter:card\" content=\"summary_large_image\" \/>\n<script type=\"application\/ld+json\" class=\"yoast-schema-graph\">{\"@context\":\"https:\/\/schema.org\",\"@graph\":[{\"@type\":\"WebPage\",\"@id\":\"https:\/\/longchangchemical.com\/product\/siperox-bipb\/\",\"url\":\"https:\/\/longchangchemical.com\/product\/siperox-bipb\/\",\"name\":\"Odorless crosslinking agent BIPB 96 manufacturer Cas 25155-25-3 \/ 2212-81-9 - Longchang Chemical\",\"isPartOf\":{\"@id\":\"https:\/\/longchangchemical.com\/#website\"},\"primaryImageOfPage\":{\"@id\":\"https:\/\/longchangchemical.com\/product\/siperox-bipb\/#primaryimage\"},\"image\":{\"@id\":\"https:\/\/longchangchemical.com\/product\/siperox-bipb\/#primaryimage\"},\"thumbnailUrl\":\"https:\/\/longchangchemical.com\/wp-content\/uploads\/2022\/12\/Siperox\u00ae-BIPB-1.jpg\",\"datePublished\":\"2022-12-20T11:48:37+00:00\",\"dateModified\":\"2025-12-16T08:59:07+00:00\",\"description\":\"BIPB 96,also known as Bis(tert-butyldioxyisopropyl)benzene;Di(tert-butylperoxyisopropyl)benzene;Perkadox 14S;Perkadox 14;Luperox F40;Luperox F90P;FARIDA BIPB and is the key product of Longchang Chemical. We are the leading Organic peroxide manufacturer and supplier in China with the best quanlity and competitive price.\",\"breadcrumb\":{\"@id\":\"https:\/\/longchangchemical.com\/product\/siperox-bipb\/#breadcrumb\"},\"inLanguage\":\"tr\",\"potentialAction\":[{\"@type\":\"ReadAction\",\"target\":[\"https:\/\/longchangchemical.com\/product\/siperox-bipb\/\"]}]},{\"@type\":\"ImageObject\",\"inLanguage\":\"tr\",\"@id\":\"https:\/\/longchangchemical.com\/product\/siperox-bipb\/#primaryimage\",\"url\":\"https:\/\/longchangchemical.com\/wp-content\/uploads\/2022\/12\/Siperox\u00ae-BIPB-1.jpg\",\"contentUrl\":\"https:\/\/longchangchemical.com\/wp-content\/uploads\/2022\/12\/Siperox\u00ae-BIPB-1.jpg\",\"width\":800,\"height\":800,\"caption\":\"BIPB 96 \/ Bis(t-butylperoxy isopropy)benzene CAS 25155-25-3\"},{\"@type\":\"BreadcrumbList\",\"@id\":\"https:\/\/longchangchemical.com\/product\/siperox-bipb\/#breadcrumb\",\"itemListElement\":[{\"@type\":\"ListItem\",\"position\":1,\"name\":\"Home\",\"item\":\"https:\/\/longchangchemical.com\/\"},{\"@type\":\"ListItem\",\"position\":2,\"name\":\"Products Longchang\",\"item\":\"https:\/\/longchangchemical.com\/product\/\"},{\"@type\":\"ListItem\",\"position\":3,\"name\":\"BIPB 96 \/ Bis(t-butylperoxy isopropy)benzene CAS 25155-25-3\"}]},{\"@type\":\"WebSite\",\"@id\":\"https:\/\/longchangchemical.com\/#website\",\"url\":\"https:\/\/longchangchemical.com\/\",\"name\":\"Longchang Chemical\",\"description\":\"China chemical manufacturer \uff06 supplier\",\"publisher\":{\"@id\":\"https:\/\/longchangchemical.com\/#organization\"},\"potentialAction\":[{\"@type\":\"SearchAction\",\"target\":{\"@type\":\"EntryPoint\",\"urlTemplate\":\"https:\/\/longchangchemical.com\/?s={search_term_string}\"},\"query-input\":{\"@type\":\"PropertyValueSpecification\",\"valueRequired\":true,\"valueName\":\"search_term_string\"}}],\"inLanguage\":\"tr\"},{\"@type\":\"Organization\",\"@id\":\"https:\/\/longchangchemical.com\/#organization\",\"name\":\"Longchang Chemical\",\"url\":\"https:\/\/longchangchemical.com\/\",\"logo\":{\"@type\":\"ImageObject\",\"inLanguage\":\"tr\",\"@id\":\"https:\/\/longchangchemical.com\/#\/schema\/logo\/image\/\",\"url\":\"https:\/\/longchangchemical.com\/wp-content\/uploads\/2020\/08\/cropped-longchang-logo.png\",\"contentUrl\":\"https:\/\/longchangchemical.com\/wp-content\/uploads\/2020\/08\/cropped-longchang-logo.png\",\"width\":512,\"height\":512,\"caption\":\"Longchang Chemical\"},\"image\":{\"@id\":\"https:\/\/longchangchemical.com\/#\/schema\/logo\/image\/\"}}]}<\/script>\n<!-- \/ Yoast SEO plugin. -->","yoast_head_json":{"title":"Kokusuz \u00e7apraz ba\u011flama maddesi BIPB 96 \u00fcreticisi Cas 25155-25-3 \/ 2212-81-9 - Longchang Chemical","description":"BIPB 96, Bis (tert-butyldioxyisopropyl) benzene; Di (tert-butylperoxyisopropyl) benzene; Perkadox 14S; Perkadox 14; Luperox F40; Luperox F90P; FARIDA BIPB olarak da bilinir ve Longchang Chemical'\u0131n temel \u00fcr\u00fcn\u00fcd\u00fcr. Biz en iyi quanlity ve rekabet\u00e7i fiyat ile \u00c7in'in \u00f6nde gelen Organik peroksit \u00fcreticisi ve tedarik\u00e7isi vard\u0131r.","robots":{"index":"index","follow":"follow","max-snippet":"max-snippet:-1","max-image-preview":"max-image-preview:large","max-video-preview":"max-video-preview:-1"},"canonical":"https:\/\/longchangchemical.com\/tr\/product\/siperox-bipb\/","og_locale":"tr_TR","og_type":"article","og_title":"Odorless crosslinking agent BIPB 96 manufacturer Cas 25155-25-3 \/ 2212-81-9 - Longchang Chemical","og_description":"BIPB 96,also known as Bis(tert-butyldioxyisopropyl)benzene;Di(tert-butylperoxyisopropyl)benzene;Perkadox 14S;Perkadox 14;Luperox F40;Luperox F90P;FARIDA BIPB and is the key product of Longchang Chemical. We are the leading Organic peroxide manufacturer and supplier in China with the best quanlity and competitive price.","og_url":"https:\/\/longchangchemical.com\/tr\/product\/siperox-bipb\/","og_site_name":"Longchang Chemical","article_modified_time":"2025-12-16T08:59:07+00:00","og_image":[{"width":800,"height":800,"url":"https:\/\/longchangchemical.com\/wp-content\/uploads\/2022\/12\/Siperox\u00ae-BIPB-1.jpg","type":"image\/jpeg"}],"twitter_card":"summary_large_image","schema":{"@context":"https:\/\/schema.org","@graph":[{"@type":"WebPage","@id":"https:\/\/longchangchemical.com\/product\/siperox-bipb\/","url":"https:\/\/longchangchemical.com\/product\/siperox-bipb\/","name":"Kokusuz \u00e7apraz ba\u011flama maddesi BIPB 96 \u00fcreticisi Cas 25155-25-3 \/ 2212-81-9 - Longchang Chemical","isPartOf":{"@id":"https:\/\/longchangchemical.com\/#website"},"primaryImageOfPage":{"@id":"https:\/\/longchangchemical.com\/product\/siperox-bipb\/#primaryimage"},"image":{"@id":"https:\/\/longchangchemical.com\/product\/siperox-bipb\/#primaryimage"},"thumbnailUrl":"https:\/\/longchangchemical.com\/wp-content\/uploads\/2022\/12\/Siperox\u00ae-BIPB-1.jpg","datePublished":"2022-12-20T11:48:37+00:00","dateModified":"2025-12-16T08:59:07+00:00","description":"BIPB 96, Bis (tert-butyldioxyisopropyl) benzene; Di (tert-butylperoxyisopropyl) benzene; Perkadox 14S; Perkadox 14; Luperox F40; Luperox F90P; FARIDA BIPB olarak da bilinir ve Longchang Chemical'\u0131n temel \u00fcr\u00fcn\u00fcd\u00fcr. Biz en iyi quanlity ve rekabet\u00e7i fiyat ile \u00c7in'in \u00f6nde gelen Organik peroksit \u00fcreticisi ve tedarik\u00e7isi vard\u0131r.","breadcrumb":{"@id":"https:\/\/longchangchemical.com\/product\/siperox-bipb\/#breadcrumb"},"inLanguage":"tr","potentialAction":[{"@type":"ReadAction","target":["https:\/\/longchangchemical.com\/product\/siperox-bipb\/"]}]},{"@type":"ImageObject","inLanguage":"tr","@id":"https:\/\/longchangchemical.com\/product\/siperox-bipb\/#primaryimage","url":"https:\/\/longchangchemical.com\/wp-content\/uploads\/2022\/12\/Siperox\u00ae-BIPB-1.jpg","contentUrl":"https:\/\/longchangchemical.com\/wp-content\/uploads\/2022\/12\/Siperox\u00ae-BIPB-1.jpg","width":800,"height":800,"caption":"BIPB 96 \/ Bis(t-butylperoxy isopropy)benzene CAS 25155-25-3"},{"@type":"BreadcrumbList","@id":"https:\/\/longchangchemical.com\/product\/siperox-bipb\/#breadcrumb","itemListElement":[{"@type":"ListItem","position":1,"name":"Home","item":"https:\/\/longchangchemical.com\/"},{"@type":"ListItem","position":2,"name":"Products Longchang","item":"https:\/\/longchangchemical.com\/product\/"},{"@type":"ListItem","position":3,"name":"BIPB 96 \/ Bis(t-butylperoxy isopropy)benzene CAS 25155-25-3"}]},{"@type":"WebSite","@id":"https:\/\/longchangchemical.com\/#website","url":"https:\/\/longchangchemical.com\/","name":"Longchang Kimya","description":"\u00c7in kimyasal \u00fcreticisi \uff06 tedarik\u00e7isi","publisher":{"@id":"https:\/\/longchangchemical.com\/#organization"},"potentialAction":[{"@type":"SearchAction","target":{"@type":"EntryPoint","urlTemplate":"https:\/\/longchangchemical.com\/?s={search_term_string}"},"query-input":{"@type":"PropertyValueSpecification","valueRequired":true,"valueName":"search_term_string"}}],"inLanguage":"tr"},{"@type":"Organization","@id":"https:\/\/longchangchemical.com\/#organization","name":"Longchang Kimya","url":"https:\/\/longchangchemical.com\/","logo":{"@type":"ImageObject","inLanguage":"tr","@id":"https:\/\/longchangchemical.com\/#\/schema\/logo\/image\/","url":"https:\/\/longchangchemical.com\/wp-content\/uploads\/2020\/08\/cropped-longchang-logo.png","contentUrl":"https:\/\/longchangchemical.com\/wp-content\/uploads\/2020\/08\/cropped-longchang-logo.png","width":512,"height":512,"caption":"Longchang Chemical"},"image":{"@id":"https:\/\/longchangchemical.com\/#\/schema\/logo\/image\/"}}]}},"_links":{"self":[{"href":"https:\/\/longchangchemical.com\/tr\/wp-json\/wp\/v2\/product\/5811","targetHints":{"allow":["GET"]}}],"collection":[{"href":"https:\/\/longchangchemical.com\/tr\/wp-json\/wp\/v2\/product"}],"about":[{"href":"https:\/\/longchangchemical.com\/tr\/wp-json\/wp\/v2\/types\/product"}],"replies":[{"embeddable":true,"href":"https:\/\/longchangchemical.com\/tr\/wp-json\/wp\/v2\/comments?post=5811"}],"wp:featuredmedia":[{"embeddable":true,"href":"https:\/\/longchangchemical.com\/tr\/wp-json\/wp\/v2\/media\/6267"}],"wp:attachment":[{"href":"https:\/\/longchangchemical.com\/tr\/wp-json\/wp\/v2\/media?parent=5811"}],"wp:term":[{"taxonomy":"product_brand","embeddable":true,"href":"https:\/\/longchangchemical.com\/tr\/wp-json\/wp\/v2\/product_brand?post=5811"},{"taxonomy":"product_cat","embeddable":true,"href":"https:\/\/longchangchemical.com\/tr\/wp-json\/wp\/v2\/product_cat?post=5811"},{"taxonomy":"product_tag","embeddable":true,"href":"https:\/\/longchangchemical.com\/tr\/wp-json\/wp\/v2\/product_tag?post=5811"}],"curies":[{"name":"wp","href":"https:\/\/api.w.org\/{rel}","templated":true}]}}