{"id":5808,"date":"2022-12-19T13:02:35","date_gmt":"2022-12-19T13:02:35","guid":{"rendered":"https:\/\/longchangchemical.com\/?post_type=product&#038;p=5808"},"modified":"2025-12-22T06:53:27","modified_gmt":"2025-12-22T06:53:27","slug":"sinofdas-udad-ursodeoxycholic-acid-cas-128-13-2","status":"publish","type":"product","link":"https:\/\/longchangchemical.com\/tr\/product\/sinofdas-udad-ursodeoxycholic-acid-cas-128-13-2\/","title":{"rendered":"UDAD CAS 128-13-2"},"content":{"rendered":"<h1><strong>Ursodeoksikolik asit CAS 128-13-2<\/strong><\/h1>\n<table class=\"table-1\">\n<tbody>\n<tr>\n<td width=\"281\">\u00d6\u011fe<\/td>\n<td width=\"369\">Teknik \u00d6zellikler<\/td>\n<\/tr>\n<tr>\n<td width=\"281\">G\u00f6r\u00fcn\u00fc\u015f<\/td>\n<td width=\"369\">Beyaz veya beyaza yak\u0131n toz<\/td>\n<\/tr>\n<tr>\n<td width=\"281\">\u00c7\u00f6z\u00fcn\u00fcrl\u00fck<\/td>\n<td width=\"369\">Suda pratik olarak \u00e7\u00f6z\u00fcnmez; etanolde serbest\u00e7e \u00e7\u00f6z\u00fcn\u00fcr (y\u00fczde 96); asetonda az \u00e7\u00f6z\u00fcn\u00fcr; metilen klor\u00fcrde pratik olarak \u00e7\u00f6z\u00fcnmez.<\/td>\n<\/tr>\n<tr>\n<td width=\"281\">IR Tan\u0131mlama<\/td>\n<td width=\"369\">IR absorpsiyon spektrumu referans standart ile uyumlu olmal\u0131d\u0131r.<\/td>\n<\/tr>\n<tr>\n<td width=\"281\">TLC Tan\u0131mlama<\/td>\n<td width=\"369\">Geri kalan \u00e7\u00f6zelti (b) ile elde edilen kromatogramdaki ana nokta, referans \u00e7\u00f6zelti (a) ile elde edilen kromatogramdaki ana nokta ile konum, renk ve boyut bak\u0131m\u0131ndan benzerdir.<\/td>\n<\/tr>\n<tr>\n<td width=\"281\">Kimyasal Tan\u0131mlama<\/td>\n<td width=\"369\">Elde edilen s\u00fcspansiyon ye\u015filimsi mavidir.<\/td>\n<\/tr>\n<tr>\n<td width=\"281\">Spesifik optik<\/td>\n<td width=\"369\">+58.0\u00ba~+62.0\u00ba<\/td>\n<\/tr>\n<tr>\n<td width=\"281\">Erime noktas\u0131<\/td>\n<td width=\"369\">202\u2103 Hakk\u0131nda<\/td>\n<\/tr>\n<tr>\n<td width=\"281\">Safs\u0131zl\u0131k C<\/td>\n<td width=\"369\">\u22640,1%<\/td>\n<\/tr>\n<tr>\n<td width=\"281\">Safs\u0131zl\u0131k A<\/td>\n<td width=\"369\">\u22641.0%<\/td>\n<\/tr>\n<tr>\n<td width=\"281\">Belirtilmemi\u015f Safs\u0131zl\u0131klar<\/td>\n<td width=\"369\">\u22640,1%<\/td>\n<\/tr>\n<tr>\n<td width=\"281\">Toplam Safs\u0131zl\u0131klar<\/td>\n<td width=\"369\">\u00a0\u22641,5%<\/td>\n<\/tr>\n<tr>\n<td width=\"281\">Metanol<\/td>\n<td width=\"369\">\u22643000ppm<\/td>\n<\/tr>\n<tr>\n<td width=\"281\">\u0130zopropanol<\/td>\n<td width=\"369\">\u22645000ppm<\/td>\n<\/tr>\n<tr>\n<td width=\"281\">Etil asetat<\/td>\n<td width=\"369\">\u22645000ppm<\/td>\n<\/tr>\n<tr>\n<td width=\"281\">Kurutma kayb\u0131<\/td>\n<td width=\"369\">\u22641.0%<\/td>\n<\/tr>\n<tr>\n<td width=\"281\">S\u00fclfatl\u0131 k\u00fcl<\/td>\n<td width=\"369\">\u22640,1%<\/td>\n<\/tr>\n<tr>\n<td width=\"281\">A\u011f\u0131r metaller<\/td>\n<td width=\"369\">\u226420ppm<\/td>\n<\/tr>\n<tr>\n<td width=\"281\">Toplam Aerobik Mikrobiyal Say\u0131m<\/td>\n<td width=\"369\">\u226410\u00b3cfu\/g<\/td>\n<\/tr>\n<tr>\n<td width=\"281\">Toplam Maya ve K\u00fcf Say\u0131s\u0131<\/td>\n<td width=\"369\">\u226410\u00b2cfu\/g<\/td>\n<\/tr>\n<tr>\n<td width=\"281\">Escherichia coli<\/td>\n<td width=\"369\">Tespit edilmedi<\/td>\n<\/tr>\n<tr>\n<td width=\"281\">Tahlil (kuru madde \u00fczerinde)<\/td>\n<td width=\"369\">\u00a099.0%~101.0%<\/td>\n<\/tr>\n<tr>\n<td width=\"281\">Par\u00e7ac\u0131k Boyutu<\/td>\n<td width=\"369\">Referans i\u00e7in<\/td>\n<\/tr>\n<\/tbody>\n<\/table>\n<h2><\/h2>\n<h2><strong>Ursodeoksikolik asit Kullan\u0131m\u0131<\/strong><\/h2>\n<p>1. \u00c7al\u0131\u015fma, ursodeoksikolik asidin neokoronavir\u00fcs enfeksiyonlar\u0131n\u0131 \u00f6nlemek i\u00e7in kullan\u0131labilece\u011fini, h\u00fccrelerdeki h\u00fccresel ACE-resept\u00f6rlerinin say\u0131s\u0131n\u0131 azaltarak vir\u00fcslerin insan h\u00fccrelerine girmesini daha zor hale getirdi\u011fini buldu.<\/p>\n<p>2. Ursodeoksikolik asit, hastan\u0131n v\u00fccuduna girdi\u011finde safra asitlerinin salg\u0131lanmas\u0131n\u0131 art\u0131rd\u0131\u011f\u0131 i\u00e7in faydal\u0131 bir kolestatik etkiye sahiptir.<\/p>\n<p>3. Ayr\u0131ca karaci\u011ferde kolesterol sentezini inhibe ederek safrada bulunan kolesterol ve kolesterol esterlerini azalt\u0131r. Buna ek olarak, \u00e7al\u0131\u015fmalar ursodeoksikolik asidin kronik karaci\u011fer hastal\u0131klar\u0131 ile u\u011fra\u015f\u0131rken imm\u00fcnomod\u00fclat\u00f6r bir etkiye sahip olabilece\u011fini g\u00f6stermi\u015ftir.<\/p>\n<p>4. Ursodeoksikolik asit kolesterol\u00fcn d\u00fc\u015f\u00fcr\u00fclmesi ve ta\u015f erimesi i\u00e7in faydal\u0131d\u0131r ve safra kesesindeki k\u00fc\u00e7\u00fck ta\u015flar\u0131n ameliyats\u0131z tedavisi i\u00e7in kullan\u0131labilir.<\/p>\n<p>&nbsp;<\/p>\n<h2><strong>Ursodeoksikolik asit Paketleme ve Sevkiyat<\/strong><\/h2>\n<p>Ambalaj: 25KG\/davul<br \/>\nTeslimat: Genel mallar<\/p>\n<h2><strong>Ursodeoksikolik asit Depolama<\/strong><\/h2>\n<p>Saklama Ko\u015fullar\u0131: Serin, kuru, iyi havaland\u0131r\u0131lm\u0131\u015f bir yerde saklay\u0131n.<\/p>\n<p>&nbsp;<\/p>\n<h2><strong><b>\u015eimdi Bize Ula\u015f\u0131n!<\/b><\/strong><\/h2>\n<h4><strong><b>COA, MSDS veya TDS'ye ihtiyac\u0131n\u0131z varsa, l\u00fctfen a\u015fa\u011f\u0131daki forma ileti\u015fim bilgilerinizi girin, genellikle 24 saat i\u00e7inde sizinle ileti\u015fime ge\u00e7ece\u011fiz.<\/b><\/strong> Bana e-posta da g\u00f6nderebilirsiniz <a href=\"mailto:info@longchangchemical.com\"><span style=\"color: #0000ff;\">info@longchangchemical.com<\/span><\/a> \u00c7al\u0131\u015fma saatleri i\u00e7inde (8:30 - 6:00 UTC+8 Pzt.~Sat.) veya h\u0131zl\u0131 yan\u0131t almak i\u00e7in web sitesi canl\u0131 sohbetini kullan\u0131n.<\/h4>","protected":false},"excerpt":{"rendered":"<p>Kimyasal Ad\u0131:Ursodeoksikolik asit<br \/>\nCAS No.:128-13-2<br \/>\nMolek\u00fcler Fom\u00fcl:C24H40O4<\/p>\n<p>Molek\u00fcl a\u011f\u0131rl\u0131\u011f\u0131:392.57<br \/>\nG\u00f6r\u00fcn\u00fcm:beyaz toz<\/p>\n<p>Test:99%<br \/>\nG\u00f6r\u00fcn\u00fcm:beyaz toz<br \/>\nKapasite:300MT\/Ay<br \/>\nAmbalaj:25KG\/Davul<br \/>\n\u00d6rnek: mevcut<\/p>","protected":false},"featured_media":5809,"comment_status":"open","ping_status":"closed","template":"","meta":[],"product_brand":[],"product_cat":[73],"product_tag":[],"class_list":{"0":"post-5808","1":"product","2":"type-product","3":"status-publish","4":"has-post-thumbnail","6":"product_cat-other-additives","8":"first","9":"instock","10":"shipping-taxable","11":"product-type-simple"},"yoast_head":"<!-- This site is optimized with the Yoast SEO plugin v25.3.1 - https:\/\/yoast.com\/wordpress\/plugins\/seo\/ -->\n<title>China Ursodeoxycholic acid Manufacturer CAS 128-13-2 supplier - Longchang Chemical<\/title>\n<meta name=\"description\" content=\"UDAD CAS 128-13-2 is a key product of Longchang Chemical. We provide the best price. We are the leading manufacturer in China with the best quality and competitive price.\" \/>\n<meta name=\"robots\" content=\"index, follow, max-snippet:-1, max-image-preview:large, max-video-preview:-1\" \/>\n<link rel=\"canonical\" href=\"https:\/\/longchangchemical.com\/tr\/product\/sinofdas-udad-ursodeoxycholic-acid-cas-128-13-2\/\" \/>\n<meta property=\"og:locale\" content=\"tr_TR\" \/>\n<meta property=\"og:type\" content=\"article\" \/>\n<meta property=\"og:title\" content=\"China Ursodeoxycholic acid Manufacturer CAS 128-13-2 supplier - Longchang Chemical\" \/>\n<meta property=\"og:description\" content=\"UDAD CAS 128-13-2 is a key product of Longchang Chemical. We provide the best price. We are the leading manufacturer in China with the best quality and competitive price.\" \/>\n<meta property=\"og:url\" content=\"https:\/\/longchangchemical.com\/tr\/product\/sinofdas-udad-ursodeoxycholic-acid-cas-128-13-2\/\" \/>\n<meta property=\"og:site_name\" content=\"Longchang Chemical\" \/>\n<meta property=\"article:modified_time\" content=\"2025-12-22T06:53:27+00:00\" \/>\n<meta property=\"og:image\" content=\"https:\/\/longchangchemical.com\/wp-content\/uploads\/2022\/12\/-UDAD-Ursodeoxycholic-acid-CAS-128-13-2.jpg\" \/>\n\t<meta property=\"og:image:width\" content=\"800\" \/>\n\t<meta property=\"og:image:height\" content=\"800\" \/>\n\t<meta property=\"og:image:type\" content=\"image\/jpeg\" \/>\n<meta name=\"twitter:card\" content=\"summary_large_image\" \/>\n<script type=\"application\/ld+json\" class=\"yoast-schema-graph\">{\"@context\":\"https:\/\/schema.org\",\"@graph\":[{\"@type\":\"WebPage\",\"@id\":\"https:\/\/longchangchemical.com\/product\/sinofdas-udad-ursodeoxycholic-acid-cas-128-13-2\/\",\"url\":\"https:\/\/longchangchemical.com\/product\/sinofdas-udad-ursodeoxycholic-acid-cas-128-13-2\/\",\"name\":\"China Ursodeoxycholic acid Manufacturer CAS 128-13-2 supplier - Longchang Chemical\",\"isPartOf\":{\"@id\":\"https:\/\/longchangchemical.com\/#website\"},\"primaryImageOfPage\":{\"@id\":\"https:\/\/longchangchemical.com\/product\/sinofdas-udad-ursodeoxycholic-acid-cas-128-13-2\/#primaryimage\"},\"image\":{\"@id\":\"https:\/\/longchangchemical.com\/product\/sinofdas-udad-ursodeoxycholic-acid-cas-128-13-2\/#primaryimage\"},\"thumbnailUrl\":\"https:\/\/longchangchemical.com\/wp-content\/uploads\/2022\/12\/-UDAD-Ursodeoxycholic-acid-CAS-128-13-2.jpg\",\"datePublished\":\"2022-12-19T13:02:35+00:00\",\"dateModified\":\"2025-12-22T06:53:27+00:00\",\"description\":\"UDAD CAS 128-13-2 is a key product of Longchang Chemical. We provide the best price. We are the leading manufacturer in China with the best quality and competitive price.\",\"breadcrumb\":{\"@id\":\"https:\/\/longchangchemical.com\/product\/sinofdas-udad-ursodeoxycholic-acid-cas-128-13-2\/#breadcrumb\"},\"inLanguage\":\"tr\",\"potentialAction\":[{\"@type\":\"ReadAction\",\"target\":[\"https:\/\/longchangchemical.com\/product\/sinofdas-udad-ursodeoxycholic-acid-cas-128-13-2\/\"]}]},{\"@type\":\"ImageObject\",\"inLanguage\":\"tr\",\"@id\":\"https:\/\/longchangchemical.com\/product\/sinofdas-udad-ursodeoxycholic-acid-cas-128-13-2\/#primaryimage\",\"url\":\"https:\/\/longchangchemical.com\/wp-content\/uploads\/2022\/12\/-UDAD-Ursodeoxycholic-acid-CAS-128-13-2.jpg\",\"contentUrl\":\"https:\/\/longchangchemical.com\/wp-content\/uploads\/2022\/12\/-UDAD-Ursodeoxycholic-acid-CAS-128-13-2.jpg\",\"width\":800,\"height\":800,\"caption\":\"UDAD \/ Ursodeoxycholic acid CAS 128-13-2\"},{\"@type\":\"BreadcrumbList\",\"@id\":\"https:\/\/longchangchemical.com\/product\/sinofdas-udad-ursodeoxycholic-acid-cas-128-13-2\/#breadcrumb\",\"itemListElement\":[{\"@type\":\"ListItem\",\"position\":1,\"name\":\"Home\",\"item\":\"https:\/\/longchangchemical.com\/\"},{\"@type\":\"ListItem\",\"position\":2,\"name\":\"Products Longchang\",\"item\":\"https:\/\/longchangchemical.com\/product\/\"},{\"@type\":\"ListItem\",\"position\":3,\"name\":\"UDAD CAS 128-13-2\"}]},{\"@type\":\"WebSite\",\"@id\":\"https:\/\/longchangchemical.com\/#website\",\"url\":\"https:\/\/longchangchemical.com\/\",\"name\":\"Longchang Chemical\",\"description\":\"China chemical manufacturer \uff06 supplier\",\"publisher\":{\"@id\":\"https:\/\/longchangchemical.com\/#organization\"},\"potentialAction\":[{\"@type\":\"SearchAction\",\"target\":{\"@type\":\"EntryPoint\",\"urlTemplate\":\"https:\/\/longchangchemical.com\/?s={search_term_string}\"},\"query-input\":{\"@type\":\"PropertyValueSpecification\",\"valueRequired\":true,\"valueName\":\"search_term_string\"}}],\"inLanguage\":\"tr\"},{\"@type\":\"Organization\",\"@id\":\"https:\/\/longchangchemical.com\/#organization\",\"name\":\"Longchang Chemical\",\"url\":\"https:\/\/longchangchemical.com\/\",\"logo\":{\"@type\":\"ImageObject\",\"inLanguage\":\"tr\",\"@id\":\"https:\/\/longchangchemical.com\/#\/schema\/logo\/image\/\",\"url\":\"https:\/\/longchangchemical.com\/wp-content\/uploads\/2020\/08\/cropped-longchang-logo.png\",\"contentUrl\":\"https:\/\/longchangchemical.com\/wp-content\/uploads\/2020\/08\/cropped-longchang-logo.png\",\"width\":512,\"height\":512,\"caption\":\"Longchang Chemical\"},\"image\":{\"@id\":\"https:\/\/longchangchemical.com\/#\/schema\/logo\/image\/\"}}]}<\/script>\n<!-- \/ Yoast SEO plugin. -->","yoast_head_json":{"title":"\u00c7in Ursodeoksikolik asit \u00dcreticisi CAS 128-13-2 Tedarik\u00e7i - Longchang Chemical","description":"UDAD CAS 128-13-2, Longchang Chemical'\u0131n \u00f6nemli bir \u00fcr\u00fcn\u00fcd\u00fcr. En iyi fiyat\u0131 sa\u011fl\u0131yoruz. En iyi kalite ve rekabet\u00e7i fiyat ile \u00c7in'in \u00f6nde gelen \u00fcreticisiyiz.","robots":{"index":"index","follow":"follow","max-snippet":"max-snippet:-1","max-image-preview":"max-image-preview:large","max-video-preview":"max-video-preview:-1"},"canonical":"https:\/\/longchangchemical.com\/tr\/product\/sinofdas-udad-ursodeoxycholic-acid-cas-128-13-2\/","og_locale":"tr_TR","og_type":"article","og_title":"China Ursodeoxycholic acid Manufacturer CAS 128-13-2 supplier - Longchang Chemical","og_description":"UDAD CAS 128-13-2 is a key product of Longchang Chemical. We provide the best price. We are the leading manufacturer in China with the best quality and competitive price.","og_url":"https:\/\/longchangchemical.com\/tr\/product\/sinofdas-udad-ursodeoxycholic-acid-cas-128-13-2\/","og_site_name":"Longchang Chemical","article_modified_time":"2025-12-22T06:53:27+00:00","og_image":[{"width":800,"height":800,"url":"https:\/\/longchangchemical.com\/wp-content\/uploads\/2022\/12\/-UDAD-Ursodeoxycholic-acid-CAS-128-13-2.jpg","type":"image\/jpeg"}],"twitter_card":"summary_large_image","schema":{"@context":"https:\/\/schema.org","@graph":[{"@type":"WebPage","@id":"https:\/\/longchangchemical.com\/product\/sinofdas-udad-ursodeoxycholic-acid-cas-128-13-2\/","url":"https:\/\/longchangchemical.com\/product\/sinofdas-udad-ursodeoxycholic-acid-cas-128-13-2\/","name":"\u00c7in Ursodeoksikolik asit \u00dcreticisi CAS 128-13-2 Tedarik\u00e7i - Longchang Chemical","isPartOf":{"@id":"https:\/\/longchangchemical.com\/#website"},"primaryImageOfPage":{"@id":"https:\/\/longchangchemical.com\/product\/sinofdas-udad-ursodeoxycholic-acid-cas-128-13-2\/#primaryimage"},"image":{"@id":"https:\/\/longchangchemical.com\/product\/sinofdas-udad-ursodeoxycholic-acid-cas-128-13-2\/#primaryimage"},"thumbnailUrl":"https:\/\/longchangchemical.com\/wp-content\/uploads\/2022\/12\/-UDAD-Ursodeoxycholic-acid-CAS-128-13-2.jpg","datePublished":"2022-12-19T13:02:35+00:00","dateModified":"2025-12-22T06:53:27+00:00","description":"UDAD CAS 128-13-2, Longchang Chemical'\u0131n \u00f6nemli bir \u00fcr\u00fcn\u00fcd\u00fcr. En iyi fiyat\u0131 sa\u011fl\u0131yoruz. En iyi kalite ve rekabet\u00e7i fiyat ile \u00c7in'in \u00f6nde gelen \u00fcreticisiyiz.","breadcrumb":{"@id":"https:\/\/longchangchemical.com\/product\/sinofdas-udad-ursodeoxycholic-acid-cas-128-13-2\/#breadcrumb"},"inLanguage":"tr","potentialAction":[{"@type":"ReadAction","target":["https:\/\/longchangchemical.com\/product\/sinofdas-udad-ursodeoxycholic-acid-cas-128-13-2\/"]}]},{"@type":"ImageObject","inLanguage":"tr","@id":"https:\/\/longchangchemical.com\/product\/sinofdas-udad-ursodeoxycholic-acid-cas-128-13-2\/#primaryimage","url":"https:\/\/longchangchemical.com\/wp-content\/uploads\/2022\/12\/-UDAD-Ursodeoxycholic-acid-CAS-128-13-2.jpg","contentUrl":"https:\/\/longchangchemical.com\/wp-content\/uploads\/2022\/12\/-UDAD-Ursodeoxycholic-acid-CAS-128-13-2.jpg","width":800,"height":800,"caption":"UDAD \/ Ursodeoxycholic acid CAS 128-13-2"},{"@type":"BreadcrumbList","@id":"https:\/\/longchangchemical.com\/product\/sinofdas-udad-ursodeoxycholic-acid-cas-128-13-2\/#breadcrumb","itemListElement":[{"@type":"ListItem","position":1,"name":"Home","item":"https:\/\/longchangchemical.com\/"},{"@type":"ListItem","position":2,"name":"Products Longchang","item":"https:\/\/longchangchemical.com\/product\/"},{"@type":"ListItem","position":3,"name":"UDAD CAS 128-13-2"}]},{"@type":"WebSite","@id":"https:\/\/longchangchemical.com\/#website","url":"https:\/\/longchangchemical.com\/","name":"Longchang Kimya","description":"\u00c7in kimyasal \u00fcreticisi \uff06 tedarik\u00e7isi","publisher":{"@id":"https:\/\/longchangchemical.com\/#organization"},"potentialAction":[{"@type":"SearchAction","target":{"@type":"EntryPoint","urlTemplate":"https:\/\/longchangchemical.com\/?s={search_term_string}"},"query-input":{"@type":"PropertyValueSpecification","valueRequired":true,"valueName":"search_term_string"}}],"inLanguage":"tr"},{"@type":"Organization","@id":"https:\/\/longchangchemical.com\/#organization","name":"Longchang Kimya","url":"https:\/\/longchangchemical.com\/","logo":{"@type":"ImageObject","inLanguage":"tr","@id":"https:\/\/longchangchemical.com\/#\/schema\/logo\/image\/","url":"https:\/\/longchangchemical.com\/wp-content\/uploads\/2020\/08\/cropped-longchang-logo.png","contentUrl":"https:\/\/longchangchemical.com\/wp-content\/uploads\/2020\/08\/cropped-longchang-logo.png","width":512,"height":512,"caption":"Longchang Chemical"},"image":{"@id":"https:\/\/longchangchemical.com\/#\/schema\/logo\/image\/"}}]}},"_links":{"self":[{"href":"https:\/\/longchangchemical.com\/tr\/wp-json\/wp\/v2\/product\/5808","targetHints":{"allow":["GET"]}}],"collection":[{"href":"https:\/\/longchangchemical.com\/tr\/wp-json\/wp\/v2\/product"}],"about":[{"href":"https:\/\/longchangchemical.com\/tr\/wp-json\/wp\/v2\/types\/product"}],"replies":[{"embeddable":true,"href":"https:\/\/longchangchemical.com\/tr\/wp-json\/wp\/v2\/comments?post=5808"}],"wp:featuredmedia":[{"embeddable":true,"href":"https:\/\/longchangchemical.com\/tr\/wp-json\/wp\/v2\/media\/5809"}],"wp:attachment":[{"href":"https:\/\/longchangchemical.com\/tr\/wp-json\/wp\/v2\/media?parent=5808"}],"wp:term":[{"taxonomy":"product_brand","embeddable":true,"href":"https:\/\/longchangchemical.com\/tr\/wp-json\/wp\/v2\/product_brand?post=5808"},{"taxonomy":"product_cat","embeddable":true,"href":"https:\/\/longchangchemical.com\/tr\/wp-json\/wp\/v2\/product_cat?post=5808"},{"taxonomy":"product_tag","embeddable":true,"href":"https:\/\/longchangchemical.com\/tr\/wp-json\/wp\/v2\/product_tag?post=5808"}],"curies":[{"name":"wp","href":"https:\/\/api.w.org\/{rel}","templated":true}]}}