{"id":5782,"date":"2022-12-10T13:41:24","date_gmt":"2022-12-10T13:41:24","guid":{"rendered":"https:\/\/longchangchemical.com\/?post_type=product&#038;p=5782"},"modified":"2025-04-01T07:11:34","modified_gmt":"2025-04-01T07:11:34","slug":"agesin-la-d5433","status":"publish","type":"product","link":"https:\/\/longchangchemical.com\/tr\/product\/agesin-la-d5433\/","title":{"rendered":"CHLUMICRYL\u00ae LA-D5433 \/ Polieter modifiye polidimetil siloksan"},"content":{"rendered":"<h1><strong> LA-D5433 \/ Polieter modifiye polidimetil siloksan<\/strong><\/h1>\n<table width=\"100%\" cellspacing=\"0\" cellpadding=\"0\">\n<tbody>\n<tr>\n<td>Kompozisyon<\/td>\n<td>Polieter modifiye polidimetil siloksan<\/td>\n<\/tr>\n<tr>\n<td>G\u00f6r\u00fcn\u00fc\u015f<\/td>\n<td>hafif sar\u0131ms\u0131 berrak s\u0131v\u0131 (d\u00fc\u015f\u00fck s\u0131cakl\u0131kta macun)<\/td>\n<\/tr>\n<tr>\n<td>Solvent<\/td>\n<td>--<\/td>\n<\/tr>\n<tr>\n<td>Yo\u011funluk<\/td>\n<td>1.01-1.05g\/ml (25\u00b11)\u2103<\/td>\n<\/tr>\n<tr>\n<td>Viskozite<\/td>\n<td>25-60s(Tu-4 viscometer)(25\u00b10.2)\u2103<\/td>\n<\/tr>\n<tr>\n<td>Aktif madde<\/td>\n<td>100%<\/td>\n<\/tr>\n<tr>\n<td>Parlama noktas\u0131<\/td>\n<td>\uff1e100\u2103<\/td>\n<\/tr>\n<\/tbody>\n<\/table>\n<p>Not: Bu veri sayfas\u0131 standart de\u011fil tipik sonu\u00e7lar vermek \u00fczere haz\u0131rlanm\u0131\u015ft\u0131r ve COA'ya tabidir.<\/p>\n<p><strong>Uygulama sistemi<\/strong><\/p>\n<p>Su bazl\u0131, Solvent bazl\u0131, UV K\u00fcr<\/p>\n<p><strong>M\u00fclkler<\/strong><\/p>\n<p>Vernikte m\u00fckemmel uyumluluk.<br \/>\nY\u00fczey geriliminin daha g\u00fc\u00e7l\u00fc bir \u015fekilde azalt\u0131lmas\u0131n\u0131 sa\u011flar.<br \/>\nS\u00fcrt\u00fcnme katsay\u0131s\u0131n\u0131 azalt\u0131n. Kaymay\u0131 art\u0131r\u0131n ve \u00e7izilme direncini iyile\u015ftirin.<br \/>\nUygun ekleme ve pi\u015firme s\u0131cakl\u0131\u011f\u0131nda iyi yeniden kaplama ve kaplama filmlerinin yap\u0131\u015fmas\u0131 \u00fczerinde minimum etki.<br \/>\nKrater kar\u015f\u0131t\u0131 m\u00fckemmel \u00f6zellik.<br \/>\nSuda iyi \u00e7\u00f6z\u00fcn\u00fcrl\u00fck.<br \/>\nD\u00fc\u015f\u00fck s\u0131cakl\u0131klarda puslu ve viskoz olabilir. Is\u0131t\u0131ld\u0131ktan sonra berrakla\u015facak ve akacakt\u0131r. Bu durum kaliteyi etkilemeyecektir.<\/p>\n<p><strong>\u015eirketle\u015fme<\/strong><\/p>\n<p>Kaplama sistemindeki ile ayn\u0131 \u00f6nceden seyreltilmi\u015f solvent ile eklenmesi kolayd\u0131r. Ekleme sonras\u0131 olarak eklenebilir.<\/p>\n<p><strong>Ekleme \u00f6nerisi<\/strong><\/p>\n<p>Toplam form\u00fclasyona ekleme 0,05-0,5%<\/p>\n<p><strong>Depolama kararl\u0131l\u0131\u011f\u0131<\/strong><\/p>\n<p>Orijinal ambalaj\u0131nda 24 ay bozulmadan saklay\u0131n\u0131z. Saklama s\u00fcresini a\u015fan \u00fcr\u00fcnler kontrol edildikten sonra kullan\u0131lmaya devam edilebilir. Kap kullan\u0131mdan hemen sonra kapat\u0131lmal\u0131d\u0131r.<\/p>\n<p><strong>Tavsiye ba\u015fvurusu<\/strong><\/p>\n<table width=\"100%\" cellspacing=\"0\" cellpadding=\"0\">\n<tbody>\n<tr>\n<td>Vernikte \u015feffafl\u0131k<\/td>\n<td>5<\/td>\n<\/tr>\n<tr>\n<td>K\u00f6p\u00fck giderici<\/td>\n<td>0<\/td>\n<\/tr>\n<tr>\n<td>Dinamik y\u00fczey gerilimi<\/td>\n<td>5<\/td>\n<\/tr>\n<tr>\n<td>Statik y\u00fczey gerilimi<\/td>\n<td>5<\/td>\n<\/tr>\n<tr>\n<td>Kayma<\/td>\n<td>4<\/td>\n<\/tr>\n<tr>\n<td>Portakal kabu\u011funu \u00f6nleyin<\/td>\n<td>1<\/td>\n<\/tr>\n<\/tbody>\n<\/table>\n<p>0=mevcut de\u011fil 5=\u00e7ok etkili<\/p>\n<p><strong>paket<\/strong><\/p>\n<p>25KG \/ 180KG<\/p>\n<div>\n<p><strong><b>Depolama:<\/b><\/strong><\/p>\n<p>Kuru, temiz ve iyi havaland\u0131r\u0131lan bir depoda muhafaza edilecektir.<\/p>\n<p>I\u015f\u0131\u011fa ve \u0131s\u0131ya maruz b\u0131rakmaktan ka\u00e7\u0131n\u0131n.<\/p>\n<p>\u00dcr\u00fcn\u00fc nakliye s\u0131ras\u0131nda s\u0131z\u0131nt\u0131, ya\u011fmur ve g\u00fcne\u015ften korumak.<\/p>\n<\/div>","protected":false},"excerpt":{"rendered":"<p>\u00dcr\u00fcn tan\u0131m\u0131: Polieter modifiye polidimetil siloksan<\/p>\n<p><strong>Tamamen de\u011fi\u015ftirildi<\/strong>- BYK-333, ELEMENTIS Levaslip 879, DOW CORNING 8526<\/p>\n<p>G\u00f6r\u00fcn\u00fc\u015f: Hafif sar\u0131ms\u0131 berrak s\u0131v\u0131<\/p>\n<p>Viskozite: 25-60s (Tu-4 viskozimetre) (25\u00b10,2)\u2103<\/p>","protected":false},"featured_media":5916,"comment_status":"closed","ping_status":"closed","template":"","meta":[],"product_brand":[],"product_cat":[138],"product_tag":[],"class_list":{"0":"post-5782","1":"product","2":"type-product","3":"status-publish","4":"has-post-thumbnail","6":"product_cat-coating-and-ink-additives","8":"first","9":"instock","10":"shipping-taxable","11":"product-type-simple"},"yoast_head":"<!-- This site is optimized with the Yoast SEO plugin v25.3.1 - https:\/\/yoast.com\/wordpress\/plugins\/seo\/ -->\n<title>China CHLUMICRYL\u00ae LA-D5433 \/ Polyether modified polydimethyl siloxane Manufacturer - Longchang Chemical<\/title>\n<meta name=\"description\" content=\"CHLUMICRYL\u00ae LA-D5433 \/ Polyether modified polydimethyl siloxane is a key product of Longchang Chemical. We provide the best price. We are the leading manufacturer in China with the best quality and competitive price.\" \/>\n<meta name=\"robots\" content=\"index, follow, max-snippet:-1, max-image-preview:large, max-video-preview:-1\" \/>\n<link rel=\"canonical\" href=\"https:\/\/longchangchemical.com\/tr\/product\/agesin-la-d5433\/\" \/>\n<meta property=\"og:locale\" content=\"tr_TR\" \/>\n<meta property=\"og:type\" content=\"article\" \/>\n<meta property=\"og:title\" content=\"China CHLUMICRYL\u00ae LA-D5433 \/ Polyether modified polydimethyl siloxane Manufacturer - Longchang Chemical\" \/>\n<meta property=\"og:description\" content=\"CHLUMICRYL\u00ae LA-D5433 \/ Polyether modified polydimethyl siloxane is a key product of Longchang Chemical. We provide the best price. We are the leading manufacturer in China with the best quality and competitive price.\" \/>\n<meta property=\"og:url\" content=\"https:\/\/longchangchemical.com\/tr\/product\/agesin-la-d5433\/\" \/>\n<meta property=\"og:site_name\" content=\"Longchang Chemical\" \/>\n<meta property=\"article:modified_time\" content=\"2025-04-01T07:11:34+00:00\" \/>\n<meta property=\"og:image\" content=\"https:\/\/longchangchemical.com\/wp-content\/uploads\/2022\/12\/-LA-D5433.jpg\" \/>\n\t<meta property=\"og:image:width\" content=\"800\" \/>\n\t<meta property=\"og:image:height\" content=\"800\" \/>\n\t<meta property=\"og:image:type\" content=\"image\/jpeg\" \/>\n<meta name=\"twitter:card\" content=\"summary_large_image\" \/>\n<script type=\"application\/ld+json\" class=\"yoast-schema-graph\">{\"@context\":\"https:\/\/schema.org\",\"@graph\":[{\"@type\":\"WebPage\",\"@id\":\"https:\/\/longchangchemical.com\/product\/agesin-la-d5433\/\",\"url\":\"https:\/\/longchangchemical.com\/product\/agesin-la-d5433\/\",\"name\":\"China CHLUMICRYL\u00ae LA-D5433 \/ Polyether modified polydimethyl siloxane Manufacturer - Longchang Chemical\",\"isPartOf\":{\"@id\":\"https:\/\/longchangchemical.com\/#website\"},\"primaryImageOfPage\":{\"@id\":\"https:\/\/longchangchemical.com\/product\/agesin-la-d5433\/#primaryimage\"},\"image\":{\"@id\":\"https:\/\/longchangchemical.com\/product\/agesin-la-d5433\/#primaryimage\"},\"thumbnailUrl\":\"https:\/\/longchangchemical.com\/wp-content\/uploads\/2022\/12\/-LA-D5433.jpg\",\"datePublished\":\"2022-12-10T13:41:24+00:00\",\"dateModified\":\"2025-04-01T07:11:34+00:00\",\"description\":\"CHLUMICRYL\u00ae LA-D5433 \/ Polyether modified polydimethyl siloxane is a key product of Longchang Chemical. We provide the best price. We are the leading manufacturer in China with the best quality and competitive price.\",\"breadcrumb\":{\"@id\":\"https:\/\/longchangchemical.com\/product\/agesin-la-d5433\/#breadcrumb\"},\"inLanguage\":\"tr\",\"potentialAction\":[{\"@type\":\"ReadAction\",\"target\":[\"https:\/\/longchangchemical.com\/product\/agesin-la-d5433\/\"]}]},{\"@type\":\"ImageObject\",\"inLanguage\":\"tr\",\"@id\":\"https:\/\/longchangchemical.com\/product\/agesin-la-d5433\/#primaryimage\",\"url\":\"https:\/\/longchangchemical.com\/wp-content\/uploads\/2022\/12\/-LA-D5433.jpg\",\"contentUrl\":\"https:\/\/longchangchemical.com\/wp-content\/uploads\/2022\/12\/-LA-D5433.jpg\",\"width\":800,\"height\":800,\"caption\":\"LA-D5433 \/ Polyether modified polydimethyl siloxane\"},{\"@type\":\"BreadcrumbList\",\"@id\":\"https:\/\/longchangchemical.com\/product\/agesin-la-d5433\/#breadcrumb\",\"itemListElement\":[{\"@type\":\"ListItem\",\"position\":1,\"name\":\"Home\",\"item\":\"https:\/\/longchangchemical.com\/\"},{\"@type\":\"ListItem\",\"position\":2,\"name\":\"Products Longchang\",\"item\":\"https:\/\/longchangchemical.com\/product\/\"},{\"@type\":\"ListItem\",\"position\":3,\"name\":\"CHLUMICRYL\u00ae LA-D5433 \/ Polyether modified polydimethyl siloxane\"}]},{\"@type\":\"WebSite\",\"@id\":\"https:\/\/longchangchemical.com\/#website\",\"url\":\"https:\/\/longchangchemical.com\/\",\"name\":\"Longchang Chemical\",\"description\":\"China chemical manufacturer \uff06 supplier\",\"publisher\":{\"@id\":\"https:\/\/longchangchemical.com\/#organization\"},\"potentialAction\":[{\"@type\":\"SearchAction\",\"target\":{\"@type\":\"EntryPoint\",\"urlTemplate\":\"https:\/\/longchangchemical.com\/?s={search_term_string}\"},\"query-input\":{\"@type\":\"PropertyValueSpecification\",\"valueRequired\":true,\"valueName\":\"search_term_string\"}}],\"inLanguage\":\"tr\"},{\"@type\":\"Organization\",\"@id\":\"https:\/\/longchangchemical.com\/#organization\",\"name\":\"Longchang Chemical\",\"url\":\"https:\/\/longchangchemical.com\/\",\"logo\":{\"@type\":\"ImageObject\",\"inLanguage\":\"tr\",\"@id\":\"https:\/\/longchangchemical.com\/#\/schema\/logo\/image\/\",\"url\":\"https:\/\/longchangchemical.com\/wp-content\/uploads\/2020\/08\/cropped-longchang-logo.png\",\"contentUrl\":\"https:\/\/longchangchemical.com\/wp-content\/uploads\/2020\/08\/cropped-longchang-logo.png\",\"width\":512,\"height\":512,\"caption\":\"Longchang Chemical\"},\"image\":{\"@id\":\"https:\/\/longchangchemical.com\/#\/schema\/logo\/image\/\"}}]}<\/script>\n<!-- \/ Yoast SEO plugin. -->","yoast_head_json":{"title":"\u00c7in CHLUMICRYL\u00ae LA-D5433 \/ Polieter modifiye polidimetil siloksan \u00dcreticisi - Longchang Chemical","description":"CHLUMICRYL\u00ae LA-D5433 \/ Polieter modifiye polidimetil siloksan, Longchang Chemical'\u0131n \u00f6nemli bir \u00fcr\u00fcn\u00fcd\u00fcr. En iyi fiyat\u0131 sa\u011fl\u0131yoruz. En iyi kalite ve rekabet\u00e7i fiyat ile \u00c7in'in \u00f6nde gelen \u00fcreticisiyiz.","robots":{"index":"index","follow":"follow","max-snippet":"max-snippet:-1","max-image-preview":"max-image-preview:large","max-video-preview":"max-video-preview:-1"},"canonical":"https:\/\/longchangchemical.com\/tr\/product\/agesin-la-d5433\/","og_locale":"tr_TR","og_type":"article","og_title":"China CHLUMICRYL\u00ae LA-D5433 \/ Polyether modified polydimethyl siloxane Manufacturer - Longchang Chemical","og_description":"CHLUMICRYL\u00ae LA-D5433 \/ Polyether modified polydimethyl siloxane is a key product of Longchang Chemical. We provide the best price. We are the leading manufacturer in China with the best quality and competitive price.","og_url":"https:\/\/longchangchemical.com\/tr\/product\/agesin-la-d5433\/","og_site_name":"Longchang Chemical","article_modified_time":"2025-04-01T07:11:34+00:00","og_image":[{"width":800,"height":800,"url":"https:\/\/longchangchemical.com\/wp-content\/uploads\/2022\/12\/-LA-D5433.jpg","type":"image\/jpeg"}],"twitter_card":"summary_large_image","schema":{"@context":"https:\/\/schema.org","@graph":[{"@type":"WebPage","@id":"https:\/\/longchangchemical.com\/product\/agesin-la-d5433\/","url":"https:\/\/longchangchemical.com\/product\/agesin-la-d5433\/","name":"\u00c7in CHLUMICRYL\u00ae LA-D5433 \/ Polieter modifiye polidimetil siloksan \u00dcreticisi - Longchang Chemical","isPartOf":{"@id":"https:\/\/longchangchemical.com\/#website"},"primaryImageOfPage":{"@id":"https:\/\/longchangchemical.com\/product\/agesin-la-d5433\/#primaryimage"},"image":{"@id":"https:\/\/longchangchemical.com\/product\/agesin-la-d5433\/#primaryimage"},"thumbnailUrl":"https:\/\/longchangchemical.com\/wp-content\/uploads\/2022\/12\/-LA-D5433.jpg","datePublished":"2022-12-10T13:41:24+00:00","dateModified":"2025-04-01T07:11:34+00:00","description":"CHLUMICRYL\u00ae LA-D5433 \/ Polieter modifiye polidimetil siloksan, Longchang Chemical'\u0131n \u00f6nemli bir \u00fcr\u00fcn\u00fcd\u00fcr. En iyi fiyat\u0131 sa\u011fl\u0131yoruz. En iyi kalite ve rekabet\u00e7i fiyat ile \u00c7in'in \u00f6nde gelen \u00fcreticisiyiz.","breadcrumb":{"@id":"https:\/\/longchangchemical.com\/product\/agesin-la-d5433\/#breadcrumb"},"inLanguage":"tr","potentialAction":[{"@type":"ReadAction","target":["https:\/\/longchangchemical.com\/product\/agesin-la-d5433\/"]}]},{"@type":"ImageObject","inLanguage":"tr","@id":"https:\/\/longchangchemical.com\/product\/agesin-la-d5433\/#primaryimage","url":"https:\/\/longchangchemical.com\/wp-content\/uploads\/2022\/12\/-LA-D5433.jpg","contentUrl":"https:\/\/longchangchemical.com\/wp-content\/uploads\/2022\/12\/-LA-D5433.jpg","width":800,"height":800,"caption":"LA-D5433 \/ Polyether modified polydimethyl siloxane"},{"@type":"BreadcrumbList","@id":"https:\/\/longchangchemical.com\/product\/agesin-la-d5433\/#breadcrumb","itemListElement":[{"@type":"ListItem","position":1,"name":"Home","item":"https:\/\/longchangchemical.com\/"},{"@type":"ListItem","position":2,"name":"Products Longchang","item":"https:\/\/longchangchemical.com\/product\/"},{"@type":"ListItem","position":3,"name":"CHLUMICRYL\u00ae LA-D5433 \/ Polyether modified polydimethyl siloxane"}]},{"@type":"WebSite","@id":"https:\/\/longchangchemical.com\/#website","url":"https:\/\/longchangchemical.com\/","name":"Longchang Kimya","description":"\u00c7in kimyasal \u00fcreticisi \uff06 tedarik\u00e7isi","publisher":{"@id":"https:\/\/longchangchemical.com\/#organization"},"potentialAction":[{"@type":"SearchAction","target":{"@type":"EntryPoint","urlTemplate":"https:\/\/longchangchemical.com\/?s={search_term_string}"},"query-input":{"@type":"PropertyValueSpecification","valueRequired":true,"valueName":"search_term_string"}}],"inLanguage":"tr"},{"@type":"Organization","@id":"https:\/\/longchangchemical.com\/#organization","name":"Longchang Kimya","url":"https:\/\/longchangchemical.com\/","logo":{"@type":"ImageObject","inLanguage":"tr","@id":"https:\/\/longchangchemical.com\/#\/schema\/logo\/image\/","url":"https:\/\/longchangchemical.com\/wp-content\/uploads\/2020\/08\/cropped-longchang-logo.png","contentUrl":"https:\/\/longchangchemical.com\/wp-content\/uploads\/2020\/08\/cropped-longchang-logo.png","width":512,"height":512,"caption":"Longchang Chemical"},"image":{"@id":"https:\/\/longchangchemical.com\/#\/schema\/logo\/image\/"}}]}},"_links":{"self":[{"href":"https:\/\/longchangchemical.com\/tr\/wp-json\/wp\/v2\/product\/5782","targetHints":{"allow":["GET"]}}],"collection":[{"href":"https:\/\/longchangchemical.com\/tr\/wp-json\/wp\/v2\/product"}],"about":[{"href":"https:\/\/longchangchemical.com\/tr\/wp-json\/wp\/v2\/types\/product"}],"replies":[{"embeddable":true,"href":"https:\/\/longchangchemical.com\/tr\/wp-json\/wp\/v2\/comments?post=5782"}],"wp:featuredmedia":[{"embeddable":true,"href":"https:\/\/longchangchemical.com\/tr\/wp-json\/wp\/v2\/media\/5916"}],"wp:attachment":[{"href":"https:\/\/longchangchemical.com\/tr\/wp-json\/wp\/v2\/media?parent=5782"}],"wp:term":[{"taxonomy":"product_brand","embeddable":true,"href":"https:\/\/longchangchemical.com\/tr\/wp-json\/wp\/v2\/product_brand?post=5782"},{"taxonomy":"product_cat","embeddable":true,"href":"https:\/\/longchangchemical.com\/tr\/wp-json\/wp\/v2\/product_cat?post=5782"},{"taxonomy":"product_tag","embeddable":true,"href":"https:\/\/longchangchemical.com\/tr\/wp-json\/wp\/v2\/product_tag?post=5782"}],"curies":[{"name":"wp","href":"https:\/\/api.w.org\/{rel}","templated":true}]}}