{"id":5766,"date":"2022-12-01T13:35:07","date_gmt":"2022-12-01T13:35:07","guid":{"rendered":"https:\/\/longchangchemical.com\/?post_type=product&#038;p=5766"},"modified":"2026-01-09T09:24:35","modified_gmt":"2026-01-09T09:24:35","slug":"lcsorb-uv-329-cas-3147-75-9","status":"publish","type":"product","link":"https:\/\/longchangchemical.com\/tr\/product\/lcsorb-uv-329-cas-3147-75-9\/","title":{"rendered":"UV-329 \/ UV Absorber UV-329 CAS 3147-75-9"},"content":{"rendered":"<h1><strong>UV-329 \/ UV Absorber UV-329 CAS 3147-75-9<\/strong><\/h1>\n<table border=\"1\" width=\"505\" cellspacing=\"0\">\n<tbody>\n<tr>\n<td valign=\"top\" width=\"104\">G\u00f6r\u00fcn\u00fc\u015f<\/td>\n<td valign=\"top\" width=\"386\">Beyaz kristal toz<\/td>\n<\/tr>\n<tr>\n<td valign=\"top\" width=\"104\">\u0130\u00e7erik<\/td>\n<td valign=\"top\" width=\"386\">\u226599% (HPLC)<\/td>\n<\/tr>\n<tr>\n<td valign=\"top\" width=\"104\">Erime noktas\u0131<\/td>\n<td valign=\"top\" width=\"386\">103-105.3\u2103<\/td>\n<\/tr>\n<tr>\n<td valign=\"top\" width=\"104\">K\u00fcl<\/td>\n<td valign=\"top\" width=\"386\">\u22640,1%<\/td>\n<\/tr>\n<tr>\n<td valign=\"top\" width=\"104\">U\u00e7ucu<\/td>\n<td valign=\"top\" width=\"386\">\u22640,5%<\/td>\n<\/tr>\n<tr>\n<td valign=\"top\" width=\"104\">Ge\u00e7irgenlik<\/td>\n<td valign=\"top\" width=\"386\">440nm\u226597%\uff0c500nm\u226598%<\/td>\n<\/tr>\n<\/tbody>\n<\/table>\n<h1><\/h1>\n<h2><strong>UV-329 <\/strong><strong>Uygulama\uff1a<\/strong><\/h2>\n<p>1. Bu \u00fcr\u00fcn, 270-380nm ultraviyole \u0131\u015f\u0131\u011f\u0131 etkili bir \u015fekilde emebilen kolejler ve \u00fcniversiteler i\u00e7in m\u00fckemmel bir ya\u015flanma kar\u015f\u0131t\u0131 ajand\u0131r.<\/p>\n<p>2. Yan\u0131c\u0131 de\u011fildir, patlay\u0131c\u0131 de\u011fildir, toksik de\u011fildir, kullan\u0131m\u0131 g\u00fcvenli ve zarars\u0131zd\u0131r.<\/p>\n<p>3. Bu \u00fcr\u00fcn g\u00f6r\u00fcn\u00fcr \u0131\u015f\u0131\u011f\u0131 neredeyse hi\u00e7 emmez ve \u00f6zellikle renksiz, \u015feffaf ve a\u00e7\u0131k renkli \u00fcr\u00fcnler i\u00e7in uygundur.<\/p>\n<p>4. Bu \u00fcr\u00fcn polyester, sert polivinil klor\u00fcr, polistiren, polimetil metakrilat, polikarbonat, ABS re\u00e7ine vb. i\u00e7in uygundur. \u00d6zellikle \u015feffaf \u00fcr\u00fcnlerde ve y\u00fcksek s\u0131cakl\u0131kta i\u015flenmi\u015f m\u00fchendislik plastiklerinde etkilidir. Bu \u00fcr\u00fcn poliolefinler i\u00e7in kullan\u0131labilir.<\/p>\n<p><strong><em>lcsorb\u00ae<\/em> UV-329 <\/strong>270-380nm ultraviyole \u0131\u015f\u0131\u011f\u0131 etkili bir \u015fekilde emebilen, kolejler ve \u00fcniversiteler i\u00e7in m\u00fckemmel bir ya\u015flanma kar\u015f\u0131t\u0131 ajand\u0131r.<\/p>\n<p>1. Yan\u0131c\u0131 de\u011fildir, patlay\u0131c\u0131 de\u011fildir, toksik de\u011fildir, kullan\u0131m\u0131 g\u00fcvenli ve zarars\u0131zd\u0131r.<\/p>\n<p>2. Bu \u00fcr\u00fcn g\u00f6r\u00fcn\u00fcr \u0131\u015f\u0131\u011f\u0131 neredeyse hi\u00e7 emmez ve \u00f6zellikle renksiz, \u015feffaf ve a\u00e7\u0131k renkli \u00fcr\u00fcnler i\u00e7in uygundur.<\/p>\n<p>3. Bu \u00fcr\u00fcn polyester, sert polivinil klor\u00fcr, polistiren, polimetil metakrilat, polikarbonat, ABS re\u00e7ine vb. i\u00e7in uygundur. \u00d6zellikle \u015feffaf \u00fcr\u00fcnlerde ve y\u00fcksek s\u0131cakl\u0131kta i\u015flenmi\u015f m\u00fchendislik plastiklerinde etkilidir. Bu \u00fcr\u00fcn poliolefinler i\u00e7in kullan\u0131labilir.<\/p>\n<p><strong>Depolama:<\/strong><br \/>\nKuru, temiz ve iyi havaland\u0131r\u0131lan bir depoda muhafaza edilecektir.<br \/>\nOksitlenmeyi \u00f6nlemek i\u00e7in \u0131\u015f\u0131\u011fa ve \u0131s\u0131tmaya maruz b\u0131rakmaktan ka\u00e7\u0131n\u0131n.<br \/>\n\u00dcr\u00fcn\u00fc nakliye s\u0131ras\u0131nda s\u0131z\u0131nt\u0131, ya\u011fmur ve g\u00fcne\u015ften korumak.<\/p>\n<h2><strong>\u015eimdi Bize Ula\u015f\u0131n!<\/strong><\/h2>\n<p><strong>COA, MSDS veya TDS'ye ihtiyac\u0131n\u0131z varsa <span style=\"color: #00ccff;\"><a style=\"color: #00ccff;\" href=\"https:\/\/longchangchemical.com\/tr\/product-category\/lcsorb-uv-absorber\/\">UV Emici<\/a><\/span>l\u00fctfen ileti\u015fim bilgilerinizi a\u015fa\u011f\u0131daki forma doldurun, genellikle 24 saat i\u00e7inde sizinle ileti\u015fime ge\u00e7ece\u011fiz. Bana e-posta da g\u00f6nderebilirsiniz <span style=\"color: #00ccff;\"><a style=\"color: #00ccff;\" href=\"mailto:info@longchangchemical.com\">info@longchangchemical.com<\/a> <\/span>\u00c7al\u0131\u015fma saatleri i\u00e7inde (8:30 - 6:00 UTC+8 Pzt.~Sat.) veya h\u0131zl\u0131 yan\u0131t almak i\u00e7in web sitesi canl\u0131 sohbetini kullan\u0131n.<\/strong><\/p>","protected":false},"excerpt":{"rendered":"<p>\u00dcr\u00fcn ad\u0131: UV Absorber UV-329<\/p>\n<p>Cas No: 3147-75-9<\/p>\n<p><strong>Kimyasal Ad\u0131<\/strong>:2-(2H-benzotriazol-2-il)-4-(1,1,3,3-tetrametilb\u00fctil)fenol<\/p>\n<p><strong>E\u015fanlaml\u0131:<\/strong>Eversorb 72; CHISORB 5411; Milestab 329; THASORB UV-329Uv emici UV-329 Cas No 3147-75-9 \u00dcretici -<\/p>\n<p>MF: C20H25N3O<\/p>\n<p>Safl\u0131k: \u226599% (HPLC)<\/p>","protected":false},"featured_media":7959,"comment_status":"closed","ping_status":"closed","template":"","meta":[],"product_brand":[],"product_cat":[139],"product_tag":[],"class_list":{"0":"post-5766","1":"product","2":"type-product","3":"status-publish","4":"has-post-thumbnail","6":"product_cat-lcsorb-uv-absorber","8":"first","9":"instock","10":"shipping-taxable","11":"product-type-simple"},"yoast_head":"<!-- This site is optimized with the Yoast SEO plugin v25.3.1 - https:\/\/yoast.com\/wordpress\/plugins\/seo\/ -->\n<title>Uv absorber UV-329 Cas No 3147-75-9 manufacturer - Longchang Chemical<\/title>\n<meta name=\"description\" content=\"UV-329 can replace Eversorb 72;CHISORB 5411;Milestab 329;THASORB UV-329,used as ultraviolet absorber and is the key product of Longchang Chemical. We are the leading uv material manufacturer and supplier in China with the best quanlity and competitive price.\" \/>\n<meta name=\"robots\" content=\"index, follow, max-snippet:-1, max-image-preview:large, max-video-preview:-1\" \/>\n<link rel=\"canonical\" href=\"https:\/\/longchangchemical.com\/tr\/product\/lcsorb-uv-329-cas-3147-75-9\/\" \/>\n<meta property=\"og:locale\" content=\"tr_TR\" \/>\n<meta property=\"og:type\" content=\"article\" \/>\n<meta property=\"og:title\" content=\"Uv absorber UV-329 Cas No 3147-75-9 manufacturer - Longchang Chemical\" \/>\n<meta property=\"og:description\" content=\"UV-329 can replace Eversorb 72;CHISORB 5411;Milestab 329;THASORB UV-329,used as ultraviolet absorber and is the key product of Longchang Chemical. We are the leading uv material manufacturer and supplier in China with the best quanlity and competitive price.\" \/>\n<meta property=\"og:url\" content=\"https:\/\/longchangchemical.com\/tr\/product\/lcsorb-uv-329-cas-3147-75-9\/\" \/>\n<meta property=\"og:site_name\" content=\"Longchang Chemical\" \/>\n<meta property=\"article:modified_time\" content=\"2026-01-09T09:24:35+00:00\" \/>\n<meta property=\"og:image\" content=\"https:\/\/longchangchemical.com\/wp-content\/uploads\/2022\/12\/3147-75-9.jpg\" \/>\n\t<meta property=\"og:image:width\" content=\"600\" \/>\n\t<meta property=\"og:image:height\" content=\"600\" \/>\n\t<meta property=\"og:image:type\" content=\"image\/jpeg\" \/>\n<meta name=\"twitter:card\" content=\"summary_large_image\" \/>\n<script type=\"application\/ld+json\" class=\"yoast-schema-graph\">{\"@context\":\"https:\/\/schema.org\",\"@graph\":[{\"@type\":\"WebPage\",\"@id\":\"https:\/\/longchangchemical.com\/product\/lcsorb-uv-329-cas-3147-75-9\/\",\"url\":\"https:\/\/longchangchemical.com\/product\/lcsorb-uv-329-cas-3147-75-9\/\",\"name\":\"Uv absorber UV-329 Cas No 3147-75-9 manufacturer - Longchang Chemical\",\"isPartOf\":{\"@id\":\"https:\/\/longchangchemical.com\/#website\"},\"primaryImageOfPage\":{\"@id\":\"https:\/\/longchangchemical.com\/product\/lcsorb-uv-329-cas-3147-75-9\/#primaryimage\"},\"image\":{\"@id\":\"https:\/\/longchangchemical.com\/product\/lcsorb-uv-329-cas-3147-75-9\/#primaryimage\"},\"thumbnailUrl\":\"https:\/\/longchangchemical.com\/wp-content\/uploads\/2022\/12\/3147-75-9.jpg\",\"datePublished\":\"2022-12-01T13:35:07+00:00\",\"dateModified\":\"2026-01-09T09:24:35+00:00\",\"description\":\"UV-329 can replace Eversorb 72;CHISORB 5411;Milestab 329;THASORB UV-329,used as ultraviolet absorber and is the key product of Longchang Chemical. We are the leading uv material manufacturer and supplier in China with the best quanlity and competitive price.\",\"breadcrumb\":{\"@id\":\"https:\/\/longchangchemical.com\/product\/lcsorb-uv-329-cas-3147-75-9\/#breadcrumb\"},\"inLanguage\":\"tr\",\"potentialAction\":[{\"@type\":\"ReadAction\",\"target\":[\"https:\/\/longchangchemical.com\/product\/lcsorb-uv-329-cas-3147-75-9\/\"]}]},{\"@type\":\"ImageObject\",\"inLanguage\":\"tr\",\"@id\":\"https:\/\/longchangchemical.com\/product\/lcsorb-uv-329-cas-3147-75-9\/#primaryimage\",\"url\":\"https:\/\/longchangchemical.com\/wp-content\/uploads\/2022\/12\/3147-75-9.jpg\",\"contentUrl\":\"https:\/\/longchangchemical.com\/wp-content\/uploads\/2022\/12\/3147-75-9.jpg\",\"width\":600,\"height\":600},{\"@type\":\"BreadcrumbList\",\"@id\":\"https:\/\/longchangchemical.com\/product\/lcsorb-uv-329-cas-3147-75-9\/#breadcrumb\",\"itemListElement\":[{\"@type\":\"ListItem\",\"position\":1,\"name\":\"Home\",\"item\":\"https:\/\/longchangchemical.com\/\"},{\"@type\":\"ListItem\",\"position\":2,\"name\":\"Products Longchang\",\"item\":\"https:\/\/longchangchemical.com\/product\/\"},{\"@type\":\"ListItem\",\"position\":3,\"name\":\"UV-329 \/ UV Absorber UV-329 CAS 3147-75-9\"}]},{\"@type\":\"WebSite\",\"@id\":\"https:\/\/longchangchemical.com\/#website\",\"url\":\"https:\/\/longchangchemical.com\/\",\"name\":\"Longchang Chemical\",\"description\":\"China chemical manufacturer \uff06 supplier\",\"publisher\":{\"@id\":\"https:\/\/longchangchemical.com\/#organization\"},\"potentialAction\":[{\"@type\":\"SearchAction\",\"target\":{\"@type\":\"EntryPoint\",\"urlTemplate\":\"https:\/\/longchangchemical.com\/?s={search_term_string}\"},\"query-input\":{\"@type\":\"PropertyValueSpecification\",\"valueRequired\":true,\"valueName\":\"search_term_string\"}}],\"inLanguage\":\"tr\"},{\"@type\":\"Organization\",\"@id\":\"https:\/\/longchangchemical.com\/#organization\",\"name\":\"Longchang Chemical\",\"url\":\"https:\/\/longchangchemical.com\/\",\"logo\":{\"@type\":\"ImageObject\",\"inLanguage\":\"tr\",\"@id\":\"https:\/\/longchangchemical.com\/#\/schema\/logo\/image\/\",\"url\":\"https:\/\/longchangchemical.com\/wp-content\/uploads\/2020\/08\/cropped-longchang-logo.png\",\"contentUrl\":\"https:\/\/longchangchemical.com\/wp-content\/uploads\/2020\/08\/cropped-longchang-logo.png\",\"width\":512,\"height\":512,\"caption\":\"Longchang Chemical\"},\"image\":{\"@id\":\"https:\/\/longchangchemical.com\/#\/schema\/logo\/image\/\"}}]}<\/script>\n<!-- \/ Yoast SEO plugin. -->","yoast_head_json":{"title":"Uv emici UV-329 Cas No 3147-75-9 \u00dcretici - Longchang Chemical","description":"UV-329, ultraviyole emici olarak kullan\u0131lan Eversorb 72; CHISORB 5411; Milestab 329; THASORB UV-329'un yerini alabilir ve Longchang Chemical'\u0131n anahtar \u00fcr\u00fcn\u00fcd\u00fcr. Biz en iyi quanlity ve rekabet\u00e7i fiyat ile \u00c7in'de lider uv malzeme \u00fcreticisi ve tedarik\u00e7isi vard\u0131r.","robots":{"index":"index","follow":"follow","max-snippet":"max-snippet:-1","max-image-preview":"max-image-preview:large","max-video-preview":"max-video-preview:-1"},"canonical":"https:\/\/longchangchemical.com\/tr\/product\/lcsorb-uv-329-cas-3147-75-9\/","og_locale":"tr_TR","og_type":"article","og_title":"Uv absorber UV-329 Cas No 3147-75-9 manufacturer - Longchang Chemical","og_description":"UV-329 can replace Eversorb 72;CHISORB 5411;Milestab 329;THASORB UV-329,used as ultraviolet absorber and is the key product of Longchang Chemical. We are the leading uv material manufacturer and supplier in China with the best quanlity and competitive price.","og_url":"https:\/\/longchangchemical.com\/tr\/product\/lcsorb-uv-329-cas-3147-75-9\/","og_site_name":"Longchang Chemical","article_modified_time":"2026-01-09T09:24:35+00:00","og_image":[{"width":600,"height":600,"url":"https:\/\/longchangchemical.com\/wp-content\/uploads\/2022\/12\/3147-75-9.jpg","type":"image\/jpeg"}],"twitter_card":"summary_large_image","schema":{"@context":"https:\/\/schema.org","@graph":[{"@type":"WebPage","@id":"https:\/\/longchangchemical.com\/product\/lcsorb-uv-329-cas-3147-75-9\/","url":"https:\/\/longchangchemical.com\/product\/lcsorb-uv-329-cas-3147-75-9\/","name":"Uv emici UV-329 Cas No 3147-75-9 \u00dcretici - Longchang Chemical","isPartOf":{"@id":"https:\/\/longchangchemical.com\/#website"},"primaryImageOfPage":{"@id":"https:\/\/longchangchemical.com\/product\/lcsorb-uv-329-cas-3147-75-9\/#primaryimage"},"image":{"@id":"https:\/\/longchangchemical.com\/product\/lcsorb-uv-329-cas-3147-75-9\/#primaryimage"},"thumbnailUrl":"https:\/\/longchangchemical.com\/wp-content\/uploads\/2022\/12\/3147-75-9.jpg","datePublished":"2022-12-01T13:35:07+00:00","dateModified":"2026-01-09T09:24:35+00:00","description":"UV-329, ultraviyole emici olarak kullan\u0131lan Eversorb 72; CHISORB 5411; Milestab 329; THASORB UV-329'un yerini alabilir ve Longchang Chemical'\u0131n anahtar \u00fcr\u00fcn\u00fcd\u00fcr. Biz en iyi quanlity ve rekabet\u00e7i fiyat ile \u00c7in'de lider uv malzeme \u00fcreticisi ve tedarik\u00e7isi vard\u0131r.","breadcrumb":{"@id":"https:\/\/longchangchemical.com\/product\/lcsorb-uv-329-cas-3147-75-9\/#breadcrumb"},"inLanguage":"tr","potentialAction":[{"@type":"ReadAction","target":["https:\/\/longchangchemical.com\/product\/lcsorb-uv-329-cas-3147-75-9\/"]}]},{"@type":"ImageObject","inLanguage":"tr","@id":"https:\/\/longchangchemical.com\/product\/lcsorb-uv-329-cas-3147-75-9\/#primaryimage","url":"https:\/\/longchangchemical.com\/wp-content\/uploads\/2022\/12\/3147-75-9.jpg","contentUrl":"https:\/\/longchangchemical.com\/wp-content\/uploads\/2022\/12\/3147-75-9.jpg","width":600,"height":600},{"@type":"BreadcrumbList","@id":"https:\/\/longchangchemical.com\/product\/lcsorb-uv-329-cas-3147-75-9\/#breadcrumb","itemListElement":[{"@type":"ListItem","position":1,"name":"Home","item":"https:\/\/longchangchemical.com\/"},{"@type":"ListItem","position":2,"name":"Products Longchang","item":"https:\/\/longchangchemical.com\/product\/"},{"@type":"ListItem","position":3,"name":"UV-329 \/ UV Absorber UV-329 CAS 3147-75-9"}]},{"@type":"WebSite","@id":"https:\/\/longchangchemical.com\/#website","url":"https:\/\/longchangchemical.com\/","name":"Longchang Kimya","description":"\u00c7in kimyasal \u00fcreticisi \uff06 tedarik\u00e7isi","publisher":{"@id":"https:\/\/longchangchemical.com\/#organization"},"potentialAction":[{"@type":"SearchAction","target":{"@type":"EntryPoint","urlTemplate":"https:\/\/longchangchemical.com\/?s={search_term_string}"},"query-input":{"@type":"PropertyValueSpecification","valueRequired":true,"valueName":"search_term_string"}}],"inLanguage":"tr"},{"@type":"Organization","@id":"https:\/\/longchangchemical.com\/#organization","name":"Longchang Kimya","url":"https:\/\/longchangchemical.com\/","logo":{"@type":"ImageObject","inLanguage":"tr","@id":"https:\/\/longchangchemical.com\/#\/schema\/logo\/image\/","url":"https:\/\/longchangchemical.com\/wp-content\/uploads\/2020\/08\/cropped-longchang-logo.png","contentUrl":"https:\/\/longchangchemical.com\/wp-content\/uploads\/2020\/08\/cropped-longchang-logo.png","width":512,"height":512,"caption":"Longchang Chemical"},"image":{"@id":"https:\/\/longchangchemical.com\/#\/schema\/logo\/image\/"}}]}},"_links":{"self":[{"href":"https:\/\/longchangchemical.com\/tr\/wp-json\/wp\/v2\/product\/5766","targetHints":{"allow":["GET"]}}],"collection":[{"href":"https:\/\/longchangchemical.com\/tr\/wp-json\/wp\/v2\/product"}],"about":[{"href":"https:\/\/longchangchemical.com\/tr\/wp-json\/wp\/v2\/types\/product"}],"replies":[{"embeddable":true,"href":"https:\/\/longchangchemical.com\/tr\/wp-json\/wp\/v2\/comments?post=5766"}],"wp:featuredmedia":[{"embeddable":true,"href":"https:\/\/longchangchemical.com\/tr\/wp-json\/wp\/v2\/media\/7959"}],"wp:attachment":[{"href":"https:\/\/longchangchemical.com\/tr\/wp-json\/wp\/v2\/media?parent=5766"}],"wp:term":[{"taxonomy":"product_brand","embeddable":true,"href":"https:\/\/longchangchemical.com\/tr\/wp-json\/wp\/v2\/product_brand?post=5766"},{"taxonomy":"product_cat","embeddable":true,"href":"https:\/\/longchangchemical.com\/tr\/wp-json\/wp\/v2\/product_cat?post=5766"},{"taxonomy":"product_tag","embeddable":true,"href":"https:\/\/longchangchemical.com\/tr\/wp-json\/wp\/v2\/product_tag?post=5766"}],"curies":[{"name":"wp","href":"https:\/\/api.w.org\/{rel}","templated":true}]}}