{"id":5752,"date":"2022-11-26T14:20:39","date_gmt":"2022-11-26T14:20:39","guid":{"rendered":"https:\/\/longchangchemical.com\/?post_type=product&#038;p=5752"},"modified":"2026-01-09T09:29:13","modified_gmt":"2026-01-09T09:29:13","slug":"lcsorb-uv-326-cas-3896-11-5","status":"publish","type":"product","link":"https:\/\/longchangchemical.com\/tr\/product\/lcsorb-uv-326-cas-3896-11-5\/","title":{"rendered":"UV-326 \/Tinuvin-326 \/Eversorb 73 CAS 3896-11-5"},"content":{"rendered":"<h1>UV-326 \/Tinuvin-326 \/Eversorb 73 CAS 3896-11-5<\/h1>\n<table style=\"border-collapse: collapse; width: 316.52pt;\" border=\"0\" width=\"422\" cellspacing=\"0\" cellpadding=\"0\">\n<tbody>\n<tr style=\"height: 13.50pt;\">\n<td class=\"et2\" style=\"height: 13.50pt; width: 106.50pt;\" width=\"142\" height=\"18\">G\u00f6r\u00fcn\u00fc\u015f<\/td>\n<td class=\"et2\" style=\"width: 210.00pt;\" width=\"280\">A\u00e7\u0131k sar\u0131 kristal toz<\/td>\n<\/tr>\n<tr style=\"height: 13.50pt;\">\n<td class=\"et2\" style=\"height: 13.50pt; width: 106.50pt;\" width=\"142\" height=\"18\">\u0130\u00e7erik<\/td>\n<td class=\"et2\" style=\"width: 210.00pt;\" width=\"280\">\u226599% (HPLC)<\/td>\n<\/tr>\n<tr style=\"height: 27.00pt;\">\n<td class=\"et2\" style=\"height: 27.00pt; width: 106.50pt;\" width=\"142\" height=\"36\">Erime noktas\u0131<\/td>\n<td class=\"et2\" style=\"width: 210.00pt;\" width=\"280\">137-142\u2103<\/td>\n<\/tr>\n<tr style=\"height: 13.50pt;\">\n<td class=\"et2\" style=\"height: 13.50pt; width: 106.50pt;\" width=\"142\" height=\"18\">K\u00fcl<\/td>\n<td class=\"et2\" style=\"width: 210.00pt;\" width=\"280\">\u22640,1%<\/td>\n<\/tr>\n<tr style=\"height: 13.50pt;\">\n<td class=\"et2\" style=\"height: 13.50pt; width: 106.50pt;\" width=\"142\" height=\"18\">U\u00e7ucu<\/td>\n<td class=\"et2\" style=\"width: 210.00pt;\" width=\"280\">\u22640,5%<\/td>\n<\/tr>\n<tr style=\"height: 13.50pt;\">\n<td class=\"et2\" style=\"height: 13.50pt; width: 106.50pt;\" width=\"142\" height=\"18\">Ge\u00e7irgenlik<\/td>\n<td class=\"et2\" style=\"width: 210.00pt;\" width=\"280\">460nm\u226593%\uff0c500nm\u226596%<\/td>\n<\/tr>\n<\/tbody>\n<\/table>\n<p>&nbsp;<\/p>\n<p><strong><em>lcsorb\u00ae<\/em>\u00a0UV-326\u00a0<\/strong>270-380 nanometre dalga boyuna sahip ultraviyole \u0131\u015f\u0131\u011f\u0131 etkili bir \u015fekilde emebilen y\u00fcksek verimli bir ultraviyole emicidir.<\/p>\n<p>1. Kokusuz, y\u00fcksek s\u0131cakl\u0131k dayan\u0131m\u0131, iyi termal stabilite.<\/p>\n<p>2. Alkali ko\u015fullar alt\u0131nda sararmaz ve ya\u011fa kar\u015f\u0131 dayan\u0131kl\u0131d\u0131r.<\/p>\n<p>3. Bu \u00fcr\u00fcn g\u00f6r\u00fcn\u00fcr \u0131\u015f\u0131\u011f\u0131 neredeyse hi\u00e7 emmez, \u00f6zellikle renksiz, \u015feffaf ve a\u00e7\u0131k renkli \u00fcr\u00fcnler i\u00e7in uygundur.<\/p>\n<p>4. Esas olarak poliolefin (\u00f6zellikle g\u0131da s\u0131n\u0131f\u0131 \u00fcr\u00fcnler), polivinil klor\u00fcr, poliamid, ABS re\u00e7ine, AS re\u00e7ine ve poli\u00fcretan vb. i\u00e7in kullan\u0131l\u0131r.<\/p>\n<p>&nbsp;<\/p>\n<p><strong>Uygulama\uff1a<\/strong><\/p>\n<p>1. Bu \u00fcr\u00fcn, 270-380 nanometre dalga boyuna sahip ultraviyole \u0131\u015f\u0131\u011f\u0131 etkili bir \u015fekilde emebilen y\u00fcksek verimli bir ultraviyole emicidir.<\/p>\n<p>2. Kokusuz, y\u00fcksek s\u0131cakl\u0131k dayan\u0131m\u0131, iyi termal stabilite.<\/p>\n<p>3. Alkali ko\u015fullar alt\u0131nda sararmaz ve ya\u011fa kar\u015f\u0131 dayan\u0131kl\u0131d\u0131r.<\/p>\n<p>4. Bu \u00fcr\u00fcn g\u00f6r\u00fcn\u00fcr \u0131\u015f\u0131\u011f\u0131 neredeyse hi\u00e7 emmez, \u00f6zellikle renksiz, \u015feffaf ve a\u00e7\u0131k renkli \u00fcr\u00fcnler i\u00e7in uygundur.<\/p>\n<p>5. Esas olarak poliolefin (\u00f6zellikle g\u0131da s\u0131n\u0131f\u0131 \u00fcr\u00fcnler), polivinil klor\u00fcr, poliamid, ABS re\u00e7ine, AS re\u00e7ine ve poli\u00fcretan vb. i\u00e7in kullan\u0131l\u0131r.<\/p>\n<p><strong>Depolama:<\/strong><br \/>\nKuru, temiz ve iyi havaland\u0131r\u0131lan bir depoda muhafaza edilecektir.<br \/>\nOksitlenmeyi \u00f6nlemek i\u00e7in \u0131\u015f\u0131\u011fa ve \u0131s\u0131tmaya maruz b\u0131rakmaktan ka\u00e7\u0131n\u0131n.<br \/>\n\u00dcr\u00fcn\u00fc nakliye s\u0131ras\u0131nda s\u0131z\u0131nt\u0131, ya\u011fmur ve g\u00fcne\u015ften korumak.<\/p>\n<h2>Di\u011fer ad\u0131:<\/h2>\n<p>Bumetrizol;<\/p>\n<p>Bumetrizolum;<\/p>\n<p>Tinuvin-326;<\/p>\n<p>UV Emici-6;<\/p>\n<p>Bumetrizol;<\/p>\n<p>Eversorb 73;<\/p>\n<p>RIASORB UV-326;<\/p>\n<p>Milestab 326;<\/p>\n<h2><strong>\u015eimdi Bize Ula\u015f\u0131n!<\/strong><\/h2>\n<p><strong>COA, MSDS veya TDS'ye ihtiyac\u0131n\u0131z varsa <span style=\"color: #00ccff;\"><a style=\"color: #00ccff;\" href=\"https:\/\/longchangchemical.com\/tr\/product-category\/lcsorb-uv-absorber\/\">UV Emici<\/a><\/span>l\u00fctfen ileti\u015fim bilgilerinizi a\u015fa\u011f\u0131daki forma doldurun, genellikle 24 saat i\u00e7inde sizinle ileti\u015fime ge\u00e7ece\u011fiz. Bana e-posta da g\u00f6nderebilirsiniz <span style=\"color: #00ccff;\"><a style=\"color: #00ccff;\" href=\"mailto:info@longchangchemical.com\">info@longchangchemical.com<\/a> <\/span>\u00c7al\u0131\u015fma saatleri i\u00e7inde (8:30 - 6:00 UTC+8 Pzt.~Sat.) veya h\u0131zl\u0131 yan\u0131t almak i\u00e7in web sitesi canl\u0131 sohbetini kullan\u0131n.<\/strong><\/p>","protected":false},"excerpt":{"rendered":"<p>\u00dcr\u00fcn ad\u0131: UV Absorber UV-326 \/ Tinuvin-326<\/p>\n<p><strong>Kimyasal Ad\u0131<\/strong>:2-tert-butil-6-(5-kloro-2H-benzotriazol-2-il)-4-metilfenol<\/p>\n<p><strong>E\u015fanlaml\u0131:<\/strong>Tinuvin-326;UV Absorber-6;Bumitrizole;Eversorb 73;EVERSTAB 326;LOWILITE 26;Milestab 326;RIASORB UV-326;TK 11048<\/p>\n<p>Cas No: 3896-11-5<\/p>\n<p>MF: C17H18ClN3O<\/p>\n<p>Safl\u0131k: \u226599% (HPLC)<\/p>","protected":false},"featured_media":7962,"comment_status":"closed","ping_status":"closed","template":"","meta":[],"product_brand":[],"product_cat":[139],"product_tag":[],"class_list":{"0":"post-5752","1":"product","2":"type-product","3":"status-publish","4":"has-post-thumbnail","6":"product_cat-lcsorb-uv-absorber","8":"first","9":"instock","10":"shipping-taxable","11":"product-type-simple"},"yoast_head":"<!-- This site is optimized with the Yoast SEO plugin v25.3.1 - https:\/\/yoast.com\/wordpress\/plugins\/seo\/ -->\n<title>China UV-326 \/Tinuvin-326 \/Eversorb 73 CAS 3896-11-5 manufacturer - Longchang Chemical<\/title>\n<meta name=\"description\" content=\"UV-326 \/Tinuvin-326 \/Eversorb 73 CAS 3896-11-5 is a key product of Longchang Chemical. We provide the best price. We are the leading manufacturer in China with the best quality and competitive price. Other Name:\u00a0Bumetrizole;\u00a0Bumetrizolum;\u00a0Tinuvin-326;\u00a0UV Absorber-6;\u00a0Bumetrizol;\u00a0Eversorb 73;\u00a0RIASORB UV-326;\u00a0Milestab 326;\u00a0\" \/>\n<meta name=\"robots\" content=\"index, follow, max-snippet:-1, max-image-preview:large, max-video-preview:-1\" \/>\n<link rel=\"canonical\" href=\"https:\/\/longchangchemical.com\/tr\/product\/lcsorb-uv-326-cas-3896-11-5\/\" \/>\n<meta property=\"og:locale\" content=\"tr_TR\" \/>\n<meta property=\"og:type\" content=\"article\" \/>\n<meta property=\"og:title\" content=\"China UV-326 \/Tinuvin-326 \/Eversorb 73 CAS 3896-11-5 manufacturer - Longchang Chemical\" \/>\n<meta property=\"og:description\" content=\"UV-326 \/Tinuvin-326 \/Eversorb 73 CAS 3896-11-5 is a key product of Longchang Chemical. We provide the best price. We are the leading manufacturer in China with the best quality and competitive price. Other Name:\u00a0Bumetrizole;\u00a0Bumetrizolum;\u00a0Tinuvin-326;\u00a0UV Absorber-6;\u00a0Bumetrizol;\u00a0Eversorb 73;\u00a0RIASORB UV-326;\u00a0Milestab 326;\u00a0\" \/>\n<meta property=\"og:url\" content=\"https:\/\/longchangchemical.com\/tr\/product\/lcsorb-uv-326-cas-3896-11-5\/\" \/>\n<meta property=\"og:site_name\" content=\"Longchang Chemical\" \/>\n<meta property=\"article:modified_time\" content=\"2026-01-09T09:29:13+00:00\" \/>\n<meta property=\"og:image\" content=\"https:\/\/longchangchemical.com\/wp-content\/uploads\/2022\/11\/3896-11-5.jpg\" \/>\n\t<meta property=\"og:image:width\" content=\"600\" \/>\n\t<meta property=\"og:image:height\" content=\"600\" \/>\n\t<meta property=\"og:image:type\" content=\"image\/jpeg\" \/>\n<meta name=\"twitter:card\" content=\"summary_large_image\" \/>\n<script type=\"application\/ld+json\" class=\"yoast-schema-graph\">{\"@context\":\"https:\/\/schema.org\",\"@graph\":[{\"@type\":\"WebPage\",\"@id\":\"https:\/\/longchangchemical.com\/product\/lcsorb-uv-326-cas-3896-11-5\/\",\"url\":\"https:\/\/longchangchemical.com\/product\/lcsorb-uv-326-cas-3896-11-5\/\",\"name\":\"China UV-326 \/Tinuvin-326 \/Eversorb 73 CAS 3896-11-5 manufacturer - Longchang Chemical\",\"isPartOf\":{\"@id\":\"https:\/\/longchangchemical.com\/#website\"},\"primaryImageOfPage\":{\"@id\":\"https:\/\/longchangchemical.com\/product\/lcsorb-uv-326-cas-3896-11-5\/#primaryimage\"},\"image\":{\"@id\":\"https:\/\/longchangchemical.com\/product\/lcsorb-uv-326-cas-3896-11-5\/#primaryimage\"},\"thumbnailUrl\":\"https:\/\/longchangchemical.com\/wp-content\/uploads\/2022\/11\/3896-11-5.jpg\",\"datePublished\":\"2022-11-26T14:20:39+00:00\",\"dateModified\":\"2026-01-09T09:29:13+00:00\",\"description\":\"UV-326 \/Tinuvin-326 \/Eversorb 73 CAS 3896-11-5 is a key product of Longchang Chemical. We provide the best price. We are the leading manufacturer in China with the best quality and competitive price. Other Name:\u00a0Bumetrizole;\u00a0Bumetrizolum;\u00a0Tinuvin-326;\u00a0UV Absorber-6;\u00a0Bumetrizol;\u00a0Eversorb 73;\u00a0RIASORB UV-326;\u00a0Milestab 326;\u00a0\",\"breadcrumb\":{\"@id\":\"https:\/\/longchangchemical.com\/product\/lcsorb-uv-326-cas-3896-11-5\/#breadcrumb\"},\"inLanguage\":\"tr\",\"potentialAction\":[{\"@type\":\"ReadAction\",\"target\":[\"https:\/\/longchangchemical.com\/product\/lcsorb-uv-326-cas-3896-11-5\/\"]}]},{\"@type\":\"ImageObject\",\"inLanguage\":\"tr\",\"@id\":\"https:\/\/longchangchemical.com\/product\/lcsorb-uv-326-cas-3896-11-5\/#primaryimage\",\"url\":\"https:\/\/longchangchemical.com\/wp-content\/uploads\/2022\/11\/3896-11-5.jpg\",\"contentUrl\":\"https:\/\/longchangchemical.com\/wp-content\/uploads\/2022\/11\/3896-11-5.jpg\",\"width\":600,\"height\":600},{\"@type\":\"BreadcrumbList\",\"@id\":\"https:\/\/longchangchemical.com\/product\/lcsorb-uv-326-cas-3896-11-5\/#breadcrumb\",\"itemListElement\":[{\"@type\":\"ListItem\",\"position\":1,\"name\":\"Home\",\"item\":\"https:\/\/longchangchemical.com\/\"},{\"@type\":\"ListItem\",\"position\":2,\"name\":\"Products Longchang\",\"item\":\"https:\/\/longchangchemical.com\/product\/\"},{\"@type\":\"ListItem\",\"position\":3,\"name\":\"UV-326 \/Tinuvin-326 \/Eversorb 73 CAS 3896-11-5\"}]},{\"@type\":\"WebSite\",\"@id\":\"https:\/\/longchangchemical.com\/#website\",\"url\":\"https:\/\/longchangchemical.com\/\",\"name\":\"Longchang Chemical\",\"description\":\"China chemical manufacturer \uff06 supplier\",\"publisher\":{\"@id\":\"https:\/\/longchangchemical.com\/#organization\"},\"potentialAction\":[{\"@type\":\"SearchAction\",\"target\":{\"@type\":\"EntryPoint\",\"urlTemplate\":\"https:\/\/longchangchemical.com\/?s={search_term_string}\"},\"query-input\":{\"@type\":\"PropertyValueSpecification\",\"valueRequired\":true,\"valueName\":\"search_term_string\"}}],\"inLanguage\":\"tr\"},{\"@type\":\"Organization\",\"@id\":\"https:\/\/longchangchemical.com\/#organization\",\"name\":\"Longchang Chemical\",\"url\":\"https:\/\/longchangchemical.com\/\",\"logo\":{\"@type\":\"ImageObject\",\"inLanguage\":\"tr\",\"@id\":\"https:\/\/longchangchemical.com\/#\/schema\/logo\/image\/\",\"url\":\"https:\/\/longchangchemical.com\/wp-content\/uploads\/2020\/08\/cropped-longchang-logo.png\",\"contentUrl\":\"https:\/\/longchangchemical.com\/wp-content\/uploads\/2020\/08\/cropped-longchang-logo.png\",\"width\":512,\"height\":512,\"caption\":\"Longchang Chemical\"},\"image\":{\"@id\":\"https:\/\/longchangchemical.com\/#\/schema\/logo\/image\/\"}}]}<\/script>\n<!-- \/ Yoast SEO plugin. -->","yoast_head_json":{"title":"\u00c7in UV-326 \/Tinuvin-326 \/Eversorb 73 CAS 3896-11-5 \u00dcretici - Longchang Chemical","description":"UV-326 \/Tinuvin-326 \/Eversorb 73 CAS 3896-11-5, Longchang Chemical'\u0131n \u00f6nemli bir \u00fcr\u00fcn\u00fcd\u00fcr. En iyi fiyat\u0131 sa\u011fl\u0131yoruz. En iyi kalite ve rekabet\u00e7i fiyat ile \u00c7in'in \u00f6nde gelen \u00fcreticisiyiz. Di\u011fer Ad\u0131: Bumetrizol; Bumetrizolum; Tinuvin-326; UV Absorber-6; Bumetrizol; Eversorb 73; RIASORB UV-326; Milestab 326;\u00a0","robots":{"index":"index","follow":"follow","max-snippet":"max-snippet:-1","max-image-preview":"max-image-preview:large","max-video-preview":"max-video-preview:-1"},"canonical":"https:\/\/longchangchemical.com\/tr\/product\/lcsorb-uv-326-cas-3896-11-5\/","og_locale":"tr_TR","og_type":"article","og_title":"China UV-326 \/Tinuvin-326 \/Eversorb 73 CAS 3896-11-5 manufacturer - Longchang Chemical","og_description":"UV-326 \/Tinuvin-326 \/Eversorb 73 CAS 3896-11-5 is a key product of Longchang Chemical. We provide the best price. We are the leading manufacturer in China with the best quality and competitive price. Other Name:\u00a0Bumetrizole;\u00a0Bumetrizolum;\u00a0Tinuvin-326;\u00a0UV Absorber-6;\u00a0Bumetrizol;\u00a0Eversorb 73;\u00a0RIASORB UV-326;\u00a0Milestab 326;\u00a0","og_url":"https:\/\/longchangchemical.com\/tr\/product\/lcsorb-uv-326-cas-3896-11-5\/","og_site_name":"Longchang Chemical","article_modified_time":"2026-01-09T09:29:13+00:00","og_image":[{"width":600,"height":600,"url":"https:\/\/longchangchemical.com\/wp-content\/uploads\/2022\/11\/3896-11-5.jpg","type":"image\/jpeg"}],"twitter_card":"summary_large_image","schema":{"@context":"https:\/\/schema.org","@graph":[{"@type":"WebPage","@id":"https:\/\/longchangchemical.com\/product\/lcsorb-uv-326-cas-3896-11-5\/","url":"https:\/\/longchangchemical.com\/product\/lcsorb-uv-326-cas-3896-11-5\/","name":"\u00c7in UV-326 \/Tinuvin-326 \/Eversorb 73 CAS 3896-11-5 \u00dcretici - Longchang Chemical","isPartOf":{"@id":"https:\/\/longchangchemical.com\/#website"},"primaryImageOfPage":{"@id":"https:\/\/longchangchemical.com\/product\/lcsorb-uv-326-cas-3896-11-5\/#primaryimage"},"image":{"@id":"https:\/\/longchangchemical.com\/product\/lcsorb-uv-326-cas-3896-11-5\/#primaryimage"},"thumbnailUrl":"https:\/\/longchangchemical.com\/wp-content\/uploads\/2022\/11\/3896-11-5.jpg","datePublished":"2022-11-26T14:20:39+00:00","dateModified":"2026-01-09T09:29:13+00:00","description":"UV-326 \/Tinuvin-326 \/Eversorb 73 CAS 3896-11-5, Longchang Chemical'\u0131n \u00f6nemli bir \u00fcr\u00fcn\u00fcd\u00fcr. En iyi fiyat\u0131 sa\u011fl\u0131yoruz. En iyi kalite ve rekabet\u00e7i fiyat ile \u00c7in'in \u00f6nde gelen \u00fcreticisiyiz. Di\u011fer Ad\u0131: Bumetrizol; Bumetrizolum; Tinuvin-326; UV Absorber-6; Bumetrizol; Eversorb 73; RIASORB UV-326; Milestab 326;\u00a0","breadcrumb":{"@id":"https:\/\/longchangchemical.com\/product\/lcsorb-uv-326-cas-3896-11-5\/#breadcrumb"},"inLanguage":"tr","potentialAction":[{"@type":"ReadAction","target":["https:\/\/longchangchemical.com\/product\/lcsorb-uv-326-cas-3896-11-5\/"]}]},{"@type":"ImageObject","inLanguage":"tr","@id":"https:\/\/longchangchemical.com\/product\/lcsorb-uv-326-cas-3896-11-5\/#primaryimage","url":"https:\/\/longchangchemical.com\/wp-content\/uploads\/2022\/11\/3896-11-5.jpg","contentUrl":"https:\/\/longchangchemical.com\/wp-content\/uploads\/2022\/11\/3896-11-5.jpg","width":600,"height":600},{"@type":"BreadcrumbList","@id":"https:\/\/longchangchemical.com\/product\/lcsorb-uv-326-cas-3896-11-5\/#breadcrumb","itemListElement":[{"@type":"ListItem","position":1,"name":"Home","item":"https:\/\/longchangchemical.com\/"},{"@type":"ListItem","position":2,"name":"Products Longchang","item":"https:\/\/longchangchemical.com\/product\/"},{"@type":"ListItem","position":3,"name":"UV-326 \/Tinuvin-326 \/Eversorb 73 CAS 3896-11-5"}]},{"@type":"WebSite","@id":"https:\/\/longchangchemical.com\/#website","url":"https:\/\/longchangchemical.com\/","name":"Longchang Kimya","description":"\u00c7in kimyasal \u00fcreticisi \uff06 tedarik\u00e7isi","publisher":{"@id":"https:\/\/longchangchemical.com\/#organization"},"potentialAction":[{"@type":"SearchAction","target":{"@type":"EntryPoint","urlTemplate":"https:\/\/longchangchemical.com\/?s={search_term_string}"},"query-input":{"@type":"PropertyValueSpecification","valueRequired":true,"valueName":"search_term_string"}}],"inLanguage":"tr"},{"@type":"Organization","@id":"https:\/\/longchangchemical.com\/#organization","name":"Longchang Kimya","url":"https:\/\/longchangchemical.com\/","logo":{"@type":"ImageObject","inLanguage":"tr","@id":"https:\/\/longchangchemical.com\/#\/schema\/logo\/image\/","url":"https:\/\/longchangchemical.com\/wp-content\/uploads\/2020\/08\/cropped-longchang-logo.png","contentUrl":"https:\/\/longchangchemical.com\/wp-content\/uploads\/2020\/08\/cropped-longchang-logo.png","width":512,"height":512,"caption":"Longchang Chemical"},"image":{"@id":"https:\/\/longchangchemical.com\/#\/schema\/logo\/image\/"}}]}},"_links":{"self":[{"href":"https:\/\/longchangchemical.com\/tr\/wp-json\/wp\/v2\/product\/5752","targetHints":{"allow":["GET"]}}],"collection":[{"href":"https:\/\/longchangchemical.com\/tr\/wp-json\/wp\/v2\/product"}],"about":[{"href":"https:\/\/longchangchemical.com\/tr\/wp-json\/wp\/v2\/types\/product"}],"replies":[{"embeddable":true,"href":"https:\/\/longchangchemical.com\/tr\/wp-json\/wp\/v2\/comments?post=5752"}],"wp:featuredmedia":[{"embeddable":true,"href":"https:\/\/longchangchemical.com\/tr\/wp-json\/wp\/v2\/media\/7962"}],"wp:attachment":[{"href":"https:\/\/longchangchemical.com\/tr\/wp-json\/wp\/v2\/media?parent=5752"}],"wp:term":[{"taxonomy":"product_brand","embeddable":true,"href":"https:\/\/longchangchemical.com\/tr\/wp-json\/wp\/v2\/product_brand?post=5752"},{"taxonomy":"product_cat","embeddable":true,"href":"https:\/\/longchangchemical.com\/tr\/wp-json\/wp\/v2\/product_cat?post=5752"},{"taxonomy":"product_tag","embeddable":true,"href":"https:\/\/longchangchemical.com\/tr\/wp-json\/wp\/v2\/product_tag?post=5752"}],"curies":[{"name":"wp","href":"https:\/\/api.w.org\/{rel}","templated":true}]}}