{"id":5603,"date":"2022-09-26T13:51:40","date_gmt":"2022-09-26T13:51:40","guid":{"rendered":"https:\/\/longchangchemical.com\/?post_type=product&#038;p=5603"},"modified":"2025-12-15T07:32:34","modified_gmt":"2025-12-15T07:32:34","slug":"lcflex-3940-cas-54686-97-4","status":"publish","type":"product","link":"https:\/\/longchangchemical.com\/tr\/product\/lcflex-3940-cas-54686-97-4\/","title":{"rendered":"CHLUMIFLEX\u00ae 3940 \/ \u00c7ekirdekle\u015ftirici madde 3940 CAS 54686-97-4"},"content":{"rendered":"<h1><strong>\u00c7ekirdekle\u015ftirici madde 3940 CAS 54686-97-4<\/strong><\/h1>\n<table style=\"border-collapse: collapse; width: 270.02pt;\" border=\"0\" width=\"360\" cellspacing=\"0\" cellpadding=\"0\">\n<tbody>\n<tr style=\"height: 13.50pt;\">\n<td class=\"et2\" style=\"height: 13.50pt; width: 126.00pt;\" width=\"168\" height=\"18\">Yo\u011funluk<\/td>\n<td class=\"et3\" style=\"width: 144.00pt;\" width=\"192\">1,516 g\/cm3<\/td>\n<\/tr>\n<tr style=\"height: 13.50pt;\">\n<td class=\"et2\" style=\"height: 13.50pt; width: 126.00pt;\" width=\"168\" height=\"18\">Kaynama noktas\u0131<\/td>\n<td class=\"et3\" style=\"width: 144.00pt;\" width=\"192\">760 mmHg'de 602,853\u00baC<\/td>\n<\/tr>\n<tr style=\"height: 13.50pt;\">\n<td class=\"et2\" style=\"height: 13.50pt; width: 126.00pt;\" width=\"168\" height=\"18\">Erime noktas\u0131<\/td>\n<td class=\"et3\" style=\"width: 144.00pt;\" width=\"192\">255-262\u00baC<\/td>\n<\/tr>\n<tr style=\"height: 13.50pt;\">\n<td class=\"et2\" style=\"height: 13.50pt; width: 126.00pt;\" width=\"168\" height=\"18\">Molek\u00fcler form\u00fcl<\/td>\n<td class=\"et3\" style=\"width: 144.00pt;\" width=\"192\">C<span class=\"font3\">22<\/span><span class=\"font2\">H<\/span><span class=\"font3\">26<\/span><span class=\"font2\">O<\/span><span class=\"font3\">6<\/span><\/td>\n<\/tr>\n<tr style=\"height: 13.50pt;\">\n<td class=\"et2\" style=\"height: 13.50pt; width: 126.00pt;\" width=\"168\" height=\"18\">Molek\u00fcler a\u011f\u0131rl\u0131k<\/td>\n<td class=\"et3\" style=\"width: 144.00pt;\" width=\"192\">386.438<\/td>\n<\/tr>\n<tr style=\"height: 13.50pt;\">\n<td class=\"et2\" style=\"height: 13.50pt; width: 126.00pt;\" width=\"168\" height=\"18\">Parlama noktas\u0131<\/td>\n<td class=\"et3\" style=\"width: 144.00pt;\" width=\"192\">275.67\u00baC<\/td>\n<\/tr>\n<tr style=\"height: 13.50pt;\">\n<td class=\"et2\" style=\"height: 13.50pt; width: 126.00pt;\" width=\"168\" height=\"18\">Hassas k\u00fctle<\/td>\n<td class=\"et3\" style=\"width: 144.00pt;\" width=\"192\">386.173<\/td>\n<\/tr>\n<tr style=\"height: 13.50pt;\">\n<td class=\"et2\" style=\"height: 13.50pt; width: 126.00pt;\" width=\"168\" height=\"18\">PSA<\/td>\n<td class=\"et3\" style=\"width: 144.00pt;\" width=\"192\">77.38<\/td>\n<\/tr>\n<tr style=\"height: 13.50pt;\">\n<td class=\"et2\" style=\"height: 13.50pt; width: 126.00pt;\" width=\"168\" height=\"18\">LogP<\/td>\n<td class=\"et3\" style=\"width: 144.00pt;\" width=\"192\">2.5534<\/td>\n<\/tr>\n<tr style=\"height: 13.50pt;\">\n<td class=\"et2\" style=\"height: 13.50pt; width: 126.00pt;\" width=\"168\" height=\"18\">K\u0131r\u0131lma indisi<\/td>\n<td class=\"et3\" style=\"width: 144.00pt;\" width=\"192\">1.738<\/td>\n<\/tr>\n<tr style=\"height: 13.50pt;\">\n<td class=\"et4\" style=\"height: 13.50pt; width: 126.00pt;\" width=\"168\" height=\"18\">Suda \u00e7\u00f6z\u00fcn\u00fcrl\u00fck<\/td>\n<td class=\"et3\" style=\"width: 144.00pt;\" width=\"192\">20 \u00baC'de &lt;0,01 g\/100 mL<\/td>\n<\/tr>\n<\/tbody>\n<\/table>\n<h2><\/h2>\n<h2><strong>\u00c7ekirdekle\u015ftirici madde 3940 Uygulamalar<\/strong><\/h2>\n<p>1. Bu \u00fcr\u00fcn esas olarak homopolimer ve rastgele kopolimer polipropilen \u00fcr\u00fcnler ve do\u011frudan re\u00e7ine ile harmanlanabilen veya enjeksiyon ve ekstr\u00fczyon kal\u0131plama i\u00e7in kullan\u0131labilen LLDPE filmler i\u00e7in kullan\u0131l\u0131r.<\/p>\n<p>2. Bu \u00fcr\u00fcn ayr\u0131ca kau\u00e7uk, kimyasal elyaf, tekstil, bask\u0131, kaplama, pigment vb. alanlarda da kullan\u0131labilir.<\/p>\n<p>&nbsp;<\/p>\n<h2><strong><b>\u015eimdi Bize Ula\u015f\u0131n!<\/b><\/strong><\/h2>\n<h4><strong><b>COA, MSDS veya TDS'ye ihtiyac\u0131n\u0131z varsa, l\u00fctfen a\u015fa\u011f\u0131daki forma ileti\u015fim bilgilerinizi girin, genellikle 24 saat i\u00e7inde sizinle ileti\u015fime ge\u00e7ece\u011fiz.<\/b><\/strong> Bana e-posta da g\u00f6nderebilirsiniz <a href=\"mailto:info@longchangchemical.com\"><span style=\"color: #0000ff;\">info@longchangchemical.com<\/span><\/a> \u00c7al\u0131\u015fma saatleri i\u00e7inde (8:30 - 6:00 UTC+8 Pzt.~Sat.) veya h\u0131zl\u0131 yan\u0131t almak i\u00e7in web sitesi canl\u0131 sohbetini kullan\u0131n.<\/h4>","protected":false},"excerpt":{"rendered":"<p>\u00dcr\u00fcn Ad\u0131: \u00c7ekirdekle\u015ftirici madde 3940<\/p>\n<p>CAS No: 54686-97-4<\/p>\n<p>Molek\u00fcler form\u00fcl: C22H26O6<\/p>\n<p>Molek\u00fcl a\u011f\u0131rl\u0131\u011f\u0131 386,44<\/p>\n<p>G\u00f6r\u00fcn\u00fcm: beyaz gev\u015fek toz<\/p>","protected":false},"featured_media":5604,"comment_status":"open","ping_status":"closed","template":"","meta":[],"product_brand":[],"product_cat":[141],"product_tag":[],"class_list":{"0":"post-5603","1":"product","2":"type-product","3":"status-publish","4":"has-post-thumbnail","6":"product_cat-nucleating-agent","8":"first","9":"instock","10":"shipping-taxable","11":"product-type-simple"},"yoast_head":"<!-- This site is optimized with the Yoast SEO plugin v25.3.1 - https:\/\/yoast.com\/wordpress\/plugins\/seo\/ -->\n<title>China CHLUMIFLEX\u00ae 3940 \/ Nucleating agent 3940 CAS 54686-97-4 Manufacturer - Longchang Chemical<\/title>\n<meta name=\"description\" content=\"CHLUMIFLEX\u00ae 3940 \/ Nucleating agent 3940 CAS 54686-97-4 is a key product of Longchang Chemical. We provide the best price. We are the leading manufacturer in China with the best quality and competitive price.\" \/>\n<meta name=\"robots\" content=\"index, follow, max-snippet:-1, max-image-preview:large, max-video-preview:-1\" \/>\n<link rel=\"canonical\" href=\"https:\/\/longchangchemical.com\/tr\/product\/lcflex-3940-cas-54686-97-4\/\" \/>\n<meta property=\"og:locale\" content=\"tr_TR\" \/>\n<meta property=\"og:type\" content=\"article\" \/>\n<meta property=\"og:title\" content=\"China CHLUMIFLEX\u00ae 3940 \/ Nucleating agent 3940 CAS 54686-97-4 Manufacturer - Longchang Chemical\" \/>\n<meta property=\"og:description\" content=\"CHLUMIFLEX\u00ae 3940 \/ Nucleating agent 3940 CAS 54686-97-4 is a key product of Longchang Chemical. We provide the best price. We are the leading manufacturer in China with the best quality and competitive price.\" \/>\n<meta property=\"og:url\" content=\"https:\/\/longchangchemical.com\/tr\/product\/lcflex-3940-cas-54686-97-4\/\" \/>\n<meta property=\"og:site_name\" content=\"Longchang Chemical\" \/>\n<meta property=\"article:modified_time\" content=\"2025-12-15T07:32:34+00:00\" \/>\n<meta property=\"og:image\" content=\"https:\/\/longchangchemical.com\/wp-content\/uploads\/2022\/09\/52.jpg\" \/>\n\t<meta property=\"og:image:width\" content=\"600\" \/>\n\t<meta property=\"og:image:height\" content=\"654\" \/>\n\t<meta property=\"og:image:type\" content=\"image\/jpeg\" \/>\n<meta name=\"twitter:card\" content=\"summary_large_image\" \/>\n<script type=\"application\/ld+json\" class=\"yoast-schema-graph\">{\"@context\":\"https:\/\/schema.org\",\"@graph\":[{\"@type\":\"WebPage\",\"@id\":\"https:\/\/longchangchemical.com\/product\/lcflex-3940-cas-54686-97-4\/\",\"url\":\"https:\/\/longchangchemical.com\/product\/lcflex-3940-cas-54686-97-4\/\",\"name\":\"China CHLUMIFLEX\u00ae 3940 \/ Nucleating agent 3940 CAS 54686-97-4 Manufacturer - Longchang Chemical\",\"isPartOf\":{\"@id\":\"https:\/\/longchangchemical.com\/#website\"},\"primaryImageOfPage\":{\"@id\":\"https:\/\/longchangchemical.com\/product\/lcflex-3940-cas-54686-97-4\/#primaryimage\"},\"image\":{\"@id\":\"https:\/\/longchangchemical.com\/product\/lcflex-3940-cas-54686-97-4\/#primaryimage\"},\"thumbnailUrl\":\"https:\/\/longchangchemical.com\/wp-content\/uploads\/2022\/09\/52.jpg\",\"datePublished\":\"2022-09-26T13:51:40+00:00\",\"dateModified\":\"2025-12-15T07:32:34+00:00\",\"description\":\"CHLUMIFLEX\u00ae 3940 \/ Nucleating agent 3940 CAS 54686-97-4 is a key product of Longchang Chemical. We provide the best price. We are the leading manufacturer in China with the best quality and competitive price.\",\"breadcrumb\":{\"@id\":\"https:\/\/longchangchemical.com\/product\/lcflex-3940-cas-54686-97-4\/#breadcrumb\"},\"inLanguage\":\"tr\",\"potentialAction\":[{\"@type\":\"ReadAction\",\"target\":[\"https:\/\/longchangchemical.com\/product\/lcflex-3940-cas-54686-97-4\/\"]}]},{\"@type\":\"ImageObject\",\"inLanguage\":\"tr\",\"@id\":\"https:\/\/longchangchemical.com\/product\/lcflex-3940-cas-54686-97-4\/#primaryimage\",\"url\":\"https:\/\/longchangchemical.com\/wp-content\/uploads\/2022\/09\/52.jpg\",\"contentUrl\":\"https:\/\/longchangchemical.com\/wp-content\/uploads\/2022\/09\/52.jpg\",\"width\":600,\"height\":654},{\"@type\":\"BreadcrumbList\",\"@id\":\"https:\/\/longchangchemical.com\/product\/lcflex-3940-cas-54686-97-4\/#breadcrumb\",\"itemListElement\":[{\"@type\":\"ListItem\",\"position\":1,\"name\":\"Home\",\"item\":\"https:\/\/longchangchemical.com\/\"},{\"@type\":\"ListItem\",\"position\":2,\"name\":\"Products Longchang\",\"item\":\"https:\/\/longchangchemical.com\/product\/\"},{\"@type\":\"ListItem\",\"position\":3,\"name\":\"CHLUMIFLEX\u00ae 3940 \/ Nucleating agent 3940 CAS 54686-97-4\"}]},{\"@type\":\"WebSite\",\"@id\":\"https:\/\/longchangchemical.com\/#website\",\"url\":\"https:\/\/longchangchemical.com\/\",\"name\":\"Longchang Chemical\",\"description\":\"China chemical manufacturer \uff06 supplier\",\"publisher\":{\"@id\":\"https:\/\/longchangchemical.com\/#organization\"},\"potentialAction\":[{\"@type\":\"SearchAction\",\"target\":{\"@type\":\"EntryPoint\",\"urlTemplate\":\"https:\/\/longchangchemical.com\/?s={search_term_string}\"},\"query-input\":{\"@type\":\"PropertyValueSpecification\",\"valueRequired\":true,\"valueName\":\"search_term_string\"}}],\"inLanguage\":\"tr\"},{\"@type\":\"Organization\",\"@id\":\"https:\/\/longchangchemical.com\/#organization\",\"name\":\"Longchang Chemical\",\"url\":\"https:\/\/longchangchemical.com\/\",\"logo\":{\"@type\":\"ImageObject\",\"inLanguage\":\"tr\",\"@id\":\"https:\/\/longchangchemical.com\/#\/schema\/logo\/image\/\",\"url\":\"https:\/\/longchangchemical.com\/wp-content\/uploads\/2020\/08\/cropped-longchang-logo.png\",\"contentUrl\":\"https:\/\/longchangchemical.com\/wp-content\/uploads\/2020\/08\/cropped-longchang-logo.png\",\"width\":512,\"height\":512,\"caption\":\"Longchang Chemical\"},\"image\":{\"@id\":\"https:\/\/longchangchemical.com\/#\/schema\/logo\/image\/\"}}]}<\/script>\n<!-- \/ Yoast SEO plugin. -->","yoast_head_json":{"title":"\u00c7in CHLUMIFLEX\u00ae 3940 \/ \u00c7ekirdekle\u015ftirici ajan 3940 CAS 54686-97-4 \u00dcretici - Longchang Chemical","description":"CHLUMIFLEX\u00ae 3940 \/ Nucleating agent 3940 CAS 54686-97-4, Longchang Chemical'\u0131n \u00f6nemli bir \u00fcr\u00fcn\u00fcd\u00fcr. En iyi fiyat\u0131 sa\u011fl\u0131yoruz. En iyi kalite ve rekabet\u00e7i fiyat ile \u00c7in'in \u00f6nde gelen \u00fcreticisiyiz.","robots":{"index":"index","follow":"follow","max-snippet":"max-snippet:-1","max-image-preview":"max-image-preview:large","max-video-preview":"max-video-preview:-1"},"canonical":"https:\/\/longchangchemical.com\/tr\/product\/lcflex-3940-cas-54686-97-4\/","og_locale":"tr_TR","og_type":"article","og_title":"China CHLUMIFLEX\u00ae 3940 \/ Nucleating agent 3940 CAS 54686-97-4 Manufacturer - Longchang Chemical","og_description":"CHLUMIFLEX\u00ae 3940 \/ Nucleating agent 3940 CAS 54686-97-4 is a key product of Longchang Chemical. We provide the best price. We are the leading manufacturer in China with the best quality and competitive price.","og_url":"https:\/\/longchangchemical.com\/tr\/product\/lcflex-3940-cas-54686-97-4\/","og_site_name":"Longchang Chemical","article_modified_time":"2025-12-15T07:32:34+00:00","og_image":[{"width":600,"height":654,"url":"https:\/\/longchangchemical.com\/wp-content\/uploads\/2022\/09\/52.jpg","type":"image\/jpeg"}],"twitter_card":"summary_large_image","schema":{"@context":"https:\/\/schema.org","@graph":[{"@type":"WebPage","@id":"https:\/\/longchangchemical.com\/product\/lcflex-3940-cas-54686-97-4\/","url":"https:\/\/longchangchemical.com\/product\/lcflex-3940-cas-54686-97-4\/","name":"\u00c7in CHLUMIFLEX\u00ae 3940 \/ \u00c7ekirdekle\u015ftirici ajan 3940 CAS 54686-97-4 \u00dcretici - Longchang Chemical","isPartOf":{"@id":"https:\/\/longchangchemical.com\/#website"},"primaryImageOfPage":{"@id":"https:\/\/longchangchemical.com\/product\/lcflex-3940-cas-54686-97-4\/#primaryimage"},"image":{"@id":"https:\/\/longchangchemical.com\/product\/lcflex-3940-cas-54686-97-4\/#primaryimage"},"thumbnailUrl":"https:\/\/longchangchemical.com\/wp-content\/uploads\/2022\/09\/52.jpg","datePublished":"2022-09-26T13:51:40+00:00","dateModified":"2025-12-15T07:32:34+00:00","description":"CHLUMIFLEX\u00ae 3940 \/ Nucleating agent 3940 CAS 54686-97-4, Longchang Chemical'\u0131n \u00f6nemli bir \u00fcr\u00fcn\u00fcd\u00fcr. En iyi fiyat\u0131 sa\u011fl\u0131yoruz. En iyi kalite ve rekabet\u00e7i fiyat ile \u00c7in'in \u00f6nde gelen \u00fcreticisiyiz.","breadcrumb":{"@id":"https:\/\/longchangchemical.com\/product\/lcflex-3940-cas-54686-97-4\/#breadcrumb"},"inLanguage":"tr","potentialAction":[{"@type":"ReadAction","target":["https:\/\/longchangchemical.com\/product\/lcflex-3940-cas-54686-97-4\/"]}]},{"@type":"ImageObject","inLanguage":"tr","@id":"https:\/\/longchangchemical.com\/product\/lcflex-3940-cas-54686-97-4\/#primaryimage","url":"https:\/\/longchangchemical.com\/wp-content\/uploads\/2022\/09\/52.jpg","contentUrl":"https:\/\/longchangchemical.com\/wp-content\/uploads\/2022\/09\/52.jpg","width":600,"height":654},{"@type":"BreadcrumbList","@id":"https:\/\/longchangchemical.com\/product\/lcflex-3940-cas-54686-97-4\/#breadcrumb","itemListElement":[{"@type":"ListItem","position":1,"name":"Home","item":"https:\/\/longchangchemical.com\/"},{"@type":"ListItem","position":2,"name":"Products Longchang","item":"https:\/\/longchangchemical.com\/product\/"},{"@type":"ListItem","position":3,"name":"CHLUMIFLEX\u00ae 3940 \/ Nucleating agent 3940 CAS 54686-97-4"}]},{"@type":"WebSite","@id":"https:\/\/longchangchemical.com\/#website","url":"https:\/\/longchangchemical.com\/","name":"Longchang Kimya","description":"\u00c7in kimyasal \u00fcreticisi \uff06 tedarik\u00e7isi","publisher":{"@id":"https:\/\/longchangchemical.com\/#organization"},"potentialAction":[{"@type":"SearchAction","target":{"@type":"EntryPoint","urlTemplate":"https:\/\/longchangchemical.com\/?s={search_term_string}"},"query-input":{"@type":"PropertyValueSpecification","valueRequired":true,"valueName":"search_term_string"}}],"inLanguage":"tr"},{"@type":"Organization","@id":"https:\/\/longchangchemical.com\/#organization","name":"Longchang Kimya","url":"https:\/\/longchangchemical.com\/","logo":{"@type":"ImageObject","inLanguage":"tr","@id":"https:\/\/longchangchemical.com\/#\/schema\/logo\/image\/","url":"https:\/\/longchangchemical.com\/wp-content\/uploads\/2020\/08\/cropped-longchang-logo.png","contentUrl":"https:\/\/longchangchemical.com\/wp-content\/uploads\/2020\/08\/cropped-longchang-logo.png","width":512,"height":512,"caption":"Longchang Chemical"},"image":{"@id":"https:\/\/longchangchemical.com\/#\/schema\/logo\/image\/"}}]}},"_links":{"self":[{"href":"https:\/\/longchangchemical.com\/tr\/wp-json\/wp\/v2\/product\/5603","targetHints":{"allow":["GET"]}}],"collection":[{"href":"https:\/\/longchangchemical.com\/tr\/wp-json\/wp\/v2\/product"}],"about":[{"href":"https:\/\/longchangchemical.com\/tr\/wp-json\/wp\/v2\/types\/product"}],"replies":[{"embeddable":true,"href":"https:\/\/longchangchemical.com\/tr\/wp-json\/wp\/v2\/comments?post=5603"}],"wp:featuredmedia":[{"embeddable":true,"href":"https:\/\/longchangchemical.com\/tr\/wp-json\/wp\/v2\/media\/5604"}],"wp:attachment":[{"href":"https:\/\/longchangchemical.com\/tr\/wp-json\/wp\/v2\/media?parent=5603"}],"wp:term":[{"taxonomy":"product_brand","embeddable":true,"href":"https:\/\/longchangchemical.com\/tr\/wp-json\/wp\/v2\/product_brand?post=5603"},{"taxonomy":"product_cat","embeddable":true,"href":"https:\/\/longchangchemical.com\/tr\/wp-json\/wp\/v2\/product_cat?post=5603"},{"taxonomy":"product_tag","embeddable":true,"href":"https:\/\/longchangchemical.com\/tr\/wp-json\/wp\/v2\/product_tag?post=5603"}],"curies":[{"name":"wp","href":"https:\/\/api.w.org\/{rel}","templated":true}]}}