{"id":5534,"date":"2022-09-09T11:44:40","date_gmt":"2022-09-09T11:44:40","guid":{"rendered":"https:\/\/longchangchemical.com\/?post_type=product&#038;p=5534"},"modified":"2026-01-09T09:33:40","modified_gmt":"2026-01-09T09:33:40","slug":"lcsorb-uv-234-cas-70321-86-7","status":"publish","type":"product","link":"https:\/\/longchangchemical.com\/tr\/product\/lcsorb-uv-234-cas-70321-86-7\/","title":{"rendered":"UV-234 \/ UV Absorber 234 CAS 70321-86-7"},"content":{"rendered":"<h1>UV-234 \/ UV Absorber 234 CAS 70321-86-7<\/h1>\n<table border=\"1\" width=\"505\" cellspacing=\"0\">\n<tbody>\n<tr>\n<td valign=\"top\" width=\"104\">G\u00f6r\u00fcn\u00fc\u015f<\/td>\n<td valign=\"top\" width=\"386\">Kirli beyaz toz<\/td>\n<\/tr>\n<tr>\n<td valign=\"top\" width=\"104\">\u0130\u00e7erik<\/td>\n<td valign=\"top\" width=\"386\">\u226599% (HPLC)<\/td>\n<\/tr>\n<tr>\n<td valign=\"top\" width=\"104\">Erime noktas\u0131<\/td>\n<td valign=\"top\" width=\"386\">139.5-144\u2103<\/td>\n<\/tr>\n<tr>\n<td valign=\"top\" width=\"104\">K\u00fcl<\/td>\n<td valign=\"top\" width=\"386\">\u22640,1%<\/td>\n<\/tr>\n<tr>\n<td valign=\"top\" width=\"104\">U\u00e7ucu<\/td>\n<td valign=\"top\" width=\"386\">\u22640,5%<\/td>\n<\/tr>\n<tr>\n<td valign=\"top\" width=\"104\">Ge\u00e7irgenlik<\/td>\n<td valign=\"top\" width=\"386\">460nm\u226595% 500nm\u226597%<\/td>\n<\/tr>\n<\/tbody>\n<\/table>\n<h2><\/h2>\n<h2><strong>UV Absorber 234 Uygulama<\/strong><\/h2>\n<p>Polikarbonat, polivinil klor\u00fcr, polioksimetilen, poliamid, polyester vb. i\u00e7in uygundur.<\/p>\n<table border=\"1\" width=\"527\" cellspacing=\"0\">\n<tbody>\n<tr>\n<td valign=\"top\" width=\"154\">Polivinil klor\u00fcr<\/td>\n<td valign=\"top\" width=\"168\">Polikarbonat<\/td>\n<td valign=\"top\" width=\"155\">Polyester<\/td>\n<\/tr>\n<tr>\n<td valign=\"top\" width=\"154\">0.25-0.5%<\/td>\n<td valign=\"top\" width=\"168\">0.3-0.5%<\/td>\n<td valign=\"top\" width=\"155\">0.3-0.5%<\/td>\n<\/tr>\n<\/tbody>\n<\/table>\n<p>UV-234 iyi uyumluluk, d\u00fc\u015f\u00fck u\u00e7uculuk, g\u00fc\u00e7l\u00fc UV absorpsiyonu ve m\u00fckemmel termal stabilite avantajlar\u0131na sahiptir. Polikarbonat, polyester, polioksimetilen, polidilute amin, polifenilen eter, termoplastik poli\u00fcretan ve poli\u00fcretan elyaf vb. i\u00e7in uygundur.<\/p>\n<h2><strong>UV Absorber 234 Depolama<\/strong><\/h2>\n<p>Kuru, temiz ve iyi havaland\u0131r\u0131lan bir depoda muhafaza edilecektir.<br \/>\nOksitlenmeyi \u00f6nlemek i\u00e7in \u0131\u015f\u0131\u011fa ve \u0131s\u0131tmaya maruz b\u0131rakmaktan ka\u00e7\u0131n\u0131n.<br \/>\n\u00dcr\u00fcn\u00fc nakliye s\u0131ras\u0131nda s\u0131z\u0131nt\u0131, ya\u011fmur ve g\u00fcne\u015ften korumak.<\/p>\n<h2><strong>\u015eimdi Bize Ula\u015f\u0131n!<\/strong><\/h2>\n<p><strong>COA, MSDS veya TDS'ye ihtiyac\u0131n\u0131z varsa <span style=\"color: #00ccff;\"><a style=\"color: #00ccff;\" href=\"https:\/\/longchangchemical.com\/tr\/product-category\/lcsorb-uv-absorber\/\">UV Emici<\/a><\/span>l\u00fctfen ileti\u015fim bilgilerinizi a\u015fa\u011f\u0131daki forma doldurun, genellikle 24 saat i\u00e7inde sizinle ileti\u015fime ge\u00e7ece\u011fiz. Bana e-posta da g\u00f6nderebilirsiniz <span style=\"color: #00ccff;\"><a style=\"color: #00ccff;\" href=\"mailto:info@longchangchemical.com\">info@longchangchemical.com<\/a> <\/span>\u00c7al\u0131\u015fma saatleri i\u00e7inde (8:30 - 6:00 UTC+8 Pzt.~Sat.) veya h\u0131zl\u0131 yan\u0131t almak i\u00e7in web sitesi canl\u0131 sohbetini kullan\u0131n.<\/strong><\/p>","protected":false},"excerpt":{"rendered":"<p><strong>Kimyasal Ad\u0131<\/strong>:2-(2H-benzotriazol-2-il)-4,6-bis(1-metil-1-feniletil)fenol<\/p>\n<p><strong>Cas No:<\/strong>70321-86-7<\/p>\n<p><strong>E\u015fanlaml\u0131:<\/strong>Eversorb 76; Milestab 234; THASORB UV-234; UV Absorber UV-234<\/p>\n<p><strong>Yap\u0131:<\/strong><\/p>\n<p><img decoding=\"async\" class=\"\" src=\"https:\/\/www.chemicalbook.com\/CAS\/GIF\/70321-86-7.gif\" alt=\"\u7d2b\u5916\u5438\u6536\u5242 234\" width=\"278\" height=\"212\" \/><\/p>","protected":false},"featured_media":7963,"comment_status":"closed","ping_status":"closed","template":"","meta":[],"product_brand":[],"product_cat":[139],"product_tag":[],"class_list":{"0":"post-5534","1":"product","2":"type-product","3":"status-publish","4":"has-post-thumbnail","6":"product_cat-lcsorb-uv-absorber","8":"first","9":"instock","10":"shipping-taxable","11":"product-type-simple"},"yoast_head":"<!-- This site is optimized with the Yoast SEO plugin v25.3.1 - https:\/\/yoast.com\/wordpress\/plugins\/seo\/ -->\n<title>Uv absorber UV-234 manufacturer Cas 70321-86-7 supplier - Longchang Chemical<\/title>\n<meta name=\"description\" content=\"UV-234 can replace Eversorb 76;Milestab 234;THASORB UV-234,used as ultraviolet absorber and is the key product of Longchang Chemical. We are the leading uv material manufacturer and supplier in China with the best quanlity and competitive price.\" \/>\n<meta name=\"robots\" content=\"index, follow, max-snippet:-1, max-image-preview:large, max-video-preview:-1\" \/>\n<link rel=\"canonical\" href=\"https:\/\/longchangchemical.com\/tr\/product\/lcsorb-uv-234-cas-70321-86-7\/\" \/>\n<meta property=\"og:locale\" content=\"tr_TR\" \/>\n<meta property=\"og:type\" content=\"article\" \/>\n<meta property=\"og:title\" content=\"Uv absorber UV-234 manufacturer Cas 70321-86-7 supplier - Longchang Chemical\" \/>\n<meta property=\"og:description\" content=\"UV-234 can replace Eversorb 76;Milestab 234;THASORB UV-234,used as ultraviolet absorber and is the key product of Longchang Chemical. We are the leading uv material manufacturer and supplier in China with the best quanlity and competitive price.\" \/>\n<meta property=\"og:url\" content=\"https:\/\/longchangchemical.com\/tr\/product\/lcsorb-uv-234-cas-70321-86-7\/\" \/>\n<meta property=\"og:site_name\" content=\"Longchang Chemical\" \/>\n<meta property=\"article:modified_time\" content=\"2026-01-09T09:33:40+00:00\" \/>\n<meta property=\"og:image\" content=\"https:\/\/longchangchemical.com\/wp-content\/uploads\/2022\/09\/70321-86-7.jpg\" \/>\n\t<meta property=\"og:image:width\" content=\"600\" \/>\n\t<meta property=\"og:image:height\" content=\"600\" \/>\n\t<meta property=\"og:image:type\" content=\"image\/jpeg\" \/>\n<meta name=\"twitter:card\" content=\"summary_large_image\" \/>\n<script type=\"application\/ld+json\" class=\"yoast-schema-graph\">{\"@context\":\"https:\/\/schema.org\",\"@graph\":[{\"@type\":\"WebPage\",\"@id\":\"https:\/\/longchangchemical.com\/product\/lcsorb-uv-234-cas-70321-86-7\/\",\"url\":\"https:\/\/longchangchemical.com\/product\/lcsorb-uv-234-cas-70321-86-7\/\",\"name\":\"Uv absorber UV-234 manufacturer Cas 70321-86-7 supplier - Longchang Chemical\",\"isPartOf\":{\"@id\":\"https:\/\/longchangchemical.com\/#website\"},\"primaryImageOfPage\":{\"@id\":\"https:\/\/longchangchemical.com\/product\/lcsorb-uv-234-cas-70321-86-7\/#primaryimage\"},\"image\":{\"@id\":\"https:\/\/longchangchemical.com\/product\/lcsorb-uv-234-cas-70321-86-7\/#primaryimage\"},\"thumbnailUrl\":\"https:\/\/longchangchemical.com\/wp-content\/uploads\/2022\/09\/70321-86-7.jpg\",\"datePublished\":\"2022-09-09T11:44:40+00:00\",\"dateModified\":\"2026-01-09T09:33:40+00:00\",\"description\":\"UV-234 can replace Eversorb 76;Milestab 234;THASORB UV-234,used as ultraviolet absorber and is the key product of Longchang Chemical. We are the leading uv material manufacturer and supplier in China with the best quanlity and competitive price.\",\"breadcrumb\":{\"@id\":\"https:\/\/longchangchemical.com\/product\/lcsorb-uv-234-cas-70321-86-7\/#breadcrumb\"},\"inLanguage\":\"tr\",\"potentialAction\":[{\"@type\":\"ReadAction\",\"target\":[\"https:\/\/longchangchemical.com\/product\/lcsorb-uv-234-cas-70321-86-7\/\"]}]},{\"@type\":\"ImageObject\",\"inLanguage\":\"tr\",\"@id\":\"https:\/\/longchangchemical.com\/product\/lcsorb-uv-234-cas-70321-86-7\/#primaryimage\",\"url\":\"https:\/\/longchangchemical.com\/wp-content\/uploads\/2022\/09\/70321-86-7.jpg\",\"contentUrl\":\"https:\/\/longchangchemical.com\/wp-content\/uploads\/2022\/09\/70321-86-7.jpg\",\"width\":600,\"height\":600},{\"@type\":\"BreadcrumbList\",\"@id\":\"https:\/\/longchangchemical.com\/product\/lcsorb-uv-234-cas-70321-86-7\/#breadcrumb\",\"itemListElement\":[{\"@type\":\"ListItem\",\"position\":1,\"name\":\"Home\",\"item\":\"https:\/\/longchangchemical.com\/\"},{\"@type\":\"ListItem\",\"position\":2,\"name\":\"Products Longchang\",\"item\":\"https:\/\/longchangchemical.com\/product\/\"},{\"@type\":\"ListItem\",\"position\":3,\"name\":\"UV-234 \/ UV Absorber 234 CAS 70321-86-7\"}]},{\"@type\":\"WebSite\",\"@id\":\"https:\/\/longchangchemical.com\/#website\",\"url\":\"https:\/\/longchangchemical.com\/\",\"name\":\"Longchang Chemical\",\"description\":\"China chemical manufacturer \uff06 supplier\",\"publisher\":{\"@id\":\"https:\/\/longchangchemical.com\/#organization\"},\"potentialAction\":[{\"@type\":\"SearchAction\",\"target\":{\"@type\":\"EntryPoint\",\"urlTemplate\":\"https:\/\/longchangchemical.com\/?s={search_term_string}\"},\"query-input\":{\"@type\":\"PropertyValueSpecification\",\"valueRequired\":true,\"valueName\":\"search_term_string\"}}],\"inLanguage\":\"tr\"},{\"@type\":\"Organization\",\"@id\":\"https:\/\/longchangchemical.com\/#organization\",\"name\":\"Longchang Chemical\",\"url\":\"https:\/\/longchangchemical.com\/\",\"logo\":{\"@type\":\"ImageObject\",\"inLanguage\":\"tr\",\"@id\":\"https:\/\/longchangchemical.com\/#\/schema\/logo\/image\/\",\"url\":\"https:\/\/longchangchemical.com\/wp-content\/uploads\/2020\/08\/cropped-longchang-logo.png\",\"contentUrl\":\"https:\/\/longchangchemical.com\/wp-content\/uploads\/2020\/08\/cropped-longchang-logo.png\",\"width\":512,\"height\":512,\"caption\":\"Longchang Chemical\"},\"image\":{\"@id\":\"https:\/\/longchangchemical.com\/#\/schema\/logo\/image\/\"}}]}<\/script>\n<!-- \/ Yoast SEO plugin. -->","yoast_head_json":{"title":"Uv emici UV-234 \u00fcreticisi Cas 70321-86-7 tedarik\u00e7isi - Longchang Chemical","description":"UV-234, ultraviyole emici olarak kullan\u0131lan Eversorb 76; Milestab 234; THASORB UV-234'\u00fcn yerini alabilir ve Longchang Chemical'\u0131n anahtar \u00fcr\u00fcn\u00fcd\u00fcr. Biz en iyi quanlity ve rekabet\u00e7i fiyat ile \u00c7in'in \u00f6nde gelen uv malzeme \u00fcreticisi ve tedarik\u00e7isi vard\u0131r.","robots":{"index":"index","follow":"follow","max-snippet":"max-snippet:-1","max-image-preview":"max-image-preview:large","max-video-preview":"max-video-preview:-1"},"canonical":"https:\/\/longchangchemical.com\/tr\/product\/lcsorb-uv-234-cas-70321-86-7\/","og_locale":"tr_TR","og_type":"article","og_title":"Uv absorber UV-234 manufacturer Cas 70321-86-7 supplier - Longchang Chemical","og_description":"UV-234 can replace Eversorb 76;Milestab 234;THASORB UV-234,used as ultraviolet absorber and is the key product of Longchang Chemical. We are the leading uv material manufacturer and supplier in China with the best quanlity and competitive price.","og_url":"https:\/\/longchangchemical.com\/tr\/product\/lcsorb-uv-234-cas-70321-86-7\/","og_site_name":"Longchang Chemical","article_modified_time":"2026-01-09T09:33:40+00:00","og_image":[{"width":600,"height":600,"url":"https:\/\/longchangchemical.com\/wp-content\/uploads\/2022\/09\/70321-86-7.jpg","type":"image\/jpeg"}],"twitter_card":"summary_large_image","schema":{"@context":"https:\/\/schema.org","@graph":[{"@type":"WebPage","@id":"https:\/\/longchangchemical.com\/product\/lcsorb-uv-234-cas-70321-86-7\/","url":"https:\/\/longchangchemical.com\/product\/lcsorb-uv-234-cas-70321-86-7\/","name":"Uv emici UV-234 \u00fcreticisi Cas 70321-86-7 tedarik\u00e7isi - Longchang Chemical","isPartOf":{"@id":"https:\/\/longchangchemical.com\/#website"},"primaryImageOfPage":{"@id":"https:\/\/longchangchemical.com\/product\/lcsorb-uv-234-cas-70321-86-7\/#primaryimage"},"image":{"@id":"https:\/\/longchangchemical.com\/product\/lcsorb-uv-234-cas-70321-86-7\/#primaryimage"},"thumbnailUrl":"https:\/\/longchangchemical.com\/wp-content\/uploads\/2022\/09\/70321-86-7.jpg","datePublished":"2022-09-09T11:44:40+00:00","dateModified":"2026-01-09T09:33:40+00:00","description":"UV-234, ultraviyole emici olarak kullan\u0131lan Eversorb 76; Milestab 234; THASORB UV-234'\u00fcn yerini alabilir ve Longchang Chemical'\u0131n anahtar \u00fcr\u00fcn\u00fcd\u00fcr. Biz en iyi quanlity ve rekabet\u00e7i fiyat ile \u00c7in'in \u00f6nde gelen uv malzeme \u00fcreticisi ve tedarik\u00e7isi vard\u0131r.","breadcrumb":{"@id":"https:\/\/longchangchemical.com\/product\/lcsorb-uv-234-cas-70321-86-7\/#breadcrumb"},"inLanguage":"tr","potentialAction":[{"@type":"ReadAction","target":["https:\/\/longchangchemical.com\/product\/lcsorb-uv-234-cas-70321-86-7\/"]}]},{"@type":"ImageObject","inLanguage":"tr","@id":"https:\/\/longchangchemical.com\/product\/lcsorb-uv-234-cas-70321-86-7\/#primaryimage","url":"https:\/\/longchangchemical.com\/wp-content\/uploads\/2022\/09\/70321-86-7.jpg","contentUrl":"https:\/\/longchangchemical.com\/wp-content\/uploads\/2022\/09\/70321-86-7.jpg","width":600,"height":600},{"@type":"BreadcrumbList","@id":"https:\/\/longchangchemical.com\/product\/lcsorb-uv-234-cas-70321-86-7\/#breadcrumb","itemListElement":[{"@type":"ListItem","position":1,"name":"Home","item":"https:\/\/longchangchemical.com\/"},{"@type":"ListItem","position":2,"name":"Products Longchang","item":"https:\/\/longchangchemical.com\/product\/"},{"@type":"ListItem","position":3,"name":"UV-234 \/ UV Absorber 234 CAS 70321-86-7"}]},{"@type":"WebSite","@id":"https:\/\/longchangchemical.com\/#website","url":"https:\/\/longchangchemical.com\/","name":"Longchang Kimya","description":"\u00c7in kimyasal \u00fcreticisi \uff06 tedarik\u00e7isi","publisher":{"@id":"https:\/\/longchangchemical.com\/#organization"},"potentialAction":[{"@type":"SearchAction","target":{"@type":"EntryPoint","urlTemplate":"https:\/\/longchangchemical.com\/?s={search_term_string}"},"query-input":{"@type":"PropertyValueSpecification","valueRequired":true,"valueName":"search_term_string"}}],"inLanguage":"tr"},{"@type":"Organization","@id":"https:\/\/longchangchemical.com\/#organization","name":"Longchang Kimya","url":"https:\/\/longchangchemical.com\/","logo":{"@type":"ImageObject","inLanguage":"tr","@id":"https:\/\/longchangchemical.com\/#\/schema\/logo\/image\/","url":"https:\/\/longchangchemical.com\/wp-content\/uploads\/2020\/08\/cropped-longchang-logo.png","contentUrl":"https:\/\/longchangchemical.com\/wp-content\/uploads\/2020\/08\/cropped-longchang-logo.png","width":512,"height":512,"caption":"Longchang Chemical"},"image":{"@id":"https:\/\/longchangchemical.com\/#\/schema\/logo\/image\/"}}]}},"_links":{"self":[{"href":"https:\/\/longchangchemical.com\/tr\/wp-json\/wp\/v2\/product\/5534","targetHints":{"allow":["GET"]}}],"collection":[{"href":"https:\/\/longchangchemical.com\/tr\/wp-json\/wp\/v2\/product"}],"about":[{"href":"https:\/\/longchangchemical.com\/tr\/wp-json\/wp\/v2\/types\/product"}],"replies":[{"embeddable":true,"href":"https:\/\/longchangchemical.com\/tr\/wp-json\/wp\/v2\/comments?post=5534"}],"wp:featuredmedia":[{"embeddable":true,"href":"https:\/\/longchangchemical.com\/tr\/wp-json\/wp\/v2\/media\/7963"}],"wp:attachment":[{"href":"https:\/\/longchangchemical.com\/tr\/wp-json\/wp\/v2\/media?parent=5534"}],"wp:term":[{"taxonomy":"product_brand","embeddable":true,"href":"https:\/\/longchangchemical.com\/tr\/wp-json\/wp\/v2\/product_brand?post=5534"},{"taxonomy":"product_cat","embeddable":true,"href":"https:\/\/longchangchemical.com\/tr\/wp-json\/wp\/v2\/product_cat?post=5534"},{"taxonomy":"product_tag","embeddable":true,"href":"https:\/\/longchangchemical.com\/tr\/wp-json\/wp\/v2\/product_tag?post=5534"}],"curies":[{"name":"wp","href":"https:\/\/api.w.org\/{rel}","templated":true}]}}