{"id":5530,"date":"2022-09-07T12:37:41","date_gmt":"2022-09-07T12:37:41","guid":{"rendered":"https:\/\/longchangchemical.com\/?post_type=product&#038;p=5530"},"modified":"2026-01-09T09:36:02","modified_gmt":"2026-01-09T09:36:02","slug":"lcsorb-bp-1-cas-131-56-6","status":"publish","type":"product","link":"https:\/\/longchangchemical.com\/tr\/product\/lcsorb-bp-1-cas-131-56-6\/","title":{"rendered":"BP-1 (UV-0) \/ Benzophenone-1 \/ CAS 131-56-6"},"content":{"rendered":"<h1><strong>BP-1 (UV-0) \/ Benzophenone-1 \/ CAS 131-56-6<\/strong><\/h1>\n<table class=\"woocommerce-product-attributes shop_attributes\">\n<tbody>\n<tr class=\"woocommerce-product-attributes-item woocommerce-product-attributes-item--attribute_chemical-name\">\n<th class=\"woocommerce-product-attributes-item__label\">Kimyasal Ad\u0131:<\/th>\n<td class=\"woocommerce-product-attributes-item__value\">2,4-Dihidroksibenzofenon\/ Benzofenon-1<\/td>\n<\/tr>\n<tr class=\"woocommerce-product-attributes-item woocommerce-product-attributes-item--attribute_cas-no\">\n<th class=\"woocommerce-product-attributes-item__label\">Cas No.<\/th>\n<td class=\"woocommerce-product-attributes-item__value\">131-56-6<\/td>\n<\/tr>\n<tr class=\"woocommerce-product-attributes-item woocommerce-product-attributes-item--attribute_mf\">\n<th class=\"woocommerce-product-attributes-item__label\">MF<\/th>\n<td class=\"woocommerce-product-attributes-item__value\">C13H10O3<\/td>\n<\/tr>\n<tr class=\"woocommerce-product-attributes-item woocommerce-product-attributes-item--attribute_purity\">\n<th class=\"woocommerce-product-attributes-item__label\">Safl\u0131k<\/th>\n<td class=\"woocommerce-product-attributes-item__value\">99,5% min<\/td>\n<\/tr>\n<tr class=\"woocommerce-product-attributes-item woocommerce-product-attributes-item--attribute_package\">\n<th class=\"woocommerce-product-attributes-item__label\">Paket<\/th>\n<td class=\"woocommerce-product-attributes-item__value\">25kgs\/karton<\/td>\n<\/tr>\n<\/tbody>\n<\/table>\n<p>&nbsp;<\/p>\n<h2><strong>Benzofenon-1 Kullan\u0131m\u0131<\/strong><\/h2>\n<p>BP-1 esas olarak plastik, kaplama ve yap\u0131\u015ft\u0131r\u0131c\u0131 alanlar\u0131nda kullan\u0131l\u0131r; ayr\u0131ca optik malzemelerde de baz\u0131 uygulamalar\u0131 vard\u0131r<\/p>\n<p>-Stiren: Sararma \u00f6nleyici<br \/>\n-Polimetakrilat: Malzemenin optik ve mekanik \u00f6zelliklerini iyile\u015ftirir (ekstr\u00fcde edilmi\u015f tabakan\u0131n \u0131\u015f\u0131k ge\u00e7irgenli\u011fini iyile\u015ftirir)<br \/>\n-Kau\u00e7uk sistem yap\u0131\u015ft\u0131r\u0131c\u0131s\u0131: yap\u0131\u015ft\u0131r\u0131c\u0131n\u0131n \u0131\u015f\u0131k stabilitesini art\u0131r\u0131r<br \/>\n-Fenoller ve alkid re\u00e7ineler: hava ko\u015fullar\u0131na dayan\u0131kl\u0131l\u0131\u011f\u0131 art\u0131r\u0131r<br \/>\n-Epoksi ve doymam\u0131\u015f re\u00e7ine sistemi<br \/>\n-Plastik filtre lensi: renkli filmin hava ko\u015fullar\u0131na dayan\u0131kl\u0131l\u0131\u011f\u0131n\u0131 art\u0131r\u0131r<br \/>\n-Floresan boya: trafik i\u015faretleri ve yol i\u015faretleri<br \/>\n-Renkli s\u0131v\u0131 deterjan<br \/>\n-T\u0131rnak cilalar\u0131 Maksimum konsantrasyon: 5%<\/p>\n<h2><strong>BP-1 Depolama<\/strong><\/h2>\n<p>Kuru, temiz ve iyi havaland\u0131r\u0131lan bir depoda muhafaza edilecektir.<br \/>\nOksitlenmeyi \u00f6nlemek i\u00e7in \u0131\u015f\u0131\u011fa ve \u0131s\u0131tmaya maruz b\u0131rakmaktan ka\u00e7\u0131n\u0131n.<br \/>\n\u00dcr\u00fcn\u00fc nakliye s\u0131ras\u0131nda s\u0131z\u0131nt\u0131, ya\u011fmur ve g\u00fcne\u015ften korumak.<\/p>\n<h2><strong>\u015eimdi Bize Ula\u015f\u0131n!<\/strong><\/h2>\n<p><strong>COA, MSDS veya TDS'ye ihtiyac\u0131n\u0131z varsa <span style=\"color: #00ccff;\"><a style=\"color: #00ccff;\" href=\"https:\/\/longchangchemical.com\/tr\/product-category\/lcsorb-uv-absorber\/\">UV Emici<\/a><\/span>l\u00fctfen ileti\u015fim bilgilerinizi a\u015fa\u011f\u0131daki forma doldurun, genellikle 24 saat i\u00e7inde sizinle ileti\u015fime ge\u00e7ece\u011fiz. Bana e-posta da g\u00f6nderebilirsiniz <span style=\"color: #00ccff;\"><a style=\"color: #00ccff;\" href=\"mailto:info@longchangchemical.com\">info@longchangchemical.com<\/a> <\/span>\u00c7al\u0131\u015fma saatleri i\u00e7inde (8:30 - 6:00 UTC+8 Pzt.~Sat.) veya h\u0131zl\u0131 yan\u0131t almak i\u00e7in web sitesi canl\u0131 sohbetini kullan\u0131n.<\/strong><\/p>","protected":false},"excerpt":{"rendered":"<p><strong>Kimyasal Ad\u0131:<\/strong>2,4-dihidroksibenzofenon<\/p>\n<p><strong>Cas No:<\/strong>131-56-6<\/p>\n<p><strong>E\u015fanlaml\u0131:<\/strong>Speedblock UV-0; Benzofenon-1; UV emici UV-0<\/p>\n<p><strong>Yap\u0131:<\/strong><\/p>\n<p><img decoding=\"async\" class=\"alignnone size-full wp-image-3586\" src=\"https:\/\/longchangchemical.com\/wp-content\/uploads\/2021\/07\/131-56-6.gif\" alt=\"\" width=\"265\" height=\"138\" \/><\/p>\n<p>G\u00f6r\u00fcn\u00fcm\uff1aBeyaz veya soluk sar\u0131 kristal toz<\/p>\n<p>Koku\uff1aHafif fenolik koku<\/p>\n<p>\u00d6zg\u00fcl S\u00f6nme\uff081%\uff0c1cm\uff09\uff1aE290nm \u2265 630<\/p>\n<p>Safl\u0131k (HPLC)\uff1a\u2265 99,0 %<\/p>\n<p>IR Tan\u0131mlama\uff1aReferans standard\u0131na g\u00f6re<\/p>\n<p>Erime Noktas\u0131\uff1a142.0\u2103~146.0\u2103<\/p>\n<p>Kurutma Kayb\u0131\uff1a\u2264 0,2 %<\/p>\n<p>A\u011f\u0131r Metaller (Pb)\uff1a\u2264 5 ppm<\/p>\n<p>Gardner Renk\uff1a\u2264 3<\/p>","protected":false},"featured_media":7964,"comment_status":"closed","ping_status":"closed","template":"","meta":[],"product_brand":[],"product_cat":[139],"product_tag":[],"class_list":{"0":"post-5530","1":"product","2":"type-product","3":"status-publish","4":"has-post-thumbnail","6":"product_cat-lcsorb-uv-absorber","8":"first","9":"instock","10":"shipping-taxable","11":"product-type-simple"},"yoast_head":"<!-- This site is optimized with the Yoast SEO plugin v25.3.1 - https:\/\/yoast.com\/wordpress\/plugins\/seo\/ -->\n<title>China Uv absorber BP-1 manufacturer Cas 131-56-6 Supplier - Longchang Chemical<\/title>\n<meta name=\"description\" content=\"BP-1( UV-0 ) can replace speedblock UV-0;Benzophenone-1;UV absorber UV-0, used as ultraviolet absorber and is the key product of Longchang Chemcial. We are the leading uv material manufacturer and supplier in China with the best quanlity and competitive price.\" \/>\n<meta name=\"robots\" content=\"index, follow, max-snippet:-1, max-image-preview:large, max-video-preview:-1\" \/>\n<link rel=\"canonical\" href=\"https:\/\/longchangchemical.com\/tr\/product\/lcsorb-bp-1-cas-131-56-6\/\" \/>\n<meta property=\"og:locale\" content=\"tr_TR\" \/>\n<meta property=\"og:type\" content=\"article\" \/>\n<meta property=\"og:title\" content=\"China Uv absorber BP-1 manufacturer Cas 131-56-6 Supplier - Longchang Chemical\" \/>\n<meta property=\"og:description\" content=\"BP-1( UV-0 ) can replace speedblock UV-0;Benzophenone-1;UV absorber UV-0, used as ultraviolet absorber and is the key product of Longchang Chemcial. We are the leading uv material manufacturer and supplier in China with the best quanlity and competitive price.\" \/>\n<meta property=\"og:url\" content=\"https:\/\/longchangchemical.com\/tr\/product\/lcsorb-bp-1-cas-131-56-6\/\" \/>\n<meta property=\"og:site_name\" content=\"Longchang Chemical\" \/>\n<meta property=\"article:modified_time\" content=\"2026-01-09T09:36:02+00:00\" \/>\n<meta property=\"og:image\" content=\"https:\/\/longchangchemical.com\/wp-content\/uploads\/2022\/09\/131-56-6.jpg\" \/>\n\t<meta property=\"og:image:width\" content=\"600\" \/>\n\t<meta property=\"og:image:height\" content=\"600\" \/>\n\t<meta property=\"og:image:type\" content=\"image\/jpeg\" \/>\n<meta name=\"twitter:card\" content=\"summary_large_image\" \/>\n<script type=\"application\/ld+json\" class=\"yoast-schema-graph\">{\"@context\":\"https:\/\/schema.org\",\"@graph\":[{\"@type\":\"WebPage\",\"@id\":\"https:\/\/longchangchemical.com\/product\/lcsorb-bp-1-cas-131-56-6\/\",\"url\":\"https:\/\/longchangchemical.com\/product\/lcsorb-bp-1-cas-131-56-6\/\",\"name\":\"China Uv absorber BP-1 manufacturer Cas 131-56-6 Supplier - Longchang Chemical\",\"isPartOf\":{\"@id\":\"https:\/\/longchangchemical.com\/#website\"},\"primaryImageOfPage\":{\"@id\":\"https:\/\/longchangchemical.com\/product\/lcsorb-bp-1-cas-131-56-6\/#primaryimage\"},\"image\":{\"@id\":\"https:\/\/longchangchemical.com\/product\/lcsorb-bp-1-cas-131-56-6\/#primaryimage\"},\"thumbnailUrl\":\"https:\/\/longchangchemical.com\/wp-content\/uploads\/2022\/09\/131-56-6.jpg\",\"datePublished\":\"2022-09-07T12:37:41+00:00\",\"dateModified\":\"2026-01-09T09:36:02+00:00\",\"description\":\"BP-1( UV-0 ) can replace speedblock UV-0;Benzophenone-1;UV absorber UV-0, used as ultraviolet absorber and is the key product of Longchang Chemcial. We are the leading uv material manufacturer and supplier in China with the best quanlity and competitive price.\",\"breadcrumb\":{\"@id\":\"https:\/\/longchangchemical.com\/product\/lcsorb-bp-1-cas-131-56-6\/#breadcrumb\"},\"inLanguage\":\"tr\",\"potentialAction\":[{\"@type\":\"ReadAction\",\"target\":[\"https:\/\/longchangchemical.com\/product\/lcsorb-bp-1-cas-131-56-6\/\"]}]},{\"@type\":\"ImageObject\",\"inLanguage\":\"tr\",\"@id\":\"https:\/\/longchangchemical.com\/product\/lcsorb-bp-1-cas-131-56-6\/#primaryimage\",\"url\":\"https:\/\/longchangchemical.com\/wp-content\/uploads\/2022\/09\/131-56-6.jpg\",\"contentUrl\":\"https:\/\/longchangchemical.com\/wp-content\/uploads\/2022\/09\/131-56-6.jpg\",\"width\":600,\"height\":600},{\"@type\":\"BreadcrumbList\",\"@id\":\"https:\/\/longchangchemical.com\/product\/lcsorb-bp-1-cas-131-56-6\/#breadcrumb\",\"itemListElement\":[{\"@type\":\"ListItem\",\"position\":1,\"name\":\"Home\",\"item\":\"https:\/\/longchangchemical.com\/\"},{\"@type\":\"ListItem\",\"position\":2,\"name\":\"Products Longchang\",\"item\":\"https:\/\/longchangchemical.com\/product\/\"},{\"@type\":\"ListItem\",\"position\":3,\"name\":\"BP-1( UV-0) \/ Benzophenone-1 \/ CAS 131-56-6\"}]},{\"@type\":\"WebSite\",\"@id\":\"https:\/\/longchangchemical.com\/#website\",\"url\":\"https:\/\/longchangchemical.com\/\",\"name\":\"Longchang Chemical\",\"description\":\"China chemical manufacturer \uff06 supplier\",\"publisher\":{\"@id\":\"https:\/\/longchangchemical.com\/#organization\"},\"potentialAction\":[{\"@type\":\"SearchAction\",\"target\":{\"@type\":\"EntryPoint\",\"urlTemplate\":\"https:\/\/longchangchemical.com\/?s={search_term_string}\"},\"query-input\":{\"@type\":\"PropertyValueSpecification\",\"valueRequired\":true,\"valueName\":\"search_term_string\"}}],\"inLanguage\":\"tr\"},{\"@type\":\"Organization\",\"@id\":\"https:\/\/longchangchemical.com\/#organization\",\"name\":\"Longchang Chemical\",\"url\":\"https:\/\/longchangchemical.com\/\",\"logo\":{\"@type\":\"ImageObject\",\"inLanguage\":\"tr\",\"@id\":\"https:\/\/longchangchemical.com\/#\/schema\/logo\/image\/\",\"url\":\"https:\/\/longchangchemical.com\/wp-content\/uploads\/2020\/08\/cropped-longchang-logo.png\",\"contentUrl\":\"https:\/\/longchangchemical.com\/wp-content\/uploads\/2020\/08\/cropped-longchang-logo.png\",\"width\":512,\"height\":512,\"caption\":\"Longchang Chemical\"},\"image\":{\"@id\":\"https:\/\/longchangchemical.com\/#\/schema\/logo\/image\/\"}}]}<\/script>\n<!-- \/ Yoast SEO plugin. -->","yoast_head_json":{"title":"\u00c7in Uv emici BP-1 \u00fcreticisi Cas 131-56-6 Tedarik\u00e7i - Longchang Chemical","description":"BP-1 (UV-0), ultraviyole emici olarak kullan\u0131lan speedblock UV-0; Benzophenone-1; UV emici UV-0'\u0131n yerini alabilir ve Longchang Chemcial'\u0131n anahtar \u00fcr\u00fcn\u00fcd\u00fcr. Biz en iyi quanlity ve rekabet\u00e7i fiyat ile \u00c7in'in \u00f6nde gelen uv malzeme \u00fcreticisi ve tedarik\u00e7isi vard\u0131r.","robots":{"index":"index","follow":"follow","max-snippet":"max-snippet:-1","max-image-preview":"max-image-preview:large","max-video-preview":"max-video-preview:-1"},"canonical":"https:\/\/longchangchemical.com\/tr\/product\/lcsorb-bp-1-cas-131-56-6\/","og_locale":"tr_TR","og_type":"article","og_title":"China Uv absorber BP-1 manufacturer Cas 131-56-6 Supplier - Longchang Chemical","og_description":"BP-1( UV-0 ) can replace speedblock UV-0;Benzophenone-1;UV absorber UV-0, used as ultraviolet absorber and is the key product of Longchang Chemcial. We are the leading uv material manufacturer and supplier in China with the best quanlity and competitive price.","og_url":"https:\/\/longchangchemical.com\/tr\/product\/lcsorb-bp-1-cas-131-56-6\/","og_site_name":"Longchang Chemical","article_modified_time":"2026-01-09T09:36:02+00:00","og_image":[{"width":600,"height":600,"url":"https:\/\/longchangchemical.com\/wp-content\/uploads\/2022\/09\/131-56-6.jpg","type":"image\/jpeg"}],"twitter_card":"summary_large_image","schema":{"@context":"https:\/\/schema.org","@graph":[{"@type":"WebPage","@id":"https:\/\/longchangchemical.com\/product\/lcsorb-bp-1-cas-131-56-6\/","url":"https:\/\/longchangchemical.com\/product\/lcsorb-bp-1-cas-131-56-6\/","name":"\u00c7in Uv emici BP-1 \u00fcreticisi Cas 131-56-6 Tedarik\u00e7i - Longchang Chemical","isPartOf":{"@id":"https:\/\/longchangchemical.com\/#website"},"primaryImageOfPage":{"@id":"https:\/\/longchangchemical.com\/product\/lcsorb-bp-1-cas-131-56-6\/#primaryimage"},"image":{"@id":"https:\/\/longchangchemical.com\/product\/lcsorb-bp-1-cas-131-56-6\/#primaryimage"},"thumbnailUrl":"https:\/\/longchangchemical.com\/wp-content\/uploads\/2022\/09\/131-56-6.jpg","datePublished":"2022-09-07T12:37:41+00:00","dateModified":"2026-01-09T09:36:02+00:00","description":"BP-1 (UV-0), ultraviyole emici olarak kullan\u0131lan speedblock UV-0; Benzophenone-1; UV emici UV-0'\u0131n yerini alabilir ve Longchang Chemcial'\u0131n anahtar \u00fcr\u00fcn\u00fcd\u00fcr. Biz en iyi quanlity ve rekabet\u00e7i fiyat ile \u00c7in'in \u00f6nde gelen uv malzeme \u00fcreticisi ve tedarik\u00e7isi vard\u0131r.","breadcrumb":{"@id":"https:\/\/longchangchemical.com\/product\/lcsorb-bp-1-cas-131-56-6\/#breadcrumb"},"inLanguage":"tr","potentialAction":[{"@type":"ReadAction","target":["https:\/\/longchangchemical.com\/product\/lcsorb-bp-1-cas-131-56-6\/"]}]},{"@type":"ImageObject","inLanguage":"tr","@id":"https:\/\/longchangchemical.com\/product\/lcsorb-bp-1-cas-131-56-6\/#primaryimage","url":"https:\/\/longchangchemical.com\/wp-content\/uploads\/2022\/09\/131-56-6.jpg","contentUrl":"https:\/\/longchangchemical.com\/wp-content\/uploads\/2022\/09\/131-56-6.jpg","width":600,"height":600},{"@type":"BreadcrumbList","@id":"https:\/\/longchangchemical.com\/product\/lcsorb-bp-1-cas-131-56-6\/#breadcrumb","itemListElement":[{"@type":"ListItem","position":1,"name":"Home","item":"https:\/\/longchangchemical.com\/"},{"@type":"ListItem","position":2,"name":"Products Longchang","item":"https:\/\/longchangchemical.com\/product\/"},{"@type":"ListItem","position":3,"name":"BP-1( UV-0) \/ Benzophenone-1 \/ CAS 131-56-6"}]},{"@type":"WebSite","@id":"https:\/\/longchangchemical.com\/#website","url":"https:\/\/longchangchemical.com\/","name":"Longchang Kimya","description":"\u00c7in kimyasal \u00fcreticisi \uff06 tedarik\u00e7isi","publisher":{"@id":"https:\/\/longchangchemical.com\/#organization"},"potentialAction":[{"@type":"SearchAction","target":{"@type":"EntryPoint","urlTemplate":"https:\/\/longchangchemical.com\/?s={search_term_string}"},"query-input":{"@type":"PropertyValueSpecification","valueRequired":true,"valueName":"search_term_string"}}],"inLanguage":"tr"},{"@type":"Organization","@id":"https:\/\/longchangchemical.com\/#organization","name":"Longchang Kimya","url":"https:\/\/longchangchemical.com\/","logo":{"@type":"ImageObject","inLanguage":"tr","@id":"https:\/\/longchangchemical.com\/#\/schema\/logo\/image\/","url":"https:\/\/longchangchemical.com\/wp-content\/uploads\/2020\/08\/cropped-longchang-logo.png","contentUrl":"https:\/\/longchangchemical.com\/wp-content\/uploads\/2020\/08\/cropped-longchang-logo.png","width":512,"height":512,"caption":"Longchang Chemical"},"image":{"@id":"https:\/\/longchangchemical.com\/#\/schema\/logo\/image\/"}}]}},"_links":{"self":[{"href":"https:\/\/longchangchemical.com\/tr\/wp-json\/wp\/v2\/product\/5530","targetHints":{"allow":["GET"]}}],"collection":[{"href":"https:\/\/longchangchemical.com\/tr\/wp-json\/wp\/v2\/product"}],"about":[{"href":"https:\/\/longchangchemical.com\/tr\/wp-json\/wp\/v2\/types\/product"}],"replies":[{"embeddable":true,"href":"https:\/\/longchangchemical.com\/tr\/wp-json\/wp\/v2\/comments?post=5530"}],"wp:featuredmedia":[{"embeddable":true,"href":"https:\/\/longchangchemical.com\/tr\/wp-json\/wp\/v2\/media\/7964"}],"wp:attachment":[{"href":"https:\/\/longchangchemical.com\/tr\/wp-json\/wp\/v2\/media?parent=5530"}],"wp:term":[{"taxonomy":"product_brand","embeddable":true,"href":"https:\/\/longchangchemical.com\/tr\/wp-json\/wp\/v2\/product_brand?post=5530"},{"taxonomy":"product_cat","embeddable":true,"href":"https:\/\/longchangchemical.com\/tr\/wp-json\/wp\/v2\/product_cat?post=5530"},{"taxonomy":"product_tag","embeddable":true,"href":"https:\/\/longchangchemical.com\/tr\/wp-json\/wp\/v2\/product_tag?post=5530"}],"curies":[{"name":"wp","href":"https:\/\/api.w.org\/{rel}","templated":true}]}}