{"id":5481,"date":"2022-08-25T14:03:51","date_gmt":"2022-08-25T14:03:51","guid":{"rendered":"https:\/\/longchangchemical.com\/?post_type=product&#038;p=5481"},"modified":"2026-05-08T02:59:45","modified_gmt":"2026-05-08T02:59:45","slug":"sinosurf-slg-cas-29923-31-7","status":"publish","type":"product","link":"https:\/\/longchangchemical.com\/tr\/product\/sinosurf-slg-cas-29923-31-7\/","title":{"rendered":"SLG CAS 29923-31-7"},"content":{"rendered":"<h2><strong>sodyum lauroil glutamat CAS 29923-31-7<\/strong><\/h2>\n<table class=\"table-1\" cellspacing=\"0\">\n<tbody>\n<tr>\n<td>\u00d6\u011fe<\/td>\n<td>Teknik \u00d6zellikler<\/td>\n<\/tr>\n<tr>\n<td>G\u00f6r\u00fcn\u00fc\u015f<\/td>\n<td>Beyaz veya beyaza yak\u0131n toz<\/td>\n<\/tr>\n<tr>\n<td>Tan\u0131mlama<\/td>\n<td>IR<\/td>\n<\/tr>\n<tr>\n<td>Kurutma Kayb\u0131<\/td>\n<td>\u22643.0\uff05<\/td>\n<\/tr>\n<tr>\n<td>pH de\u011feri<\/td>\n<td>5.0-5.5<\/td>\n<\/tr>\n<tr>\n<td>A\u011f\u0131r metal<\/td>\n<td>\u226420ppm<\/td>\n<\/tr>\n<tr>\n<td>Tahlil<\/td>\n<td>\uff1e95%<\/td>\n<\/tr>\n<tr>\n<td>Su<\/td>\n<td>\u22645%<\/td>\n<\/tr>\n<tr>\n<td>Asit De\u011feri<\/td>\n<td>120-160mg KOH\/G<\/td>\n<\/tr>\n<tr>\n<td>Cl %<\/td>\n<td>\u22642<\/td>\n<\/tr>\n<tr>\n<td>As(mg\/kg)<\/td>\n<td>\u22642.0ppm<\/td>\n<\/tr>\n<\/tbody>\n<\/table>\n<p>&nbsp;<\/p>\n<p><strong>Sodyum lauroil glutamat Kullan\u0131m\u0131<\/strong><\/p>\n<p>Esas olarak \u015fampuan, v\u00fccut y\u0131kama, s\u0131v\u0131 sabun, y\u00fcz temizleyici ve hafif bebek bak\u0131m \u00fcr\u00fcnleri gibi sa\u00e7 ve v\u00fccut bak\u0131m \u00fcr\u00fcnlerinde kullan\u0131l\u0131r.<\/p>\n<p>&nbsp;<\/p>\n<p><strong>Sodyum lauroil glutamat Paketleme ve Nakliye<\/strong><\/p>\n<p>Ambalaj: 25kg\/torba<\/p>\n<p>Teslimat: \u00d6demenin al\u0131nmas\u0131ndan 5-7 g\u00fcn sonra<\/p>\n<p>&nbsp;<\/p>\n<p><strong>Sodyum lauroil glutamat Depolama<\/strong><\/p>\n<p>RT'de saklay\u0131n.<\/p>\n<h2><strong><b>\u015eimdi Bize Ula\u015f\u0131n!<\/b><\/strong><\/h2>\n<h4><strong><b>COA, MSDS veya TDS'ye ihtiyac\u0131n\u0131z varsa, l\u00fctfen a\u015fa\u011f\u0131daki forma ileti\u015fim bilgilerinizi girin, genellikle 24 saat i\u00e7inde sizinle ileti\u015fime ge\u00e7ece\u011fiz. Bana e-posta da g\u00f6nderebilirsiniz <span style=\"color: #0000ff;\"><a style=\"color: #0000ff;\" href=\"mailto:info@longchangchemical.com\">info@longchangchemical.com<\/a><\/span> \u00c7al\u0131\u015fma saatleri i\u00e7inde (8:30 - 6:00 UTC+8 Pzt.~Sat.) veya h\u0131zl\u0131 yan\u0131t almak i\u00e7in web sitesi canl\u0131 sohbetini kullan\u0131n.<\/b><\/strong><\/h4>","protected":false},"excerpt":{"rendered":"<p>Kimyasal Ad\u0131: Sodyum lauroil glutamat<\/p>\n<p>CAS No: 29923-31-7<\/p>\n<p>Molek\u00fcler Form\u00fcl: C17H30NO5.Na<\/p>\n<p>Molek\u00fcler A\u011f\u0131rl\u0131k: 351.42<\/p>\n<p>G\u00f6r\u00fcn\u00fc\u015f: Beyaz toz form<\/p>\n<p>Tahlil: 98%min<\/p>","protected":false},"featured_media":5482,"comment_status":"closed","ping_status":"closed","template":"","meta":[],"product_brand":[],"product_cat":[109],"product_tag":[],"class_list":{"0":"post-5481","1":"product","2":"type-product","3":"status-publish","4":"has-post-thumbnail","6":"product_cat-water-treatment","8":"first","9":"instock","10":"shipping-taxable","11":"product-type-simple"},"yoast_head":"<!-- This site is optimized with the Yoast SEO plugin v25.3.1 - https:\/\/yoast.com\/wordpress\/plugins\/seo\/ -->\n<title>China sodium lauroyl glutamate Manufacturer CAS 29923-31-7 supplier - Longchang Chemical<\/title>\n<meta name=\"description\" content=\"SLG CAS 29923-31-7 is used in industrial processing and formulation applications.\" \/>\n<meta name=\"robots\" content=\"index, follow, max-snippet:-1, max-image-preview:large, max-video-preview:-1\" \/>\n<link rel=\"canonical\" href=\"https:\/\/longchangchemical.com\/tr\/product\/sinosurf-slg-cas-29923-31-7\/\" \/>\n<meta property=\"og:locale\" content=\"tr_TR\" \/>\n<meta property=\"og:type\" content=\"article\" \/>\n<meta property=\"og:title\" content=\"China sodium lauroyl glutamate Manufacturer CAS 29923-31-7 supplier - Longchang Chemical\" \/>\n<meta property=\"og:description\" content=\"SLG CAS 29923-31-7 is used in industrial processing and formulation applications.\" \/>\n<meta property=\"og:url\" content=\"https:\/\/longchangchemical.com\/tr\/product\/sinosurf-slg-cas-29923-31-7\/\" \/>\n<meta property=\"og:site_name\" content=\"Longchang Chemical\" \/>\n<meta property=\"article:modified_time\" content=\"2026-05-08T02:59:45+00:00\" \/>\n<meta property=\"og:image\" content=\"https:\/\/longchangchemical.com\/wp-content\/uploads\/2022\/08\/\u5316\u5b66\u54c1\u5e26logo\u5916\u89c2\u56fe.jpg\" \/>\n\t<meta property=\"og:image:width\" content=\"800\" \/>\n\t<meta property=\"og:image:height\" content=\"800\" \/>\n\t<meta property=\"og:image:type\" content=\"image\/jpeg\" \/>\n<meta name=\"twitter:card\" content=\"summary_large_image\" \/>\n<script type=\"application\/ld+json\" class=\"yoast-schema-graph\">{\"@context\":\"https:\/\/schema.org\",\"@graph\":[{\"@type\":\"WebPage\",\"@id\":\"https:\/\/longchangchemical.com\/product\/sinosurf-slg-cas-29923-31-7\/\",\"url\":\"https:\/\/longchangchemical.com\/product\/sinosurf-slg-cas-29923-31-7\/\",\"name\":\"China sodium lauroyl glutamate Manufacturer CAS 29923-31-7 supplier - Longchang Chemical\",\"isPartOf\":{\"@id\":\"https:\/\/longchangchemical.com\/#website\"},\"primaryImageOfPage\":{\"@id\":\"https:\/\/longchangchemical.com\/product\/sinosurf-slg-cas-29923-31-7\/#primaryimage\"},\"image\":{\"@id\":\"https:\/\/longchangchemical.com\/product\/sinosurf-slg-cas-29923-31-7\/#primaryimage\"},\"thumbnailUrl\":\"https:\/\/longchangchemical.com\/wp-content\/uploads\/2022\/08\/\u5316\u5b66\u54c1\u5e26logo\u5916\u89c2\u56fe.jpg\",\"datePublished\":\"2022-08-25T14:03:51+00:00\",\"dateModified\":\"2026-05-08T02:59:45+00:00\",\"description\":\"SLG CAS 29923-31-7 is used in industrial processing and formulation applications.\",\"breadcrumb\":{\"@id\":\"https:\/\/longchangchemical.com\/product\/sinosurf-slg-cas-29923-31-7\/#breadcrumb\"},\"inLanguage\":\"tr\",\"potentialAction\":[{\"@type\":\"ReadAction\",\"target\":[\"https:\/\/longchangchemical.com\/product\/sinosurf-slg-cas-29923-31-7\/\"]}]},{\"@type\":\"ImageObject\",\"inLanguage\":\"tr\",\"@id\":\"https:\/\/longchangchemical.com\/product\/sinosurf-slg-cas-29923-31-7\/#primaryimage\",\"url\":\"https:\/\/longchangchemical.com\/wp-content\/uploads\/2022\/08\/\u5316\u5b66\u54c1\u5e26logo\u5916\u89c2\u56fe.jpg\",\"contentUrl\":\"https:\/\/longchangchemical.com\/wp-content\/uploads\/2022\/08\/\u5316\u5b66\u54c1\u5e26logo\u5916\u89c2\u56fe.jpg\",\"width\":800,\"height\":800,\"caption\":\"sodium lauroyl glutamate CAS 29923-31-7\"},{\"@type\":\"BreadcrumbList\",\"@id\":\"https:\/\/longchangchemical.com\/product\/sinosurf-slg-cas-29923-31-7\/#breadcrumb\",\"itemListElement\":[{\"@type\":\"ListItem\",\"position\":1,\"name\":\"Home\",\"item\":\"https:\/\/longchangchemical.com\/\"},{\"@type\":\"ListItem\",\"position\":2,\"name\":\"Products Longchang\",\"item\":\"https:\/\/longchangchemical.com\/product\/\"},{\"@type\":\"ListItem\",\"position\":3,\"name\":\"SLG CAS 29923-31-7\"}]},{\"@type\":\"WebSite\",\"@id\":\"https:\/\/longchangchemical.com\/#website\",\"url\":\"https:\/\/longchangchemical.com\/\",\"name\":\"Longchang Chemical\",\"description\":\"China chemical manufacturer \uff06 supplier\",\"publisher\":{\"@id\":\"https:\/\/longchangchemical.com\/#organization\"},\"potentialAction\":[{\"@type\":\"SearchAction\",\"target\":{\"@type\":\"EntryPoint\",\"urlTemplate\":\"https:\/\/longchangchemical.com\/?s={search_term_string}\"},\"query-input\":{\"@type\":\"PropertyValueSpecification\",\"valueRequired\":true,\"valueName\":\"search_term_string\"}}],\"inLanguage\":\"tr\"},{\"@type\":\"Organization\",\"@id\":\"https:\/\/longchangchemical.com\/#organization\",\"name\":\"Longchang Chemical\",\"url\":\"https:\/\/longchangchemical.com\/\",\"logo\":{\"@type\":\"ImageObject\",\"inLanguage\":\"tr\",\"@id\":\"https:\/\/longchangchemical.com\/#\/schema\/logo\/image\/\",\"url\":\"https:\/\/longchangchemical.com\/wp-content\/uploads\/2020\/08\/cropped-longchang-logo.png\",\"contentUrl\":\"https:\/\/longchangchemical.com\/wp-content\/uploads\/2020\/08\/cropped-longchang-logo.png\",\"width\":512,\"height\":512,\"caption\":\"Longchang Chemical\"},\"image\":{\"@id\":\"https:\/\/longchangchemical.com\/#\/schema\/logo\/image\/\"}}]}<\/script>\n<!-- \/ Yoast SEO plugin. -->","yoast_head_json":{"title":"\u00c7in sodyum lauroil glutamat \u00dcretici CAS 29923-31-7 Tedarik\u00e7i - Longchang Chemical","description":"SLG CAS 29923-31-7 is used in industrial processing and formulation applications.","robots":{"index":"index","follow":"follow","max-snippet":"max-snippet:-1","max-image-preview":"max-image-preview:large","max-video-preview":"max-video-preview:-1"},"canonical":"https:\/\/longchangchemical.com\/tr\/product\/sinosurf-slg-cas-29923-31-7\/","og_locale":"tr_TR","og_type":"article","og_title":"China sodium lauroyl glutamate Manufacturer CAS 29923-31-7 supplier - Longchang Chemical","og_description":"SLG CAS 29923-31-7 is used in industrial processing and formulation applications.","og_url":"https:\/\/longchangchemical.com\/tr\/product\/sinosurf-slg-cas-29923-31-7\/","og_site_name":"Longchang Chemical","article_modified_time":"2026-05-08T02:59:45+00:00","og_image":[{"width":800,"height":800,"url":"https:\/\/longchangchemical.com\/wp-content\/uploads\/2022\/08\/\u5316\u5b66\u54c1\u5e26logo\u5916\u89c2\u56fe.jpg","type":"image\/jpeg"}],"twitter_card":"summary_large_image","schema":{"@context":"https:\/\/schema.org","@graph":[{"@type":"WebPage","@id":"https:\/\/longchangchemical.com\/product\/sinosurf-slg-cas-29923-31-7\/","url":"https:\/\/longchangchemical.com\/product\/sinosurf-slg-cas-29923-31-7\/","name":"\u00c7in sodyum lauroil glutamat \u00dcretici CAS 29923-31-7 Tedarik\u00e7i - Longchang Chemical","isPartOf":{"@id":"https:\/\/longchangchemical.com\/#website"},"primaryImageOfPage":{"@id":"https:\/\/longchangchemical.com\/product\/sinosurf-slg-cas-29923-31-7\/#primaryimage"},"image":{"@id":"https:\/\/longchangchemical.com\/product\/sinosurf-slg-cas-29923-31-7\/#primaryimage"},"thumbnailUrl":"https:\/\/longchangchemical.com\/wp-content\/uploads\/2022\/08\/\u5316\u5b66\u54c1\u5e26logo\u5916\u89c2\u56fe.jpg","datePublished":"2022-08-25T14:03:51+00:00","dateModified":"2026-05-08T02:59:45+00:00","description":"SLG CAS 29923-31-7 is used in industrial processing and formulation applications.","breadcrumb":{"@id":"https:\/\/longchangchemical.com\/product\/sinosurf-slg-cas-29923-31-7\/#breadcrumb"},"inLanguage":"tr","potentialAction":[{"@type":"ReadAction","target":["https:\/\/longchangchemical.com\/product\/sinosurf-slg-cas-29923-31-7\/"]}]},{"@type":"ImageObject","inLanguage":"tr","@id":"https:\/\/longchangchemical.com\/product\/sinosurf-slg-cas-29923-31-7\/#primaryimage","url":"https:\/\/longchangchemical.com\/wp-content\/uploads\/2022\/08\/\u5316\u5b66\u54c1\u5e26logo\u5916\u89c2\u56fe.jpg","contentUrl":"https:\/\/longchangchemical.com\/wp-content\/uploads\/2022\/08\/\u5316\u5b66\u54c1\u5e26logo\u5916\u89c2\u56fe.jpg","width":800,"height":800,"caption":"sodium lauroyl glutamate CAS 29923-31-7"},{"@type":"BreadcrumbList","@id":"https:\/\/longchangchemical.com\/product\/sinosurf-slg-cas-29923-31-7\/#breadcrumb","itemListElement":[{"@type":"ListItem","position":1,"name":"Home","item":"https:\/\/longchangchemical.com\/"},{"@type":"ListItem","position":2,"name":"Products Longchang","item":"https:\/\/longchangchemical.com\/product\/"},{"@type":"ListItem","position":3,"name":"SLG CAS 29923-31-7"}]},{"@type":"WebSite","@id":"https:\/\/longchangchemical.com\/#website","url":"https:\/\/longchangchemical.com\/","name":"Longchang Kimya","description":"\u00c7in kimyasal \u00fcreticisi \uff06 tedarik\u00e7isi","publisher":{"@id":"https:\/\/longchangchemical.com\/#organization"},"potentialAction":[{"@type":"SearchAction","target":{"@type":"EntryPoint","urlTemplate":"https:\/\/longchangchemical.com\/?s={search_term_string}"},"query-input":{"@type":"PropertyValueSpecification","valueRequired":true,"valueName":"search_term_string"}}],"inLanguage":"tr"},{"@type":"Organization","@id":"https:\/\/longchangchemical.com\/#organization","name":"Longchang Kimya","url":"https:\/\/longchangchemical.com\/","logo":{"@type":"ImageObject","inLanguage":"tr","@id":"https:\/\/longchangchemical.com\/#\/schema\/logo\/image\/","url":"https:\/\/longchangchemical.com\/wp-content\/uploads\/2020\/08\/cropped-longchang-logo.png","contentUrl":"https:\/\/longchangchemical.com\/wp-content\/uploads\/2020\/08\/cropped-longchang-logo.png","width":512,"height":512,"caption":"Longchang Chemical"},"image":{"@id":"https:\/\/longchangchemical.com\/#\/schema\/logo\/image\/"}}]}},"_links":{"self":[{"href":"https:\/\/longchangchemical.com\/tr\/wp-json\/wp\/v2\/product\/5481","targetHints":{"allow":["GET"]}}],"collection":[{"href":"https:\/\/longchangchemical.com\/tr\/wp-json\/wp\/v2\/product"}],"about":[{"href":"https:\/\/longchangchemical.com\/tr\/wp-json\/wp\/v2\/types\/product"}],"replies":[{"embeddable":true,"href":"https:\/\/longchangchemical.com\/tr\/wp-json\/wp\/v2\/comments?post=5481"}],"wp:featuredmedia":[{"embeddable":true,"href":"https:\/\/longchangchemical.com\/tr\/wp-json\/wp\/v2\/media\/5482"}],"wp:attachment":[{"href":"https:\/\/longchangchemical.com\/tr\/wp-json\/wp\/v2\/media?parent=5481"}],"wp:term":[{"taxonomy":"product_brand","embeddable":true,"href":"https:\/\/longchangchemical.com\/tr\/wp-json\/wp\/v2\/product_brand?post=5481"},{"taxonomy":"product_cat","embeddable":true,"href":"https:\/\/longchangchemical.com\/tr\/wp-json\/wp\/v2\/product_cat?post=5481"},{"taxonomy":"product_tag","embeddable":true,"href":"https:\/\/longchangchemical.com\/tr\/wp-json\/wp\/v2\/product_tag?post=5481"}],"curies":[{"name":"wp","href":"https:\/\/api.w.org\/{rel}","templated":true}]}}