{"id":5464,"date":"2022-08-19T13:11:57","date_gmt":"2022-08-19T13:11:57","guid":{"rendered":"https:\/\/longchangchemical.com\/?post_type=product&#038;p=5464"},"modified":"2025-04-01T07:12:17","modified_gmt":"2025-04-01T07:12:17","slug":"agesintbma-cas-585-07-9","status":"publish","type":"product","link":"https:\/\/longchangchemical.com\/tr\/product\/agesintbma-cas-585-07-9\/","title":{"rendered":"CHLUMICRYL\u00ae TBMA CAS 585-07-9"},"content":{"rendered":"<h1><strong>tert-B\u00fctil Metakrilat CAS 585-07-9<\/strong><\/h1>\n<table width=\"144\">\n<tbody>\n<tr>\n<td width=\"72\">E\u015fyalar<\/td>\n<td width=\"72\">Sonu\u00e7<\/td>\n<\/tr>\n<tr>\n<td width=\"72\">G\u00f6r\u00fcn\u00fc\u015f<\/td>\n<td width=\"72\">S\u0131v\u0131<\/td>\n<\/tr>\n<tr>\n<td width=\"72\">\u0130\u00e7erik<\/td>\n<td width=\"72\">99.0%min<\/td>\n<\/tr>\n<tr>\n<td width=\"72\">Nem<\/td>\n<td width=\"72\">&lt;0,05%<\/td>\n<\/tr>\n<tr>\n<td width=\"72\">A\u011f\u0131r Metaller<\/td>\n<td width=\"72\">&lt;0,002%<\/td>\n<\/tr>\n<\/tbody>\n<\/table>\n<h2><strong>TBMA Monomer nedir?<\/strong><\/h2>\n<p>Tert-butil metakrilat (TBMA) homopolimerler ve kopolimerler olu\u015fturabilir ve akrilik asit ve tuzlar\u0131, amitler ve esterler, akrilonitril, maleat, vinil asetat, vinil klor\u00fcr, viniliden klor\u00fcr, stiren, b\u00fctilen, doymam\u0131\u015f polyesterler, kuru ya\u011flar vb. gibi \u00e7e\u015fitli maddelerle kopolimerize edilebilir. Ayr\u0131ca, b\u00fctil metakrilat (TBMA) da kimyasal sentez i\u00e7in \u00e7ok kullan\u0131\u015fl\u0131 bir hammaddedir \u00e7\u00fcnk\u00fc \u00e7e\u015fitli organik ve inorganik bile\u015fiklerle kolayca ekleme reaksiyonlar\u0131na girebilir.<\/p>\n<p>Alt \u00fcr\u00fcnler: N-Cbz-L-Aspartik asit 4-tert-butil ester cas 5545-52-8; <a class=\"blue\">Z-L-aspartik asit di-tert-butil ester cas <\/a>42417-76-5; 2-BENZ\u0130L AKR\u0130L\u0130K AS\u0130T TER-BUT\u0130L ESTER cas 111832-40-7<\/p>\n<h2><strong>TBMA'n\u0131n temel uygulamalar\u0131<\/strong><\/h2>\n<p>Kaplamalar.<br \/>\nDa\u011f\u0131t\u0131c\u0131lar.<br \/>\nLifler,.<br \/>\nKuma\u015f i\u015fleme maddeleri.<br \/>\nKaplama malzemeleri.<br \/>\nYal\u0131t\u0131m malzemeleri.<br \/>\nDi\u011fer polimerik monomerler.<\/p>\n<p>&nbsp;<\/p>\n<h2><strong><b>\u015eimdi Bize Ula\u015f\u0131n!<\/b><\/strong><\/h2>\n<h4><strong><b>COA, MSDS veya TDS'ye ihtiyac\u0131n\u0131z varsa, l\u00fctfen a\u015fa\u011f\u0131daki forma ileti\u015fim bilgilerinizi girin, genellikle 24 saat i\u00e7inde sizinle ileti\u015fime ge\u00e7ece\u011fiz. Bana e-posta da g\u00f6nderebilirsiniz <span style=\"color: #00ccff;\"><a style=\"color: #00ccff;\" href=\"mailto:info@longchangchemical.com\">info@longchangchemical.com<\/a><\/span> \u00c7al\u0131\u015fma saatleri i\u00e7inde (8:30 - 6:00 UTC+8 Pzt.~Sat.) veya h\u0131zl\u0131 yan\u0131t almak i\u00e7in web sitesi canl\u0131 sohbetini kullan\u0131n.<\/b><\/strong><\/h4>","protected":false},"excerpt":{"rendered":"<p>\u0130ngilizce Ad\u0131: tert-Butylmethacrylate<\/p>\n<p>E\u015f anlaml\u0131lar: TERT-B\u00dcT\u0130L METAKR\u0130LAT; TERT-B\u00dcT\u0130L METAKR\u0130LAT; TERT-B\u00dcT\u0130L METAKR\u0130LAT MONOMER; TBMA; T-B\u00dcT\u0130L METAKR\u0130LAT; METAKR\u0130L\u0130K AS\u0130T TERT-B\u00dcT\u0130L ESTER; METAKR\u0130L\u0130K AS\u0130T TERT-B\u00dcT\u0130L ESTER MONOMER; (jenerik) 2-propenoikasit, 2-metil-, 1,1-dimetiletilester<\/p>\n<p>MF: C8H14O2<\/p>\n<p>MW: 142.2<\/p>\n<p>G\u00f6r\u00fcn\u00fcm: renksiz s\u0131v\u0131<\/p>","protected":false},"featured_media":5465,"comment_status":"closed","ping_status":"closed","template":"","meta":[],"product_brand":[],"product_cat":[138],"product_tag":[],"class_list":{"0":"post-5464","1":"product","2":"type-product","3":"status-publish","4":"has-post-thumbnail","6":"product_cat-coating-and-ink-additives","8":"first","9":"instock","10":"shipping-taxable","11":"product-type-simple"},"yoast_head":"<!-- This site is optimized with the Yoast SEO plugin v25.3.1 - https:\/\/yoast.com\/wordpress\/plugins\/seo\/ -->\n<title>China tert-Butyl Methacrylate Monomer Manufacturer | TBMA Monomer Manufacturer | 585-07-9 | Longchang Chemical<\/title>\n<meta name=\"description\" content=\"TBMA CAS 585-07-9 can be used as Coatings, Dispersants, Fibers, Fabric treatment agents, Cladding materials, Insulation materials.\" \/>\n<meta name=\"robots\" content=\"index, follow, max-snippet:-1, max-image-preview:large, max-video-preview:-1\" \/>\n<link rel=\"canonical\" href=\"https:\/\/longchangchemical.com\/tr\/product\/agesintbma-cas-585-07-9\/\" \/>\n<meta property=\"og:locale\" content=\"tr_TR\" \/>\n<meta property=\"og:type\" content=\"article\" \/>\n<meta property=\"og:title\" content=\"China tert-Butyl Methacrylate Monomer Manufacturer | TBMA Monomer Manufacturer | 585-07-9 | Longchang Chemical\" \/>\n<meta property=\"og:description\" content=\"TBMA CAS 585-07-9 can be used as Coatings, Dispersants, Fibers, Fabric treatment agents, Cladding materials, Insulation materials.\" \/>\n<meta property=\"og:url\" content=\"https:\/\/longchangchemical.com\/tr\/product\/agesintbma-cas-585-07-9\/\" \/>\n<meta property=\"og:site_name\" content=\"Longchang Chemical\" \/>\n<meta property=\"article:modified_time\" content=\"2025-04-01T07:12:17+00:00\" \/>\n<meta property=\"og:image\" content=\"https:\/\/longchangchemical.com\/wp-content\/uploads\/2022\/08\/TBMA-CAS-585-07-9.jpg\" \/>\n\t<meta property=\"og:image:width\" content=\"800\" \/>\n\t<meta property=\"og:image:height\" content=\"800\" \/>\n\t<meta property=\"og:image:type\" content=\"image\/jpeg\" \/>\n<meta name=\"twitter:card\" content=\"summary_large_image\" \/>\n<script type=\"application\/ld+json\" class=\"yoast-schema-graph\">{\"@context\":\"https:\/\/schema.org\",\"@graph\":[{\"@type\":\"WebPage\",\"@id\":\"https:\/\/longchangchemical.com\/product\/agesintbma-cas-585-07-9\/\",\"url\":\"https:\/\/longchangchemical.com\/product\/agesintbma-cas-585-07-9\/\",\"name\":\"China tert-Butyl Methacrylate Monomer Manufacturer | TBMA Monomer Manufacturer | 585-07-9 | Longchang Chemical\",\"isPartOf\":{\"@id\":\"https:\/\/longchangchemical.com\/#website\"},\"primaryImageOfPage\":{\"@id\":\"https:\/\/longchangchemical.com\/product\/agesintbma-cas-585-07-9\/#primaryimage\"},\"image\":{\"@id\":\"https:\/\/longchangchemical.com\/product\/agesintbma-cas-585-07-9\/#primaryimage\"},\"thumbnailUrl\":\"https:\/\/longchangchemical.com\/wp-content\/uploads\/2022\/08\/TBMA-CAS-585-07-9.jpg\",\"datePublished\":\"2022-08-19T13:11:57+00:00\",\"dateModified\":\"2025-04-01T07:12:17+00:00\",\"description\":\"TBMA CAS 585-07-9 can be used as Coatings, Dispersants, Fibers, Fabric treatment agents, Cladding materials, Insulation materials.\",\"breadcrumb\":{\"@id\":\"https:\/\/longchangchemical.com\/product\/agesintbma-cas-585-07-9\/#breadcrumb\"},\"inLanguage\":\"tr\",\"potentialAction\":[{\"@type\":\"ReadAction\",\"target\":[\"https:\/\/longchangchemical.com\/product\/agesintbma-cas-585-07-9\/\"]}]},{\"@type\":\"ImageObject\",\"inLanguage\":\"tr\",\"@id\":\"https:\/\/longchangchemical.com\/product\/agesintbma-cas-585-07-9\/#primaryimage\",\"url\":\"https:\/\/longchangchemical.com\/wp-content\/uploads\/2022\/08\/TBMA-CAS-585-07-9.jpg\",\"contentUrl\":\"https:\/\/longchangchemical.com\/wp-content\/uploads\/2022\/08\/TBMA-CAS-585-07-9.jpg\",\"width\":800,\"height\":800,\"caption\":\"TBMA CAS 585-07-9\"},{\"@type\":\"BreadcrumbList\",\"@id\":\"https:\/\/longchangchemical.com\/product\/agesintbma-cas-585-07-9\/#breadcrumb\",\"itemListElement\":[{\"@type\":\"ListItem\",\"position\":1,\"name\":\"Home\",\"item\":\"https:\/\/longchangchemical.com\/\"},{\"@type\":\"ListItem\",\"position\":2,\"name\":\"Products Longchang\",\"item\":\"https:\/\/longchangchemical.com\/product\/\"},{\"@type\":\"ListItem\",\"position\":3,\"name\":\"CHLUMICRYL\u00ae TBMA CAS 585-07-9\"}]},{\"@type\":\"WebSite\",\"@id\":\"https:\/\/longchangchemical.com\/#website\",\"url\":\"https:\/\/longchangchemical.com\/\",\"name\":\"Longchang Chemical\",\"description\":\"China chemical manufacturer \uff06 supplier\",\"publisher\":{\"@id\":\"https:\/\/longchangchemical.com\/#organization\"},\"potentialAction\":[{\"@type\":\"SearchAction\",\"target\":{\"@type\":\"EntryPoint\",\"urlTemplate\":\"https:\/\/longchangchemical.com\/?s={search_term_string}\"},\"query-input\":{\"@type\":\"PropertyValueSpecification\",\"valueRequired\":true,\"valueName\":\"search_term_string\"}}],\"inLanguage\":\"tr\"},{\"@type\":\"Organization\",\"@id\":\"https:\/\/longchangchemical.com\/#organization\",\"name\":\"Longchang Chemical\",\"url\":\"https:\/\/longchangchemical.com\/\",\"logo\":{\"@type\":\"ImageObject\",\"inLanguage\":\"tr\",\"@id\":\"https:\/\/longchangchemical.com\/#\/schema\/logo\/image\/\",\"url\":\"https:\/\/longchangchemical.com\/wp-content\/uploads\/2020\/08\/cropped-longchang-logo.png\",\"contentUrl\":\"https:\/\/longchangchemical.com\/wp-content\/uploads\/2020\/08\/cropped-longchang-logo.png\",\"width\":512,\"height\":512,\"caption\":\"Longchang Chemical\"},\"image\":{\"@id\":\"https:\/\/longchangchemical.com\/#\/schema\/logo\/image\/\"}}]}<\/script>\n<!-- \/ Yoast SEO plugin. -->","yoast_head_json":{"title":"\u00c7in tert-Butil Metakrilat Monomer \u00dcreticisi | TBMA Monomer \u00dcreticisi | 585-07-9 | Longchang Chemical","description":"TBMA CAS 585-07-9, Kaplamalar, Dispersanlar, Elyaflar, Kuma\u015f i\u015fleme maddeleri, Kaplama malzemeleri, \u0130zolasyon malzemeleri olarak kullan\u0131labilir.","robots":{"index":"index","follow":"follow","max-snippet":"max-snippet:-1","max-image-preview":"max-image-preview:large","max-video-preview":"max-video-preview:-1"},"canonical":"https:\/\/longchangchemical.com\/tr\/product\/agesintbma-cas-585-07-9\/","og_locale":"tr_TR","og_type":"article","og_title":"China tert-Butyl Methacrylate Monomer Manufacturer | TBMA Monomer Manufacturer | 585-07-9 | Longchang Chemical","og_description":"TBMA CAS 585-07-9 can be used as Coatings, Dispersants, Fibers, Fabric treatment agents, Cladding materials, Insulation materials.","og_url":"https:\/\/longchangchemical.com\/tr\/product\/agesintbma-cas-585-07-9\/","og_site_name":"Longchang Chemical","article_modified_time":"2025-04-01T07:12:17+00:00","og_image":[{"width":800,"height":800,"url":"https:\/\/longchangchemical.com\/wp-content\/uploads\/2022\/08\/TBMA-CAS-585-07-9.jpg","type":"image\/jpeg"}],"twitter_card":"summary_large_image","schema":{"@context":"https:\/\/schema.org","@graph":[{"@type":"WebPage","@id":"https:\/\/longchangchemical.com\/product\/agesintbma-cas-585-07-9\/","url":"https:\/\/longchangchemical.com\/product\/agesintbma-cas-585-07-9\/","name":"\u00c7in tert-Butil Metakrilat Monomer \u00dcreticisi | TBMA Monomer \u00dcreticisi | 585-07-9 | Longchang Chemical","isPartOf":{"@id":"https:\/\/longchangchemical.com\/#website"},"primaryImageOfPage":{"@id":"https:\/\/longchangchemical.com\/product\/agesintbma-cas-585-07-9\/#primaryimage"},"image":{"@id":"https:\/\/longchangchemical.com\/product\/agesintbma-cas-585-07-9\/#primaryimage"},"thumbnailUrl":"https:\/\/longchangchemical.com\/wp-content\/uploads\/2022\/08\/TBMA-CAS-585-07-9.jpg","datePublished":"2022-08-19T13:11:57+00:00","dateModified":"2025-04-01T07:12:17+00:00","description":"TBMA CAS 585-07-9, Kaplamalar, Dispersanlar, Elyaflar, Kuma\u015f i\u015fleme maddeleri, Kaplama malzemeleri, \u0130zolasyon malzemeleri olarak kullan\u0131labilir.","breadcrumb":{"@id":"https:\/\/longchangchemical.com\/product\/agesintbma-cas-585-07-9\/#breadcrumb"},"inLanguage":"tr","potentialAction":[{"@type":"ReadAction","target":["https:\/\/longchangchemical.com\/product\/agesintbma-cas-585-07-9\/"]}]},{"@type":"ImageObject","inLanguage":"tr","@id":"https:\/\/longchangchemical.com\/product\/agesintbma-cas-585-07-9\/#primaryimage","url":"https:\/\/longchangchemical.com\/wp-content\/uploads\/2022\/08\/TBMA-CAS-585-07-9.jpg","contentUrl":"https:\/\/longchangchemical.com\/wp-content\/uploads\/2022\/08\/TBMA-CAS-585-07-9.jpg","width":800,"height":800,"caption":"TBMA CAS 585-07-9"},{"@type":"BreadcrumbList","@id":"https:\/\/longchangchemical.com\/product\/agesintbma-cas-585-07-9\/#breadcrumb","itemListElement":[{"@type":"ListItem","position":1,"name":"Home","item":"https:\/\/longchangchemical.com\/"},{"@type":"ListItem","position":2,"name":"Products Longchang","item":"https:\/\/longchangchemical.com\/product\/"},{"@type":"ListItem","position":3,"name":"CHLUMICRYL\u00ae TBMA CAS 585-07-9"}]},{"@type":"WebSite","@id":"https:\/\/longchangchemical.com\/#website","url":"https:\/\/longchangchemical.com\/","name":"Longchang Kimya","description":"\u00c7in kimyasal \u00fcreticisi \uff06 tedarik\u00e7isi","publisher":{"@id":"https:\/\/longchangchemical.com\/#organization"},"potentialAction":[{"@type":"SearchAction","target":{"@type":"EntryPoint","urlTemplate":"https:\/\/longchangchemical.com\/?s={search_term_string}"},"query-input":{"@type":"PropertyValueSpecification","valueRequired":true,"valueName":"search_term_string"}}],"inLanguage":"tr"},{"@type":"Organization","@id":"https:\/\/longchangchemical.com\/#organization","name":"Longchang Kimya","url":"https:\/\/longchangchemical.com\/","logo":{"@type":"ImageObject","inLanguage":"tr","@id":"https:\/\/longchangchemical.com\/#\/schema\/logo\/image\/","url":"https:\/\/longchangchemical.com\/wp-content\/uploads\/2020\/08\/cropped-longchang-logo.png","contentUrl":"https:\/\/longchangchemical.com\/wp-content\/uploads\/2020\/08\/cropped-longchang-logo.png","width":512,"height":512,"caption":"Longchang Chemical"},"image":{"@id":"https:\/\/longchangchemical.com\/#\/schema\/logo\/image\/"}}]}},"_links":{"self":[{"href":"https:\/\/longchangchemical.com\/tr\/wp-json\/wp\/v2\/product\/5464","targetHints":{"allow":["GET"]}}],"collection":[{"href":"https:\/\/longchangchemical.com\/tr\/wp-json\/wp\/v2\/product"}],"about":[{"href":"https:\/\/longchangchemical.com\/tr\/wp-json\/wp\/v2\/types\/product"}],"replies":[{"embeddable":true,"href":"https:\/\/longchangchemical.com\/tr\/wp-json\/wp\/v2\/comments?post=5464"}],"wp:featuredmedia":[{"embeddable":true,"href":"https:\/\/longchangchemical.com\/tr\/wp-json\/wp\/v2\/media\/5465"}],"wp:attachment":[{"href":"https:\/\/longchangchemical.com\/tr\/wp-json\/wp\/v2\/media?parent=5464"}],"wp:term":[{"taxonomy":"product_brand","embeddable":true,"href":"https:\/\/longchangchemical.com\/tr\/wp-json\/wp\/v2\/product_brand?post=5464"},{"taxonomy":"product_cat","embeddable":true,"href":"https:\/\/longchangchemical.com\/tr\/wp-json\/wp\/v2\/product_cat?post=5464"},{"taxonomy":"product_tag","embeddable":true,"href":"https:\/\/longchangchemical.com\/tr\/wp-json\/wp\/v2\/product_tag?post=5464"}],"curies":[{"name":"wp","href":"https:\/\/api.w.org\/{rel}","templated":true}]}}