{"id":5426,"date":"2022-07-30T07:12:53","date_gmt":"2022-07-30T07:12:53","guid":{"rendered":"https:\/\/longchangchemical.com\/?post_type=product&#038;p=5426"},"modified":"2025-12-15T08:27:14","modified_gmt":"2025-12-15T08:27:14","slug":"lcflare-bdp","status":"publish","type":"product","link":"https:\/\/longchangchemical.com\/tr\/product\/lcflare-bdp\/","title":{"rendered":"CHLUMIFLEX\u00ae BDP CAS 5945-33-5"},"content":{"rendered":"<h1 class=\"product_title entry-title\"><strong>CHLUMIFLEX\u00ae BDP<\/strong><strong> CAS 5945-33-5<\/strong><\/h1>\n<table>\n<tbody>\n<tr>\n<td width=\"206\">Renk APHA<\/td>\n<td width=\"305\">\u226480<\/td>\n<\/tr>\n<tr>\n<td width=\"206\">Viskozite \uff0870\u2103\uff09 mPa.S<\/td>\n<td width=\"305\">120-220<\/td>\n<\/tr>\n<tr>\n<td width=\"206\">BDP \u0130\u00e7eri\u011fi (DPn=1) wt%<\/td>\n<td width=\"305\">80-89<\/td>\n<\/tr>\n<tr>\n<td width=\"206\">TPP \u0130\u00e7eri\u011fi wt%<\/td>\n<td width=\"305\">\u22641.5<\/td>\n<\/tr>\n<tr>\n<td width=\"206\">IPP i\u00e7eri\u011fi wt%<\/td>\n<td width=\"305\">\u22640.04<\/td>\n<\/tr>\n<tr>\n<td width=\"206\">Yar\u0131 Ester wt%<\/td>\n<td width=\"305\">\u22640.2<\/td>\n<\/tr>\n<tr>\n<td width=\"206\">Fenol \u0130\u00e7eri\u011fi\uff08PPM\uff09<\/td>\n<td width=\"305\">\u2264100<\/td>\n<\/tr>\n<tr>\n<td width=\"206\">Asit Say\u0131s\u0131 (mg KOH\/g\uff09<\/td>\n<td width=\"305\">\u22640.1<\/td>\n<\/tr>\n<\/tbody>\n<\/table>\n<p>&nbsp;<\/p>\n<p>&nbsp;<\/p>\n<h2><strong>CHLUMIFLEX\u00ae BDP Uygulama:<\/strong><\/h2>\n<p>1. Bir oligomerik fosfat ester alev geciktirici olan BDP, polifenilen oksit ala\u015f\u0131mlar\u0131 ve PC\/ABS gibi m\u00fchendislik re\u00e7inesi uygulamalar\u0131nda kullan\u0131lmak \u00fczere tasarlanm\u0131\u015ft\u0131r. D\u00fc\u015f\u00fck u\u00e7uculu\u011fu ve y\u00fcksek \u0131s\u0131 kararl\u0131l\u0131\u011f\u0131 nedeniyle, bu fosforlu alev geciktirici, bir\u00e7ok m\u00fchendislik re\u00e7inesi i\u00e7in gerekli olan y\u00fcksek i\u015fleme s\u0131cakl\u0131\u011f\u0131n\u0131 tolere edebilir.<\/p>\n<p>2. \u0130nce duvar kal\u0131plar\u0131nda ve di\u011fer y\u00fcksek performansl\u0131 uygulamalarda y\u00fcksek ak\u0131\u015fa fayda sa\u011flayan ABS ve HIPS dahil olmak \u00fczere bir dizi termoplastikte i\u015fleme \u00f6zellikleri.<\/p>\n<p>3. BDP, \u00e7e\u015fitli re\u00e7inelere alev geciktiricilik sa\u011flamak i\u00e7in 8 ila 15 phr'de kullan\u0131l\u0131r. \u0130\u015fleme yard\u0131mc\u0131s\u0131 olarak kullan\u0131ld\u0131\u011f\u0131nda, eriyik ak\u0131\u015f\u0131n\u0131 iyile\u015ftirmek i\u00e7in termoplastiklere 1 ila 3 phr BDP eklenir.<\/p>\n<p>4. Lcflare\u00ae BDP halojen i\u00e7ermeyen bir organofosfor alev geciktiricidir. B\u00fcy\u00fck ba\u011f\u0131l molek\u00fcler a\u011f\u0131rl\u0131k, y\u00fcksek termal stabilite ve d\u00fc\u015f\u00fck u\u00e7uculuk avantajlar\u0131na sahiptir. Alev geciktirici ABS, EP, HIPS, SBS, PC, PPO ve di\u011fer yap\u0131\u015ft\u0131r\u0131c\u0131lar i\u00e7in uygundur.<\/p>\n<p>5. BDP, oligomerik fosfat ester grubuna ait halojen i\u00e7ermeyen bir alev geciktiricidir. Monomer olarak bisfenol A ve bifosfonatlara dayan\u0131r.<\/p>\n<p>BDP \u00f6zellikle elektrikli ve elektronik aksesuarlar i\u00e7in PC\/ABS ve PPO-PPE\/HIPS dahil olmak \u00fczere m\u00fchendislik re\u00e7ine ala\u015f\u0131mlar\u0131 i\u00e7in uygundur. Yang\u0131n g\u00fcvenli\u011fi standartlar\u0131na g\u00f6re, BDP genellikle yakla\u015f\u0131k 8 ila 18 phr miktar\u0131nda kullan\u0131l\u0131r. Buna kar\u015f\u0131l\u0131k, BDP herhangi bir sinerjist (genellikle antimon oksit) gerektirmez, bu nedenle iyi bir \u00e7evrim kabiliyetine sahiptir. Buna ek olarak, \u00e7o\u011fu m\u00fchendislik termoplastik re\u00e7inelerinin \u00fcretim s\u00fcrecinde iyi bir d\u00fc\u015f\u00fck u\u00e7uculu\u011fa ve termal stabiliteye sahiptir. BDP'nin belirgin ak\u0131\u015fkanl\u0131\u011f\u0131 nedeniyle ince duvarl\u0131 kal\u0131plar \u00fcretilebilir. Son olarak, hidroliz direnci di\u011fer alev geciktiricilere k\u0131yasla \u00fcst\u00fcnd\u00fcr.<\/p>\n<h2><strong>CHLUMIFLEX\u00ae BDP Ambalaj<\/strong>:<\/h2>\n<p>200L bidon veya 1000L IBC DRUM.<\/p>\n<p>&nbsp;<\/p>\n<h2><strong>Ayn\u0131 seriden alev geciktirici plastikle\u015ftiriciler<\/strong><\/h2>\n<table style=\"border-collapse: collapse; width: 374.27pt;\" border=\"0\" width=\"499\" cellspacing=\"0\" cellpadding=\"0\">\n<tbody>\n<tr style=\"height: 21.00pt;\">\n<td class=\"et2\" style=\"height: 21.00pt; width: 96.00pt;\" width=\"128\" height=\"28\"><a title=\"https:\/\/longchangchemical.com\/product\/cas-91082-17-6\/\" href=\"https:\/\/longchangchemical.com\/tr\/product\/cas-91082-17-6\/\"><span style=\"color: #00ccff;\">Lcflex\u00ae T-50<\/span><\/a><\/td>\n<td class=\"et3\" style=\"width: 159.75pt;\" width=\"213\">T-50; ASE<\/td>\n<td class=\"et3\" style=\"width: 118.50pt;\" width=\"158\">CAS 91082-17-6<\/td>\n<\/tr>\n<tr style=\"height: 21.00pt;\">\n<td class=\"et2\" style=\"height: 21.00pt; width: 96.00pt;\" width=\"128\" height=\"28\"><a title=\"https:\/\/longchangchemical.com\/product\/acetyl-tributyl-citrate-cas-77-90-7\/\" href=\"https:\/\/longchangchemical.com\/tr\/product\/acetyl-tributyl-citrate-cas-77-90-7\/\"><span style=\"color: #00ccff;\">Lcflex\u00ae ATBC<\/span><\/a><\/td>\n<td class=\"et3\" style=\"width: 159.75pt;\" width=\"213\">Asetil trib\u00fctil sitrat<\/td>\n<td class=\"et3\" style=\"width: 118.50pt;\" width=\"158\">CAS 77-90-7<\/td>\n<\/tr>\n<tr style=\"height: 21.00pt;\">\n<td class=\"et2\" style=\"height: 21.00pt; width: 96.00pt;\" width=\"128\" height=\"28\"><a title=\"https:\/\/longchangchemical.com\/product\/tributyl-citrate-tbc-cas-77-94-1\/\" href=\"https:\/\/longchangchemical.com\/tr\/product\/tributyl-citrate-tbc-cas-77-94-1\/\"><span style=\"color: #00ccff;\">Lcflex\u00ae TBC<\/span><\/a><\/td>\n<td class=\"et3\" style=\"width: 159.75pt;\" width=\"213\">Trib\u00fctil sitrat<\/td>\n<td class=\"et3\" style=\"width: 118.50pt;\" width=\"158\">CAS 77-94-1<\/td>\n<\/tr>\n<tr style=\"height: 21.00pt;\">\n<td class=\"et2\" style=\"height: 21.00pt; width: 96.00pt;\" width=\"128\" height=\"28\"><span style=\"color: #00ccff;\"><a style=\"color: #00ccff;\" title=\"https:\/\/longchangchemical.com\/product\/tcpp-cas-13674-84-5\/\" href=\"https:\/\/longchangchemical.com\/tr\/product\/tcpp-cas-13674-84-5\/\">Lcflex\u00ae TCPP<\/a><\/span><\/td>\n<td class=\"et3\" style=\"width: 159.75pt;\" width=\"213\">TCPP alev geciktirici<\/td>\n<td class=\"et3\" style=\"width: 118.50pt;\" width=\"158\">CAS 13674-84-5<\/td>\n<\/tr>\n<tr style=\"height: 21.00pt;\">\n<td class=\"et2\" style=\"height: 21.00pt; width: 96.00pt;\" width=\"128\" height=\"28\"><a title=\"https:\/\/longchangchemical.com\/product\/dotp-cas-6422-86-2\/\" href=\"https:\/\/longchangchemical.com\/tr\/product\/dotp-cas-6422-86-2\/\"><span style=\"color: #00ccff;\">Lcflex\u00ae DOTP<\/span><\/a><\/td>\n<td class=\"et3\" style=\"width: 159.75pt;\" width=\"213\">Dioktil tereftalat<\/td>\n<td class=\"et3\" style=\"width: 118.50pt;\" width=\"158\">CAS 6422-86-2<\/td>\n<\/tr>\n<tr style=\"height: 21.00pt;\">\n<td class=\"et2\" style=\"height: 21.00pt; width: 96.00pt;\" width=\"128\" height=\"28\"><span style=\"color: #00ccff;\"><a style=\"color: #00ccff;\" title=\"https:\/\/longchangchemical.com\/product\/diethyl-phthalate-dep-cas-84-66-2\/\" href=\"https:\/\/longchangchemical.com\/tr\/product\/diethyl-phthalate-dep-cas-84-66-2\/\">Lcflex\u00ae DEP<\/a><\/span><\/td>\n<td class=\"et3\" style=\"width: 159.75pt;\" width=\"213\">Dietil ftalat<\/td>\n<td class=\"et3\" style=\"width: 118.50pt;\" width=\"158\">CAS 84-66-2<\/td>\n<\/tr>\n<tr style=\"height: 21.00pt;\">\n<td class=\"et2\" style=\"height: 21.00pt; width: 96.00pt;\" width=\"128\" height=\"28\"><span style=\"color: #00ccff;\"><a style=\"color: #00ccff;\" title=\"https:\/\/longchangchemical.com\/product\/triethyl-citrate-cas-77-93-0\/\" href=\"https:\/\/longchangchemical.com\/tr\/product\/triethyl-citrate-cas-77-93-0\/\">Lcflex\u00ae TEC<\/a><\/span><\/td>\n<td class=\"et3\" style=\"width: 159.75pt;\" width=\"213\">trietil sitrat<\/td>\n<td class=\"et3\" style=\"width: 118.50pt;\" width=\"158\">CAS 77-93-0<\/td>\n<\/tr>\n<tr style=\"height: 21.00pt;\">\n<td class=\"et2\" style=\"height: 21.00pt; width: 96.00pt;\" width=\"128\" height=\"28\"><span style=\"color: #00ccff;\"><a style=\"color: #00ccff;\" title=\"https:\/\/longchangchemical.com\/product\/Lcflare-doa-cas-123-79-5\/\" href=\"https:\/\/longchangchemical.com\/tr\/product\/Lcflare-doa-cas-123-79-5\/\">Lcflex\u00ae DOA<\/a><\/span><\/td>\n<td class=\"et3\" style=\"width: 159.75pt;\" width=\"213\">Dioktil adipat<\/td>\n<td class=\"et3\" style=\"width: 118.50pt;\" width=\"158\">CAS 123-79-5<\/td>\n<\/tr>\n<tr style=\"height: 30.00pt;\">\n<td class=\"et2\" style=\"height: 30.00pt; width: 96.00pt;\" width=\"128\" height=\"40\"><span style=\"color: #00ccff;\"><a style=\"color: #00ccff;\" title=\"https:\/\/longchangchemical.com\/product\/Lcflare-dos-cas-2432-87-3\/\" href=\"https:\/\/longchangchemical.com\/tr\/product\/Lcflare-dos-cas-2432-87-3\/\">Lcflex\u00ae DOS<\/a><\/span><\/td>\n<td class=\"et3\" style=\"width: 159.75pt;\" width=\"213\">SEBACIC ACID DI-N-OCTYL ESTER<\/td>\n<td class=\"et3\" style=\"width: 118.50pt;\" width=\"158\">CAS 2432-87-3<\/td>\n<\/tr>\n<tr style=\"height: 27.00pt;\">\n<td class=\"et2\" style=\"height: 27.00pt; width: 96.00pt;\" width=\"128\" height=\"36\"><a title=\"https:\/\/longchangchemical.com\/product\/cas-28553-12-0-685-15-48-0\/\" href=\"https:\/\/longchangchemical.com\/tr\/product\/cas-28553-12-0-685-15-48-0\/\"><span style=\"color: #00ccff;\">Lcflex\u00ae DINP<\/span><\/a><\/td>\n<td class=\"et3\" style=\"width: 159.75pt;\" width=\"213\">Diisononyl Phthalate<\/td>\n<td class=\"et3\" style=\"width: 118.50pt;\" width=\"158\">CAS 28553-12-0\/685 15-48-0<\/td>\n<\/tr>\n<tr style=\"height: 21.00pt;\">\n<td class=\"et2\" style=\"height: 21.00pt; width: 96.00pt;\" width=\"128\" height=\"28\"><span style=\"color: #00ccff;\"><a style=\"color: #00ccff;\" title=\"https:\/\/longchangchemical.com\/product\/tmp-cas-77-99-6\/\" href=\"https:\/\/longchangchemical.com\/tr\/product\/tmp-cas-77-99-6\/\">Lcflex\u00ae TMP<\/a><\/span><\/td>\n<td class=\"et3\" style=\"width: 159.75pt;\" width=\"213\">Trimetilolpropan<\/td>\n<td class=\"et3\" style=\"width: 118.50pt;\" width=\"158\">CAS 77-99-6<\/td>\n<\/tr>\n<tr style=\"height: 13.50pt;\">\n<td class=\"et2\" style=\"height: 13.50pt; width: 96.00pt;\" width=\"128\" height=\"18\"><span style=\"color: #00ccff;\"><a style=\"color: #00ccff;\" title=\"https:\/\/longchangchemical.com\/product\/triethyl-phosphate-tep-cas-78-40-0\/\" href=\"https:\/\/longchangchemical.com\/tr\/product\/triethyl-phosphate-tep-cas-78-40-0\/\">Lcflex\u00ae TEP<\/a><\/span><\/td>\n<td class=\"et3\" style=\"width: 159.75pt;\" width=\"213\">Trietil fosfat<\/td>\n<td class=\"et3\" style=\"width: 118.50pt;\" width=\"158\">CAS 78-40-0<\/td>\n<\/tr>\n<tr style=\"height: 13.50pt;\">\n<td class=\"et4\" style=\"height: 13.50pt; width: 96.00pt;\" width=\"128\" height=\"18\"><a href=\"https:\/\/longchangchemical.com\/tr\/product\/Lcflex-totm-cas-3319-31-1\/\"><span style=\"color: #00ccff;\">Lcflex\u00ae TOTM<\/span><\/a><\/td>\n<td class=\"et3\" style=\"width: 159.75pt;\" width=\"213\">Trioktil trimellitat<\/td>\n<td class=\"et3\" style=\"width: 118.50pt;\" width=\"158\">CAS 3319-31-1<\/td>\n<\/tr>\n<tr style=\"height: 40.50pt;\">\n<td class=\"et4\" style=\"height: 40.50pt; width: 96.00pt;\" width=\"128\" height=\"54\"><a href=\"https:\/\/longchangchemical.com\/tr\/product\/Lcflex-bbp\/\"><span style=\"color: #00ccff;\">Lcflex\u00ae BBP<\/span><\/a><\/td>\n<td class=\"et3\" style=\"width: 159.75pt;\" width=\"213\">Biyo-bazl\u0131 plastikle\u015ftiriciler, Y\u00fcksek verimli plastikle\u015ftirici<\/td>\n<td class=\"et3\" style=\"width: 118.50pt;\" width=\"158\"><\/td>\n<\/tr>\n<tr style=\"height: 13.50pt;\">\n<td class=\"et4\" style=\"height: 13.50pt; width: 96.00pt;\" width=\"128\" height=\"18\"><a href=\"https:\/\/longchangchemical.com\/tr\/product\/tmp-cas-77-99-6\/\"><span style=\"color: #00ccff;\">Lcflex\u00ae TMP<\/span><\/a><\/td>\n<td class=\"et3\" style=\"width: 159.75pt;\" width=\"213\">Trimetilol propan<\/td>\n<td class=\"et3\" style=\"width: 118.50pt;\" width=\"158\">CAS 77-99-6<\/td>\n<\/tr>\n<tr style=\"height: 30.00pt;\">\n<td class=\"et2\" style=\"height: 30.00pt; width: 96.00pt;\" width=\"128\" height=\"40\"><a title=\"https:\/\/longchangchemical.com\/product\/sinopszr-tcep-cas-115-96-8\/\" href=\"https:\/\/longchangchemical.com\/tr\/product\/sinopszr-tcep-cas-115-96-8\/\"><span style=\"color: #00ccff;\">Lcflare\u00ae TCEP<\/span><\/a><\/td>\n<td class=\"et3\" style=\"width: 159.75pt;\" width=\"213\">Tris(2-kloroetil) fosfat<\/td>\n<td class=\"et3\" style=\"width: 118.50pt;\" width=\"158\">CAS 115-96-8<\/td>\n<\/tr>\n<tr style=\"height: 30.00pt;\">\n<td class=\"et2\" style=\"height: 30.00pt; width: 96.00pt;\" width=\"128\" height=\"40\"><span style=\"color: #00ccff;\"><a style=\"color: #00ccff;\" title=\"https:\/\/longchangchemical.com\/product\/Lcflare-bdp\/\" href=\"https:\/\/longchangchemical.com\/tr\/product\/Lcflare-bdp\/\">Lcflare\u00ae BDP<\/a><\/span><\/td>\n<td class=\"et3\" style=\"width: 159.75pt;\" width=\"213\">Bisfenol-A bis(difenil fosfat)<\/td>\n<td class=\"et3\" style=\"width: 118.50pt;\" width=\"158\">CAS 5945-33-5<\/td>\n<\/tr>\n<tr style=\"height: 13.50pt;\">\n<td class=\"et2\" style=\"height: 13.50pt; width: 96.00pt;\" width=\"128\" height=\"18\"><span style=\"color: #00ccff;\"><a style=\"color: #00ccff;\" title=\"https:\/\/longchangchemical.com\/product\/Lcflare-tpp-cas-115-86-6\/\" href=\"https:\/\/longchangchemical.com\/tr\/product\/Lcflare-tpp-cas-115-86-6\/\">Lcflare\u00ae TPP<\/a><\/span><\/td>\n<td class=\"et3\" style=\"width: 159.75pt;\" width=\"213\">Trifenil fosfat<\/td>\n<td class=\"et3\" style=\"width: 118.50pt;\" width=\"158\">CAS 115-86-6<\/td>\n<\/tr>\n<\/tbody>\n<\/table>\n<h2><\/h2>\n<h2><strong>\u015eimdi Bize Ula\u015f\u0131n!<\/strong><\/h2>\n<h4><strong><b>COA, MSDS veya TDS'ye ihtiyac\u0131n\u0131z varsa, l\u00fctfen a\u015fa\u011f\u0131daki forma ileti\u015fim bilgilerinizi girin, genellikle 24 saat i\u00e7inde sizinle ileti\u015fime ge\u00e7ece\u011fiz. Bana e-posta da g\u00f6nderebilirsiniz <span style=\"color: #0000ff;\"><a style=\"color: #0000ff;\" href=\"mailto:info@longchangchemical.com\">info@longchangchemical.com<\/a><\/span> \u00c7al\u0131\u015fma saatleri i\u00e7inde (8:30 - 6:00 UTC+8 Pzt.~Sat.) veya h\u0131zl\u0131 yan\u0131t almak i\u00e7in web sitesi canl\u0131 sohbetini kullan\u0131n.<\/b><\/strong><\/h4>","protected":false},"excerpt":{"rendered":"<p>Kimyasal Ad\u0131: Bisfenol-A bis(difenil fosfat)<\/p>\n<p>Cas No: 5945-33-5<\/p>\n<p>Form\u00fcl: C39H34O8P2<\/p>\n<p>Paket: 250KG\/varil, IBC varil<\/p>","protected":false},"featured_media":4793,"comment_status":"open","ping_status":"closed","template":"","meta":[],"product_brand":[],"product_cat":[111],"product_tag":[],"class_list":{"0":"post-5426","1":"product","2":"type-product","3":"status-publish","4":"has-post-thumbnail","6":"product_cat-plasticizer","8":"first","9":"instock","10":"shipping-taxable","11":"product-type-simple"},"yoast_head":"<!-- This site is optimized with the Yoast SEO plugin v25.3.1 - https:\/\/yoast.com\/wordpress\/plugins\/seo\/ -->\n<title>Flame retardant BDP manufacturer | Bisphenol-A bis(diphenyl phosphate) Manufacturer CAS 5945-33-5 supplier - Longchang Chemical<\/title>\n<meta name=\"description\" content=\"Lcflare\u00ae BDP Cas No 5945-33-5 can be used as a Flame retardant and is the key product of Longchang Chemical. We are the leading Flame retardant manufacturer and supplier in China with the best quanlity and competitive price.\" \/>\n<meta name=\"robots\" content=\"index, follow, max-snippet:-1, max-image-preview:large, max-video-preview:-1\" \/>\n<link rel=\"canonical\" href=\"https:\/\/longchangchemical.com\/tr\/product\/lcflare-bdp\/\" \/>\n<meta property=\"og:locale\" content=\"tr_TR\" \/>\n<meta property=\"og:type\" content=\"article\" \/>\n<meta property=\"og:title\" content=\"Flame retardant BDP manufacturer | Bisphenol-A bis(diphenyl phosphate) Manufacturer CAS 5945-33-5 supplier - Longchang Chemical\" \/>\n<meta property=\"og:description\" content=\"Lcflare\u00ae BDP Cas No 5945-33-5 can be used as a Flame retardant and is the key product of Longchang Chemical. We are the leading Flame retardant manufacturer and supplier in China with the best quanlity and competitive price.\" \/>\n<meta property=\"og:url\" content=\"https:\/\/longchangchemical.com\/tr\/product\/lcflare-bdp\/\" \/>\n<meta property=\"og:site_name\" content=\"Longchang Chemical\" \/>\n<meta property=\"article:modified_time\" content=\"2025-12-15T08:27:14+00:00\" \/>\n<meta property=\"og:image\" content=\"https:\/\/longchangchemical.com\/wp-content\/uploads\/2021\/10\/\u672a\u6807\u9898-1.jpg\" \/>\n\t<meta property=\"og:image:width\" content=\"800\" \/>\n\t<meta property=\"og:image:height\" content=\"800\" \/>\n\t<meta property=\"og:image:type\" content=\"image\/jpeg\" \/>\n<meta name=\"twitter:card\" content=\"summary_large_image\" \/>\n<script type=\"application\/ld+json\" class=\"yoast-schema-graph\">{\"@context\":\"https:\/\/schema.org\",\"@graph\":[{\"@type\":\"WebPage\",\"@id\":\"https:\/\/longchangchemical.com\/product\/lcflare-bdp\/\",\"url\":\"https:\/\/longchangchemical.com\/product\/lcflare-bdp\/\",\"name\":\"Flame retardant BDP manufacturer | Bisphenol-A bis(diphenyl phosphate) Manufacturer CAS 5945-33-5 supplier - Longchang Chemical\",\"isPartOf\":{\"@id\":\"https:\/\/longchangchemical.com\/#website\"},\"primaryImageOfPage\":{\"@id\":\"https:\/\/longchangchemical.com\/product\/lcflare-bdp\/#primaryimage\"},\"image\":{\"@id\":\"https:\/\/longchangchemical.com\/product\/lcflare-bdp\/#primaryimage\"},\"thumbnailUrl\":\"https:\/\/longchangchemical.com\/wp-content\/uploads\/2021\/10\/\u672a\u6807\u9898-1.jpg\",\"datePublished\":\"2022-07-30T07:12:53+00:00\",\"dateModified\":\"2025-12-15T08:27:14+00:00\",\"description\":\"Lcflare\u00ae BDP Cas No 5945-33-5 can be used as a Flame retardant and is the key product of Longchang Chemical. We are the leading Flame retardant manufacturer and supplier in China with the best quanlity and competitive price.\",\"breadcrumb\":{\"@id\":\"https:\/\/longchangchemical.com\/product\/lcflare-bdp\/#breadcrumb\"},\"inLanguage\":\"tr\",\"potentialAction\":[{\"@type\":\"ReadAction\",\"target\":[\"https:\/\/longchangchemical.com\/product\/lcflare-bdp\/\"]}]},{\"@type\":\"ImageObject\",\"inLanguage\":\"tr\",\"@id\":\"https:\/\/longchangchemical.com\/product\/lcflare-bdp\/#primaryimage\",\"url\":\"https:\/\/longchangchemical.com\/wp-content\/uploads\/2021\/10\/\u672a\u6807\u9898-1.jpg\",\"contentUrl\":\"https:\/\/longchangchemical.com\/wp-content\/uploads\/2021\/10\/\u672a\u6807\u9898-1.jpg\",\"width\":800,\"height\":800},{\"@type\":\"BreadcrumbList\",\"@id\":\"https:\/\/longchangchemical.com\/product\/lcflare-bdp\/#breadcrumb\",\"itemListElement\":[{\"@type\":\"ListItem\",\"position\":1,\"name\":\"Home\",\"item\":\"https:\/\/longchangchemical.com\/\"},{\"@type\":\"ListItem\",\"position\":2,\"name\":\"Products Longchang\",\"item\":\"https:\/\/longchangchemical.com\/product\/\"},{\"@type\":\"ListItem\",\"position\":3,\"name\":\"CHLUMIFLEX\u00ae BDP CAS 5945-33-5\"}]},{\"@type\":\"WebSite\",\"@id\":\"https:\/\/longchangchemical.com\/#website\",\"url\":\"https:\/\/longchangchemical.com\/\",\"name\":\"Longchang Chemical\",\"description\":\"China chemical manufacturer \uff06 supplier\",\"publisher\":{\"@id\":\"https:\/\/longchangchemical.com\/#organization\"},\"potentialAction\":[{\"@type\":\"SearchAction\",\"target\":{\"@type\":\"EntryPoint\",\"urlTemplate\":\"https:\/\/longchangchemical.com\/?s={search_term_string}\"},\"query-input\":{\"@type\":\"PropertyValueSpecification\",\"valueRequired\":true,\"valueName\":\"search_term_string\"}}],\"inLanguage\":\"tr\"},{\"@type\":\"Organization\",\"@id\":\"https:\/\/longchangchemical.com\/#organization\",\"name\":\"Longchang Chemical\",\"url\":\"https:\/\/longchangchemical.com\/\",\"logo\":{\"@type\":\"ImageObject\",\"inLanguage\":\"tr\",\"@id\":\"https:\/\/longchangchemical.com\/#\/schema\/logo\/image\/\",\"url\":\"https:\/\/longchangchemical.com\/wp-content\/uploads\/2020\/08\/cropped-longchang-logo.png\",\"contentUrl\":\"https:\/\/longchangchemical.com\/wp-content\/uploads\/2020\/08\/cropped-longchang-logo.png\",\"width\":512,\"height\":512,\"caption\":\"Longchang Chemical\"},\"image\":{\"@id\":\"https:\/\/longchangchemical.com\/#\/schema\/logo\/image\/\"}}]}<\/script>\n<!-- \/ Yoast SEO plugin. -->","yoast_head_json":{"title":"Alev geciktirici BDP \u00fcreticisi | Bisfenol-A bis (difenil fosfat) \u00dcreticisi CAS 5945-33-5 tedarik\u00e7isi - Longchang Chemical","description":"Lcflare\u00ae BDP Cas No 5945-33-5 Alev geciktirici olarak kullan\u0131labilir ve Longchang Chemical'\u0131n temel \u00fcr\u00fcn\u00fcd\u00fcr. Biz en iyi quanlity ve rekabet\u00e7i fiyat ile \u00c7in'in \u00f6nde gelen Alev geciktirici \u00fcreticisi ve tedarik\u00e7isi vard\u0131r.","robots":{"index":"index","follow":"follow","max-snippet":"max-snippet:-1","max-image-preview":"max-image-preview:large","max-video-preview":"max-video-preview:-1"},"canonical":"https:\/\/longchangchemical.com\/tr\/product\/lcflare-bdp\/","og_locale":"tr_TR","og_type":"article","og_title":"Flame retardant BDP manufacturer | Bisphenol-A bis(diphenyl phosphate) Manufacturer CAS 5945-33-5 supplier - Longchang Chemical","og_description":"Lcflare\u00ae BDP Cas No 5945-33-5 can be used as a Flame retardant and is the key product of Longchang Chemical. We are the leading Flame retardant manufacturer and supplier in China with the best quanlity and competitive price.","og_url":"https:\/\/longchangchemical.com\/tr\/product\/lcflare-bdp\/","og_site_name":"Longchang Chemical","article_modified_time":"2025-12-15T08:27:14+00:00","og_image":[{"width":800,"height":800,"url":"https:\/\/longchangchemical.com\/wp-content\/uploads\/2021\/10\/\u672a\u6807\u9898-1.jpg","type":"image\/jpeg"}],"twitter_card":"summary_large_image","schema":{"@context":"https:\/\/schema.org","@graph":[{"@type":"WebPage","@id":"https:\/\/longchangchemical.com\/product\/lcflare-bdp\/","url":"https:\/\/longchangchemical.com\/product\/lcflare-bdp\/","name":"Alev geciktirici BDP \u00fcreticisi | Bisfenol-A bis (difenil fosfat) \u00dcreticisi CAS 5945-33-5 tedarik\u00e7isi - Longchang Chemical","isPartOf":{"@id":"https:\/\/longchangchemical.com\/#website"},"primaryImageOfPage":{"@id":"https:\/\/longchangchemical.com\/product\/lcflare-bdp\/#primaryimage"},"image":{"@id":"https:\/\/longchangchemical.com\/product\/lcflare-bdp\/#primaryimage"},"thumbnailUrl":"https:\/\/longchangchemical.com\/wp-content\/uploads\/2021\/10\/\u672a\u6807\u9898-1.jpg","datePublished":"2022-07-30T07:12:53+00:00","dateModified":"2025-12-15T08:27:14+00:00","description":"Lcflare\u00ae BDP Cas No 5945-33-5 Alev geciktirici olarak kullan\u0131labilir ve Longchang Chemical'\u0131n temel \u00fcr\u00fcn\u00fcd\u00fcr. Biz en iyi quanlity ve rekabet\u00e7i fiyat ile \u00c7in'in \u00f6nde gelen Alev geciktirici \u00fcreticisi ve tedarik\u00e7isi vard\u0131r.","breadcrumb":{"@id":"https:\/\/longchangchemical.com\/product\/lcflare-bdp\/#breadcrumb"},"inLanguage":"tr","potentialAction":[{"@type":"ReadAction","target":["https:\/\/longchangchemical.com\/product\/lcflare-bdp\/"]}]},{"@type":"ImageObject","inLanguage":"tr","@id":"https:\/\/longchangchemical.com\/product\/lcflare-bdp\/#primaryimage","url":"https:\/\/longchangchemical.com\/wp-content\/uploads\/2021\/10\/\u672a\u6807\u9898-1.jpg","contentUrl":"https:\/\/longchangchemical.com\/wp-content\/uploads\/2021\/10\/\u672a\u6807\u9898-1.jpg","width":800,"height":800},{"@type":"BreadcrumbList","@id":"https:\/\/longchangchemical.com\/product\/lcflare-bdp\/#breadcrumb","itemListElement":[{"@type":"ListItem","position":1,"name":"Home","item":"https:\/\/longchangchemical.com\/"},{"@type":"ListItem","position":2,"name":"Products Longchang","item":"https:\/\/longchangchemical.com\/product\/"},{"@type":"ListItem","position":3,"name":"CHLUMIFLEX\u00ae BDP CAS 5945-33-5"}]},{"@type":"WebSite","@id":"https:\/\/longchangchemical.com\/#website","url":"https:\/\/longchangchemical.com\/","name":"Longchang Kimya","description":"\u00c7in kimyasal \u00fcreticisi \uff06 tedarik\u00e7isi","publisher":{"@id":"https:\/\/longchangchemical.com\/#organization"},"potentialAction":[{"@type":"SearchAction","target":{"@type":"EntryPoint","urlTemplate":"https:\/\/longchangchemical.com\/?s={search_term_string}"},"query-input":{"@type":"PropertyValueSpecification","valueRequired":true,"valueName":"search_term_string"}}],"inLanguage":"tr"},{"@type":"Organization","@id":"https:\/\/longchangchemical.com\/#organization","name":"Longchang Kimya","url":"https:\/\/longchangchemical.com\/","logo":{"@type":"ImageObject","inLanguage":"tr","@id":"https:\/\/longchangchemical.com\/#\/schema\/logo\/image\/","url":"https:\/\/longchangchemical.com\/wp-content\/uploads\/2020\/08\/cropped-longchang-logo.png","contentUrl":"https:\/\/longchangchemical.com\/wp-content\/uploads\/2020\/08\/cropped-longchang-logo.png","width":512,"height":512,"caption":"Longchang Chemical"},"image":{"@id":"https:\/\/longchangchemical.com\/#\/schema\/logo\/image\/"}}]}},"_links":{"self":[{"href":"https:\/\/longchangchemical.com\/tr\/wp-json\/wp\/v2\/product\/5426","targetHints":{"allow":["GET"]}}],"collection":[{"href":"https:\/\/longchangchemical.com\/tr\/wp-json\/wp\/v2\/product"}],"about":[{"href":"https:\/\/longchangchemical.com\/tr\/wp-json\/wp\/v2\/types\/product"}],"replies":[{"embeddable":true,"href":"https:\/\/longchangchemical.com\/tr\/wp-json\/wp\/v2\/comments?post=5426"}],"wp:featuredmedia":[{"embeddable":true,"href":"https:\/\/longchangchemical.com\/tr\/wp-json\/wp\/v2\/media\/4793"}],"wp:attachment":[{"href":"https:\/\/longchangchemical.com\/tr\/wp-json\/wp\/v2\/media?parent=5426"}],"wp:term":[{"taxonomy":"product_brand","embeddable":true,"href":"https:\/\/longchangchemical.com\/tr\/wp-json\/wp\/v2\/product_brand?post=5426"},{"taxonomy":"product_cat","embeddable":true,"href":"https:\/\/longchangchemical.com\/tr\/wp-json\/wp\/v2\/product_cat?post=5426"},{"taxonomy":"product_tag","embeddable":true,"href":"https:\/\/longchangchemical.com\/tr\/wp-json\/wp\/v2\/product_tag?post=5426"}],"curies":[{"name":"wp","href":"https:\/\/api.w.org\/{rel}","templated":true}]}}