{"id":5378,"date":"2022-07-14T13:17:02","date_gmt":"2022-07-14T13:17:02","guid":{"rendered":"https:\/\/longchangchemical.com\/?post_type=product&#038;p=5378"},"modified":"2025-12-22T07:01:37","modified_gmt":"2025-12-22T07:01:37","slug":"lcnacure-pca-zn-cas-15454-75-8","status":"publish","type":"product","link":"https:\/\/longchangchemical.com\/tr\/product\/lcnacure-pca-zn-cas-15454-75-8\/","title":{"rendered":"lcnacure\u00ae PCA-ZN CAS 15454-75-8"},"content":{"rendered":"<h1><strong>lcnacure\u00ae PCA-ZN CAS 15454-75-8<\/strong><\/h1>\n<p>&nbsp;<\/p>\n<p>PCA-ZN, piyasadaki ya\u011fl\u0131 ciltler i\u00e7in fizyoterapi losyonu ve sa\u00e7 kreminde yeni bir bile\u015fendir. Cilde ve sa\u00e7a yumu\u015fak ve ferahlat\u0131c\u0131 bir his verebilir. Ayr\u0131ca kolajen hidrolaz \u00fcretimini inhibe edebildi\u011fi i\u00e7in k\u0131r\u0131\u015f\u0131kl\u0131k \u00f6nleyici i\u015flevi de vard\u0131r.<\/p>\n<p>PCA-ZN a\u015f\u0131r\u0131 sebum salg\u0131s\u0131n\u0131 iyile\u015ftirebilir, sebum salg\u0131s\u0131n\u0131 d\u00fczenleyebilir, g\u00f6zenek t\u0131kanmas\u0131n\u0131 \u00f6nleyebilir, ya\u011f-su dengesini koruyabilir, cildi hafif\u00e7e tahri\u015f etmez ve hi\u00e7bir yan etkisi yoktur. mantar.<\/p>\n<p><strong><b>\u00d6zellikler:<\/b><\/strong><\/p>\n<table>\n<tbody>\n<tr>\n<td width=\"400\">G\u00f6r\u00fcn\u00fc\u015f<\/td>\n<td width=\"422\">Beyaz ila gri kristal toz<\/td>\n<\/tr>\n<tr>\n<td width=\"400\">10% sulu \u00e7\u00f6zeltisinin PH de\u011feri<\/td>\n<td width=\"422\">5.0-6.0<\/td>\n<\/tr>\n<tr>\n<td width=\"400\">\u00c7inko i\u00e7eri\u011fi<\/td>\n<td width=\"422\">17.4\ufe6a-19.2\ufe6a<\/td>\n<\/tr>\n<tr>\n<td width=\"400\">Kurutma kayb\u0131<\/td>\n<td width=\"422\">&lt;1,0%<\/td>\n<\/tr>\n<tr>\n<td width=\"400\">Lider i\u00e7erik<\/td>\n<td width=\"422\">\u226420ppm<\/td>\n<\/tr>\n<tr>\n<td width=\"400\">Arsenik i\u00e7eri\u011fi<\/td>\n<td width=\"422\">\u22642ppm<\/td>\n<\/tr>\n<tr>\n<td width=\"400\">Parlama noktas\u0131<\/td>\n<td width=\"422\">227.8\u00b0C<\/td>\n<\/tr>\n<tr>\n<td width=\"400\">Yo\u011funluk<\/td>\n<td width=\"422\">1.38g\/cm3<\/td>\n<\/tr>\n<\/tbody>\n<\/table>\n<p><strong><b>Kullan\u0131m<\/b><\/strong><strong><b>:<\/b><\/strong><\/p>\n<p>PCA-ZN a\u015f\u0131r\u0131 sebum salg\u0131s\u0131n\u0131 iyile\u015ftirebilir, sebum salg\u0131s\u0131n\u0131 d\u00fczenleyebilir, g\u00f6zenek t\u0131kanmas\u0131n\u0131 \u00f6nleyebilir, ya\u011f-su dengesini koruyabilir, cildi hafif\u00e7e tahri\u015f etmez ve hi\u00e7bir yan etkisi yoktur. mantar.<\/p>\n<p>Ya\u011fl\u0131 ciltler ve akneye e\u011filimli ciltler i\u00e7in ba\u015fl\u0131ca kullan\u0131lan kozmetikler, cilt bak\u0131m ve kepek \u00f6nleyici, akne kremleri, makyaj malzemeleri, \u015fampuanlar, v\u00fccut y\u0131kamalar\u0131, g\u00fcne\u015f kremleri, onar\u0131m \u00fcr\u00fcnleri vb.<\/p>\n<p><strong><b>Paket<\/b><\/strong><strong><b>:<\/b><\/strong><\/p>\n<p>\u00c7anta\/Davul<\/p>\n<p><strong><b>Depolama:<\/b><\/strong><\/p>\n<p>Kuru, temiz ve iyi havaland\u0131r\u0131lan bir depoda muhafaza edilecektir.<\/p>\n<p>I\u015f\u0131\u011fa ve \u0131s\u0131ya maruz b\u0131rakmaktan ka\u00e7\u0131n\u0131n.<\/p>\n<p>\u00dcr\u00fcn\u00fc nakliye s\u0131ras\u0131nda s\u0131z\u0131nt\u0131, ya\u011fmur ve g\u00fcne\u015ften korumak.<\/p>\n<p>&nbsp;<\/p>\n<h2><strong><b>\u015eimdi Bize Ula\u015f\u0131n!<\/b><\/strong><\/h2>\n<h4><strong><b>COA, MSDS veya TDS'ye ihtiyac\u0131n\u0131z varsa, l\u00fctfen a\u015fa\u011f\u0131daki forma ileti\u015fim bilgilerinizi girin, genellikle 24 saat i\u00e7inde sizinle ileti\u015fime ge\u00e7ece\u011fiz.<\/b><\/strong> Bana e-posta da g\u00f6nderebilirsiniz <a href=\"mailto:info@longchangchemical.com\"><span style=\"color: #0000ff;\">info@longchangchemical.com<\/span><\/a> \u00c7al\u0131\u015fma saatleri i\u00e7inde (8:30 - 6:00 UTC+8 Pzt.~Sat.) veya h\u0131zl\u0131 yan\u0131t almak i\u00e7in web sitesi canl\u0131 sohbetini kullan\u0131n.<\/h4>","protected":false},"excerpt":{"rendered":"<p><strong><b>E\u015fanlaml\u0131:<\/b><\/strong>\u00c7inko PCA; bis (5-okso-L-prolinato-N1,O2) \u00e7inko; Piroglutamik asit \u00e7inko tuzu; \u00c7inko pidolat; \u00c7inko piroglutamat; 5-oksoprolin; \u00c7inko 5-oksopirrolidin-2-karboksilat<\/p>\n<p><strong><b>CAS No<\/b><\/strong>: 15454-75-8<\/p>\n<p><strong><b>Molek\u00fcler Form\u00fcl<\/b><\/strong>: C10H12N2O6Zn<\/p>\n<p><strong><b>Molek\u00fcler Yap\u0131:<\/b><\/strong><\/p>\n<p><img decoding=\"async\" class=\"alignnone size-full wp-image-4826\" src=\"https:\/\/longchangchemical.com\/wp-content\/uploads\/2022\/07\/15454-75-8.gif\" alt=\"\" width=\"188\" height=\"93\" \/><\/p>\n<p>&nbsp;<\/p>","protected":false},"featured_media":5379,"comment_status":"open","ping_status":"closed","template":"","meta":[],"product_brand":[],"product_cat":[103],"product_tag":[],"class_list":{"0":"post-5378","1":"product","2":"type-product","3":"status-publish","4":"has-post-thumbnail","6":"product_cat-cosmetic-additives","8":"first","9":"instock","10":"shipping-taxable","11":"product-type-simple"},"yoast_head":"<!-- This site is optimized with the Yoast SEO plugin v25.3.1 - https:\/\/yoast.com\/wordpress\/plugins\/seo\/ -->\n<title>Bis(5-oxo-L-prolinato-N1,O2)zinc ( PCA-ZN \/ Zinc PCA ) manufacturer Cas 15454-75-8 supplier - Longchang Chemical<\/title>\n<meta name=\"description\" content=\"lcnacure PCA-ZN,synonym name :Zinc PCA;bis(5-oxo-L-prolinato-N1,O2)zinc;Pyroglutamic acid zinc salt;Zinc pidolate;Zinc pyroglutamate;5-oxoproline;Zinc 5-oxopyrrolidine-2-carboxylate.Mainly used cosmetics for oily skin and acne-prone skin, skin conditioning and anti-dandruff, acne creams, make-up, shampoos, body washes, sunscreens, repair products, etc.\" \/>\n<meta name=\"robots\" content=\"index, follow, max-snippet:-1, max-image-preview:large, max-video-preview:-1\" \/>\n<link rel=\"canonical\" href=\"https:\/\/longchangchemical.com\/tr\/product\/lcnacure-pca-zn-cas-15454-75-8\/\" \/>\n<meta property=\"og:locale\" content=\"tr_TR\" \/>\n<meta property=\"og:type\" content=\"article\" \/>\n<meta property=\"og:title\" content=\"Bis(5-oxo-L-prolinato-N1,O2)zinc ( PCA-ZN \/ Zinc PCA ) manufacturer Cas 15454-75-8 supplier - Longchang Chemical\" \/>\n<meta property=\"og:description\" content=\"lcnacure PCA-ZN,synonym name :Zinc PCA;bis(5-oxo-L-prolinato-N1,O2)zinc;Pyroglutamic acid zinc salt;Zinc pidolate;Zinc pyroglutamate;5-oxoproline;Zinc 5-oxopyrrolidine-2-carboxylate.Mainly used cosmetics for oily skin and acne-prone skin, skin conditioning and anti-dandruff, acne creams, make-up, shampoos, body washes, sunscreens, repair products, etc.\" \/>\n<meta property=\"og:url\" content=\"https:\/\/longchangchemical.com\/tr\/product\/lcnacure-pca-zn-cas-15454-75-8\/\" \/>\n<meta property=\"og:site_name\" content=\"Longchang Chemical\" \/>\n<meta property=\"article:modified_time\" content=\"2025-12-22T07:01:37+00:00\" \/>\n<meta property=\"og:image\" content=\"https:\/\/longchangchemical.com\/wp-content\/uploads\/2022\/07\/Zinc-PCA.jpg\" \/>\n\t<meta property=\"og:image:width\" content=\"800\" \/>\n\t<meta property=\"og:image:height\" content=\"800\" \/>\n\t<meta property=\"og:image:type\" content=\"image\/jpeg\" \/>\n<meta name=\"twitter:card\" content=\"summary_large_image\" \/>\n<script type=\"application\/ld+json\" class=\"yoast-schema-graph\">{\"@context\":\"https:\/\/schema.org\",\"@graph\":[{\"@type\":\"WebPage\",\"@id\":\"https:\/\/longchangchemical.com\/product\/lcnacure-pca-zn-cas-15454-75-8\/\",\"url\":\"https:\/\/longchangchemical.com\/product\/lcnacure-pca-zn-cas-15454-75-8\/\",\"name\":\"Bis(5-oxo-L-prolinato-N1,O2)zinc ( PCA-ZN \/ Zinc PCA ) manufacturer Cas 15454-75-8 supplier - Longchang Chemical\",\"isPartOf\":{\"@id\":\"https:\/\/longchangchemical.com\/#website\"},\"primaryImageOfPage\":{\"@id\":\"https:\/\/longchangchemical.com\/product\/lcnacure-pca-zn-cas-15454-75-8\/#primaryimage\"},\"image\":{\"@id\":\"https:\/\/longchangchemical.com\/product\/lcnacure-pca-zn-cas-15454-75-8\/#primaryimage\"},\"thumbnailUrl\":\"https:\/\/longchangchemical.com\/wp-content\/uploads\/2022\/07\/Zinc-PCA.jpg\",\"datePublished\":\"2022-07-14T13:17:02+00:00\",\"dateModified\":\"2025-12-22T07:01:37+00:00\",\"description\":\"lcnacure PCA-ZN,synonym name :Zinc PCA;bis(5-oxo-L-prolinato-N1,O2)zinc;Pyroglutamic acid zinc salt;Zinc pidolate;Zinc pyroglutamate;5-oxoproline;Zinc 5-oxopyrrolidine-2-carboxylate.Mainly used cosmetics for oily skin and acne-prone skin, skin conditioning and anti-dandruff, acne creams, make-up, shampoos, body washes, sunscreens, repair products, etc.\",\"breadcrumb\":{\"@id\":\"https:\/\/longchangchemical.com\/product\/lcnacure-pca-zn-cas-15454-75-8\/#breadcrumb\"},\"inLanguage\":\"tr\",\"potentialAction\":[{\"@type\":\"ReadAction\",\"target\":[\"https:\/\/longchangchemical.com\/product\/lcnacure-pca-zn-cas-15454-75-8\/\"]}]},{\"@type\":\"ImageObject\",\"inLanguage\":\"tr\",\"@id\":\"https:\/\/longchangchemical.com\/product\/lcnacure-pca-zn-cas-15454-75-8\/#primaryimage\",\"url\":\"https:\/\/longchangchemical.com\/wp-content\/uploads\/2022\/07\/Zinc-PCA.jpg\",\"contentUrl\":\"https:\/\/longchangchemical.com\/wp-content\/uploads\/2022\/07\/Zinc-PCA.jpg\",\"width\":800,\"height\":800,\"caption\":\"Zinc-PCA\"},{\"@type\":\"BreadcrumbList\",\"@id\":\"https:\/\/longchangchemical.com\/product\/lcnacure-pca-zn-cas-15454-75-8\/#breadcrumb\",\"itemListElement\":[{\"@type\":\"ListItem\",\"position\":1,\"name\":\"Home\",\"item\":\"https:\/\/longchangchemical.com\/\"},{\"@type\":\"ListItem\",\"position\":2,\"name\":\"Products Longchang\",\"item\":\"https:\/\/longchangchemical.com\/product\/\"},{\"@type\":\"ListItem\",\"position\":3,\"name\":\"lcnacure\u00ae PCA-ZN CAS 15454-75-8\"}]},{\"@type\":\"WebSite\",\"@id\":\"https:\/\/longchangchemical.com\/#website\",\"url\":\"https:\/\/longchangchemical.com\/\",\"name\":\"Longchang Chemical\",\"description\":\"China chemical manufacturer \uff06 supplier\",\"publisher\":{\"@id\":\"https:\/\/longchangchemical.com\/#organization\"},\"potentialAction\":[{\"@type\":\"SearchAction\",\"target\":{\"@type\":\"EntryPoint\",\"urlTemplate\":\"https:\/\/longchangchemical.com\/?s={search_term_string}\"},\"query-input\":{\"@type\":\"PropertyValueSpecification\",\"valueRequired\":true,\"valueName\":\"search_term_string\"}}],\"inLanguage\":\"tr\"},{\"@type\":\"Organization\",\"@id\":\"https:\/\/longchangchemical.com\/#organization\",\"name\":\"Longchang Chemical\",\"url\":\"https:\/\/longchangchemical.com\/\",\"logo\":{\"@type\":\"ImageObject\",\"inLanguage\":\"tr\",\"@id\":\"https:\/\/longchangchemical.com\/#\/schema\/logo\/image\/\",\"url\":\"https:\/\/longchangchemical.com\/wp-content\/uploads\/2020\/08\/cropped-longchang-logo.png\",\"contentUrl\":\"https:\/\/longchangchemical.com\/wp-content\/uploads\/2020\/08\/cropped-longchang-logo.png\",\"width\":512,\"height\":512,\"caption\":\"Longchang Chemical\"},\"image\":{\"@id\":\"https:\/\/longchangchemical.com\/#\/schema\/logo\/image\/\"}}]}<\/script>\n<!-- \/ Yoast SEO plugin. -->","yoast_head_json":{"title":"Bis (5-okso-L-prolinato-N1,O2) \u00e7inko (PCA-ZN \/ \u00c7inko PCA) \u00fcreticisi Cas 15454-75-8 tedarik\u00e7isi - Longchang Chemical","description":"lcnacure PCA-ZN, e\u015fanlaml\u0131 ad\u0131: \u00c7inko PCA; bis (5-okso-L-prolinato-N1,O2) \u00e7inko; Pyroglutamik asit \u00e7inko tuzu; \u00c7inko pidolat; \u00c7inko piroglutamat; 5-oksoprolin; \u00c7inko 5-oksopirrolidin-2-karboksilat Esas olarak ya\u011fl\u0131 ciltler ve akneye e\u011filimli ciltler, cilt bak\u0131m ve kepek \u00f6nleyici, akne kremleri, makyaj, \u015fampuanlar, v\u00fccut y\u0131kamalar\u0131, g\u00fcne\u015f kremleri, onar\u0131m \u00fcr\u00fcnleri vb. i\u00e7in kullan\u0131lan kozmetikler.","robots":{"index":"index","follow":"follow","max-snippet":"max-snippet:-1","max-image-preview":"max-image-preview:large","max-video-preview":"max-video-preview:-1"},"canonical":"https:\/\/longchangchemical.com\/tr\/product\/lcnacure-pca-zn-cas-15454-75-8\/","og_locale":"tr_TR","og_type":"article","og_title":"Bis(5-oxo-L-prolinato-N1,O2)zinc ( PCA-ZN \/ Zinc PCA ) manufacturer Cas 15454-75-8 supplier - Longchang Chemical","og_description":"lcnacure PCA-ZN,synonym name :Zinc PCA;bis(5-oxo-L-prolinato-N1,O2)zinc;Pyroglutamic acid zinc salt;Zinc pidolate;Zinc pyroglutamate;5-oxoproline;Zinc 5-oxopyrrolidine-2-carboxylate.Mainly used cosmetics for oily skin and acne-prone skin, skin conditioning and anti-dandruff, acne creams, make-up, shampoos, body washes, sunscreens, repair products, etc.","og_url":"https:\/\/longchangchemical.com\/tr\/product\/lcnacure-pca-zn-cas-15454-75-8\/","og_site_name":"Longchang Chemical","article_modified_time":"2025-12-22T07:01:37+00:00","og_image":[{"width":800,"height":800,"url":"https:\/\/longchangchemical.com\/wp-content\/uploads\/2022\/07\/Zinc-PCA.jpg","type":"image\/jpeg"}],"twitter_card":"summary_large_image","schema":{"@context":"https:\/\/schema.org","@graph":[{"@type":"WebPage","@id":"https:\/\/longchangchemical.com\/product\/lcnacure-pca-zn-cas-15454-75-8\/","url":"https:\/\/longchangchemical.com\/product\/lcnacure-pca-zn-cas-15454-75-8\/","name":"Bis (5-okso-L-prolinato-N1,O2) \u00e7inko (PCA-ZN \/ \u00c7inko PCA) \u00fcreticisi Cas 15454-75-8 tedarik\u00e7isi - Longchang Chemical","isPartOf":{"@id":"https:\/\/longchangchemical.com\/#website"},"primaryImageOfPage":{"@id":"https:\/\/longchangchemical.com\/product\/lcnacure-pca-zn-cas-15454-75-8\/#primaryimage"},"image":{"@id":"https:\/\/longchangchemical.com\/product\/lcnacure-pca-zn-cas-15454-75-8\/#primaryimage"},"thumbnailUrl":"https:\/\/longchangchemical.com\/wp-content\/uploads\/2022\/07\/Zinc-PCA.jpg","datePublished":"2022-07-14T13:17:02+00:00","dateModified":"2025-12-22T07:01:37+00:00","description":"lcnacure PCA-ZN, e\u015fanlaml\u0131 ad\u0131: \u00c7inko PCA; bis (5-okso-L-prolinato-N1,O2) \u00e7inko; Pyroglutamik asit \u00e7inko tuzu; \u00c7inko pidolat; \u00c7inko piroglutamat; 5-oksoprolin; \u00c7inko 5-oksopirrolidin-2-karboksilat Esas olarak ya\u011fl\u0131 ciltler ve akneye e\u011filimli ciltler, cilt bak\u0131m ve kepek \u00f6nleyici, akne kremleri, makyaj, \u015fampuanlar, v\u00fccut y\u0131kamalar\u0131, g\u00fcne\u015f kremleri, onar\u0131m \u00fcr\u00fcnleri vb. i\u00e7in kullan\u0131lan kozmetikler.","breadcrumb":{"@id":"https:\/\/longchangchemical.com\/product\/lcnacure-pca-zn-cas-15454-75-8\/#breadcrumb"},"inLanguage":"tr","potentialAction":[{"@type":"ReadAction","target":["https:\/\/longchangchemical.com\/product\/lcnacure-pca-zn-cas-15454-75-8\/"]}]},{"@type":"ImageObject","inLanguage":"tr","@id":"https:\/\/longchangchemical.com\/product\/lcnacure-pca-zn-cas-15454-75-8\/#primaryimage","url":"https:\/\/longchangchemical.com\/wp-content\/uploads\/2022\/07\/Zinc-PCA.jpg","contentUrl":"https:\/\/longchangchemical.com\/wp-content\/uploads\/2022\/07\/Zinc-PCA.jpg","width":800,"height":800,"caption":"Zinc-PCA"},{"@type":"BreadcrumbList","@id":"https:\/\/longchangchemical.com\/product\/lcnacure-pca-zn-cas-15454-75-8\/#breadcrumb","itemListElement":[{"@type":"ListItem","position":1,"name":"Home","item":"https:\/\/longchangchemical.com\/"},{"@type":"ListItem","position":2,"name":"Products Longchang","item":"https:\/\/longchangchemical.com\/product\/"},{"@type":"ListItem","position":3,"name":"lcnacure\u00ae PCA-ZN CAS 15454-75-8"}]},{"@type":"WebSite","@id":"https:\/\/longchangchemical.com\/#website","url":"https:\/\/longchangchemical.com\/","name":"Longchang Kimya","description":"\u00c7in kimyasal \u00fcreticisi \uff06 tedarik\u00e7isi","publisher":{"@id":"https:\/\/longchangchemical.com\/#organization"},"potentialAction":[{"@type":"SearchAction","target":{"@type":"EntryPoint","urlTemplate":"https:\/\/longchangchemical.com\/?s={search_term_string}"},"query-input":{"@type":"PropertyValueSpecification","valueRequired":true,"valueName":"search_term_string"}}],"inLanguage":"tr"},{"@type":"Organization","@id":"https:\/\/longchangchemical.com\/#organization","name":"Longchang Kimya","url":"https:\/\/longchangchemical.com\/","logo":{"@type":"ImageObject","inLanguage":"tr","@id":"https:\/\/longchangchemical.com\/#\/schema\/logo\/image\/","url":"https:\/\/longchangchemical.com\/wp-content\/uploads\/2020\/08\/cropped-longchang-logo.png","contentUrl":"https:\/\/longchangchemical.com\/wp-content\/uploads\/2020\/08\/cropped-longchang-logo.png","width":512,"height":512,"caption":"Longchang Chemical"},"image":{"@id":"https:\/\/longchangchemical.com\/#\/schema\/logo\/image\/"}}]}},"_links":{"self":[{"href":"https:\/\/longchangchemical.com\/tr\/wp-json\/wp\/v2\/product\/5378","targetHints":{"allow":["GET"]}}],"collection":[{"href":"https:\/\/longchangchemical.com\/tr\/wp-json\/wp\/v2\/product"}],"about":[{"href":"https:\/\/longchangchemical.com\/tr\/wp-json\/wp\/v2\/types\/product"}],"replies":[{"embeddable":true,"href":"https:\/\/longchangchemical.com\/tr\/wp-json\/wp\/v2\/comments?post=5378"}],"wp:featuredmedia":[{"embeddable":true,"href":"https:\/\/longchangchemical.com\/tr\/wp-json\/wp\/v2\/media\/5379"}],"wp:attachment":[{"href":"https:\/\/longchangchemical.com\/tr\/wp-json\/wp\/v2\/media?parent=5378"}],"wp:term":[{"taxonomy":"product_brand","embeddable":true,"href":"https:\/\/longchangchemical.com\/tr\/wp-json\/wp\/v2\/product_brand?post=5378"},{"taxonomy":"product_cat","embeddable":true,"href":"https:\/\/longchangchemical.com\/tr\/wp-json\/wp\/v2\/product_cat?post=5378"},{"taxonomy":"product_tag","embeddable":true,"href":"https:\/\/longchangchemical.com\/tr\/wp-json\/wp\/v2\/product_tag?post=5378"}],"curies":[{"name":"wp","href":"https:\/\/api.w.org\/{rel}","templated":true}]}}