{"id":5340,"date":"2022-06-30T13:40:12","date_gmt":"2022-06-30T13:40:12","guid":{"rendered":"https:\/\/longchangchemical.com\/?post_type=product&#038;p=5340"},"modified":"2025-04-01T07:14:56","modified_gmt":"2025-04-01T07:14:56","slug":"uvu61201","status":"publish","type":"product","link":"https:\/\/longchangchemical.com\/tr\/product\/uvu61201\/","title":{"rendered":"CHLUMICRYL\u00ae UVU61201 \/ Alifatik poli\u00fcretan dodesil akrilat"},"content":{"rendered":"<h1><strong> UVU61201<\/strong><\/h1>\n<p><strong>Malzeme<\/strong>:Alifatik poli\u00fcretan lauril akrilat<\/p>\n<div>\n<p><strong>T<\/strong><strong>ype:<\/strong><strong>\u00a0<\/strong>Sert alifatik amino ester<\/p>\n<p><strong>Tedarik formu:<\/strong><\/p>\n<p>100% Re\u00e7ine<\/p>\n<p><strong>Uygulama \u00f6nerileri<\/strong><strong>\u00a0ve m\u00fclk<\/strong><strong>:<\/strong><\/p>\n<ul>\n<li><i><\/i><em><i>I\u015f\u0131kla sertle\u015fen kaplamalar ve m\u00fcrekkepler<\/i><\/em><\/li>\n<li><i><\/i><em><i>UVU61201 son derece y\u00fcksek sertli\u011fe, a\u015f\u0131nma direncine ve m\u00fckemmel sararma direncine sahiptir<\/i><\/em><\/li>\n<li><i><\/i><em><i>\u00d6nerilen kullan\u0131mlar a\u015fa\u011f\u0131daki gibidir:<\/i><\/em><\/li>\n<\/ul>\n<p><em><i>\u00a0\u00a0\u00a0\u00a0Geli\u015fmi\u015f plastik kaplamalar - PC, ABS, PMMA, PVC dahil olmak \u00fczere kaplamalar\u0131n ana re\u00e7inesi<\/i><\/em><\/p>\n<p><em><i>Sert kaplamal\u0131, metal vernikli ve ofset m\u00fcrekkepli plastik film<\/i><\/em><\/p>\n<p><strong>\u00d6zellikler:<\/strong><\/p>\n<table>\n<tbody>\n<tr>\n<td width=\"245\">G\u00f6r\u00fcn\u00fcm renksiz<\/td>\n<td width=\"316\">\u00a0\u015feffaf viskoz s\u0131v\u0131<\/td>\n<\/tr>\n<tr>\n<td width=\"245\">Viskozite (60\u00b0)<\/td>\n<td width=\"316\">\u00a060000~100000cps<\/td>\n<\/tr>\n<tr>\n<td width=\"245\">\u0130\u015flevsellik<\/td>\n<td width=\"316\">\u00a0\u00a012<\/td>\n<\/tr>\n<tr>\n<td width=\"245\">Renk (fe\/co)<\/td>\n<td width=\"316\">\u00a00<\/td>\n<\/tr>\n<tr>\n<td width=\"245\">NCO% i\u00e7inde<\/td>\n<td width=\"316\">\u00a0\u00a00.1<\/td>\n<\/tr>\n<\/tbody>\n<\/table>\n<p><strong>C<\/strong><strong>Uyumluluk:<\/strong><\/p>\n<p><strong>\u00a0\u00a0\u00a0\u00a0\u00a0<\/strong>UVU61201, \u00e7o\u011fu reaktif seyreltici, epoksi akrilatlar, polyester akrilatlar, poli\u00fcretan akrilatlar ile tamamen kar\u0131\u015fabilir.<\/p>\n<p><strong>Paketleme<\/strong>: 50kg veya 200kg\/davul.<\/p>\n<p><strong><b>Depolama:<\/b><\/strong><\/p>\n<p>Kuru, temiz ve iyi havaland\u0131r\u0131lan bir depoda muhafaza edilecektir.<\/p>\n<p>I\u015f\u0131\u011fa ve \u0131s\u0131ya maruz b\u0131rakmaktan ka\u00e7\u0131n\u0131n.<\/p>\n<p>\u00dcr\u00fcn\u00fc nakliye s\u0131ras\u0131nda s\u0131z\u0131nt\u0131, ya\u011fmur ve g\u00fcne\u015ften korumak.<\/p>\n<h2><strong><b>\u015eimdi Bize Ula\u015f\u0131n!<\/b><\/strong><\/h2>\n<h4><strong><b>E\u011fer <\/b><\/strong><strong><b>Fiyat veya COA, MSDS veya TDS'ye ihtiyac\u0131n\u0131z varsa, l\u00fctfen <\/b><\/strong><strong><b>A\u015fa\u011f\u0131daki formu doldurun ve genellikle 24 saat i\u00e7inde sizinle ileti\u015fime ge\u00e7ece\u011fimizi belirtin. Bana e-posta da g\u00f6nderebilirsiniz <span style=\"color: #0000ff;\"><a style=\"color: #0000ff;\" href=\"mailto:info@longchangchemical.com\"><span style=\"color: #00ccff;\">info@longchangchemical.com<\/span><\/a><\/span> \u00c7al\u0131\u015fma saatleri i\u00e7inde (8:30 - 6:00 UTC+8 Pzt.~Sat.) veya h\u0131zl\u0131 yan\u0131t almak i\u00e7in web sitesi canl\u0131 sohbetini kullan\u0131n.<\/b><\/strong><\/h4>\n<\/div>","protected":false},"excerpt":{"rendered":"<p>UVU61201 Bile\u015fen: Alifatik poli\u00fcretan lauril akrilat Tip: Sert alifatik amino ester Tedarik formu: 100% Re\u00e7ine Uygulama \u00f6nerileri ve \u00f6zellikleri: I\u015f\u0131kla sertle\u015fen kaplamalar ve m\u00fcrekkepler UVU61201 son derece y\u00fcksek sertli\u011fe, a\u015f\u0131nma direncine ve m\u00fckemmel sararma direncine sahiptir \u00d6nerilen kullan\u0131m alanlar\u0131 a\u015fa\u011f\u0131daki gibidir:     Geli\u015fmi\u015f plastik kaplamalar - PC, ABS, PMMA, PVC dahil olmak \u00fczere kaplamalar\u0131n ana re\u00e7inesi Sert kaplamal\u0131 plastik film, metal vernik [...]<\/p>","protected":false},"featured_media":0,"comment_status":"closed","ping_status":"closed","template":"","meta":[],"product_brand":[],"product_cat":[137],"product_tag":[],"class_list":{"0":"post-5340","1":"product","2":"type-product","3":"status-publish","5":"product_cat-uv-oligomer","7":"first","8":"instock","9":"shipping-taxable","10":"product-type-simple"},"yoast_head":"<!-- This site is optimized with the Yoast SEO plugin v25.3.1 - https:\/\/yoast.com\/wordpress\/plugins\/seo\/ -->\n<title>China CHLUMICRYL\u00ae UVU61201 \/ Aliphatic polyurethane dodecyl acrylate Manufacturer - Longchang Chemical<\/title>\n<meta name=\"description\" content=\"CHLUMICRYL\u00ae UVU61201 \/ Aliphatic polyurethane dodecyl acrylate is a key product of Longchang Chemical. We provide the best price. We are the leading manufacturer in China with the best quality and competitive price.\" \/>\n<meta name=\"robots\" content=\"index, follow, max-snippet:-1, max-image-preview:large, max-video-preview:-1\" \/>\n<link rel=\"canonical\" href=\"https:\/\/longchangchemical.com\/tr\/product\/uvu61201\/\" \/>\n<meta property=\"og:locale\" content=\"tr_TR\" \/>\n<meta property=\"og:type\" content=\"article\" \/>\n<meta property=\"og:title\" content=\"China CHLUMICRYL\u00ae UVU61201 \/ Aliphatic polyurethane dodecyl acrylate Manufacturer - Longchang Chemical\" \/>\n<meta property=\"og:description\" content=\"CHLUMICRYL\u00ae UVU61201 \/ Aliphatic polyurethane dodecyl acrylate is a key product of Longchang Chemical. We provide the best price. We are the leading manufacturer in China with the best quality and competitive price.\" \/>\n<meta property=\"og:url\" content=\"https:\/\/longchangchemical.com\/tr\/product\/uvu61201\/\" \/>\n<meta property=\"og:site_name\" content=\"Longchang Chemical\" \/>\n<meta property=\"article:modified_time\" content=\"2025-04-01T07:14:56+00:00\" \/>\n<meta property=\"og:image\" content=\"https:\/\/longchangchemical.com\/wp-content\/uploads\/2024\/02\/logo-jpeg.jpg\" \/>\n\t<meta property=\"og:image:width\" content=\"1000\" \/>\n\t<meta property=\"og:image:height\" content=\"1000\" \/>\n\t<meta property=\"og:image:type\" content=\"image\/jpeg\" \/>\n<meta name=\"twitter:card\" content=\"summary_large_image\" \/>\n<script type=\"application\/ld+json\" class=\"yoast-schema-graph\">{\"@context\":\"https:\/\/schema.org\",\"@graph\":[{\"@type\":\"WebPage\",\"@id\":\"https:\/\/longchangchemical.com\/product\/uvu61201\/\",\"url\":\"https:\/\/longchangchemical.com\/product\/uvu61201\/\",\"name\":\"China CHLUMICRYL\u00ae UVU61201 \/ Aliphatic polyurethane dodecyl acrylate Manufacturer - Longchang Chemical\",\"isPartOf\":{\"@id\":\"https:\/\/longchangchemical.com\/#website\"},\"datePublished\":\"2022-06-30T13:40:12+00:00\",\"dateModified\":\"2025-04-01T07:14:56+00:00\",\"description\":\"CHLUMICRYL\u00ae UVU61201 \/ Aliphatic polyurethane dodecyl acrylate is a key product of Longchang Chemical. We provide the best price. We are the leading manufacturer in China with the best quality and competitive price.\",\"breadcrumb\":{\"@id\":\"https:\/\/longchangchemical.com\/product\/uvu61201\/#breadcrumb\"},\"inLanguage\":\"tr\",\"potentialAction\":[{\"@type\":\"ReadAction\",\"target\":[\"https:\/\/longchangchemical.com\/product\/uvu61201\/\"]}]},{\"@type\":\"BreadcrumbList\",\"@id\":\"https:\/\/longchangchemical.com\/product\/uvu61201\/#breadcrumb\",\"itemListElement\":[{\"@type\":\"ListItem\",\"position\":1,\"name\":\"Home\",\"item\":\"https:\/\/longchangchemical.com\/\"},{\"@type\":\"ListItem\",\"position\":2,\"name\":\"Products Longchang\",\"item\":\"https:\/\/longchangchemical.com\/product\/\"},{\"@type\":\"ListItem\",\"position\":3,\"name\":\"CHLUMICRYL\u00ae UVU61201 \/ Aliphatic polyurethane dodecyl acrylate\"}]},{\"@type\":\"WebSite\",\"@id\":\"https:\/\/longchangchemical.com\/#website\",\"url\":\"https:\/\/longchangchemical.com\/\",\"name\":\"Longchang Chemical\",\"description\":\"China chemical manufacturer \uff06 supplier\",\"publisher\":{\"@id\":\"https:\/\/longchangchemical.com\/#organization\"},\"potentialAction\":[{\"@type\":\"SearchAction\",\"target\":{\"@type\":\"EntryPoint\",\"urlTemplate\":\"https:\/\/longchangchemical.com\/?s={search_term_string}\"},\"query-input\":{\"@type\":\"PropertyValueSpecification\",\"valueRequired\":true,\"valueName\":\"search_term_string\"}}],\"inLanguage\":\"tr\"},{\"@type\":\"Organization\",\"@id\":\"https:\/\/longchangchemical.com\/#organization\",\"name\":\"Longchang Chemical\",\"url\":\"https:\/\/longchangchemical.com\/\",\"logo\":{\"@type\":\"ImageObject\",\"inLanguage\":\"tr\",\"@id\":\"https:\/\/longchangchemical.com\/#\/schema\/logo\/image\/\",\"url\":\"https:\/\/longchangchemical.com\/wp-content\/uploads\/2020\/08\/cropped-longchang-logo.png\",\"contentUrl\":\"https:\/\/longchangchemical.com\/wp-content\/uploads\/2020\/08\/cropped-longchang-logo.png\",\"width\":512,\"height\":512,\"caption\":\"Longchang Chemical\"},\"image\":{\"@id\":\"https:\/\/longchangchemical.com\/#\/schema\/logo\/image\/\"}}]}<\/script>\n<!-- \/ Yoast SEO plugin. -->","yoast_head_json":{"title":"\u00c7in CHLUMICRYL\u00ae UVU61201 \/ Alifatik poli\u00fcretan dodesil akrilat \u00dcreticisi - Longchang Chemical","description":"CHLUMICRYL\u00ae UVU61201 \/ Alifatik poli\u00fcretan dodesil akrilat, Longchang Chemical'\u0131n \u00f6nemli bir \u00fcr\u00fcn\u00fcd\u00fcr. En iyi fiyat\u0131 sa\u011fl\u0131yoruz. En iyi kalite ve rekabet\u00e7i fiyat ile \u00c7in'in \u00f6nde gelen \u00fcreticisiyiz.","robots":{"index":"index","follow":"follow","max-snippet":"max-snippet:-1","max-image-preview":"max-image-preview:large","max-video-preview":"max-video-preview:-1"},"canonical":"https:\/\/longchangchemical.com\/tr\/product\/uvu61201\/","og_locale":"tr_TR","og_type":"article","og_title":"China CHLUMICRYL\u00ae UVU61201 \/ Aliphatic polyurethane dodecyl acrylate Manufacturer - Longchang Chemical","og_description":"CHLUMICRYL\u00ae UVU61201 \/ Aliphatic polyurethane dodecyl acrylate is a key product of Longchang Chemical. We provide the best price. We are the leading manufacturer in China with the best quality and competitive price.","og_url":"https:\/\/longchangchemical.com\/tr\/product\/uvu61201\/","og_site_name":"Longchang Chemical","article_modified_time":"2025-04-01T07:14:56+00:00","og_image":[{"width":1000,"height":1000,"url":"https:\/\/longchangchemical.com\/wp-content\/uploads\/2024\/02\/logo-jpeg.jpg","type":"image\/jpeg"}],"twitter_card":"summary_large_image","schema":{"@context":"https:\/\/schema.org","@graph":[{"@type":"WebPage","@id":"https:\/\/longchangchemical.com\/product\/uvu61201\/","url":"https:\/\/longchangchemical.com\/product\/uvu61201\/","name":"\u00c7in CHLUMICRYL\u00ae UVU61201 \/ Alifatik poli\u00fcretan dodesil akrilat \u00dcreticisi - Longchang Chemical","isPartOf":{"@id":"https:\/\/longchangchemical.com\/#website"},"datePublished":"2022-06-30T13:40:12+00:00","dateModified":"2025-04-01T07:14:56+00:00","description":"CHLUMICRYL\u00ae UVU61201 \/ Alifatik poli\u00fcretan dodesil akrilat, Longchang Chemical'\u0131n \u00f6nemli bir \u00fcr\u00fcn\u00fcd\u00fcr. En iyi fiyat\u0131 sa\u011fl\u0131yoruz. En iyi kalite ve rekabet\u00e7i fiyat ile \u00c7in'in \u00f6nde gelen \u00fcreticisiyiz.","breadcrumb":{"@id":"https:\/\/longchangchemical.com\/product\/uvu61201\/#breadcrumb"},"inLanguage":"tr","potentialAction":[{"@type":"ReadAction","target":["https:\/\/longchangchemical.com\/product\/uvu61201\/"]}]},{"@type":"BreadcrumbList","@id":"https:\/\/longchangchemical.com\/product\/uvu61201\/#breadcrumb","itemListElement":[{"@type":"ListItem","position":1,"name":"Home","item":"https:\/\/longchangchemical.com\/"},{"@type":"ListItem","position":2,"name":"Products Longchang","item":"https:\/\/longchangchemical.com\/product\/"},{"@type":"ListItem","position":3,"name":"CHLUMICRYL\u00ae UVU61201 \/ Aliphatic polyurethane dodecyl acrylate"}]},{"@type":"WebSite","@id":"https:\/\/longchangchemical.com\/#website","url":"https:\/\/longchangchemical.com\/","name":"Longchang Kimya","description":"\u00c7in kimyasal \u00fcreticisi \uff06 tedarik\u00e7isi","publisher":{"@id":"https:\/\/longchangchemical.com\/#organization"},"potentialAction":[{"@type":"SearchAction","target":{"@type":"EntryPoint","urlTemplate":"https:\/\/longchangchemical.com\/?s={search_term_string}"},"query-input":{"@type":"PropertyValueSpecification","valueRequired":true,"valueName":"search_term_string"}}],"inLanguage":"tr"},{"@type":"Organization","@id":"https:\/\/longchangchemical.com\/#organization","name":"Longchang Kimya","url":"https:\/\/longchangchemical.com\/","logo":{"@type":"ImageObject","inLanguage":"tr","@id":"https:\/\/longchangchemical.com\/#\/schema\/logo\/image\/","url":"https:\/\/longchangchemical.com\/wp-content\/uploads\/2020\/08\/cropped-longchang-logo.png","contentUrl":"https:\/\/longchangchemical.com\/wp-content\/uploads\/2020\/08\/cropped-longchang-logo.png","width":512,"height":512,"caption":"Longchang Chemical"},"image":{"@id":"https:\/\/longchangchemical.com\/#\/schema\/logo\/image\/"}}]}},"_links":{"self":[{"href":"https:\/\/longchangchemical.com\/tr\/wp-json\/wp\/v2\/product\/5340","targetHints":{"allow":["GET"]}}],"collection":[{"href":"https:\/\/longchangchemical.com\/tr\/wp-json\/wp\/v2\/product"}],"about":[{"href":"https:\/\/longchangchemical.com\/tr\/wp-json\/wp\/v2\/types\/product"}],"replies":[{"embeddable":true,"href":"https:\/\/longchangchemical.com\/tr\/wp-json\/wp\/v2\/comments?post=5340"}],"wp:attachment":[{"href":"https:\/\/longchangchemical.com\/tr\/wp-json\/wp\/v2\/media?parent=5340"}],"wp:term":[{"taxonomy":"product_brand","embeddable":true,"href":"https:\/\/longchangchemical.com\/tr\/wp-json\/wp\/v2\/product_brand?post=5340"},{"taxonomy":"product_cat","embeddable":true,"href":"https:\/\/longchangchemical.com\/tr\/wp-json\/wp\/v2\/product_cat?post=5340"},{"taxonomy":"product_tag","embeddable":true,"href":"https:\/\/longchangchemical.com\/tr\/wp-json\/wp\/v2\/product_tag?post=5340"}],"curies":[{"name":"wp","href":"https:\/\/api.w.org\/{rel}","templated":true}]}}