{"id":5294,"date":"2022-06-11T13:34:04","date_gmt":"2022-06-11T13:34:04","guid":{"rendered":"https:\/\/longchangchemical.com\/?post_type=product&#038;p=5294"},"modified":"2025-08-22T09:14:44","modified_gmt":"2025-08-22T09:14:44","slug":"uvj7007","status":"publish","type":"product","link":"https:\/\/longchangchemical.com\/tr\/product\/uvj7007\/","title":{"rendered":"CHLUMICRYL\u00ae UVJ7007 \/ Fototerapi oje re\u00e7inesi \/ Top Coat Hammaddesi"},"content":{"rendered":"<h1 class=\"product_title entry-title\"><strong> UVJ7007 \/ Son Kat Hammaddesi<\/strong><\/h1>\n<p><strong> UVJ7007<\/strong>\u00a0Fototerapi ojesi i\u00e7in \u00f6zel olarak \u00fcretilmi\u015f bir re\u00e7inedir.<\/p>\n<p><strong>M\u00fclkiyet<\/strong><strong>:<\/strong><\/p>\n<ul>\n<li>Y\u00fcksek parlakl\u0131k ve m\u00fckemmel \u00e7izilme direnci<\/li>\n<li>Hava ko\u015fullar\u0131na dayan\u0131kl\u0131 ve sararmaz.<\/li>\n<li>S\u00fcper sert ve h\u0131zl\u0131 k\u00fcrlenme<\/li>\n<li>\u00d6nerilen kullan\u0131mlar a\u015fa\u011f\u0131daki gibidir:<\/li>\n<\/ul>\n<p><em><i>\u00a0I\u015f\u0131kla sertle\u015fen oje tutkal\u0131n\u0131n ana re\u00e7inesi, s\u0131zd\u0131rmazl\u0131k tutkal\u0131 (temiz olmayan s\u0131zd\u0131rmazl\u0131k tutkal\u0131, \u00fc\u00e7\u00fc bir arada tutkal) i\u00e7in kullan\u0131l\u0131r. \u00d6nerilen dozaj: 60-80%<\/i><\/em><em><i>.<\/i><\/em><\/p>\n<p><strong>Malzeme<\/strong>:Fototerapi oje re\u00e7inesi<\/p>\n<div>\n<p><strong>T<\/strong><strong>ype:<\/strong>\u00a0Poli\u00fcretan Modifiye Akrilat<\/p>\n<p><strong>Uygulama \u00f6nerileri<\/strong><strong>\u00a0ve m\u00fclk<\/strong><strong>:<\/strong><\/p>\n<ul>\n<li>Y\u00fcksek parlakl\u0131k ve m\u00fckemmel \u00e7izilme direnci<\/li>\n<li>Hava ko\u015fullar\u0131na dayan\u0131kl\u0131 ve sararmaz.<\/li>\n<li>S\u00fcper sert ve h\u0131zl\u0131 k\u00fcrlenme<\/li>\n<li>\u00d6nerilen kullan\u0131mlar a\u015fa\u011f\u0131daki gibidir:<\/li>\n<\/ul>\n<p><em><i>\u00a0I\u015f\u0131kla sertle\u015fen oje tutkal\u0131n\u0131n ana re\u00e7inesi, s\u0131zd\u0131rmazl\u0131k tutkal\u0131 (temiz olmayan s\u0131zd\u0131rmazl\u0131k tutkal\u0131, \u00fc\u00e7\u00fc bir arada tutkal) i\u00e7in kullan\u0131l\u0131r. \u00d6nerilen dozaj: 60-80%<\/i><\/em><em><i>.<\/i><\/em><\/p>\n<p><strong>Kendi markam\u0131z olan Top Coat'u geli\u015ftirdik: <a href=\"https:\/\/chromeclair.com\/product\/top-coat-hema-free-and-tpo-free-10ml\/\"><span style=\"color: #00ccff;\">CHROM\u00c9CLAIR Son Kat<\/span><\/a><\/strong><\/p>\n<p><strong>\u00d6zellikler:<\/strong><\/p>\n<table>\n<tbody>\n<tr>\n<td width=\"370\">G\u00f6r\u00fcn\u00fcm renksiz<\/td>\n<td width=\"293\">\u015eeffaf viskoz s\u0131v\u0131<\/td>\n<\/tr>\n<tr>\n<td width=\"370\">Viskozite (40 \u2103)<\/td>\n<td width=\"293\">60000-120000 mPa*s<\/td>\n<\/tr>\n<tr>\n<td width=\"370\">Renk (fe\/co)<\/td>\n<td width=\"293\">\u00a00<\/td>\n<\/tr>\n<\/tbody>\n<\/table>\n<p><strong>Paketleme<\/strong>: 50kg veya 200kg\/davul.<\/p>\n<p><strong><b>Depolama:<\/b><\/strong><\/p>\n<p>Kuru, temiz ve iyi havaland\u0131r\u0131lan bir depoda muhafaza edilecektir.<\/p>\n<p>I\u015f\u0131\u011fa ve \u0131s\u0131ya maruz b\u0131rakmaktan ka\u00e7\u0131n\u0131n.<\/p>\n<p>\u00dcr\u00fcn\u00fc nakliye s\u0131ras\u0131nda s\u0131z\u0131nt\u0131, ya\u011fmur ve g\u00fcne\u015ften korumak.<\/p>\n<h2><strong><b>\u015eimdi Bize Ula\u015f\u0131n!<\/b><\/strong><\/h2>\n<h4><strong><b>E\u011fer <\/b><\/strong><strong><b>Fiyat veya COA, MSDS veya TDS'ye ihtiyac\u0131n\u0131z varsa, l\u00fctfen <\/b><\/strong><strong><b>A\u015fa\u011f\u0131daki formu doldurun ve genellikle 24 saat i\u00e7inde sizinle ileti\u015fime ge\u00e7ece\u011fimizi belirtin. Bana e-posta da g\u00f6nderebilirsiniz <span style=\"color: #0000ff;\"><a style=\"color: #0000ff;\" href=\"mailto:info@longchangchemical.com\">info@longchangchemical.com<\/a><\/span> \u00c7al\u0131\u015fma saatleri i\u00e7inde (8:30 - 6:00 UTC+8 Pzt.~Sat.) veya h\u0131zl\u0131 yan\u0131t almak i\u00e7in web sitesi canl\u0131 sohbetini kullan\u0131n.<\/b><\/strong><\/h4>\n<\/div>","protected":false},"excerpt":{"rendered":"<p>\u00dcr\u00fcn a\u00e7\u0131klamas\u0131: Fototerapi oje re\u00e7inesi-Poli\u00fcretan Modifiye Akrilat<\/p>\n<p>Viskozite (40\u2103): 60000-120000 mPa*s<\/p>\n<p>Renk (fe\/co): 0<\/p>\n<p>Paket: 20kg veya 200kg\/davul<\/p>","protected":false},"featured_media":0,"comment_status":"closed","ping_status":"closed","template":"","meta":[],"product_brand":[],"product_cat":[137],"product_tag":[],"class_list":{"0":"post-5294","1":"product","2":"type-product","3":"status-publish","5":"product_cat-uv-oligomer","7":"first","8":"instock","9":"shipping-taxable","10":"product-type-simple"},"yoast_head":"<!-- This site is optimized with the Yoast SEO plugin v25.3.1 - https:\/\/yoast.com\/wordpress\/plugins\/seo\/ -->\n<title>China Phototherapy nail polish resin producer - Polyurethane Modified Acrylate manufacturer - Longchang Chemical<\/title>\n<meta name=\"description\" content=\"UVJ7007 is a resin specially for Phototherapy nail polish,The main resin of light-curing nail polish glue is used for sealing glue (no-clean sealing glue, three-in-one glue), Which is the key product of Longchang Chemical. We are the leading uv oligomer manufacturer and supplier in China with the best quanlity and competitive price.\" \/>\n<meta name=\"robots\" content=\"index, follow, max-snippet:-1, max-image-preview:large, max-video-preview:-1\" \/>\n<link rel=\"canonical\" href=\"https:\/\/longchangchemical.com\/tr\/product\/uvj7007\/\" \/>\n<meta property=\"og:locale\" content=\"tr_TR\" \/>\n<meta property=\"og:type\" content=\"article\" \/>\n<meta property=\"og:title\" content=\"China Phototherapy nail polish resin producer - Polyurethane Modified Acrylate manufacturer - Longchang Chemical\" \/>\n<meta property=\"og:description\" content=\"UVJ7007 is a resin specially for Phototherapy nail polish,The main resin of light-curing nail polish glue is used for sealing glue (no-clean sealing glue, three-in-one glue), Which is the key product of Longchang Chemical. We are the leading uv oligomer manufacturer and supplier in China with the best quanlity and competitive price.\" \/>\n<meta property=\"og:url\" content=\"https:\/\/longchangchemical.com\/tr\/product\/uvj7007\/\" \/>\n<meta property=\"og:site_name\" content=\"Longchang Chemical\" \/>\n<meta property=\"article:modified_time\" content=\"2025-08-22T09:14:44+00:00\" \/>\n<meta property=\"og:image\" content=\"https:\/\/longchangchemical.com\/wp-content\/uploads\/2024\/02\/logo-jpeg.jpg\" \/>\n\t<meta property=\"og:image:width\" content=\"1000\" \/>\n\t<meta property=\"og:image:height\" content=\"1000\" \/>\n\t<meta property=\"og:image:type\" content=\"image\/jpeg\" \/>\n<meta name=\"twitter:card\" content=\"summary_large_image\" \/>\n<script type=\"application\/ld+json\" class=\"yoast-schema-graph\">{\"@context\":\"https:\/\/schema.org\",\"@graph\":[{\"@type\":\"WebPage\",\"@id\":\"https:\/\/longchangchemical.com\/product\/uvj7007\/\",\"url\":\"https:\/\/longchangchemical.com\/product\/uvj7007\/\",\"name\":\"China Phototherapy nail polish resin producer - Polyurethane Modified Acrylate manufacturer - Longchang Chemical\",\"isPartOf\":{\"@id\":\"https:\/\/longchangchemical.com\/#website\"},\"datePublished\":\"2022-06-11T13:34:04+00:00\",\"dateModified\":\"2025-08-22T09:14:44+00:00\",\"description\":\"UVJ7007 is a resin specially for Phototherapy nail polish,The main resin of light-curing nail polish glue is used for sealing glue (no-clean sealing glue, three-in-one glue), Which is the key product of Longchang Chemical. We are the leading uv oligomer manufacturer and supplier in China with the best quanlity and competitive price.\",\"breadcrumb\":{\"@id\":\"https:\/\/longchangchemical.com\/product\/uvj7007\/#breadcrumb\"},\"inLanguage\":\"tr\",\"potentialAction\":[{\"@type\":\"ReadAction\",\"target\":[\"https:\/\/longchangchemical.com\/product\/uvj7007\/\"]}]},{\"@type\":\"BreadcrumbList\",\"@id\":\"https:\/\/longchangchemical.com\/product\/uvj7007\/#breadcrumb\",\"itemListElement\":[{\"@type\":\"ListItem\",\"position\":1,\"name\":\"Home\",\"item\":\"https:\/\/longchangchemical.com\/\"},{\"@type\":\"ListItem\",\"position\":2,\"name\":\"Products Longchang\",\"item\":\"https:\/\/longchangchemical.com\/product\/\"},{\"@type\":\"ListItem\",\"position\":3,\"name\":\"CHLUMICRYL\u00ae UVJ7007 \/ Phototherapy nail polish resin \/ Top Coat Raw Material\"}]},{\"@type\":\"WebSite\",\"@id\":\"https:\/\/longchangchemical.com\/#website\",\"url\":\"https:\/\/longchangchemical.com\/\",\"name\":\"Longchang Chemical\",\"description\":\"China chemical manufacturer \uff06 supplier\",\"publisher\":{\"@id\":\"https:\/\/longchangchemical.com\/#organization\"},\"potentialAction\":[{\"@type\":\"SearchAction\",\"target\":{\"@type\":\"EntryPoint\",\"urlTemplate\":\"https:\/\/longchangchemical.com\/?s={search_term_string}\"},\"query-input\":{\"@type\":\"PropertyValueSpecification\",\"valueRequired\":true,\"valueName\":\"search_term_string\"}}],\"inLanguage\":\"tr\"},{\"@type\":\"Organization\",\"@id\":\"https:\/\/longchangchemical.com\/#organization\",\"name\":\"Longchang Chemical\",\"url\":\"https:\/\/longchangchemical.com\/\",\"logo\":{\"@type\":\"ImageObject\",\"inLanguage\":\"tr\",\"@id\":\"https:\/\/longchangchemical.com\/#\/schema\/logo\/image\/\",\"url\":\"https:\/\/longchangchemical.com\/wp-content\/uploads\/2020\/08\/cropped-longchang-logo.png\",\"contentUrl\":\"https:\/\/longchangchemical.com\/wp-content\/uploads\/2020\/08\/cropped-longchang-logo.png\",\"width\":512,\"height\":512,\"caption\":\"Longchang Chemical\"},\"image\":{\"@id\":\"https:\/\/longchangchemical.com\/#\/schema\/logo\/image\/\"}}]}<\/script>\n<!-- \/ Yoast SEO plugin. -->","yoast_head_json":{"title":"\u00c7in Fototerapi oje re\u00e7inesi \u00fcreticisi - Poli\u00fcretan Modifiye Akrilat \u00fcreticisi - Longchang Chemical","description":"UVJ7007, \u00f6zellikle Fototerapi oje i\u00e7in bir re\u00e7inedir, I\u015f\u0131kla sertle\u015fen oje tutkal\u0131n\u0131n ana re\u00e7inesi, Longchang Chemical'\u0131n anahtar \u00fcr\u00fcn\u00fc olan s\u0131zd\u0131rmazl\u0131k tutkal\u0131 (temiz olmayan s\u0131zd\u0131rmazl\u0131k tutkal\u0131, \u00fc\u00e7\u00fc bir arada tutkal) i\u00e7in kullan\u0131l\u0131r. Biz en iyi quanlity ve rekabet\u00e7i fiyat ile \u00c7in'in \u00f6nde gelen uv oligomer \u00fcreticisi ve tedarik\u00e7isi vard\u0131r.","robots":{"index":"index","follow":"follow","max-snippet":"max-snippet:-1","max-image-preview":"max-image-preview:large","max-video-preview":"max-video-preview:-1"},"canonical":"https:\/\/longchangchemical.com\/tr\/product\/uvj7007\/","og_locale":"tr_TR","og_type":"article","og_title":"China Phototherapy nail polish resin producer - Polyurethane Modified Acrylate manufacturer - Longchang Chemical","og_description":"UVJ7007 is a resin specially for Phototherapy nail polish,The main resin of light-curing nail polish glue is used for sealing glue (no-clean sealing glue, three-in-one glue), Which is the key product of Longchang Chemical. We are the leading uv oligomer manufacturer and supplier in China with the best quanlity and competitive price.","og_url":"https:\/\/longchangchemical.com\/tr\/product\/uvj7007\/","og_site_name":"Longchang Chemical","article_modified_time":"2025-08-22T09:14:44+00:00","og_image":[{"width":1000,"height":1000,"url":"https:\/\/longchangchemical.com\/wp-content\/uploads\/2024\/02\/logo-jpeg.jpg","type":"image\/jpeg"}],"twitter_card":"summary_large_image","schema":{"@context":"https:\/\/schema.org","@graph":[{"@type":"WebPage","@id":"https:\/\/longchangchemical.com\/product\/uvj7007\/","url":"https:\/\/longchangchemical.com\/product\/uvj7007\/","name":"\u00c7in Fototerapi oje re\u00e7inesi \u00fcreticisi - Poli\u00fcretan Modifiye Akrilat \u00fcreticisi - Longchang Chemical","isPartOf":{"@id":"https:\/\/longchangchemical.com\/#website"},"datePublished":"2022-06-11T13:34:04+00:00","dateModified":"2025-08-22T09:14:44+00:00","description":"UVJ7007, \u00f6zellikle Fototerapi oje i\u00e7in bir re\u00e7inedir, I\u015f\u0131kla sertle\u015fen oje tutkal\u0131n\u0131n ana re\u00e7inesi, Longchang Chemical'\u0131n anahtar \u00fcr\u00fcn\u00fc olan s\u0131zd\u0131rmazl\u0131k tutkal\u0131 (temiz olmayan s\u0131zd\u0131rmazl\u0131k tutkal\u0131, \u00fc\u00e7\u00fc bir arada tutkal) i\u00e7in kullan\u0131l\u0131r. Biz en iyi quanlity ve rekabet\u00e7i fiyat ile \u00c7in'in \u00f6nde gelen uv oligomer \u00fcreticisi ve tedarik\u00e7isi vard\u0131r.","breadcrumb":{"@id":"https:\/\/longchangchemical.com\/product\/uvj7007\/#breadcrumb"},"inLanguage":"tr","potentialAction":[{"@type":"ReadAction","target":["https:\/\/longchangchemical.com\/product\/uvj7007\/"]}]},{"@type":"BreadcrumbList","@id":"https:\/\/longchangchemical.com\/product\/uvj7007\/#breadcrumb","itemListElement":[{"@type":"ListItem","position":1,"name":"Home","item":"https:\/\/longchangchemical.com\/"},{"@type":"ListItem","position":2,"name":"Products Longchang","item":"https:\/\/longchangchemical.com\/product\/"},{"@type":"ListItem","position":3,"name":"CHLUMICRYL\u00ae UVJ7007 \/ Phototherapy nail polish resin \/ Top Coat Raw Material"}]},{"@type":"WebSite","@id":"https:\/\/longchangchemical.com\/#website","url":"https:\/\/longchangchemical.com\/","name":"Longchang Kimya","description":"\u00c7in kimyasal \u00fcreticisi \uff06 tedarik\u00e7isi","publisher":{"@id":"https:\/\/longchangchemical.com\/#organization"},"potentialAction":[{"@type":"SearchAction","target":{"@type":"EntryPoint","urlTemplate":"https:\/\/longchangchemical.com\/?s={search_term_string}"},"query-input":{"@type":"PropertyValueSpecification","valueRequired":true,"valueName":"search_term_string"}}],"inLanguage":"tr"},{"@type":"Organization","@id":"https:\/\/longchangchemical.com\/#organization","name":"Longchang Kimya","url":"https:\/\/longchangchemical.com\/","logo":{"@type":"ImageObject","inLanguage":"tr","@id":"https:\/\/longchangchemical.com\/#\/schema\/logo\/image\/","url":"https:\/\/longchangchemical.com\/wp-content\/uploads\/2020\/08\/cropped-longchang-logo.png","contentUrl":"https:\/\/longchangchemical.com\/wp-content\/uploads\/2020\/08\/cropped-longchang-logo.png","width":512,"height":512,"caption":"Longchang Chemical"},"image":{"@id":"https:\/\/longchangchemical.com\/#\/schema\/logo\/image\/"}}]}},"_links":{"self":[{"href":"https:\/\/longchangchemical.com\/tr\/wp-json\/wp\/v2\/product\/5294","targetHints":{"allow":["GET"]}}],"collection":[{"href":"https:\/\/longchangchemical.com\/tr\/wp-json\/wp\/v2\/product"}],"about":[{"href":"https:\/\/longchangchemical.com\/tr\/wp-json\/wp\/v2\/types\/product"}],"replies":[{"embeddable":true,"href":"https:\/\/longchangchemical.com\/tr\/wp-json\/wp\/v2\/comments?post=5294"}],"wp:attachment":[{"href":"https:\/\/longchangchemical.com\/tr\/wp-json\/wp\/v2\/media?parent=5294"}],"wp:term":[{"taxonomy":"product_brand","embeddable":true,"href":"https:\/\/longchangchemical.com\/tr\/wp-json\/wp\/v2\/product_brand?post=5294"},{"taxonomy":"product_cat","embeddable":true,"href":"https:\/\/longchangchemical.com\/tr\/wp-json\/wp\/v2\/product_cat?post=5294"},{"taxonomy":"product_tag","embeddable":true,"href":"https:\/\/longchangchemical.com\/tr\/wp-json\/wp\/v2\/product_tag?post=5294"}],"curies":[{"name":"wp","href":"https:\/\/api.w.org\/{rel}","templated":true}]}}