{"id":5110,"date":"2022-03-08T06:01:53","date_gmt":"2022-03-08T06:01:53","guid":{"rendered":"https:\/\/longchangchemical.com\/?post_type=product&#038;p=5110"},"modified":"2025-12-22T07:09:05","modified_gmt":"2025-12-22T07:09:05","slug":"santicor-tta-s-tolytriazole-sodium-salt-64665-57-2","status":"publish","type":"product","link":"https:\/\/longchangchemical.com\/tr\/product\/santicor-tta-s-tolytriazole-sodium-salt-64665-57-2\/","title":{"rendered":"Santicor\u00ae TTA-S | Tolytriazole sodyum tuzu CAS 64665-57-2"},"content":{"rendered":"<h1><strong>Santicor\u00ae TTA-S | Tolytriazole sodyum tuzu CAS 64665-57-2<\/strong><\/h1>\n<p>&nbsp;<\/p>\n<table style=\"border-collapse: collapse; width: 237.78pt;\" border=\"0\" width=\"317\" cellspacing=\"0\" cellpadding=\"0\">\n<tbody>\n<tr style=\"height: 33.00pt;\">\n<td class=\"et2\" style=\"height: 33.00pt; width: 111.00pt;\" width=\"148\" height=\"44\">Proje<\/td>\n<td class=\"et2\" style=\"width: 126.75pt;\" width=\"169\">Standart<\/td>\n<\/tr>\n<tr style=\"height: 33.00pt;\">\n<td class=\"et2\" style=\"height: 33.00pt; width: 111.00pt;\" width=\"148\" height=\"44\">G\u00f6r\u00fcn\u00fc\u015f<\/td>\n<td class=\"et2\" style=\"width: 126.75pt;\" width=\"169\">Sar\u0131 ila k\u0131rm\u0131z\u0131ms\u0131 kahverengi berrak \u015feffaf s\u0131v\u0131<\/td>\n<\/tr>\n<tr style=\"height: 33.00pt;\">\n<td class=\"et2\" style=\"height: 33.00pt; width: 111.00pt;\" width=\"148\" height=\"44\">content%<\/td>\n<td class=\"et2\" style=\"width: 126.75pt;\" width=\"169\">49.5-51.0<\/td>\n<\/tr>\n<tr style=\"height: 33.00pt;\">\n<td class=\"et2\" style=\"height: 33.00pt; width: 111.00pt;\" width=\"148\" height=\"44\">Serbest taban %<\/td>\n<td class=\"et2\" style=\"width: 126.75pt;\" width=\"169\">0,5MAX<\/td>\n<\/tr>\n<tr style=\"height: 33.00pt;\">\n<td class=\"et2\" style=\"height: 33.00pt; width: 111.00pt;\" width=\"148\" height=\"44\">PH de\u011feri (10% sulu \u00e7\u00f6zeltisi, 20<span class=\"font2\">\u2103<\/span><span class=\"font0\">)<\/span><\/td>\n<td class=\"et2\" style=\"width: 126.75pt;\" width=\"169\">11.5-12.0<\/td>\n<\/tr>\n<tr style=\"height: 33.00pt;\">\n<td class=\"et2\" style=\"height: 33.00pt; width: 111.00pt;\" width=\"148\" height=\"44\">Yo\u011funluk (20\u00b0C) g\/cm3<\/td>\n<td class=\"et2\" style=\"width: 126.75pt;\" width=\"169\">1.186-1.210<\/td>\n<\/tr>\n<tr style=\"height: 45.00pt;\">\n<td class=\"et2\" style=\"height: 45.00pt; width: 111.00pt;\" width=\"148\" height=\"60\">Alkol \u00e7\u00f6z\u00fcn\u00fcrl\u00fc\u011f\u00fc<\/td>\n<td class=\"et2\" style=\"width: 126.75pt;\" width=\"169\">G\u00f6r\u00fcn\u00fcr mekanik kirlilikler olmadan berrak ve \u015feffaf<\/td>\n<\/tr>\n<\/tbody>\n<\/table>\n<h2><\/h2>\n<h2><strong>Tolytriazole sodyum tuzu Kullan\u0131m\u0131<\/strong><\/h2>\n<p>1. Bu \u00fcr\u00fcn bak\u0131r ve bak\u0131r ala\u015f\u0131mlar\u0131 i\u00e7in bir pas ve korozyon \u00f6nleyicidir. Paslanmaz \u00e7elik, d\u00f6kme demir, kadmiyum ve nikel ala\u015f\u0131mlar\u0131n\u0131n korunmas\u0131nda da kullan\u0131labilir.<\/p>\n<p>2. Bu \u00fcr\u00fcn ayn\u0131 zamanda ya\u011flama ya\u011f\u0131 katk\u0131s\u0131 olarak da kullan\u0131labilir; metal deaktivat\u00f6r\u00fc; a\u015f\u0131r\u0131 bas\u0131n\u00e7 ajan\u0131, bakteri ve oksidasyon inhibit\u00f6r\u00fc, i\u00e7ten yanmal\u0131 motor ya\u011f\u0131nda antioksidan olarak kullan\u0131l\u0131r.<\/p>\n<p>Bu \u00fcr\u00fcn Benzotriazole, methyl, sodium salt; Natrium-4(oder 5)-methyl-1H-benzo-triazolid; Sodium 4 methyl -1H benzotriazolide; Sodium 4(or 5)-methyl-1H-benzotriazolide; Sodium Tolyltriazole; Sodium Tolytriazole yerine kullan\u0131labilir.<\/p>\n<h2><strong>Tolytriazole sodyum tuzu ambalaj\u0131<\/strong><\/h2>\n<p>25, 230kg plastik bidon veya 1200kg IBC.<\/p>\n<p>&nbsp;<\/p>\n<h2><strong>Ayn\u0131 serinin \u00fcr\u00fcnleri<\/strong><\/h2>\n<table style=\"border-collapse: collapse; width: 362.27pt;\" border=\"0\" width=\"483\" cellspacing=\"0\" cellpadding=\"0\">\n<tbody>\n<tr style=\"height: 13.50pt;\">\n<td style=\"height: 13.50pt; width: 111.00pt;\" width=\"148\" height=\"18\"><a href=\"https:\/\/longchangchemical.com\/tr\/product\/tta-tolytriazole-cas-29385-43-1\/\"><span style=\"color: #00ccff;\">Santicor\u00ae TTA<\/span><\/a><\/td>\n<td style=\"width: 168.75pt;\" width=\"225\"><span style=\"color: #000000;\">Toliltriazol<\/span><\/td>\n<td style=\"width: 82.50pt;\" width=\"110\"><span style=\"color: #000000;\">29385-43-1<\/span><\/td>\n<\/tr>\n<tr style=\"height: 13.50pt;\">\n<td style=\"height: 13.50pt;\" height=\"18\">Santicor\u00ae TTA-S<\/td>\n<td>Tolitriazol sodyum tuzu<\/td>\n<td>64665-57-2<\/td>\n<\/tr>\n<tr style=\"height: 13.50pt;\">\n<td style=\"height: 13.50pt;\" height=\"18\">Santicor\u00ae TTA-2<\/td>\n<td>5-Metil-1H-benzotriazol<\/td>\n<td>136-85-6<\/td>\n<\/tr>\n<tr style=\"height: 13.50pt;\">\n<td style=\"height: 13.50pt;\" height=\"18\">Santicor\u00ae BTA<\/td>\n<td>1H-Benzotriazol<\/td>\n<td>95-14-7<\/td>\n<\/tr>\n<tr style=\"height: 13.50pt;\">\n<td style=\"height: 13.50pt;\" height=\"18\">Santicor\u00ae BTA-Na<\/td>\n<td>BENZOTRIAZOL, SODYUM TUZU<\/td>\n<td>15217-42-2<\/td>\n<\/tr>\n<\/tbody>\n<\/table>\n<p>&nbsp;<\/p>\n<h2><strong><b>\u015eimdi Bize Ula\u015f\u0131n!<\/b><\/strong><\/h2>\n<h4><strong><b>COA, MSDS veya TDS'ye ihtiyac\u0131n\u0131z varsa, l\u00fctfen a\u015fa\u011f\u0131daki forma ileti\u015fim bilgilerinizi girin, genellikle 24 saat i\u00e7inde sizinle ileti\u015fime ge\u00e7ece\u011fiz. Bana e-posta da g\u00f6nderebilirsiniz <span style=\"color: #0000ff;\"><a style=\"color: #0000ff;\" href=\"mailto:info@longchangchemical.com\">info@longchangchemical.com<\/a><\/span> mesai saatleri i\u00e7inde (8:30 - 6:00 UTC+8 Pzt.~Cum.) veya web sitesi canl\u0131 sohbetini kullanarak h\u0131zl\u0131 yan\u0131t alabilirsiniz.<\/b><\/strong><\/h4>","protected":false},"excerpt":{"rendered":"<p>\u00dcr\u00fcn Tolutriazol sodyum tuzu<\/p>\n<p>Di\u011fer Ad\u0131: Benzotriazol, metil, sodyum tuzu; Natrium-4(oder 5)-metil-1H-benzo-triazolid; Sodyum 4 metil -1H benzotriazolid; Sodyum 4(veya 5)-metil-1H-benzotriazolid; Sodyum Toliltriazol; Sodyum Tolytriazole.<\/p>\n<p>CAS: 64665-57-2<\/p>\n<p>Kimyasal form\u00fcl\u00fc: C7H6N3Na<\/p>\n<p>Molek\u00fcl a\u011f\u0131rl\u0131\u011f\u0131: 155,13<\/p>\n<p>G\u00f6r\u00fcn\u00fc\u015f: Sar\u0131 ila k\u0131rm\u0131z\u0131ms\u0131 kahverengi berrak \u015feffaf s\u0131v\u0131<\/p>","protected":false},"featured_media":5112,"comment_status":"open","ping_status":"closed","template":"","meta":[],"product_brand":[],"product_cat":[135],"product_tag":[],"class_list":{"0":"post-5110","1":"product","2":"type-product","3":"status-publish","4":"has-post-thumbnail","6":"product_cat-santicor-corrosion-inhibitor","8":"first","9":"instock","10":"shipping-taxable","11":"product-type-simple"},"yoast_head":"<!-- This site is optimized with the Yoast SEO plugin v25.3.1 - https:\/\/yoast.com\/wordpress\/plugins\/seo\/ -->\n<title>China Tolytriazole sodium salt manufacturer \uff06 CAS 64665-57-2 supplier - Longchang Chemical<\/title>\n<meta name=\"description\" content=\"Longchang Chemical is China Tolytriazole sodium salt manufacturer \uff06 CAS 64665-57-2 supplier. This product can replace Benzotriazole, methyl, sodium salt; Natrium-4(oder 5)-methyl-1H-benzo-triazolid; Sodium 4 methyl -1H benzotriazolide; Sodium 4(or 5)-methyl-1H-benzotriazolide; Sodium Tolyltriazole; Sodium Tolytriazole.\" \/>\n<meta name=\"robots\" content=\"index, follow, max-snippet:-1, max-image-preview:large, max-video-preview:-1\" \/>\n<link rel=\"canonical\" href=\"https:\/\/longchangchemical.com\/tr\/product\/santicor-tta-s-tolytriazole-sodium-salt-64665-57-2\/\" \/>\n<meta property=\"og:locale\" content=\"tr_TR\" \/>\n<meta property=\"og:type\" content=\"article\" \/>\n<meta property=\"og:title\" content=\"China Tolytriazole sodium salt manufacturer \uff06 CAS 64665-57-2 supplier - Longchang Chemical\" \/>\n<meta property=\"og:description\" content=\"Longchang Chemical is China Tolytriazole sodium salt manufacturer \uff06 CAS 64665-57-2 supplier. This product can replace Benzotriazole, methyl, sodium salt; Natrium-4(oder 5)-methyl-1H-benzo-triazolid; Sodium 4 methyl -1H benzotriazolide; Sodium 4(or 5)-methyl-1H-benzotriazolide; Sodium Tolyltriazole; Sodium Tolytriazole.\" \/>\n<meta property=\"og:url\" content=\"https:\/\/longchangchemical.com\/tr\/product\/santicor-tta-s-tolytriazole-sodium-salt-64665-57-2\/\" \/>\n<meta property=\"og:site_name\" content=\"Longchang Chemical\" \/>\n<meta property=\"article:modified_time\" content=\"2025-12-22T07:09:05+00:00\" \/>\n<meta property=\"og:image\" content=\"https:\/\/longchangchemical.com\/wp-content\/uploads\/2022\/03\/Santicor\u00ae-TTA-S-Tolytriazole-sodium-salt-CAS-64665-57-2.jpg\" \/>\n\t<meta property=\"og:image:width\" content=\"600\" \/>\n\t<meta property=\"og:image:height\" content=\"800\" \/>\n\t<meta property=\"og:image:type\" content=\"image\/jpeg\" \/>\n<meta name=\"twitter:card\" content=\"summary_large_image\" \/>\n<script type=\"application\/ld+json\" class=\"yoast-schema-graph\">{\"@context\":\"https:\/\/schema.org\",\"@graph\":[{\"@type\":\"WebPage\",\"@id\":\"https:\/\/longchangchemical.com\/product\/santicor-tta-s-tolytriazole-sodium-salt-64665-57-2\/\",\"url\":\"https:\/\/longchangchemical.com\/product\/santicor-tta-s-tolytriazole-sodium-salt-64665-57-2\/\",\"name\":\"China Tolytriazole sodium salt manufacturer \uff06 CAS 64665-57-2 supplier - Longchang Chemical\",\"isPartOf\":{\"@id\":\"https:\/\/longchangchemical.com\/#website\"},\"primaryImageOfPage\":{\"@id\":\"https:\/\/longchangchemical.com\/product\/santicor-tta-s-tolytriazole-sodium-salt-64665-57-2\/#primaryimage\"},\"image\":{\"@id\":\"https:\/\/longchangchemical.com\/product\/santicor-tta-s-tolytriazole-sodium-salt-64665-57-2\/#primaryimage\"},\"thumbnailUrl\":\"https:\/\/longchangchemical.com\/wp-content\/uploads\/2022\/03\/Santicor\u00ae-TTA-S-Tolytriazole-sodium-salt-CAS-64665-57-2.jpg\",\"datePublished\":\"2022-03-08T06:01:53+00:00\",\"dateModified\":\"2025-12-22T07:09:05+00:00\",\"description\":\"Longchang Chemical is China Tolytriazole sodium salt manufacturer \uff06 CAS 64665-57-2 supplier. This product can replace Benzotriazole, methyl, sodium salt; Natrium-4(oder 5)-methyl-1H-benzo-triazolid; Sodium 4 methyl -1H benzotriazolide; Sodium 4(or 5)-methyl-1H-benzotriazolide; Sodium Tolyltriazole; Sodium Tolytriazole.\",\"breadcrumb\":{\"@id\":\"https:\/\/longchangchemical.com\/product\/santicor-tta-s-tolytriazole-sodium-salt-64665-57-2\/#breadcrumb\"},\"inLanguage\":\"tr\",\"potentialAction\":[{\"@type\":\"ReadAction\",\"target\":[\"https:\/\/longchangchemical.com\/product\/santicor-tta-s-tolytriazole-sodium-salt-64665-57-2\/\"]}]},{\"@type\":\"ImageObject\",\"inLanguage\":\"tr\",\"@id\":\"https:\/\/longchangchemical.com\/product\/santicor-tta-s-tolytriazole-sodium-salt-64665-57-2\/#primaryimage\",\"url\":\"https:\/\/longchangchemical.com\/wp-content\/uploads\/2022\/03\/Santicor\u00ae-TTA-S-Tolytriazole-sodium-salt-CAS-64665-57-2.jpg\",\"contentUrl\":\"https:\/\/longchangchemical.com\/wp-content\/uploads\/2022\/03\/Santicor\u00ae-TTA-S-Tolytriazole-sodium-salt-CAS-64665-57-2.jpg\",\"width\":600,\"height\":800},{\"@type\":\"BreadcrumbList\",\"@id\":\"https:\/\/longchangchemical.com\/product\/santicor-tta-s-tolytriazole-sodium-salt-64665-57-2\/#breadcrumb\",\"itemListElement\":[{\"@type\":\"ListItem\",\"position\":1,\"name\":\"Home\",\"item\":\"https:\/\/longchangchemical.com\/\"},{\"@type\":\"ListItem\",\"position\":2,\"name\":\"Products Longchang\",\"item\":\"https:\/\/longchangchemical.com\/product\/\"},{\"@type\":\"ListItem\",\"position\":3,\"name\":\"Santicor\u00ae TTA-S | Tolytriazole sodium salt CAS 64665-57-2\"}]},{\"@type\":\"WebSite\",\"@id\":\"https:\/\/longchangchemical.com\/#website\",\"url\":\"https:\/\/longchangchemical.com\/\",\"name\":\"Longchang Chemical\",\"description\":\"China chemical manufacturer \uff06 supplier\",\"publisher\":{\"@id\":\"https:\/\/longchangchemical.com\/#organization\"},\"potentialAction\":[{\"@type\":\"SearchAction\",\"target\":{\"@type\":\"EntryPoint\",\"urlTemplate\":\"https:\/\/longchangchemical.com\/?s={search_term_string}\"},\"query-input\":{\"@type\":\"PropertyValueSpecification\",\"valueRequired\":true,\"valueName\":\"search_term_string\"}}],\"inLanguage\":\"tr\"},{\"@type\":\"Organization\",\"@id\":\"https:\/\/longchangchemical.com\/#organization\",\"name\":\"Longchang Chemical\",\"url\":\"https:\/\/longchangchemical.com\/\",\"logo\":{\"@type\":\"ImageObject\",\"inLanguage\":\"tr\",\"@id\":\"https:\/\/longchangchemical.com\/#\/schema\/logo\/image\/\",\"url\":\"https:\/\/longchangchemical.com\/wp-content\/uploads\/2020\/08\/cropped-longchang-logo.png\",\"contentUrl\":\"https:\/\/longchangchemical.com\/wp-content\/uploads\/2020\/08\/cropped-longchang-logo.png\",\"width\":512,\"height\":512,\"caption\":\"Longchang Chemical\"},\"image\":{\"@id\":\"https:\/\/longchangchemical.com\/#\/schema\/logo\/image\/\"}}]}<\/script>\n<!-- \/ Yoast SEO plugin. -->","yoast_head_json":{"title":"\u00c7in Tolytriazole sodyum tuzu \u00fcreticisi \uff06 CAS 64665-57-2 tedarik\u00e7isi - Longchang Chemical","description":"Longchang Chemical, \u00c7in Tolytriazole sodyum tuzu \u00fcreticisi \uff06 CAS 64665-57-2 tedarik\u00e7isidir. Bu \u00fcr\u00fcn Benzotriazol, metil, sodyum tuzunun yerini alabilir; Natrium-4 (oder 5) -metil-1H-benzo-triazolid; Sodyum 4 metil -1H benzotriazolid; Sodyum 4 (veya 5) -metil-1H-benzotriazolid; Sodyum Toliltriazol; Sodyum Tolytriazole.","robots":{"index":"index","follow":"follow","max-snippet":"max-snippet:-1","max-image-preview":"max-image-preview:large","max-video-preview":"max-video-preview:-1"},"canonical":"https:\/\/longchangchemical.com\/tr\/product\/santicor-tta-s-tolytriazole-sodium-salt-64665-57-2\/","og_locale":"tr_TR","og_type":"article","og_title":"China Tolytriazole sodium salt manufacturer \uff06 CAS 64665-57-2 supplier - Longchang Chemical","og_description":"Longchang Chemical is China Tolytriazole sodium salt manufacturer \uff06 CAS 64665-57-2 supplier. This product can replace Benzotriazole, methyl, sodium salt; Natrium-4(oder 5)-methyl-1H-benzo-triazolid; Sodium 4 methyl -1H benzotriazolide; Sodium 4(or 5)-methyl-1H-benzotriazolide; Sodium Tolyltriazole; Sodium Tolytriazole.","og_url":"https:\/\/longchangchemical.com\/tr\/product\/santicor-tta-s-tolytriazole-sodium-salt-64665-57-2\/","og_site_name":"Longchang Chemical","article_modified_time":"2025-12-22T07:09:05+00:00","og_image":[{"width":600,"height":800,"url":"https:\/\/longchangchemical.com\/wp-content\/uploads\/2022\/03\/Santicor\u00ae-TTA-S-Tolytriazole-sodium-salt-CAS-64665-57-2.jpg","type":"image\/jpeg"}],"twitter_card":"summary_large_image","schema":{"@context":"https:\/\/schema.org","@graph":[{"@type":"WebPage","@id":"https:\/\/longchangchemical.com\/product\/santicor-tta-s-tolytriazole-sodium-salt-64665-57-2\/","url":"https:\/\/longchangchemical.com\/product\/santicor-tta-s-tolytriazole-sodium-salt-64665-57-2\/","name":"\u00c7in Tolytriazole sodyum tuzu \u00fcreticisi \uff06 CAS 64665-57-2 tedarik\u00e7isi - Longchang Chemical","isPartOf":{"@id":"https:\/\/longchangchemical.com\/#website"},"primaryImageOfPage":{"@id":"https:\/\/longchangchemical.com\/product\/santicor-tta-s-tolytriazole-sodium-salt-64665-57-2\/#primaryimage"},"image":{"@id":"https:\/\/longchangchemical.com\/product\/santicor-tta-s-tolytriazole-sodium-salt-64665-57-2\/#primaryimage"},"thumbnailUrl":"https:\/\/longchangchemical.com\/wp-content\/uploads\/2022\/03\/Santicor\u00ae-TTA-S-Tolytriazole-sodium-salt-CAS-64665-57-2.jpg","datePublished":"2022-03-08T06:01:53+00:00","dateModified":"2025-12-22T07:09:05+00:00","description":"Longchang Chemical, \u00c7in Tolytriazole sodyum tuzu \u00fcreticisi \uff06 CAS 64665-57-2 tedarik\u00e7isidir. Bu \u00fcr\u00fcn Benzotriazol, metil, sodyum tuzunun yerini alabilir; Natrium-4 (oder 5) -metil-1H-benzo-triazolid; Sodyum 4 metil -1H benzotriazolid; Sodyum 4 (veya 5) -metil-1H-benzotriazolid; Sodyum Toliltriazol; Sodyum Tolytriazole.","breadcrumb":{"@id":"https:\/\/longchangchemical.com\/product\/santicor-tta-s-tolytriazole-sodium-salt-64665-57-2\/#breadcrumb"},"inLanguage":"tr","potentialAction":[{"@type":"ReadAction","target":["https:\/\/longchangchemical.com\/product\/santicor-tta-s-tolytriazole-sodium-salt-64665-57-2\/"]}]},{"@type":"ImageObject","inLanguage":"tr","@id":"https:\/\/longchangchemical.com\/product\/santicor-tta-s-tolytriazole-sodium-salt-64665-57-2\/#primaryimage","url":"https:\/\/longchangchemical.com\/wp-content\/uploads\/2022\/03\/Santicor\u00ae-TTA-S-Tolytriazole-sodium-salt-CAS-64665-57-2.jpg","contentUrl":"https:\/\/longchangchemical.com\/wp-content\/uploads\/2022\/03\/Santicor\u00ae-TTA-S-Tolytriazole-sodium-salt-CAS-64665-57-2.jpg","width":600,"height":800},{"@type":"BreadcrumbList","@id":"https:\/\/longchangchemical.com\/product\/santicor-tta-s-tolytriazole-sodium-salt-64665-57-2\/#breadcrumb","itemListElement":[{"@type":"ListItem","position":1,"name":"Home","item":"https:\/\/longchangchemical.com\/"},{"@type":"ListItem","position":2,"name":"Products Longchang","item":"https:\/\/longchangchemical.com\/product\/"},{"@type":"ListItem","position":3,"name":"Santicor\u00ae TTA-S | Tolytriazole sodium salt CAS 64665-57-2"}]},{"@type":"WebSite","@id":"https:\/\/longchangchemical.com\/#website","url":"https:\/\/longchangchemical.com\/","name":"Longchang Kimya","description":"\u00c7in kimyasal \u00fcreticisi \uff06 tedarik\u00e7isi","publisher":{"@id":"https:\/\/longchangchemical.com\/#organization"},"potentialAction":[{"@type":"SearchAction","target":{"@type":"EntryPoint","urlTemplate":"https:\/\/longchangchemical.com\/?s={search_term_string}"},"query-input":{"@type":"PropertyValueSpecification","valueRequired":true,"valueName":"search_term_string"}}],"inLanguage":"tr"},{"@type":"Organization","@id":"https:\/\/longchangchemical.com\/#organization","name":"Longchang Kimya","url":"https:\/\/longchangchemical.com\/","logo":{"@type":"ImageObject","inLanguage":"tr","@id":"https:\/\/longchangchemical.com\/#\/schema\/logo\/image\/","url":"https:\/\/longchangchemical.com\/wp-content\/uploads\/2020\/08\/cropped-longchang-logo.png","contentUrl":"https:\/\/longchangchemical.com\/wp-content\/uploads\/2020\/08\/cropped-longchang-logo.png","width":512,"height":512,"caption":"Longchang Chemical"},"image":{"@id":"https:\/\/longchangchemical.com\/#\/schema\/logo\/image\/"}}]}},"_links":{"self":[{"href":"https:\/\/longchangchemical.com\/tr\/wp-json\/wp\/v2\/product\/5110","targetHints":{"allow":["GET"]}}],"collection":[{"href":"https:\/\/longchangchemical.com\/tr\/wp-json\/wp\/v2\/product"}],"about":[{"href":"https:\/\/longchangchemical.com\/tr\/wp-json\/wp\/v2\/types\/product"}],"replies":[{"embeddable":true,"href":"https:\/\/longchangchemical.com\/tr\/wp-json\/wp\/v2\/comments?post=5110"}],"wp:featuredmedia":[{"embeddable":true,"href":"https:\/\/longchangchemical.com\/tr\/wp-json\/wp\/v2\/media\/5112"}],"wp:attachment":[{"href":"https:\/\/longchangchemical.com\/tr\/wp-json\/wp\/v2\/media?parent=5110"}],"wp:term":[{"taxonomy":"product_brand","embeddable":true,"href":"https:\/\/longchangchemical.com\/tr\/wp-json\/wp\/v2\/product_brand?post=5110"},{"taxonomy":"product_cat","embeddable":true,"href":"https:\/\/longchangchemical.com\/tr\/wp-json\/wp\/v2\/product_cat?post=5110"},{"taxonomy":"product_tag","embeddable":true,"href":"https:\/\/longchangchemical.com\/tr\/wp-json\/wp\/v2\/product_tag?post=5110"}],"curies":[{"name":"wp","href":"https:\/\/api.w.org\/{rel}","templated":true}]}}