{"id":5105,"date":"2022-03-07T08:36:54","date_gmt":"2022-03-07T08:36:54","guid":{"rendered":"https:\/\/longchangchemical.com\/?post_type=product&#038;p=5105"},"modified":"2025-12-22T07:12:35","modified_gmt":"2025-12-22T07:12:35","slug":"tta-tolytriazole-cas-29385-43-1","status":"publish","type":"product","link":"https:\/\/longchangchemical.com\/tr\/product\/tta-tolytriazole-cas-29385-43-1\/","title":{"rendered":"Santicor\u00aeTTA | Tolytriazole CAS 29385-43-1"},"content":{"rendered":"<h1>Santicor\u00aeTTA Tolytriazole CAS 29385-43-1<\/h1>\n<table style=\"border-collapse: collapse; width: 200.28pt;\" border=\"0\" width=\"267\" cellspacing=\"0\" cellpadding=\"0\">\n<tbody>\n<tr style=\"height: 39.00pt;\">\n<td class=\"et2\" style=\"height: 39.00pt; width: 89.25pt;\" width=\"119\" height=\"52\">proje<\/td>\n<td class=\"et3\" style=\"width: 111.00pt;\" width=\"148\">standart<\/td>\n<\/tr>\n<tr style=\"height: 39.00pt;\">\n<td class=\"et2\" style=\"height: 39.00pt;\" height=\"52\">G\u00f6r\u00fcn\u00fc\u015f<\/td>\n<td class=\"et3\" style=\"width: 111.00pt;\" width=\"148\">A\u00e7\u0131k sar\u0131 ila beyaz gran\u00fcller veya toz<\/td>\n<\/tr>\n<tr style=\"height: 39.00pt;\">\n<td class=\"et2\" style=\"height: 39.00pt;\" height=\"52\">safl\u0131k (%)<\/td>\n<td class=\"et3\" style=\"width: 111.00pt;\" width=\"148\">99.5 DAK\u0130KA<\/td>\n<\/tr>\n<tr style=\"height: 39.00pt;\">\n<td class=\"et2\" style=\"height: 39.00pt;\" height=\"52\">Erime noktas\u0131 (\u00b0C)<\/td>\n<td class=\"et3\" style=\"width: 111.00pt;\" width=\"148\">80-86<\/td>\n<\/tr>\n<tr style=\"height: 39.00pt;\">\n<td class=\"et2\" style=\"height: 39.00pt;\" height=\"52\">Nem (%)<\/td>\n<td class=\"et3\" style=\"width: 111.00pt;\" width=\"148\">0,2MAX<\/td>\n<\/tr>\n<tr style=\"height: 39.00pt;\">\n<td class=\"et2\" style=\"height: 39.00pt;\" height=\"52\">K\u00fcl (%)<\/td>\n<td class=\"et3\" style=\"width: 111.00pt;\" width=\"148\">0.05MAX<\/td>\n<\/tr>\n<tr style=\"height: 39.00pt;\">\n<td class=\"et2\" style=\"height: 39.00pt;\" height=\"52\">PH<\/td>\n<td class=\"et3\" style=\"width: 111.00pt;\" width=\"148\">5.5-6.5<\/td>\n<\/tr>\n<tr style=\"height: 39.00pt;\">\n<td class=\"et2\" style=\"height: 39.00pt;\" height=\"52\">Alkol \u00e7\u00f6z\u00fcn\u00fcrl\u00fc\u011f\u00fc<\/td>\n<td class=\"et3\" style=\"width: 111.00pt;\" width=\"148\">G\u00f6r\u00fcn\u00fcr mekanik kirlilikler olmadan berrak ve \u015feffaf<\/td>\n<\/tr>\n<\/tbody>\n<\/table>\n<h2><\/h2>\n<h2><strong>Tolytriazole Kullan\u0131m\u0131<\/strong><\/h2>\n<p>1. Bu \u00fcr\u00fcn esas olarak metaller (g\u00fcm\u00fc\u015f, bak\u0131r, kur\u015fun, nikel, \u00e7inko vb.) Korozyon \u00f6nleyici, ya\u011flay\u0131c\u0131 katk\u0131 maddesi, otomotiv antifrizi i\u00e7in pas \u00f6nleyici ve korozyon \u00f6nleyici olarak kullan\u0131l\u0131r.<\/p>\n<p>2. Bu \u00fcr\u00fcn, \u00f6zellikle kapal\u0131 sirk\u00fclasyonlu so\u011futma suyu sistemleri i\u00e7in \u00e7e\u015fitli kire\u00e7 \u00f6nleyiciler, bakterisit ve algisitlerle birlikte kullan\u0131lan bir sirk\u00fclasyon suyu ar\u0131tma maddesi olarak da kullan\u0131labilir.<\/p>\n<p>Bu \u00fcr\u00fcn Metil-1H-benzotriazol; 1-metil-1H-1,2,3-benzotriazol; 1-metil-1H-benzotriazol; 1-metilbenzotriazol; 4-Metil-1H-1,2,3-benzotriazol; 4-metil-1H-benzotriazol; 4-metil-2H-benzotriazol; 5-Metil-1,2,3-benzotriazol; MET\u0130L 1H BENZOT\u0130R\u0130AZOL ile de\u011fi\u015ftirilebilir.<\/p>\n<h2><strong>Tolytriazole Ambalaj<\/strong><\/h2>\n<p>25kg kraft ka\u011f\u0131t torba veya m\u00fc\u015fterinin iste\u011fi do\u011frultusunda.<\/p>\n<p>&nbsp;<\/p>\n<h2><strong>Ayn\u0131 serinin \u00fcr\u00fcnleri<\/strong><\/h2>\n<table style=\"border-collapse: collapse; width: 362.27pt;\" border=\"0\" width=\"483\" cellspacing=\"0\" cellpadding=\"0\">\n<tbody>\n<tr style=\"height: 13.50pt;\">\n<td style=\"height: 13.50pt; width: 111.00pt;\" width=\"148\" height=\"18\">Santicor\u00ae TTA<\/td>\n<td style=\"width: 168.75pt;\" width=\"225\">Toliltriazol<\/td>\n<td style=\"width: 82.50pt;\" width=\"110\">29385-43-1<\/td>\n<\/tr>\n<tr style=\"height: 13.50pt;\">\n<td style=\"height: 13.50pt;\" height=\"18\"><a href=\"https:\/\/longchangchemical.com\/tr\/product\/santicor-tta-s-tolytriazole-sodium-salt-64665-57-2\/\"><span style=\"color: #00ccff;\">Santicor\u00ae TTA-S<\/span><\/a><\/td>\n<td><span style=\"color: #000000;\">Tolitriazol sodyum tuzu<\/span><\/td>\n<td><span style=\"color: #000000;\">64665-57-2<\/span><\/td>\n<\/tr>\n<tr style=\"height: 13.50pt;\">\n<td style=\"height: 13.50pt;\" height=\"18\">Santicor\u00ae TTA-2<\/td>\n<td>5-Metil-1H-benzotriazol<\/td>\n<td>136-85-6<\/td>\n<\/tr>\n<tr style=\"height: 13.50pt;\">\n<td style=\"height: 13.50pt;\" height=\"18\">Santicor\u00ae BTA<\/td>\n<td>1H-Benzotriazol<\/td>\n<td>95-14-7<\/td>\n<\/tr>\n<tr style=\"height: 13.50pt;\">\n<td style=\"height: 13.50pt;\" height=\"18\">Santicor\u00ae BTA-Na<\/td>\n<td>BENZOTRIAZOL, SODYUM TUZU<\/td>\n<td>15217-42-2<\/td>\n<\/tr>\n<\/tbody>\n<\/table>\n<p>&nbsp;<\/p>\n<h2><strong><b>\u015eimdi Bize Ula\u015f\u0131n!<\/b><\/strong><\/h2>\n<h4><strong><b>COA, MSDS veya TDS'ye ihtiyac\u0131n\u0131z varsa, l\u00fctfen a\u015fa\u011f\u0131daki forma ileti\u015fim bilgilerinizi girin, genellikle 24 saat i\u00e7inde sizinle ileti\u015fime ge\u00e7ece\u011fiz. Bana e-posta da g\u00f6nderebilirsiniz <span style=\"color: #0000ff;\"><a style=\"color: #0000ff;\" href=\"mailto:info@longchangchemical.com\">info@longchangchemical.com<\/a><\/span> mesai saatleri i\u00e7inde (8:30 - 6:00 UTC+8 Pzt.~Cum.) veya web sitesi canl\u0131 sohbetini kullanarak h\u0131zl\u0131 yan\u0131t alabilirsiniz.<\/b><\/strong><\/h4>","protected":false},"excerpt":{"rendered":"<p>\u00dcr\u00fcn Ad\u0131: Tolutriazol<\/p>\n<p>Di\u011fer Ad\u0131: Metil-1H-benzotriazol; 1-metil-1H-1,2,3-benzotriazol; 1-metil-1H-benzotriazol; 1-metilbenzotriazol; 4-Metil-1H-1,2,3-benzotriazol; 4-metil-1H-benzotriazol; 4-metil-2H-benzotriazol; 5-Metil-1,2,3-benzotriazol; MET\u0130L 1H BENZOT\u0130R\u0130AZOL.<\/p>\n<p>CAS numaras\u0131: 29385-43-1<\/p>\n<p>Molek\u00fcl a\u011f\u0131rl\u0131\u011f\u0131: 133,15<\/p>\n<p>Kimyasal form\u00fcl\u00fc: C7H7N3<\/p>\n<p>G\u00f6r\u00fcn\u00fc\u015f: Bu \u00fcr\u00fcn\u00fcn g\u00f6r\u00fcn\u00fcm\u00fc, 4-metilbenzotriazol ve 5-Metil-1H-benzotriazol kar\u0131\u015f\u0131m\u0131 olan a\u00e7\u0131k sar\u0131 ila beyaz gran\u00fcller veya tozdur.<\/p>","protected":false},"featured_media":5106,"comment_status":"open","ping_status":"closed","template":"","meta":[],"product_brand":[],"product_cat":[135],"product_tag":[],"class_list":{"0":"post-5105","1":"product","2":"type-product","3":"status-publish","4":"has-post-thumbnail","6":"product_cat-santicor-corrosion-inhibitor","8":"first","9":"instock","10":"shipping-taxable","11":"product-type-simple"},"yoast_head":"<!-- This site is optimized with the Yoast SEO plugin v25.3.1 - https:\/\/yoast.com\/wordpress\/plugins\/seo\/ -->\n<title>China Tolytriazole manufacturer \uff06 29385-43-1 supplier - Longchang Chemical<\/title>\n<meta name=\"description\" content=\"Longchang Chemical is China Tolytriazole manufacturer \uff06 29385-43-1 supplier. Tolutriazole can be replaced Methyl-1H-benzotriazole; 1-methyl-1H-1,2,3-benzotriazole; 1-methyl-1H-benzotriazole; 1-methylbenzotriazole; 4-Methyl-1H-1,2,3-benzotriazol; 4-methyl-1H-benzotriazole; 4-methyl-2H-benzotriazole; 5-Methyl-1,2,3-benzotriazol; METHYL 1H BENZOTYRIAZOLE.\" \/>\n<meta name=\"robots\" content=\"index, follow, max-snippet:-1, max-image-preview:large, max-video-preview:-1\" \/>\n<link rel=\"canonical\" href=\"https:\/\/longchangchemical.com\/tr\/product\/tta-tolytriazole-cas-29385-43-1\/\" \/>\n<meta property=\"og:locale\" content=\"tr_TR\" \/>\n<meta property=\"og:type\" content=\"article\" \/>\n<meta property=\"og:title\" content=\"China Tolytriazole manufacturer \uff06 29385-43-1 supplier - Longchang Chemical\" \/>\n<meta property=\"og:description\" content=\"Longchang Chemical is China Tolytriazole manufacturer \uff06 29385-43-1 supplier. Tolutriazole can be replaced Methyl-1H-benzotriazole; 1-methyl-1H-1,2,3-benzotriazole; 1-methyl-1H-benzotriazole; 1-methylbenzotriazole; 4-Methyl-1H-1,2,3-benzotriazol; 4-methyl-1H-benzotriazole; 4-methyl-2H-benzotriazole; 5-Methyl-1,2,3-benzotriazol; METHYL 1H BENZOTYRIAZOLE.\" \/>\n<meta property=\"og:url\" content=\"https:\/\/longchangchemical.com\/tr\/product\/tta-tolytriazole-cas-29385-43-1\/\" \/>\n<meta property=\"og:site_name\" content=\"Longchang Chemical\" \/>\n<meta property=\"article:modified_time\" content=\"2025-12-22T07:12:35+00:00\" \/>\n<meta property=\"og:image\" content=\"https:\/\/longchangchemical.com\/wp-content\/uploads\/2022\/03\/Santicor\u00aeTTA-Tolytriazole-CAS-29385-43-1.jpg\" \/>\n\t<meta property=\"og:image:width\" content=\"600\" \/>\n\t<meta property=\"og:image:height\" content=\"800\" \/>\n\t<meta property=\"og:image:type\" content=\"image\/jpeg\" \/>\n<meta name=\"twitter:card\" content=\"summary_large_image\" \/>\n<script type=\"application\/ld+json\" class=\"yoast-schema-graph\">{\"@context\":\"https:\/\/schema.org\",\"@graph\":[{\"@type\":\"WebPage\",\"@id\":\"https:\/\/longchangchemical.com\/product\/tta-tolytriazole-cas-29385-43-1\/\",\"url\":\"https:\/\/longchangchemical.com\/product\/tta-tolytriazole-cas-29385-43-1\/\",\"name\":\"China Tolytriazole manufacturer \uff06 29385-43-1 supplier - Longchang Chemical\",\"isPartOf\":{\"@id\":\"https:\/\/longchangchemical.com\/#website\"},\"primaryImageOfPage\":{\"@id\":\"https:\/\/longchangchemical.com\/product\/tta-tolytriazole-cas-29385-43-1\/#primaryimage\"},\"image\":{\"@id\":\"https:\/\/longchangchemical.com\/product\/tta-tolytriazole-cas-29385-43-1\/#primaryimage\"},\"thumbnailUrl\":\"https:\/\/longchangchemical.com\/wp-content\/uploads\/2022\/03\/Santicor\u00aeTTA-Tolytriazole-CAS-29385-43-1.jpg\",\"datePublished\":\"2022-03-07T08:36:54+00:00\",\"dateModified\":\"2025-12-22T07:12:35+00:00\",\"description\":\"Longchang Chemical is China Tolytriazole manufacturer \uff06 29385-43-1 supplier. Tolutriazole can be replaced Methyl-1H-benzotriazole; 1-methyl-1H-1,2,3-benzotriazole; 1-methyl-1H-benzotriazole; 1-methylbenzotriazole; 4-Methyl-1H-1,2,3-benzotriazol; 4-methyl-1H-benzotriazole; 4-methyl-2H-benzotriazole; 5-Methyl-1,2,3-benzotriazol; METHYL 1H BENZOTYRIAZOLE.\",\"breadcrumb\":{\"@id\":\"https:\/\/longchangchemical.com\/product\/tta-tolytriazole-cas-29385-43-1\/#breadcrumb\"},\"inLanguage\":\"tr\",\"potentialAction\":[{\"@type\":\"ReadAction\",\"target\":[\"https:\/\/longchangchemical.com\/product\/tta-tolytriazole-cas-29385-43-1\/\"]}]},{\"@type\":\"ImageObject\",\"inLanguage\":\"tr\",\"@id\":\"https:\/\/longchangchemical.com\/product\/tta-tolytriazole-cas-29385-43-1\/#primaryimage\",\"url\":\"https:\/\/longchangchemical.com\/wp-content\/uploads\/2022\/03\/Santicor\u00aeTTA-Tolytriazole-CAS-29385-43-1.jpg\",\"contentUrl\":\"https:\/\/longchangchemical.com\/wp-content\/uploads\/2022\/03\/Santicor\u00aeTTA-Tolytriazole-CAS-29385-43-1.jpg\",\"width\":600,\"height\":800},{\"@type\":\"BreadcrumbList\",\"@id\":\"https:\/\/longchangchemical.com\/product\/tta-tolytriazole-cas-29385-43-1\/#breadcrumb\",\"itemListElement\":[{\"@type\":\"ListItem\",\"position\":1,\"name\":\"Home\",\"item\":\"https:\/\/longchangchemical.com\/\"},{\"@type\":\"ListItem\",\"position\":2,\"name\":\"Products Longchang\",\"item\":\"https:\/\/longchangchemical.com\/product\/\"},{\"@type\":\"ListItem\",\"position\":3,\"name\":\"Santicor\u00aeTTA | Tolytriazole CAS 29385-43-1\"}]},{\"@type\":\"WebSite\",\"@id\":\"https:\/\/longchangchemical.com\/#website\",\"url\":\"https:\/\/longchangchemical.com\/\",\"name\":\"Longchang Chemical\",\"description\":\"China chemical manufacturer \uff06 supplier\",\"publisher\":{\"@id\":\"https:\/\/longchangchemical.com\/#organization\"},\"potentialAction\":[{\"@type\":\"SearchAction\",\"target\":{\"@type\":\"EntryPoint\",\"urlTemplate\":\"https:\/\/longchangchemical.com\/?s={search_term_string}\"},\"query-input\":{\"@type\":\"PropertyValueSpecification\",\"valueRequired\":true,\"valueName\":\"search_term_string\"}}],\"inLanguage\":\"tr\"},{\"@type\":\"Organization\",\"@id\":\"https:\/\/longchangchemical.com\/#organization\",\"name\":\"Longchang Chemical\",\"url\":\"https:\/\/longchangchemical.com\/\",\"logo\":{\"@type\":\"ImageObject\",\"inLanguage\":\"tr\",\"@id\":\"https:\/\/longchangchemical.com\/#\/schema\/logo\/image\/\",\"url\":\"https:\/\/longchangchemical.com\/wp-content\/uploads\/2020\/08\/cropped-longchang-logo.png\",\"contentUrl\":\"https:\/\/longchangchemical.com\/wp-content\/uploads\/2020\/08\/cropped-longchang-logo.png\",\"width\":512,\"height\":512,\"caption\":\"Longchang Chemical\"},\"image\":{\"@id\":\"https:\/\/longchangchemical.com\/#\/schema\/logo\/image\/\"}}]}<\/script>\n<!-- \/ Yoast SEO plugin. -->","yoast_head_json":{"title":"\u00c7in Tolytriazole \u00fcreticisi \uff06 29385-43-1 tedarik\u00e7isi - Longchang Chemical","description":"Longchang Chemical, \u00c7in Tolytriazole \u00fcreticisi \uff06 29385-43-1 tedarik\u00e7isidir. Tolutriazol, Metil-1H-benzotriazol ile de\u011fi\u015ftirilebilir; 1-metil-1H-1,2,3-benzotriazol; 1-metil-1H-benzotriazol; 1-metilbenzotriazol; 4-Metil-1H-1,2,3-benzotriazol; 4-metil-1H-benzotriazol; 4-metil-2H-benzotriazol; 5-Metil-1,2,3-benzotriazol; MET\u0130L 1H BENZOTR\u0130AZOL.","robots":{"index":"index","follow":"follow","max-snippet":"max-snippet:-1","max-image-preview":"max-image-preview:large","max-video-preview":"max-video-preview:-1"},"canonical":"https:\/\/longchangchemical.com\/tr\/product\/tta-tolytriazole-cas-29385-43-1\/","og_locale":"tr_TR","og_type":"article","og_title":"China Tolytriazole manufacturer \uff06 29385-43-1 supplier - Longchang Chemical","og_description":"Longchang Chemical is China Tolytriazole manufacturer \uff06 29385-43-1 supplier. Tolutriazole can be replaced Methyl-1H-benzotriazole; 1-methyl-1H-1,2,3-benzotriazole; 1-methyl-1H-benzotriazole; 1-methylbenzotriazole; 4-Methyl-1H-1,2,3-benzotriazol; 4-methyl-1H-benzotriazole; 4-methyl-2H-benzotriazole; 5-Methyl-1,2,3-benzotriazol; METHYL 1H BENZOTYRIAZOLE.","og_url":"https:\/\/longchangchemical.com\/tr\/product\/tta-tolytriazole-cas-29385-43-1\/","og_site_name":"Longchang Chemical","article_modified_time":"2025-12-22T07:12:35+00:00","og_image":[{"width":600,"height":800,"url":"https:\/\/longchangchemical.com\/wp-content\/uploads\/2022\/03\/Santicor\u00aeTTA-Tolytriazole-CAS-29385-43-1.jpg","type":"image\/jpeg"}],"twitter_card":"summary_large_image","schema":{"@context":"https:\/\/schema.org","@graph":[{"@type":"WebPage","@id":"https:\/\/longchangchemical.com\/product\/tta-tolytriazole-cas-29385-43-1\/","url":"https:\/\/longchangchemical.com\/product\/tta-tolytriazole-cas-29385-43-1\/","name":"\u00c7in Tolytriazole \u00fcreticisi \uff06 29385-43-1 tedarik\u00e7isi - Longchang Chemical","isPartOf":{"@id":"https:\/\/longchangchemical.com\/#website"},"primaryImageOfPage":{"@id":"https:\/\/longchangchemical.com\/product\/tta-tolytriazole-cas-29385-43-1\/#primaryimage"},"image":{"@id":"https:\/\/longchangchemical.com\/product\/tta-tolytriazole-cas-29385-43-1\/#primaryimage"},"thumbnailUrl":"https:\/\/longchangchemical.com\/wp-content\/uploads\/2022\/03\/Santicor\u00aeTTA-Tolytriazole-CAS-29385-43-1.jpg","datePublished":"2022-03-07T08:36:54+00:00","dateModified":"2025-12-22T07:12:35+00:00","description":"Longchang Chemical, \u00c7in Tolytriazole \u00fcreticisi \uff06 29385-43-1 tedarik\u00e7isidir. Tolutriazol, Metil-1H-benzotriazol ile de\u011fi\u015ftirilebilir; 1-metil-1H-1,2,3-benzotriazol; 1-metil-1H-benzotriazol; 1-metilbenzotriazol; 4-Metil-1H-1,2,3-benzotriazol; 4-metil-1H-benzotriazol; 4-metil-2H-benzotriazol; 5-Metil-1,2,3-benzotriazol; MET\u0130L 1H BENZOTR\u0130AZOL.","breadcrumb":{"@id":"https:\/\/longchangchemical.com\/product\/tta-tolytriazole-cas-29385-43-1\/#breadcrumb"},"inLanguage":"tr","potentialAction":[{"@type":"ReadAction","target":["https:\/\/longchangchemical.com\/product\/tta-tolytriazole-cas-29385-43-1\/"]}]},{"@type":"ImageObject","inLanguage":"tr","@id":"https:\/\/longchangchemical.com\/product\/tta-tolytriazole-cas-29385-43-1\/#primaryimage","url":"https:\/\/longchangchemical.com\/wp-content\/uploads\/2022\/03\/Santicor\u00aeTTA-Tolytriazole-CAS-29385-43-1.jpg","contentUrl":"https:\/\/longchangchemical.com\/wp-content\/uploads\/2022\/03\/Santicor\u00aeTTA-Tolytriazole-CAS-29385-43-1.jpg","width":600,"height":800},{"@type":"BreadcrumbList","@id":"https:\/\/longchangchemical.com\/product\/tta-tolytriazole-cas-29385-43-1\/#breadcrumb","itemListElement":[{"@type":"ListItem","position":1,"name":"Home","item":"https:\/\/longchangchemical.com\/"},{"@type":"ListItem","position":2,"name":"Products Longchang","item":"https:\/\/longchangchemical.com\/product\/"},{"@type":"ListItem","position":3,"name":"Santicor\u00aeTTA | Tolytriazole CAS 29385-43-1"}]},{"@type":"WebSite","@id":"https:\/\/longchangchemical.com\/#website","url":"https:\/\/longchangchemical.com\/","name":"Longchang Kimya","description":"\u00c7in kimyasal \u00fcreticisi \uff06 tedarik\u00e7isi","publisher":{"@id":"https:\/\/longchangchemical.com\/#organization"},"potentialAction":[{"@type":"SearchAction","target":{"@type":"EntryPoint","urlTemplate":"https:\/\/longchangchemical.com\/?s={search_term_string}"},"query-input":{"@type":"PropertyValueSpecification","valueRequired":true,"valueName":"search_term_string"}}],"inLanguage":"tr"},{"@type":"Organization","@id":"https:\/\/longchangchemical.com\/#organization","name":"Longchang Kimya","url":"https:\/\/longchangchemical.com\/","logo":{"@type":"ImageObject","inLanguage":"tr","@id":"https:\/\/longchangchemical.com\/#\/schema\/logo\/image\/","url":"https:\/\/longchangchemical.com\/wp-content\/uploads\/2020\/08\/cropped-longchang-logo.png","contentUrl":"https:\/\/longchangchemical.com\/wp-content\/uploads\/2020\/08\/cropped-longchang-logo.png","width":512,"height":512,"caption":"Longchang Chemical"},"image":{"@id":"https:\/\/longchangchemical.com\/#\/schema\/logo\/image\/"}}]}},"_links":{"self":[{"href":"https:\/\/longchangchemical.com\/tr\/wp-json\/wp\/v2\/product\/5105","targetHints":{"allow":["GET"]}}],"collection":[{"href":"https:\/\/longchangchemical.com\/tr\/wp-json\/wp\/v2\/product"}],"about":[{"href":"https:\/\/longchangchemical.com\/tr\/wp-json\/wp\/v2\/types\/product"}],"replies":[{"embeddable":true,"href":"https:\/\/longchangchemical.com\/tr\/wp-json\/wp\/v2\/comments?post=5105"}],"wp:featuredmedia":[{"embeddable":true,"href":"https:\/\/longchangchemical.com\/tr\/wp-json\/wp\/v2\/media\/5106"}],"wp:attachment":[{"href":"https:\/\/longchangchemical.com\/tr\/wp-json\/wp\/v2\/media?parent=5105"}],"wp:term":[{"taxonomy":"product_brand","embeddable":true,"href":"https:\/\/longchangchemical.com\/tr\/wp-json\/wp\/v2\/product_brand?post=5105"},{"taxonomy":"product_cat","embeddable":true,"href":"https:\/\/longchangchemical.com\/tr\/wp-json\/wp\/v2\/product_cat?post=5105"},{"taxonomy":"product_tag","embeddable":true,"href":"https:\/\/longchangchemical.com\/tr\/wp-json\/wp\/v2\/product_tag?post=5105"}],"curies":[{"name":"wp","href":"https:\/\/api.w.org\/{rel}","templated":true}]}}