{"id":5085,"date":"2022-02-23T06:51:27","date_gmt":"2022-02-23T06:51:27","guid":{"rendered":"https:\/\/longchangchemical.com\/?post_type=product&#038;p=5085"},"modified":"2024-04-28T03:18:16","modified_gmt":"2024-04-28T03:18:16","slug":"refined-c5-petroleum-resin-for-adhesives","status":"publish","type":"product","link":"https:\/\/longchangchemical.com\/tr\/product\/refined-c5-petroleum-resin-for-adhesives\/","title":{"rendered":"Yap\u0131\u015ft\u0131r\u0131c\u0131lar i\u00e7in Rafine C5 Petrol Re\u00e7inesi"},"content":{"rendered":"<h1><strong>Yap\u0131\u015ft\u0131r\u0131c\u0131lar i\u00e7in Rafine C5 Petrol Re\u00e7inesi<\/strong><\/h1>\n<h2><strong>Kullan\u0131m<\/strong><\/h2>\n<h4>Yap\u0131\u015ft\u0131r\u0131c\u0131lar ve s\u0131zd\u0131rmazl\u0131k \u00fcr\u00fcnleri end\u00fcstrisinde, C5 petrol re\u00e7ineleri yap\u0131\u015fkanla\u015ft\u0131r\u0131c\u0131 re\u00e7ineler olarak \u00f6nemli bir konuma sahiptir. En \u00e7ok kullan\u0131lanlar\u0131 s\u0131cak eriyik yap\u0131\u015ft\u0131r\u0131c\u0131lar ve bas\u0131nca duyarl\u0131 yap\u0131\u015ft\u0131r\u0131c\u0131lard\u0131r. PRS\u00ae-A serisi rafine C5 petrol re\u00e7ineleri, s\u0131cak eriyik yap\u0131\u015ft\u0131r\u0131c\u0131lar ve bas\u0131nca duyarl\u0131 yap\u0131\u015ft\u0131r\u0131c\u0131lar i\u00e7in uygun petrol re\u00e7ineleridir. SIS, SBS, SEBS, SEPS ve di\u011fer stiren polimerler, do\u011fal kau\u00e7uk, sentetik kau\u00e7uk ve EVA vb. ile iyi uyumlulu\u011fa sahiptirler ve do\u011fal yap\u0131\u015fkanla\u015ft\u0131r\u0131c\u0131 re\u00e7inelerle (terpenler, rosin ve t\u00fcrevleri) de uyumludurlar. Son y\u0131llarda, C5 petrol re\u00e7inesi, y\u00fcksek soyulma yap\u0131\u015fma mukavemeti, iyi h\u0131zl\u0131 yap\u0131\u015fma, kararl\u0131 yap\u0131\u015fma, orta erime viskozitesi, iyi \u0131s\u0131 direnci, polimer matrisi ile iyi uyumluluk ve d\u00fc\u015f\u00fck fiyat\u0131 nedeniyle yayg\u0131n olarak kullan\u0131lmaktad\u0131r. Yava\u015f yava\u015f do\u011fal re\u00e7ine yap\u0131\u015fkanla\u015ft\u0131r\u0131c\u0131lar\u0131n (re\u00e7ine ve terpen re\u00e7ineleri) yerini al\u0131r ve \u00f6nemli bir konuma sahiptir.<\/h4>\n<h2><strong>S\u0131cak eriyik yap\u0131\u015ft\u0131r\u0131c\u0131da Soresyn\u00ae-A1085, A1090, A1095, A1100, A2085, A2095, A2100, A2110 rafine C5 petrol re\u00e7inesinin \u00f6zellikleri:<\/strong><\/h2>\n<h4>1. \u0130yi ak\u0131\u015fkanl\u0131k, ana malzemenin \u0131slanabilirli\u011fini art\u0131rabilir<br \/>\n2. \u0130yi viskozite ve ola\u011fan\u00fcst\u00fc ba\u015flang\u0131\u00e7 viskozitesi<br \/>\n3. M\u00fckemmel ya\u015flanma direnci<br \/>\n4. A\u00e7\u0131k renk<br \/>\n5. \u015eeffaf, d\u00fc\u015f\u00fck kokulu, d\u00fc\u015f\u00fck u\u00e7ucu madde<br \/>\n6. S\u0131cak eriyik yap\u0131\u015ft\u0131r\u0131c\u0131larda, Soresyn\u00ae-A serisi tek ba\u015f\u0131na yap\u0131\u015fkanla\u015ft\u0131r\u0131c\u0131 re\u00e7ine olarak kullan\u0131labilir veya s\u0131cak eriyik yap\u0131\u015ft\u0131r\u0131c\u0131lar\u0131n baz\u0131 \u00f6zelliklerini geli\u015ftirmek i\u00e7in di\u011fer yap\u0131\u015fkanla\u015ft\u0131r\u0131c\u0131 re\u00e7inelerle kar\u0131\u015ft\u0131r\u0131labilir.<br \/>\n\u00d6nerilen uygulama alan\u0131: s\u0131cakta eriyen yap\u0131\u015ft\u0131r\u0131c\u0131<br \/>\nDi\u011fer uygulamalar: yanan eriyik bas\u0131nca duyarl\u0131 yap\u0131\u015ft\u0131r\u0131c\u0131, solvent bas\u0131nca duyarl\u0131 yap\u0131\u015ft\u0131r\u0131c\u0131<br \/>\nSoresyn\u00ae-A2020 d\u00fc\u015f\u00fck yumu\u015fama noktal\u0131 geli\u015fmi\u015f yap\u0131\u015fkanla\u015ft\u0131r\u0131c\u0131 re\u00e7ine, ExxonMobil'in Escorez 2520 e\u015fde\u011ferinin yerini alabilir.<\/h4>\n<h2><strong>Paketleme<\/strong><\/h2>\n<h4>\u00dcr\u00fcn ambalaj\u0131, polietilen film torbalar veya di\u011fer ambalaj ko\u015fullar\u0131 ile kapl\u0131 polipropilen dokuma torbalar kullanmal\u0131d\u0131r. Ambalaj malzemeleri, nakliye, istifleme ve depolama s\u0131ras\u0131nda kirlenmemelerini veya s\u0131zmamalar\u0131n\u0131 ve net i\u00e7eri\u011fin a\u015f\u0131nmadan 25KG, 500KG olmas\u0131n\u0131 sa\u011flamal\u0131d\u0131r.<\/h4>\n<h2><strong>ULA\u015eIM<\/strong><\/h2>\n<h4>Bu \u00fcr\u00fcn tehlikeli de\u011fildir. Ta\u015f\u0131ma ve y\u00fckleme bo\u015faltma s\u0131ras\u0131nda demir kanca gibi keskin aletlerin kullan\u0131lmas\u0131 ve f\u0131rlat\u0131lmas\u0131 kesinlikle yasakt\u0131r. Ta\u015f\u0131ma ara\u00e7lar\u0131 temiz, kuru tutulmal\u0131 ve bir sundurma ile donat\u0131lmal\u0131d\u0131r. Ta\u015f\u0131ma s\u0131ras\u0131nda kum, k\u0131r\u0131k metal, k\u00f6m\u00fcr, cam vb. ile kar\u0131\u015ft\u0131r\u0131lmamal\u0131, zehirli, a\u015f\u0131nd\u0131r\u0131c\u0131 veya yan\u0131c\u0131 maddelerle kar\u0131\u015ft\u0131r\u0131lmamal\u0131d\u0131r. G\u00fcne\u015fe veya ya\u011fmura maruz b\u0131rak\u0131lmas\u0131 kesinlikle yasakt\u0131r. Du\u015f.<\/h4>\n<h2><strong><b>\u015eimdi Bize Ula\u015f\u0131n!<\/b><\/strong><\/h2>\n<h4><strong><b>COA veya TDS'ye ihtiyac\u0131n\u0131z varsa, l\u00fctfen a\u015fa\u011f\u0131daki forma ileti\u015fim bilgilerinizi girin, genellikle 24 saat i\u00e7inde sizinle ileti\u015fime ge\u00e7ece\u011fiz. Bana e-posta da g\u00f6nderebilirsiniz <span style=\"color: #0000ff;\"><a style=\"color: #0000ff;\" href=\"mailto:info@longchangchemical.com\">info@longchangchemical.com<\/a><\/span> \u00c7al\u0131\u015fma saatleri i\u00e7inde (8:30 - 6:00 UTC+8 Pzt.~Sat.) veya h\u0131zl\u0131 yan\u0131t almak i\u00e7in web sitesi canl\u0131 sohbetini kullan\u0131n.<\/b><\/strong><\/h4>","protected":false},"excerpt":{"rendered":"<h4><strong><b>COA veya TDS'ye ihtiyac\u0131n\u0131z varsa, l\u00fctfen a\u015fa\u011f\u0131daki forma ileti\u015fim bilgilerinizi girin, genellikle 24 saat i\u00e7inde sizinle ileti\u015fime ge\u00e7ece\u011fiz. Bana e-posta da g\u00f6nderebilirsiniz <span style=\"color: #0000ff;\"><a style=\"color: #0000ff;\" href=\"mailto:info@longchangchemical.com\">info@longchangchemical.com<\/a><\/span><\/b><\/strong><\/h4>","protected":false},"featured_media":5082,"comment_status":"open","ping_status":"closed","template":"","meta":[],"product_brand":[],"product_cat":[69,116],"product_tag":[],"class_list":{"0":"post-5085","1":"product","2":"type-product","3":"status-publish","4":"has-post-thumbnail","6":"product_cat-catalysts-chemical-auxiliary-agents","7":"product_cat-soresyn-resin","9":"first","10":"instock","11":"shipping-taxable","12":"product-type-simple"},"yoast_head":"<!-- This site is optimized with the Yoast SEO plugin v25.3.1 - https:\/\/yoast.com\/wordpress\/plugins\/seo\/ -->\n<title>China Refined C5 Petroleum Resin supplier for Adhesives - Longchang chemical<\/title>\n<meta name=\"description\" content=\"Refined C5 Petroleum Resin for Adhesives. China refined C5 Petroleum Resin for Adhesives manufacturer \uff06 supplier. Soresyn\u00ae-A2020 low softening point advanced tackifying resin can replace the equivalent of ExxonMobil&#039;s Escorez 2520.\" \/>\n<meta name=\"robots\" content=\"index, follow, max-snippet:-1, max-image-preview:large, max-video-preview:-1\" \/>\n<link rel=\"canonical\" href=\"https:\/\/longchangchemical.com\/tr\/product\/refined-c5-petroleum-resin-for-adhesives\/\" \/>\n<meta property=\"og:locale\" content=\"tr_TR\" \/>\n<meta property=\"og:type\" content=\"article\" \/>\n<meta property=\"og:title\" content=\"China Refined C5 Petroleum Resin supplier for Adhesives - Longchang chemical\" \/>\n<meta property=\"og:description\" content=\"Refined C5 Petroleum Resin for Adhesives. China refined C5 Petroleum Resin for Adhesives manufacturer \uff06 supplier. Soresyn\u00ae-A2020 low softening point advanced tackifying resin can replace the equivalent of ExxonMobil&#039;s Escorez 2520.\" \/>\n<meta property=\"og:url\" content=\"https:\/\/longchangchemical.com\/tr\/product\/refined-c5-petroleum-resin-for-adhesives\/\" \/>\n<meta property=\"og:site_name\" content=\"Longchang Chemical\" \/>\n<meta property=\"article:modified_time\" content=\"2024-04-28T03:18:16+00:00\" \/>\n<meta property=\"og:image\" content=\"https:\/\/longchangchemical.com\/wp-content\/uploads\/2022\/02\/resin.png\" \/>\n\t<meta property=\"og:image:width\" content=\"600\" \/>\n\t<meta property=\"og:image:height\" content=\"600\" \/>\n\t<meta property=\"og:image:type\" content=\"image\/png\" \/>\n<meta name=\"twitter:card\" content=\"summary_large_image\" \/>\n<script type=\"application\/ld+json\" class=\"yoast-schema-graph\">{\"@context\":\"https:\/\/schema.org\",\"@graph\":[{\"@type\":\"WebPage\",\"@id\":\"https:\/\/longchangchemical.com\/product\/refined-c5-petroleum-resin-for-adhesives\/\",\"url\":\"https:\/\/longchangchemical.com\/product\/refined-c5-petroleum-resin-for-adhesives\/\",\"name\":\"China Refined C5 Petroleum Resin supplier for Adhesives - Longchang chemical\",\"isPartOf\":{\"@id\":\"https:\/\/longchangchemical.com\/#website\"},\"primaryImageOfPage\":{\"@id\":\"https:\/\/longchangchemical.com\/product\/refined-c5-petroleum-resin-for-adhesives\/#primaryimage\"},\"image\":{\"@id\":\"https:\/\/longchangchemical.com\/product\/refined-c5-petroleum-resin-for-adhesives\/#primaryimage\"},\"thumbnailUrl\":\"https:\/\/longchangchemical.com\/wp-content\/uploads\/2022\/02\/resin.png\",\"datePublished\":\"2022-02-23T06:51:27+00:00\",\"dateModified\":\"2024-04-28T03:18:16+00:00\",\"description\":\"Refined C5 Petroleum Resin for Adhesives. China refined C5 Petroleum Resin for Adhesives manufacturer \uff06 supplier. Soresyn\u00ae-A2020 low softening point advanced tackifying resin can replace the equivalent of ExxonMobil's Escorez 2520.\",\"breadcrumb\":{\"@id\":\"https:\/\/longchangchemical.com\/product\/refined-c5-petroleum-resin-for-adhesives\/#breadcrumb\"},\"inLanguage\":\"tr\",\"potentialAction\":[{\"@type\":\"ReadAction\",\"target\":[\"https:\/\/longchangchemical.com\/product\/refined-c5-petroleum-resin-for-adhesives\/\"]}]},{\"@type\":\"ImageObject\",\"inLanguage\":\"tr\",\"@id\":\"https:\/\/longchangchemical.com\/product\/refined-c5-petroleum-resin-for-adhesives\/#primaryimage\",\"url\":\"https:\/\/longchangchemical.com\/wp-content\/uploads\/2022\/02\/resin.png\",\"contentUrl\":\"https:\/\/longchangchemical.com\/wp-content\/uploads\/2022\/02\/resin.png\",\"width\":600,\"height\":600},{\"@type\":\"BreadcrumbList\",\"@id\":\"https:\/\/longchangchemical.com\/product\/refined-c5-petroleum-resin-for-adhesives\/#breadcrumb\",\"itemListElement\":[{\"@type\":\"ListItem\",\"position\":1,\"name\":\"Home\",\"item\":\"https:\/\/longchangchemical.com\/\"},{\"@type\":\"ListItem\",\"position\":2,\"name\":\"Products Longchang\",\"item\":\"https:\/\/longchangchemical.com\/product\/\"},{\"@type\":\"ListItem\",\"position\":3,\"name\":\"Refined C5 Petroleum Resin for Adhesives\"}]},{\"@type\":\"WebSite\",\"@id\":\"https:\/\/longchangchemical.com\/#website\",\"url\":\"https:\/\/longchangchemical.com\/\",\"name\":\"Longchang Chemical\",\"description\":\"China chemical manufacturer \uff06 supplier\",\"publisher\":{\"@id\":\"https:\/\/longchangchemical.com\/#organization\"},\"potentialAction\":[{\"@type\":\"SearchAction\",\"target\":{\"@type\":\"EntryPoint\",\"urlTemplate\":\"https:\/\/longchangchemical.com\/?s={search_term_string}\"},\"query-input\":{\"@type\":\"PropertyValueSpecification\",\"valueRequired\":true,\"valueName\":\"search_term_string\"}}],\"inLanguage\":\"tr\"},{\"@type\":\"Organization\",\"@id\":\"https:\/\/longchangchemical.com\/#organization\",\"name\":\"Longchang Chemical\",\"url\":\"https:\/\/longchangchemical.com\/\",\"logo\":{\"@type\":\"ImageObject\",\"inLanguage\":\"tr\",\"@id\":\"https:\/\/longchangchemical.com\/#\/schema\/logo\/image\/\",\"url\":\"https:\/\/longchangchemical.com\/wp-content\/uploads\/2020\/08\/cropped-longchang-logo.png\",\"contentUrl\":\"https:\/\/longchangchemical.com\/wp-content\/uploads\/2020\/08\/cropped-longchang-logo.png\",\"width\":512,\"height\":512,\"caption\":\"Longchang Chemical\"},\"image\":{\"@id\":\"https:\/\/longchangchemical.com\/#\/schema\/logo\/image\/\"}}]}<\/script>\n<!-- \/ Yoast SEO plugin. -->","yoast_head_json":{"title":"Yap\u0131\u015ft\u0131r\u0131c\u0131lar i\u00e7in \u00c7in Rafine C5 Petrol Re\u00e7ine tedarik\u00e7isi - Longchang chemical","description":"Yap\u0131\u015ft\u0131r\u0131c\u0131lar i\u00e7in Rafine C5 Petrol Re\u00e7inesi. \u00c7in Yap\u0131\u015ft\u0131r\u0131c\u0131lar i\u00e7in Rafine C5 Petrol Re\u00e7inesi \u00fcretici \uff06 tedarik\u00e7i. Soresyn\u00ae-A2020 d\u00fc\u015f\u00fck yumu\u015fama noktal\u0131 geli\u015fmi\u015f yap\u0131\u015fkanla\u015ft\u0131r\u0131c\u0131 re\u00e7ine, ExxonMobil'in Escorez 2520 e\u015fde\u011ferinin yerini alabilir.","robots":{"index":"index","follow":"follow","max-snippet":"max-snippet:-1","max-image-preview":"max-image-preview:large","max-video-preview":"max-video-preview:-1"},"canonical":"https:\/\/longchangchemical.com\/tr\/product\/refined-c5-petroleum-resin-for-adhesives\/","og_locale":"tr_TR","og_type":"article","og_title":"China Refined C5 Petroleum Resin supplier for Adhesives - Longchang chemical","og_description":"Refined C5 Petroleum Resin for Adhesives. China refined C5 Petroleum Resin for Adhesives manufacturer \uff06 supplier. Soresyn\u00ae-A2020 low softening point advanced tackifying resin can replace the equivalent of ExxonMobil's Escorez 2520.","og_url":"https:\/\/longchangchemical.com\/tr\/product\/refined-c5-petroleum-resin-for-adhesives\/","og_site_name":"Longchang Chemical","article_modified_time":"2024-04-28T03:18:16+00:00","og_image":[{"width":600,"height":600,"url":"https:\/\/longchangchemical.com\/wp-content\/uploads\/2022\/02\/resin.png","type":"image\/png"}],"twitter_card":"summary_large_image","schema":{"@context":"https:\/\/schema.org","@graph":[{"@type":"WebPage","@id":"https:\/\/longchangchemical.com\/product\/refined-c5-petroleum-resin-for-adhesives\/","url":"https:\/\/longchangchemical.com\/product\/refined-c5-petroleum-resin-for-adhesives\/","name":"Yap\u0131\u015ft\u0131r\u0131c\u0131lar i\u00e7in \u00c7in Rafine C5 Petrol Re\u00e7ine tedarik\u00e7isi - Longchang chemical","isPartOf":{"@id":"https:\/\/longchangchemical.com\/#website"},"primaryImageOfPage":{"@id":"https:\/\/longchangchemical.com\/product\/refined-c5-petroleum-resin-for-adhesives\/#primaryimage"},"image":{"@id":"https:\/\/longchangchemical.com\/product\/refined-c5-petroleum-resin-for-adhesives\/#primaryimage"},"thumbnailUrl":"https:\/\/longchangchemical.com\/wp-content\/uploads\/2022\/02\/resin.png","datePublished":"2022-02-23T06:51:27+00:00","dateModified":"2024-04-28T03:18:16+00:00","description":"Yap\u0131\u015ft\u0131r\u0131c\u0131lar i\u00e7in Rafine C5 Petrol Re\u00e7inesi. \u00c7in Yap\u0131\u015ft\u0131r\u0131c\u0131lar i\u00e7in Rafine C5 Petrol Re\u00e7inesi \u00fcretici \uff06 tedarik\u00e7i. Soresyn\u00ae-A2020 d\u00fc\u015f\u00fck yumu\u015fama noktal\u0131 geli\u015fmi\u015f yap\u0131\u015fkanla\u015ft\u0131r\u0131c\u0131 re\u00e7ine, ExxonMobil'in Escorez 2520 e\u015fde\u011ferinin yerini alabilir.","breadcrumb":{"@id":"https:\/\/longchangchemical.com\/product\/refined-c5-petroleum-resin-for-adhesives\/#breadcrumb"},"inLanguage":"tr","potentialAction":[{"@type":"ReadAction","target":["https:\/\/longchangchemical.com\/product\/refined-c5-petroleum-resin-for-adhesives\/"]}]},{"@type":"ImageObject","inLanguage":"tr","@id":"https:\/\/longchangchemical.com\/product\/refined-c5-petroleum-resin-for-adhesives\/#primaryimage","url":"https:\/\/longchangchemical.com\/wp-content\/uploads\/2022\/02\/resin.png","contentUrl":"https:\/\/longchangchemical.com\/wp-content\/uploads\/2022\/02\/resin.png","width":600,"height":600},{"@type":"BreadcrumbList","@id":"https:\/\/longchangchemical.com\/product\/refined-c5-petroleum-resin-for-adhesives\/#breadcrumb","itemListElement":[{"@type":"ListItem","position":1,"name":"Home","item":"https:\/\/longchangchemical.com\/"},{"@type":"ListItem","position":2,"name":"Products Longchang","item":"https:\/\/longchangchemical.com\/product\/"},{"@type":"ListItem","position":3,"name":"Refined C5 Petroleum Resin for Adhesives"}]},{"@type":"WebSite","@id":"https:\/\/longchangchemical.com\/#website","url":"https:\/\/longchangchemical.com\/","name":"Longchang Kimya","description":"\u00c7in kimyasal \u00fcreticisi \uff06 tedarik\u00e7isi","publisher":{"@id":"https:\/\/longchangchemical.com\/#organization"},"potentialAction":[{"@type":"SearchAction","target":{"@type":"EntryPoint","urlTemplate":"https:\/\/longchangchemical.com\/?s={search_term_string}"},"query-input":{"@type":"PropertyValueSpecification","valueRequired":true,"valueName":"search_term_string"}}],"inLanguage":"tr"},{"@type":"Organization","@id":"https:\/\/longchangchemical.com\/#organization","name":"Longchang Kimya","url":"https:\/\/longchangchemical.com\/","logo":{"@type":"ImageObject","inLanguage":"tr","@id":"https:\/\/longchangchemical.com\/#\/schema\/logo\/image\/","url":"https:\/\/longchangchemical.com\/wp-content\/uploads\/2020\/08\/cropped-longchang-logo.png","contentUrl":"https:\/\/longchangchemical.com\/wp-content\/uploads\/2020\/08\/cropped-longchang-logo.png","width":512,"height":512,"caption":"Longchang Chemical"},"image":{"@id":"https:\/\/longchangchemical.com\/#\/schema\/logo\/image\/"}}]}},"_links":{"self":[{"href":"https:\/\/longchangchemical.com\/tr\/wp-json\/wp\/v2\/product\/5085","targetHints":{"allow":["GET"]}}],"collection":[{"href":"https:\/\/longchangchemical.com\/tr\/wp-json\/wp\/v2\/product"}],"about":[{"href":"https:\/\/longchangchemical.com\/tr\/wp-json\/wp\/v2\/types\/product"}],"replies":[{"embeddable":true,"href":"https:\/\/longchangchemical.com\/tr\/wp-json\/wp\/v2\/comments?post=5085"}],"wp:featuredmedia":[{"embeddable":true,"href":"https:\/\/longchangchemical.com\/tr\/wp-json\/wp\/v2\/media\/5082"}],"wp:attachment":[{"href":"https:\/\/longchangchemical.com\/tr\/wp-json\/wp\/v2\/media?parent=5085"}],"wp:term":[{"taxonomy":"product_brand","embeddable":true,"href":"https:\/\/longchangchemical.com\/tr\/wp-json\/wp\/v2\/product_brand?post=5085"},{"taxonomy":"product_cat","embeddable":true,"href":"https:\/\/longchangchemical.com\/tr\/wp-json\/wp\/v2\/product_cat?post=5085"},{"taxonomy":"product_tag","embeddable":true,"href":"https:\/\/longchangchemical.com\/tr\/wp-json\/wp\/v2\/product_tag?post=5085"}],"curies":[{"name":"wp","href":"https:\/\/api.w.org\/{rel}","templated":true}]}}