{"id":4860,"date":"2021-11-26T15:20:02","date_gmt":"2021-11-26T15:20:02","guid":{"rendered":"https:\/\/longchangchemical.com\/?post_type=product&#038;p=4860"},"modified":"2024-04-28T03:18:17","modified_gmt":"2024-04-28T03:18:17","slug":"soresyna1085","status":"publish","type":"product","link":"https:\/\/longchangchemical.com\/tr\/product\/soresyna1085\/","title":{"rendered":"Soresyn\u00aeA1085"},"content":{"rendered":"<h1><strong>Soresyn\u00aeA1085<\/strong><\/h1>\n<table width=\"497\">\n<tbody>\n<tr>\n<td width=\"147\">Kod No.<\/td>\n<td colspan=\"3\" width=\"350\">Soresyn\u00ae-A1085<\/td>\n<\/tr>\n<tr>\n<td><\/td>\n<td>S\u00fcper S\u0131n\u0131f<\/td>\n<td>Birinci S\u0131n\u0131f<\/td>\n<td>Nitelikli S\u0131n\u0131f<\/td>\n<\/tr>\n<tr>\n<td>G\u00f6r\u00fcn\u00fc\u015f<\/td>\n<td colspan=\"3\">Gran\u00fcler<\/td>\n<\/tr>\n<tr>\n<td>Yumu\u015fama Noktalar\u0131<\/td>\n<td colspan=\"3\">80-90<\/td>\n<\/tr>\n<tr>\n<td>Renk numaras\u0131\u2264<\/td>\n<td>5<\/td>\n<td>6<\/td>\n<td>8<\/td>\n<\/tr>\n<tr>\n<td>Asit Numaras\u0131<\/td>\n<td colspan=\"3\">\u22641<\/td>\n<\/tr>\n<tr>\n<td width=\"147\">Erime Viskozitesi mPa.s, \u2264<\/td>\n<td colspan=\"3\">M\u00fc\u015fterilerin Talepleri \u00dczerine Test<\/td>\n<\/tr>\n<tr>\n<td>Fla\u015f Noktalar<\/td>\n<td colspan=\"3\">M\u00fc\u015fterilerin Talepleri \u00dczerine Test<\/td>\n<\/tr>\n<\/tbody>\n<\/table>\n<h2><strong>Soresyn\u00aeA1085 Ambalaj<\/strong><\/h2>\n<h4>\u00dcr\u00fcn ambalaj\u0131, polietilen film torbalar veya di\u011fer ambalaj ko\u015fullar\u0131 ile kapl\u0131 polipropilen dokuma torbalar kullanmal\u0131d\u0131r. Ambalaj malzemeleri, nakliye, istifleme ve depolama s\u0131ras\u0131nda kirlenmemelerini veya s\u0131zmamalar\u0131n\u0131 ve net i\u00e7eri\u011fin a\u015f\u0131nmadan 25KG, 500KG olmas\u0131n\u0131 sa\u011flamal\u0131d\u0131r.<\/h4>\n<h2><strong>Soresyn\u00aeA1085 nakliye<\/strong><\/h2>\n<h4>Bu \u00fcr\u00fcn tehlikeli de\u011fildir. Ta\u015f\u0131ma ve y\u00fckleme bo\u015faltma s\u0131ras\u0131nda demir kanca gibi keskin aletlerin kullan\u0131lmas\u0131 ve f\u0131rlat\u0131lmas\u0131 kesinlikle yasakt\u0131r. Ta\u015f\u0131ma ara\u00e7lar\u0131 temiz, kuru tutulmal\u0131 ve bir sundurma ile donat\u0131lmal\u0131d\u0131r. Ta\u015f\u0131ma s\u0131ras\u0131nda kum, k\u0131r\u0131k metal, k\u00f6m\u00fcr, cam vb. ile kar\u0131\u015ft\u0131r\u0131lmamal\u0131, zehirli, a\u015f\u0131nd\u0131r\u0131c\u0131 veya yan\u0131c\u0131 maddelerle kar\u0131\u015ft\u0131r\u0131lmamal\u0131d\u0131r. G\u00fcne\u015fe veya ya\u011fmura maruz b\u0131rak\u0131lmas\u0131 kesinlikle yasakt\u0131r. Du\u015f.<\/h4>\n<p>&nbsp;<\/p>\n<h2><strong><b>\u015eimdi Bize Ula\u015f\u0131n!<\/b><\/strong><\/h2>\n<h4><strong><b>COA veya TDS'ye ihtiyac\u0131n\u0131z varsa, l\u00fctfen a\u015fa\u011f\u0131daki forma ileti\u015fim bilgilerinizi girin, genellikle 24 saat i\u00e7inde sizinle ileti\u015fime ge\u00e7ece\u011fiz. Bana e-posta da g\u00f6nderebilirsiniz <span style=\"color: #0000ff;\"><a style=\"color: #0000ff;\" href=\"mailto:info@longchangchemical.com\">info@longchangchemical.com<\/a><\/span> \u00c7al\u0131\u015fma saatleri i\u00e7inde (8:30 - 6:00 UTC+8 Pzt.~Sat.) veya h\u0131zl\u0131 yan\u0131t almak i\u00e7in web sitesi canl\u0131 sohbetini kullan\u0131n.<\/b><\/strong><\/h4>","protected":false},"excerpt":{"rendered":"<h4><strong><b>COA veya TDS'ye ihtiyac\u0131n\u0131z varsa, l\u00fctfen a\u015fa\u011f\u0131daki forma ileti\u015fim bilgilerinizi girin, genellikle 24 saat i\u00e7inde sizinle ileti\u015fime ge\u00e7ece\u011fiz. Bana e-posta da g\u00f6nderebilirsiniz <span style=\"color: #0000ff;\"><a style=\"color: #0000ff;\" href=\"mailto:info@longchangchemical.com\">info@longchangchemical.com<\/a><\/span> mesai saatleri i\u00e7inde (8:30 - 6:00 UTC+8 Pzt.~Sat.)<\/b><\/strong><\/h4>","protected":false},"featured_media":4849,"comment_status":"open","ping_status":"closed","template":"","meta":[],"product_brand":[],"product_cat":[69,116],"product_tag":[],"class_list":{"0":"post-4860","1":"product","2":"type-product","3":"status-publish","4":"has-post-thumbnail","6":"product_cat-catalysts-chemical-auxiliary-agents","7":"product_cat-soresyn-resin","9":"first","10":"instock","11":"shipping-taxable","12":"product-type-simple"},"yoast_head":"<!-- This site is optimized with the Yoast SEO plugin v25.3.1 - https:\/\/yoast.com\/wordpress\/plugins\/seo\/ -->\n<title>China Soresyn\u00aeA1085 Manufacturer - Longchang Chemical<\/title>\n<meta name=\"description\" content=\"Soresyn\u00aeA1085 is a key product of Longchang Chemical. We provide the best price. We are the leading manufacturer in China with the best quality and competitive price.\" \/>\n<meta name=\"robots\" content=\"index, follow, max-snippet:-1, max-image-preview:large, max-video-preview:-1\" \/>\n<link rel=\"canonical\" href=\"https:\/\/longchangchemical.com\/tr\/product\/soresyna1085\/\" \/>\n<meta property=\"og:locale\" content=\"tr_TR\" \/>\n<meta property=\"og:type\" content=\"article\" \/>\n<meta property=\"og:title\" content=\"China Soresyn\u00aeA1085 Manufacturer - Longchang Chemical\" \/>\n<meta property=\"og:description\" content=\"Soresyn\u00aeA1085 is a key product of Longchang Chemical. We provide the best price. We are the leading manufacturer in China with the best quality and competitive price.\" \/>\n<meta property=\"og:url\" content=\"https:\/\/longchangchemical.com\/tr\/product\/soresyna1085\/\" \/>\n<meta property=\"og:site_name\" content=\"Longchang Chemical\" \/>\n<meta property=\"article:modified_time\" content=\"2024-04-28T03:18:17+00:00\" \/>\n<meta property=\"og:image\" content=\"https:\/\/longchangchemical.com\/wp-content\/uploads\/2021\/11\/5100-Appearance.jpg\" \/>\n\t<meta property=\"og:image:width\" content=\"600\" \/>\n\t<meta property=\"og:image:height\" content=\"800\" \/>\n\t<meta property=\"og:image:type\" content=\"image\/jpeg\" \/>\n<meta name=\"twitter:card\" content=\"summary_large_image\" \/>\n<script type=\"application\/ld+json\" class=\"yoast-schema-graph\">{\"@context\":\"https:\/\/schema.org\",\"@graph\":[{\"@type\":\"WebPage\",\"@id\":\"https:\/\/longchangchemical.com\/product\/soresyna1085\/\",\"url\":\"https:\/\/longchangchemical.com\/product\/soresyna1085\/\",\"name\":\"China Soresyn\u00aeA1085 Manufacturer - Longchang Chemical\",\"isPartOf\":{\"@id\":\"https:\/\/longchangchemical.com\/#website\"},\"primaryImageOfPage\":{\"@id\":\"https:\/\/longchangchemical.com\/product\/soresyna1085\/#primaryimage\"},\"image\":{\"@id\":\"https:\/\/longchangchemical.com\/product\/soresyna1085\/#primaryimage\"},\"thumbnailUrl\":\"https:\/\/longchangchemical.com\/wp-content\/uploads\/2021\/11\/5100-Appearance.jpg\",\"datePublished\":\"2021-11-26T15:20:02+00:00\",\"dateModified\":\"2024-04-28T03:18:17+00:00\",\"description\":\"Soresyn\u00aeA1085 is a key product of Longchang Chemical. We provide the best price. We are the leading manufacturer in China with the best quality and competitive price.\",\"breadcrumb\":{\"@id\":\"https:\/\/longchangchemical.com\/product\/soresyna1085\/#breadcrumb\"},\"inLanguage\":\"tr\",\"potentialAction\":[{\"@type\":\"ReadAction\",\"target\":[\"https:\/\/longchangchemical.com\/product\/soresyna1085\/\"]}]},{\"@type\":\"ImageObject\",\"inLanguage\":\"tr\",\"@id\":\"https:\/\/longchangchemical.com\/product\/soresyna1085\/#primaryimage\",\"url\":\"https:\/\/longchangchemical.com\/wp-content\/uploads\/2021\/11\/5100-Appearance.jpg\",\"contentUrl\":\"https:\/\/longchangchemical.com\/wp-content\/uploads\/2021\/11\/5100-Appearance.jpg\",\"width\":600,\"height\":800,\"caption\":\"A1085-Appearance\"},{\"@type\":\"BreadcrumbList\",\"@id\":\"https:\/\/longchangchemical.com\/product\/soresyna1085\/#breadcrumb\",\"itemListElement\":[{\"@type\":\"ListItem\",\"position\":1,\"name\":\"Home\",\"item\":\"https:\/\/longchangchemical.com\/\"},{\"@type\":\"ListItem\",\"position\":2,\"name\":\"Products Longchang\",\"item\":\"https:\/\/longchangchemical.com\/product\/\"},{\"@type\":\"ListItem\",\"position\":3,\"name\":\"Soresyn\u00aeA1085\"}]},{\"@type\":\"WebSite\",\"@id\":\"https:\/\/longchangchemical.com\/#website\",\"url\":\"https:\/\/longchangchemical.com\/\",\"name\":\"Longchang Chemical\",\"description\":\"China chemical manufacturer \uff06 supplier\",\"publisher\":{\"@id\":\"https:\/\/longchangchemical.com\/#organization\"},\"potentialAction\":[{\"@type\":\"SearchAction\",\"target\":{\"@type\":\"EntryPoint\",\"urlTemplate\":\"https:\/\/longchangchemical.com\/?s={search_term_string}\"},\"query-input\":{\"@type\":\"PropertyValueSpecification\",\"valueRequired\":true,\"valueName\":\"search_term_string\"}}],\"inLanguage\":\"tr\"},{\"@type\":\"Organization\",\"@id\":\"https:\/\/longchangchemical.com\/#organization\",\"name\":\"Longchang Chemical\",\"url\":\"https:\/\/longchangchemical.com\/\",\"logo\":{\"@type\":\"ImageObject\",\"inLanguage\":\"tr\",\"@id\":\"https:\/\/longchangchemical.com\/#\/schema\/logo\/image\/\",\"url\":\"https:\/\/longchangchemical.com\/wp-content\/uploads\/2020\/08\/cropped-longchang-logo.png\",\"contentUrl\":\"https:\/\/longchangchemical.com\/wp-content\/uploads\/2020\/08\/cropped-longchang-logo.png\",\"width\":512,\"height\":512,\"caption\":\"Longchang Chemical\"},\"image\":{\"@id\":\"https:\/\/longchangchemical.com\/#\/schema\/logo\/image\/\"}}]}<\/script>\n<!-- \/ Yoast SEO plugin. -->","yoast_head_json":{"title":"\u00c7in Soresyn\u00aeA1085 \u00dcretici - Longchang Chemical","description":"Soresyn\u00aeA1085, Longchang Chemical'\u0131n \u00f6nemli bir \u00fcr\u00fcn\u00fcd\u00fcr. En iyi fiyat\u0131 sa\u011fl\u0131yoruz. En iyi kalite ve rekabet\u00e7i fiyat ile \u00c7in'in \u00f6nde gelen \u00fcreticisiyiz.","robots":{"index":"index","follow":"follow","max-snippet":"max-snippet:-1","max-image-preview":"max-image-preview:large","max-video-preview":"max-video-preview:-1"},"canonical":"https:\/\/longchangchemical.com\/tr\/product\/soresyna1085\/","og_locale":"tr_TR","og_type":"article","og_title":"China Soresyn\u00aeA1085 Manufacturer - Longchang Chemical","og_description":"Soresyn\u00aeA1085 is a key product of Longchang Chemical. We provide the best price. We are the leading manufacturer in China with the best quality and competitive price.","og_url":"https:\/\/longchangchemical.com\/tr\/product\/soresyna1085\/","og_site_name":"Longchang Chemical","article_modified_time":"2024-04-28T03:18:17+00:00","og_image":[{"width":600,"height":800,"url":"https:\/\/longchangchemical.com\/wp-content\/uploads\/2021\/11\/5100-Appearance.jpg","type":"image\/jpeg"}],"twitter_card":"summary_large_image","schema":{"@context":"https:\/\/schema.org","@graph":[{"@type":"WebPage","@id":"https:\/\/longchangchemical.com\/product\/soresyna1085\/","url":"https:\/\/longchangchemical.com\/product\/soresyna1085\/","name":"\u00c7in Soresyn\u00aeA1085 \u00dcretici - Longchang Chemical","isPartOf":{"@id":"https:\/\/longchangchemical.com\/#website"},"primaryImageOfPage":{"@id":"https:\/\/longchangchemical.com\/product\/soresyna1085\/#primaryimage"},"image":{"@id":"https:\/\/longchangchemical.com\/product\/soresyna1085\/#primaryimage"},"thumbnailUrl":"https:\/\/longchangchemical.com\/wp-content\/uploads\/2021\/11\/5100-Appearance.jpg","datePublished":"2021-11-26T15:20:02+00:00","dateModified":"2024-04-28T03:18:17+00:00","description":"Soresyn\u00aeA1085, Longchang Chemical'\u0131n \u00f6nemli bir \u00fcr\u00fcn\u00fcd\u00fcr. En iyi fiyat\u0131 sa\u011fl\u0131yoruz. En iyi kalite ve rekabet\u00e7i fiyat ile \u00c7in'in \u00f6nde gelen \u00fcreticisiyiz.","breadcrumb":{"@id":"https:\/\/longchangchemical.com\/product\/soresyna1085\/#breadcrumb"},"inLanguage":"tr","potentialAction":[{"@type":"ReadAction","target":["https:\/\/longchangchemical.com\/product\/soresyna1085\/"]}]},{"@type":"ImageObject","inLanguage":"tr","@id":"https:\/\/longchangchemical.com\/product\/soresyna1085\/#primaryimage","url":"https:\/\/longchangchemical.com\/wp-content\/uploads\/2021\/11\/5100-Appearance.jpg","contentUrl":"https:\/\/longchangchemical.com\/wp-content\/uploads\/2021\/11\/5100-Appearance.jpg","width":600,"height":800,"caption":"A1085-Appearance"},{"@type":"BreadcrumbList","@id":"https:\/\/longchangchemical.com\/product\/soresyna1085\/#breadcrumb","itemListElement":[{"@type":"ListItem","position":1,"name":"Home","item":"https:\/\/longchangchemical.com\/"},{"@type":"ListItem","position":2,"name":"Products Longchang","item":"https:\/\/longchangchemical.com\/product\/"},{"@type":"ListItem","position":3,"name":"Soresyn\u00aeA1085"}]},{"@type":"WebSite","@id":"https:\/\/longchangchemical.com\/#website","url":"https:\/\/longchangchemical.com\/","name":"Longchang Kimya","description":"\u00c7in kimyasal \u00fcreticisi \uff06 tedarik\u00e7isi","publisher":{"@id":"https:\/\/longchangchemical.com\/#organization"},"potentialAction":[{"@type":"SearchAction","target":{"@type":"EntryPoint","urlTemplate":"https:\/\/longchangchemical.com\/?s={search_term_string}"},"query-input":{"@type":"PropertyValueSpecification","valueRequired":true,"valueName":"search_term_string"}}],"inLanguage":"tr"},{"@type":"Organization","@id":"https:\/\/longchangchemical.com\/#organization","name":"Longchang Kimya","url":"https:\/\/longchangchemical.com\/","logo":{"@type":"ImageObject","inLanguage":"tr","@id":"https:\/\/longchangchemical.com\/#\/schema\/logo\/image\/","url":"https:\/\/longchangchemical.com\/wp-content\/uploads\/2020\/08\/cropped-longchang-logo.png","contentUrl":"https:\/\/longchangchemical.com\/wp-content\/uploads\/2020\/08\/cropped-longchang-logo.png","width":512,"height":512,"caption":"Longchang Chemical"},"image":{"@id":"https:\/\/longchangchemical.com\/#\/schema\/logo\/image\/"}}]}},"_links":{"self":[{"href":"https:\/\/longchangchemical.com\/tr\/wp-json\/wp\/v2\/product\/4860","targetHints":{"allow":["GET"]}}],"collection":[{"href":"https:\/\/longchangchemical.com\/tr\/wp-json\/wp\/v2\/product"}],"about":[{"href":"https:\/\/longchangchemical.com\/tr\/wp-json\/wp\/v2\/types\/product"}],"replies":[{"embeddable":true,"href":"https:\/\/longchangchemical.com\/tr\/wp-json\/wp\/v2\/comments?post=4860"}],"wp:featuredmedia":[{"embeddable":true,"href":"https:\/\/longchangchemical.com\/tr\/wp-json\/wp\/v2\/media\/4849"}],"wp:attachment":[{"href":"https:\/\/longchangchemical.com\/tr\/wp-json\/wp\/v2\/media?parent=4860"}],"wp:term":[{"taxonomy":"product_brand","embeddable":true,"href":"https:\/\/longchangchemical.com\/tr\/wp-json\/wp\/v2\/product_brand?post=4860"},{"taxonomy":"product_cat","embeddable":true,"href":"https:\/\/longchangchemical.com\/tr\/wp-json\/wp\/v2\/product_cat?post=4860"},{"taxonomy":"product_tag","embeddable":true,"href":"https:\/\/longchangchemical.com\/tr\/wp-json\/wp\/v2\/product_tag?post=4860"}],"curies":[{"name":"wp","href":"https:\/\/api.w.org\/{rel}","templated":true}]}}