{"id":4830,"date":"2021-11-10T15:30:06","date_gmt":"2021-11-10T15:30:06","guid":{"rendered":"https:\/\/longchangchemical.com\/?post_type=product&#038;p=4830"},"modified":"2026-05-08T02:59:40","modified_gmt":"2026-05-08T02:59:40","slug":"chlumiflex-tcep-cas-115-96-8","status":"publish","type":"product","link":"https:\/\/longchangchemical.com\/tr\/product\/chlumiflex-tcep-cas-115-96-8\/","title":{"rendered":"CHLUMIFLEX\u00ae TCEP CAS 115-96-8"},"content":{"rendered":"<h2><strong>CHLUMIFLEX\u00ae TCEP CAS 115-96-8<\/strong><\/h2>\n<table width=\"328\">\n<tbody>\n<tr>\n<td width=\"164\">\u00dcr\u00fcn Ad\u0131<\/td>\n<td width=\"164\">Tris(2-kloroetil) fosfat<\/td>\n<\/tr>\n<tr>\n<td width=\"164\">CAS No.<\/td>\n<td width=\"164\">115-96-8<\/td>\n<\/tr>\n<tr>\n<td width=\"164\">MF<\/td>\n<td width=\"164\">C6H12Cl3O4P<\/td>\n<\/tr>\n<tr>\n<td width=\"164\">G\u00f6r\u00fcn\u00fc\u015f<\/td>\n<td width=\"164\">Renksiz \u015eeffaf S\u0131v\u0131<\/td>\n<\/tr>\n<tr>\n<td width=\"164\">Asit de\u011feri (koh mg\/g)<\/td>\n<td width=\"164\">0,05 maks.<\/td>\n<\/tr>\n<tr>\n<td width=\"164\">Parlama Noktas\u0131<\/td>\n<td width=\"164\">220 dakika<\/td>\n<\/tr>\n<tr>\n<td width=\"164\">Renk \u0130ndeksi (pt-co)<\/td>\n<td width=\"164\">50 maks.<\/td>\n<\/tr>\n<tr>\n<td width=\"164\">Refraksiyon (n20d)<\/td>\n<td width=\"164\">1.470-1.479<\/td>\n<\/tr>\n<tr>\n<td width=\"164\">Viskozite<\/td>\n<td width=\"164\">38-42<\/td>\n<\/tr>\n<tr>\n<td width=\"164\">Yo\u011funluk (d 204)<\/td>\n<td width=\"164\">1.420-1.440<\/td>\n<\/tr>\n<tr>\n<td width=\"164\">P \u0130\u00e7erik<\/td>\n<td width=\"164\">10.65-10.90<\/td>\n<\/tr>\n<tr>\n<td width=\"164\">Cl \u0130\u00e7erik<\/td>\n<td width=\"164\">36.50-37.50<\/td>\n<\/tr>\n<tr>\n<td width=\"164\">Nem (%)<\/td>\n<td width=\"164\">0,05 maks.<\/td>\n<\/tr>\n<\/tbody>\n<\/table>\n<p>&nbsp;<\/p>\n<h2><strong>TCEP Kullan\u0131m\u0131<\/strong><\/h2>\n<h4>1. Bu \u00fcr\u00fcn esas olarak alev geciktirici poli\u00fcretan k\u00f6p\u00fck ve PVC'nin alev geciktirici plastikle\u015ftirilmesi i\u00e7in kullan\u0131l\u0131r.<\/h4>\n<h4>2. TCEP, kimyasal elyaf kuma\u015flarda ve sel\u00fcloz asetatta alev geciktirici olarak yayg\u0131n \u015fekilde kullan\u0131l\u0131r. Kendi kendine s\u00f6nmeye ek olarak, su direncini, so\u011fuk direncini ve antistatik \u00f6zellikleri de geli\u015ftirebilir. Genel dozaj 5-10 par\u00e7ad\u0131r.<\/h4>\n<h4>3. Lityum pillerde yayg\u0131n olarak kullan\u0131lan alev geciktiriciler.<\/h4>\n<h4>4. Bu \u00fcr\u00fcn ayr\u0131ca metal \u00f6z\u00fctleyici, ya\u011flay\u0131c\u0131 ve benzin katk\u0131 maddeleri ve poliimid i\u015fleme de\u011fi\u015ftiricisi olarak da kullan\u0131labilir.<\/h4>\n<h4>5. Polivinil klor\u00fcr, poli\u00fcretan yumu\u015fak ve sert k\u00f6p\u00fck, sel\u00fcloz asetat, nitrosel\u00fcloz boya, etil sel\u00fcloz boya ve alev geciktirici kau\u00e7uk konvey\u00f6r bantta yayg\u0131n olarak kullan\u0131lmaktad\u0131r. Elde edilen \u00fcr\u00fcnler kendi kendini s\u00f6nd\u00fcrme \u00f6zelliklerine sahiptir ve su direncini art\u0131rabilir. Hava direnci, so\u011fuk direnci, antistatik \u00f6zellik, yumu\u015fak el hissi, genel ekleme miktar\u0131 5-10 k\u0131s\u0131md\u0131r ve poli\u00fcretan sert k\u00f6p\u00fc\u011f\u00fcn oksijen indeksi (OI) 26'ya ula\u015fabilir. Ayr\u0131ca, ya\u011flama ya\u011f\u0131, benzin katk\u0131s\u0131 ve metal magnezyumun termal so\u011futucusu vb. i\u00e7in a\u015f\u0131r\u0131 bas\u0131n\u00e7 katk\u0131s\u0131 olarak da kullan\u0131labilir.<\/h4>\n<h2><strong>TCEP<\/strong><strong> Paketleme<\/strong><\/h2>\n<h4>200KG\/ bidon<\/h4>\n<p>&nbsp;<\/p>\n<h2><strong>Ayn\u0131 seriden alev geciktirici plastikle\u015ftiriciler<\/strong><\/h2>\n<table style=\"border-collapse: collapse; width: 374.27pt;\" border=\"0\" width=\"499\" cellspacing=\"0\" cellpadding=\"0\">\n<tbody>\n<tr style=\"height: 21.00pt;\">\n<td class=\"et2\" style=\"height: 21.00pt; width: 96.00pt;\" width=\"128\" height=\"28\"><a title=\"https:\/\/longchangchemical.com\/product\/cas-91082-17-6\/\" href=\"https:\/\/longchangchemical.com\/tr\/product\/cas-91082-17-6\/\"><span style=\"color: #00ccff;\">Lcflex\u00ae T-50<\/span><\/a><\/td>\n<td class=\"et3\" style=\"width: 159.75pt;\" width=\"213\">T-50; ASE<\/td>\n<td class=\"et3\" style=\"width: 118.50pt;\" width=\"158\">CAS 91082-17-6<\/td>\n<\/tr>\n<tr style=\"height: 21.00pt;\">\n<td class=\"et2\" style=\"height: 21.00pt; width: 96.00pt;\" width=\"128\" height=\"28\"><a title=\"https:\/\/longchangchemical.com\/product\/acetyl-tributyl-citrate-cas-77-90-7\/\" href=\"https:\/\/longchangchemical.com\/tr\/product\/acetyl-tributyl-citrate-cas-77-90-7\/\"><span style=\"color: #00ccff;\">Lcflex\u00ae ATBC<\/span><\/a><\/td>\n<td class=\"et3\" style=\"width: 159.75pt;\" width=\"213\">Asetil trib\u00fctil sitrat<\/td>\n<td class=\"et3\" style=\"width: 118.50pt;\" width=\"158\">CAS 77-90-7<\/td>\n<\/tr>\n<tr style=\"height: 21.00pt;\">\n<td class=\"et2\" style=\"height: 21.00pt; width: 96.00pt;\" width=\"128\" height=\"28\"><a title=\"https:\/\/longchangchemical.com\/product\/tributyl-citrate-tbc-cas-77-94-1\/\" href=\"https:\/\/longchangchemical.com\/tr\/product\/tributyl-citrate-tbc-cas-77-94-1\/\"><span style=\"color: #00ccff;\">Lcflex\u00ae TBC<\/span><\/a><\/td>\n<td class=\"et3\" style=\"width: 159.75pt;\" width=\"213\">Trib\u00fctil sitrat<\/td>\n<td class=\"et3\" style=\"width: 118.50pt;\" width=\"158\">CAS 77-94-1<\/td>\n<\/tr>\n<tr style=\"height: 21.00pt;\">\n<td class=\"et2\" style=\"height: 21.00pt; width: 96.00pt;\" width=\"128\" height=\"28\"><span style=\"color: #00ccff;\"><a style=\"color: #00ccff;\" title=\"https:\/\/longchangchemical.com\/product\/tcpp-cas-13674-84-5\/\" href=\"https:\/\/longchangchemical.com\/tr\/product\/tcpp-cas-13674-84-5\/\">Lcflex\u00ae TCPP<\/a><\/span><\/td>\n<td class=\"et3\" style=\"width: 159.75pt;\" width=\"213\">TCPP alev geciktirici<\/td>\n<td class=\"et3\" style=\"width: 118.50pt;\" width=\"158\">CAS 13674-84-5<\/td>\n<\/tr>\n<tr style=\"height: 21.00pt;\">\n<td class=\"et2\" style=\"height: 21.00pt; width: 96.00pt;\" width=\"128\" height=\"28\"><a title=\"https:\/\/longchangchemical.com\/product\/dotp-cas-6422-86-2\/\" href=\"https:\/\/longchangchemical.com\/tr\/product\/dotp-cas-6422-86-2\/\"><span style=\"color: #00ccff;\">Lcflex\u00ae DOTP<\/span><\/a><\/td>\n<td class=\"et3\" style=\"width: 159.75pt;\" width=\"213\">Dioktil tereftalat<\/td>\n<td class=\"et3\" style=\"width: 118.50pt;\" width=\"158\">CAS 6422-86-2<\/td>\n<\/tr>\n<tr style=\"height: 21.00pt;\">\n<td class=\"et2\" style=\"height: 21.00pt; width: 96.00pt;\" width=\"128\" height=\"28\"><span style=\"color: #00ccff;\"><a style=\"color: #00ccff;\" title=\"https:\/\/longchangchemical.com\/product\/diethyl-phthalate-dep-cas-84-66-2\/\" href=\"https:\/\/longchangchemical.com\/tr\/product\/diethyl-phthalate-dep-cas-84-66-2\/\">Lcflex\u00ae DEP<\/a><\/span><\/td>\n<td class=\"et3\" style=\"width: 159.75pt;\" width=\"213\">Dietil ftalat<\/td>\n<td class=\"et3\" style=\"width: 118.50pt;\" width=\"158\">CAS 84-66-2<\/td>\n<\/tr>\n<tr style=\"height: 21.00pt;\">\n<td class=\"et2\" style=\"height: 21.00pt; width: 96.00pt;\" width=\"128\" height=\"28\"><span style=\"color: #00ccff;\"><a style=\"color: #00ccff;\" title=\"https:\/\/longchangchemical.com\/product\/triethyl-citrate-cas-77-93-0\/\" href=\"https:\/\/longchangchemical.com\/tr\/product\/triethyl-citrate-cas-77-93-0\/\">Lcflex\u00ae TEC<\/a><\/span><\/td>\n<td class=\"et3\" style=\"width: 159.75pt;\" width=\"213\">trietil sitrat<\/td>\n<td class=\"et3\" style=\"width: 118.50pt;\" width=\"158\">CAS 77-93-0<\/td>\n<\/tr>\n<tr style=\"height: 21.00pt;\">\n<td class=\"et2\" style=\"height: 21.00pt; width: 96.00pt;\" width=\"128\" height=\"28\"><span style=\"color: #00ccff;\"><a style=\"color: #00ccff;\" title=\"https:\/\/longchangchemical.com\/product\/Lcflare-doa-cas-123-79-5\/\" href=\"https:\/\/longchangchemical.com\/tr\/product\/Lcflare-doa-cas-123-79-5\/\">Lcflex\u00ae DOA<\/a><\/span><\/td>\n<td class=\"et3\" style=\"width: 159.75pt;\" width=\"213\">Dioktil adipat<\/td>\n<td class=\"et3\" style=\"width: 118.50pt;\" width=\"158\">CAS 123-79-5<\/td>\n<\/tr>\n<tr style=\"height: 30.00pt;\">\n<td class=\"et2\" style=\"height: 30.00pt; width: 96.00pt;\" width=\"128\" height=\"40\"><span style=\"color: #00ccff;\"><a style=\"color: #00ccff;\" title=\"https:\/\/longchangchemical.com\/product\/Lcflare-dos-cas-2432-87-3\/\" href=\"https:\/\/longchangchemical.com\/tr\/product\/Lcflare-dos-cas-2432-87-3\/\">Lcflex\u00ae DOS<\/a><\/span><\/td>\n<td class=\"et3\" style=\"width: 159.75pt;\" width=\"213\">SEBACIC ACID DI-N-OCTYL ESTER<\/td>\n<td class=\"et3\" style=\"width: 118.50pt;\" width=\"158\">CAS 2432-87-3<\/td>\n<\/tr>\n<tr style=\"height: 27.00pt;\">\n<td class=\"et2\" style=\"height: 27.00pt; width: 96.00pt;\" width=\"128\" height=\"36\"><a title=\"https:\/\/longchangchemical.com\/product\/cas-28553-12-0-685-15-48-0\/\" href=\"https:\/\/longchangchemical.com\/tr\/product\/cas-28553-12-0-685-15-48-0\/\"><span style=\"color: #00ccff;\">Lcflex\u00ae DINP<\/span><\/a><\/td>\n<td class=\"et3\" style=\"width: 159.75pt;\" width=\"213\">Diisononyl Phthalate<\/td>\n<td class=\"et3\" style=\"width: 118.50pt;\" width=\"158\">CAS 28553-12-0\/685 15-48-0<\/td>\n<\/tr>\n<tr style=\"height: 21.00pt;\">\n<td class=\"et2\" style=\"height: 21.00pt; width: 96.00pt;\" width=\"128\" height=\"28\"><span style=\"color: #00ccff;\"><a style=\"color: #00ccff;\" title=\"https:\/\/longchangchemical.com\/product\/tmp-cas-77-99-6\/\" href=\"https:\/\/longchangchemical.com\/tr\/product\/tmp-cas-77-99-6\/\">Lcflex\u00ae TMP<\/a><\/span><\/td>\n<td class=\"et3\" style=\"width: 159.75pt;\" width=\"213\">Trimetilolpropan<\/td>\n<td class=\"et3\" style=\"width: 118.50pt;\" width=\"158\">CAS 77-99-6<\/td>\n<\/tr>\n<tr style=\"height: 13.50pt;\">\n<td class=\"et2\" style=\"height: 13.50pt; width: 96.00pt;\" width=\"128\" height=\"18\"><span style=\"color: #00ccff;\"><a style=\"color: #00ccff;\" title=\"https:\/\/longchangchemical.com\/product\/triethyl-phosphate-tep-cas-78-40-0\/\" href=\"https:\/\/longchangchemical.com\/tr\/product\/triethyl-phosphate-tep-cas-78-40-0\/\">Lcflex\u00ae TEP<\/a><\/span><\/td>\n<td class=\"et3\" style=\"width: 159.75pt;\" width=\"213\">Trietil fosfat<\/td>\n<td class=\"et3\" style=\"width: 118.50pt;\" width=\"158\">CAS 78-40-0<\/td>\n<\/tr>\n<tr style=\"height: 13.50pt;\">\n<td class=\"et4\" style=\"height: 13.50pt; width: 96.00pt;\" width=\"128\" height=\"18\"><a href=\"https:\/\/longchangchemical.com\/tr\/product\/Lcflex-totm-cas-3319-31-1\/\"><span style=\"color: #00ccff;\">Lcflex\u00ae TOTM<\/span><\/a><\/td>\n<td class=\"et3\" style=\"width: 159.75pt;\" width=\"213\">Trioktil trimellitat<\/td>\n<td class=\"et3\" style=\"width: 118.50pt;\" width=\"158\">CAS 3319-31-1<\/td>\n<\/tr>\n<tr style=\"height: 40.50pt;\">\n<td class=\"et4\" style=\"height: 40.50pt; width: 96.00pt;\" width=\"128\" height=\"54\"><a href=\"https:\/\/longchangchemical.com\/tr\/product\/Lcflex-bbp\/\"><span style=\"color: #00ccff;\">Lcflex\u00ae BBP<\/span><\/a><\/td>\n<td class=\"et3\" style=\"width: 159.75pt;\" width=\"213\">Biyo-bazl\u0131 plastikle\u015ftiriciler, Y\u00fcksek verimli plastikle\u015ftirici<\/td>\n<td class=\"et3\" style=\"width: 118.50pt;\" width=\"158\"><\/td>\n<\/tr>\n<tr style=\"height: 13.50pt;\">\n<td class=\"et4\" style=\"height: 13.50pt; width: 96.00pt;\" width=\"128\" height=\"18\"><a href=\"https:\/\/longchangchemical.com\/tr\/product\/tmp-cas-77-99-6\/\"><span style=\"color: #00ccff;\">Lcflex\u00ae TMP<\/span><\/a><\/td>\n<td class=\"et3\" style=\"width: 159.75pt;\" width=\"213\">Trimetilol propan<\/td>\n<td class=\"et3\" style=\"width: 118.50pt;\" width=\"158\">CAS 77-99-6<\/td>\n<\/tr>\n<tr style=\"height: 30.00pt;\">\n<td class=\"et2\" style=\"height: 30.00pt; width: 96.00pt;\" width=\"128\" height=\"40\"><a title=\"https:\/\/longchangchemical.com\/product\/sinopszr-tcep-cas-115-96-8\/\" href=\"https:\/\/longchangchemical.com\/tr\/product\/sinopszr-tcep-cas-115-96-8\/\"><span style=\"color: #00ccff;\">Lcflare\u00ae TCEP<\/span><\/a><\/td>\n<td class=\"et3\" style=\"width: 159.75pt;\" width=\"213\">Tris(2-kloroetil) fosfat<\/td>\n<td class=\"et3\" style=\"width: 118.50pt;\" width=\"158\">CAS 115-96-8<\/td>\n<\/tr>\n<tr style=\"height: 30.00pt;\">\n<td class=\"et2\" style=\"height: 30.00pt; width: 96.00pt;\" width=\"128\" height=\"40\"><span style=\"color: #00ccff;\"><a style=\"color: #00ccff;\" title=\"https:\/\/longchangchemical.com\/product\/Lcflare-bdp\/\" href=\"https:\/\/longchangchemical.com\/tr\/product\/Lcflare-bdp\/\">Lcflare\u00ae BDP<\/a><\/span><\/td>\n<td class=\"et3\" style=\"width: 159.75pt;\" width=\"213\">Bisfenol-A bis(difenil fosfat)<\/td>\n<td class=\"et3\" style=\"width: 118.50pt;\" width=\"158\">CAS 5945-33-5<\/td>\n<\/tr>\n<tr style=\"height: 13.50pt;\">\n<td class=\"et2\" style=\"height: 13.50pt; width: 96.00pt;\" width=\"128\" height=\"18\"><span style=\"color: #00ccff;\"><a style=\"color: #00ccff;\" title=\"https:\/\/longchangchemical.com\/product\/Lcflare-tpp-cas-115-86-6\/\" href=\"https:\/\/longchangchemical.com\/tr\/product\/Lcflare-tpp-cas-115-86-6\/\">Lcflare\u00ae TPP<\/a><\/span><\/td>\n<td class=\"et3\" style=\"width: 159.75pt;\" width=\"213\">Trifenil fosfat<\/td>\n<td class=\"et3\" style=\"width: 118.50pt;\" width=\"158\">CAS 115-86-6<\/td>\n<\/tr>\n<\/tbody>\n<\/table>\n<h2><\/h2>\n<h2><strong>\u015eimdi Bize Ula\u015f\u0131n!<\/strong><\/h2>\n<h4><strong><b>COA, MSDS veya TDS'ye ihtiyac\u0131n\u0131z varsa, l\u00fctfen a\u015fa\u011f\u0131daki forma ileti\u015fim bilgilerinizi girin, genellikle 24 saat i\u00e7inde sizinle ileti\u015fime ge\u00e7ece\u011fiz. Bana e-posta da g\u00f6nderebilirsiniz <span style=\"color: #0000ff;\"><a style=\"color: #0000ff;\" href=\"mailto:info@longchangchemical.com\">info@longchangchemical.com<\/a><\/span> \u00c7al\u0131\u015fma saatleri i\u00e7inde (8:30 - 6:00 UTC+8 Pzt.~Sat.) veya h\u0131zl\u0131 yan\u0131t almak i\u00e7in web sitesi canl\u0131 sohbetini kullan\u0131n.<\/b><\/strong><\/h4>","protected":false},"excerpt":{"rendered":"<h4>Kimyasal Ad\u0131: Tris(2-kloroetil) fosfat<\/h4>\n<h4>CAS No: 115-96-8<\/h4>\n<h4>Di\u011fer \u0130simler: TCEP<\/h4>\n<h4>MF: C6H12Cl3O4P<\/h4>\n<h4>EINECS No.: 204-118-5<\/h4>\n<h4>G\u00f6r\u00fcn\u00fc\u015f: Renksiz \u015eeffaf S\u0131v\u0131<\/h4>\n<h4>Safl\u0131k: 99%<\/h4>","protected":false},"featured_media":0,"comment_status":"open","ping_status":"closed","template":"","meta":[],"product_brand":[],"product_cat":[111],"product_tag":[],"class_list":{"0":"post-4830","1":"product","2":"type-product","3":"status-publish","5":"product_cat-plasticizer","7":"first","8":"instock","9":"shipping-taxable","10":"product-type-simple"},"yoast_head":"<!-- This site is optimized with the Yoast SEO plugin v25.3.1 - https:\/\/yoast.com\/wordpress\/plugins\/seo\/ -->\n<title>China Tris(2-chloroethyl) phosphate \/ TCEP Manufacturer CAS 115-96-8 supplier - Longchang Chemical<\/title>\n<meta name=\"description\" content=\"Longchang Chemical supply best Tris(2-chloroethyl) phosphate \/ TCEP. We provide best price.\" \/>\n<meta name=\"robots\" content=\"index, follow, max-snippet:-1, max-image-preview:large, max-video-preview:-1\" \/>\n<link rel=\"canonical\" href=\"https:\/\/longchangchemical.com\/tr\/product\/chlumiflex-tcep-cas-115-96-8\/\" \/>\n<meta property=\"og:locale\" content=\"tr_TR\" \/>\n<meta property=\"og:type\" content=\"article\" \/>\n<meta property=\"og:title\" content=\"China Tris(2-chloroethyl) phosphate \/ TCEP Manufacturer CAS 115-96-8 supplier - Longchang Chemical\" \/>\n<meta property=\"og:description\" content=\"Longchang Chemical supply best Tris(2-chloroethyl) phosphate \/ TCEP. We provide best price.\" \/>\n<meta property=\"og:url\" content=\"https:\/\/longchangchemical.com\/tr\/product\/chlumiflex-tcep-cas-115-96-8\/\" \/>\n<meta property=\"og:site_name\" content=\"Longchang Chemical\" \/>\n<meta property=\"article:modified_time\" content=\"2026-05-08T02:59:40+00:00\" \/>\n<meta property=\"og:image\" content=\"https:\/\/longchangchemical.com\/wp-content\/uploads\/2024\/02\/logo-jpeg.jpg\" \/>\n\t<meta property=\"og:image:width\" content=\"1000\" \/>\n\t<meta property=\"og:image:height\" content=\"1000\" \/>\n\t<meta property=\"og:image:type\" content=\"image\/jpeg\" \/>\n<meta name=\"twitter:card\" content=\"summary_large_image\" \/>\n<script type=\"application\/ld+json\" class=\"yoast-schema-graph\">{\"@context\":\"https:\/\/schema.org\",\"@graph\":[{\"@type\":\"WebPage\",\"@id\":\"https:\/\/longchangchemical.com\/product\/chlumiflex-tcep-cas-115-96-8\/\",\"url\":\"https:\/\/longchangchemical.com\/product\/chlumiflex-tcep-cas-115-96-8\/\",\"name\":\"China Tris(2-chloroethyl) phosphate \/ TCEP Manufacturer CAS 115-96-8 supplier - Longchang Chemical\",\"isPartOf\":{\"@id\":\"https:\/\/longchangchemical.com\/#website\"},\"datePublished\":\"2021-11-10T15:30:06+00:00\",\"dateModified\":\"2026-05-08T02:59:40+00:00\",\"description\":\"Longchang Chemical supply best Tris(2-chloroethyl) phosphate \/ TCEP. We provide best price.\",\"breadcrumb\":{\"@id\":\"https:\/\/longchangchemical.com\/product\/chlumiflex-tcep-cas-115-96-8\/#breadcrumb\"},\"inLanguage\":\"tr\",\"potentialAction\":[{\"@type\":\"ReadAction\",\"target\":[\"https:\/\/longchangchemical.com\/product\/chlumiflex-tcep-cas-115-96-8\/\"]}]},{\"@type\":\"BreadcrumbList\",\"@id\":\"https:\/\/longchangchemical.com\/product\/chlumiflex-tcep-cas-115-96-8\/#breadcrumb\",\"itemListElement\":[{\"@type\":\"ListItem\",\"position\":1,\"name\":\"Home\",\"item\":\"https:\/\/longchangchemical.com\/\"},{\"@type\":\"ListItem\",\"position\":2,\"name\":\"Products Longchang\",\"item\":\"https:\/\/longchangchemical.com\/product\/\"},{\"@type\":\"ListItem\",\"position\":3,\"name\":\"CHLUMIFLEX\u00ae TCEP CAS 115-96-8\"}]},{\"@type\":\"WebSite\",\"@id\":\"https:\/\/longchangchemical.com\/#website\",\"url\":\"https:\/\/longchangchemical.com\/\",\"name\":\"Longchang Chemical\",\"description\":\"China chemical manufacturer \uff06 supplier\",\"publisher\":{\"@id\":\"https:\/\/longchangchemical.com\/#organization\"},\"potentialAction\":[{\"@type\":\"SearchAction\",\"target\":{\"@type\":\"EntryPoint\",\"urlTemplate\":\"https:\/\/longchangchemical.com\/?s={search_term_string}\"},\"query-input\":{\"@type\":\"PropertyValueSpecification\",\"valueRequired\":true,\"valueName\":\"search_term_string\"}}],\"inLanguage\":\"tr\"},{\"@type\":\"Organization\",\"@id\":\"https:\/\/longchangchemical.com\/#organization\",\"name\":\"Longchang Chemical\",\"url\":\"https:\/\/longchangchemical.com\/\",\"logo\":{\"@type\":\"ImageObject\",\"inLanguage\":\"tr\",\"@id\":\"https:\/\/longchangchemical.com\/#\/schema\/logo\/image\/\",\"url\":\"https:\/\/longchangchemical.com\/wp-content\/uploads\/2020\/08\/cropped-longchang-logo.png\",\"contentUrl\":\"https:\/\/longchangchemical.com\/wp-content\/uploads\/2020\/08\/cropped-longchang-logo.png\",\"width\":512,\"height\":512,\"caption\":\"Longchang Chemical\"},\"image\":{\"@id\":\"https:\/\/longchangchemical.com\/#\/schema\/logo\/image\/\"}}]}<\/script>\n<!-- \/ Yoast SEO plugin. -->","yoast_head_json":{"title":"\u00c7in Tris (2-kloroetil) fosfat \/ TCEP \u00dcretici CAS 115-96-8 Tedarik\u00e7i - Longchang Chemical","description":"Longchang Chemical en iyi Tris (2-kloroetil) fosfat \/ TCEP tedarik etmektedir. En iyi fiyat\u0131 sa\u011fl\u0131yoruz.","robots":{"index":"index","follow":"follow","max-snippet":"max-snippet:-1","max-image-preview":"max-image-preview:large","max-video-preview":"max-video-preview:-1"},"canonical":"https:\/\/longchangchemical.com\/tr\/product\/chlumiflex-tcep-cas-115-96-8\/","og_locale":"tr_TR","og_type":"article","og_title":"China Tris(2-chloroethyl) phosphate \/ TCEP Manufacturer CAS 115-96-8 supplier - Longchang Chemical","og_description":"Longchang Chemical supply best Tris(2-chloroethyl) phosphate \/ TCEP. We provide best price.","og_url":"https:\/\/longchangchemical.com\/tr\/product\/chlumiflex-tcep-cas-115-96-8\/","og_site_name":"Longchang Chemical","article_modified_time":"2026-05-08T02:59:40+00:00","og_image":[{"width":1000,"height":1000,"url":"https:\/\/longchangchemical.com\/wp-content\/uploads\/2024\/02\/logo-jpeg.jpg","type":"image\/jpeg"}],"twitter_card":"summary_large_image","schema":{"@context":"https:\/\/schema.org","@graph":[{"@type":"WebPage","@id":"https:\/\/longchangchemical.com\/product\/chlumiflex-tcep-cas-115-96-8\/","url":"https:\/\/longchangchemical.com\/product\/chlumiflex-tcep-cas-115-96-8\/","name":"\u00c7in Tris (2-kloroetil) fosfat \/ TCEP \u00dcretici CAS 115-96-8 Tedarik\u00e7i - Longchang Chemical","isPartOf":{"@id":"https:\/\/longchangchemical.com\/#website"},"datePublished":"2021-11-10T15:30:06+00:00","dateModified":"2026-05-08T02:59:40+00:00","description":"Longchang Chemical en iyi Tris (2-kloroetil) fosfat \/ TCEP tedarik etmektedir. En iyi fiyat\u0131 sa\u011fl\u0131yoruz.","breadcrumb":{"@id":"https:\/\/longchangchemical.com\/product\/chlumiflex-tcep-cas-115-96-8\/#breadcrumb"},"inLanguage":"tr","potentialAction":[{"@type":"ReadAction","target":["https:\/\/longchangchemical.com\/product\/chlumiflex-tcep-cas-115-96-8\/"]}]},{"@type":"BreadcrumbList","@id":"https:\/\/longchangchemical.com\/product\/chlumiflex-tcep-cas-115-96-8\/#breadcrumb","itemListElement":[{"@type":"ListItem","position":1,"name":"Home","item":"https:\/\/longchangchemical.com\/"},{"@type":"ListItem","position":2,"name":"Products Longchang","item":"https:\/\/longchangchemical.com\/product\/"},{"@type":"ListItem","position":3,"name":"CHLUMIFLEX\u00ae TCEP CAS 115-96-8"}]},{"@type":"WebSite","@id":"https:\/\/longchangchemical.com\/#website","url":"https:\/\/longchangchemical.com\/","name":"Longchang Kimya","description":"\u00c7in kimyasal \u00fcreticisi \uff06 tedarik\u00e7isi","publisher":{"@id":"https:\/\/longchangchemical.com\/#organization"},"potentialAction":[{"@type":"SearchAction","target":{"@type":"EntryPoint","urlTemplate":"https:\/\/longchangchemical.com\/?s={search_term_string}"},"query-input":{"@type":"PropertyValueSpecification","valueRequired":true,"valueName":"search_term_string"}}],"inLanguage":"tr"},{"@type":"Organization","@id":"https:\/\/longchangchemical.com\/#organization","name":"Longchang Kimya","url":"https:\/\/longchangchemical.com\/","logo":{"@type":"ImageObject","inLanguage":"tr","@id":"https:\/\/longchangchemical.com\/#\/schema\/logo\/image\/","url":"https:\/\/longchangchemical.com\/wp-content\/uploads\/2020\/08\/cropped-longchang-logo.png","contentUrl":"https:\/\/longchangchemical.com\/wp-content\/uploads\/2020\/08\/cropped-longchang-logo.png","width":512,"height":512,"caption":"Longchang Chemical"},"image":{"@id":"https:\/\/longchangchemical.com\/#\/schema\/logo\/image\/"}}]}},"_links":{"self":[{"href":"https:\/\/longchangchemical.com\/tr\/wp-json\/wp\/v2\/product\/4830","targetHints":{"allow":["GET"]}}],"collection":[{"href":"https:\/\/longchangchemical.com\/tr\/wp-json\/wp\/v2\/product"}],"about":[{"href":"https:\/\/longchangchemical.com\/tr\/wp-json\/wp\/v2\/types\/product"}],"replies":[{"embeddable":true,"href":"https:\/\/longchangchemical.com\/tr\/wp-json\/wp\/v2\/comments?post=4830"}],"wp:attachment":[{"href":"https:\/\/longchangchemical.com\/tr\/wp-json\/wp\/v2\/media?parent=4830"}],"wp:term":[{"taxonomy":"product_brand","embeddable":true,"href":"https:\/\/longchangchemical.com\/tr\/wp-json\/wp\/v2\/product_brand?post=4830"},{"taxonomy":"product_cat","embeddable":true,"href":"https:\/\/longchangchemical.com\/tr\/wp-json\/wp\/v2\/product_cat?post=4830"},{"taxonomy":"product_tag","embeddable":true,"href":"https:\/\/longchangchemical.com\/tr\/wp-json\/wp\/v2\/product_tag?post=4830"}],"curies":[{"name":"wp","href":"https:\/\/api.w.org\/{rel}","templated":true}]}}