{"id":4794,"date":"2021-10-08T14:19:29","date_gmt":"2021-10-08T14:19:29","guid":{"rendered":"https:\/\/longchangchemical.com\/?post_type=product&#038;p=4794"},"modified":"2025-12-15T08:45:05","modified_gmt":"2025-12-15T08:45:05","slug":"dotp-cas-6422-86-2","status":"publish","type":"product","link":"https:\/\/longchangchemical.com\/tr\/product\/dotp-cas-6422-86-2\/","title":{"rendered":"CHLUMIFLEX\u00ae DOTP \/ Dioctyl terephthalate CAS 6422-86-2"},"content":{"rendered":"<h1><strong>Dioktil tereftalat DOTP CAS 6422-86-2<\/strong><\/h1>\n<table class=\"table-1\">\n<tbody>\n<tr>\n<td width=\"316\"><strong><b>Test<\/b><\/strong><strong><b>\u00a0\u00d6\u011fe<\/b><\/strong><\/td>\n<td width=\"210\"><strong><b>\u015eartname<\/b><\/strong><\/td>\n<\/tr>\n<tr>\n<td width=\"316\">G\u00f6r\u00fcn\u00fc\u015f<\/td>\n<td width=\"210\">Renksiz \u015feffaf s\u0131v\u0131<\/td>\n<\/tr>\n<tr>\n<td width=\"316\">Renk\uff08APHA\uff09<\/td>\n<td width=\"210\">\u226420<\/td>\n<\/tr>\n<tr>\n<td width=\"316\">Asit (mgKOH\/g)<\/td>\n<td width=\"210\">0.02<\/td>\n<\/tr>\n<tr>\n<td width=\"316\">Yo\u011funluk\uff0820\u2103\uff09\uff0cg\/cm3<\/td>\n<td width=\"210\">0.981-0.985<\/td>\n<\/tr>\n<tr>\n<td width=\"316\">Parlama noktas\u0131 \uff08\u2103\uff09<\/td>\n<td width=\"210\">210<\/td>\n<\/tr>\n<tr>\n<td width=\"316\">\u0130\u00e7erik\uff08%\uff09<\/td>\n<td width=\"210\">99.5<\/td>\n<\/tr>\n<tr>\n<td width=\"316\">Su\uff08%\uff09<\/td>\n<td width=\"210\">0.03<\/td>\n<\/tr>\n<tr>\n<td width=\"316\">Hacim \u00f6zdirenci *10<sup>10<\/sup>\u03a9.m\u2265<\/td>\n<td width=\"210\">2<\/td>\n<\/tr>\n<\/tbody>\n<\/table>\n<p>&nbsp;<\/p>\n<h2><strong>Dioktil tereftalat Kullan\u0131m\u0131<\/strong><\/h2>\n<p>1. Dioktil tereftalat (DOTP) polivinil klor\u00fcr (PVC) plastikler i\u00e7in m\u00fckemmel bir ana plastikle\u015ftiricidir.<\/p>\n<p>2. \u015eu anda yayg\u0131n olarak kullan\u0131lan diizooktil ftalat (DOP) ile kar\u015f\u0131la\u015ft\u0131r\u0131ld\u0131\u011f\u0131nda, \u0131s\u0131 direnci, so\u011fuk direnci, u\u00e7mas\u0131 zor, ekstraksiyona diren\u00e7, esneklik ve elektrik yal\u0131t\u0131m performans\u0131 vb. avantajlara sahiptir ve \u00fcr\u00fcnlerde m\u00fckemmel performans g\u00f6sterir Dayan\u0131kl\u0131l\u0131k, sabunlu su direnci ve d\u00fc\u015f\u00fck s\u0131cakl\u0131k esnekli\u011fi.<\/p>\n<p>3. D\u00fc\u015f\u00fck u\u00e7uculu\u011fu nedeniyle, DOTP kullan\u0131m\u0131 tellerin ve kablolar\u0131n s\u0131cakl\u0131k direnci gereksinimlerini tam olarak kar\u015f\u0131layabilir ve 70 \u2103 diren\u00e7li kablo malzemelerinde ve di\u011fer \u00e7e\u015fitli PVC yumu\u015fak \u00fcr\u00fcnlerde yayg\u0131n olarak kullan\u0131labilir.<\/p>\n<p>4. Kablo malzemeleri ve PVC'de kullan\u0131lan \u00e7ok say\u0131da plastikle\u015ftiriciye ek olarak, DOTP suni deri filmlerin \u00fcretiminde de kullan\u0131labilir. Buna ek olarak, DOTP m\u00fckemmel uyumlulu\u011fa sahiptir ve akrilonitril t\u00fcrevleri, polivinil b\u00fctiral, nitril kau\u00e7uk, nitrosel\u00fcloz vb. i\u00e7in plastikle\u015ftirici olarak ve ayr\u0131ca sentetik kau\u00e7uk, boya katk\u0131 maddeleri, Hassas alet ya\u011flay\u0131c\u0131lar\u0131, ya\u011flay\u0131c\u0131 katk\u0131 maddeleri i\u00e7in plastikle\u015ftirici olarak da kullan\u0131labilir, ayr\u0131ca ka\u011f\u0131t i\u00e7in yumu\u015fat\u0131c\u0131 olarak da kullan\u0131labilir.<\/p>\n<p>Bu \u00fcr\u00fcn 1,4-Benzendikarboksilik asit, 1,4-bis(2-etilheksil) ester; ADK Cizer D 810; Bis(2-etilheksil) tereftalat; DEHTP; Di-(2-etilheksil) tereftalat; Eastman 168; Eastman TM 168; Kodaflex DOTP; Palatinol DOTP; Plastikle\u015ftirici 168; Tereftalik asit, bis(2-etilheksil) ester yerine kullan\u0131labilir.<\/p>\n<h2><strong>Dioktil tereftalat Paketleme ve Nakliye<\/strong><\/h2>\n<p>Ambalaj: 200kg\/tambur, paletlerle birlikte 16 ton\/20'konteyner<\/p>\n<p>&nbsp;<\/p>\n<h2><strong>Dioktil tereftalat Depolama<\/strong><\/h2>\n<p>Oda s\u0131cakl\u0131\u011f\u0131nda karanl\u0131k ve kuru bir yerde saklay\u0131n.<\/p>\n<p>&nbsp;<\/p>\n<h2><strong>Ayn\u0131 seriden alev geciktirici plastikle\u015ftiriciler<\/strong><\/h2>\n<table style=\"border-collapse: collapse; width: 374.27pt;\" border=\"0\" width=\"499\" cellspacing=\"0\" cellpadding=\"0\">\n<tbody>\n<tr style=\"height: 21.00pt;\">\n<td class=\"et2\" style=\"height: 21.00pt; width: 96.00pt;\" width=\"128\" height=\"28\"><a title=\"https:\/\/longchangchemical.com\/product\/cas-91082-17-6\/\" href=\"https:\/\/longchangchemical.com\/tr\/product\/cas-91082-17-6\/\"><span style=\"color: #00ccff;\">Lcflex\u00ae T-50<\/span><\/a><\/td>\n<td class=\"et3\" style=\"width: 159.75pt;\" width=\"213\">T-50; ASE<\/td>\n<td class=\"et3\" style=\"width: 118.50pt;\" width=\"158\">CAS 91082-17-6<\/td>\n<\/tr>\n<tr style=\"height: 21.00pt;\">\n<td class=\"et2\" style=\"height: 21.00pt; width: 96.00pt;\" width=\"128\" height=\"28\"><a title=\"https:\/\/longchangchemical.com\/product\/acetyl-tributyl-citrate-cas-77-90-7\/\" href=\"https:\/\/longchangchemical.com\/tr\/product\/acetyl-tributyl-citrate-cas-77-90-7\/\"><span style=\"color: #00ccff;\">Lcflex\u00ae ATBC<\/span><\/a><\/td>\n<td class=\"et3\" style=\"width: 159.75pt;\" width=\"213\">Asetil trib\u00fctil sitrat<\/td>\n<td class=\"et3\" style=\"width: 118.50pt;\" width=\"158\">CAS 77-90-7<\/td>\n<\/tr>\n<tr style=\"height: 21.00pt;\">\n<td class=\"et2\" style=\"height: 21.00pt; width: 96.00pt;\" width=\"128\" height=\"28\"><a title=\"https:\/\/longchangchemical.com\/product\/tributyl-citrate-tbc-cas-77-94-1\/\" href=\"https:\/\/longchangchemical.com\/tr\/product\/tributyl-citrate-tbc-cas-77-94-1\/\"><span style=\"color: #00ccff;\">Lcflex\u00ae TBC<\/span><\/a><\/td>\n<td class=\"et3\" style=\"width: 159.75pt;\" width=\"213\">Trib\u00fctil sitrat<\/td>\n<td class=\"et3\" style=\"width: 118.50pt;\" width=\"158\">CAS 77-94-1<\/td>\n<\/tr>\n<tr style=\"height: 21.00pt;\">\n<td class=\"et2\" style=\"height: 21.00pt; width: 96.00pt;\" width=\"128\" height=\"28\"><span style=\"color: #00ccff;\"><a style=\"color: #00ccff;\" title=\"https:\/\/longchangchemical.com\/product\/tcpp-cas-13674-84-5\/\" href=\"https:\/\/longchangchemical.com\/tr\/product\/tcpp-cas-13674-84-5\/\">Lcflex\u00ae TCPP<\/a><\/span><\/td>\n<td class=\"et3\" style=\"width: 159.75pt;\" width=\"213\">TCPP alev geciktirici<\/td>\n<td class=\"et3\" style=\"width: 118.50pt;\" width=\"158\">CAS 13674-84-5<\/td>\n<\/tr>\n<tr style=\"height: 21.00pt;\">\n<td class=\"et2\" style=\"height: 21.00pt; width: 96.00pt;\" width=\"128\" height=\"28\"><a title=\"https:\/\/longchangchemical.com\/product\/dotp-cas-6422-86-2\/\" href=\"https:\/\/longchangchemical.com\/tr\/product\/dotp-cas-6422-86-2\/\"><span style=\"color: #00ccff;\">Lcflex\u00ae DOTP<\/span><\/a><\/td>\n<td class=\"et3\" style=\"width: 159.75pt;\" width=\"213\">Dioktil tereftalat<\/td>\n<td class=\"et3\" style=\"width: 118.50pt;\" width=\"158\">CAS 6422-86-2<\/td>\n<\/tr>\n<tr style=\"height: 21.00pt;\">\n<td class=\"et2\" style=\"height: 21.00pt; width: 96.00pt;\" width=\"128\" height=\"28\"><span style=\"color: #00ccff;\"><a style=\"color: #00ccff;\" title=\"https:\/\/longchangchemical.com\/product\/diethyl-phthalate-dep-cas-84-66-2\/\" href=\"https:\/\/longchangchemical.com\/tr\/product\/diethyl-phthalate-dep-cas-84-66-2\/\">Lcflex\u00ae DEP<\/a><\/span><\/td>\n<td class=\"et3\" style=\"width: 159.75pt;\" width=\"213\">Dietil ftalat<\/td>\n<td class=\"et3\" style=\"width: 118.50pt;\" width=\"158\">CAS 84-66-2<\/td>\n<\/tr>\n<tr style=\"height: 21.00pt;\">\n<td class=\"et2\" style=\"height: 21.00pt; width: 96.00pt;\" width=\"128\" height=\"28\"><span style=\"color: #00ccff;\"><a style=\"color: #00ccff;\" title=\"https:\/\/longchangchemical.com\/product\/triethyl-citrate-cas-77-93-0\/\" href=\"https:\/\/longchangchemical.com\/tr\/product\/triethyl-citrate-cas-77-93-0\/\">Lcflex\u00ae TEC<\/a><\/span><\/td>\n<td class=\"et3\" style=\"width: 159.75pt;\" width=\"213\">trietil sitrat<\/td>\n<td class=\"et3\" style=\"width: 118.50pt;\" width=\"158\">CAS 77-93-0<\/td>\n<\/tr>\n<tr style=\"height: 21.00pt;\">\n<td class=\"et2\" style=\"height: 21.00pt; width: 96.00pt;\" width=\"128\" height=\"28\"><span style=\"color: #00ccff;\"><a style=\"color: #00ccff;\" title=\"https:\/\/longchangchemical.com\/product\/Lcflare-doa-cas-123-79-5\/\" href=\"https:\/\/longchangchemical.com\/tr\/product\/Lcflare-doa-cas-123-79-5\/\">Lcflex\u00ae DOA<\/a><\/span><\/td>\n<td class=\"et3\" style=\"width: 159.75pt;\" width=\"213\">Dioktil adipat<\/td>\n<td class=\"et3\" style=\"width: 118.50pt;\" width=\"158\">CAS 123-79-5<\/td>\n<\/tr>\n<tr style=\"height: 30.00pt;\">\n<td class=\"et2\" style=\"height: 30.00pt; width: 96.00pt;\" width=\"128\" height=\"40\"><span style=\"color: #00ccff;\"><a style=\"color: #00ccff;\" title=\"https:\/\/longchangchemical.com\/product\/Lcflare-dos-cas-2432-87-3\/\" href=\"https:\/\/longchangchemical.com\/tr\/product\/Lcflare-dos-cas-2432-87-3\/\">Lcflex\u00ae DOS<\/a><\/span><\/td>\n<td class=\"et3\" style=\"width: 159.75pt;\" width=\"213\">SEBACIC ACID DI-N-OCTYL ESTER<\/td>\n<td class=\"et3\" style=\"width: 118.50pt;\" width=\"158\">CAS 2432-87-3<\/td>\n<\/tr>\n<tr style=\"height: 27.00pt;\">\n<td class=\"et2\" style=\"height: 27.00pt; width: 96.00pt;\" width=\"128\" height=\"36\"><a title=\"https:\/\/longchangchemical.com\/product\/cas-28553-12-0-685-15-48-0\/\" href=\"https:\/\/longchangchemical.com\/tr\/product\/cas-28553-12-0-685-15-48-0\/\"><span style=\"color: #00ccff;\">Lcflex\u00ae DINP<\/span><\/a><\/td>\n<td class=\"et3\" style=\"width: 159.75pt;\" width=\"213\">Diisononyl Phthalate<\/td>\n<td class=\"et3\" style=\"width: 118.50pt;\" width=\"158\">CAS 28553-12-0\/685 15-48-0<\/td>\n<\/tr>\n<tr style=\"height: 21.00pt;\">\n<td class=\"et2\" style=\"height: 21.00pt; width: 96.00pt;\" width=\"128\" height=\"28\"><span style=\"color: #00ccff;\"><a style=\"color: #00ccff;\" title=\"https:\/\/longchangchemical.com\/product\/tmp-cas-77-99-6\/\" href=\"https:\/\/longchangchemical.com\/tr\/product\/tmp-cas-77-99-6\/\">Lcflex\u00ae TMP<\/a><\/span><\/td>\n<td class=\"et3\" style=\"width: 159.75pt;\" width=\"213\">Trimetilolpropan<\/td>\n<td class=\"et3\" style=\"width: 118.50pt;\" width=\"158\">CAS 77-99-6<\/td>\n<\/tr>\n<tr style=\"height: 13.50pt;\">\n<td class=\"et2\" style=\"height: 13.50pt; width: 96.00pt;\" width=\"128\" height=\"18\"><span style=\"color: #00ccff;\"><a style=\"color: #00ccff;\" title=\"https:\/\/longchangchemical.com\/product\/triethyl-phosphate-tep-cas-78-40-0\/\" href=\"https:\/\/longchangchemical.com\/tr\/product\/triethyl-phosphate-tep-cas-78-40-0\/\">Lcflex\u00ae TEP<\/a><\/span><\/td>\n<td class=\"et3\" style=\"width: 159.75pt;\" width=\"213\">Trietil fosfat<\/td>\n<td class=\"et3\" style=\"width: 118.50pt;\" width=\"158\">CAS 78-40-0<\/td>\n<\/tr>\n<tr style=\"height: 13.50pt;\">\n<td class=\"et4\" style=\"height: 13.50pt; width: 96.00pt;\" width=\"128\" height=\"18\"><a href=\"https:\/\/longchangchemical.com\/tr\/product\/Lcflex-totm-cas-3319-31-1\/\"><span style=\"color: #00ccff;\">Lcflex\u00ae TOTM<\/span><\/a><\/td>\n<td class=\"et3\" style=\"width: 159.75pt;\" width=\"213\">Trioktil trimellitat<\/td>\n<td class=\"et3\" style=\"width: 118.50pt;\" width=\"158\">CAS 3319-31-1<\/td>\n<\/tr>\n<tr style=\"height: 40.50pt;\">\n<td class=\"et4\" style=\"height: 40.50pt; width: 96.00pt;\" width=\"128\" height=\"54\"><a href=\"https:\/\/longchangchemical.com\/tr\/product\/Lcflex-bbp\/\"><span style=\"color: #00ccff;\">Lcflex\u00ae BBP<\/span><\/a><\/td>\n<td class=\"et3\" style=\"width: 159.75pt;\" width=\"213\">Biyo-bazl\u0131 plastikle\u015ftiriciler, Y\u00fcksek verimli plastikle\u015ftirici<\/td>\n<td class=\"et3\" style=\"width: 118.50pt;\" width=\"158\"><\/td>\n<\/tr>\n<tr style=\"height: 13.50pt;\">\n<td class=\"et4\" style=\"height: 13.50pt; width: 96.00pt;\" width=\"128\" height=\"18\"><a href=\"https:\/\/longchangchemical.com\/tr\/product\/tmp-cas-77-99-6\/\"><span style=\"color: #00ccff;\">Lcflex\u00ae TMP<\/span><\/a><\/td>\n<td class=\"et3\" style=\"width: 159.75pt;\" width=\"213\">Trimetilol propan<\/td>\n<td class=\"et3\" style=\"width: 118.50pt;\" width=\"158\">CAS 77-99-6<\/td>\n<\/tr>\n<tr style=\"height: 30.00pt;\">\n<td class=\"et2\" style=\"height: 30.00pt; width: 96.00pt;\" width=\"128\" height=\"40\"><a title=\"https:\/\/longchangchemical.com\/product\/sinopszr-tcep-cas-115-96-8\/\" href=\"https:\/\/longchangchemical.com\/tr\/product\/sinopszr-tcep-cas-115-96-8\/\"><span style=\"color: #00ccff;\">Lcflare\u00ae TCEP<\/span><\/a><\/td>\n<td class=\"et3\" style=\"width: 159.75pt;\" width=\"213\">Tris(2-kloroetil) fosfat<\/td>\n<td class=\"et3\" style=\"width: 118.50pt;\" width=\"158\">CAS 115-96-8<\/td>\n<\/tr>\n<tr style=\"height: 30.00pt;\">\n<td class=\"et2\" style=\"height: 30.00pt; width: 96.00pt;\" width=\"128\" height=\"40\"><span style=\"color: #00ccff;\"><a style=\"color: #00ccff;\" title=\"https:\/\/longchangchemical.com\/product\/Lcflare-bdp\/\" href=\"https:\/\/longchangchemical.com\/tr\/product\/Lcflare-bdp\/\">Lcflare\u00ae BDP<\/a><\/span><\/td>\n<td class=\"et3\" style=\"width: 159.75pt;\" width=\"213\">Bisfenol-A bis(difenil fosfat)<\/td>\n<td class=\"et3\" style=\"width: 118.50pt;\" width=\"158\">CAS 5945-33-5<\/td>\n<\/tr>\n<tr style=\"height: 13.50pt;\">\n<td class=\"et2\" style=\"height: 13.50pt; width: 96.00pt;\" width=\"128\" height=\"18\"><span style=\"color: #00ccff;\"><a style=\"color: #00ccff;\" title=\"https:\/\/longchangchemical.com\/product\/Lcflare-tpp-cas-115-86-6\/\" href=\"https:\/\/longchangchemical.com\/tr\/product\/Lcflare-tpp-cas-115-86-6\/\">Lcflare\u00ae TPP<\/a><\/span><\/td>\n<td class=\"et3\" style=\"width: 159.75pt;\" width=\"213\">Trifenil fosfat<\/td>\n<td class=\"et3\" style=\"width: 118.50pt;\" width=\"158\">CAS 115-86-6<\/td>\n<\/tr>\n<\/tbody>\n<\/table>\n<h2><\/h2>\n<h2><strong>\u015eimdi Bize Ula\u015f\u0131n!<\/strong><\/h2>\n<h4><strong><b>COA, MSDS veya TDS'ye ihtiyac\u0131n\u0131z varsa, l\u00fctfen a\u015fa\u011f\u0131daki forma ileti\u015fim bilgilerinizi girin, genellikle 24 saat i\u00e7inde sizinle ileti\u015fime ge\u00e7ece\u011fiz. Bana e-posta da g\u00f6nderebilirsiniz <span style=\"color: #0000ff;\"><a style=\"color: #0000ff;\" href=\"mailto:info@longchangchemical.com\">info@longchangchemical.com<\/a><\/span> \u00c7al\u0131\u015fma saatleri i\u00e7inde (8:30 - 6:00 UTC+8 Pzt.~Sat.) veya h\u0131zl\u0131 yan\u0131t almak i\u00e7in web sitesi canl\u0131 sohbetini kullan\u0131n.<\/b><\/strong><\/h4>","protected":false},"excerpt":{"rendered":"<h4>Kimyasal Ad\u0131: Lcflex\u00ae DOTP<\/h4>\n<h4>Di\u011fer Ad\u0131: Dioktil tereftalat; 1,4-Benzendikarboksilik asit, 1,4-bis(2-etilheksil) ester; ADK Cizer D 810; Bis(2-etilheksil) tereftalat; DEHTP; Di-(2-etilheksil) tereftalat; Eastman 168; Eastman TM 168; Kodaflex DOTP; Palatinol DOTP; Plastikle\u015ftirici 168; Tereftalik asit, bis(2-etilheksil) ester.<\/h4>\n<h4>CAS No: 6422-86-2<\/h4>\n<h4>Molek\u00fcler Fom\u00fcl: C24H38O4<\/h4>\n<h4>Kimyasal Yap\u0131:<img decoding=\"async\" title=\"CAS 6422-86-2 Yap\u0131s\u0131\" src=\"https:\/\/www.longchangchemical.com\/wp-content\/uploads\/product-details\/20200612220282.png\" alt=\"CAS 6422-86-2 Yap\u0131s\u0131\" width=\"149\" height=\"158\" border=\"0\" vspace=\"0\" \/><\/h4>\n<h4>Molek\u00fcl a\u011f\u0131rl\u0131\u011f\u0131:390.56<\/h4>\n<h4>G\u00f6r\u00fcn\u00fcm:Renksiz \u015eeffaf S\u0131v\u0131<\/h4>\n<h4>Test: \u226599%<\/h4>","protected":false},"featured_media":0,"comment_status":"open","ping_status":"closed","template":"","meta":[],"product_brand":[],"product_cat":[111],"product_tag":[],"class_list":{"0":"post-4794","1":"product","2":"type-product","3":"status-publish","5":"product_cat-plasticizer","7":"first","8":"instock","9":"shipping-taxable","10":"product-type-simple"},"yoast_head":"<!-- This site is optimized with the Yoast SEO plugin v25.3.1 - https:\/\/yoast.com\/wordpress\/plugins\/seo\/ -->\n<title>China Dioctyl terephthalate DOTP manufacturer - Longchang chemical<\/title>\n<meta name=\"description\" content=\"China Dioctyl terephthalate DOTP CAS 6422-86-2 manufacturer. This product can replace Bis(2-ethylhexyl) terephthalate, DOTP, Eastman 168, Eastman TM 168, Kodaflex DOTP, NEO-T, Palatinol DOTP, Plasticizer 168, Terephthalic acid, bis(2-ethylhexyl) ester, terephthalic acid, bis(2-ethylhexyl)ester, DEHTP, Dioctyl terephthalate, ADK Cizer D 810.\" \/>\n<meta name=\"robots\" content=\"index, follow, max-snippet:-1, max-image-preview:large, max-video-preview:-1\" \/>\n<link rel=\"canonical\" href=\"https:\/\/longchangchemical.com\/tr\/product\/dotp-cas-6422-86-2\/\" \/>\n<meta property=\"og:locale\" content=\"tr_TR\" \/>\n<meta property=\"og:type\" content=\"article\" \/>\n<meta property=\"og:title\" content=\"China Dioctyl terephthalate DOTP manufacturer - Longchang chemical\" \/>\n<meta property=\"og:description\" content=\"China Dioctyl terephthalate DOTP CAS 6422-86-2 manufacturer. This product can replace Bis(2-ethylhexyl) terephthalate, DOTP, Eastman 168, Eastman TM 168, Kodaflex DOTP, NEO-T, Palatinol DOTP, Plasticizer 168, Terephthalic acid, bis(2-ethylhexyl) ester, terephthalic acid, bis(2-ethylhexyl)ester, DEHTP, Dioctyl terephthalate, ADK Cizer D 810.\" \/>\n<meta property=\"og:url\" content=\"https:\/\/longchangchemical.com\/tr\/product\/dotp-cas-6422-86-2\/\" \/>\n<meta property=\"og:site_name\" content=\"Longchang Chemical\" \/>\n<meta property=\"article:modified_time\" content=\"2025-12-15T08:45:05+00:00\" \/>\n<meta property=\"og:image\" content=\"https:\/\/longchangchemical.com\/wp-content\/uploads\/2024\/02\/logo-jpeg.jpg\" \/>\n\t<meta property=\"og:image:width\" content=\"1000\" \/>\n\t<meta property=\"og:image:height\" content=\"1000\" \/>\n\t<meta property=\"og:image:type\" content=\"image\/jpeg\" \/>\n<meta name=\"twitter:card\" content=\"summary_large_image\" \/>\n<script type=\"application\/ld+json\" class=\"yoast-schema-graph\">{\"@context\":\"https:\/\/schema.org\",\"@graph\":[{\"@type\":\"WebPage\",\"@id\":\"https:\/\/longchangchemical.com\/product\/dotp-cas-6422-86-2\/\",\"url\":\"https:\/\/longchangchemical.com\/product\/dotp-cas-6422-86-2\/\",\"name\":\"China Dioctyl terephthalate DOTP manufacturer - Longchang chemical\",\"isPartOf\":{\"@id\":\"https:\/\/longchangchemical.com\/#website\"},\"datePublished\":\"2021-10-08T14:19:29+00:00\",\"dateModified\":\"2025-12-15T08:45:05+00:00\",\"description\":\"China Dioctyl terephthalate DOTP CAS 6422-86-2 manufacturer. This product can replace Bis(2-ethylhexyl) terephthalate, DOTP, Eastman 168, Eastman TM 168, Kodaflex DOTP, NEO-T, Palatinol DOTP, Plasticizer 168, Terephthalic acid, bis(2-ethylhexyl) ester, terephthalic acid, bis(2-ethylhexyl)ester, DEHTP, Dioctyl terephthalate, ADK Cizer D 810.\",\"breadcrumb\":{\"@id\":\"https:\/\/longchangchemical.com\/product\/dotp-cas-6422-86-2\/#breadcrumb\"},\"inLanguage\":\"tr\",\"potentialAction\":[{\"@type\":\"ReadAction\",\"target\":[\"https:\/\/longchangchemical.com\/product\/dotp-cas-6422-86-2\/\"]}]},{\"@type\":\"BreadcrumbList\",\"@id\":\"https:\/\/longchangchemical.com\/product\/dotp-cas-6422-86-2\/#breadcrumb\",\"itemListElement\":[{\"@type\":\"ListItem\",\"position\":1,\"name\":\"Home\",\"item\":\"https:\/\/longchangchemical.com\/\"},{\"@type\":\"ListItem\",\"position\":2,\"name\":\"Products Longchang\",\"item\":\"https:\/\/longchangchemical.com\/product\/\"},{\"@type\":\"ListItem\",\"position\":3,\"name\":\"CHLUMIFLEX\u00ae DOTP \/ Dioctyl terephthalate CAS 6422-86-2\"}]},{\"@type\":\"WebSite\",\"@id\":\"https:\/\/longchangchemical.com\/#website\",\"url\":\"https:\/\/longchangchemical.com\/\",\"name\":\"Longchang Chemical\",\"description\":\"China chemical manufacturer \uff06 supplier\",\"publisher\":{\"@id\":\"https:\/\/longchangchemical.com\/#organization\"},\"potentialAction\":[{\"@type\":\"SearchAction\",\"target\":{\"@type\":\"EntryPoint\",\"urlTemplate\":\"https:\/\/longchangchemical.com\/?s={search_term_string}\"},\"query-input\":{\"@type\":\"PropertyValueSpecification\",\"valueRequired\":true,\"valueName\":\"search_term_string\"}}],\"inLanguage\":\"tr\"},{\"@type\":\"Organization\",\"@id\":\"https:\/\/longchangchemical.com\/#organization\",\"name\":\"Longchang Chemical\",\"url\":\"https:\/\/longchangchemical.com\/\",\"logo\":{\"@type\":\"ImageObject\",\"inLanguage\":\"tr\",\"@id\":\"https:\/\/longchangchemical.com\/#\/schema\/logo\/image\/\",\"url\":\"https:\/\/longchangchemical.com\/wp-content\/uploads\/2020\/08\/cropped-longchang-logo.png\",\"contentUrl\":\"https:\/\/longchangchemical.com\/wp-content\/uploads\/2020\/08\/cropped-longchang-logo.png\",\"width\":512,\"height\":512,\"caption\":\"Longchang Chemical\"},\"image\":{\"@id\":\"https:\/\/longchangchemical.com\/#\/schema\/logo\/image\/\"}}]}<\/script>\n<!-- \/ Yoast SEO plugin. -->","yoast_head_json":{"title":"\u00c7in Dioctyl terephthalate DOTP \u00fcreticisi - Longchang chemical","description":"\u00c7in Dioctyl terephthalate DOTP CAS 6422-86-2 \u00fcreticisi. Bu \u00fcr\u00fcn Bis (2-etilheksil) tereftalat, DOTP, Eastman 168, Eastman TM 168, Kodaflex DOTP, NEO-T, Palatinol DOTP, Plastikle\u015ftirici 168, Tereftalik asit, bis (2-etilheksil) ester, tereftalik asit, bis (2-etilheksil) ester, DEHTP, Dioktil tereftalat, ADK Cizer D 810'un yerini alabilir.","robots":{"index":"index","follow":"follow","max-snippet":"max-snippet:-1","max-image-preview":"max-image-preview:large","max-video-preview":"max-video-preview:-1"},"canonical":"https:\/\/longchangchemical.com\/tr\/product\/dotp-cas-6422-86-2\/","og_locale":"tr_TR","og_type":"article","og_title":"China Dioctyl terephthalate DOTP manufacturer - Longchang chemical","og_description":"China Dioctyl terephthalate DOTP CAS 6422-86-2 manufacturer. This product can replace Bis(2-ethylhexyl) terephthalate, DOTP, Eastman 168, Eastman TM 168, Kodaflex DOTP, NEO-T, Palatinol DOTP, Plasticizer 168, Terephthalic acid, bis(2-ethylhexyl) ester, terephthalic acid, bis(2-ethylhexyl)ester, DEHTP, Dioctyl terephthalate, ADK Cizer D 810.","og_url":"https:\/\/longchangchemical.com\/tr\/product\/dotp-cas-6422-86-2\/","og_site_name":"Longchang Chemical","article_modified_time":"2025-12-15T08:45:05+00:00","og_image":[{"width":1000,"height":1000,"url":"https:\/\/longchangchemical.com\/wp-content\/uploads\/2024\/02\/logo-jpeg.jpg","type":"image\/jpeg"}],"twitter_card":"summary_large_image","schema":{"@context":"https:\/\/schema.org","@graph":[{"@type":"WebPage","@id":"https:\/\/longchangchemical.com\/product\/dotp-cas-6422-86-2\/","url":"https:\/\/longchangchemical.com\/product\/dotp-cas-6422-86-2\/","name":"\u00c7in Dioctyl terephthalate DOTP \u00fcreticisi - Longchang chemical","isPartOf":{"@id":"https:\/\/longchangchemical.com\/#website"},"datePublished":"2021-10-08T14:19:29+00:00","dateModified":"2025-12-15T08:45:05+00:00","description":"\u00c7in Dioctyl terephthalate DOTP CAS 6422-86-2 \u00fcreticisi. Bu \u00fcr\u00fcn Bis (2-etilheksil) tereftalat, DOTP, Eastman 168, Eastman TM 168, Kodaflex DOTP, NEO-T, Palatinol DOTP, Plastikle\u015ftirici 168, Tereftalik asit, bis (2-etilheksil) ester, tereftalik asit, bis (2-etilheksil) ester, DEHTP, Dioktil tereftalat, ADK Cizer D 810'un yerini alabilir.","breadcrumb":{"@id":"https:\/\/longchangchemical.com\/product\/dotp-cas-6422-86-2\/#breadcrumb"},"inLanguage":"tr","potentialAction":[{"@type":"ReadAction","target":["https:\/\/longchangchemical.com\/product\/dotp-cas-6422-86-2\/"]}]},{"@type":"BreadcrumbList","@id":"https:\/\/longchangchemical.com\/product\/dotp-cas-6422-86-2\/#breadcrumb","itemListElement":[{"@type":"ListItem","position":1,"name":"Home","item":"https:\/\/longchangchemical.com\/"},{"@type":"ListItem","position":2,"name":"Products Longchang","item":"https:\/\/longchangchemical.com\/product\/"},{"@type":"ListItem","position":3,"name":"CHLUMIFLEX\u00ae DOTP \/ Dioctyl terephthalate CAS 6422-86-2"}]},{"@type":"WebSite","@id":"https:\/\/longchangchemical.com\/#website","url":"https:\/\/longchangchemical.com\/","name":"Longchang Kimya","description":"\u00c7in kimyasal \u00fcreticisi \uff06 tedarik\u00e7isi","publisher":{"@id":"https:\/\/longchangchemical.com\/#organization"},"potentialAction":[{"@type":"SearchAction","target":{"@type":"EntryPoint","urlTemplate":"https:\/\/longchangchemical.com\/?s={search_term_string}"},"query-input":{"@type":"PropertyValueSpecification","valueRequired":true,"valueName":"search_term_string"}}],"inLanguage":"tr"},{"@type":"Organization","@id":"https:\/\/longchangchemical.com\/#organization","name":"Longchang Kimya","url":"https:\/\/longchangchemical.com\/","logo":{"@type":"ImageObject","inLanguage":"tr","@id":"https:\/\/longchangchemical.com\/#\/schema\/logo\/image\/","url":"https:\/\/longchangchemical.com\/wp-content\/uploads\/2020\/08\/cropped-longchang-logo.png","contentUrl":"https:\/\/longchangchemical.com\/wp-content\/uploads\/2020\/08\/cropped-longchang-logo.png","width":512,"height":512,"caption":"Longchang Chemical"},"image":{"@id":"https:\/\/longchangchemical.com\/#\/schema\/logo\/image\/"}}]}},"_links":{"self":[{"href":"https:\/\/longchangchemical.com\/tr\/wp-json\/wp\/v2\/product\/4794","targetHints":{"allow":["GET"]}}],"collection":[{"href":"https:\/\/longchangchemical.com\/tr\/wp-json\/wp\/v2\/product"}],"about":[{"href":"https:\/\/longchangchemical.com\/tr\/wp-json\/wp\/v2\/types\/product"}],"replies":[{"embeddable":true,"href":"https:\/\/longchangchemical.com\/tr\/wp-json\/wp\/v2\/comments?post=4794"}],"wp:attachment":[{"href":"https:\/\/longchangchemical.com\/tr\/wp-json\/wp\/v2\/media?parent=4794"}],"wp:term":[{"taxonomy":"product_brand","embeddable":true,"href":"https:\/\/longchangchemical.com\/tr\/wp-json\/wp\/v2\/product_brand?post=4794"},{"taxonomy":"product_cat","embeddable":true,"href":"https:\/\/longchangchemical.com\/tr\/wp-json\/wp\/v2\/product_cat?post=4794"},{"taxonomy":"product_tag","embeddable":true,"href":"https:\/\/longchangchemical.com\/tr\/wp-json\/wp\/v2\/product_tag?post=4794"}],"curies":[{"name":"wp","href":"https:\/\/api.w.org\/{rel}","templated":true}]}}