{"id":4790,"date":"2021-10-07T08:03:42","date_gmt":"2021-10-07T08:03:42","guid":{"rendered":"https:\/\/longchangchemical.com\/?post_type=product&#038;p=4790"},"modified":"2025-12-22T07:20:23","modified_gmt":"2025-12-22T07:20:23","slug":"liquid-sodium-silicate-cas-1344-09-8","status":"publish","type":"product","link":"https:\/\/longchangchemical.com\/tr\/product\/liquid-sodium-silicate-cas-1344-09-8\/","title":{"rendered":"S\u0131v\u0131 Sodyum silikat CAS 1344-09-8"},"content":{"rendered":"<h1><strong>S\u0131v\u0131 Sodyum silikat CAS 1344-09-8<\/strong><\/h1>\n<p><strong>Normal stok modelleri: 40BE, 42BE, 50BE.<\/strong><\/p>\n<p><strong>Molarite: 3.1-3.4; 3.1-3.35; 2.1-2.5<\/strong><\/p>\n<p><strong>Farkl\u0131 \u00f6zellikler, farkl\u0131 fiyatlar, \u00f6zellikleri anlamad\u0131ysan\u0131z, bize amac\u0131n\u0131z\u0131 s\u00f6yleyebilirsiniz, sizin i\u00e7in do\u011fru \u00fcr\u00fcn\u00fc \u00f6nerece\u011fiz.<\/strong><\/p>\n<p>&nbsp;<\/p>\n<table width=\"288\">\n<tbody>\n<tr>\n<td width=\"191\">\u00d6\u011fe<\/td>\n<td width=\"97\">G\u00f6stergeler<\/td>\n<\/tr>\n<tr>\n<td>S\u0131cakl\u0131k (20\u2103-g\/ml)<\/td>\n<td>1.368-1.394<\/td>\n<\/tr>\n<tr>\n<td>Sodyum oksit (Na2O) i\u00e7eri\u011fi%\u2265<\/td>\n<td>8.2<\/td>\n<\/tr>\n<tr>\n<td>Silikon dioksit (SiO2) i\u00e7eri\u011fi%\u2265<\/td>\n<td>26<\/td>\n<\/tr>\n<tr>\n<td>Mod\u00fcl M<\/td>\n<td>3.10-3.40<\/td>\n<\/tr>\n<\/tbody>\n<\/table>\n<p>&nbsp;<\/p>\n<h2><strong>Sodyum silikat isim a\u00e7\u0131klamas\u0131<\/strong><\/h2>\n<p>Molek\u00fcler form\u00fcl: Na2O-mSiO2 m mod\u00fcl\u00fc temsil eder<br \/>\nOran (Na2O: SiO2)<br \/>\nOran (Na2O: SiO2)--Kuvars kumu ve alkali oran\u0131, yani SiO2 ve Na2O'nun molar oran\u0131, sodyum silikat\u0131n M mod\u00fcl\u00fcn\u00fc belirler ve mod\u00fcl, sodyum silikat\u0131n bile\u015fimini g\u00f6sterir<br \/>\nOrtalama Na2O%- ortalama Na2O i\u00e7eri\u011fini ifade eder<br \/>\nOrtalama SiO2 %-- SiO2 i\u00e7eri\u011finin ortalama de\u011ferini ifade eder<br \/>\nToplam \u00e7\u00f6z\u00fcn\u00fcrl\u00fck (Silikat %): -sodyum silikat\u0131n \u00e7\u00f6z\u00fcn\u00fcrl\u00fc\u011f\u00fc<br \/>\nSuda \u00e7\u00f6z\u00fcnmeyen madde %: \u00e7\u00f6z\u00fcnmeyen madde i\u00e7eri\u011fi<\/p>\n<p>&nbsp;<\/p>\n<h2>Sodyum silikat nas\u0131l kullan\u0131l\u0131r?<\/h2>\n<p>1. 40BE-50BE sodyum silikat, mekanik end\u00fcstrisinde d\u00f6k\u00fcm, ta\u015flama ta\u015f\u0131 \u00fcretimi ve metal korozyon inhibit\u00f6r\u00fc i\u00e7in yayg\u0131n olarak kullan\u0131lmaktad\u0131r.<br \/>\n2. Sodyum silikat, in\u015faat sekt\u00f6r\u00fcnde \u00e7abuk kuruyan \u00e7imento, aside dayan\u0131kl\u0131 \u00e7imento ve su ge\u00e7irmez ya\u011f, toprak k\u00fcrleme maddesi, refrakter malzemeler vb. \u00fcretiminde kullan\u0131l\u0131r.<br \/>\n3. Sodyum silikat tar\u0131mda silika g\u00fcbresi yapmak i\u00e7in kullan\u0131l\u0131r.<br \/>\n4. Ayr\u0131ca, bir yap\u0131\u015ft\u0131r\u0131c\u0131 olarak 42BE sodyum silikat, karton (oluklu ka\u011f\u0131t) kartonlar ve ka\u011f\u0131t t\u00fcpler i\u00e7in y\u00fcksek viskoziteli bir yap\u0131\u015ft\u0131r\u0131c\u0131 olarak yayg\u0131n \u015fekilde kullan\u0131lmaktad\u0131r.<\/p>\n<p>&nbsp;<\/p>\n<p>1. Petrol end\u00fcstrisinde petrol katalizi ve kraking i\u00e7in silika-al\u00fcmina kataliz\u00f6rleri \u00fcretmek i\u00e7in kullan\u0131l\u0131r.<\/p>\n<p>2. Kimya end\u00fcstrisinde silika, zeolit molek\u00fcler elek, \u00e7\u00f6keltilmi\u015f silika, \u00e7e\u015fitli silikat t\u00fcrleri yapmak i\u00e7in kullan\u0131l\u0131r ve silikitlerin temel hammaddesidir.<\/p>\n<p>3. Hafif kimya end\u00fcstrisinde, \u00e7ama\u015f\u0131r deterjan\u0131 ve sabunda vazge\u00e7ilmez bir dolgu maddesidir ve sodyum silikat\u0131n kendisi etkili bir deterjan, yumu\u015fat\u0131c\u0131 bir madde ve halk taraf\u0131ndan kullan\u0131lan musluk suyu i\u00e7in bir lavabo yard\u0131mc\u0131s\u0131d\u0131r.<\/p>\n<p>4. Tekstil end\u00fcstrisinde, boyama yard\u0131mc\u0131s\u0131, a\u011fartma ve ha\u015f\u0131llama olarak kullan\u0131l\u0131r.<\/p>\n<p>5. Makine end\u00fcstrisinde, d\u00f6k\u00fcm, hassas d\u00f6k\u00fcm, ta\u015flama ta\u015f\u0131 imalat\u0131nda ve metal koruyucu olarak yayg\u0131n \u015fekilde kullan\u0131l\u0131r.<\/p>\n<p>6. \u0130n\u015faat sekt\u00f6r\u00fcnde, \u00e7abuk kuruyan \u00e7imento, aside dayan\u0131kl\u0131 \u00e7imento, su ge\u00e7irmez ya\u011f, toprak k\u00fcrleme maddesi, refrakter malzeme, oluklu mukavva vb. \u00fcretiminde kullan\u0131l\u0131r.<\/p>\n<p>7. Madencilikte, mineral i\u015fleme, su yal\u0131t\u0131m\u0131 ve t\u0131kama i\u00e7in.<\/p>\n<p>8. Tar\u0131mda, silika g\u00fcbre \u00fcretimi i\u00e7in.<\/p>\n<p>9. Ah\u015fap, sodyum silikata bat\u0131r\u0131ld\u0131\u011f\u0131nda yanmaz \u00f6zelliklere sahiptir.<\/p>\n<p>10. Yumurtalar sodyum silikat i\u00e7ine dald\u0131r\u0131ld\u0131ktan sonra bozulmadan uzun s\u00fcre saklanabilir; y\u00fcksek mod\u00fcll\u00fc sodyum silikat karton ve mukavva i\u00e7in ba\u011flay\u0131c\u0131d\u0131r.<\/p>\n<p>&nbsp;<\/p>\n<h2><strong>Sodyum silikat Paket<\/strong><\/h2>\n<p>200kg\/davul veya 1000kg\/davul.<\/p>\n<p>Nakliye ara\u00e7lar\u0131ndan olu\u015fan bir filomuz var ve il i\u00e7inde kap\u0131n\u0131za kadar teslimat yapabiliyoruz.<\/p>\n<p>&nbsp;<\/p>\n<h2><strong><b>\u015eimdi Bize Ula\u015f\u0131n!<\/b><\/strong><\/h2>\n<h4><strong><b>COA, MSDS veya TDS'ye ihtiyac\u0131n\u0131z varsa, l\u00fctfen a\u015fa\u011f\u0131daki forma ileti\u015fim bilgilerinizi girin, genellikle 24 saat i\u00e7inde sizinle ileti\u015fime ge\u00e7ece\u011fiz. Bana e-posta da g\u00f6nderebilirsiniz <span style=\"color: #0000ff;\"><a style=\"color: #0000ff;\" href=\"mailto:info@longchangchemical.com\">info@longchangchemical.com<\/a><\/span> \u00c7al\u0131\u015fma saatleri i\u00e7inde (8:30 - 6:00 UTC+8 Pzt.~Sat.) veya h\u0131zl\u0131 yan\u0131t almak i\u00e7in web sitesi canl\u0131 sohbetini kullan\u0131n.<\/b><\/strong><\/h4>","protected":false},"excerpt":{"rendered":"<p><strong>\u00dcr\u00fcn Ad\u0131: Sodyum silikat<\/strong><\/p>\n<p><strong>CAS No: 1344-09-8<\/strong><\/p>\n<p><strong>Di\u011fer Ad\u0131: S\u0131v\u0131 Sodyum silikat; su barda\u011f\u0131 sodyum silikat; sodyum silikat su barda\u011f\u0131; Sodyum silikat S\u0131v\u0131; Sodyum silikat S\u0131v\u0131 cam<\/strong><\/p>\n<p><strong>Molek\u00fcler Form\u00fcl: Na2O3Si<\/strong><\/p>\n<p><strong>Molek\u00fcler A\u011f\u0131rl\u0131k: 122.06<\/strong><\/p>\n<p><strong>G\u00f6r\u00fcn\u00fc\u015f: Renksiz ila a\u00e7\u0131k sar\u0131 ve camg\u00f6be\u011fi yap\u0131\u015fkan s\u0131v\u0131<\/strong><\/p>\n<p><strong>Ambalaj: 200 kg\/tambur; 1 Ton\/tambur<\/strong><\/p>\n<p><strong>Ayl\u0131k \u00fcretim: 15,000 ton<\/strong><\/p>\n<p>&nbsp;<\/p>","protected":false},"featured_media":4792,"comment_status":"open","ping_status":"closed","template":"","meta":[],"product_brand":[],"product_cat":[103],"product_tag":[],"class_list":{"0":"post-4790","1":"product","2":"type-product","3":"status-publish","4":"has-post-thumbnail","6":"product_cat-cosmetic-additives","8":"first","9":"instock","10":"shipping-taxable","11":"product-type-simple"},"yoast_head":"<!-- This site is optimized with the Yoast SEO plugin v25.3.1 - https:\/\/yoast.com\/wordpress\/plugins\/seo\/ -->\n<title>China Liquid Sodium silicate manufacturer \uff06 CAS 1344-09-8 supplier - Longchang Chemical Co., Ltd.<\/title>\n<meta name=\"description\" content=\"China Liquid Sodium silicate CAS 1344-09-8 manufacturer and supplier. This product can replace Silicic acid, sodium salt, Sodium hydroxy(oxo)silanolate, sodium hydroxysilanoylolate, Sodium metasilicate, SODIUM SILICATE SOLUTION. Liquid Sodium silicate; water glass sodium silicate; sodium silicate water glass; Sodium silicate Liquid; Sodium silicate Liquid glass.\" \/>\n<meta name=\"robots\" content=\"index, follow, max-snippet:-1, max-image-preview:large, max-video-preview:-1\" \/>\n<link rel=\"canonical\" href=\"https:\/\/longchangchemical.com\/tr\/product\/liquid-sodium-silicate-cas-1344-09-8\/\" \/>\n<meta property=\"og:locale\" content=\"tr_TR\" \/>\n<meta property=\"og:type\" content=\"article\" \/>\n<meta property=\"og:title\" content=\"China Liquid Sodium silicate manufacturer \uff06 CAS 1344-09-8 supplier - Longchang Chemical Co., Ltd.\" \/>\n<meta property=\"og:description\" content=\"China Liquid Sodium silicate CAS 1344-09-8 manufacturer and supplier. This product can replace Silicic acid, sodium salt, Sodium hydroxy(oxo)silanolate, sodium hydroxysilanoylolate, Sodium metasilicate, SODIUM SILICATE SOLUTION. Liquid Sodium silicate; water glass sodium silicate; sodium silicate water glass; Sodium silicate Liquid; Sodium silicate Liquid glass.\" \/>\n<meta property=\"og:url\" content=\"https:\/\/longchangchemical.com\/tr\/product\/liquid-sodium-silicate-cas-1344-09-8\/\" \/>\n<meta property=\"og:site_name\" content=\"Longchang Chemical\" \/>\n<meta property=\"article:modified_time\" content=\"2025-12-22T07:20:23+00:00\" \/>\n<meta property=\"og:image\" content=\"https:\/\/longchangchemical.com\/wp-content\/uploads\/2021\/10\/Appearance.jpg\" \/>\n\t<meta property=\"og:image:width\" content=\"800\" \/>\n\t<meta property=\"og:image:height\" content=\"800\" \/>\n\t<meta property=\"og:image:type\" content=\"image\/jpeg\" \/>\n<meta name=\"twitter:card\" content=\"summary_large_image\" \/>\n<script type=\"application\/ld+json\" class=\"yoast-schema-graph\">{\"@context\":\"https:\/\/schema.org\",\"@graph\":[{\"@type\":\"WebPage\",\"@id\":\"https:\/\/longchangchemical.com\/product\/liquid-sodium-silicate-cas-1344-09-8\/\",\"url\":\"https:\/\/longchangchemical.com\/product\/liquid-sodium-silicate-cas-1344-09-8\/\",\"name\":\"China Liquid Sodium silicate manufacturer \uff06 CAS 1344-09-8 supplier - Longchang Chemical Co., Ltd.\",\"isPartOf\":{\"@id\":\"https:\/\/longchangchemical.com\/#website\"},\"primaryImageOfPage\":{\"@id\":\"https:\/\/longchangchemical.com\/product\/liquid-sodium-silicate-cas-1344-09-8\/#primaryimage\"},\"image\":{\"@id\":\"https:\/\/longchangchemical.com\/product\/liquid-sodium-silicate-cas-1344-09-8\/#primaryimage\"},\"thumbnailUrl\":\"https:\/\/longchangchemical.com\/wp-content\/uploads\/2021\/10\/Appearance.jpg\",\"datePublished\":\"2021-10-07T08:03:42+00:00\",\"dateModified\":\"2025-12-22T07:20:23+00:00\",\"description\":\"China Liquid Sodium silicate CAS 1344-09-8 manufacturer and supplier. This product can replace Silicic acid, sodium salt, Sodium hydroxy(oxo)silanolate, sodium hydroxysilanoylolate, Sodium metasilicate, SODIUM SILICATE SOLUTION. Liquid Sodium silicate; water glass sodium silicate; sodium silicate water glass; Sodium silicate Liquid; Sodium silicate Liquid glass.\",\"breadcrumb\":{\"@id\":\"https:\/\/longchangchemical.com\/product\/liquid-sodium-silicate-cas-1344-09-8\/#breadcrumb\"},\"inLanguage\":\"tr\",\"potentialAction\":[{\"@type\":\"ReadAction\",\"target\":[\"https:\/\/longchangchemical.com\/product\/liquid-sodium-silicate-cas-1344-09-8\/\"]}]},{\"@type\":\"ImageObject\",\"inLanguage\":\"tr\",\"@id\":\"https:\/\/longchangchemical.com\/product\/liquid-sodium-silicate-cas-1344-09-8\/#primaryimage\",\"url\":\"https:\/\/longchangchemical.com\/wp-content\/uploads\/2021\/10\/Appearance.jpg\",\"contentUrl\":\"https:\/\/longchangchemical.com\/wp-content\/uploads\/2021\/10\/Appearance.jpg\",\"width\":800,\"height\":800},{\"@type\":\"BreadcrumbList\",\"@id\":\"https:\/\/longchangchemical.com\/product\/liquid-sodium-silicate-cas-1344-09-8\/#breadcrumb\",\"itemListElement\":[{\"@type\":\"ListItem\",\"position\":1,\"name\":\"Home\",\"item\":\"https:\/\/longchangchemical.com\/\"},{\"@type\":\"ListItem\",\"position\":2,\"name\":\"Products Longchang\",\"item\":\"https:\/\/longchangchemical.com\/product\/\"},{\"@type\":\"ListItem\",\"position\":3,\"name\":\"Liquid Sodium silicate CAS 1344-09-8\"}]},{\"@type\":\"WebSite\",\"@id\":\"https:\/\/longchangchemical.com\/#website\",\"url\":\"https:\/\/longchangchemical.com\/\",\"name\":\"Longchang Chemical\",\"description\":\"China chemical manufacturer \uff06 supplier\",\"publisher\":{\"@id\":\"https:\/\/longchangchemical.com\/#organization\"},\"potentialAction\":[{\"@type\":\"SearchAction\",\"target\":{\"@type\":\"EntryPoint\",\"urlTemplate\":\"https:\/\/longchangchemical.com\/?s={search_term_string}\"},\"query-input\":{\"@type\":\"PropertyValueSpecification\",\"valueRequired\":true,\"valueName\":\"search_term_string\"}}],\"inLanguage\":\"tr\"},{\"@type\":\"Organization\",\"@id\":\"https:\/\/longchangchemical.com\/#organization\",\"name\":\"Longchang Chemical\",\"url\":\"https:\/\/longchangchemical.com\/\",\"logo\":{\"@type\":\"ImageObject\",\"inLanguage\":\"tr\",\"@id\":\"https:\/\/longchangchemical.com\/#\/schema\/logo\/image\/\",\"url\":\"https:\/\/longchangchemical.com\/wp-content\/uploads\/2020\/08\/cropped-longchang-logo.png\",\"contentUrl\":\"https:\/\/longchangchemical.com\/wp-content\/uploads\/2020\/08\/cropped-longchang-logo.png\",\"width\":512,\"height\":512,\"caption\":\"Longchang Chemical\"},\"image\":{\"@id\":\"https:\/\/longchangchemical.com\/#\/schema\/logo\/image\/\"}}]}<\/script>\n<!-- \/ Yoast SEO plugin. -->","yoast_head_json":{"title":"\u00c7in S\u0131v\u0131 Sodyum silikat \u00fcreticisi \uff06 CAS 1344-09-8 tedarik\u00e7isi - Longchang Chemical Co, Ltd.","description":"\u00c7in S\u0131v\u0131 Sodyum silikat CAS 1344-09-8 \u00fcreticisi ve tedarik\u00e7isi. Bu \u00fcr\u00fcn Silisik asit, sodyum tuzu, Sodyum hidroksi (okso) silanolat, sodyum hidroksisilanoilolat, Sodyum metasilikat, SODYUM S\u0130L\u0130KAT \u00c7\u00d6ZELT\u0130S\u0130'nin yerini alabilir. S\u0131v\u0131 Sodyum silikat; su barda\u011f\u0131 sodyum silikat; sodyum silikat su barda\u011f\u0131; Sodyum silikat S\u0131v\u0131; Sodyum silikat S\u0131v\u0131 cam.","robots":{"index":"index","follow":"follow","max-snippet":"max-snippet:-1","max-image-preview":"max-image-preview:large","max-video-preview":"max-video-preview:-1"},"canonical":"https:\/\/longchangchemical.com\/tr\/product\/liquid-sodium-silicate-cas-1344-09-8\/","og_locale":"tr_TR","og_type":"article","og_title":"China Liquid Sodium silicate manufacturer \uff06 CAS 1344-09-8 supplier - Longchang Chemical Co., Ltd.","og_description":"China Liquid Sodium silicate CAS 1344-09-8 manufacturer and supplier. This product can replace Silicic acid, sodium salt, Sodium hydroxy(oxo)silanolate, sodium hydroxysilanoylolate, Sodium metasilicate, SODIUM SILICATE SOLUTION. Liquid Sodium silicate; water glass sodium silicate; sodium silicate water glass; Sodium silicate Liquid; Sodium silicate Liquid glass.","og_url":"https:\/\/longchangchemical.com\/tr\/product\/liquid-sodium-silicate-cas-1344-09-8\/","og_site_name":"Longchang Chemical","article_modified_time":"2025-12-22T07:20:23+00:00","og_image":[{"width":800,"height":800,"url":"https:\/\/longchangchemical.com\/wp-content\/uploads\/2021\/10\/Appearance.jpg","type":"image\/jpeg"}],"twitter_card":"summary_large_image","schema":{"@context":"https:\/\/schema.org","@graph":[{"@type":"WebPage","@id":"https:\/\/longchangchemical.com\/product\/liquid-sodium-silicate-cas-1344-09-8\/","url":"https:\/\/longchangchemical.com\/product\/liquid-sodium-silicate-cas-1344-09-8\/","name":"\u00c7in S\u0131v\u0131 Sodyum silikat \u00fcreticisi \uff06 CAS 1344-09-8 tedarik\u00e7isi - Longchang Chemical Co, Ltd.","isPartOf":{"@id":"https:\/\/longchangchemical.com\/#website"},"primaryImageOfPage":{"@id":"https:\/\/longchangchemical.com\/product\/liquid-sodium-silicate-cas-1344-09-8\/#primaryimage"},"image":{"@id":"https:\/\/longchangchemical.com\/product\/liquid-sodium-silicate-cas-1344-09-8\/#primaryimage"},"thumbnailUrl":"https:\/\/longchangchemical.com\/wp-content\/uploads\/2021\/10\/Appearance.jpg","datePublished":"2021-10-07T08:03:42+00:00","dateModified":"2025-12-22T07:20:23+00:00","description":"\u00c7in S\u0131v\u0131 Sodyum silikat CAS 1344-09-8 \u00fcreticisi ve tedarik\u00e7isi. Bu \u00fcr\u00fcn Silisik asit, sodyum tuzu, Sodyum hidroksi (okso) silanolat, sodyum hidroksisilanoilolat, Sodyum metasilikat, SODYUM S\u0130L\u0130KAT \u00c7\u00d6ZELT\u0130S\u0130'nin yerini alabilir. S\u0131v\u0131 Sodyum silikat; su barda\u011f\u0131 sodyum silikat; sodyum silikat su barda\u011f\u0131; Sodyum silikat S\u0131v\u0131; Sodyum silikat S\u0131v\u0131 cam.","breadcrumb":{"@id":"https:\/\/longchangchemical.com\/product\/liquid-sodium-silicate-cas-1344-09-8\/#breadcrumb"},"inLanguage":"tr","potentialAction":[{"@type":"ReadAction","target":["https:\/\/longchangchemical.com\/product\/liquid-sodium-silicate-cas-1344-09-8\/"]}]},{"@type":"ImageObject","inLanguage":"tr","@id":"https:\/\/longchangchemical.com\/product\/liquid-sodium-silicate-cas-1344-09-8\/#primaryimage","url":"https:\/\/longchangchemical.com\/wp-content\/uploads\/2021\/10\/Appearance.jpg","contentUrl":"https:\/\/longchangchemical.com\/wp-content\/uploads\/2021\/10\/Appearance.jpg","width":800,"height":800},{"@type":"BreadcrumbList","@id":"https:\/\/longchangchemical.com\/product\/liquid-sodium-silicate-cas-1344-09-8\/#breadcrumb","itemListElement":[{"@type":"ListItem","position":1,"name":"Home","item":"https:\/\/longchangchemical.com\/"},{"@type":"ListItem","position":2,"name":"Products Longchang","item":"https:\/\/longchangchemical.com\/product\/"},{"@type":"ListItem","position":3,"name":"Liquid Sodium silicate CAS 1344-09-8"}]},{"@type":"WebSite","@id":"https:\/\/longchangchemical.com\/#website","url":"https:\/\/longchangchemical.com\/","name":"Longchang Kimya","description":"\u00c7in kimyasal \u00fcreticisi \uff06 tedarik\u00e7isi","publisher":{"@id":"https:\/\/longchangchemical.com\/#organization"},"potentialAction":[{"@type":"SearchAction","target":{"@type":"EntryPoint","urlTemplate":"https:\/\/longchangchemical.com\/?s={search_term_string}"},"query-input":{"@type":"PropertyValueSpecification","valueRequired":true,"valueName":"search_term_string"}}],"inLanguage":"tr"},{"@type":"Organization","@id":"https:\/\/longchangchemical.com\/#organization","name":"Longchang Kimya","url":"https:\/\/longchangchemical.com\/","logo":{"@type":"ImageObject","inLanguage":"tr","@id":"https:\/\/longchangchemical.com\/#\/schema\/logo\/image\/","url":"https:\/\/longchangchemical.com\/wp-content\/uploads\/2020\/08\/cropped-longchang-logo.png","contentUrl":"https:\/\/longchangchemical.com\/wp-content\/uploads\/2020\/08\/cropped-longchang-logo.png","width":512,"height":512,"caption":"Longchang Chemical"},"image":{"@id":"https:\/\/longchangchemical.com\/#\/schema\/logo\/image\/"}}]}},"_links":{"self":[{"href":"https:\/\/longchangchemical.com\/tr\/wp-json\/wp\/v2\/product\/4790","targetHints":{"allow":["GET"]}}],"collection":[{"href":"https:\/\/longchangchemical.com\/tr\/wp-json\/wp\/v2\/product"}],"about":[{"href":"https:\/\/longchangchemical.com\/tr\/wp-json\/wp\/v2\/types\/product"}],"replies":[{"embeddable":true,"href":"https:\/\/longchangchemical.com\/tr\/wp-json\/wp\/v2\/comments?post=4790"}],"wp:featuredmedia":[{"embeddable":true,"href":"https:\/\/longchangchemical.com\/tr\/wp-json\/wp\/v2\/media\/4792"}],"wp:attachment":[{"href":"https:\/\/longchangchemical.com\/tr\/wp-json\/wp\/v2\/media?parent=4790"}],"wp:term":[{"taxonomy":"product_brand","embeddable":true,"href":"https:\/\/longchangchemical.com\/tr\/wp-json\/wp\/v2\/product_brand?post=4790"},{"taxonomy":"product_cat","embeddable":true,"href":"https:\/\/longchangchemical.com\/tr\/wp-json\/wp\/v2\/product_cat?post=4790"},{"taxonomy":"product_tag","embeddable":true,"href":"https:\/\/longchangchemical.com\/tr\/wp-json\/wp\/v2\/product_tag?post=4790"}],"curies":[{"name":"wp","href":"https:\/\/api.w.org\/{rel}","templated":true}]}}