{"id":4779,"date":"2021-09-08T07:34:14","date_gmt":"2021-09-08T07:34:14","guid":{"rendered":"https:\/\/longchangchemical.com\/?post_type=product&#038;p=4779"},"modified":"2026-05-08T02:59:39","modified_gmt":"2026-05-08T02:59:39","slug":"cas-116650-33-0","status":"publish","type":"product","link":"https:\/\/longchangchemical.com\/tr\/product\/cas-116650-33-0\/","title":{"rendered":"(R)-3-Amino-1,2,3,4-tetrahidrokarbazol CAS 116650-33-0"},"content":{"rendered":"<h2><strong>(R)-3-Amino-1,2,3,4-tetrahidrokarbazol CAS 116650-33-0<\/strong><\/h2>\n<p>Kimyasal Ad\u0131 : (R)-3-Amino-1,2,3,4-tetrahidrokarbazol<\/p>\n<p>CAS: 116650-33-0<\/p>\n<p>E\u015fanlaml\u0131lar: (R)-2,3,4,9-tetrahydro-1H-carbazol-3-amine;(R)-2,3,4,9-TETRAHYDRO-1H-CARBAZOL-3-AMINE,(R)-3-AMINO-1,2,3,4-TETRAHYDROCARBAZOLE<\/p>\n<p>Test:99% (Min, HPLC)<\/p>\n<p>Nem: 0,5% (Maks)<\/p>\n<p>&nbsp;<\/p>\n<h2><strong>Kalite Endeksi<\/strong><\/h2>\n<p>&nbsp;<\/p>\n<table style=\"border-collapse: collapse; width: 256.52pt;\" border=\"0\" width=\"342\" cellspacing=\"0\" cellpadding=\"0\">\n<tbody>\n<tr style=\"height: 36.00pt;\">\n<td class=\"et2\" style=\"height: 36.00pt; width: 114.00pt;\" width=\"152\" height=\"48\">Y\u00f6netici standard\u0131<\/td>\n<td class=\"et3\" style=\"width: 142.50pt;\" width=\"190\">Kurumsal Standart<\/td>\n<\/tr>\n<tr style=\"height: 36.00pt;\">\n<td class=\"et2\" style=\"height: 36.00pt; width: 114.00pt;\" width=\"152\" height=\"48\">D\u0131\u015f<\/td>\n<td class=\"et3\" style=\"width: 142.50pt;\" width=\"190\">Kirli beyaz veya a\u00e7\u0131k sar\u0131 kristal toz<\/td>\n<\/tr>\n<tr style=\"height: 36.00pt;\">\n<td class=\"et2\" style=\"height: 36.00pt; width: 114.00pt;\" width=\"152\" height=\"48\">\u0130\u00e7erik<\/td>\n<td class=\"et3\" style=\"width: 142.50pt;\" width=\"190\">\u226599.0%<\/td>\n<\/tr>\n<tr style=\"height: 36.00pt;\">\n<td class=\"et2\" style=\"height: 36.00pt; width: 114.00pt;\" width=\"152\" height=\"48\">Nem (K.F.)<\/td>\n<td class=\"et3\" style=\"width: 142.50pt;\" width=\"190\">\u22640,5%<\/td>\n<\/tr>\n<tr style=\"height: 36.00pt;\">\n<td class=\"et2\" style=\"height: 36.00pt; width: 114.00pt;\" width=\"152\" height=\"48\">Spesifik rotasyon<\/td>\n<td class=\"et3\" style=\"width: 142.50pt;\" width=\"190\">\u2265+<span class=\"font2\">78\u00b0\uff08C=0,5, DMSO\uff1aH<\/span><span class=\"font0\">2<\/span><span class=\"font2\">O=9:1\uff09<\/span><\/td>\n<\/tr>\n<tr style=\"height: 36.00pt;\">\n<td class=\"et2\" style=\"height: 36.00pt; width: 114.00pt;\" width=\"152\" height=\"48\">e.e.%<\/td>\n<td class=\"et3\" style=\"width: 142.50pt;\" width=\"190\">\u226599%<\/td>\n<\/tr>\n<tr style=\"height: 36.00pt;\">\n<td class=\"et4\" style=\"height: 36.00pt; width: 114.00pt;\" width=\"152\" height=\"48\">G\u00fcmr\u00fck kodu ve vergi iadesi<\/td>\n<td class=\"et5\" style=\"width: 142.50pt;\" width=\"190\">2933990099<\/td>\n<\/tr>\n<\/tbody>\n<\/table>\n<h2><strong>(R)-3-Amino-1,2,3,4-tetrahidrokarbazol Kullan\u0131m\u0131<\/strong><\/h2>\n<p>Bu \u00fcr\u00fcn, riniti tedavi edebilen Rematroban'\u0131n bir ara \u00fcr\u00fcn\u00fcd\u00fcr.<\/p>\n<p>&nbsp;<\/p>\n<h2><strong><b>\u015eimdi Bize Ula\u015f\u0131n!<\/b><\/strong><\/h2>\n<h4><strong><b>COA, MSDS veya TDS'ye ihtiyac\u0131n\u0131z varsa, l\u00fctfen a\u015fa\u011f\u0131daki forma ileti\u015fim bilgilerinizi girin, genellikle 24 saat i\u00e7inde sizinle ileti\u015fime ge\u00e7ece\u011fiz. Bana e-posta da g\u00f6nderebilirsiniz <span style=\"color: #0000ff;\"><a style=\"color: #0000ff;\" href=\"mailto:info@longchangchemical.com\">info@longchangchemical.com<\/a><\/span> \u00c7al\u0131\u015fma saatleri i\u00e7inde (8:30 - 6:00 UTC+8 Pzt.~Sat.) veya h\u0131zl\u0131 yan\u0131t almak i\u00e7in web sitesi canl\u0131 sohbetini kullan\u0131n.<\/b><\/strong><\/h4>","protected":false},"excerpt":{"rendered":"<h4>Kimyasal Ad\u0131: (R)-3-Amino-1,2,3,4-tetrahidrokarbazol<\/h4>\n<h4>CAS: 116650-33-0<\/h4>\n<h4>MolForm\u00fcl: C12H14N2<\/h4>\n<h4>MolA\u011f\u0131rl\u0131\u011f\u0131: 186,3<\/h4>","protected":false},"featured_media":4782,"comment_status":"open","ping_status":"closed","template":"","meta":[],"product_brand":[],"product_cat":[113],"product_tag":[],"class_list":{"0":"post-4779","1":"product","2":"type-product","3":"status-publish","4":"has-post-thumbnail","6":"product_cat-organic-intermediate","8":"first","9":"instock","10":"shipping-taxable","11":"product-type-simple"},"yoast_head":"<!-- This site is optimized with the Yoast SEO plugin v25.3.1 - https:\/\/yoast.com\/wordpress\/plugins\/seo\/ -->\n<title>(R)-3-Amino-1,2,3,4-tetrahydrocarbazole CAS 116650-33-0 manufacturer - Longchang Chemical Co., Ltd.<\/title>\n<meta name=\"description\" content=\"Longchang Chemical Co., Ltd. is a china (R)-3-Amino-1,2,3,4-tetrahydrocarbazole CAS 116650-33-0 manufacturer and supplier.\" \/>\n<meta name=\"robots\" content=\"index, follow, max-snippet:-1, max-image-preview:large, max-video-preview:-1\" \/>\n<link rel=\"canonical\" href=\"https:\/\/longchangchemical.com\/tr\/product\/cas-116650-33-0\/\" \/>\n<meta property=\"og:locale\" content=\"tr_TR\" \/>\n<meta property=\"og:type\" content=\"article\" \/>\n<meta property=\"og:title\" content=\"(R)-3-Amino-1,2,3,4-tetrahydrocarbazole CAS 116650-33-0 manufacturer - Longchang Chemical Co., Ltd.\" \/>\n<meta property=\"og:description\" content=\"Longchang Chemical Co., Ltd. is a china (R)-3-Amino-1,2,3,4-tetrahydrocarbazole CAS 116650-33-0 manufacturer and supplier.\" \/>\n<meta property=\"og:url\" content=\"https:\/\/longchangchemical.com\/tr\/product\/cas-116650-33-0\/\" \/>\n<meta property=\"og:site_name\" content=\"Longchang Chemical\" \/>\n<meta property=\"article:modified_time\" content=\"2026-05-08T02:59:39+00:00\" \/>\n<meta property=\"og:image\" content=\"https:\/\/longchangchemical.com\/wp-content\/uploads\/2021\/09\/Appearance-1.jpg\" \/>\n\t<meta property=\"og:image:width\" content=\"600\" \/>\n\t<meta property=\"og:image:height\" content=\"800\" \/>\n\t<meta property=\"og:image:type\" content=\"image\/jpeg\" \/>\n<meta name=\"twitter:card\" content=\"summary_large_image\" \/>\n<script type=\"application\/ld+json\" class=\"yoast-schema-graph\">{\"@context\":\"https:\/\/schema.org\",\"@graph\":[{\"@type\":\"WebPage\",\"@id\":\"https:\/\/longchangchemical.com\/product\/cas-116650-33-0\/\",\"url\":\"https:\/\/longchangchemical.com\/product\/cas-116650-33-0\/\",\"name\":\"(R)-3-Amino-1,2,3,4-tetrahydrocarbazole CAS 116650-33-0 manufacturer - Longchang Chemical Co., Ltd.\",\"isPartOf\":{\"@id\":\"https:\/\/longchangchemical.com\/#website\"},\"primaryImageOfPage\":{\"@id\":\"https:\/\/longchangchemical.com\/product\/cas-116650-33-0\/#primaryimage\"},\"image\":{\"@id\":\"https:\/\/longchangchemical.com\/product\/cas-116650-33-0\/#primaryimage\"},\"thumbnailUrl\":\"https:\/\/longchangchemical.com\/wp-content\/uploads\/2021\/09\/Appearance-1.jpg\",\"datePublished\":\"2021-09-08T07:34:14+00:00\",\"dateModified\":\"2026-05-08T02:59:39+00:00\",\"description\":\"Longchang Chemical Co., Ltd. is a china (R)-3-Amino-1,2,3,4-tetrahydrocarbazole CAS 116650-33-0 manufacturer and supplier.\",\"breadcrumb\":{\"@id\":\"https:\/\/longchangchemical.com\/product\/cas-116650-33-0\/#breadcrumb\"},\"inLanguage\":\"tr\",\"potentialAction\":[{\"@type\":\"ReadAction\",\"target\":[\"https:\/\/longchangchemical.com\/product\/cas-116650-33-0\/\"]}]},{\"@type\":\"ImageObject\",\"inLanguage\":\"tr\",\"@id\":\"https:\/\/longchangchemical.com\/product\/cas-116650-33-0\/#primaryimage\",\"url\":\"https:\/\/longchangchemical.com\/wp-content\/uploads\/2021\/09\/Appearance-1.jpg\",\"contentUrl\":\"https:\/\/longchangchemical.com\/wp-content\/uploads\/2021\/09\/Appearance-1.jpg\",\"width\":600,\"height\":800},{\"@type\":\"BreadcrumbList\",\"@id\":\"https:\/\/longchangchemical.com\/product\/cas-116650-33-0\/#breadcrumb\",\"itemListElement\":[{\"@type\":\"ListItem\",\"position\":1,\"name\":\"Home\",\"item\":\"https:\/\/longchangchemical.com\/\"},{\"@type\":\"ListItem\",\"position\":2,\"name\":\"Products Longchang\",\"item\":\"https:\/\/longchangchemical.com\/product\/\"},{\"@type\":\"ListItem\",\"position\":3,\"name\":\"(R)-3-Amino-1,2,3,4-tetrahydrocarbazole CAS 116650-33-0\"}]},{\"@type\":\"WebSite\",\"@id\":\"https:\/\/longchangchemical.com\/#website\",\"url\":\"https:\/\/longchangchemical.com\/\",\"name\":\"Longchang Chemical\",\"description\":\"China chemical manufacturer \uff06 supplier\",\"publisher\":{\"@id\":\"https:\/\/longchangchemical.com\/#organization\"},\"potentialAction\":[{\"@type\":\"SearchAction\",\"target\":{\"@type\":\"EntryPoint\",\"urlTemplate\":\"https:\/\/longchangchemical.com\/?s={search_term_string}\"},\"query-input\":{\"@type\":\"PropertyValueSpecification\",\"valueRequired\":true,\"valueName\":\"search_term_string\"}}],\"inLanguage\":\"tr\"},{\"@type\":\"Organization\",\"@id\":\"https:\/\/longchangchemical.com\/#organization\",\"name\":\"Longchang Chemical\",\"url\":\"https:\/\/longchangchemical.com\/\",\"logo\":{\"@type\":\"ImageObject\",\"inLanguage\":\"tr\",\"@id\":\"https:\/\/longchangchemical.com\/#\/schema\/logo\/image\/\",\"url\":\"https:\/\/longchangchemical.com\/wp-content\/uploads\/2020\/08\/cropped-longchang-logo.png\",\"contentUrl\":\"https:\/\/longchangchemical.com\/wp-content\/uploads\/2020\/08\/cropped-longchang-logo.png\",\"width\":512,\"height\":512,\"caption\":\"Longchang Chemical\"},\"image\":{\"@id\":\"https:\/\/longchangchemical.com\/#\/schema\/logo\/image\/\"}}]}<\/script>\n<!-- \/ Yoast SEO plugin. -->","yoast_head_json":{"title":"(R) -3-Amino-1,2,3,4-tetrahidrokarbazol CAS 116650-33-0 \u00fcreticisi - Longchang Chemical Co.","description":"Longchang Chemical Co, Ltd bir \u00c7in (R) -3-Amino-1,2,3,4-tetrahidrokarbazol CAS 116650-33-0 \u00fcreticisi ve tedarik\u00e7isidir.","robots":{"index":"index","follow":"follow","max-snippet":"max-snippet:-1","max-image-preview":"max-image-preview:large","max-video-preview":"max-video-preview:-1"},"canonical":"https:\/\/longchangchemical.com\/tr\/product\/cas-116650-33-0\/","og_locale":"tr_TR","og_type":"article","og_title":"(R)-3-Amino-1,2,3,4-tetrahydrocarbazole CAS 116650-33-0 manufacturer - Longchang Chemical Co., Ltd.","og_description":"Longchang Chemical Co., Ltd. is a china (R)-3-Amino-1,2,3,4-tetrahydrocarbazole CAS 116650-33-0 manufacturer and supplier.","og_url":"https:\/\/longchangchemical.com\/tr\/product\/cas-116650-33-0\/","og_site_name":"Longchang Chemical","article_modified_time":"2026-05-08T02:59:39+00:00","og_image":[{"width":600,"height":800,"url":"https:\/\/longchangchemical.com\/wp-content\/uploads\/2021\/09\/Appearance-1.jpg","type":"image\/jpeg"}],"twitter_card":"summary_large_image","schema":{"@context":"https:\/\/schema.org","@graph":[{"@type":"WebPage","@id":"https:\/\/longchangchemical.com\/product\/cas-116650-33-0\/","url":"https:\/\/longchangchemical.com\/product\/cas-116650-33-0\/","name":"(R) -3-Amino-1,2,3,4-tetrahidrokarbazol CAS 116650-33-0 \u00fcreticisi - Longchang Chemical Co.","isPartOf":{"@id":"https:\/\/longchangchemical.com\/#website"},"primaryImageOfPage":{"@id":"https:\/\/longchangchemical.com\/product\/cas-116650-33-0\/#primaryimage"},"image":{"@id":"https:\/\/longchangchemical.com\/product\/cas-116650-33-0\/#primaryimage"},"thumbnailUrl":"https:\/\/longchangchemical.com\/wp-content\/uploads\/2021\/09\/Appearance-1.jpg","datePublished":"2021-09-08T07:34:14+00:00","dateModified":"2026-05-08T02:59:39+00:00","description":"Longchang Chemical Co, Ltd bir \u00c7in (R) -3-Amino-1,2,3,4-tetrahidrokarbazol CAS 116650-33-0 \u00fcreticisi ve tedarik\u00e7isidir.","breadcrumb":{"@id":"https:\/\/longchangchemical.com\/product\/cas-116650-33-0\/#breadcrumb"},"inLanguage":"tr","potentialAction":[{"@type":"ReadAction","target":["https:\/\/longchangchemical.com\/product\/cas-116650-33-0\/"]}]},{"@type":"ImageObject","inLanguage":"tr","@id":"https:\/\/longchangchemical.com\/product\/cas-116650-33-0\/#primaryimage","url":"https:\/\/longchangchemical.com\/wp-content\/uploads\/2021\/09\/Appearance-1.jpg","contentUrl":"https:\/\/longchangchemical.com\/wp-content\/uploads\/2021\/09\/Appearance-1.jpg","width":600,"height":800},{"@type":"BreadcrumbList","@id":"https:\/\/longchangchemical.com\/product\/cas-116650-33-0\/#breadcrumb","itemListElement":[{"@type":"ListItem","position":1,"name":"Home","item":"https:\/\/longchangchemical.com\/"},{"@type":"ListItem","position":2,"name":"Products Longchang","item":"https:\/\/longchangchemical.com\/product\/"},{"@type":"ListItem","position":3,"name":"(R)-3-Amino-1,2,3,4-tetrahydrocarbazole CAS 116650-33-0"}]},{"@type":"WebSite","@id":"https:\/\/longchangchemical.com\/#website","url":"https:\/\/longchangchemical.com\/","name":"Longchang Kimya","description":"\u00c7in kimyasal \u00fcreticisi \uff06 tedarik\u00e7isi","publisher":{"@id":"https:\/\/longchangchemical.com\/#organization"},"potentialAction":[{"@type":"SearchAction","target":{"@type":"EntryPoint","urlTemplate":"https:\/\/longchangchemical.com\/?s={search_term_string}"},"query-input":{"@type":"PropertyValueSpecification","valueRequired":true,"valueName":"search_term_string"}}],"inLanguage":"tr"},{"@type":"Organization","@id":"https:\/\/longchangchemical.com\/#organization","name":"Longchang Kimya","url":"https:\/\/longchangchemical.com\/","logo":{"@type":"ImageObject","inLanguage":"tr","@id":"https:\/\/longchangchemical.com\/#\/schema\/logo\/image\/","url":"https:\/\/longchangchemical.com\/wp-content\/uploads\/2020\/08\/cropped-longchang-logo.png","contentUrl":"https:\/\/longchangchemical.com\/wp-content\/uploads\/2020\/08\/cropped-longchang-logo.png","width":512,"height":512,"caption":"Longchang Chemical"},"image":{"@id":"https:\/\/longchangchemical.com\/#\/schema\/logo\/image\/"}}]}},"_links":{"self":[{"href":"https:\/\/longchangchemical.com\/tr\/wp-json\/wp\/v2\/product\/4779","targetHints":{"allow":["GET"]}}],"collection":[{"href":"https:\/\/longchangchemical.com\/tr\/wp-json\/wp\/v2\/product"}],"about":[{"href":"https:\/\/longchangchemical.com\/tr\/wp-json\/wp\/v2\/types\/product"}],"replies":[{"embeddable":true,"href":"https:\/\/longchangchemical.com\/tr\/wp-json\/wp\/v2\/comments?post=4779"}],"wp:featuredmedia":[{"embeddable":true,"href":"https:\/\/longchangchemical.com\/tr\/wp-json\/wp\/v2\/media\/4782"}],"wp:attachment":[{"href":"https:\/\/longchangchemical.com\/tr\/wp-json\/wp\/v2\/media?parent=4779"}],"wp:term":[{"taxonomy":"product_brand","embeddable":true,"href":"https:\/\/longchangchemical.com\/tr\/wp-json\/wp\/v2\/product_brand?post=4779"},{"taxonomy":"product_cat","embeddable":true,"href":"https:\/\/longchangchemical.com\/tr\/wp-json\/wp\/v2\/product_cat?post=4779"},{"taxonomy":"product_tag","embeddable":true,"href":"https:\/\/longchangchemical.com\/tr\/wp-json\/wp\/v2\/product_tag?post=4779"}],"curies":[{"name":"wp","href":"https:\/\/api.w.org\/{rel}","templated":true}]}}