{"id":4775,"date":"2021-09-06T02:54:41","date_gmt":"2021-09-06T02:54:41","guid":{"rendered":"https:\/\/longchangchemical.com\/?post_type=product&#038;p=4775"},"modified":"2025-12-22T07:48:24","modified_gmt":"2025-12-22T07:48:24","slug":"soybean-extract-574-12-9","status":"publish","type":"product","link":"https:\/\/longchangchemical.com\/tr\/product\/soybean-extract-574-12-9\/","title":{"rendered":"Soya Fasulyesi \u00d6z\u00fc CAS 574-12-9"},"content":{"rendered":"<h1><strong>Soya Fasulyesi \u00d6z\u00fc CAS 574-12-9<\/strong><\/h1>\n<p>Aktif Bile\u015fenler: Aglycon Soya \u0130zoflavonlar\u0131<br \/>\n\u00d6zellikler: 20%-80% (100% Do\u011fal)<br \/>\nTahlil y\u00f6ntemi: HPLC<br \/>\nBotanik Kaynak: Soya (Glycine max.)<br \/>\nKullan\u0131lan Bitki Par\u00e7as\u0131: Soya Fasulyesi Mikroplar\u0131<br \/>\nG\u00f6r\u00fcn\u00fc\u015f: Koyu gri tozdan kirli beyaz toza<br \/>\nSertifikalar: GDO'SUZ, HELAL, KO\u015eER, SC<\/p>\n<h2><strong>Soya Fasulyesi \u00d6z\u00fc Nedir?<\/strong><\/h2>\n<p>Soya (Glycine max.) cinsi leguminosae'nin y\u0131ll\u0131k bitkilerinin mikroplar\u0131ndan, koyu gri ila kirli beyaz toz, \u00f6zel koku ve hafif tat ile ekstrakte edilmi\u015ftir. Soya fasulyesi izoflavonlar\u0131, soya fasulyesinin b\u00fcy\u00fcmesinde olu\u015fan bir t\u00fcr ikincil metabolittir. Esas olarak soya fasulyesi tohumlar\u0131n\u0131n kotiledonlar\u0131nda ve hipokotillerinde bulunurlar. Soya fasulyesi izoflavonlar\u0131 aras\u0131nda genistein, daidzein ve daidzein bulunur. Do\u011fal soya fasulyesi izoflavonlar\u0131 esas olarak soya fasulyesi izoflavonlar\u0131ndan olu\u015fur \u03b2- Glukozit formunda, soya fasulyesi izoflavonu, \u00e7e\u015fitli izoflavon glukozidazlar\u0131n etkisi alt\u0131nda serbest izoflavona hidrolize edilebilir. Aglikon Soya \u0130zoflavonlar\u0131: Aglikon izoflavonlar toplam izoflavonlar\u0131n 80%'sini olu\u015fturur. glukozit soya fasulyesi izoflavonundaki glukoz grubu enzimatik hidroliz ile uzakla\u015ft\u0131r\u0131lm\u0131\u015f ve daha y\u00fcksek aktiviteye sahip serbest soya fasulyesi izoflavonuna d\u00f6n\u00fc\u015ft\u00fcr\u00fclm\u00fc\u015ft\u00fcr.<\/p>\n<p>&nbsp;<\/p>\n<h2>Soya Fasulyesi \u00d6z\u00fc Fonksiyonu ve Kullan\u0131m\u0131:<\/h2>\n<p>Zay\u0131f \u00f6strojen ve anti-\u00f6strojen rol\u00fc menopozla ili\u015fkili semptomlar\u0131 hafifletmeye yard\u0131mc\u0131 olur<\/p>\n<p>Anti-oksidasyon, ya\u015flanma kar\u015f\u0131t\u0131, cilt kalitesini art\u0131r\u0131r<\/p>\n<p>Anti-osteoporsis<\/p>\n<p>Kardiyovask\u00fcler hastal\u0131klar\u0131 \u00f6nleme<\/p>\n<p>Avantajlar: D\u00fc\u015f\u00fck pestisit kal\u0131nt\u0131s\u0131, D\u00fc\u015f\u00fck Solvent kal\u0131nt\u0131s\u0131, Plastikle\u015ftirici standard\u0131n\u0131 kar\u015f\u0131lama, GDO'suz, I\u015f\u0131nlanmam\u0131\u015f, PAH4 standard\u0131n\u0131 kar\u015f\u0131lama ... Ve benzeri<\/p>\n<p>1. \u00c7evre koruma: T\u00fcm \u00fcretimde at\u0131k su de\u015farj\u0131 yoktur, \u00fcr\u00fcnleri sat\u0131n ald\u0131\u011f\u0131n\u0131zda \u00e7evrenin korunmas\u0131na katk\u0131da bulunabilirsiniz<\/p>\n<p>2. Teknoloji: Otomatik s\u00fcrekli ters ak\u0131m ekstraksiyon teknolojisi, \u00fcr\u00fcn \u00fcretim s\u00fcrecinde y\u00fcksek derecede otomasyon.<\/p>\n<p>3. Sosyal sorumluluk: Hammadde kal\u0131nt\u0131lar\u0131n\u0131n rasyonel kullan\u0131m\u0131 ve sosyal sorumluluk<\/p>\n<p>4. Etkili: \u00dcr\u00fcn\u00fcn t\u00fcm \u00fcretim s\u0131cakl\u0131\u011f\u0131 60\u00b0C'den fazla de\u011fildir ve \u00fcr\u00fcn\u00fcn biyolojik aktivitesi etkin bir \u015fekilde korunur.<\/p>\n<p>\u00dcr\u00fcnleri gereksinimlerinize uygun olarak yapabiliriz.<\/p>\n<p>\u0130fadeler: M\u00fc\u015fterinin ihtiyac\u0131na g\u00f6re temin edilebilir.<\/p>\n<p>&nbsp;<\/p>\n<h2><strong><b>\u015eimdi Bize Ula\u015f\u0131n!<\/b><\/strong><\/h2>\n<h4><strong><b>COA, MSDS veya TDS'ye ihtiyac\u0131n\u0131z varsa, l\u00fctfen a\u015fa\u011f\u0131daki forma ileti\u015fim bilgilerinizi girin, genellikle 24 saat i\u00e7inde sizinle ileti\u015fime ge\u00e7ece\u011fiz. Bana e-posta da g\u00f6nderebilirsiniz <span style=\"color: #0000ff;\"><a style=\"color: #0000ff;\" href=\"mailto:info@longchangchemical.com\">info@longchangchemical.com<\/a><\/span> \u00c7al\u0131\u015fma saatleri i\u00e7inde (8:30 - 6:00 UTC+8 Pzt.~Sat.) veya h\u0131zl\u0131 yan\u0131t almak i\u00e7in web sitesi canl\u0131 sohbetini kullan\u0131n.<\/b><\/strong><\/h4>","protected":false},"excerpt":{"rendered":"<h4>\u00dcr\u00fcn Ad\u0131 Soya Fasulyesi \u00d6z\u00fc<\/h4>\n<h4>CAS: 574-12-9<\/h4>\n<h4>Molek\u00fcler form\u00fcl: C15H10O2<\/h4>\n<h4>Ekstraksiyon \u00e7\u00f6z\u00fcc\u00fcs\u00fc: Etanol ve su<\/h4>\n<h4>Molek\u00fcl a\u011f\u0131rl\u0131\u011f\u0131: 222.243<\/h4>\n<h4>I\u015f\u0131nlama: I\u015f\u0131nlanmam\u0131\u015f<\/h4>\n<h4>Tan\u0131mlama: TLC<\/h4>\n<h4>GDO: GDO'suz<\/h4>\n<h4>Ta\u015f\u0131y\u0131c\u0131 \/ Yard\u0131mc\u0131 Maddeler: Hi\u00e7biri<\/h4>","protected":false},"featured_media":4776,"comment_status":"open","ping_status":"closed","template":"","meta":[],"product_brand":[],"product_cat":[113],"product_tag":[],"class_list":{"0":"post-4775","1":"product","2":"type-product","3":"status-publish","4":"has-post-thumbnail","6":"product_cat-organic-intermediate","8":"first","9":"instock","10":"shipping-taxable","11":"product-type-simple"},"yoast_head":"<!-- This site is optimized with the Yoast SEO plugin v25.3.1 - https:\/\/yoast.com\/wordpress\/plugins\/seo\/ -->\n<title>China Soybean Extract CAS 574-12-9 Manufacturer - Longchang Chemical<\/title>\n<meta name=\"description\" content=\"Soybean Extract CAS 574-12-9 is a key product of Longchang Chemical. We provide the best price. We are the leading manufacturer in China with the best quality and competitive price.\" \/>\n<meta name=\"robots\" content=\"index, follow, max-snippet:-1, max-image-preview:large, max-video-preview:-1\" \/>\n<link rel=\"canonical\" href=\"https:\/\/longchangchemical.com\/tr\/product\/soybean-extract-574-12-9\/\" \/>\n<meta property=\"og:locale\" content=\"tr_TR\" \/>\n<meta property=\"og:type\" content=\"article\" \/>\n<meta property=\"og:title\" content=\"China Soybean Extract CAS 574-12-9 Manufacturer - Longchang Chemical\" \/>\n<meta property=\"og:description\" content=\"Soybean Extract CAS 574-12-9 is a key product of Longchang Chemical. We provide the best price. We are the leading manufacturer in China with the best quality and competitive price.\" \/>\n<meta property=\"og:url\" content=\"https:\/\/longchangchemical.com\/tr\/product\/soybean-extract-574-12-9\/\" \/>\n<meta property=\"og:site_name\" content=\"Longchang Chemical\" \/>\n<meta property=\"article:modified_time\" content=\"2025-12-22T07:48:24+00:00\" \/>\n<meta property=\"og:image\" content=\"https:\/\/longchangchemical.com\/wp-content\/uploads\/2021\/09\/Soybean-Extract-CAS-574-12-9.jpg\" \/>\n\t<meta property=\"og:image:width\" content=\"600\" \/>\n\t<meta property=\"og:image:height\" content=\"600\" \/>\n\t<meta property=\"og:image:type\" content=\"image\/jpeg\" \/>\n<meta name=\"twitter:card\" content=\"summary_large_image\" \/>\n<script type=\"application\/ld+json\" class=\"yoast-schema-graph\">{\"@context\":\"https:\/\/schema.org\",\"@graph\":[{\"@type\":\"WebPage\",\"@id\":\"https:\/\/longchangchemical.com\/product\/soybean-extract-574-12-9\/\",\"url\":\"https:\/\/longchangchemical.com\/product\/soybean-extract-574-12-9\/\",\"name\":\"China Soybean Extract CAS 574-12-9 Manufacturer - Longchang Chemical\",\"isPartOf\":{\"@id\":\"https:\/\/longchangchemical.com\/#website\"},\"primaryImageOfPage\":{\"@id\":\"https:\/\/longchangchemical.com\/product\/soybean-extract-574-12-9\/#primaryimage\"},\"image\":{\"@id\":\"https:\/\/longchangchemical.com\/product\/soybean-extract-574-12-9\/#primaryimage\"},\"thumbnailUrl\":\"https:\/\/longchangchemical.com\/wp-content\/uploads\/2021\/09\/Soybean-Extract-CAS-574-12-9.jpg\",\"datePublished\":\"2021-09-06T02:54:41+00:00\",\"dateModified\":\"2025-12-22T07:48:24+00:00\",\"description\":\"Soybean Extract CAS 574-12-9 is a key product of Longchang Chemical. We provide the best price. We are the leading manufacturer in China with the best quality and competitive price.\",\"breadcrumb\":{\"@id\":\"https:\/\/longchangchemical.com\/product\/soybean-extract-574-12-9\/#breadcrumb\"},\"inLanguage\":\"tr\",\"potentialAction\":[{\"@type\":\"ReadAction\",\"target\":[\"https:\/\/longchangchemical.com\/product\/soybean-extract-574-12-9\/\"]}]},{\"@type\":\"ImageObject\",\"inLanguage\":\"tr\",\"@id\":\"https:\/\/longchangchemical.com\/product\/soybean-extract-574-12-9\/#primaryimage\",\"url\":\"https:\/\/longchangchemical.com\/wp-content\/uploads\/2021\/09\/Soybean-Extract-CAS-574-12-9.jpg\",\"contentUrl\":\"https:\/\/longchangchemical.com\/wp-content\/uploads\/2021\/09\/Soybean-Extract-CAS-574-12-9.jpg\",\"width\":600,\"height\":600},{\"@type\":\"BreadcrumbList\",\"@id\":\"https:\/\/longchangchemical.com\/product\/soybean-extract-574-12-9\/#breadcrumb\",\"itemListElement\":[{\"@type\":\"ListItem\",\"position\":1,\"name\":\"Home\",\"item\":\"https:\/\/longchangchemical.com\/\"},{\"@type\":\"ListItem\",\"position\":2,\"name\":\"Products Longchang\",\"item\":\"https:\/\/longchangchemical.com\/product\/\"},{\"@type\":\"ListItem\",\"position\":3,\"name\":\"Soybean Extract CAS 574-12-9\"}]},{\"@type\":\"WebSite\",\"@id\":\"https:\/\/longchangchemical.com\/#website\",\"url\":\"https:\/\/longchangchemical.com\/\",\"name\":\"Longchang Chemical\",\"description\":\"China chemical manufacturer \uff06 supplier\",\"publisher\":{\"@id\":\"https:\/\/longchangchemical.com\/#organization\"},\"potentialAction\":[{\"@type\":\"SearchAction\",\"target\":{\"@type\":\"EntryPoint\",\"urlTemplate\":\"https:\/\/longchangchemical.com\/?s={search_term_string}\"},\"query-input\":{\"@type\":\"PropertyValueSpecification\",\"valueRequired\":true,\"valueName\":\"search_term_string\"}}],\"inLanguage\":\"tr\"},{\"@type\":\"Organization\",\"@id\":\"https:\/\/longchangchemical.com\/#organization\",\"name\":\"Longchang Chemical\",\"url\":\"https:\/\/longchangchemical.com\/\",\"logo\":{\"@type\":\"ImageObject\",\"inLanguage\":\"tr\",\"@id\":\"https:\/\/longchangchemical.com\/#\/schema\/logo\/image\/\",\"url\":\"https:\/\/longchangchemical.com\/wp-content\/uploads\/2020\/08\/cropped-longchang-logo.png\",\"contentUrl\":\"https:\/\/longchangchemical.com\/wp-content\/uploads\/2020\/08\/cropped-longchang-logo.png\",\"width\":512,\"height\":512,\"caption\":\"Longchang Chemical\"},\"image\":{\"@id\":\"https:\/\/longchangchemical.com\/#\/schema\/logo\/image\/\"}}]}<\/script>\n<!-- \/ Yoast SEO plugin. -->","yoast_head_json":{"title":"\u00c7in Soya Fasulyesi \u00d6z\u00fc CAS 574-12-9 \u00dcretici - Longchang Chemical","description":"Soya Fasulyesi \u00d6z\u00fc CAS 574-12-9, Longchang Chemical'\u0131n \u00f6nemli bir \u00fcr\u00fcn\u00fcd\u00fcr. En iyi fiyat\u0131 sa\u011fl\u0131yoruz. En iyi kalite ve rekabet\u00e7i fiyat ile \u00c7in'in \u00f6nde gelen \u00fcreticisiyiz.","robots":{"index":"index","follow":"follow","max-snippet":"max-snippet:-1","max-image-preview":"max-image-preview:large","max-video-preview":"max-video-preview:-1"},"canonical":"https:\/\/longchangchemical.com\/tr\/product\/soybean-extract-574-12-9\/","og_locale":"tr_TR","og_type":"article","og_title":"China Soybean Extract CAS 574-12-9 Manufacturer - Longchang Chemical","og_description":"Soybean Extract CAS 574-12-9 is a key product of Longchang Chemical. We provide the best price. We are the leading manufacturer in China with the best quality and competitive price.","og_url":"https:\/\/longchangchemical.com\/tr\/product\/soybean-extract-574-12-9\/","og_site_name":"Longchang Chemical","article_modified_time":"2025-12-22T07:48:24+00:00","og_image":[{"width":600,"height":600,"url":"https:\/\/longchangchemical.com\/wp-content\/uploads\/2021\/09\/Soybean-Extract-CAS-574-12-9.jpg","type":"image\/jpeg"}],"twitter_card":"summary_large_image","schema":{"@context":"https:\/\/schema.org","@graph":[{"@type":"WebPage","@id":"https:\/\/longchangchemical.com\/product\/soybean-extract-574-12-9\/","url":"https:\/\/longchangchemical.com\/product\/soybean-extract-574-12-9\/","name":"\u00c7in Soya Fasulyesi \u00d6z\u00fc CAS 574-12-9 \u00dcretici - Longchang Chemical","isPartOf":{"@id":"https:\/\/longchangchemical.com\/#website"},"primaryImageOfPage":{"@id":"https:\/\/longchangchemical.com\/product\/soybean-extract-574-12-9\/#primaryimage"},"image":{"@id":"https:\/\/longchangchemical.com\/product\/soybean-extract-574-12-9\/#primaryimage"},"thumbnailUrl":"https:\/\/longchangchemical.com\/wp-content\/uploads\/2021\/09\/Soybean-Extract-CAS-574-12-9.jpg","datePublished":"2021-09-06T02:54:41+00:00","dateModified":"2025-12-22T07:48:24+00:00","description":"Soya Fasulyesi \u00d6z\u00fc CAS 574-12-9, Longchang Chemical'\u0131n \u00f6nemli bir \u00fcr\u00fcn\u00fcd\u00fcr. En iyi fiyat\u0131 sa\u011fl\u0131yoruz. En iyi kalite ve rekabet\u00e7i fiyat ile \u00c7in'in \u00f6nde gelen \u00fcreticisiyiz.","breadcrumb":{"@id":"https:\/\/longchangchemical.com\/product\/soybean-extract-574-12-9\/#breadcrumb"},"inLanguage":"tr","potentialAction":[{"@type":"ReadAction","target":["https:\/\/longchangchemical.com\/product\/soybean-extract-574-12-9\/"]}]},{"@type":"ImageObject","inLanguage":"tr","@id":"https:\/\/longchangchemical.com\/product\/soybean-extract-574-12-9\/#primaryimage","url":"https:\/\/longchangchemical.com\/wp-content\/uploads\/2021\/09\/Soybean-Extract-CAS-574-12-9.jpg","contentUrl":"https:\/\/longchangchemical.com\/wp-content\/uploads\/2021\/09\/Soybean-Extract-CAS-574-12-9.jpg","width":600,"height":600},{"@type":"BreadcrumbList","@id":"https:\/\/longchangchemical.com\/product\/soybean-extract-574-12-9\/#breadcrumb","itemListElement":[{"@type":"ListItem","position":1,"name":"Home","item":"https:\/\/longchangchemical.com\/"},{"@type":"ListItem","position":2,"name":"Products Longchang","item":"https:\/\/longchangchemical.com\/product\/"},{"@type":"ListItem","position":3,"name":"Soybean Extract CAS 574-12-9"}]},{"@type":"WebSite","@id":"https:\/\/longchangchemical.com\/#website","url":"https:\/\/longchangchemical.com\/","name":"Longchang Kimya","description":"\u00c7in kimyasal \u00fcreticisi \uff06 tedarik\u00e7isi","publisher":{"@id":"https:\/\/longchangchemical.com\/#organization"},"potentialAction":[{"@type":"SearchAction","target":{"@type":"EntryPoint","urlTemplate":"https:\/\/longchangchemical.com\/?s={search_term_string}"},"query-input":{"@type":"PropertyValueSpecification","valueRequired":true,"valueName":"search_term_string"}}],"inLanguage":"tr"},{"@type":"Organization","@id":"https:\/\/longchangchemical.com\/#organization","name":"Longchang Kimya","url":"https:\/\/longchangchemical.com\/","logo":{"@type":"ImageObject","inLanguage":"tr","@id":"https:\/\/longchangchemical.com\/#\/schema\/logo\/image\/","url":"https:\/\/longchangchemical.com\/wp-content\/uploads\/2020\/08\/cropped-longchang-logo.png","contentUrl":"https:\/\/longchangchemical.com\/wp-content\/uploads\/2020\/08\/cropped-longchang-logo.png","width":512,"height":512,"caption":"Longchang Chemical"},"image":{"@id":"https:\/\/longchangchemical.com\/#\/schema\/logo\/image\/"}}]}},"_links":{"self":[{"href":"https:\/\/longchangchemical.com\/tr\/wp-json\/wp\/v2\/product\/4775","targetHints":{"allow":["GET"]}}],"collection":[{"href":"https:\/\/longchangchemical.com\/tr\/wp-json\/wp\/v2\/product"}],"about":[{"href":"https:\/\/longchangchemical.com\/tr\/wp-json\/wp\/v2\/types\/product"}],"replies":[{"embeddable":true,"href":"https:\/\/longchangchemical.com\/tr\/wp-json\/wp\/v2\/comments?post=4775"}],"wp:featuredmedia":[{"embeddable":true,"href":"https:\/\/longchangchemical.com\/tr\/wp-json\/wp\/v2\/media\/4776"}],"wp:attachment":[{"href":"https:\/\/longchangchemical.com\/tr\/wp-json\/wp\/v2\/media?parent=4775"}],"wp:term":[{"taxonomy":"product_brand","embeddable":true,"href":"https:\/\/longchangchemical.com\/tr\/wp-json\/wp\/v2\/product_brand?post=4775"},{"taxonomy":"product_cat","embeddable":true,"href":"https:\/\/longchangchemical.com\/tr\/wp-json\/wp\/v2\/product_cat?post=4775"},{"taxonomy":"product_tag","embeddable":true,"href":"https:\/\/longchangchemical.com\/tr\/wp-json\/wp\/v2\/product_tag?post=4775"}],"curies":[{"name":"wp","href":"https:\/\/api.w.org\/{rel}","templated":true}]}}