{"id":4658,"date":"2021-06-07T09:40:54","date_gmt":"2021-06-07T09:40:54","guid":{"rendered":"https:\/\/longchangchemical.com\/?post_type=product&#038;p=4658"},"modified":"2025-12-22T08:03:00","modified_gmt":"2025-12-22T08:03:00","slug":"stearyl-methacrylate-cas-32360-05-7","status":"publish","type":"product","link":"https:\/\/longchangchemical.com\/tr\/product\/stearyl-methacrylate-cas-32360-05-7\/","title":{"rendered":"Stearil metakrilat \/ Oktadesil metakrilat CAS 32360-05-7"},"content":{"rendered":"<h1><strong>Stearil metakrilat \/ Oktadesil metakrilat CAS 32360-05-7<\/strong><\/h1>\n<table class=\"table-1\" cellspacing=\"0\">\n<tbody>\n<tr>\n<td>\n<h4>\u00d6\u011fe<\/h4>\n<\/td>\n<td>\n<h4>Teknik \u00d6zellikler<\/h4>\n<\/td>\n<td>\n<h4>Sonu\u00e7lar<\/h4>\n<\/td>\n<\/tr>\n<tr>\n<td>\n<h4>G\u00f6r\u00fcn\u00fcm (25 \u2103)<\/h4>\n<\/td>\n<td>\n<h4>Renksiz s\u0131v\u0131 veya Beyaz mumsu kat\u0131<\/h4>\n<\/td>\n<td>\n<h4>Beyaz mumsu kat\u0131<\/h4>\n<\/td>\n<\/tr>\n<tr>\n<td>\n<h4>Asit de\u011feri (mgKOH\/g)<\/h4>\n<\/td>\n<td>\n<h4>\u22641<\/h4>\n<\/td>\n<td>\n<h4>0.28<\/h4>\n<\/td>\n<\/tr>\n<tr>\n<td>\n<h4>Renk (APHA)<\/h4>\n<\/td>\n<td>\n<h4>\u226480<\/h4>\n<\/td>\n<td>\n<h4>60<\/h4>\n<\/td>\n<\/tr>\n<tr>\n<td>\n<h4>Su (%)<\/h4>\n<\/td>\n<td>\n<h4>\u22640.2<\/h4>\n<\/td>\n<td>\n<h4>0.18<\/h4>\n<\/td>\n<\/tr>\n<tr>\n<td>\n<h4>Viskozite (30\u2103, CPS)<\/h4>\n<\/td>\n<td>\n<h4>4~12<\/h4>\n<\/td>\n<td>\n<h4>10<\/h4>\n<\/td>\n<\/tr>\n<tr>\n<td>\n<h4>\u00c7\u00f6z\u00fcn\u00fcrl\u00fck (30\u2103, %)<\/h4>\n<\/td>\n<td>\n<h4>\u22640.1<\/h4>\n<\/td>\n<td>\n<h4>0.1<\/h4>\n<\/td>\n<\/tr>\n<tr>\n<td>\n<h4>k\u0131r\u0131lma indisi (nD25)<\/h4>\n<\/td>\n<td>\n<h4>\u22641.4503<\/h4>\n<\/td>\n<td>\n<h4>1.45<\/h4>\n<\/td>\n<\/tr>\n<tr>\n<td>\n<h4>\u0130nhibit\u00f6r (MEHQ) i\u00e7eri\u011fi (ppm)<\/h4>\n<\/td>\n<td>\n<h4>150~250<\/h4>\n<\/td>\n<td>\n<h4>200<\/h4>\n<\/td>\n<\/tr>\n<tr>\n<td>\n<h4>\u0130\u00e7erik (%)<\/h4>\n<\/td>\n<td>\n<h4>\u226596<\/h4>\n<\/td>\n<td>\n<h4>96.47<\/h4>\n<\/td>\n<\/tr>\n<tr>\n<td>\n<h4>Sonu\u00e7<\/h4>\n<\/td>\n<td colspan=\"2\">\n<h4>Nitelikli<\/h4>\n<\/td>\n<\/tr>\n<\/tbody>\n<\/table>\n<p>&nbsp;<\/p>\n<h2><strong>Stearil Metakrilat Kullan\u0131m\u0131<\/strong><\/h2>\n<h4>1. Stearil Metakrilat, m\u00fcrekkeplerin, kaplamalar\u0131n, yap\u0131\u015ft\u0131r\u0131c\u0131lar\u0131n, tekstil boyama ve terbiye yard\u0131mc\u0131lar\u0131n\u0131n, deri yard\u0131mc\u0131lar\u0131n\u0131n, su ve ya\u011f iticilerin, ak\u0131\u015f \u00f6nleyicilerin, ya\u011flay\u0131c\u0131 katk\u0131 maddelerinin ve ham ya\u011f viskozite d\u00fc\u015f\u00fcr\u00fcc\u00fclerinin sentezinde kullan\u0131labilir.<\/h4>\n<h4>2. Stearyl Methacrylate r\u00fczgarl\u0131kta kullan\u0131labilir, ana i\u015flevi su ge\u00e7irmezlik, ya\u011f ve kirdir.<\/h4>\n<p>&nbsp;<\/p>\n<h2><strong>Stearil Metakrilat Paketleme ve Nakliye<\/strong><\/h2>\n<h4>Ambalaj: 200kg\/davul.<\/h4>\n<h4>Teslimat: tehlikeli mal de\u011fil<\/h4>\n<p>&nbsp;<\/p>\n<h2><strong>Stearil Metakrilat Depolama<\/strong><\/h2>\n<h4>Kuru, d\u00fc\u015f\u00fck s\u0131cakl\u0131kta, iyi havaland\u0131r\u0131lan ve ate\u015ften uzak bir yerde m\u00fch\u00fcrlenerek saklanmal\u0131d\u0131r. 21\u00b0C'nin alt\u0131nda.<\/h4>\n<p>&nbsp;<\/p>\n<h2><strong><b>\u015eimdi Bize Ula\u015f\u0131n!<\/b><\/strong><\/h2>\n<h4><strong><b>COA, MSDS veya TDS'ye ihtiyac\u0131n\u0131z varsa, l\u00fctfen a\u015fa\u011f\u0131daki forma ileti\u015fim bilgilerinizi girin, genellikle 24 saat i\u00e7inde sizinle ileti\u015fime ge\u00e7ece\u011fiz. Bana e-posta da g\u00f6nderebilirsiniz <span style=\"color: #0000ff;\"><a style=\"color: #0000ff;\" href=\"mailto:info@longchangchemical.com\">info@longchangchemical.com<\/a><\/span> \u00c7al\u0131\u015fma saatleri i\u00e7inde (8:30 - 6:00 UTC+8 Pzt.~Sat.) veya h\u0131zl\u0131 yan\u0131t almak i\u00e7in web sitesi canl\u0131 sohbetini kullan\u0131n.<\/b><\/strong><\/h4>\n<p>&nbsp;<\/p>","protected":false},"excerpt":{"rendered":"<h4>Kimyasal Ad\u0131: Stearil Metakrilat (SMA)<\/h4>\n<h4>Di\u011fer Ad\u0131: octadecyl methacrylate<\/h4>\n<h4>CAS No.:32360-05-7<\/h4>\n<h4>Molek\u00fcl a\u011f\u0131rl\u0131\u011f\u0131:338.57<\/h4>\n<h4>G\u00f6r\u00fcn\u00fcm:Renksiz s\u0131v\u0131 veya Beyaz mumsu kat\u0131<\/h4>\n<h4>Tahlil: 98%min<\/h4>","protected":false},"featured_media":4659,"comment_status":"open","ping_status":"closed","template":"","meta":[],"product_brand":[],"product_cat":[69],"product_tag":[],"class_list":{"0":"post-4658","1":"product","2":"type-product","3":"status-publish","4":"has-post-thumbnail","6":"product_cat-catalysts-chemical-auxiliary-agents","8":"first","9":"instock","10":"shipping-taxable","11":"product-type-simple"},"yoast_head":"<!-- This site is optimized with the Yoast SEO plugin v25.3.1 - https:\/\/yoast.com\/wordpress\/plugins\/seo\/ -->\n<title>China Stearyl Methacrylate Manufacturer \uff06 32360-05-7 Supplier - Longchang chemical Co., Ltd.<\/title>\n<meta name=\"description\" content=\"Longchang Chemical is a leading manufacturer and supplier of Stearyl Methacrylate in China. Buy Octadecyl methacrylate in china. We can provide the best Stearyl Methacrylate price.\" \/>\n<meta name=\"robots\" content=\"index, follow, max-snippet:-1, max-image-preview:large, max-video-preview:-1\" \/>\n<link rel=\"canonical\" href=\"https:\/\/longchangchemical.com\/tr\/product\/stearyl-methacrylate-cas-32360-05-7\/\" \/>\n<meta property=\"og:locale\" content=\"tr_TR\" \/>\n<meta property=\"og:type\" content=\"article\" \/>\n<meta property=\"og:title\" content=\"China Stearyl Methacrylate Manufacturer \uff06 32360-05-7 Supplier - Longchang chemical Co., Ltd.\" \/>\n<meta property=\"og:description\" content=\"Longchang Chemical is a leading manufacturer and supplier of Stearyl Methacrylate in China. Buy Octadecyl methacrylate in china. We can provide the best Stearyl Methacrylate price.\" \/>\n<meta property=\"og:url\" content=\"https:\/\/longchangchemical.com\/tr\/product\/stearyl-methacrylate-cas-32360-05-7\/\" \/>\n<meta property=\"og:site_name\" content=\"Longchang Chemical\" \/>\n<meta property=\"article:modified_time\" content=\"2025-12-22T08:03:00+00:00\" \/>\n<meta property=\"og:image\" content=\"https:\/\/longchangchemical.com\/wp-content\/uploads\/2021\/06\/Stearyl-Methacrylate-Appearance.jpg\" \/>\n\t<meta property=\"og:image:width\" content=\"600\" \/>\n\t<meta property=\"og:image:height\" content=\"800\" \/>\n\t<meta property=\"og:image:type\" content=\"image\/jpeg\" \/>\n<meta name=\"twitter:card\" content=\"summary_large_image\" \/>\n<script type=\"application\/ld+json\" class=\"yoast-schema-graph\">{\"@context\":\"https:\/\/schema.org\",\"@graph\":[{\"@type\":\"WebPage\",\"@id\":\"https:\/\/longchangchemical.com\/product\/stearyl-methacrylate-cas-32360-05-7\/\",\"url\":\"https:\/\/longchangchemical.com\/product\/stearyl-methacrylate-cas-32360-05-7\/\",\"name\":\"China Stearyl Methacrylate Manufacturer \uff06 32360-05-7 Supplier - Longchang chemical Co., Ltd.\",\"isPartOf\":{\"@id\":\"https:\/\/longchangchemical.com\/#website\"},\"primaryImageOfPage\":{\"@id\":\"https:\/\/longchangchemical.com\/product\/stearyl-methacrylate-cas-32360-05-7\/#primaryimage\"},\"image\":{\"@id\":\"https:\/\/longchangchemical.com\/product\/stearyl-methacrylate-cas-32360-05-7\/#primaryimage\"},\"thumbnailUrl\":\"https:\/\/longchangchemical.com\/wp-content\/uploads\/2021\/06\/Stearyl-Methacrylate-Appearance.jpg\",\"datePublished\":\"2021-06-07T09:40:54+00:00\",\"dateModified\":\"2025-12-22T08:03:00+00:00\",\"description\":\"Longchang Chemical is a leading manufacturer and supplier of Stearyl Methacrylate in China. Buy Octadecyl methacrylate in china. We can provide the best Stearyl Methacrylate price.\",\"breadcrumb\":{\"@id\":\"https:\/\/longchangchemical.com\/product\/stearyl-methacrylate-cas-32360-05-7\/#breadcrumb\"},\"inLanguage\":\"tr\",\"potentialAction\":[{\"@type\":\"ReadAction\",\"target\":[\"https:\/\/longchangchemical.com\/product\/stearyl-methacrylate-cas-32360-05-7\/\"]}]},{\"@type\":\"ImageObject\",\"inLanguage\":\"tr\",\"@id\":\"https:\/\/longchangchemical.com\/product\/stearyl-methacrylate-cas-32360-05-7\/#primaryimage\",\"url\":\"https:\/\/longchangchemical.com\/wp-content\/uploads\/2021\/06\/Stearyl-Methacrylate-Appearance.jpg\",\"contentUrl\":\"https:\/\/longchangchemical.com\/wp-content\/uploads\/2021\/06\/Stearyl-Methacrylate-Appearance.jpg\",\"width\":600,\"height\":800,\"caption\":\"Stearyl-Methacrylate-Appearance\"},{\"@type\":\"BreadcrumbList\",\"@id\":\"https:\/\/longchangchemical.com\/product\/stearyl-methacrylate-cas-32360-05-7\/#breadcrumb\",\"itemListElement\":[{\"@type\":\"ListItem\",\"position\":1,\"name\":\"Home\",\"item\":\"https:\/\/longchangchemical.com\/\"},{\"@type\":\"ListItem\",\"position\":2,\"name\":\"Products Longchang\",\"item\":\"https:\/\/longchangchemical.com\/product\/\"},{\"@type\":\"ListItem\",\"position\":3,\"name\":\"Stearyl methacrylate \/ Octadecyl methacrylate CAS 32360-05-7\"}]},{\"@type\":\"WebSite\",\"@id\":\"https:\/\/longchangchemical.com\/#website\",\"url\":\"https:\/\/longchangchemical.com\/\",\"name\":\"Longchang Chemical\",\"description\":\"China chemical manufacturer \uff06 supplier\",\"publisher\":{\"@id\":\"https:\/\/longchangchemical.com\/#organization\"},\"potentialAction\":[{\"@type\":\"SearchAction\",\"target\":{\"@type\":\"EntryPoint\",\"urlTemplate\":\"https:\/\/longchangchemical.com\/?s={search_term_string}\"},\"query-input\":{\"@type\":\"PropertyValueSpecification\",\"valueRequired\":true,\"valueName\":\"search_term_string\"}}],\"inLanguage\":\"tr\"},{\"@type\":\"Organization\",\"@id\":\"https:\/\/longchangchemical.com\/#organization\",\"name\":\"Longchang Chemical\",\"url\":\"https:\/\/longchangchemical.com\/\",\"logo\":{\"@type\":\"ImageObject\",\"inLanguage\":\"tr\",\"@id\":\"https:\/\/longchangchemical.com\/#\/schema\/logo\/image\/\",\"url\":\"https:\/\/longchangchemical.com\/wp-content\/uploads\/2020\/08\/cropped-longchang-logo.png\",\"contentUrl\":\"https:\/\/longchangchemical.com\/wp-content\/uploads\/2020\/08\/cropped-longchang-logo.png\",\"width\":512,\"height\":512,\"caption\":\"Longchang Chemical\"},\"image\":{\"@id\":\"https:\/\/longchangchemical.com\/#\/schema\/logo\/image\/\"}}]}<\/script>\n<!-- \/ Yoast SEO plugin. -->","yoast_head_json":{"title":"\u00c7in Stearil Metakrilat \u00dcreticisi \uff06 32360-05-7 Tedarik\u00e7i - Longchang chemical Co, Ltd.","description":"Longchang Chemical, \u00c7in'in \u00f6nde gelen Stearyl Methacrylate \u00fcreticisi ve tedarik\u00e7isidir. \u00c7in'de Octadecyl methacrylate sat\u0131n al\u0131n. En iyi Stearil Metakrilat fiyat\u0131n\u0131 sa\u011flayabiliriz.","robots":{"index":"index","follow":"follow","max-snippet":"max-snippet:-1","max-image-preview":"max-image-preview:large","max-video-preview":"max-video-preview:-1"},"canonical":"https:\/\/longchangchemical.com\/tr\/product\/stearyl-methacrylate-cas-32360-05-7\/","og_locale":"tr_TR","og_type":"article","og_title":"China Stearyl Methacrylate Manufacturer \uff06 32360-05-7 Supplier - Longchang chemical Co., Ltd.","og_description":"Longchang Chemical is a leading manufacturer and supplier of Stearyl Methacrylate in China. Buy Octadecyl methacrylate in china. We can provide the best Stearyl Methacrylate price.","og_url":"https:\/\/longchangchemical.com\/tr\/product\/stearyl-methacrylate-cas-32360-05-7\/","og_site_name":"Longchang Chemical","article_modified_time":"2025-12-22T08:03:00+00:00","og_image":[{"width":600,"height":800,"url":"https:\/\/longchangchemical.com\/wp-content\/uploads\/2021\/06\/Stearyl-Methacrylate-Appearance.jpg","type":"image\/jpeg"}],"twitter_card":"summary_large_image","schema":{"@context":"https:\/\/schema.org","@graph":[{"@type":"WebPage","@id":"https:\/\/longchangchemical.com\/product\/stearyl-methacrylate-cas-32360-05-7\/","url":"https:\/\/longchangchemical.com\/product\/stearyl-methacrylate-cas-32360-05-7\/","name":"\u00c7in Stearil Metakrilat \u00dcreticisi \uff06 32360-05-7 Tedarik\u00e7i - Longchang chemical Co, Ltd.","isPartOf":{"@id":"https:\/\/longchangchemical.com\/#website"},"primaryImageOfPage":{"@id":"https:\/\/longchangchemical.com\/product\/stearyl-methacrylate-cas-32360-05-7\/#primaryimage"},"image":{"@id":"https:\/\/longchangchemical.com\/product\/stearyl-methacrylate-cas-32360-05-7\/#primaryimage"},"thumbnailUrl":"https:\/\/longchangchemical.com\/wp-content\/uploads\/2021\/06\/Stearyl-Methacrylate-Appearance.jpg","datePublished":"2021-06-07T09:40:54+00:00","dateModified":"2025-12-22T08:03:00+00:00","description":"Longchang Chemical, \u00c7in'in \u00f6nde gelen Stearyl Methacrylate \u00fcreticisi ve tedarik\u00e7isidir. \u00c7in'de Octadecyl methacrylate sat\u0131n al\u0131n. En iyi Stearil Metakrilat fiyat\u0131n\u0131 sa\u011flayabiliriz.","breadcrumb":{"@id":"https:\/\/longchangchemical.com\/product\/stearyl-methacrylate-cas-32360-05-7\/#breadcrumb"},"inLanguage":"tr","potentialAction":[{"@type":"ReadAction","target":["https:\/\/longchangchemical.com\/product\/stearyl-methacrylate-cas-32360-05-7\/"]}]},{"@type":"ImageObject","inLanguage":"tr","@id":"https:\/\/longchangchemical.com\/product\/stearyl-methacrylate-cas-32360-05-7\/#primaryimage","url":"https:\/\/longchangchemical.com\/wp-content\/uploads\/2021\/06\/Stearyl-Methacrylate-Appearance.jpg","contentUrl":"https:\/\/longchangchemical.com\/wp-content\/uploads\/2021\/06\/Stearyl-Methacrylate-Appearance.jpg","width":600,"height":800,"caption":"Stearyl-Methacrylate-Appearance"},{"@type":"BreadcrumbList","@id":"https:\/\/longchangchemical.com\/product\/stearyl-methacrylate-cas-32360-05-7\/#breadcrumb","itemListElement":[{"@type":"ListItem","position":1,"name":"Home","item":"https:\/\/longchangchemical.com\/"},{"@type":"ListItem","position":2,"name":"Products Longchang","item":"https:\/\/longchangchemical.com\/product\/"},{"@type":"ListItem","position":3,"name":"Stearyl methacrylate \/ Octadecyl methacrylate CAS 32360-05-7"}]},{"@type":"WebSite","@id":"https:\/\/longchangchemical.com\/#website","url":"https:\/\/longchangchemical.com\/","name":"Longchang Kimya","description":"\u00c7in kimyasal \u00fcreticisi \uff06 tedarik\u00e7isi","publisher":{"@id":"https:\/\/longchangchemical.com\/#organization"},"potentialAction":[{"@type":"SearchAction","target":{"@type":"EntryPoint","urlTemplate":"https:\/\/longchangchemical.com\/?s={search_term_string}"},"query-input":{"@type":"PropertyValueSpecification","valueRequired":true,"valueName":"search_term_string"}}],"inLanguage":"tr"},{"@type":"Organization","@id":"https:\/\/longchangchemical.com\/#organization","name":"Longchang Kimya","url":"https:\/\/longchangchemical.com\/","logo":{"@type":"ImageObject","inLanguage":"tr","@id":"https:\/\/longchangchemical.com\/#\/schema\/logo\/image\/","url":"https:\/\/longchangchemical.com\/wp-content\/uploads\/2020\/08\/cropped-longchang-logo.png","contentUrl":"https:\/\/longchangchemical.com\/wp-content\/uploads\/2020\/08\/cropped-longchang-logo.png","width":512,"height":512,"caption":"Longchang Chemical"},"image":{"@id":"https:\/\/longchangchemical.com\/#\/schema\/logo\/image\/"}}]}},"_links":{"self":[{"href":"https:\/\/longchangchemical.com\/tr\/wp-json\/wp\/v2\/product\/4658","targetHints":{"allow":["GET"]}}],"collection":[{"href":"https:\/\/longchangchemical.com\/tr\/wp-json\/wp\/v2\/product"}],"about":[{"href":"https:\/\/longchangchemical.com\/tr\/wp-json\/wp\/v2\/types\/product"}],"replies":[{"embeddable":true,"href":"https:\/\/longchangchemical.com\/tr\/wp-json\/wp\/v2\/comments?post=4658"}],"wp:featuredmedia":[{"embeddable":true,"href":"https:\/\/longchangchemical.com\/tr\/wp-json\/wp\/v2\/media\/4659"}],"wp:attachment":[{"href":"https:\/\/longchangchemical.com\/tr\/wp-json\/wp\/v2\/media?parent=4658"}],"wp:term":[{"taxonomy":"product_brand","embeddable":true,"href":"https:\/\/longchangchemical.com\/tr\/wp-json\/wp\/v2\/product_brand?post=4658"},{"taxonomy":"product_cat","embeddable":true,"href":"https:\/\/longchangchemical.com\/tr\/wp-json\/wp\/v2\/product_cat?post=4658"},{"taxonomy":"product_tag","embeddable":true,"href":"https:\/\/longchangchemical.com\/tr\/wp-json\/wp\/v2\/product_tag?post=4658"}],"curies":[{"name":"wp","href":"https:\/\/api.w.org\/{rel}","templated":true}]}}