{"id":4591,"date":"2021-04-30T07:52:34","date_gmt":"2021-04-30T07:52:34","guid":{"rendered":"https:\/\/longchangchemical.com\/?post_type=product&#038;p=4591"},"modified":"2025-12-15T08:53:02","modified_gmt":"2025-12-15T08:53:02","slug":"acetyl-tributyl-citrate-cas-77-90-7","status":"publish","type":"product","link":"https:\/\/longchangchemical.com\/tr\/product\/acetyl-tributyl-citrate-cas-77-90-7\/","title":{"rendered":"CHLUMIFLEX\u00ae ATBC \/ Asetil trib\u00fctil sitrat CAS 77-90-7"},"content":{"rendered":"<h1>ATBC \/ Asetil trib\u00fctil sitrat CAS 77-90-7<\/h1>\n<p>&nbsp;<\/p>\n<table class=\"table-1\" cellspacing=\"0\">\n<tbody>\n<tr>\n<td>\n<h4>\u00d6\u011fe<\/h4>\n<\/td>\n<td>\n<h4>Standart<\/h4>\n<\/td>\n<td>\n<h4>Sonu\u00e7lar<\/h4>\n<\/td>\n<\/tr>\n<tr>\n<td>\n<h4>G\u00f6r\u00fcn\u00fc\u015f<\/h4>\n<\/td>\n<td>\n<h4>\u015eeffafl\u0131k ya\u011fl\u0131 s\u0131v\u0131 \uff0c g\u00f6r\u00fcn\u00fcr kirlilik yok<\/h4>\n<\/td>\n<td>\n<h4>Ge\u00e7mek<\/h4>\n<\/td>\n<\/tr>\n<tr>\n<td>\n<h4>Asitlik (mg KOH\/g) \u2264<\/h4>\n<\/td>\n<td>\n<h4>0.10<\/h4>\n<\/td>\n<td>\n<h4>0.05<\/h4>\n<\/td>\n<\/tr>\n<tr>\n<td>\n<h4>Yo\u011funluk (20\u2103), g\/cm\u00b3<\/h4>\n<\/td>\n<td>\n<h4>1.045-1.055<\/h4>\n<\/td>\n<td>\n<h4>1.051<\/h4>\n<\/td>\n<\/tr>\n<tr>\n<td>\n<h4>Nem (%)\u2264<\/h4>\n<\/td>\n<td>\n<h4>0.10<\/h4>\n<\/td>\n<td>\n<h4>0.05<\/h4>\n<\/td>\n<\/tr>\n<tr>\n<td>\n<h4>Kroma, (Pt-Co)\u2264<\/h4>\n<\/td>\n<td>\n<h4>30<\/h4>\n<\/td>\n<td>\n<h4>15<\/h4>\n<\/td>\n<\/tr>\n<tr>\n<td>\n<h4>Parlama noktas\u0131 (\u2103) \u2265<\/h4>\n<\/td>\n<td>\n<h4>204<\/h4>\n<\/td>\n<td>\n<h4>207<\/h4>\n<\/td>\n<\/tr>\n<tr>\n<td>\n<h4>K\u0131r\u0131lma indisi\uff0825 \u2103\uff09<\/h4>\n<\/td>\n<td>\n<h4>1.4410-1.4425<\/h4>\n<\/td>\n<td>\n<h4>1.4420<\/h4>\n<\/td>\n<\/tr>\n<\/tbody>\n<\/table>\n<p>&nbsp;<\/p>\n<h4><strong>Bu \u00fcr\u00fcn Asetil tributil sitrat\u0131n yerini alabilir; ATBC; Tributil O-asetilsitrat; 2-Asetiltributilsitrat; tri-n-butil asetil sitrat; Tributil sitrat asetat; Tributil asetil sitrat.<\/strong><\/h4>\n<p>&nbsp;<\/p>\n<h2><strong>Asetil trib\u00fctil sitrat \/ ATBC Kullan\u0131m\u0131<\/strong><\/h2>\n<h4>1. Asetil tributil sitrat, m\u00fckemmel \u0131s\u0131 direnci, so\u011fuk direnci, \u0131\u015f\u0131k direnci ve su direncine sahip toksik olmayan, kokusuz ve g\u00fcvenli bir plastikle\u015ftiricidir. G\u0131da ambalajlar\u0131, \u00e7ocuk oyuncaklar\u0131, t\u0131bbi \u00fcr\u00fcnler ve di\u011fer alanlar i\u00e7in uygundur.<\/h4>\n<h4>2. Et ambalaj malzemeleri ve oyuncak malzemeleri i\u00e7in Amerikan FDA onayl\u0131 Asetil tributil sitrat. M\u00fckemmel performans\u0131 nedeniyle, taze et ve \u00fcr\u00fcnlerinin paketlenmesinde, s\u00fct \u00fcr\u00fcnlerinin paketlenmesinde, polivinil klor\u00fcr t\u0131bbi \u00fcr\u00fcnlerde, sak\u0131zlarda vb. yayg\u0131n olarak kullan\u0131lmaktad\u0131r.<\/h4>\n<h4>3. Re\u00e7ine, Asetil tributil sitrat ile plastikle\u015ftirilir ve iyi \u015feffafl\u0131k ve d\u00fc\u015f\u00fck s\u0131cakl\u0131k sapma performans\u0131 sergiler ve farkl\u0131 ortamlarda d\u00fc\u015f\u00fck u\u00e7uculuk ve ekstraksiyon oran\u0131na sahiptir. Termal olarak kararl\u0131d\u0131r ve eritme ve m\u00fch\u00fcrleme s\u0131ras\u0131nda renk de\u011fi\u015ftirmez.<\/h4>\n<h4>Bu \u00fcr\u00fcn Asetil Tributil Sitrat\u0131n yerini alabilir; Tributil O-asetilsitrat; 2-Asetiltributilsitrat; tri-n-butil asetil sitrat; Tributil sitrat asetat; Tributil asetil sitrat.<\/h4>\n<h2><strong>ATBC ve TBC aras\u0131ndaki fark nedir?<\/strong><\/h2>\n<h4>Yeni nesil \u00e7evre dostu plastikle\u015ftiricilerden biri olan trib\u00fctil sitrat (TBC), ayn\u0131 zamanda iyi uyumluluk, d\u00fc\u015f\u00fck u\u00e7uculuk ve y\u00fcksek plastikle\u015ftirme verimlili\u011fine sahip biyolojik olarak par\u00e7alanabilen bir plastikle\u015ftiricidir. TBC, bir ba\u015fka \u00e7evre dostu plastikle\u015ftirici olan asetil trib\u00fctil sitrat\u0131n (ATBC) \u00fcretimi i\u00e7in hammadde olarak kullan\u0131labilir.<\/h4>\n<h2><strong>ATBC plastikle\u015ftirici etkisi<\/strong><\/h2>\n<h4>1. Polimerin cams\u0131 ge\u00e7i\u015f s\u0131cakl\u0131\u011f\u0131n\u0131 d\u00fc\u015f\u00fcr\u00fcn.<br \/>\n2. Plastikle\u015ftirilmi\u015f malzemeyi yumu\u015fak hale getirmek i\u00e7in polimerin yap\u0131s\u0131n\u0131 de\u011fi\u015ftirin.<br \/>\n3. Polimerin uzamas\u0131n\u0131 artt\u0131r\u0131r ve gerilme mukavemetini azalt\u0131r.<br \/>\n4. Polimerin toklu\u011funu artt\u0131r\u0131n ve darbe direncini geli\u015ftirin.<br \/>\n5. D\u00fc\u015f\u00fck s\u0131cakl\u0131k performans\u0131n\u0131 iyile\u015ftirin.<br \/>\n6. Polimerin viskozitesini azalt\u0131r ve polimerin ve bile\u015fik kar\u0131\u015f\u0131m\u0131n\u0131n i\u015flenebilirli\u011fini geli\u015ftirir.<br \/>\n7. Polimerlerin, \u00f6zellikle de \u00fcr\u00fcnlerde y\u00fcksek polimer i\u00e7eri\u011fine sahip olanlar\u0131n reolojik \u00f6zelliklerini de\u011fi\u015ftirin.<\/h4>\n<p>&nbsp;<\/p>\n<h2><strong>Asetil trib\u00fctil sitrat ambalaj\u0131<\/strong><\/h2>\n<h4>200kg \/ tambur.<\/h4>\n<p>&nbsp;<\/p>\n<h2><strong>Asetil trib\u00fctil sitrat Depolama<\/strong><\/h2>\n<h4>serin ve kuru bir yerde saklanmal\u0131d\u0131r; g\u00fcne\u015f kremi, tehlikeli olmayan \u00fcr\u00fcnler ta\u015f\u0131nmal\u0131d\u0131r.<\/h4>\n<p>&nbsp;<\/p>\n<h2><strong>Ayn\u0131 seriden alev geciktirici plastikle\u015ftiriciler<\/strong><\/h2>\n<table style=\"border-collapse: collapse; width: 374.27pt;\" border=\"0\" width=\"499\" cellspacing=\"0\" cellpadding=\"0\">\n<tbody>\n<tr style=\"height: 21.00pt;\">\n<td class=\"et2\" style=\"height: 21.00pt; width: 96.00pt;\" width=\"128\" height=\"28\"><a title=\"https:\/\/longchangchemical.com\/product\/cas-91082-17-6\/\" href=\"https:\/\/longchangchemical.com\/tr\/product\/cas-91082-17-6\/\"><span style=\"color: #00ccff;\">Lcflex\u00ae T-50<\/span><\/a><\/td>\n<td class=\"et3\" style=\"width: 159.75pt;\" width=\"213\">T-50; ASE<\/td>\n<td class=\"et3\" style=\"width: 118.50pt;\" width=\"158\">CAS 91082-17-6<\/td>\n<\/tr>\n<tr style=\"height: 21.00pt;\">\n<td class=\"et2\" style=\"height: 21.00pt; width: 96.00pt;\" width=\"128\" height=\"28\"><a title=\"https:\/\/longchangchemical.com\/product\/acetyl-tributyl-citrate-cas-77-90-7\/\" href=\"https:\/\/longchangchemical.com\/tr\/product\/acetyl-tributyl-citrate-cas-77-90-7\/\"><span style=\"color: #00ccff;\">Lcflex\u00ae ATBC<\/span><\/a><\/td>\n<td class=\"et3\" style=\"width: 159.75pt;\" width=\"213\">Asetil trib\u00fctil sitrat<\/td>\n<td class=\"et3\" style=\"width: 118.50pt;\" width=\"158\">CAS 77-90-7<\/td>\n<\/tr>\n<tr style=\"height: 21.00pt;\">\n<td class=\"et2\" style=\"height: 21.00pt; width: 96.00pt;\" width=\"128\" height=\"28\"><a title=\"https:\/\/longchangchemical.com\/product\/tributyl-citrate-tbc-cas-77-94-1\/\" href=\"https:\/\/longchangchemical.com\/tr\/product\/tributyl-citrate-tbc-cas-77-94-1\/\"><span style=\"color: #00ccff;\">Lcflex\u00ae TBC<\/span><\/a><\/td>\n<td class=\"et3\" style=\"width: 159.75pt;\" width=\"213\">Trib\u00fctil sitrat<\/td>\n<td class=\"et3\" style=\"width: 118.50pt;\" width=\"158\">CAS 77-94-1<\/td>\n<\/tr>\n<tr style=\"height: 21.00pt;\">\n<td class=\"et2\" style=\"height: 21.00pt; width: 96.00pt;\" width=\"128\" height=\"28\"><span style=\"color: #00ccff;\"><a style=\"color: #00ccff;\" title=\"https:\/\/longchangchemical.com\/product\/tcpp-cas-13674-84-5\/\" href=\"https:\/\/longchangchemical.com\/tr\/product\/tcpp-cas-13674-84-5\/\">Lcflex\u00ae TCPP<\/a><\/span><\/td>\n<td class=\"et3\" style=\"width: 159.75pt;\" width=\"213\">TCPP alev geciktirici<\/td>\n<td class=\"et3\" style=\"width: 118.50pt;\" width=\"158\">CAS 13674-84-5<\/td>\n<\/tr>\n<tr style=\"height: 21.00pt;\">\n<td class=\"et2\" style=\"height: 21.00pt; width: 96.00pt;\" width=\"128\" height=\"28\"><a title=\"https:\/\/longchangchemical.com\/product\/dotp-cas-6422-86-2\/\" href=\"https:\/\/longchangchemical.com\/tr\/product\/dotp-cas-6422-86-2\/\"><span style=\"color: #00ccff;\">Lcflex\u00ae DOTP<\/span><\/a><\/td>\n<td class=\"et3\" style=\"width: 159.75pt;\" width=\"213\">Dioktil tereftalat<\/td>\n<td class=\"et3\" style=\"width: 118.50pt;\" width=\"158\">CAS 6422-86-2<\/td>\n<\/tr>\n<tr style=\"height: 21.00pt;\">\n<td class=\"et2\" style=\"height: 21.00pt; width: 96.00pt;\" width=\"128\" height=\"28\"><span style=\"color: #00ccff;\"><a style=\"color: #00ccff;\" title=\"https:\/\/longchangchemical.com\/product\/diethyl-phthalate-dep-cas-84-66-2\/\" href=\"https:\/\/longchangchemical.com\/tr\/product\/diethyl-phthalate-dep-cas-84-66-2\/\">Lcflex\u00ae DEP<\/a><\/span><\/td>\n<td class=\"et3\" style=\"width: 159.75pt;\" width=\"213\">Dietil ftalat<\/td>\n<td class=\"et3\" style=\"width: 118.50pt;\" width=\"158\">CAS 84-66-2<\/td>\n<\/tr>\n<tr style=\"height: 21.00pt;\">\n<td class=\"et2\" style=\"height: 21.00pt; width: 96.00pt;\" width=\"128\" height=\"28\"><span style=\"color: #00ccff;\"><a style=\"color: #00ccff;\" title=\"https:\/\/longchangchemical.com\/product\/triethyl-citrate-cas-77-93-0\/\" href=\"https:\/\/longchangchemical.com\/tr\/product\/triethyl-citrate-cas-77-93-0\/\">Lcflex\u00ae TEC<\/a><\/span><\/td>\n<td class=\"et3\" style=\"width: 159.75pt;\" width=\"213\">trietil sitrat<\/td>\n<td class=\"et3\" style=\"width: 118.50pt;\" width=\"158\">CAS 77-93-0<\/td>\n<\/tr>\n<tr style=\"height: 21.00pt;\">\n<td class=\"et2\" style=\"height: 21.00pt; width: 96.00pt;\" width=\"128\" height=\"28\"><span style=\"color: #00ccff;\"><a style=\"color: #00ccff;\" title=\"https:\/\/longchangchemical.com\/product\/Lcflare-doa-cas-123-79-5\/\" href=\"https:\/\/longchangchemical.com\/tr\/product\/Lcflare-doa-cas-123-79-5\/\">Lcflex\u00ae DOA<\/a><\/span><\/td>\n<td class=\"et3\" style=\"width: 159.75pt;\" width=\"213\">Dioktil adipat<\/td>\n<td class=\"et3\" style=\"width: 118.50pt;\" width=\"158\">CAS 123-79-5<\/td>\n<\/tr>\n<tr style=\"height: 30.00pt;\">\n<td class=\"et2\" style=\"height: 30.00pt; width: 96.00pt;\" width=\"128\" height=\"40\"><span style=\"color: #00ccff;\"><a style=\"color: #00ccff;\" title=\"https:\/\/longchangchemical.com\/product\/Lcflare-dos-cas-2432-87-3\/\" href=\"https:\/\/longchangchemical.com\/tr\/product\/Lcflare-dos-cas-2432-87-3\/\">Lcflex\u00ae DOS<\/a><\/span><\/td>\n<td class=\"et3\" style=\"width: 159.75pt;\" width=\"213\">SEBACIC ACID DI-N-OCTYL ESTER<\/td>\n<td class=\"et3\" style=\"width: 118.50pt;\" width=\"158\">CAS 2432-87-3<\/td>\n<\/tr>\n<tr style=\"height: 27.00pt;\">\n<td class=\"et2\" style=\"height: 27.00pt; width: 96.00pt;\" width=\"128\" height=\"36\"><a title=\"https:\/\/longchangchemical.com\/product\/cas-28553-12-0-685-15-48-0\/\" href=\"https:\/\/longchangchemical.com\/tr\/product\/cas-28553-12-0-685-15-48-0\/\"><span style=\"color: #00ccff;\">Lcflex\u00ae DINP<\/span><\/a><\/td>\n<td class=\"et3\" style=\"width: 159.75pt;\" width=\"213\">Diisononyl Phthalate<\/td>\n<td class=\"et3\" style=\"width: 118.50pt;\" width=\"158\">CAS 28553-12-0\/685 15-48-0<\/td>\n<\/tr>\n<tr style=\"height: 21.00pt;\">\n<td class=\"et2\" style=\"height: 21.00pt; width: 96.00pt;\" width=\"128\" height=\"28\"><span style=\"color: #00ccff;\"><a style=\"color: #00ccff;\" title=\"https:\/\/longchangchemical.com\/product\/tmp-cas-77-99-6\/\" href=\"https:\/\/longchangchemical.com\/tr\/product\/tmp-cas-77-99-6\/\">Lcflex\u00ae TMP<\/a><\/span><\/td>\n<td class=\"et3\" style=\"width: 159.75pt;\" width=\"213\">Trimetilolpropan<\/td>\n<td class=\"et3\" style=\"width: 118.50pt;\" width=\"158\">CAS 77-99-6<\/td>\n<\/tr>\n<tr style=\"height: 13.50pt;\">\n<td class=\"et2\" style=\"height: 13.50pt; width: 96.00pt;\" width=\"128\" height=\"18\"><span style=\"color: #00ccff;\"><a style=\"color: #00ccff;\" title=\"https:\/\/longchangchemical.com\/product\/triethyl-phosphate-tep-cas-78-40-0\/\" href=\"https:\/\/longchangchemical.com\/tr\/product\/triethyl-phosphate-tep-cas-78-40-0\/\">Lcflex\u00ae TEP<\/a><\/span><\/td>\n<td class=\"et3\" style=\"width: 159.75pt;\" width=\"213\">Trietil fosfat<\/td>\n<td class=\"et3\" style=\"width: 118.50pt;\" width=\"158\">CAS 78-40-0<\/td>\n<\/tr>\n<tr style=\"height: 13.50pt;\">\n<td class=\"et4\" style=\"height: 13.50pt; width: 96.00pt;\" width=\"128\" height=\"18\"><a href=\"https:\/\/longchangchemical.com\/tr\/product\/Lcflex-totm-cas-3319-31-1\/\"><span style=\"color: #00ccff;\">Lcflex\u00ae TOTM<\/span><\/a><\/td>\n<td class=\"et3\" style=\"width: 159.75pt;\" width=\"213\">Trioktil trimellitat<\/td>\n<td class=\"et3\" style=\"width: 118.50pt;\" width=\"158\">CAS 3319-31-1<\/td>\n<\/tr>\n<tr style=\"height: 40.50pt;\">\n<td class=\"et4\" style=\"height: 40.50pt; width: 96.00pt;\" width=\"128\" height=\"54\"><a href=\"https:\/\/longchangchemical.com\/tr\/product\/Lcflex-bbp\/\"><span style=\"color: #00ccff;\">Lcflex\u00ae BBP<\/span><\/a><\/td>\n<td class=\"et3\" style=\"width: 159.75pt;\" width=\"213\">Biyo-bazl\u0131 plastikle\u015ftiriciler, Y\u00fcksek verimli plastikle\u015ftirici<\/td>\n<td class=\"et3\" style=\"width: 118.50pt;\" width=\"158\"><\/td>\n<\/tr>\n<tr style=\"height: 13.50pt;\">\n<td class=\"et4\" style=\"height: 13.50pt; width: 96.00pt;\" width=\"128\" height=\"18\"><a href=\"https:\/\/longchangchemical.com\/tr\/product\/tmp-cas-77-99-6\/\"><span style=\"color: #00ccff;\">Lcflex\u00ae TMP<\/span><\/a><\/td>\n<td class=\"et3\" style=\"width: 159.75pt;\" width=\"213\">Trimetilol propan<\/td>\n<td class=\"et3\" style=\"width: 118.50pt;\" width=\"158\">CAS 77-99-6<\/td>\n<\/tr>\n<tr style=\"height: 30.00pt;\">\n<td class=\"et2\" style=\"height: 30.00pt; width: 96.00pt;\" width=\"128\" height=\"40\"><a title=\"https:\/\/longchangchemical.com\/product\/sinopszr-tcep-cas-115-96-8\/\" href=\"https:\/\/longchangchemical.com\/tr\/product\/sinopszr-tcep-cas-115-96-8\/\"><span style=\"color: #00ccff;\">Lcflare\u00ae TCEP<\/span><\/a><\/td>\n<td class=\"et3\" style=\"width: 159.75pt;\" width=\"213\">Tris(2-kloroetil) fosfat<\/td>\n<td class=\"et3\" style=\"width: 118.50pt;\" width=\"158\">CAS 115-96-8<\/td>\n<\/tr>\n<tr style=\"height: 30.00pt;\">\n<td class=\"et2\" style=\"height: 30.00pt; width: 96.00pt;\" width=\"128\" height=\"40\"><span style=\"color: #00ccff;\"><a style=\"color: #00ccff;\" title=\"https:\/\/longchangchemical.com\/product\/Lcflare-bdp\/\" href=\"https:\/\/longchangchemical.com\/tr\/product\/Lcflare-bdp\/\">Lcflare\u00ae BDP<\/a><\/span><\/td>\n<td class=\"et3\" style=\"width: 159.75pt;\" width=\"213\">Bisfenol-A bis(difenil fosfat)<\/td>\n<td class=\"et3\" style=\"width: 118.50pt;\" width=\"158\">CAS 5945-33-5<\/td>\n<\/tr>\n<tr style=\"height: 13.50pt;\">\n<td class=\"et2\" style=\"height: 13.50pt; width: 96.00pt;\" width=\"128\" height=\"18\"><span style=\"color: #00ccff;\"><a style=\"color: #00ccff;\" title=\"https:\/\/longchangchemical.com\/product\/Lcflare-tpp-cas-115-86-6\/\" href=\"https:\/\/longchangchemical.com\/tr\/product\/Lcflare-tpp-cas-115-86-6\/\">Lcflare\u00ae TPP<\/a><\/span><\/td>\n<td class=\"et3\" style=\"width: 159.75pt;\" width=\"213\">Trifenil fosfat<\/td>\n<td class=\"et3\" style=\"width: 118.50pt;\" width=\"158\">CAS 115-86-6<\/td>\n<\/tr>\n<\/tbody>\n<\/table>\n<h2><\/h2>\n<h2><strong>\u015eimdi Bize Ula\u015f\u0131n!<\/strong><\/h2>\n<h4><strong><b>COA, MSDS veya TDS'ye ihtiyac\u0131n\u0131z varsa, l\u00fctfen a\u015fa\u011f\u0131daki forma ileti\u015fim bilgilerinizi girin, genellikle 24 saat i\u00e7inde sizinle ileti\u015fime ge\u00e7ece\u011fiz. Bana e-posta da g\u00f6nderebilirsiniz <span style=\"color: #0000ff;\"><a style=\"color: #0000ff;\" href=\"mailto:info@longchangchemical.com\">info@longchangchemical.com<\/a><\/span> \u00c7al\u0131\u015fma saatleri i\u00e7inde (8:30 - 6:00 UTC+8 Pzt.~Sat.) veya h\u0131zl\u0131 yan\u0131t almak i\u00e7in web sitesi canl\u0131 sohbetini kullan\u0131n.<\/b><\/strong><\/h4>","protected":false},"excerpt":{"rendered":"<h4>\u00dcr\u00fcn ad\u0131: Lcflex\u00aeATBC<\/h4>\n<h4>Di\u011fer ad\u0131: Asetil trib\u00fctil sitrat; ATBC; Trib\u00fctil O-asetilsitrat; 2-Asetiltrib\u00fctilsitrat; tri-n-b\u00fctil asetil sitrat; Trib\u00fctil sitrat asetat; Trib\u00fctil asetil sitrat.<\/h4>\n<h4>CAS: 77-90-7<\/h4>\n<h4>Molek\u00fcler form\u00fcl: C20H34O8<\/h4>\n<h4>Molek\u00fcl a\u011f\u0131rl\u0131\u011f\u0131: 402,48<\/h4>\n<h4>G\u00f6r\u00fcn\u00fc\u015f: \u015eeffaf ya\u011fl\u0131 s\u0131v\u0131<\/h4>","protected":false},"featured_media":0,"comment_status":"open","ping_status":"closed","template":"","meta":[],"product_brand":[],"product_cat":[111],"product_tag":[],"class_list":{"0":"post-4591","1":"product","2":"type-product","3":"status-publish","5":"product_cat-plasticizer","7":"first","8":"instock","9":"shipping-taxable","10":"product-type-simple"},"yoast_head":"<!-- This site is optimized with the Yoast SEO plugin v25.3.1 - https:\/\/yoast.com\/wordpress\/plugins\/seo\/ -->\n<title>China Acetyl tributyl citrate \/ ATBC Manufacturer \uff06 Supplier - Longchang chemical Co., Ltd.<\/title>\n<meta name=\"description\" content=\"Longchang Chemical is a leading manufacturer and supplier of Acetyl tributyl citrate in China. Buy Acetyl tributyl citrate in china. We can provide the best Acetyl tributyl citrate price.\" \/>\n<meta name=\"robots\" content=\"index, follow, max-snippet:-1, max-image-preview:large, max-video-preview:-1\" \/>\n<link rel=\"canonical\" href=\"https:\/\/longchangchemical.com\/tr\/product\/acetyl-tributyl-citrate-cas-77-90-7\/\" \/>\n<meta property=\"og:locale\" content=\"tr_TR\" \/>\n<meta property=\"og:type\" content=\"article\" \/>\n<meta property=\"og:title\" content=\"China Acetyl tributyl citrate \/ ATBC Manufacturer \uff06 Supplier - Longchang chemical Co., Ltd.\" \/>\n<meta property=\"og:description\" content=\"Longchang Chemical is a leading manufacturer and supplier of Acetyl tributyl citrate in China. Buy Acetyl tributyl citrate in china. We can provide the best Acetyl tributyl citrate price.\" \/>\n<meta property=\"og:url\" content=\"https:\/\/longchangchemical.com\/tr\/product\/acetyl-tributyl-citrate-cas-77-90-7\/\" \/>\n<meta property=\"og:site_name\" content=\"Longchang Chemical\" \/>\n<meta property=\"article:modified_time\" content=\"2025-12-15T08:53:02+00:00\" \/>\n<meta property=\"og:image\" content=\"https:\/\/longchangchemical.com\/wp-content\/uploads\/2024\/02\/logo-jpeg.jpg\" \/>\n\t<meta property=\"og:image:width\" content=\"1000\" \/>\n\t<meta property=\"og:image:height\" content=\"1000\" \/>\n\t<meta property=\"og:image:type\" content=\"image\/jpeg\" \/>\n<meta name=\"twitter:card\" content=\"summary_large_image\" \/>\n<script type=\"application\/ld+json\" class=\"yoast-schema-graph\">{\"@context\":\"https:\/\/schema.org\",\"@graph\":[{\"@type\":\"WebPage\",\"@id\":\"https:\/\/longchangchemical.com\/product\/acetyl-tributyl-citrate-cas-77-90-7\/\",\"url\":\"https:\/\/longchangchemical.com\/product\/acetyl-tributyl-citrate-cas-77-90-7\/\",\"name\":\"China Acetyl tributyl citrate \/ ATBC Manufacturer \uff06 Supplier - Longchang chemical Co., Ltd.\",\"isPartOf\":{\"@id\":\"https:\/\/longchangchemical.com\/#website\"},\"datePublished\":\"2021-04-30T07:52:34+00:00\",\"dateModified\":\"2025-12-15T08:53:02+00:00\",\"description\":\"Longchang Chemical is a leading manufacturer and supplier of Acetyl tributyl citrate in China. Buy Acetyl tributyl citrate in china. We can provide the best Acetyl tributyl citrate price.\",\"breadcrumb\":{\"@id\":\"https:\/\/longchangchemical.com\/product\/acetyl-tributyl-citrate-cas-77-90-7\/#breadcrumb\"},\"inLanguage\":\"tr\",\"potentialAction\":[{\"@type\":\"ReadAction\",\"target\":[\"https:\/\/longchangchemical.com\/product\/acetyl-tributyl-citrate-cas-77-90-7\/\"]}]},{\"@type\":\"BreadcrumbList\",\"@id\":\"https:\/\/longchangchemical.com\/product\/acetyl-tributyl-citrate-cas-77-90-7\/#breadcrumb\",\"itemListElement\":[{\"@type\":\"ListItem\",\"position\":1,\"name\":\"Home\",\"item\":\"https:\/\/longchangchemical.com\/\"},{\"@type\":\"ListItem\",\"position\":2,\"name\":\"Products Longchang\",\"item\":\"https:\/\/longchangchemical.com\/product\/\"},{\"@type\":\"ListItem\",\"position\":3,\"name\":\"CHLUMIFLEX\u00ae ATBC \/ Acetyl tributyl citrate CAS 77-90-7\"}]},{\"@type\":\"WebSite\",\"@id\":\"https:\/\/longchangchemical.com\/#website\",\"url\":\"https:\/\/longchangchemical.com\/\",\"name\":\"Longchang Chemical\",\"description\":\"China chemical manufacturer \uff06 supplier\",\"publisher\":{\"@id\":\"https:\/\/longchangchemical.com\/#organization\"},\"potentialAction\":[{\"@type\":\"SearchAction\",\"target\":{\"@type\":\"EntryPoint\",\"urlTemplate\":\"https:\/\/longchangchemical.com\/?s={search_term_string}\"},\"query-input\":{\"@type\":\"PropertyValueSpecification\",\"valueRequired\":true,\"valueName\":\"search_term_string\"}}],\"inLanguage\":\"tr\"},{\"@type\":\"Organization\",\"@id\":\"https:\/\/longchangchemical.com\/#organization\",\"name\":\"Longchang Chemical\",\"url\":\"https:\/\/longchangchemical.com\/\",\"logo\":{\"@type\":\"ImageObject\",\"inLanguage\":\"tr\",\"@id\":\"https:\/\/longchangchemical.com\/#\/schema\/logo\/image\/\",\"url\":\"https:\/\/longchangchemical.com\/wp-content\/uploads\/2020\/08\/cropped-longchang-logo.png\",\"contentUrl\":\"https:\/\/longchangchemical.com\/wp-content\/uploads\/2020\/08\/cropped-longchang-logo.png\",\"width\":512,\"height\":512,\"caption\":\"Longchang Chemical\"},\"image\":{\"@id\":\"https:\/\/longchangchemical.com\/#\/schema\/logo\/image\/\"}}]}<\/script>\n<!-- \/ Yoast SEO plugin. -->","yoast_head_json":{"title":"\u00c7in Asetil trib\u00fctil sitrat \/ ATBC \u00dcretici \uff06 Tedarik\u00e7i - Longchang chemical Co, Ltd.","description":"Longchang Chemical, \u00c7in'in \u00f6nde gelen Asetil tributil sitrat \u00fcreticisi ve tedarik\u00e7isidir. \u00c7in'de Asetil tributil sitrat sat\u0131n al\u0131n. En iyi Asetil tributil sitrat fiyat\u0131n\u0131 sa\u011flayabiliriz.","robots":{"index":"index","follow":"follow","max-snippet":"max-snippet:-1","max-image-preview":"max-image-preview:large","max-video-preview":"max-video-preview:-1"},"canonical":"https:\/\/longchangchemical.com\/tr\/product\/acetyl-tributyl-citrate-cas-77-90-7\/","og_locale":"tr_TR","og_type":"article","og_title":"China Acetyl tributyl citrate \/ ATBC Manufacturer \uff06 Supplier - Longchang chemical Co., Ltd.","og_description":"Longchang Chemical is a leading manufacturer and supplier of Acetyl tributyl citrate in China. Buy Acetyl tributyl citrate in china. We can provide the best Acetyl tributyl citrate price.","og_url":"https:\/\/longchangchemical.com\/tr\/product\/acetyl-tributyl-citrate-cas-77-90-7\/","og_site_name":"Longchang Chemical","article_modified_time":"2025-12-15T08:53:02+00:00","og_image":[{"width":1000,"height":1000,"url":"https:\/\/longchangchemical.com\/wp-content\/uploads\/2024\/02\/logo-jpeg.jpg","type":"image\/jpeg"}],"twitter_card":"summary_large_image","schema":{"@context":"https:\/\/schema.org","@graph":[{"@type":"WebPage","@id":"https:\/\/longchangchemical.com\/product\/acetyl-tributyl-citrate-cas-77-90-7\/","url":"https:\/\/longchangchemical.com\/product\/acetyl-tributyl-citrate-cas-77-90-7\/","name":"\u00c7in Asetil trib\u00fctil sitrat \/ ATBC \u00dcretici \uff06 Tedarik\u00e7i - Longchang chemical Co, Ltd.","isPartOf":{"@id":"https:\/\/longchangchemical.com\/#website"},"datePublished":"2021-04-30T07:52:34+00:00","dateModified":"2025-12-15T08:53:02+00:00","description":"Longchang Chemical, \u00c7in'in \u00f6nde gelen Asetil tributil sitrat \u00fcreticisi ve tedarik\u00e7isidir. \u00c7in'de Asetil tributil sitrat sat\u0131n al\u0131n. En iyi Asetil tributil sitrat fiyat\u0131n\u0131 sa\u011flayabiliriz.","breadcrumb":{"@id":"https:\/\/longchangchemical.com\/product\/acetyl-tributyl-citrate-cas-77-90-7\/#breadcrumb"},"inLanguage":"tr","potentialAction":[{"@type":"ReadAction","target":["https:\/\/longchangchemical.com\/product\/acetyl-tributyl-citrate-cas-77-90-7\/"]}]},{"@type":"BreadcrumbList","@id":"https:\/\/longchangchemical.com\/product\/acetyl-tributyl-citrate-cas-77-90-7\/#breadcrumb","itemListElement":[{"@type":"ListItem","position":1,"name":"Home","item":"https:\/\/longchangchemical.com\/"},{"@type":"ListItem","position":2,"name":"Products Longchang","item":"https:\/\/longchangchemical.com\/product\/"},{"@type":"ListItem","position":3,"name":"CHLUMIFLEX\u00ae ATBC \/ Acetyl tributyl citrate CAS 77-90-7"}]},{"@type":"WebSite","@id":"https:\/\/longchangchemical.com\/#website","url":"https:\/\/longchangchemical.com\/","name":"Longchang Kimya","description":"\u00c7in kimyasal \u00fcreticisi \uff06 tedarik\u00e7isi","publisher":{"@id":"https:\/\/longchangchemical.com\/#organization"},"potentialAction":[{"@type":"SearchAction","target":{"@type":"EntryPoint","urlTemplate":"https:\/\/longchangchemical.com\/?s={search_term_string}"},"query-input":{"@type":"PropertyValueSpecification","valueRequired":true,"valueName":"search_term_string"}}],"inLanguage":"tr"},{"@type":"Organization","@id":"https:\/\/longchangchemical.com\/#organization","name":"Longchang Kimya","url":"https:\/\/longchangchemical.com\/","logo":{"@type":"ImageObject","inLanguage":"tr","@id":"https:\/\/longchangchemical.com\/#\/schema\/logo\/image\/","url":"https:\/\/longchangchemical.com\/wp-content\/uploads\/2020\/08\/cropped-longchang-logo.png","contentUrl":"https:\/\/longchangchemical.com\/wp-content\/uploads\/2020\/08\/cropped-longchang-logo.png","width":512,"height":512,"caption":"Longchang Chemical"},"image":{"@id":"https:\/\/longchangchemical.com\/#\/schema\/logo\/image\/"}}]}},"_links":{"self":[{"href":"https:\/\/longchangchemical.com\/tr\/wp-json\/wp\/v2\/product\/4591","targetHints":{"allow":["GET"]}}],"collection":[{"href":"https:\/\/longchangchemical.com\/tr\/wp-json\/wp\/v2\/product"}],"about":[{"href":"https:\/\/longchangchemical.com\/tr\/wp-json\/wp\/v2\/types\/product"}],"replies":[{"embeddable":true,"href":"https:\/\/longchangchemical.com\/tr\/wp-json\/wp\/v2\/comments?post=4591"}],"wp:attachment":[{"href":"https:\/\/longchangchemical.com\/tr\/wp-json\/wp\/v2\/media?parent=4591"}],"wp:term":[{"taxonomy":"product_brand","embeddable":true,"href":"https:\/\/longchangchemical.com\/tr\/wp-json\/wp\/v2\/product_brand?post=4591"},{"taxonomy":"product_cat","embeddable":true,"href":"https:\/\/longchangchemical.com\/tr\/wp-json\/wp\/v2\/product_cat?post=4591"},{"taxonomy":"product_tag","embeddable":true,"href":"https:\/\/longchangchemical.com\/tr\/wp-json\/wp\/v2\/product_tag?post=4591"}],"curies":[{"name":"wp","href":"https:\/\/api.w.org\/{rel}","templated":true}]}}