{"id":4383,"date":"2021-02-10T08:17:18","date_gmt":"2021-02-10T08:17:18","guid":{"rendered":"https:\/\/longchangchemical.com\/?post_type=product&#038;p=4383"},"modified":"2026-05-08T02:59:32","modified_gmt":"2026-05-08T02:59:32","slug":"zinc-citrate-tribasic-dihydrate-cas-5990-32-9","status":"publish","type":"product","link":"https:\/\/longchangchemical.com\/tr\/product\/zinc-citrate-tribasic-dihydrate-cas-5990-32-9\/","title":{"rendered":"\u00c7inko sitrat tribazik dihidrat CAS 5990-32-9"},"content":{"rendered":"<h2><strong>\u00c7inko sitrat tribazik dihidrat CAS 5990-32-9<\/strong><\/h2>\n<table>\n<tbody>\n<tr>\n<td width=\"234\">\n<h4>\u00d6\u011fe<\/h4>\n<\/td>\n<td width=\"286\">\n<h4>Standart<\/h4>\n<\/td>\n<td width=\"186\">\n<h4>Sonu\u00e7lar<\/h4>\n<\/td>\n<\/tr>\n<tr>\n<td width=\"234\">\n<h4>G\u00f6r\u00fcn\u00fc\u015f<\/h4>\n<\/td>\n<td width=\"286\">\n<h4>Beyaz Toz<\/h4>\n<\/td>\n<td width=\"186\">\n<h4>Teyit Ediyor<\/h4>\n<\/td>\n<\/tr>\n<tr>\n<td width=\"234\">\n<h4>Zn<\/h4>\n<\/td>\n<td width=\"286\">\n<h4>&gt;31.3<\/h4>\n<\/td>\n<td width=\"186\">\n<h4>31.37<\/h4>\n<\/td>\n<\/tr>\n<tr>\n<td width=\"234\">\n<h4>Kurutma kayb\u0131<\/h4>\n<\/td>\n<td width=\"286\">\n<h4>\u22641.0%<\/h4>\n<\/td>\n<td width=\"186\">\n<h4>0.6%<\/h4>\n<\/td>\n<\/tr>\n<tr>\n<td width=\"234\">\n<h4>Arsenik<\/h4>\n<\/td>\n<td width=\"286\">\n<h4>\u22640.0003%<\/h4>\n<\/td>\n<td width=\"186\">\n<h4>\uff1c 0,0003%<\/h4>\n<\/td>\n<\/tr>\n<tr>\n<td width=\"234\">\n<h4>Kur\u015fun<\/h4>\n<\/td>\n<td width=\"286\">\n<h4>\u226410ppm<\/h4>\n<\/td>\n<td width=\"186\">\n<h4>\uff1c 10 ppm<\/h4>\n<\/td>\n<\/tr>\n<tr>\n<td width=\"234\">\n<h4>Cd<\/h4>\n<\/td>\n<td width=\"286\">\n<h4>\u22640.0005%<\/h4>\n<\/td>\n<td width=\"186\">\n<h4>\uff1c 0,0005%<\/h4>\n<\/td>\n<\/tr>\n<tr>\n<td width=\"234\">\n<h4>S\u00fclfat<\/h4>\n<\/td>\n<td width=\"286\">\n<h4>\u22640,05%<\/h4>\n<\/td>\n<td width=\"186\">\n<h4>\uff1c 0,05%<\/h4>\n<\/td>\n<\/tr>\n<tr>\n<td width=\"234\">\n<h4>Cl<\/h4>\n<\/td>\n<td width=\"286\">\n<h4>\u22640,05%<\/h4>\n<\/td>\n<td width=\"186\">\n<h4>\uff1c 0,05%<\/h4>\n<\/td>\n<\/tr>\n<\/tbody>\n<\/table>\n<h2><\/h2>\n<h2><strong><b>\u00c7inko sitrat tribazik dihidrat <\/b><\/strong><strong><b>Kullan\u0131m<\/b><\/strong><\/h2>\n<h4>1. Di\u015f macunu ve gargara yap\u0131m\u0131nda kullan\u0131l\u0131r.<\/h4>\n<h4>2. G\u0131da katk\u0131 maddesi olarak kullan\u0131l\u0131r<\/h4>\n<p>&nbsp;<\/p>\n<h2><b><\/b><strong><b>\u00c7inko sitrat tribazik dihidrat <\/b><\/strong><strong><b>Paketleme ve Nakliye<\/b><\/strong><b><\/b><\/h2>\n<h4>Ambalaj: 25kg\/tambur<\/h4>\n<p>&nbsp;<\/p>\n<h2><strong><b>\u00c7inko sitrat tribazik dihidrat <\/b><\/strong><strong><b>Depolama<\/b><\/strong><\/h2>\n<h4>Serin ve kuru bir yere konulmal\u0131d\u0131r.<\/h4>\n<p>&nbsp;<\/p>\n<h2><strong>Ayn\u0131 seri \u00fcr\u00fcnler<\/strong><\/h2>\n<table style=\"border-collapse: collapse; width: 312.02pt;\" border=\"0\" width=\"416\" cellspacing=\"0\" cellpadding=\"0\">\n<tbody>\n<tr style=\"height: 54.00pt;\">\n<td class=\"et4\" style=\"height: 54.00pt; width: 201.75pt;\" width=\"269\" height=\"72\">\n<h4><a href=\"https:\/\/longchangchemical.com\/tr\/product\/bismuth-citrate-cas-813-93-4\/\"><span style=\"color: #0000ff;\"><strong>Bizmut sitrat<\/strong><\/span><\/a><\/h4>\n<\/td>\n<td class=\"et4\" style=\"width: 110.25pt;\" width=\"147\">\n<h4><a href=\"https:\/\/longchangchemical.com\/tr\/product\/bismuth-citrate-cas-813-93-4\/\"><span style=\"color: #0000ff;\"><strong>813-93-4<\/strong><\/span><\/a><\/h4>\n<\/td>\n<\/tr>\n<tr style=\"height: 54.00pt;\">\n<td class=\"et5\" style=\"height: 54.00pt; width: 201.75pt;\" width=\"269\" height=\"72\">\n<h4><a href=\"https:\/\/longchangchemical.com\/tr\/product\/boron-citrate-5\/\"><span style=\"color: #0000ff;\"><strong>Bor sitrat<\/strong><\/span><\/a><\/h4>\n<\/td>\n<td class=\"et6\" style=\"width: 110.25pt;\" width=\"147\"><\/td>\n<\/tr>\n<tr style=\"height: 40.50pt;\">\n<td class=\"et7\" style=\"height: 40.50pt; width: 201.75pt;\" width=\"269\" height=\"54\">\n<h4><a href=\"https:\/\/longchangchemical.com\/tr\/product\/ferric-citrate-cas-3522-50-7\/\"><span style=\"color: #0000ff;\"><strong>Ferrik sitrat<\/strong><\/span><\/a><\/h4>\n<\/td>\n<td class=\"et7\" style=\"width: 110.25pt;\" width=\"147\">\n<h4><a href=\"https:\/\/longchangchemical.com\/tr\/product\/ferric-citrate-cas-3522-50-7\/\"><span style=\"color: #0000ff;\"><strong>3522-50-7<\/strong><\/span><\/a><\/h4>\n<\/td>\n<\/tr>\n<tr style=\"height: 40.50pt;\">\n<td class=\"et7\" style=\"height: 40.50pt; width: 201.75pt;\" width=\"269\" height=\"54\">\n<h4><a href=\"https:\/\/longchangchemical.com\/tr\/product\/calcium-citrate-cas-813-94-5\/\"><span style=\"color: #0000ff;\"><strong>Kalsiyum sitrat<\/strong><\/span><\/a><\/h4>\n<\/td>\n<td class=\"et7\" style=\"width: 110.25pt;\" width=\"147\">\n<h4><a href=\"https:\/\/longchangchemical.com\/tr\/product\/calcium-citrate-cas-813-94-5\/\"><span style=\"color: #0000ff;\"><strong>813-94-5<\/strong><\/span><\/a><\/h4>\n<\/td>\n<\/tr>\n<tr style=\"height: 40.50pt;\">\n<td class=\"et7\" style=\"height: 40.50pt; width: 201.75pt;\" width=\"269\" height=\"54\">\n<h4><a href=\"https:\/\/longchangchemical.com\/tr\/product\/trimagnesium-dicitrate-cas-3344-18-1\/\"><span style=\"color: #0000ff;\"><strong>Trimagnezyum disitrat<\/strong><\/span><\/a><\/h4>\n<\/td>\n<td class=\"et7\" style=\"width: 110.25pt;\" width=\"147\">\n<h4><a href=\"https:\/\/longchangchemical.com\/tr\/product\/trimagnesium-dicitrate-cas-3344-18-1\/\"><span style=\"color: #0000ff;\"><strong>3344-18-1<\/strong><\/span><\/a><\/h4>\n<\/td>\n<\/tr>\n<tr style=\"height: 40.50pt;\">\n<td class=\"et7\" style=\"height: 40.50pt; width: 201.75pt;\" width=\"269\" height=\"54\">\n<h4>\u00c7inko sitrat tribazik dihidrat<\/h4>\n<\/td>\n<td class=\"et7\" style=\"width: 110.25pt;\" width=\"147\">\n<h4>5990-32-9<\/h4>\n<\/td>\n<\/tr>\n<tr style=\"height: 40.50pt;\">\n<td class=\"et7\" style=\"height: 40.50pt; width: 201.75pt;\" width=\"269\" height=\"54\">\n<h4><a href=\"https:\/\/longchangchemical.com\/tr\/product\/manganese-citrate-cas-10024-66-5\/\"><span style=\"color: #0000ff;\"><strong>Manganez sitrat<\/strong><\/span><\/a><\/h4>\n<\/td>\n<td class=\"et7\" style=\"width: 110.25pt;\" width=\"147\">\n<h4><a href=\"https:\/\/longchangchemical.com\/tr\/product\/manganese-citrate-cas-10024-66-5\/\"><span style=\"color: #0000ff;\"><strong>10024-66-5<\/strong><\/span><\/a><\/h4>\n<\/td>\n<\/tr>\n<tr style=\"height: 40.50pt;\">\n<td class=\"et7\" style=\"height: 40.50pt; width: 201.75pt;\" width=\"269\" height=\"54\">\n<h4><a href=\"https:\/\/longchangchemical.com\/tr\/product\/trimethyl-citrate-cas-1587-20-8\/\"><span style=\"color: #0000ff;\"><strong>Trimetil sitrat<\/strong><\/span><\/a><\/h4>\n<\/td>\n<td class=\"et7\" style=\"width: 110.25pt;\" width=\"147\">\n<h4><a href=\"https:\/\/longchangchemical.com\/tr\/product\/trimethyl-citrate-cas-1587-20-8\/\"><span style=\"color: #0000ff;\"><strong>1587-20-8<\/strong><\/span><\/a><\/h4>\n<\/td>\n<\/tr>\n<tr style=\"height: 40.50pt;\">\n<td class=\"et7\" style=\"height: 40.50pt; width: 201.75pt;\" width=\"269\" height=\"54\">\n<h4><a href=\"https:\/\/longchangchemical.com\/tr\/product\/triethyl-citrate-cas-77-93-0\/\"><span style=\"color: #0000ff;\"><strong>Trietil sitrat<\/strong><\/span><\/a><\/h4>\n<\/td>\n<td class=\"et7\" style=\"width: 110.25pt;\" width=\"147\">\n<h4><a href=\"https:\/\/longchangchemical.com\/tr\/product\/triethyl-citrate-cas-77-93-0\/\"><span style=\"color: #0000ff;\"><strong>77-93-0<\/strong><\/span><\/a><\/h4>\n<\/td>\n<\/tr>\n<\/tbody>\n<\/table>\n<p>&nbsp;<\/p>\n<h2><strong><b>\u015eimdi Bize Ula\u015f\u0131n!<\/b><\/strong><\/h2>\n<h4><strong><b>\u00d6zelle\u015ftirilmi\u015f hizmetler sunuyoruz, genellikle 24 saat i\u00e7inde sizinle ileti\u015fime ge\u00e7ece\u011fiz. Ayr\u0131ca mesai saatleri i\u00e7inde (8:30 - 6:00 UTC+8 Pzt.~Sat.) info@longchangchemical.com adresine e-posta g\u00f6nderebilir veya h\u0131zl\u0131 yan\u0131t almak i\u00e7in web sitesi canl\u0131 sohbetini kullanabilirsiniz.<\/b><\/strong><\/h4>","protected":false},"excerpt":{"rendered":"<h4>Kimyasal Ad\u0131: \u00c7inko Sitrat<\/h4>\n<h4>CAS No: 5990-32-9<\/h4>\n<h4>Molek\u00fcler Fom\u00fcl: C12H14O16Zn3<\/h4>\n<h4>Molek\u00fcl a\u011f\u0131rl\u0131\u011f\u0131: 610,4<\/h4>\n<h4>G\u00f6r\u00fcn\u00fc\u015f: Beyaz toz<\/h4>\n<h4>\u00c7inko Tahlili: &gt;31.3%<\/h4>","protected":false},"featured_media":4384,"comment_status":"open","ping_status":"closed","template":"","meta":[],"product_brand":[],"product_cat":[113],"product_tag":[],"class_list":{"0":"post-4383","1":"product","2":"type-product","3":"status-publish","4":"has-post-thumbnail","6":"product_cat-organic-intermediate","8":"first","9":"instock","10":"shipping-taxable","11":"product-type-simple"},"yoast_head":"<!-- This site is optimized with the Yoast SEO plugin v25.3.1 - https:\/\/yoast.com\/wordpress\/plugins\/seo\/ -->\n<title>China Trimagnesium dicitrate Manufacturer \uff06 Supplier - Longchang chemical Co., Ltd.<\/title>\n<meta name=\"description\" content=\"Longchang Chemical is a leading manufacturer and supplier of Trimagnesium dicitrate in China. Buy Trimagnesium dicitrate in china. We can provide the best Trimagnesium dicitrate price.\" \/>\n<meta name=\"robots\" content=\"index, follow, max-snippet:-1, max-image-preview:large, max-video-preview:-1\" \/>\n<link rel=\"canonical\" href=\"https:\/\/longchangchemical.com\/tr\/product\/zinc-citrate-tribasic-dihydrate-cas-5990-32-9\/\" \/>\n<meta property=\"og:locale\" content=\"tr_TR\" \/>\n<meta property=\"og:type\" content=\"article\" \/>\n<meta property=\"og:title\" content=\"China Trimagnesium dicitrate Manufacturer \uff06 Supplier - Longchang chemical Co., Ltd.\" \/>\n<meta property=\"og:description\" content=\"Longchang Chemical is a leading manufacturer and supplier of Trimagnesium dicitrate in China. Buy Trimagnesium dicitrate in china. We can provide the best Trimagnesium dicitrate price.\" \/>\n<meta property=\"og:url\" content=\"https:\/\/longchangchemical.com\/tr\/product\/zinc-citrate-tribasic-dihydrate-cas-5990-32-9\/\" \/>\n<meta property=\"og:site_name\" content=\"Longchang Chemical\" \/>\n<meta property=\"article:modified_time\" content=\"2026-05-08T02:59:32+00:00\" \/>\n<meta property=\"og:image\" content=\"https:\/\/longchangchemical.com\/wp-content\/uploads\/2021\/02\/Zinc-citrate-tribasic-dihydrate-Appearance.jpg\" \/>\n\t<meta property=\"og:image:width\" content=\"600\" \/>\n\t<meta property=\"og:image:height\" content=\"800\" \/>\n\t<meta property=\"og:image:type\" content=\"image\/jpeg\" \/>\n<meta name=\"twitter:card\" content=\"summary_large_image\" \/>\n<script type=\"application\/ld+json\" class=\"yoast-schema-graph\">{\"@context\":\"https:\/\/schema.org\",\"@graph\":[{\"@type\":\"WebPage\",\"@id\":\"https:\/\/longchangchemical.com\/product\/zinc-citrate-tribasic-dihydrate-cas-5990-32-9\/\",\"url\":\"https:\/\/longchangchemical.com\/product\/zinc-citrate-tribasic-dihydrate-cas-5990-32-9\/\",\"name\":\"China Trimagnesium dicitrate Manufacturer \uff06 Supplier - Longchang chemical Co., Ltd.\",\"isPartOf\":{\"@id\":\"https:\/\/longchangchemical.com\/#website\"},\"primaryImageOfPage\":{\"@id\":\"https:\/\/longchangchemical.com\/product\/zinc-citrate-tribasic-dihydrate-cas-5990-32-9\/#primaryimage\"},\"image\":{\"@id\":\"https:\/\/longchangchemical.com\/product\/zinc-citrate-tribasic-dihydrate-cas-5990-32-9\/#primaryimage\"},\"thumbnailUrl\":\"https:\/\/longchangchemical.com\/wp-content\/uploads\/2021\/02\/Zinc-citrate-tribasic-dihydrate-Appearance.jpg\",\"datePublished\":\"2021-02-10T08:17:18+00:00\",\"dateModified\":\"2026-05-08T02:59:32+00:00\",\"description\":\"Longchang Chemical is a leading manufacturer and supplier of Trimagnesium dicitrate in China. Buy Trimagnesium dicitrate in china. We can provide the best Trimagnesium dicitrate price.\",\"breadcrumb\":{\"@id\":\"https:\/\/longchangchemical.com\/product\/zinc-citrate-tribasic-dihydrate-cas-5990-32-9\/#breadcrumb\"},\"inLanguage\":\"tr\",\"potentialAction\":[{\"@type\":\"ReadAction\",\"target\":[\"https:\/\/longchangchemical.com\/product\/zinc-citrate-tribasic-dihydrate-cas-5990-32-9\/\"]}]},{\"@type\":\"ImageObject\",\"inLanguage\":\"tr\",\"@id\":\"https:\/\/longchangchemical.com\/product\/zinc-citrate-tribasic-dihydrate-cas-5990-32-9\/#primaryimage\",\"url\":\"https:\/\/longchangchemical.com\/wp-content\/uploads\/2021\/02\/Zinc-citrate-tribasic-dihydrate-Appearance.jpg\",\"contentUrl\":\"https:\/\/longchangchemical.com\/wp-content\/uploads\/2021\/02\/Zinc-citrate-tribasic-dihydrate-Appearance.jpg\",\"width\":600,\"height\":800,\"caption\":\"Zinc citrate tribasic dihydrate Appearance\"},{\"@type\":\"BreadcrumbList\",\"@id\":\"https:\/\/longchangchemical.com\/product\/zinc-citrate-tribasic-dihydrate-cas-5990-32-9\/#breadcrumb\",\"itemListElement\":[{\"@type\":\"ListItem\",\"position\":1,\"name\":\"Home\",\"item\":\"https:\/\/longchangchemical.com\/\"},{\"@type\":\"ListItem\",\"position\":2,\"name\":\"Products Longchang\",\"item\":\"https:\/\/longchangchemical.com\/product\/\"},{\"@type\":\"ListItem\",\"position\":3,\"name\":\"Zinc citrate tribasic dihydrate CAS 5990-32-9\"}]},{\"@type\":\"WebSite\",\"@id\":\"https:\/\/longchangchemical.com\/#website\",\"url\":\"https:\/\/longchangchemical.com\/\",\"name\":\"Longchang Chemical\",\"description\":\"China chemical manufacturer \uff06 supplier\",\"publisher\":{\"@id\":\"https:\/\/longchangchemical.com\/#organization\"},\"potentialAction\":[{\"@type\":\"SearchAction\",\"target\":{\"@type\":\"EntryPoint\",\"urlTemplate\":\"https:\/\/longchangchemical.com\/?s={search_term_string}\"},\"query-input\":{\"@type\":\"PropertyValueSpecification\",\"valueRequired\":true,\"valueName\":\"search_term_string\"}}],\"inLanguage\":\"tr\"},{\"@type\":\"Organization\",\"@id\":\"https:\/\/longchangchemical.com\/#organization\",\"name\":\"Longchang Chemical\",\"url\":\"https:\/\/longchangchemical.com\/\",\"logo\":{\"@type\":\"ImageObject\",\"inLanguage\":\"tr\",\"@id\":\"https:\/\/longchangchemical.com\/#\/schema\/logo\/image\/\",\"url\":\"https:\/\/longchangchemical.com\/wp-content\/uploads\/2020\/08\/cropped-longchang-logo.png\",\"contentUrl\":\"https:\/\/longchangchemical.com\/wp-content\/uploads\/2020\/08\/cropped-longchang-logo.png\",\"width\":512,\"height\":512,\"caption\":\"Longchang Chemical\"},\"image\":{\"@id\":\"https:\/\/longchangchemical.com\/#\/schema\/logo\/image\/\"}}]}<\/script>\n<!-- \/ Yoast SEO plugin. -->","yoast_head_json":{"title":"\u00c7in Trimagnesium dicitrate \u00dcretici \uff06 Tedarik\u00e7i - Longchang chemical Co, Ltd.","description":"Longchang Chemical, \u00c7in'in \u00f6nde gelen Trimagnesium dicitrate \u00fcreticisi ve tedarik\u00e7isidir. \u00c7in'de Trimagnesium dicitrate sat\u0131n al\u0131n. En iyi Trimagnesium dicitrate fiyat\u0131n\u0131 sa\u011flayabiliriz.","robots":{"index":"index","follow":"follow","max-snippet":"max-snippet:-1","max-image-preview":"max-image-preview:large","max-video-preview":"max-video-preview:-1"},"canonical":"https:\/\/longchangchemical.com\/tr\/product\/zinc-citrate-tribasic-dihydrate-cas-5990-32-9\/","og_locale":"tr_TR","og_type":"article","og_title":"China Trimagnesium dicitrate Manufacturer \uff06 Supplier - Longchang chemical Co., Ltd.","og_description":"Longchang Chemical is a leading manufacturer and supplier of Trimagnesium dicitrate in China. Buy Trimagnesium dicitrate in china. We can provide the best Trimagnesium dicitrate price.","og_url":"https:\/\/longchangchemical.com\/tr\/product\/zinc-citrate-tribasic-dihydrate-cas-5990-32-9\/","og_site_name":"Longchang Chemical","article_modified_time":"2026-05-08T02:59:32+00:00","og_image":[{"width":600,"height":800,"url":"https:\/\/longchangchemical.com\/wp-content\/uploads\/2021\/02\/Zinc-citrate-tribasic-dihydrate-Appearance.jpg","type":"image\/jpeg"}],"twitter_card":"summary_large_image","schema":{"@context":"https:\/\/schema.org","@graph":[{"@type":"WebPage","@id":"https:\/\/longchangchemical.com\/product\/zinc-citrate-tribasic-dihydrate-cas-5990-32-9\/","url":"https:\/\/longchangchemical.com\/product\/zinc-citrate-tribasic-dihydrate-cas-5990-32-9\/","name":"\u00c7in Trimagnesium dicitrate \u00dcretici \uff06 Tedarik\u00e7i - Longchang chemical Co, Ltd.","isPartOf":{"@id":"https:\/\/longchangchemical.com\/#website"},"primaryImageOfPage":{"@id":"https:\/\/longchangchemical.com\/product\/zinc-citrate-tribasic-dihydrate-cas-5990-32-9\/#primaryimage"},"image":{"@id":"https:\/\/longchangchemical.com\/product\/zinc-citrate-tribasic-dihydrate-cas-5990-32-9\/#primaryimage"},"thumbnailUrl":"https:\/\/longchangchemical.com\/wp-content\/uploads\/2021\/02\/Zinc-citrate-tribasic-dihydrate-Appearance.jpg","datePublished":"2021-02-10T08:17:18+00:00","dateModified":"2026-05-08T02:59:32+00:00","description":"Longchang Chemical, \u00c7in'in \u00f6nde gelen Trimagnesium dicitrate \u00fcreticisi ve tedarik\u00e7isidir. \u00c7in'de Trimagnesium dicitrate sat\u0131n al\u0131n. En iyi Trimagnesium dicitrate fiyat\u0131n\u0131 sa\u011flayabiliriz.","breadcrumb":{"@id":"https:\/\/longchangchemical.com\/product\/zinc-citrate-tribasic-dihydrate-cas-5990-32-9\/#breadcrumb"},"inLanguage":"tr","potentialAction":[{"@type":"ReadAction","target":["https:\/\/longchangchemical.com\/product\/zinc-citrate-tribasic-dihydrate-cas-5990-32-9\/"]}]},{"@type":"ImageObject","inLanguage":"tr","@id":"https:\/\/longchangchemical.com\/product\/zinc-citrate-tribasic-dihydrate-cas-5990-32-9\/#primaryimage","url":"https:\/\/longchangchemical.com\/wp-content\/uploads\/2021\/02\/Zinc-citrate-tribasic-dihydrate-Appearance.jpg","contentUrl":"https:\/\/longchangchemical.com\/wp-content\/uploads\/2021\/02\/Zinc-citrate-tribasic-dihydrate-Appearance.jpg","width":600,"height":800,"caption":"Zinc citrate tribasic dihydrate Appearance"},{"@type":"BreadcrumbList","@id":"https:\/\/longchangchemical.com\/product\/zinc-citrate-tribasic-dihydrate-cas-5990-32-9\/#breadcrumb","itemListElement":[{"@type":"ListItem","position":1,"name":"Home","item":"https:\/\/longchangchemical.com\/"},{"@type":"ListItem","position":2,"name":"Products Longchang","item":"https:\/\/longchangchemical.com\/product\/"},{"@type":"ListItem","position":3,"name":"Zinc citrate tribasic dihydrate CAS 5990-32-9"}]},{"@type":"WebSite","@id":"https:\/\/longchangchemical.com\/#website","url":"https:\/\/longchangchemical.com\/","name":"Longchang Kimya","description":"\u00c7in kimyasal \u00fcreticisi \uff06 tedarik\u00e7isi","publisher":{"@id":"https:\/\/longchangchemical.com\/#organization"},"potentialAction":[{"@type":"SearchAction","target":{"@type":"EntryPoint","urlTemplate":"https:\/\/longchangchemical.com\/?s={search_term_string}"},"query-input":{"@type":"PropertyValueSpecification","valueRequired":true,"valueName":"search_term_string"}}],"inLanguage":"tr"},{"@type":"Organization","@id":"https:\/\/longchangchemical.com\/#organization","name":"Longchang Kimya","url":"https:\/\/longchangchemical.com\/","logo":{"@type":"ImageObject","inLanguage":"tr","@id":"https:\/\/longchangchemical.com\/#\/schema\/logo\/image\/","url":"https:\/\/longchangchemical.com\/wp-content\/uploads\/2020\/08\/cropped-longchang-logo.png","contentUrl":"https:\/\/longchangchemical.com\/wp-content\/uploads\/2020\/08\/cropped-longchang-logo.png","width":512,"height":512,"caption":"Longchang Chemical"},"image":{"@id":"https:\/\/longchangchemical.com\/#\/schema\/logo\/image\/"}}]}},"_links":{"self":[{"href":"https:\/\/longchangchemical.com\/tr\/wp-json\/wp\/v2\/product\/4383","targetHints":{"allow":["GET"]}}],"collection":[{"href":"https:\/\/longchangchemical.com\/tr\/wp-json\/wp\/v2\/product"}],"about":[{"href":"https:\/\/longchangchemical.com\/tr\/wp-json\/wp\/v2\/types\/product"}],"replies":[{"embeddable":true,"href":"https:\/\/longchangchemical.com\/tr\/wp-json\/wp\/v2\/comments?post=4383"}],"wp:featuredmedia":[{"embeddable":true,"href":"https:\/\/longchangchemical.com\/tr\/wp-json\/wp\/v2\/media\/4384"}],"wp:attachment":[{"href":"https:\/\/longchangchemical.com\/tr\/wp-json\/wp\/v2\/media?parent=4383"}],"wp:term":[{"taxonomy":"product_brand","embeddable":true,"href":"https:\/\/longchangchemical.com\/tr\/wp-json\/wp\/v2\/product_brand?post=4383"},{"taxonomy":"product_cat","embeddable":true,"href":"https:\/\/longchangchemical.com\/tr\/wp-json\/wp\/v2\/product_cat?post=4383"},{"taxonomy":"product_tag","embeddable":true,"href":"https:\/\/longchangchemical.com\/tr\/wp-json\/wp\/v2\/product_tag?post=4383"}],"curies":[{"name":"wp","href":"https:\/\/api.w.org\/{rel}","templated":true}]}}