{"id":4373,"date":"2021-02-09T13:49:07","date_gmt":"2021-02-09T13:49:07","guid":{"rendered":"https:\/\/longchangchemical.com\/?post_type=product&#038;p=4373"},"modified":"2022-02-17T02:52:58","modified_gmt":"2022-02-17T02:52:58","slug":"ferric-citrate-cas-3522-50-7","status":"publish","type":"product","link":"https:\/\/longchangchemical.com\/tr\/product\/ferric-citrate-cas-3522-50-7\/","title":{"rendered":"Ferrik sitrat CAS 3522-50-7"},"content":{"rendered":"<h1><strong>Ferrik sitrat CAS 3522-50-7<\/strong><\/h1>\n<table>\n<tbody>\n<tr>\n<td width=\"202\">\n<h4><strong><b>\u00d6\u011fe<\/b><\/strong><\/h4>\n<\/td>\n<td width=\"287\">\n<h4><strong><b>Standart<\/b><\/strong><\/h4>\n<\/td>\n<td width=\"208\">\n<h4><strong><b>Sonu\u00e7lar<\/b><\/strong><\/h4>\n<\/td>\n<\/tr>\n<tr>\n<td width=\"202\">\n<h4>Test (Fe)%<\/h4>\n<\/td>\n<td width=\"287\">\n<h4>16.5-18.5<\/h4>\n<\/td>\n<td width=\"208\">\n<h4>17.7%<\/h4>\n<\/td>\n<\/tr>\n<tr>\n<td width=\"202\">\n<h4>sitrat<\/h4>\n<\/td>\n<td width=\"287\">\n<h4>Gereksinimi kar\u015f\u0131lay\u0131n<\/h4>\n<\/td>\n<td width=\"208\">\n<h4>Gereksinimi kar\u015f\u0131lay\u0131n<\/h4>\n<\/td>\n<\/tr>\n<tr>\n<td width=\"202\">\n<h4>azot<\/h4>\n<\/td>\n<td width=\"287\">\n<h4>Gereksinimi kar\u015f\u0131lay\u0131n<\/h4>\n<\/td>\n<td width=\"208\">\n<h4>Gereksinimi kar\u015f\u0131lay\u0131n<\/h4>\n<\/td>\n<\/tr>\n<tr>\n<td width=\"202\">\n<h4>klor\u00fcr iyonu%<\/h4>\n<\/td>\n<td width=\"287\">\n<h4>\u22640,05%<\/h4>\n<\/td>\n<td width=\"208\">\n<h4>\uff1c 0,05%<\/h4>\n<\/td>\n<\/tr>\n<tr>\n<td width=\"202\">\n<h4>S\u00fclf\u00fcr %<\/h4>\n<\/td>\n<td width=\"287\">\n<h4>\u22640,02%<\/h4>\n<\/td>\n<td width=\"208\">\n<h4>\uff1c 0,02%<\/h4>\n<\/td>\n<\/tr>\n<tr>\n<td width=\"202\">\n<h4>A\u011f\u0131r metal<\/h4>\n<\/td>\n<td width=\"287\">\n<h4>\u226430ppm<\/h4>\n<\/td>\n<td width=\"208\">\n<h4>\uff1c 30 ppm<\/h4>\n<\/td>\n<\/tr>\n<tr>\n<td width=\"202\">\n<h4>Alkali metal%<\/h4>\n<\/td>\n<td width=\"287\">\n<h4>\u22640,2%<\/h4>\n<\/td>\n<td width=\"208\">\n<h4>\uff1c 0,2%<\/h4>\n<\/td>\n<\/tr>\n<tr>\n<td width=\"202\">\n<h4>Sonu\u00e7<\/h4>\n<\/td>\n<td colspan=\"2\" width=\"495\">\n<h4>Standart ile uyumludur.<\/h4>\n<\/td>\n<\/tr>\n<\/tbody>\n<\/table>\n<p>&nbsp;<\/p>\n<h2><strong>Ferrik sitrat Kullan\u0131m\u0131<\/strong><\/h2>\n<h4>1. Ferrik sitrat demir takviyesi ve besin takviyesi olarak kullan\u0131labilir.<\/h4>\n<h4>2. Ferrik sitrat bisk\u00fcvi, kalsiyum s\u00fct tozu vb. \u00fcr\u00fcnlerde kullan\u0131labilir;<\/h4>\n<h4>3. \u0130la\u00e7 end\u00fcstrisinde ferrik sitrat, anormal demir metabolizmas\u0131n\u0131 ve hematopoetik fonksiyonu kontrol etmek i\u00e7in radyoaktif bir ila\u00e7 olarak kullan\u0131labilir.<\/h4>\n<h4>4. Ferrik sitrat yem katk\u0131 maddesi olarak kullan\u0131labilir.<\/h4>\n<h4>5.  G\u0131da katk\u0131 maddeleri aras\u0131nda ferrik sitrat, v\u00fccudu g\u00fc\u00e7lendirme ve yorgunlu\u011fu giderme etkisine sahiptir. Ya\u011f ayr\u0131\u015fmas\u0131n\u0131 te\u015fvik edebilir ve v\u00fccudun asit-baz dengesini d\u00fczenleyebilir. \u0130\u015ftahs\u0131zl\u0131k, k\u0131smi tutulma, sa\u00e7 incelmesi, zeka gerili\u011fi, ge\u00e7 di\u015f \u00e7\u0131karma, ergenlikte enerji kayb\u0131, kolay yorulma, s\u0131rt a\u011fr\u0131s\u0131, zay\u0131flam\u0131\u015f ba\u011f\u0131\u015f\u0131kl\u0131k, di\u015f \u00e7\u00fcr\u00fcmesi ve zay\u0131f di\u015f geli\u015fimi olan \u00e7ocuklar\u0131 rahatlat\u0131r. Ya\u015fl\u0131l\u0131k cilt hastal\u0131klar\u0131, bel ve boyun a\u011fr\u0131lar\u0131, sindirim \u00fclserleri, uykusuzluk, r\u00fcyalar, \u00e7arp\u0131nt\u0131, sinirlilik, asabiyet, anemi, ba\u015f d\u00f6nmesi, eklem a\u011fr\u0131lar\u0131, hamile kad\u0131nlar\u0131n emzirme d\u00f6neminde kramplar ve di\u011fer semptomlar\u0131 \u00f6nlemenin yan\u0131 s\u0131ra.<\/h4>\n<p>&nbsp;<\/p>\n<h2><strong>Ferrik sitrat Paketleme ve Nakliye<\/strong><\/h2>\n<h4>Ambalaj: 25 kg \/ 50 kg karton \/ torba \/ varil; 500 kg torba<\/h4>\n<h4>Teslimat: Ekspres, deniz yoluyla, hava yoluyla.<\/h4>\n<p>&nbsp;<\/p>\n<h2><strong>Ferrik sitrat Depolama<\/strong><\/h2>\n<h4>Temiz, kuru, kapal\u0131 bir kapta saklay\u0131n.<\/h4>\n<p>&nbsp;<\/p>\n<h2><strong>Ayn\u0131 seri \u00fcr\u00fcnler<\/strong><\/h2>\n<table style=\"border-collapse: collapse; width: 312.02pt;\" border=\"0\" width=\"416\" cellspacing=\"0\" cellpadding=\"0\">\n<tbody>\n<tr style=\"height: 54.00pt;\">\n<td class=\"et4\" style=\"height: 54.00pt; width: 201.75pt;\" width=\"269\" height=\"72\">\n<h4><a href=\"https:\/\/longchangchemical.com\/tr\/product\/bismuth-citrate-cas-813-93-4\/\"><span style=\"color: #0000ff;\"><strong>Bizmut sitrat<\/strong><\/span><\/a><\/h4>\n<\/td>\n<td class=\"et4\" style=\"width: 110.25pt;\" width=\"147\">\n<h4><a href=\"https:\/\/longchangchemical.com\/tr\/product\/bismuth-citrate-cas-813-93-4\/\"><span style=\"color: #0000ff;\"><strong>813-93-4<\/strong><\/span><\/a><\/h4>\n<\/td>\n<\/tr>\n<tr style=\"height: 54.00pt;\">\n<td class=\"et5\" style=\"height: 54.00pt; width: 201.75pt;\" width=\"269\" height=\"72\">\n<h4><a href=\"https:\/\/longchangchemical.com\/tr\/product\/boron-citrate-5\/\"><span style=\"color: #0000ff;\"><strong>Bor sitrat<\/strong><\/span><\/a><\/h4>\n<\/td>\n<td class=\"et6\" style=\"width: 110.25pt;\" width=\"147\"><\/td>\n<\/tr>\n<tr style=\"height: 40.50pt;\">\n<td class=\"et7\" style=\"height: 40.50pt; width: 201.75pt;\" width=\"269\" height=\"54\">\n<h4><strong>Ferrik sitrat<\/strong><\/h4>\n<\/td>\n<td class=\"et7\" style=\"width: 110.25pt;\" width=\"147\">\n<h4><strong>3522-50-7<\/strong><\/h4>\n<\/td>\n<\/tr>\n<tr style=\"height: 40.50pt;\">\n<td class=\"et7\" style=\"height: 40.50pt; width: 201.75pt;\" width=\"269\" height=\"54\">\n<h4><a href=\"https:\/\/longchangchemical.com\/tr\/product\/calcium-citrate-cas-813-94-5\/\"><span style=\"color: #0000ff;\"><strong>Kalsiyum sitrat<\/strong><\/span><\/a><\/h4>\n<\/td>\n<td class=\"et7\" style=\"width: 110.25pt;\" width=\"147\">\n<h4><a href=\"https:\/\/longchangchemical.com\/tr\/product\/calcium-citrate-cas-813-94-5\/\"><span style=\"color: #0000ff;\"><strong>813-94-5<\/strong><\/span><\/a><\/h4>\n<\/td>\n<\/tr>\n<tr style=\"height: 40.50pt;\">\n<td class=\"et7\" style=\"height: 40.50pt; width: 201.75pt;\" width=\"269\" height=\"54\">\n<h4><a href=\"https:\/\/longchangchemical.com\/tr\/product\/trimagnesium-dicitrate-cas-3344-18-1\/\"><span style=\"color: #0000ff;\"><strong>Trimagnezyum disitrat<\/strong><\/span><\/a><\/h4>\n<\/td>\n<td class=\"et7\" style=\"width: 110.25pt;\" width=\"147\">\n<h4><a href=\"https:\/\/longchangchemical.com\/tr\/product\/trimagnesium-dicitrate-cas-3344-18-1\/\"><span style=\"color: #0000ff;\"><strong>3344-18-1<\/strong><\/span><\/a><\/h4>\n<\/td>\n<\/tr>\n<tr style=\"height: 40.50pt;\">\n<td class=\"et7\" style=\"height: 40.50pt; width: 201.75pt;\" width=\"269\" height=\"54\">\n<h4><a href=\"https:\/\/longchangchemical.com\/tr\/product\/zinc-citrate-tribasic-dihydrate-cas-5990-32-9\/\"><span style=\"color: #0000ff;\">\u00c7inko sitrat tribazik dihidrat<\/span><\/a><\/h4>\n<\/td>\n<td class=\"et7\" style=\"width: 110.25pt;\" width=\"147\">\n<h4><a href=\"https:\/\/longchangchemical.com\/tr\/product\/zinc-citrate-tribasic-dihydrate-cas-5990-32-9\/\"><span style=\"color: #0000ff;\">5990-32-9<\/span><\/a><\/h4>\n<\/td>\n<\/tr>\n<tr style=\"height: 40.50pt;\">\n<td class=\"et7\" style=\"height: 40.50pt; width: 201.75pt;\" width=\"269\" height=\"54\">\n<h4><a href=\"https:\/\/longchangchemical.com\/tr\/product\/manganese-citrate-cas-10024-66-5\/\"><span style=\"color: #0000ff;\"><strong>Manganez sitrat<\/strong><\/span><\/a><\/h4>\n<\/td>\n<td class=\"et7\" style=\"width: 110.25pt;\" width=\"147\">\n<h4><a href=\"https:\/\/longchangchemical.com\/tr\/product\/manganese-citrate-cas-10024-66-5\/\"><span style=\"color: #0000ff;\"><strong>10024-66-5<\/strong><\/span><\/a><\/h4>\n<\/td>\n<\/tr>\n<tr style=\"height: 40.50pt;\">\n<td class=\"et7\" style=\"height: 40.50pt; width: 201.75pt;\" width=\"269\" height=\"54\">\n<h4><a href=\"https:\/\/longchangchemical.com\/tr\/product\/trimethyl-citrate-cas-1587-20-8\/\"><span style=\"color: #0000ff;\"><strong>Trimetil sitrat<\/strong><\/span><\/a><\/h4>\n<\/td>\n<td class=\"et7\" style=\"width: 110.25pt;\" width=\"147\">\n<h4><a href=\"https:\/\/longchangchemical.com\/tr\/product\/trimethyl-citrate-cas-1587-20-8\/\"><span style=\"color: #0000ff;\"><strong>1587-20-8<\/strong><\/span><\/a><\/h4>\n<\/td>\n<\/tr>\n<tr style=\"height: 40.50pt;\">\n<td class=\"et7\" style=\"height: 40.50pt; width: 201.75pt;\" width=\"269\" height=\"54\">\n<h4><a href=\"https:\/\/longchangchemical.com\/tr\/product\/triethyl-citrate-cas-77-93-0\/\"><span style=\"color: #0000ff;\"><strong>Trietil sitrat<\/strong><\/span><\/a><\/h4>\n<\/td>\n<td class=\"et7\" style=\"width: 110.25pt;\" width=\"147\">\n<h4><a href=\"https:\/\/longchangchemical.com\/tr\/product\/triethyl-citrate-cas-77-93-0\/\"><span style=\"color: #0000ff;\"><strong>77-93-0<\/strong><\/span><\/a><\/h4>\n<\/td>\n<\/tr>\n<\/tbody>\n<\/table>\n<p>&nbsp;<\/p>\n<h2><strong><b>\u015eimdi Bize Ula\u015f\u0131n!<\/b><\/strong><\/h2>\n<h4><strong><b>\u00d6zelle\u015ftirilmi\u015f hizmetler sunuyoruz, genellikle 24 saat i\u00e7inde sizinle ileti\u015fime ge\u00e7ece\u011fiz. Ayr\u0131ca mesai saatleri i\u00e7inde (8:30 - 6:00 UTC+8 Pzt.~Sat.) info@longchangchemical.com adresine e-posta g\u00f6nderebilir veya h\u0131zl\u0131 yan\u0131t almak i\u00e7in web sitesi canl\u0131 sohbetini kullanabilirsiniz.<\/b><\/strong><\/h4>","protected":false},"excerpt":{"rendered":"<h4>Kimyasal Ad\u0131: Ferrik sitrat<\/h4>\n<h4>Di\u011fer Ad\u0131: Demir (III) sitrat<\/h4>\n<h4>CAS No: 3522-50-7<\/h4>\n<h4>Molek\u00fcler Fom\u00fcl: C6H5FeO7<\/h4>\n<h4>Molek\u00fcl a\u011f\u0131rl\u0131\u011f\u0131: 244,94<\/h4>\n<h4>Kimyasal Yap\u0131:<img decoding=\"async\" title=\"CAS 3522-50-7 (Demir (III) sitrat) \" src=\"https:\/\/www.longchangchemical.com\/wp-content\/uploads\/product-details\/20200612073877.png\" alt=\"CAS 3522-50-7 (Demir (III) sitrat) \" width=\"145\" height=\"95\" border=\"0\" vspace=\"0\" \/><\/h4>\n<h4>G\u00f6r\u00fcn\u00fc\u015f: Turuncu veya kahverengi toz \uff0c \u00c7am-kahverengi tane<\/h4>\n<h4>Tahlil: 18%<\/h4>","protected":false},"featured_media":4374,"comment_status":"open","ping_status":"closed","template":"","meta":[],"product_brand":[],"product_cat":[113],"product_tag":[],"class_list":{"0":"post-4373","1":"product","2":"type-product","3":"status-publish","4":"has-post-thumbnail","6":"product_cat-organic-intermediate","8":"first","9":"instock","10":"shipping-taxable","11":"product-type-simple"},"yoast_head":"<!-- This site is optimized with the Yoast SEO plugin v25.3.1 - https:\/\/yoast.com\/wordpress\/plugins\/seo\/ -->\n<title>China Ferric citrate Manufacturer \uff06 Supplier - Longchang chemical Co., Ltd.<\/title>\n<meta name=\"description\" content=\"Longchang Chemical is a leading manufacturer and supplier of Ferric citrate in China. Buy Ferric citrate in china. We can provide the best Ferric citrate price.\" \/>\n<meta name=\"robots\" content=\"index, follow, max-snippet:-1, max-image-preview:large, max-video-preview:-1\" \/>\n<link rel=\"canonical\" href=\"https:\/\/longchangchemical.com\/tr\/product\/ferric-citrate-cas-3522-50-7\/\" \/>\n<meta property=\"og:locale\" content=\"tr_TR\" \/>\n<meta property=\"og:type\" content=\"article\" \/>\n<meta property=\"og:title\" content=\"China Ferric citrate Manufacturer \uff06 Supplier - Longchang chemical Co., Ltd.\" \/>\n<meta property=\"og:description\" content=\"Longchang Chemical is a leading manufacturer and supplier of Ferric citrate in China. Buy Ferric citrate in china. We can provide the best Ferric citrate price.\" \/>\n<meta property=\"og:url\" content=\"https:\/\/longchangchemical.com\/tr\/product\/ferric-citrate-cas-3522-50-7\/\" \/>\n<meta property=\"og:site_name\" content=\"Longchang Chemical\" \/>\n<meta property=\"article:modified_time\" content=\"2022-02-17T02:52:58+00:00\" \/>\n<meta property=\"og:image\" content=\"https:\/\/longchangchemical.com\/wp-content\/uploads\/2021\/02\/Ferric-citrate-Appearance.jpg\" \/>\n\t<meta property=\"og:image:width\" content=\"600\" \/>\n\t<meta property=\"og:image:height\" content=\"800\" \/>\n\t<meta property=\"og:image:type\" content=\"image\/jpeg\" \/>\n<meta name=\"twitter:card\" content=\"summary_large_image\" \/>\n<script type=\"application\/ld+json\" class=\"yoast-schema-graph\">{\"@context\":\"https:\/\/schema.org\",\"@graph\":[{\"@type\":\"WebPage\",\"@id\":\"https:\/\/longchangchemical.com\/product\/ferric-citrate-cas-3522-50-7\/\",\"url\":\"https:\/\/longchangchemical.com\/product\/ferric-citrate-cas-3522-50-7\/\",\"name\":\"China Ferric citrate Manufacturer \uff06 Supplier - Longchang chemical Co., Ltd.\",\"isPartOf\":{\"@id\":\"https:\/\/longchangchemical.com\/#website\"},\"primaryImageOfPage\":{\"@id\":\"https:\/\/longchangchemical.com\/product\/ferric-citrate-cas-3522-50-7\/#primaryimage\"},\"image\":{\"@id\":\"https:\/\/longchangchemical.com\/product\/ferric-citrate-cas-3522-50-7\/#primaryimage\"},\"thumbnailUrl\":\"https:\/\/longchangchemical.com\/wp-content\/uploads\/2021\/02\/Ferric-citrate-Appearance.jpg\",\"datePublished\":\"2021-02-09T13:49:07+00:00\",\"dateModified\":\"2022-02-17T02:52:58+00:00\",\"description\":\"Longchang Chemical is a leading manufacturer and supplier of Ferric citrate in China. Buy Ferric citrate in china. We can provide the best Ferric citrate price.\",\"breadcrumb\":{\"@id\":\"https:\/\/longchangchemical.com\/product\/ferric-citrate-cas-3522-50-7\/#breadcrumb\"},\"inLanguage\":\"tr\",\"potentialAction\":[{\"@type\":\"ReadAction\",\"target\":[\"https:\/\/longchangchemical.com\/product\/ferric-citrate-cas-3522-50-7\/\"]}]},{\"@type\":\"ImageObject\",\"inLanguage\":\"tr\",\"@id\":\"https:\/\/longchangchemical.com\/product\/ferric-citrate-cas-3522-50-7\/#primaryimage\",\"url\":\"https:\/\/longchangchemical.com\/wp-content\/uploads\/2021\/02\/Ferric-citrate-Appearance.jpg\",\"contentUrl\":\"https:\/\/longchangchemical.com\/wp-content\/uploads\/2021\/02\/Ferric-citrate-Appearance.jpg\",\"width\":600,\"height\":800,\"caption\":\"Ferric citrate Appearance\"},{\"@type\":\"BreadcrumbList\",\"@id\":\"https:\/\/longchangchemical.com\/product\/ferric-citrate-cas-3522-50-7\/#breadcrumb\",\"itemListElement\":[{\"@type\":\"ListItem\",\"position\":1,\"name\":\"Home\",\"item\":\"https:\/\/longchangchemical.com\/\"},{\"@type\":\"ListItem\",\"position\":2,\"name\":\"Products Longchang\",\"item\":\"https:\/\/longchangchemical.com\/product\/\"},{\"@type\":\"ListItem\",\"position\":3,\"name\":\"Ferric citrate CAS 3522-50-7\"}]},{\"@type\":\"WebSite\",\"@id\":\"https:\/\/longchangchemical.com\/#website\",\"url\":\"https:\/\/longchangchemical.com\/\",\"name\":\"Longchang Chemical\",\"description\":\"China chemical manufacturer \uff06 supplier\",\"publisher\":{\"@id\":\"https:\/\/longchangchemical.com\/#organization\"},\"potentialAction\":[{\"@type\":\"SearchAction\",\"target\":{\"@type\":\"EntryPoint\",\"urlTemplate\":\"https:\/\/longchangchemical.com\/?s={search_term_string}\"},\"query-input\":{\"@type\":\"PropertyValueSpecification\",\"valueRequired\":true,\"valueName\":\"search_term_string\"}}],\"inLanguage\":\"tr\"},{\"@type\":\"Organization\",\"@id\":\"https:\/\/longchangchemical.com\/#organization\",\"name\":\"Longchang Chemical\",\"url\":\"https:\/\/longchangchemical.com\/\",\"logo\":{\"@type\":\"ImageObject\",\"inLanguage\":\"tr\",\"@id\":\"https:\/\/longchangchemical.com\/#\/schema\/logo\/image\/\",\"url\":\"https:\/\/longchangchemical.com\/wp-content\/uploads\/2020\/08\/cropped-longchang-logo.png\",\"contentUrl\":\"https:\/\/longchangchemical.com\/wp-content\/uploads\/2020\/08\/cropped-longchang-logo.png\",\"width\":512,\"height\":512,\"caption\":\"Longchang Chemical\"},\"image\":{\"@id\":\"https:\/\/longchangchemical.com\/#\/schema\/logo\/image\/\"}}]}<\/script>\n<!-- \/ Yoast SEO plugin. -->","yoast_head_json":{"title":"\u00c7in Ferrik sitrat \u00dcretici \uff06 Tedarik\u00e7i - Longchang chemical Co, Ltd.","description":"Longchang Chemical, \u00c7in'in \u00f6nde gelen Ferrik sitrat \u00fcreticisi ve tedarik\u00e7isidir. \u00c7in'de Ferrik sitrat sat\u0131n al\u0131n. En iyi Ferrik sitrat fiyat\u0131n\u0131 sa\u011flayabiliriz.","robots":{"index":"index","follow":"follow","max-snippet":"max-snippet:-1","max-image-preview":"max-image-preview:large","max-video-preview":"max-video-preview:-1"},"canonical":"https:\/\/longchangchemical.com\/tr\/product\/ferric-citrate-cas-3522-50-7\/","og_locale":"tr_TR","og_type":"article","og_title":"China Ferric citrate Manufacturer \uff06 Supplier - Longchang chemical Co., Ltd.","og_description":"Longchang Chemical is a leading manufacturer and supplier of Ferric citrate in China. Buy Ferric citrate in china. We can provide the best Ferric citrate price.","og_url":"https:\/\/longchangchemical.com\/tr\/product\/ferric-citrate-cas-3522-50-7\/","og_site_name":"Longchang Chemical","article_modified_time":"2022-02-17T02:52:58+00:00","og_image":[{"width":600,"height":800,"url":"https:\/\/longchangchemical.com\/wp-content\/uploads\/2021\/02\/Ferric-citrate-Appearance.jpg","type":"image\/jpeg"}],"twitter_card":"summary_large_image","schema":{"@context":"https:\/\/schema.org","@graph":[{"@type":"WebPage","@id":"https:\/\/longchangchemical.com\/product\/ferric-citrate-cas-3522-50-7\/","url":"https:\/\/longchangchemical.com\/product\/ferric-citrate-cas-3522-50-7\/","name":"\u00c7in Ferrik sitrat \u00dcretici \uff06 Tedarik\u00e7i - Longchang chemical Co, Ltd.","isPartOf":{"@id":"https:\/\/longchangchemical.com\/#website"},"primaryImageOfPage":{"@id":"https:\/\/longchangchemical.com\/product\/ferric-citrate-cas-3522-50-7\/#primaryimage"},"image":{"@id":"https:\/\/longchangchemical.com\/product\/ferric-citrate-cas-3522-50-7\/#primaryimage"},"thumbnailUrl":"https:\/\/longchangchemical.com\/wp-content\/uploads\/2021\/02\/Ferric-citrate-Appearance.jpg","datePublished":"2021-02-09T13:49:07+00:00","dateModified":"2022-02-17T02:52:58+00:00","description":"Longchang Chemical, \u00c7in'in \u00f6nde gelen Ferrik sitrat \u00fcreticisi ve tedarik\u00e7isidir. \u00c7in'de Ferrik sitrat sat\u0131n al\u0131n. En iyi Ferrik sitrat fiyat\u0131n\u0131 sa\u011flayabiliriz.","breadcrumb":{"@id":"https:\/\/longchangchemical.com\/product\/ferric-citrate-cas-3522-50-7\/#breadcrumb"},"inLanguage":"tr","potentialAction":[{"@type":"ReadAction","target":["https:\/\/longchangchemical.com\/product\/ferric-citrate-cas-3522-50-7\/"]}]},{"@type":"ImageObject","inLanguage":"tr","@id":"https:\/\/longchangchemical.com\/product\/ferric-citrate-cas-3522-50-7\/#primaryimage","url":"https:\/\/longchangchemical.com\/wp-content\/uploads\/2021\/02\/Ferric-citrate-Appearance.jpg","contentUrl":"https:\/\/longchangchemical.com\/wp-content\/uploads\/2021\/02\/Ferric-citrate-Appearance.jpg","width":600,"height":800,"caption":"Ferric citrate Appearance"},{"@type":"BreadcrumbList","@id":"https:\/\/longchangchemical.com\/product\/ferric-citrate-cas-3522-50-7\/#breadcrumb","itemListElement":[{"@type":"ListItem","position":1,"name":"Home","item":"https:\/\/longchangchemical.com\/"},{"@type":"ListItem","position":2,"name":"Products Longchang","item":"https:\/\/longchangchemical.com\/product\/"},{"@type":"ListItem","position":3,"name":"Ferric citrate CAS 3522-50-7"}]},{"@type":"WebSite","@id":"https:\/\/longchangchemical.com\/#website","url":"https:\/\/longchangchemical.com\/","name":"Longchang Kimya","description":"\u00c7in kimyasal \u00fcreticisi \uff06 tedarik\u00e7isi","publisher":{"@id":"https:\/\/longchangchemical.com\/#organization"},"potentialAction":[{"@type":"SearchAction","target":{"@type":"EntryPoint","urlTemplate":"https:\/\/longchangchemical.com\/?s={search_term_string}"},"query-input":{"@type":"PropertyValueSpecification","valueRequired":true,"valueName":"search_term_string"}}],"inLanguage":"tr"},{"@type":"Organization","@id":"https:\/\/longchangchemical.com\/#organization","name":"Longchang Kimya","url":"https:\/\/longchangchemical.com\/","logo":{"@type":"ImageObject","inLanguage":"tr","@id":"https:\/\/longchangchemical.com\/#\/schema\/logo\/image\/","url":"https:\/\/longchangchemical.com\/wp-content\/uploads\/2020\/08\/cropped-longchang-logo.png","contentUrl":"https:\/\/longchangchemical.com\/wp-content\/uploads\/2020\/08\/cropped-longchang-logo.png","width":512,"height":512,"caption":"Longchang Chemical"},"image":{"@id":"https:\/\/longchangchemical.com\/#\/schema\/logo\/image\/"}}]}},"_links":{"self":[{"href":"https:\/\/longchangchemical.com\/tr\/wp-json\/wp\/v2\/product\/4373","targetHints":{"allow":["GET"]}}],"collection":[{"href":"https:\/\/longchangchemical.com\/tr\/wp-json\/wp\/v2\/product"}],"about":[{"href":"https:\/\/longchangchemical.com\/tr\/wp-json\/wp\/v2\/types\/product"}],"replies":[{"embeddable":true,"href":"https:\/\/longchangchemical.com\/tr\/wp-json\/wp\/v2\/comments?post=4373"}],"wp:featuredmedia":[{"embeddable":true,"href":"https:\/\/longchangchemical.com\/tr\/wp-json\/wp\/v2\/media\/4374"}],"wp:attachment":[{"href":"https:\/\/longchangchemical.com\/tr\/wp-json\/wp\/v2\/media?parent=4373"}],"wp:term":[{"taxonomy":"product_brand","embeddable":true,"href":"https:\/\/longchangchemical.com\/tr\/wp-json\/wp\/v2\/product_brand?post=4373"},{"taxonomy":"product_cat","embeddable":true,"href":"https:\/\/longchangchemical.com\/tr\/wp-json\/wp\/v2\/product_cat?post=4373"},{"taxonomy":"product_tag","embeddable":true,"href":"https:\/\/longchangchemical.com\/tr\/wp-json\/wp\/v2\/product_tag?post=4373"}],"curies":[{"name":"wp","href":"https:\/\/api.w.org\/{rel}","templated":true}]}}