{"id":4365,"date":"2021-02-08T13:19:33","date_gmt":"2021-02-08T13:19:33","guid":{"rendered":"https:\/\/longchangchemical.com\/?post_type=product&#038;p=4365"},"modified":"2021-02-08T13:26:49","modified_gmt":"2021-02-08T13:26:49","slug":"tempo-cas-2564-83-2","status":"publish","type":"product","link":"https:\/\/longchangchemical.com\/tr\/product\/tempo-cas-2564-83-2\/","title":{"rendered":"2,2,6,6-Tetrametilpiperidinooksi \/ TEMPO CAS 2564-83-2"},"content":{"rendered":"<h1><strong>2,2,6,6-Tetrametilpiperidinooksi \/ TEMPO CAS 2564-83-2<\/strong><\/h1>\n<table class=\"table-1\" cellspacing=\"0\">\n<tbody>\n<tr>\n<td>\n<h4>\u00d6\u011fe<\/h4>\n<\/td>\n<td>\n<h4>Teknik \u00d6zellikler<\/h4>\n<\/td>\n<td>\n<h4>Sonu\u00e7lar<\/h4>\n<\/td>\n<\/tr>\n<tr>\n<td>\n<h4>G\u00f6r\u00fcn\u00fc\u015f<\/h4>\n<\/td>\n<td>\n<h4>K\u0131rm\u0131z\u0131 kahverengi pul pul kat\u0131<\/h4>\n<\/td>\n<td>\n<h4>Uyumlu<\/h4>\n<\/td>\n<\/tr>\n<tr>\n<td>\n<h4>Tahlil (GC)<\/h4>\n<\/td>\n<td>\n<h4>\u226598.5%<\/h4>\n<\/td>\n<td>\n<h4>99.1%<\/h4>\n<\/td>\n<\/tr>\n<tr>\n<td>\n<h4>Su<\/h4>\n<\/td>\n<td>\n<h4>\u22641.0%<\/h4>\n<\/td>\n<td>\n<h4>0.39%<\/h4>\n<\/td>\n<\/tr>\n<tr>\n<td>\n<h4>Erime noktas\u0131<\/h4>\n<\/td>\n<td>\n<h4>36.0 ~ 40.0\u00b0C<\/h4>\n<\/td>\n<td>\n<h4>Uyumlu<\/h4>\n<\/td>\n<\/tr>\n<tr>\n<td>\n<h4>Sonu\u00e7<\/h4>\n<\/td>\n<td colspan=\"2\">\n<h4>Sonu\u00e7lar Kurumsal standartlarla uyumludur<\/h4>\n<\/td>\n<\/tr>\n<\/tbody>\n<\/table>\n<h2><\/h2>\n<h2><strong>TEMPO nedir?<\/strong><\/h2>\n<h4>TEMPO olarak k\u0131salt\u0131lan 2,2,6,6-Tetrametilpiperidin oksit, bir piperidin nitroksit radikalidir. TEMPO turuncu-k\u0131rm\u0131z\u0131 renkte, kolay s\u00fcblimle\u015fen kristal veya s\u0131v\u0131d\u0131r ve su, etanol ve benzen gibi \u00e7\u00f6z\u00fcc\u00fclerde kolayca \u00e7\u00f6z\u00fcn\u00fcr.<\/h4>\n<h4>Serbest radikalleri yakalama ve singlet oksijeni s\u00f6nd\u00fcrme i\u015flevlerine sahiptir ve birincil alkolleri aldehitlere ve ikincil alkolleri ketonlara oksitleyebilen \u00e7ok etkili bir oksidasyon kataliz\u00f6r\u00fcd\u00fcr.<\/h4>\n<h4>D\u00f6rt metil grubunun sterik engelleme etkisi nedeniyle TEMPO, \u0131\u015f\u0131\u011fa ve \u0131s\u0131ya kar\u015f\u0131 nispeten kararl\u0131d\u0131r ve birincil ve ikincil alkolleri gerekli karbonil bile\u015fiklerine oksitleyebilen \u00e7ok etkili bir oksidasyon kataliz\u00f6r\u00fcd\u00fcr. Y\u00fcksek verim, iyi se\u00e7icilik, iyi stabilite ve geri d\u00f6n\u00fc\u015ft\u00fcr\u00fclebilirlik \u00f6zelliklerine sahiptir.<\/h4>\n<p>&nbsp;<\/p>\n<h2><strong>2,2,6,6-Tetrametilpiperidinooksi \/ TEMPO Kullan\u0131m\u0131<\/strong><\/h2>\n<h4>1. TEMPO kullan\u0131larak sel\u00fclozun katalitik oksidasyonu etkili bir y\u00f6ntem olarak kabul edilmektedir. S\u00fcspansiyon reaksiyon sisteminde lignosel\u00fclozik lif yap\u0131s\u0131n\u0131 tamamen oksitleyebilir ve sonraki mekanik ayr\u0131\u015fma i\u00e7in iyi bir temel ko\u015ful olu\u015fturabilir.<\/h4>\n<h4>2. TEMPO suda \u00e7\u00f6z\u00fcnebilen kararl\u0131 bir nitroksil radikalidir. Polisakkaritlerin birincil hidroksil gruplar\u0131n\u0131n oksidasyonunu se\u00e7ici olarak katalize ederek karboksil gruplar\u0131na d\u00f6n\u00fc\u015ft\u00fcrmek i\u00e7in kullan\u0131labilir.<\/h4>\n<h4>3. Reaksiyon oksidan\u0131 ile temas, nerol \u00fcretmek i\u00e7in iyodobenzen diasetil oksidasyonu nerol i\u00e7in kullan\u0131l\u0131r. K\u0131sacas\u0131, bak\u0131r\/TEMPO 1-pozisyonlu alkol\u00fcn aldehitle temas reaksiyonu i\u00e7in kullan\u0131l\u0131r.<\/h4>\n<p>&nbsp;<\/p>\n<h2><strong>2,2,6,6-Tetrametilpiperidinooksi \/ TEMPO Paketleme ve Nakliye<\/strong><\/h2>\n<h4>Fiber Tambur, 25kg\/tambur<\/h4>\n<p>&nbsp;<\/p>\n<h2><strong>2,2,6,6-Tetrametilpiperidinooksi \/ TEMPO Depolama<\/strong><\/h2>\n<h4>Karanl\u0131k, serin, havaland\u0131r\u0131lm\u0131\u015f ve kuru bir ortamda saklay\u0131n.<\/h4>\n<p>&nbsp;<\/p>\n<h2><strong>Ayn\u0131 seri \u00fcr\u00fcnler<\/strong><\/h2>\n<table style=\"border-collapse: collapse; width: 312.02pt;\" border=\"0\" width=\"416\" cellspacing=\"0\" cellpadding=\"0\">\n<tbody>\n<tr style=\"height: 45.00pt;\">\n<td class=\"et4\" style=\"height: 45.00pt; width: 201.75pt;\" width=\"269\" height=\"60\">\n<h4><span style=\"color: #3366ff;\"><strong>2,2,6,6-Tetrametilpiperidinooksi<\/strong><\/span><\/h4>\n<\/td>\n<td class=\"et4\" style=\"width: 110.25pt;\" width=\"147\">\n<h4><span style=\"color: #3366ff;\"><strong>2564-83-2<\/strong><\/span><\/h4>\n<\/td>\n<\/tr>\n<tr style=\"height: 45.00pt;\">\n<td class=\"et5\" style=\"height: 45.00pt; width: 201.75pt;\" width=\"269\" height=\"60\">\n<h4><a href=\"https:\/\/longchangchemical.com\/tr\/product\/cas-768-66-1\/\"><span style=\"color: #3366ff;\"><strong>2,2,6,6-Tetrametilpiperidin<\/strong><\/span><\/a><\/h4>\n<\/td>\n<td class=\"et5\" style=\"width: 110.25pt;\" width=\"147\">\n<h4><a href=\"https:\/\/longchangchemical.com\/tr\/product\/cas-768-66-1\/\"><span style=\"color: #3366ff;\"><strong>768-66-1<\/strong><\/span><\/a><\/h4>\n<\/td>\n<\/tr>\n<\/tbody>\n<\/table>\n<h2><\/h2>\n<h2><strong><b>\u015eimdi Bize Ula\u015f\u0131n!<\/b><\/strong><\/h2>\n<h4><strong><b>\u00d6zelle\u015ftirilmi\u015f hizmetler sunuyoruz, genellikle 24 saat i\u00e7inde sizinle ileti\u015fime ge\u00e7ece\u011fiz. Ayr\u0131ca mesai saatleri i\u00e7inde (8:30 - 6:00 UTC+8 Pzt.~Sat.) info@longchangchemical.com adresine e-posta g\u00f6nderebilir veya h\u0131zl\u0131 yan\u0131t almak i\u00e7in web sitesi canl\u0131 sohbetini kullanabilirsiniz.<\/b><\/strong><\/h4>","protected":false},"excerpt":{"rendered":"<h4>Kimyasal Ad\u0131: 2,2,6,6-Tetrametilpiperidinooksi<\/h4>\n<h4>Di\u011fer Ad\u0131: TEMPO<\/h4>\n<h4>CAS No: 2564-83-2<\/h4>\n<h4>Molek\u00fcler Fom\u00fcl: C9H18NO<\/h4>\n<h4>Kimyasal Yap\u0131:<img decoding=\"async\" title=\"CAS 2564-83-2 Yap\u0131\" src=\"https:\/\/www.longchangchemical.com\/wp-content\/uploads\/product-details\/20200612019768.png\" alt=\"CAS 2564-83-2 Yap\u0131\" width=\"77\" height=\"72\" border=\"0\" vspace=\"0\" \/><\/h4>\n<h4>Molek\u00fcl a\u011f\u0131rl\u0131\u011f\u0131:156.25<\/h4>\n<h4>G\u00f6r\u00fcn\u00fcm:K\u0131rm\u0131z\u0131 kahverengi pul pul kat\u0131<\/h4>\n<h4>Tahlil: 98,5%min<\/h4>","protected":false},"featured_media":4366,"comment_status":"open","ping_status":"closed","template":"","meta":[],"product_brand":[],"product_cat":[69],"product_tag":[],"class_list":{"0":"post-4365","1":"product","2":"type-product","3":"status-publish","4":"has-post-thumbnail","6":"product_cat-catalysts-chemical-auxiliary-agents","8":"first","9":"instock","10":"shipping-taxable","11":"product-type-simple"},"yoast_head":"<!-- This site is optimized with the Yoast SEO plugin v25.3.1 - https:\/\/yoast.com\/wordpress\/plugins\/seo\/ -->\n<title>China 2,2,6,6-Tetramethylpiperidinooxy \/ TEMPO Manufacturer \uff06 Supplier - Longchang chemical Co., Ltd.<\/title>\n<meta name=\"description\" content=\"Longchang Chemical is a leading manufacturer and supplier of TEMPO \/ 2,2,6,6-Tetramethylpiperidinooxy in China. Buy 2,2,6,6-Tetramethylpiperidinooxy in china. We can provide the best 2,2,6,6-Tetramethylpiperidinooxy \/ TEMPO price.\" \/>\n<meta name=\"robots\" content=\"index, follow, max-snippet:-1, max-image-preview:large, max-video-preview:-1\" \/>\n<link rel=\"canonical\" href=\"https:\/\/longchangchemical.com\/tr\/product\/tempo-cas-2564-83-2\/\" \/>\n<meta property=\"og:locale\" content=\"tr_TR\" \/>\n<meta property=\"og:type\" content=\"article\" \/>\n<meta property=\"og:title\" content=\"China 2,2,6,6-Tetramethylpiperidinooxy \/ TEMPO Manufacturer \uff06 Supplier - Longchang chemical Co., Ltd.\" \/>\n<meta property=\"og:description\" content=\"Longchang Chemical is a leading manufacturer and supplier of TEMPO \/ 2,2,6,6-Tetramethylpiperidinooxy in China. Buy 2,2,6,6-Tetramethylpiperidinooxy in china. We can provide the best 2,2,6,6-Tetramethylpiperidinooxy \/ TEMPO price.\" \/>\n<meta property=\"og:url\" content=\"https:\/\/longchangchemical.com\/tr\/product\/tempo-cas-2564-83-2\/\" \/>\n<meta property=\"og:site_name\" content=\"Longchang Chemical\" \/>\n<meta property=\"article:modified_time\" content=\"2021-02-08T13:26:49+00:00\" \/>\n<meta property=\"og:image\" content=\"https:\/\/longchangchemical.com\/wp-content\/uploads\/2021\/02\/TEMPO-Appearance.jpg\" \/>\n\t<meta property=\"og:image:width\" content=\"600\" \/>\n\t<meta property=\"og:image:height\" content=\"800\" \/>\n\t<meta property=\"og:image:type\" content=\"image\/jpeg\" \/>\n<meta name=\"twitter:card\" content=\"summary_large_image\" \/>\n<script type=\"application\/ld+json\" class=\"yoast-schema-graph\">{\"@context\":\"https:\/\/schema.org\",\"@graph\":[{\"@type\":\"WebPage\",\"@id\":\"https:\/\/longchangchemical.com\/product\/tempo-cas-2564-83-2\/\",\"url\":\"https:\/\/longchangchemical.com\/product\/tempo-cas-2564-83-2\/\",\"name\":\"China 2,2,6,6-Tetramethylpiperidinooxy \/ TEMPO Manufacturer \uff06 Supplier - Longchang chemical Co., Ltd.\",\"isPartOf\":{\"@id\":\"https:\/\/longchangchemical.com\/#website\"},\"primaryImageOfPage\":{\"@id\":\"https:\/\/longchangchemical.com\/product\/tempo-cas-2564-83-2\/#primaryimage\"},\"image\":{\"@id\":\"https:\/\/longchangchemical.com\/product\/tempo-cas-2564-83-2\/#primaryimage\"},\"thumbnailUrl\":\"https:\/\/longchangchemical.com\/wp-content\/uploads\/2021\/02\/TEMPO-Appearance.jpg\",\"datePublished\":\"2021-02-08T13:19:33+00:00\",\"dateModified\":\"2021-02-08T13:26:49+00:00\",\"description\":\"Longchang Chemical is a leading manufacturer and supplier of TEMPO \/ 2,2,6,6-Tetramethylpiperidinooxy in China. Buy 2,2,6,6-Tetramethylpiperidinooxy in china. We can provide the best 2,2,6,6-Tetramethylpiperidinooxy \/ TEMPO price.\",\"breadcrumb\":{\"@id\":\"https:\/\/longchangchemical.com\/product\/tempo-cas-2564-83-2\/#breadcrumb\"},\"inLanguage\":\"tr\",\"potentialAction\":[{\"@type\":\"ReadAction\",\"target\":[\"https:\/\/longchangchemical.com\/product\/tempo-cas-2564-83-2\/\"]}]},{\"@type\":\"ImageObject\",\"inLanguage\":\"tr\",\"@id\":\"https:\/\/longchangchemical.com\/product\/tempo-cas-2564-83-2\/#primaryimage\",\"url\":\"https:\/\/longchangchemical.com\/wp-content\/uploads\/2021\/02\/TEMPO-Appearance.jpg\",\"contentUrl\":\"https:\/\/longchangchemical.com\/wp-content\/uploads\/2021\/02\/TEMPO-Appearance.jpg\",\"width\":600,\"height\":800,\"caption\":\"TEMPO Appearance\"},{\"@type\":\"BreadcrumbList\",\"@id\":\"https:\/\/longchangchemical.com\/product\/tempo-cas-2564-83-2\/#breadcrumb\",\"itemListElement\":[{\"@type\":\"ListItem\",\"position\":1,\"name\":\"Home\",\"item\":\"https:\/\/longchangchemical.com\/\"},{\"@type\":\"ListItem\",\"position\":2,\"name\":\"Products Longchang\",\"item\":\"https:\/\/longchangchemical.com\/product\/\"},{\"@type\":\"ListItem\",\"position\":3,\"name\":\"2,2,6,6-Tetramethylpiperidinooxy \/ TEMPO CAS 2564-83-2\"}]},{\"@type\":\"WebSite\",\"@id\":\"https:\/\/longchangchemical.com\/#website\",\"url\":\"https:\/\/longchangchemical.com\/\",\"name\":\"Longchang Chemical\",\"description\":\"China chemical manufacturer \uff06 supplier\",\"publisher\":{\"@id\":\"https:\/\/longchangchemical.com\/#organization\"},\"potentialAction\":[{\"@type\":\"SearchAction\",\"target\":{\"@type\":\"EntryPoint\",\"urlTemplate\":\"https:\/\/longchangchemical.com\/?s={search_term_string}\"},\"query-input\":{\"@type\":\"PropertyValueSpecification\",\"valueRequired\":true,\"valueName\":\"search_term_string\"}}],\"inLanguage\":\"tr\"},{\"@type\":\"Organization\",\"@id\":\"https:\/\/longchangchemical.com\/#organization\",\"name\":\"Longchang Chemical\",\"url\":\"https:\/\/longchangchemical.com\/\",\"logo\":{\"@type\":\"ImageObject\",\"inLanguage\":\"tr\",\"@id\":\"https:\/\/longchangchemical.com\/#\/schema\/logo\/image\/\",\"url\":\"https:\/\/longchangchemical.com\/wp-content\/uploads\/2020\/08\/cropped-longchang-logo.png\",\"contentUrl\":\"https:\/\/longchangchemical.com\/wp-content\/uploads\/2020\/08\/cropped-longchang-logo.png\",\"width\":512,\"height\":512,\"caption\":\"Longchang Chemical\"},\"image\":{\"@id\":\"https:\/\/longchangchemical.com\/#\/schema\/logo\/image\/\"}}]}<\/script>\n<!-- \/ Yoast SEO plugin. -->","yoast_head_json":{"title":"\u00c7in 2,2,6,6-Tetrametilpiperidinooksi \/ TEMPO \u00dcretici \uff06 Tedarik\u00e7i - Longchang chemical Co, Ltd.","description":"Longchang Chemical, \u00c7in'de TEMPO \/ 2,2,6,6-Tetrametilpiperidinooksi'nin lider \u00fcreticisi ve tedarik\u00e7isidir. \u00c7in'de 2,2,6,6-Tetrametilpiperidinooksi sat\u0131n al\u0131n. En iyi 2,2,6,6-Tetrametilpiperidinooksi \/ TEMPO fiyat\u0131n\u0131 sa\u011flayabiliriz.","robots":{"index":"index","follow":"follow","max-snippet":"max-snippet:-1","max-image-preview":"max-image-preview:large","max-video-preview":"max-video-preview:-1"},"canonical":"https:\/\/longchangchemical.com\/tr\/product\/tempo-cas-2564-83-2\/","og_locale":"tr_TR","og_type":"article","og_title":"China 2,2,6,6-Tetramethylpiperidinooxy \/ TEMPO Manufacturer \uff06 Supplier - Longchang chemical Co., Ltd.","og_description":"Longchang Chemical is a leading manufacturer and supplier of TEMPO \/ 2,2,6,6-Tetramethylpiperidinooxy in China. Buy 2,2,6,6-Tetramethylpiperidinooxy in china. We can provide the best 2,2,6,6-Tetramethylpiperidinooxy \/ TEMPO price.","og_url":"https:\/\/longchangchemical.com\/tr\/product\/tempo-cas-2564-83-2\/","og_site_name":"Longchang Chemical","article_modified_time":"2021-02-08T13:26:49+00:00","og_image":[{"width":600,"height":800,"url":"https:\/\/longchangchemical.com\/wp-content\/uploads\/2021\/02\/TEMPO-Appearance.jpg","type":"image\/jpeg"}],"twitter_card":"summary_large_image","schema":{"@context":"https:\/\/schema.org","@graph":[{"@type":"WebPage","@id":"https:\/\/longchangchemical.com\/product\/tempo-cas-2564-83-2\/","url":"https:\/\/longchangchemical.com\/product\/tempo-cas-2564-83-2\/","name":"\u00c7in 2,2,6,6-Tetrametilpiperidinooksi \/ TEMPO \u00dcretici \uff06 Tedarik\u00e7i - Longchang chemical Co, Ltd.","isPartOf":{"@id":"https:\/\/longchangchemical.com\/#website"},"primaryImageOfPage":{"@id":"https:\/\/longchangchemical.com\/product\/tempo-cas-2564-83-2\/#primaryimage"},"image":{"@id":"https:\/\/longchangchemical.com\/product\/tempo-cas-2564-83-2\/#primaryimage"},"thumbnailUrl":"https:\/\/longchangchemical.com\/wp-content\/uploads\/2021\/02\/TEMPO-Appearance.jpg","datePublished":"2021-02-08T13:19:33+00:00","dateModified":"2021-02-08T13:26:49+00:00","description":"Longchang Chemical, \u00c7in'de TEMPO \/ 2,2,6,6-Tetrametilpiperidinooksi'nin lider \u00fcreticisi ve tedarik\u00e7isidir. \u00c7in'de 2,2,6,6-Tetrametilpiperidinooksi sat\u0131n al\u0131n. En iyi 2,2,6,6-Tetrametilpiperidinooksi \/ TEMPO fiyat\u0131n\u0131 sa\u011flayabiliriz.","breadcrumb":{"@id":"https:\/\/longchangchemical.com\/product\/tempo-cas-2564-83-2\/#breadcrumb"},"inLanguage":"tr","potentialAction":[{"@type":"ReadAction","target":["https:\/\/longchangchemical.com\/product\/tempo-cas-2564-83-2\/"]}]},{"@type":"ImageObject","inLanguage":"tr","@id":"https:\/\/longchangchemical.com\/product\/tempo-cas-2564-83-2\/#primaryimage","url":"https:\/\/longchangchemical.com\/wp-content\/uploads\/2021\/02\/TEMPO-Appearance.jpg","contentUrl":"https:\/\/longchangchemical.com\/wp-content\/uploads\/2021\/02\/TEMPO-Appearance.jpg","width":600,"height":800,"caption":"TEMPO Appearance"},{"@type":"BreadcrumbList","@id":"https:\/\/longchangchemical.com\/product\/tempo-cas-2564-83-2\/#breadcrumb","itemListElement":[{"@type":"ListItem","position":1,"name":"Home","item":"https:\/\/longchangchemical.com\/"},{"@type":"ListItem","position":2,"name":"Products Longchang","item":"https:\/\/longchangchemical.com\/product\/"},{"@type":"ListItem","position":3,"name":"2,2,6,6-Tetramethylpiperidinooxy \/ TEMPO CAS 2564-83-2"}]},{"@type":"WebSite","@id":"https:\/\/longchangchemical.com\/#website","url":"https:\/\/longchangchemical.com\/","name":"Longchang Kimya","description":"\u00c7in kimyasal \u00fcreticisi \uff06 tedarik\u00e7isi","publisher":{"@id":"https:\/\/longchangchemical.com\/#organization"},"potentialAction":[{"@type":"SearchAction","target":{"@type":"EntryPoint","urlTemplate":"https:\/\/longchangchemical.com\/?s={search_term_string}"},"query-input":{"@type":"PropertyValueSpecification","valueRequired":true,"valueName":"search_term_string"}}],"inLanguage":"tr"},{"@type":"Organization","@id":"https:\/\/longchangchemical.com\/#organization","name":"Longchang Kimya","url":"https:\/\/longchangchemical.com\/","logo":{"@type":"ImageObject","inLanguage":"tr","@id":"https:\/\/longchangchemical.com\/#\/schema\/logo\/image\/","url":"https:\/\/longchangchemical.com\/wp-content\/uploads\/2020\/08\/cropped-longchang-logo.png","contentUrl":"https:\/\/longchangchemical.com\/wp-content\/uploads\/2020\/08\/cropped-longchang-logo.png","width":512,"height":512,"caption":"Longchang Chemical"},"image":{"@id":"https:\/\/longchangchemical.com\/#\/schema\/logo\/image\/"}}]}},"_links":{"self":[{"href":"https:\/\/longchangchemical.com\/tr\/wp-json\/wp\/v2\/product\/4365","targetHints":{"allow":["GET"]}}],"collection":[{"href":"https:\/\/longchangchemical.com\/tr\/wp-json\/wp\/v2\/product"}],"about":[{"href":"https:\/\/longchangchemical.com\/tr\/wp-json\/wp\/v2\/types\/product"}],"replies":[{"embeddable":true,"href":"https:\/\/longchangchemical.com\/tr\/wp-json\/wp\/v2\/comments?post=4365"}],"wp:featuredmedia":[{"embeddable":true,"href":"https:\/\/longchangchemical.com\/tr\/wp-json\/wp\/v2\/media\/4366"}],"wp:attachment":[{"href":"https:\/\/longchangchemical.com\/tr\/wp-json\/wp\/v2\/media?parent=4365"}],"wp:term":[{"taxonomy":"product_brand","embeddable":true,"href":"https:\/\/longchangchemical.com\/tr\/wp-json\/wp\/v2\/product_brand?post=4365"},{"taxonomy":"product_cat","embeddable":true,"href":"https:\/\/longchangchemical.com\/tr\/wp-json\/wp\/v2\/product_cat?post=4365"},{"taxonomy":"product_tag","embeddable":true,"href":"https:\/\/longchangchemical.com\/tr\/wp-json\/wp\/v2\/product_tag?post=4365"}],"curies":[{"name":"wp","href":"https:\/\/api.w.org\/{rel}","templated":true}]}}