{"id":4281,"date":"2024-01-10T08:11:25","date_gmt":"2024-01-10T08:11:25","guid":{"rendered":"https:\/\/longchangchemical.com\/?post_type=product&#038;p=4281"},"modified":"2025-12-22T06:12:25","modified_gmt":"2025-12-22T06:12:25","slug":"methyl-cellulose-cas-9004-67-5","status":"publish","type":"product","link":"https:\/\/longchangchemical.com\/tr\/product\/methyl-cellulose-cas-9004-67-5\/","title":{"rendered":"metil sel\u00fcloz cas 9004-67-5"},"content":{"rendered":"<h2><strong>Metil sel\u00fcloz (CAS 9004-67-5) Tipik \u00d6zellikler<\/strong><\/h2>\n<table class=\"table-1\" cellspacing=\"0\">\n<tbody>\n<tr>\n<td>\u00d6\u011fe<\/td>\n<td>Teknik \u00d6zellikler<\/td>\n<td>Sonu\u00e7lar<\/td>\n<\/tr>\n<tr>\n<td>G\u00f6r\u00fcn\u00fc\u015f<\/td>\n<td>Beyaz ila hafif kirli beyaz lifli veya gran\u00fcler toz.<\/td>\n<td>Beyaz ila hafif kirli beyaz lifli veya gran\u00fcler toz.<\/td>\n<\/tr>\n<tr>\n<td>A'dan E'ye Tan\u0131mlama<\/td>\n<td>Uygun<\/td>\n<td>Uygun<\/td>\n<\/tr>\n<tr>\n<td>Metoksi<\/td>\n<td>27.5-31.5%<\/td>\n<td>27.5-31.5%<\/td>\n<\/tr>\n<tr>\n<td>\u00c7\u00f6z\u00fcm g\u00f6r\u00fcn\u00fcm\u00fc<\/td>\n<td>Uygun<\/td>\n<td>Uygun<\/td>\n<\/tr>\n<tr>\n<td>Kurutma kayb\u0131<\/td>\n<td>5.0% Maks<\/td>\n<td>5.0% Maks<\/td>\n<\/tr>\n<tr>\n<td>Ate\u015fleme \u00fczerinde kal\u0131nt\u0131<\/td>\n<td>1.5% Maks<\/td>\n<td>1.5% Maks<\/td>\n<\/tr>\n<tr>\n<td>pH<\/td>\n<td>5.0 - 8.0<\/td>\n<td>5.0 - 8.0<\/td>\n<\/tr>\n<tr>\n<td>G\u00f6r\u00fcn\u00fcr viskozite, 2% sol\u00fcsyonu..,<\/td>\n<td>40000-60000cps<\/td>\n<td>40000-60000cps<\/td>\n<\/tr>\n<tr>\n<td>20 \u2103 Par\u00e7ac\u0131k boyutu<\/td>\n<td>Min. 98% 100 g\u00f6zenekten ge\u00e7er<\/td>\n<td>Min. 98% 100 g\u00f6zenekten ge\u00e7er<\/td>\n<\/tr>\n<tr>\n<td colspan=\"3\"><strong>A\u011f\u0131r Metaller<\/strong><\/td>\n<\/tr>\n<tr>\n<td>A\u011f\u0131r Metal<\/td>\n<td>\u226410ppm<\/td>\n<td>\u226410ppm<\/td>\n<\/tr>\n<tr>\n<td>Arsenik<\/td>\n<td>\u22643ppm<\/td>\n<td>\u22643ppm<\/td>\n<\/tr>\n<tr>\n<td>Kur\u015fun<\/td>\n<td>\u22642ppm<\/td>\n<td>\u22642ppm<\/td>\n<\/tr>\n<tr>\n<td>Merk\u00fcr<\/td>\n<td>\u22641ppm<\/td>\n<td>\u22641ppm<\/td>\n<\/tr>\n<tr>\n<td>Kadmiyum<\/td>\n<td>\u22641ppm<\/td>\n<td>\u22641ppm<\/td>\n<\/tr>\n<tr>\n<td colspan=\"3\"><strong>Mikro bakteriler<\/strong><\/td>\n<\/tr>\n<tr>\n<td>Toplam plak say\u0131s\u0131<\/td>\n<td>\u22641000cfu\/g<\/td>\n<td>\u22641000cfu\/g<\/td>\n<\/tr>\n<tr>\n<td>Maya ve K\u00fcf<\/td>\n<td>\u2264100cfu\/g<\/td>\n<td>\u2264100cfu\/g<\/td>\n<\/tr>\n<tr>\n<td>Koli formu<\/td>\n<td>Yok\/g<\/td>\n<td>Yok\/g<\/td>\n<\/tr>\n<tr>\n<td>Salmonella<\/td>\n<td>Yok\/g<\/td>\n<td>Yok\/g<\/td>\n<\/tr>\n<\/tbody>\n<\/table>\n<h2><strong>Metil sel\u00fcloz (CAS 9004-67-5) Kullan\u0131m\u0131<\/strong><\/h2>\n<p>\u00c7e\u015fitli oral ve topikal preparatlarda yayg\u0131n olarak kullan\u0131l\u0131r, ayr\u0131ca kozmetik ve g\u0131dalarda da yayg\u0131n olarak kullan\u0131l\u0131r<\/p>\n<ol>\n<li><strong>\u0130n\u015faat Sekt\u00f6r\u00fc:<\/strong> CAS numaras\u0131 9004-67-5 olan Metil Sel\u00fcloz, in\u015faat sekt\u00f6r\u00fcnde yayg\u0131n olarak kullan\u0131lmaktad\u0131r. Kuru kar\u0131\u015f\u0131m har\u00e7larda k\u0131vam artt\u0131r\u0131c\u0131 olarak kullan\u0131l\u0131r, i\u015flenebilirlik ve yap\u0131\u015fma \u00f6zelliklerini artt\u0131r\u0131r.<\/li>\n<li><strong>G\u0131da End\u00fcstrisi:<\/strong> Bu bile\u015fik g\u0131da end\u00fcstrisinde kullan\u0131lmaktad\u0131r. Metil Sel\u00fcloz, soslar, tatl\u0131lar ve dondurmalar dahil olmak \u00fczere \u00e7e\u015fitli g\u0131da \u00fcr\u00fcnlerinde k\u0131vam artt\u0131r\u0131c\u0131 ve dengeleyici olarak hizmet veren bir g\u0131da katk\u0131 maddesi olarak kullan\u0131labilir.<\/li>\n<li><strong>Farmas\u00f6tik Form\u00fclasyonlar:<\/strong> Metil Sel\u00fcloz farmas\u00f6tik form\u00fclasyonlarda kullan\u0131labilir. Farmas\u00f6tik tablet ve kaps\u00fcllerin \u00fcretiminde ba\u011flay\u0131c\u0131, par\u00e7alay\u0131c\u0131 ve kontroll\u00fc sal\u0131m ajan\u0131 olarak kullan\u0131l\u0131r.<\/li>\n<li><strong>Ki\u015fisel Bak\u0131m \u00dcr\u00fcnleri:<\/strong> Ki\u015fisel bak\u0131m \u00fcr\u00fcnlerinin \u00fcretiminde Metil Sel\u00fcloz kullan\u0131l\u0131r. Kal\u0131nla\u015ft\u0131r\u0131c\u0131 ve stabilize edici \u00f6zellikleri nedeniyle cilt bak\u0131m\u0131 ve sa\u00e7 bak\u0131m\u0131 \u00fcr\u00fcnleri i\u00e7in form\u00fclasyonlara dahil edilebilir.<\/li>\n<\/ol>\n<h2><strong>Metil sel\u00fcloz (CAS 9004-67-5)Paketleme ve Nakliye<\/strong><\/h2>\n<p>Torba, PE i\u00e7li 20kg ka\u011f\u0131t torba<\/p>\n<h2><strong>Metil sel\u00fcloz (CAS 9004-67-5) Depolama<\/strong><\/h2>\n<p>\u00c7e\u015fitli oral ve topikal preparatlarda yayg\u0131n olarak kullan\u0131l\u0131r, ayr\u0131ca kozmetik ve g\u0131dalarda da yayg\u0131n olarak kullan\u0131l\u0131r.<\/p>\n<h2><strong><b>\u015eimdi Bize Ula\u015f\u0131n!<\/b><\/strong><\/h2>\n<h4><strong><b>COA, MSDS veya TDS'ye ihtiyac\u0131n\u0131z varsa, l\u00fctfen a\u015fa\u011f\u0131daki forma ileti\u015fim bilgilerinizi girin, genellikle 24 saat i\u00e7inde sizinle ileti\u015fime ge\u00e7ece\u011fiz. Bana e-posta da g\u00f6nderebilirsiniz <span style=\"color: #0000ff;\"><a style=\"color: #0000ff;\" href=\"mailto:info@longchangchemical.com\">info@longchangchemical.com<\/a><\/span> \u00c7al\u0131\u015fma saatleri i\u00e7inde (8:30 - 6:00 UTC+8 Pzt.~Sat.) veya h\u0131zl\u0131 yan\u0131t almak i\u00e7in web sitesi canl\u0131 sohbetini kullan\u0131n.<\/b><\/strong><\/h4>","protected":false},"excerpt":{"rendered":"<h2><strong>Metil sel\u00fcloz (CAS 9004-67-5) H\u0131zl\u0131 Ayr\u0131nt\u0131lar<\/strong><\/h2>\n<p>Kimyasal Ad\u0131: Metil sel\u00fcloz<\/p>\n<p>CAS No: 9004-67-5<\/p>\n<p>Molek\u00fcler Fom\u00fcl: C20H38O11<\/p>\n<p>Molek\u00fcl a\u011f\u0131rl\u0131\u011f\u0131: 454.50912<\/p>\n<p>Kimyasal Yap\u0131:<img decoding=\"async\" title=\"Metil sel\u00fcloz Yap\u0131s\u0131\" src=\"https:\/\/www.longchangchemical.com\/wp-content\/uploads\/product-details\/20200612332907.png\" alt=\"Metil sel\u00fcloz Yap\u0131s\u0131\" width=\"282\" height=\"194\" border=\"0\" vspace=\"0\" \/><\/p>\n<p>G\u00f6r\u00fcn\u00fc\u015f: Beyaz ila hafif kirli beyaz lifli veya gran\u00fcler toz<\/p>\n<p>Tahlil: 99.0%min<\/p>","protected":false},"featured_media":6389,"comment_status":"open","ping_status":"closed","template":"","meta":[],"product_brand":[],"product_cat":[15],"product_tag":[],"class_list":{"0":"post-4281","1":"product","2":"type-product","3":"status-publish","4":"has-post-thumbnail","6":"product_cat-food-additives","8":"first","9":"instock","10":"shipping-taxable","11":"product-type-simple"},"yoast_head":"<!-- This site is optimized with the Yoast SEO plugin v25.3.1 - https:\/\/yoast.com\/wordpress\/plugins\/seo\/ -->\n<title>China Methyl cellulose Manufacturer CAS 9004-67-5 -Longchang Chemical<\/title>\n<meta name=\"description\" content=\"methyl cellulose cas 9004-67-5 is key product of Longchang Chemical. We provide best price. We are the leading manufacturer and supplier in China with the best quanlity and competitive price.\" \/>\n<meta name=\"robots\" content=\"index, follow, max-snippet:-1, max-image-preview:large, max-video-preview:-1\" \/>\n<link rel=\"canonical\" href=\"https:\/\/longchangchemical.com\/tr\/product\/methyl-cellulose-cas-9004-67-5\/\" \/>\n<meta property=\"og:locale\" content=\"tr_TR\" \/>\n<meta property=\"og:type\" content=\"article\" \/>\n<meta property=\"og:title\" content=\"China Methyl cellulose Manufacturer CAS 9004-67-5 -Longchang Chemical\" \/>\n<meta property=\"og:description\" content=\"methyl cellulose cas 9004-67-5 is key product of Longchang Chemical. We provide best price. We are the leading manufacturer and supplier in China with the best quanlity and competitive price.\" \/>\n<meta property=\"og:url\" content=\"https:\/\/longchangchemical.com\/tr\/product\/methyl-cellulose-cas-9004-67-5\/\" \/>\n<meta property=\"og:site_name\" content=\"Longchang Chemical\" \/>\n<meta property=\"article:modified_time\" content=\"2025-12-22T06:12:25+00:00\" \/>\n<meta property=\"og:image\" content=\"https:\/\/longchangchemical.com\/wp-content\/uploads\/2024\/01\/9.jpg\" \/>\n\t<meta property=\"og:image:width\" content=\"800\" \/>\n\t<meta property=\"og:image:height\" content=\"800\" \/>\n\t<meta property=\"og:image:type\" content=\"image\/jpeg\" \/>\n<meta name=\"twitter:card\" content=\"summary_large_image\" \/>\n<script type=\"application\/ld+json\" class=\"yoast-schema-graph\">{\"@context\":\"https:\/\/schema.org\",\"@graph\":[{\"@type\":\"WebPage\",\"@id\":\"https:\/\/longchangchemical.com\/product\/methyl-cellulose-cas-9004-67-5\/\",\"url\":\"https:\/\/longchangchemical.com\/product\/methyl-cellulose-cas-9004-67-5\/\",\"name\":\"China Methyl cellulose Manufacturer CAS 9004-67-5 -Longchang Chemical\",\"isPartOf\":{\"@id\":\"https:\/\/longchangchemical.com\/#website\"},\"primaryImageOfPage\":{\"@id\":\"https:\/\/longchangchemical.com\/product\/methyl-cellulose-cas-9004-67-5\/#primaryimage\"},\"image\":{\"@id\":\"https:\/\/longchangchemical.com\/product\/methyl-cellulose-cas-9004-67-5\/#primaryimage\"},\"thumbnailUrl\":\"https:\/\/longchangchemical.com\/wp-content\/uploads\/2024\/01\/9.jpg\",\"datePublished\":\"2024-01-10T08:11:25+00:00\",\"dateModified\":\"2025-12-22T06:12:25+00:00\",\"description\":\"methyl cellulose cas 9004-67-5 is key product of Longchang Chemical. We provide best price. We are the leading manufacturer and supplier in China with the best quanlity and competitive price.\",\"breadcrumb\":{\"@id\":\"https:\/\/longchangchemical.com\/product\/methyl-cellulose-cas-9004-67-5\/#breadcrumb\"},\"inLanguage\":\"tr\",\"potentialAction\":[{\"@type\":\"ReadAction\",\"target\":[\"https:\/\/longchangchemical.com\/product\/methyl-cellulose-cas-9004-67-5\/\"]}]},{\"@type\":\"ImageObject\",\"inLanguage\":\"tr\",\"@id\":\"https:\/\/longchangchemical.com\/product\/methyl-cellulose-cas-9004-67-5\/#primaryimage\",\"url\":\"https:\/\/longchangchemical.com\/wp-content\/uploads\/2024\/01\/9.jpg\",\"contentUrl\":\"https:\/\/longchangchemical.com\/wp-content\/uploads\/2024\/01\/9.jpg\",\"width\":800,\"height\":800,\"caption\":\"methyl cellulose cas 9004-67-5\"},{\"@type\":\"BreadcrumbList\",\"@id\":\"https:\/\/longchangchemical.com\/product\/methyl-cellulose-cas-9004-67-5\/#breadcrumb\",\"itemListElement\":[{\"@type\":\"ListItem\",\"position\":1,\"name\":\"Home\",\"item\":\"https:\/\/longchangchemical.com\/\"},{\"@type\":\"ListItem\",\"position\":2,\"name\":\"Products Longchang\",\"item\":\"https:\/\/longchangchemical.com\/product\/\"},{\"@type\":\"ListItem\",\"position\":3,\"name\":\"methyl cellulose cas 9004-67-5\"}]},{\"@type\":\"WebSite\",\"@id\":\"https:\/\/longchangchemical.com\/#website\",\"url\":\"https:\/\/longchangchemical.com\/\",\"name\":\"Longchang Chemical\",\"description\":\"China chemical manufacturer \uff06 supplier\",\"publisher\":{\"@id\":\"https:\/\/longchangchemical.com\/#organization\"},\"potentialAction\":[{\"@type\":\"SearchAction\",\"target\":{\"@type\":\"EntryPoint\",\"urlTemplate\":\"https:\/\/longchangchemical.com\/?s={search_term_string}\"},\"query-input\":{\"@type\":\"PropertyValueSpecification\",\"valueRequired\":true,\"valueName\":\"search_term_string\"}}],\"inLanguage\":\"tr\"},{\"@type\":\"Organization\",\"@id\":\"https:\/\/longchangchemical.com\/#organization\",\"name\":\"Longchang Chemical\",\"url\":\"https:\/\/longchangchemical.com\/\",\"logo\":{\"@type\":\"ImageObject\",\"inLanguage\":\"tr\",\"@id\":\"https:\/\/longchangchemical.com\/#\/schema\/logo\/image\/\",\"url\":\"https:\/\/longchangchemical.com\/wp-content\/uploads\/2020\/08\/cropped-longchang-logo.png\",\"contentUrl\":\"https:\/\/longchangchemical.com\/wp-content\/uploads\/2020\/08\/cropped-longchang-logo.png\",\"width\":512,\"height\":512,\"caption\":\"Longchang Chemical\"},\"image\":{\"@id\":\"https:\/\/longchangchemical.com\/#\/schema\/logo\/image\/\"}}]}<\/script>\n<!-- \/ Yoast SEO plugin. -->","yoast_head_json":{"title":"\u00c7in Metil sel\u00fcloz \u00dcreticisi CAS 9004-67-5 -Longchang Chemical","description":"metil sel\u00fcloz cas 9004-67-5 Longchang Chemical'\u0131n anahtar \u00fcr\u00fcn\u00fcd\u00fcr. En iyi fiyat\u0131 sa\u011fl\u0131yoruz. Biz en iyi quanlity ve rekabet\u00e7i fiyat ile \u00c7in'de lider \u00fcretici ve tedarik\u00e7i vard\u0131r.","robots":{"index":"index","follow":"follow","max-snippet":"max-snippet:-1","max-image-preview":"max-image-preview:large","max-video-preview":"max-video-preview:-1"},"canonical":"https:\/\/longchangchemical.com\/tr\/product\/methyl-cellulose-cas-9004-67-5\/","og_locale":"tr_TR","og_type":"article","og_title":"China Methyl cellulose Manufacturer CAS 9004-67-5 -Longchang Chemical","og_description":"methyl cellulose cas 9004-67-5 is key product of Longchang Chemical. We provide best price. We are the leading manufacturer and supplier in China with the best quanlity and competitive price.","og_url":"https:\/\/longchangchemical.com\/tr\/product\/methyl-cellulose-cas-9004-67-5\/","og_site_name":"Longchang Chemical","article_modified_time":"2025-12-22T06:12:25+00:00","og_image":[{"width":800,"height":800,"url":"https:\/\/longchangchemical.com\/wp-content\/uploads\/2024\/01\/9.jpg","type":"image\/jpeg"}],"twitter_card":"summary_large_image","schema":{"@context":"https:\/\/schema.org","@graph":[{"@type":"WebPage","@id":"https:\/\/longchangchemical.com\/product\/methyl-cellulose-cas-9004-67-5\/","url":"https:\/\/longchangchemical.com\/product\/methyl-cellulose-cas-9004-67-5\/","name":"\u00c7in Metil sel\u00fcloz \u00dcreticisi CAS 9004-67-5 -Longchang Chemical","isPartOf":{"@id":"https:\/\/longchangchemical.com\/#website"},"primaryImageOfPage":{"@id":"https:\/\/longchangchemical.com\/product\/methyl-cellulose-cas-9004-67-5\/#primaryimage"},"image":{"@id":"https:\/\/longchangchemical.com\/product\/methyl-cellulose-cas-9004-67-5\/#primaryimage"},"thumbnailUrl":"https:\/\/longchangchemical.com\/wp-content\/uploads\/2024\/01\/9.jpg","datePublished":"2024-01-10T08:11:25+00:00","dateModified":"2025-12-22T06:12:25+00:00","description":"metil sel\u00fcloz cas 9004-67-5 Longchang Chemical'\u0131n anahtar \u00fcr\u00fcn\u00fcd\u00fcr. En iyi fiyat\u0131 sa\u011fl\u0131yoruz. Biz en iyi quanlity ve rekabet\u00e7i fiyat ile \u00c7in'de lider \u00fcretici ve tedarik\u00e7i vard\u0131r.","breadcrumb":{"@id":"https:\/\/longchangchemical.com\/product\/methyl-cellulose-cas-9004-67-5\/#breadcrumb"},"inLanguage":"tr","potentialAction":[{"@type":"ReadAction","target":["https:\/\/longchangchemical.com\/product\/methyl-cellulose-cas-9004-67-5\/"]}]},{"@type":"ImageObject","inLanguage":"tr","@id":"https:\/\/longchangchemical.com\/product\/methyl-cellulose-cas-9004-67-5\/#primaryimage","url":"https:\/\/longchangchemical.com\/wp-content\/uploads\/2024\/01\/9.jpg","contentUrl":"https:\/\/longchangchemical.com\/wp-content\/uploads\/2024\/01\/9.jpg","width":800,"height":800,"caption":"methyl cellulose cas 9004-67-5"},{"@type":"BreadcrumbList","@id":"https:\/\/longchangchemical.com\/product\/methyl-cellulose-cas-9004-67-5\/#breadcrumb","itemListElement":[{"@type":"ListItem","position":1,"name":"Home","item":"https:\/\/longchangchemical.com\/"},{"@type":"ListItem","position":2,"name":"Products Longchang","item":"https:\/\/longchangchemical.com\/product\/"},{"@type":"ListItem","position":3,"name":"methyl cellulose cas 9004-67-5"}]},{"@type":"WebSite","@id":"https:\/\/longchangchemical.com\/#website","url":"https:\/\/longchangchemical.com\/","name":"Longchang Kimya","description":"\u00c7in kimyasal \u00fcreticisi \uff06 tedarik\u00e7isi","publisher":{"@id":"https:\/\/longchangchemical.com\/#organization"},"potentialAction":[{"@type":"SearchAction","target":{"@type":"EntryPoint","urlTemplate":"https:\/\/longchangchemical.com\/?s={search_term_string}"},"query-input":{"@type":"PropertyValueSpecification","valueRequired":true,"valueName":"search_term_string"}}],"inLanguage":"tr"},{"@type":"Organization","@id":"https:\/\/longchangchemical.com\/#organization","name":"Longchang Kimya","url":"https:\/\/longchangchemical.com\/","logo":{"@type":"ImageObject","inLanguage":"tr","@id":"https:\/\/longchangchemical.com\/#\/schema\/logo\/image\/","url":"https:\/\/longchangchemical.com\/wp-content\/uploads\/2020\/08\/cropped-longchang-logo.png","contentUrl":"https:\/\/longchangchemical.com\/wp-content\/uploads\/2020\/08\/cropped-longchang-logo.png","width":512,"height":512,"caption":"Longchang Chemical"},"image":{"@id":"https:\/\/longchangchemical.com\/#\/schema\/logo\/image\/"}}]}},"_links":{"self":[{"href":"https:\/\/longchangchemical.com\/tr\/wp-json\/wp\/v2\/product\/4281","targetHints":{"allow":["GET"]}}],"collection":[{"href":"https:\/\/longchangchemical.com\/tr\/wp-json\/wp\/v2\/product"}],"about":[{"href":"https:\/\/longchangchemical.com\/tr\/wp-json\/wp\/v2\/types\/product"}],"replies":[{"embeddable":true,"href":"https:\/\/longchangchemical.com\/tr\/wp-json\/wp\/v2\/comments?post=4281"}],"wp:featuredmedia":[{"embeddable":true,"href":"https:\/\/longchangchemical.com\/tr\/wp-json\/wp\/v2\/media\/6389"}],"wp:attachment":[{"href":"https:\/\/longchangchemical.com\/tr\/wp-json\/wp\/v2\/media?parent=4281"}],"wp:term":[{"taxonomy":"product_brand","embeddable":true,"href":"https:\/\/longchangchemical.com\/tr\/wp-json\/wp\/v2\/product_brand?post=4281"},{"taxonomy":"product_cat","embeddable":true,"href":"https:\/\/longchangchemical.com\/tr\/wp-json\/wp\/v2\/product_cat?post=4281"},{"taxonomy":"product_tag","embeddable":true,"href":"https:\/\/longchangchemical.com\/tr\/wp-json\/wp\/v2\/product_tag?post=4281"}],"curies":[{"name":"wp","href":"https:\/\/api.w.org\/{rel}","templated":true}]}}