{"id":4280,"date":"2024-01-10T08:23:38","date_gmt":"2024-01-10T08:23:38","guid":{"rendered":"https:\/\/longchangchemical.com\/?post_type=product&#038;p=4280"},"modified":"2026-01-12T06:46:39","modified_gmt":"2026-01-12T06:46:39","slug":"methoxypolyethylene-glycols-cas-9004-74-4","status":"publish","type":"product","link":"https:\/\/longchangchemical.com\/tr\/product\/methoxypolyethylene-glycols-cas-9004-74-4\/","title":{"rendered":"metoksipolietilen glikoller cas 9004-74-4"},"content":{"rendered":"<h2><strong>Metoksipolietilen glikollerTipik \u00d6zellikler<\/strong><\/h2>\n<table class=\"table-1\" cellspacing=\"0\">\n<tbody>\n<tr>\n<td><strong>\u00d6\u011fe<\/strong><\/td>\n<td><strong>Teknik \u00d6zellikler<\/strong><\/td>\n<td><strong>Sonu\u00e7lar<\/strong><\/td>\n<\/tr>\n<tr>\n<td>25\u00b0C'de g\u00f6r\u00fcn\u00fcm<\/td>\n<td>Beyaz pul<\/td>\n<td>Beyaz pul<\/td>\n<\/tr>\n<tr>\n<td>Renk (Pt-Co)<\/td>\n<td>0~80<\/td>\n<td>30<\/td>\n<\/tr>\n<tr>\n<td>Hidroksil say\u0131s\u0131\uff08mgKOH\/g\uff09<\/td>\n<td>23~28<\/td>\n<td>25.3<\/td>\n<\/tr>\n<tr>\n<td>Molek\u00fcler a\u011f\u0131rl\u0131k<\/td>\n<td>2000~2400<\/td>\n<td>2218<\/td>\n<\/tr>\n<tr>\n<td>pH<\/td>\n<td>5.0~7.0<\/td>\n<td>6.35<\/td>\n<\/tr>\n<tr>\n<td>Su\uff08% m\/m\uff09<\/td>\n<td>\u22641.0<\/td>\n<td>0.32<\/td>\n<\/tr>\n<\/tbody>\n<\/table>\n<h2><strong>Metoksipolietilen glikoller Kullan\u0131m<\/strong><\/h2>\n<p>Yerinde kar\u0131\u015ft\u0131rma ve uzun mesafeli ta\u015f\u0131mac\u0131l\u0131kta y\u00fcksek performansl\u0131, y\u00fcksek mukavemetli (C60 veya daha y\u00fcksek) ticari betona uygulanabilir Metoksipolietilen glikoller.<\/p>\n<ol>\n<li><strong>Polimer End\u00fcstrisi:<\/strong> CAS numaras\u0131 9004-74-4 olan Metoksipolietilen Glikoller, polimer end\u00fcstrisinde yayg\u0131n olarak kullan\u0131lmaktad\u0131r. \u00c7e\u015fitli polimerlerin ve kopolimerlerin \u00fcretiminde temel bile\u015fenler olarak g\u00f6rev yaparlar ve polimer \u00f6zelliklerinin modifikasyonuna katk\u0131da bulunurlar.<\/li>\n<li><strong>Em\u00fclsifiye Edici Ajan:<\/strong> Bu bile\u015fik em\u00fclsifiye edici bir ajan olarak kullan\u0131l\u0131r. Metoksipolietilen Glikoller em\u00fclsiyonlar\u0131n stabilitesine ve dokusuna katk\u0131da bulunarak onlar\u0131 kremler, losyonlar ve end\u00fcstriyel \u00fcr\u00fcnler gibi form\u00fclasyonlarda de\u011ferli hale getirebilir.<\/li>\n<li><strong>Tekstil End\u00fcstrisi:<\/strong> Metoksipolietilen Glikoller tekstil end\u00fcstrisinde kullan\u0131labilir. Kuma\u015flara yumu\u015fakl\u0131k ve p\u00fcr\u00fczs\u00fczl\u00fck sa\u011flayan tekstil terbiye i\u015flemlerinde kullan\u0131labilirler.<\/li>\n<li><strong>Ki\u015fisel Bak\u0131m \u00dcr\u00fcnleri:<\/strong> Ki\u015fisel bak\u0131m \u00fcr\u00fcnlerinin \u00fcretiminde Metoksipolietilen Glikoller kullan\u0131l\u0131r. Em\u00fclsifiye edici ve yumu\u015fat\u0131c\u0131 \u00f6zellikleri nedeniyle cilt bak\u0131m\u0131 ve sa\u00e7 bak\u0131m\u0131 \u00fcr\u00fcnleri form\u00fclasyonlar\u0131na dahil edilirler.<\/li>\n<\/ol>\n<h2><strong>Metoksipolietilen glikoller Paketleme ve Nakliye<\/strong><\/h2>\n<p>Ambalaj: 200Kg\/tambur<\/p>\n<h2><strong>Metoksipolietilen glikollerDepolama<\/strong><\/h2>\n<p>Serin ve kuru bir yere konulmal\u0131d\u0131r.<\/p>\n<h2><strong><b>\u015eimdi Bize Ula\u015f\u0131n!<\/b><\/strong><\/h2>\n<h4><strong><b>COA, MSDS veya TDS'ye ihtiyac\u0131n\u0131z varsa, l\u00fctfen a\u015fa\u011f\u0131daki forma ileti\u015fim bilgilerinizi girin, genellikle 24 saat i\u00e7inde sizinle ileti\u015fime ge\u00e7ece\u011fiz. Bana e-posta da g\u00f6nderebilirsiniz <span style=\"color: #0000ff;\"><a style=\"color: #0000ff;\" href=\"mailto:info@longchangchemical.com\">info@longchangchemical.com<\/a><\/span> \u00c7al\u0131\u015fma saatleri i\u00e7inde (8:30 - 6:00 UTC+8 Pzt.~Sat.) veya h\u0131zl\u0131 yan\u0131t almak i\u00e7in web sitesi canl\u0131 sohbetini kullan\u0131n.<\/b><\/strong><\/h4>","protected":false},"excerpt":{"rendered":"<h2><strong>Metoksipolietilen glikollerH\u0131zl\u0131 Ayr\u0131nt\u0131lar<\/strong><\/h2>\n<p>Kimyasal Ad\u0131: Metoksipolietilen glikoller<\/p>\n<p>CAS No: 9004-74-4<\/p>\n<p>Molek\u00fcler Form\u00fcl: C5H12O3<\/p>\n<p>Kimyasal Yap\u0131:<img decoding=\"async\" title=\"Metoksipolietilen glikollerin yap\u0131s\u0131\" src=\"https:\/\/www.longchangchemical.com\/wp-content\/uploads\/product-details\/20200611239401.png\" alt=\"Metoksipolietilen glikollerin yap\u0131s\u0131\" width=\"234\" height=\"71\" border=\"0\" vspace=\"0\" \/><\/p>\n<p>Molek\u00fcl a\u011f\u0131rl\u0131\u011f\u0131: 20.14698<\/p>\n<p>G\u00f6r\u00fcn\u00fcm:Beyaz pul<\/p>\n<p>Tahlil: 2000~2400<\/p>","protected":false},"featured_media":6391,"comment_status":"open","ping_status":"closed","template":"","meta":[],"product_brand":[],"product_cat":[154],"product_tag":[],"class_list":{"0":"post-4280","1":"product","2":"type-product","3":"status-publish","4":"has-post-thumbnail","6":"product_cat-solvent","8":"first","9":"instock","10":"shipping-taxable","11":"product-type-simple"},"yoast_head":"<!-- This site is optimized with the Yoast SEO plugin v25.3.1 - https:\/\/yoast.com\/wordpress\/plugins\/seo\/ -->\n<title>China Methoxypolyethylene Glycols Manufacturer CAS 9004-74-4 -Longchang Chemical<\/title>\n<meta name=\"description\" content=\"methoxypolyethylene glycols cas 9004-74-4 is key product of Longchang Chemical. We provide best price. We are the leading manufacturer and supplier in China with the best quanlity and competitive price.\" \/>\n<meta name=\"robots\" content=\"index, follow, max-snippet:-1, max-image-preview:large, max-video-preview:-1\" \/>\n<link rel=\"canonical\" href=\"https:\/\/longchangchemical.com\/tr\/product\/methoxypolyethylene-glycols-cas-9004-74-4\/\" \/>\n<meta property=\"og:locale\" content=\"tr_TR\" \/>\n<meta property=\"og:type\" content=\"article\" \/>\n<meta property=\"og:title\" content=\"China Methoxypolyethylene Glycols Manufacturer CAS 9004-74-4 -Longchang Chemical\" \/>\n<meta property=\"og:description\" content=\"methoxypolyethylene glycols cas 9004-74-4 is key product of Longchang Chemical. We provide best price. We are the leading manufacturer and supplier in China with the best quanlity and competitive price.\" \/>\n<meta property=\"og:url\" content=\"https:\/\/longchangchemical.com\/tr\/product\/methoxypolyethylene-glycols-cas-9004-74-4\/\" \/>\n<meta property=\"og:site_name\" content=\"Longchang Chemical\" \/>\n<meta property=\"article:modified_time\" content=\"2026-01-12T06:46:39+00:00\" \/>\n<meta property=\"og:image\" content=\"https:\/\/longchangchemical.com\/wp-content\/uploads\/2021\/01\/3.jpg\" \/>\n\t<meta property=\"og:image:width\" content=\"800\" \/>\n\t<meta property=\"og:image:height\" content=\"800\" \/>\n\t<meta property=\"og:image:type\" content=\"image\/jpeg\" \/>\n<meta name=\"twitter:card\" content=\"summary_large_image\" \/>\n<script type=\"application\/ld+json\" class=\"yoast-schema-graph\">{\"@context\":\"https:\/\/schema.org\",\"@graph\":[{\"@type\":\"WebPage\",\"@id\":\"https:\/\/longchangchemical.com\/product\/methoxypolyethylene-glycols-cas-9004-74-4\/\",\"url\":\"https:\/\/longchangchemical.com\/product\/methoxypolyethylene-glycols-cas-9004-74-4\/\",\"name\":\"China Methoxypolyethylene Glycols Manufacturer CAS 9004-74-4 -Longchang Chemical\",\"isPartOf\":{\"@id\":\"https:\/\/longchangchemical.com\/#website\"},\"primaryImageOfPage\":{\"@id\":\"https:\/\/longchangchemical.com\/product\/methoxypolyethylene-glycols-cas-9004-74-4\/#primaryimage\"},\"image\":{\"@id\":\"https:\/\/longchangchemical.com\/product\/methoxypolyethylene-glycols-cas-9004-74-4\/#primaryimage\"},\"thumbnailUrl\":\"https:\/\/longchangchemical.com\/wp-content\/uploads\/2021\/01\/3.jpg\",\"datePublished\":\"2024-01-10T08:23:38+00:00\",\"dateModified\":\"2026-01-12T06:46:39+00:00\",\"description\":\"methoxypolyethylene glycols cas 9004-74-4 is key product of Longchang Chemical. We provide best price. We are the leading manufacturer and supplier in China with the best quanlity and competitive price.\",\"breadcrumb\":{\"@id\":\"https:\/\/longchangchemical.com\/product\/methoxypolyethylene-glycols-cas-9004-74-4\/#breadcrumb\"},\"inLanguage\":\"tr\",\"potentialAction\":[{\"@type\":\"ReadAction\",\"target\":[\"https:\/\/longchangchemical.com\/product\/methoxypolyethylene-glycols-cas-9004-74-4\/\"]}]},{\"@type\":\"ImageObject\",\"inLanguage\":\"tr\",\"@id\":\"https:\/\/longchangchemical.com\/product\/methoxypolyethylene-glycols-cas-9004-74-4\/#primaryimage\",\"url\":\"https:\/\/longchangchemical.com\/wp-content\/uploads\/2021\/01\/3.jpg\",\"contentUrl\":\"https:\/\/longchangchemical.com\/wp-content\/uploads\/2021\/01\/3.jpg\",\"width\":800,\"height\":800,\"caption\":\"methoxypolyethylene glycols cas 9004-74-4\"},{\"@type\":\"BreadcrumbList\",\"@id\":\"https:\/\/longchangchemical.com\/product\/methoxypolyethylene-glycols-cas-9004-74-4\/#breadcrumb\",\"itemListElement\":[{\"@type\":\"ListItem\",\"position\":1,\"name\":\"Home\",\"item\":\"https:\/\/longchangchemical.com\/\"},{\"@type\":\"ListItem\",\"position\":2,\"name\":\"Products Longchang\",\"item\":\"https:\/\/longchangchemical.com\/product\/\"},{\"@type\":\"ListItem\",\"position\":3,\"name\":\"methoxypolyethylene glycols cas 9004-74-4\"}]},{\"@type\":\"WebSite\",\"@id\":\"https:\/\/longchangchemical.com\/#website\",\"url\":\"https:\/\/longchangchemical.com\/\",\"name\":\"Longchang Chemical\",\"description\":\"China chemical manufacturer \uff06 supplier\",\"publisher\":{\"@id\":\"https:\/\/longchangchemical.com\/#organization\"},\"potentialAction\":[{\"@type\":\"SearchAction\",\"target\":{\"@type\":\"EntryPoint\",\"urlTemplate\":\"https:\/\/longchangchemical.com\/?s={search_term_string}\"},\"query-input\":{\"@type\":\"PropertyValueSpecification\",\"valueRequired\":true,\"valueName\":\"search_term_string\"}}],\"inLanguage\":\"tr\"},{\"@type\":\"Organization\",\"@id\":\"https:\/\/longchangchemical.com\/#organization\",\"name\":\"Longchang Chemical\",\"url\":\"https:\/\/longchangchemical.com\/\",\"logo\":{\"@type\":\"ImageObject\",\"inLanguage\":\"tr\",\"@id\":\"https:\/\/longchangchemical.com\/#\/schema\/logo\/image\/\",\"url\":\"https:\/\/longchangchemical.com\/wp-content\/uploads\/2020\/08\/cropped-longchang-logo.png\",\"contentUrl\":\"https:\/\/longchangchemical.com\/wp-content\/uploads\/2020\/08\/cropped-longchang-logo.png\",\"width\":512,\"height\":512,\"caption\":\"Longchang Chemical\"},\"image\":{\"@id\":\"https:\/\/longchangchemical.com\/#\/schema\/logo\/image\/\"}}]}<\/script>\n<!-- \/ Yoast SEO plugin. -->","yoast_head_json":{"title":"\u00c7in Metoksipolietilen Glikol \u00dcreticisi CAS 9004-74-4 -Longchang Chemical","description":"metoksipolietilen glikoller cas 9004-74-4, Longchang Chemical'\u0131n temel \u00fcr\u00fcn\u00fcd\u00fcr. En iyi fiyat\u0131 sa\u011fl\u0131yoruz. Biz en iyi quanlity ve rekabet\u00e7i fiyat ile \u00c7in'de lider \u00fcreticisi ve tedarik\u00e7isi vard\u0131r.","robots":{"index":"index","follow":"follow","max-snippet":"max-snippet:-1","max-image-preview":"max-image-preview:large","max-video-preview":"max-video-preview:-1"},"canonical":"https:\/\/longchangchemical.com\/tr\/product\/methoxypolyethylene-glycols-cas-9004-74-4\/","og_locale":"tr_TR","og_type":"article","og_title":"China Methoxypolyethylene Glycols Manufacturer CAS 9004-74-4 -Longchang Chemical","og_description":"methoxypolyethylene glycols cas 9004-74-4 is key product of Longchang Chemical. We provide best price. We are the leading manufacturer and supplier in China with the best quanlity and competitive price.","og_url":"https:\/\/longchangchemical.com\/tr\/product\/methoxypolyethylene-glycols-cas-9004-74-4\/","og_site_name":"Longchang Chemical","article_modified_time":"2026-01-12T06:46:39+00:00","og_image":[{"width":800,"height":800,"url":"https:\/\/longchangchemical.com\/wp-content\/uploads\/2021\/01\/3.jpg","type":"image\/jpeg"}],"twitter_card":"summary_large_image","schema":{"@context":"https:\/\/schema.org","@graph":[{"@type":"WebPage","@id":"https:\/\/longchangchemical.com\/product\/methoxypolyethylene-glycols-cas-9004-74-4\/","url":"https:\/\/longchangchemical.com\/product\/methoxypolyethylene-glycols-cas-9004-74-4\/","name":"\u00c7in Metoksipolietilen Glikol \u00dcreticisi CAS 9004-74-4 -Longchang Chemical","isPartOf":{"@id":"https:\/\/longchangchemical.com\/#website"},"primaryImageOfPage":{"@id":"https:\/\/longchangchemical.com\/product\/methoxypolyethylene-glycols-cas-9004-74-4\/#primaryimage"},"image":{"@id":"https:\/\/longchangchemical.com\/product\/methoxypolyethylene-glycols-cas-9004-74-4\/#primaryimage"},"thumbnailUrl":"https:\/\/longchangchemical.com\/wp-content\/uploads\/2021\/01\/3.jpg","datePublished":"2024-01-10T08:23:38+00:00","dateModified":"2026-01-12T06:46:39+00:00","description":"metoksipolietilen glikoller cas 9004-74-4, Longchang Chemical'\u0131n temel \u00fcr\u00fcn\u00fcd\u00fcr. En iyi fiyat\u0131 sa\u011fl\u0131yoruz. Biz en iyi quanlity ve rekabet\u00e7i fiyat ile \u00c7in'de lider \u00fcreticisi ve tedarik\u00e7isi vard\u0131r.","breadcrumb":{"@id":"https:\/\/longchangchemical.com\/product\/methoxypolyethylene-glycols-cas-9004-74-4\/#breadcrumb"},"inLanguage":"tr","potentialAction":[{"@type":"ReadAction","target":["https:\/\/longchangchemical.com\/product\/methoxypolyethylene-glycols-cas-9004-74-4\/"]}]},{"@type":"ImageObject","inLanguage":"tr","@id":"https:\/\/longchangchemical.com\/product\/methoxypolyethylene-glycols-cas-9004-74-4\/#primaryimage","url":"https:\/\/longchangchemical.com\/wp-content\/uploads\/2021\/01\/3.jpg","contentUrl":"https:\/\/longchangchemical.com\/wp-content\/uploads\/2021\/01\/3.jpg","width":800,"height":800,"caption":"methoxypolyethylene glycols cas 9004-74-4"},{"@type":"BreadcrumbList","@id":"https:\/\/longchangchemical.com\/product\/methoxypolyethylene-glycols-cas-9004-74-4\/#breadcrumb","itemListElement":[{"@type":"ListItem","position":1,"name":"Home","item":"https:\/\/longchangchemical.com\/"},{"@type":"ListItem","position":2,"name":"Products Longchang","item":"https:\/\/longchangchemical.com\/product\/"},{"@type":"ListItem","position":3,"name":"methoxypolyethylene glycols cas 9004-74-4"}]},{"@type":"WebSite","@id":"https:\/\/longchangchemical.com\/#website","url":"https:\/\/longchangchemical.com\/","name":"Longchang Kimya","description":"\u00c7in kimyasal \u00fcreticisi \uff06 tedarik\u00e7isi","publisher":{"@id":"https:\/\/longchangchemical.com\/#organization"},"potentialAction":[{"@type":"SearchAction","target":{"@type":"EntryPoint","urlTemplate":"https:\/\/longchangchemical.com\/?s={search_term_string}"},"query-input":{"@type":"PropertyValueSpecification","valueRequired":true,"valueName":"search_term_string"}}],"inLanguage":"tr"},{"@type":"Organization","@id":"https:\/\/longchangchemical.com\/#organization","name":"Longchang Kimya","url":"https:\/\/longchangchemical.com\/","logo":{"@type":"ImageObject","inLanguage":"tr","@id":"https:\/\/longchangchemical.com\/#\/schema\/logo\/image\/","url":"https:\/\/longchangchemical.com\/wp-content\/uploads\/2020\/08\/cropped-longchang-logo.png","contentUrl":"https:\/\/longchangchemical.com\/wp-content\/uploads\/2020\/08\/cropped-longchang-logo.png","width":512,"height":512,"caption":"Longchang Chemical"},"image":{"@id":"https:\/\/longchangchemical.com\/#\/schema\/logo\/image\/"}}]}},"_links":{"self":[{"href":"https:\/\/longchangchemical.com\/tr\/wp-json\/wp\/v2\/product\/4280","targetHints":{"allow":["GET"]}}],"collection":[{"href":"https:\/\/longchangchemical.com\/tr\/wp-json\/wp\/v2\/product"}],"about":[{"href":"https:\/\/longchangchemical.com\/tr\/wp-json\/wp\/v2\/types\/product"}],"replies":[{"embeddable":true,"href":"https:\/\/longchangchemical.com\/tr\/wp-json\/wp\/v2\/comments?post=4280"}],"wp:featuredmedia":[{"embeddable":true,"href":"https:\/\/longchangchemical.com\/tr\/wp-json\/wp\/v2\/media\/6391"}],"wp:attachment":[{"href":"https:\/\/longchangchemical.com\/tr\/wp-json\/wp\/v2\/media?parent=4280"}],"wp:term":[{"taxonomy":"product_brand","embeddable":true,"href":"https:\/\/longchangchemical.com\/tr\/wp-json\/wp\/v2\/product_brand?post=4280"},{"taxonomy":"product_cat","embeddable":true,"href":"https:\/\/longchangchemical.com\/tr\/wp-json\/wp\/v2\/product_cat?post=4280"},{"taxonomy":"product_tag","embeddable":true,"href":"https:\/\/longchangchemical.com\/tr\/wp-json\/wp\/v2\/product_tag?post=4280"}],"curies":[{"name":"wp","href":"https:\/\/api.w.org\/{rel}","templated":true}]}}