{"id":4279,"date":"2024-01-10T08:36:09","date_gmt":"2024-01-10T08:36:09","guid":{"rendered":"https:\/\/longchangchemical.com\/?post_type=product&#038;p=4279"},"modified":"2025-12-22T06:07:52","modified_gmt":"2025-12-22T06:07:52","slug":"polyoxyethylene-20-cetyl-ether-cas-9004-95-9","status":"publish","type":"product","link":"https:\/\/longchangchemical.com\/tr\/product\/polyoxyethylene-20-cetyl-ether-cas-9004-95-9\/","title":{"rendered":"CHLUMICRYL\u00ae polioksietilen 20 setil eter cas 9004-95-9"},"content":{"rendered":"<h2><strong>Polioksietilen 20 Setil Eter \u00d6zellikleri<\/strong><\/h2>\n<table class=\"table-1\" cellspacing=\"0\">\n<tbody>\n<tr>\n<td>\u00d6\u011fe<\/td>\n<td>Teknik \u00d6zellikler<\/td>\n<\/tr>\n<tr>\n<td>G\u00f6r\u00fcn\u00fc\u015f<\/td>\n<td>S\u00fct beyaz\u0131 kat\u0131<\/td>\n<\/tr>\n<tr>\n<td>Renk<\/td>\n<td>\u226430#(Pt-Co)<\/td>\n<\/tr>\n<tr>\n<td>PH<\/td>\n<td>5.0-7.0<\/td>\n<\/tr>\n<tr>\n<td>Bulan\u0131kl\u0131k noktas\u0131, \u2103<\/td>\n<td>86-91<\/td>\n<\/tr>\n<tr>\n<td>Su<\/td>\n<td>\u22641.0%<\/td>\n<\/tr>\n<\/tbody>\n<\/table>\n<h2><strong>Polioksietilen 20 Setil Eter Kullan\u0131m\u0131<\/strong><\/h2>\n<p>Kimyasal elyaf end\u00fcstrisinde e\u011firme ya\u011f\u0131n\u0131n bir bile\u015feni olarak ve bir em\u00fclgat\u00f6r olarak kullan\u0131l\u0131r.<\/p>\n<ol>\n<li><strong>Kozmetikte Y\u00fczey Aktif Madde:<\/strong> CAS numaras\u0131 9004-95-9 olan Polioksietilen 20 Setil Eter, kozmetik end\u00fcstrisinde y\u00fczey aktif madde olarak yayg\u0131n bir \u015fekilde kullan\u0131lmaktad\u0131r. Em\u00fclsifiye edici ve temizleyici \u00f6zellikleri nedeniyle cilt bak\u0131m\u0131 ve ki\u015fisel bak\u0131m \u00fcr\u00fcnlerine dahil edilir.<\/li>\n<li><strong>Em\u00fclsifiye Edici Ajan:<\/strong> Bu bile\u015fik em\u00fclsifiye edici bir ajan olarak kullan\u0131l\u0131r. Polioksietilen 20 Setil Eter, em\u00fclsiyonlar\u0131n stabilitesine ve dokusuna katk\u0131da bulunabilir, bu da onu kremler ve losyonlar gibi form\u00fclasyonlarda de\u011ferli k\u0131lar.<\/li>\n<li><strong>Farmas\u00f6tik Form\u00fclasyonlar:<\/strong> Polioksietilen 20 Setil Eter farmas\u00f6tik form\u00fclasyonlarda kullan\u0131labilir. \u00c7\u00f6z\u00fcn\u00fcrl\u00fc\u011f\u00fc art\u0131rmak ve aktif farmas\u00f6tik bile\u015fenlerin da\u011f\u0131t\u0131m\u0131n\u0131 iyile\u015ftirmek i\u00e7in belirli ila\u00e7 form\u00fclasyonlar\u0131na dahil edilebilir.<\/li>\n<li><strong>End\u00fcstriyel Uygulamalar:<\/strong> End\u00fcstriyel uygulamalarda, Polioksietilen 20 Setil Eter, m\u00fcrekkepler, kaplamalar ve end\u00fcstriyel temizlik \u00fcr\u00fcnleri gibi em\u00fclsifikasyon ve dispersiyon gerektiren \u00e7e\u015fitli i\u015flemlerde kullan\u0131l\u0131r.<\/li>\n<\/ol>\n<h2><strong>Polioksietilen 20 Setil Eter Paketleme ve Nakliye<\/strong><\/h2>\n<p>Ambalaj: 25kg\/\u00e7anta<\/p>\n<h2><strong>Polioksietilen 20 Setil Eter Depolama<\/strong><\/h2>\n<p>1. Serin yerde saklan\u0131r.<\/p>\n<p>2. Kuru ve iyi havaland\u0131r\u0131lm\u0131\u015f bir yerde kapal\u0131 bir kapta muhafaza edin<\/p>\n<h2><strong><b>\u015eimdi Bize Ula\u015f\u0131n!<\/b><\/strong><\/h2>\n<h4><strong><b>COA, MSDS veya TDS'ye ihtiyac\u0131n\u0131z varsa, l\u00fctfen a\u015fa\u011f\u0131daki forma ileti\u015fim bilgilerinizi girin, genellikle 24 saat i\u00e7inde sizinle ileti\u015fime ge\u00e7ece\u011fiz. Bana e-posta da g\u00f6nderebilirsiniz <span style=\"color: #0000ff;\"><a style=\"color: #0000ff;\" href=\"mailto:info@longchangchemical.com\">info@longchangchemical.com<\/a><\/span> \u00c7al\u0131\u015fma saatleri i\u00e7inde (8:30 - 6:00 UTC+8 Pzt.~Sat.) veya h\u0131zl\u0131 yan\u0131t almak i\u00e7in web sitesi canl\u0131 sohbetini kullan\u0131n.<\/b><\/strong><\/h4>","protected":false},"excerpt":{"rendered":"<h2><strong>Polioksietilen 20 Setil Eter H\u0131zl\u0131 Ayr\u0131nt\u0131lar<\/strong><\/h2>\n<p>Kimyasal Ad\u0131: Polioksietilen 20 Setil Eter<br \/>\nCAS No.:9004-95-9<br \/>\nMolek\u00fcler Fom\u00fcl:C56 H114 O21<\/p>\n<p>Kimyasal Yap\u0131:<img decoding=\"async\" title=\"Polioksietilen 20 Setil Eter Yap\u0131s\u0131\" src=\"https:\/\/www.longchangchemical.com\/wp-content\/uploads\/product-details\/20200611216678.png\" alt=\"Polioksietilen 20 Setil Eter Yap\u0131s\u0131\" width=\"180\" height=\"179\" border=\"0\" vspace=\"0\" \/><\/p>\n<p>Molek\u00fcl a\u011f\u0131rl\u0131\u011f\u0131:1123.5<\/p>\n<p>G\u00f6r\u00fcn\u00fc\u015f: S\u00fct beyaz\u0131 kat\u0131<\/p>\n<p>Test \uff1a 99.0%min<\/p>","protected":false},"featured_media":6394,"comment_status":"open","ping_status":"closed","template":"","meta":[],"product_brand":[],"product_cat":[15,147],"product_tag":[],"class_list":{"0":"post-4279","1":"product","2":"type-product","3":"status-publish","4":"has-post-thumbnail","6":"product_cat-food-additives","7":"product_cat-fluorine-surfactant","9":"first","10":"instock","11":"shipping-taxable","12":"product-type-simple"},"yoast_head":"<!-- This site is optimized with the Yoast SEO plugin v25.3.1 - https:\/\/yoast.com\/wordpress\/plugins\/seo\/ -->\n<title>China Polyoxyethylene Cetyl Ether Manufacturer CAS 9004-95-9 -Longchang Chemical<\/title>\n<meta name=\"description\" content=\"polyoxyethylene 20 cetyl ether cas 9004-95-9 is key product of Longchang Chemical. We provide best price. We are the leading manufacturer and supplier in China with the best quanlity and competitive price.\" \/>\n<meta name=\"robots\" content=\"index, follow, max-snippet:-1, max-image-preview:large, max-video-preview:-1\" \/>\n<link rel=\"canonical\" href=\"https:\/\/longchangchemical.com\/tr\/product\/polyoxyethylene-20-cetyl-ether-cas-9004-95-9\/\" \/>\n<meta property=\"og:locale\" content=\"tr_TR\" \/>\n<meta property=\"og:type\" content=\"article\" \/>\n<meta property=\"og:title\" content=\"China Polyoxyethylene Cetyl Ether Manufacturer CAS 9004-95-9 -Longchang Chemical\" \/>\n<meta property=\"og:description\" content=\"polyoxyethylene 20 cetyl ether cas 9004-95-9 is key product of Longchang Chemical. We provide best price. We are the leading manufacturer and supplier in China with the best quanlity and competitive price.\" \/>\n<meta property=\"og:url\" content=\"https:\/\/longchangchemical.com\/tr\/product\/polyoxyethylene-20-cetyl-ether-cas-9004-95-9\/\" \/>\n<meta property=\"og:site_name\" content=\"Longchang Chemical\" \/>\n<meta property=\"article:modified_time\" content=\"2025-12-22T06:07:52+00:00\" \/>\n<meta property=\"og:image\" content=\"https:\/\/longchangchemical.com\/wp-content\/uploads\/2021\/01\/10.jpg\" \/>\n\t<meta property=\"og:image:width\" content=\"800\" \/>\n\t<meta property=\"og:image:height\" content=\"800\" \/>\n\t<meta property=\"og:image:type\" content=\"image\/jpeg\" \/>\n<meta name=\"twitter:card\" content=\"summary_large_image\" \/>\n<script type=\"application\/ld+json\" class=\"yoast-schema-graph\">{\"@context\":\"https:\/\/schema.org\",\"@graph\":[{\"@type\":\"WebPage\",\"@id\":\"https:\/\/longchangchemical.com\/product\/polyoxyethylene-20-cetyl-ether-cas-9004-95-9\/\",\"url\":\"https:\/\/longchangchemical.com\/product\/polyoxyethylene-20-cetyl-ether-cas-9004-95-9\/\",\"name\":\"China Polyoxyethylene Cetyl Ether Manufacturer CAS 9004-95-9 -Longchang Chemical\",\"isPartOf\":{\"@id\":\"https:\/\/longchangchemical.com\/#website\"},\"primaryImageOfPage\":{\"@id\":\"https:\/\/longchangchemical.com\/product\/polyoxyethylene-20-cetyl-ether-cas-9004-95-9\/#primaryimage\"},\"image\":{\"@id\":\"https:\/\/longchangchemical.com\/product\/polyoxyethylene-20-cetyl-ether-cas-9004-95-9\/#primaryimage\"},\"thumbnailUrl\":\"https:\/\/longchangchemical.com\/wp-content\/uploads\/2021\/01\/10.jpg\",\"datePublished\":\"2024-01-10T08:36:09+00:00\",\"dateModified\":\"2025-12-22T06:07:52+00:00\",\"description\":\"polyoxyethylene 20 cetyl ether cas 9004-95-9 is key product of Longchang Chemical. We provide best price. We are the leading manufacturer and supplier in China with the best quanlity and competitive price.\",\"breadcrumb\":{\"@id\":\"https:\/\/longchangchemical.com\/product\/polyoxyethylene-20-cetyl-ether-cas-9004-95-9\/#breadcrumb\"},\"inLanguage\":\"tr\",\"potentialAction\":[{\"@type\":\"ReadAction\",\"target\":[\"https:\/\/longchangchemical.com\/product\/polyoxyethylene-20-cetyl-ether-cas-9004-95-9\/\"]}]},{\"@type\":\"ImageObject\",\"inLanguage\":\"tr\",\"@id\":\"https:\/\/longchangchemical.com\/product\/polyoxyethylene-20-cetyl-ether-cas-9004-95-9\/#primaryimage\",\"url\":\"https:\/\/longchangchemical.com\/wp-content\/uploads\/2021\/01\/10.jpg\",\"contentUrl\":\"https:\/\/longchangchemical.com\/wp-content\/uploads\/2021\/01\/10.jpg\",\"width\":800,\"height\":800,\"caption\":\"polyoxyethylene 20 cetyl ether cas 9004-95-9\"},{\"@type\":\"BreadcrumbList\",\"@id\":\"https:\/\/longchangchemical.com\/product\/polyoxyethylene-20-cetyl-ether-cas-9004-95-9\/#breadcrumb\",\"itemListElement\":[{\"@type\":\"ListItem\",\"position\":1,\"name\":\"Home\",\"item\":\"https:\/\/longchangchemical.com\/\"},{\"@type\":\"ListItem\",\"position\":2,\"name\":\"Products Longchang\",\"item\":\"https:\/\/longchangchemical.com\/product\/\"},{\"@type\":\"ListItem\",\"position\":3,\"name\":\"CHLUMICRYL\u00ae polyoxyethylene 20 cetyl ether cas 9004-95-9\"}]},{\"@type\":\"WebSite\",\"@id\":\"https:\/\/longchangchemical.com\/#website\",\"url\":\"https:\/\/longchangchemical.com\/\",\"name\":\"Longchang Chemical\",\"description\":\"China chemical manufacturer \uff06 supplier\",\"publisher\":{\"@id\":\"https:\/\/longchangchemical.com\/#organization\"},\"potentialAction\":[{\"@type\":\"SearchAction\",\"target\":{\"@type\":\"EntryPoint\",\"urlTemplate\":\"https:\/\/longchangchemical.com\/?s={search_term_string}\"},\"query-input\":{\"@type\":\"PropertyValueSpecification\",\"valueRequired\":true,\"valueName\":\"search_term_string\"}}],\"inLanguage\":\"tr\"},{\"@type\":\"Organization\",\"@id\":\"https:\/\/longchangchemical.com\/#organization\",\"name\":\"Longchang Chemical\",\"url\":\"https:\/\/longchangchemical.com\/\",\"logo\":{\"@type\":\"ImageObject\",\"inLanguage\":\"tr\",\"@id\":\"https:\/\/longchangchemical.com\/#\/schema\/logo\/image\/\",\"url\":\"https:\/\/longchangchemical.com\/wp-content\/uploads\/2020\/08\/cropped-longchang-logo.png\",\"contentUrl\":\"https:\/\/longchangchemical.com\/wp-content\/uploads\/2020\/08\/cropped-longchang-logo.png\",\"width\":512,\"height\":512,\"caption\":\"Longchang Chemical\"},\"image\":{\"@id\":\"https:\/\/longchangchemical.com\/#\/schema\/logo\/image\/\"}}]}<\/script>\n<!-- \/ Yoast SEO plugin. -->","yoast_head_json":{"title":"\u00c7in Polioksietilen Setil Eter \u00dcreticisi CAS 9004-95-9 -Longchang Chemical","description":"polioksietilen 20 setil eter cas 9004-95-9, Longchang Chemical'\u0131n temel \u00fcr\u00fcn\u00fcd\u00fcr. En iyi fiyat\u0131 sa\u011fl\u0131yoruz. Biz en iyi quanlity ve rekabet\u00e7i fiyat ile \u00c7in'de lider \u00fcretici ve tedarik\u00e7i vard\u0131r.","robots":{"index":"index","follow":"follow","max-snippet":"max-snippet:-1","max-image-preview":"max-image-preview:large","max-video-preview":"max-video-preview:-1"},"canonical":"https:\/\/longchangchemical.com\/tr\/product\/polyoxyethylene-20-cetyl-ether-cas-9004-95-9\/","og_locale":"tr_TR","og_type":"article","og_title":"China Polyoxyethylene Cetyl Ether Manufacturer CAS 9004-95-9 -Longchang Chemical","og_description":"polyoxyethylene 20 cetyl ether cas 9004-95-9 is key product of Longchang Chemical. We provide best price. We are the leading manufacturer and supplier in China with the best quanlity and competitive price.","og_url":"https:\/\/longchangchemical.com\/tr\/product\/polyoxyethylene-20-cetyl-ether-cas-9004-95-9\/","og_site_name":"Longchang Chemical","article_modified_time":"2025-12-22T06:07:52+00:00","og_image":[{"width":800,"height":800,"url":"https:\/\/longchangchemical.com\/wp-content\/uploads\/2021\/01\/10.jpg","type":"image\/jpeg"}],"twitter_card":"summary_large_image","schema":{"@context":"https:\/\/schema.org","@graph":[{"@type":"WebPage","@id":"https:\/\/longchangchemical.com\/product\/polyoxyethylene-20-cetyl-ether-cas-9004-95-9\/","url":"https:\/\/longchangchemical.com\/product\/polyoxyethylene-20-cetyl-ether-cas-9004-95-9\/","name":"\u00c7in Polioksietilen Setil Eter \u00dcreticisi CAS 9004-95-9 -Longchang Chemical","isPartOf":{"@id":"https:\/\/longchangchemical.com\/#website"},"primaryImageOfPage":{"@id":"https:\/\/longchangchemical.com\/product\/polyoxyethylene-20-cetyl-ether-cas-9004-95-9\/#primaryimage"},"image":{"@id":"https:\/\/longchangchemical.com\/product\/polyoxyethylene-20-cetyl-ether-cas-9004-95-9\/#primaryimage"},"thumbnailUrl":"https:\/\/longchangchemical.com\/wp-content\/uploads\/2021\/01\/10.jpg","datePublished":"2024-01-10T08:36:09+00:00","dateModified":"2025-12-22T06:07:52+00:00","description":"polioksietilen 20 setil eter cas 9004-95-9, Longchang Chemical'\u0131n temel \u00fcr\u00fcn\u00fcd\u00fcr. En iyi fiyat\u0131 sa\u011fl\u0131yoruz. Biz en iyi quanlity ve rekabet\u00e7i fiyat ile \u00c7in'de lider \u00fcretici ve tedarik\u00e7i vard\u0131r.","breadcrumb":{"@id":"https:\/\/longchangchemical.com\/product\/polyoxyethylene-20-cetyl-ether-cas-9004-95-9\/#breadcrumb"},"inLanguage":"tr","potentialAction":[{"@type":"ReadAction","target":["https:\/\/longchangchemical.com\/product\/polyoxyethylene-20-cetyl-ether-cas-9004-95-9\/"]}]},{"@type":"ImageObject","inLanguage":"tr","@id":"https:\/\/longchangchemical.com\/product\/polyoxyethylene-20-cetyl-ether-cas-9004-95-9\/#primaryimage","url":"https:\/\/longchangchemical.com\/wp-content\/uploads\/2021\/01\/10.jpg","contentUrl":"https:\/\/longchangchemical.com\/wp-content\/uploads\/2021\/01\/10.jpg","width":800,"height":800,"caption":"polyoxyethylene 20 cetyl ether cas 9004-95-9"},{"@type":"BreadcrumbList","@id":"https:\/\/longchangchemical.com\/product\/polyoxyethylene-20-cetyl-ether-cas-9004-95-9\/#breadcrumb","itemListElement":[{"@type":"ListItem","position":1,"name":"Home","item":"https:\/\/longchangchemical.com\/"},{"@type":"ListItem","position":2,"name":"Products Longchang","item":"https:\/\/longchangchemical.com\/product\/"},{"@type":"ListItem","position":3,"name":"CHLUMICRYL\u00ae polyoxyethylene 20 cetyl ether cas 9004-95-9"}]},{"@type":"WebSite","@id":"https:\/\/longchangchemical.com\/#website","url":"https:\/\/longchangchemical.com\/","name":"Longchang Kimya","description":"\u00c7in kimyasal \u00fcreticisi \uff06 tedarik\u00e7isi","publisher":{"@id":"https:\/\/longchangchemical.com\/#organization"},"potentialAction":[{"@type":"SearchAction","target":{"@type":"EntryPoint","urlTemplate":"https:\/\/longchangchemical.com\/?s={search_term_string}"},"query-input":{"@type":"PropertyValueSpecification","valueRequired":true,"valueName":"search_term_string"}}],"inLanguage":"tr"},{"@type":"Organization","@id":"https:\/\/longchangchemical.com\/#organization","name":"Longchang Kimya","url":"https:\/\/longchangchemical.com\/","logo":{"@type":"ImageObject","inLanguage":"tr","@id":"https:\/\/longchangchemical.com\/#\/schema\/logo\/image\/","url":"https:\/\/longchangchemical.com\/wp-content\/uploads\/2020\/08\/cropped-longchang-logo.png","contentUrl":"https:\/\/longchangchemical.com\/wp-content\/uploads\/2020\/08\/cropped-longchang-logo.png","width":512,"height":512,"caption":"Longchang Chemical"},"image":{"@id":"https:\/\/longchangchemical.com\/#\/schema\/logo\/image\/"}}]}},"_links":{"self":[{"href":"https:\/\/longchangchemical.com\/tr\/wp-json\/wp\/v2\/product\/4279","targetHints":{"allow":["GET"]}}],"collection":[{"href":"https:\/\/longchangchemical.com\/tr\/wp-json\/wp\/v2\/product"}],"about":[{"href":"https:\/\/longchangchemical.com\/tr\/wp-json\/wp\/v2\/types\/product"}],"replies":[{"embeddable":true,"href":"https:\/\/longchangchemical.com\/tr\/wp-json\/wp\/v2\/comments?post=4279"}],"wp:featuredmedia":[{"embeddable":true,"href":"https:\/\/longchangchemical.com\/tr\/wp-json\/wp\/v2\/media\/6394"}],"wp:attachment":[{"href":"https:\/\/longchangchemical.com\/tr\/wp-json\/wp\/v2\/media?parent=4279"}],"wp:term":[{"taxonomy":"product_brand","embeddable":true,"href":"https:\/\/longchangchemical.com\/tr\/wp-json\/wp\/v2\/product_brand?post=4279"},{"taxonomy":"product_cat","embeddable":true,"href":"https:\/\/longchangchemical.com\/tr\/wp-json\/wp\/v2\/product_cat?post=4279"},{"taxonomy":"product_tag","embeddable":true,"href":"https:\/\/longchangchemical.com\/tr\/wp-json\/wp\/v2\/product_tag?post=4279"}],"curies":[{"name":"wp","href":"https:\/\/api.w.org\/{rel}","templated":true}]}}