{"id":4278,"date":"2024-01-10T08:40:05","date_gmt":"2024-01-10T08:40:05","guid":{"rendered":"https:\/\/longchangchemical.com\/?post_type=product&#038;p=4278"},"modified":"2025-12-22T06:04:02","modified_gmt":"2025-12-22T06:04:02","slug":"starch-cas-9005-25-8","status":"publish","type":"product","link":"https:\/\/longchangchemical.com\/tr\/product\/starch-cas-9005-25-8\/","title":{"rendered":"ni\u015fasta cas 9005-25-8"},"content":{"rendered":"<h2><strong>Ni\u015fasta Tipik \u00d6zellikleri<\/strong><\/h2>\n<table class=\"table-1\">\n<tbody>\n<tr>\n<td>Test \u00f6\u011feleri<\/td>\n<td>Teknik \u00d6zellikler<\/td>\n<\/tr>\n<tr>\n<td>G\u00f6r\u00fcn\u00fc\u015f<\/td>\n<td>Beyaz toz, yabanc\u0131 madde ile kontaminasyona dair g\u00f6r\u00fcn\u00fcr bir kan\u0131t yok<\/td>\n<\/tr>\n<tr>\n<td>Tan\u0131mlama<\/td>\n<td>Uygun<\/td>\n<\/tr>\n<tr>\n<td>pH<\/td>\n<td>4.5 ~ 7.0<\/td>\n<\/tr>\n<tr>\n<td>Kurutma kayb\u0131 %<\/td>\n<td>\u226414.0<\/td>\n<\/tr>\n<tr>\n<td>Ate\u015fleme \u00fczerinde kal\u0131nt\u0131 %<\/td>\n<td>\u22640.5<\/td>\n<\/tr>\n<tr>\n<td>Demir %<\/td>\n<td>\u22640.002<\/td>\n<\/tr>\n<tr>\n<td>S\u00fclf\u00fcr dioksit %<\/td>\n<td>\u22640.008<\/td>\n<\/tr>\n<tr>\n<td>Oksitleyici maddeler<\/td>\n<td>Uygun<\/td>\n<\/tr>\n<tr>\n<td>Toplam Mikrobiyal Say\u0131m<\/td>\n<td>\u22641000cfu\/gram<\/td>\n<\/tr>\n<tr>\n<td>Toplam k\u00fcf ve maya<\/td>\n<td>\u2264100cfu\/gram<\/td>\n<\/tr>\n<tr>\n<td>Escherichia Coli<\/td>\n<td>Negatif<\/td>\n<\/tr>\n<\/tbody>\n<\/table>\n<h2><strong>Ni\u015fasta Kullan\u0131m\u0131<\/strong><\/h2>\n<p>Yeni farmas\u00f6tik yard\u0131mc\u0131 maddeler k\u0131vam artt\u0131r\u0131c\u0131, stabilizat\u00f6r, dolgu maddesi, \u015fekersiz farmas\u00f6tik yard\u0131mc\u0131 maddeler vb. olarak kullan\u0131l\u0131r, dekstrin, maltoz ve glikozun ana hammaddeleridir ve iyot analizi i\u00e7in indikat\u00f6r olarak kullan\u0131l\u0131r.<\/p>\n<p>G\u0131da end\u00fcstrisinde, \u00f6nceden jelatinle\u015ftirilmi\u015f ni\u015fasta \u00fcretim s\u00fcrecinde \u00fcr\u00fcne eklenir. Bir \u00fcr\u00fcn\u00fcn raf \u00f6mr\u00fcn\u00fc uzatmaya yard\u0131mc\u0131 olmak i\u00e7in g\u0131da stabilizat\u00f6r\u00fc ve suland\u0131r\u0131ld\u0131ktan sonra \u00fcr\u00fcne kremsi bir k\u0131vam vermek i\u00e7in koyula\u015ft\u0131r\u0131c\u0131 g\u00f6revi g\u00f6r\u00fcr. G\u0131dalarda yayg\u0131n olarak kullan\u0131lan \u00f6nceden jelatinle\u015ftirilmi\u015f ni\u015fastalar m\u0131s\u0131r ni\u015fastas\u0131, ararot ve bu\u011fday unudur. G\u0131dan\u0131n nihai tad\u0131n\u0131 etkilemezler.<\/p>\n<p>Prejelatinize ni\u015fasta, yutma g\u00fc\u00e7l\u00fc\u011f\u00fc nedeniyle \u00f6zel diyet uygulayan hastalar i\u00e7in g\u0131dalar\u0131 do\u011frudan koyula\u015ft\u0131rmak amac\u0131yla da kullan\u0131labilir. Ni\u015fastalar bir\u00e7ok g\u0131day\u0131 yutma g\u00fc\u00e7l\u00fc\u011f\u00fc \u00e7ekenlere yard\u0131mc\u0131 olacak k\u0131vama getirebilir.<\/p>\n<ol>\n<li><strong>G\u0131da End\u00fcstrisi:<\/strong> CAS numaras\u0131 9005-25-8 olan ni\u015fasta, g\u0131da end\u00fcstrisinde temel bir bile\u015fendir. \u00c7orbalar, soslar ve unlu mamuller de dahil olmak \u00fczere \u00e7e\u015fitli g\u0131da \u00fcr\u00fcnlerinde k\u0131vam artt\u0131r\u0131c\u0131, stabilizat\u00f6r ve doku de\u011fi\u015ftirici olarak kullan\u0131l\u0131r.<\/li>\n<li><strong>Tekstil End\u00fcstrisi:<\/strong> Bu bile\u015fik tekstil end\u00fcstrisinde kullan\u0131lmaktad\u0131r. Ni\u015fasta, tekstil terbiye i\u015fleminde ha\u015f\u0131l maddesi olarak kullan\u0131l\u0131r ve kuma\u015flara sertlik ve p\u00fcr\u00fczs\u00fczl\u00fck sa\u011flar.<\/li>\n<li><strong>Ka\u011f\u0131t End\u00fcstrisi:<\/strong> Ni\u015fasta ka\u011f\u0131t end\u00fcstrisinde kullan\u0131labilir. Ka\u011f\u0131t kaplama ve boyutland\u0131rma ajan\u0131 olarak kullan\u0131l\u0131r, daha iyi bas\u0131labilirlik ve ka\u011f\u0131t mukavemetine katk\u0131da bulunur.<\/li>\n<li><strong>\u0130la\u00e7lar:<\/strong> \u0130la\u00e7 end\u00fcstrisinde, Ni\u015fasta belirli form\u00fclasyonlarda kullan\u0131l\u0131r. Farmas\u00f6tik tablet ve kaps\u00fcllerin \u00fcretiminde ba\u011flay\u0131c\u0131, par\u00e7alay\u0131c\u0131 veya dolgu maddesi olarak kullan\u0131labilir.<\/li>\n<\/ol>\n<h2><strong>Ni\u015fasta Paketi<\/strong><\/h2>\n<p>25kg\/davul<\/p>\n<h2><strong><b>\u015eimdi Bize Ula\u015f\u0131n!<\/b><\/strong><\/h2>\n<h4><strong><b>COA, MSDS veya TDS'ye ihtiyac\u0131n\u0131z varsa, l\u00fctfen a\u015fa\u011f\u0131daki forma ileti\u015fim bilgilerinizi girin, genellikle 24 saat i\u00e7inde sizinle ileti\u015fime ge\u00e7ece\u011fiz. Bana e-posta da g\u00f6nderebilirsiniz <span style=\"color: #0000ff;\"><a style=\"color: #0000ff;\" href=\"mailto:info@longchangchemical.com\">info@longchangchemical.com<\/a><\/span> \u00c7al\u0131\u015fma saatleri i\u00e7inde (8:30 - 6:00 UTC+8 Pzt.~Sat.) veya h\u0131zl\u0131 yan\u0131t almak i\u00e7in web sitesi canl\u0131 sohbetini kullan\u0131n.<\/b><\/strong><\/h4>","protected":false},"excerpt":{"rendered":"<h2><strong>Ni\u015fasta H\u0131zl\u0131 Ayr\u0131nt\u0131lar<\/strong><\/h2>\n<p>Kimyasal Ad\u0131:Ni\u015fasta<\/p>\n<p>CAS: 9005-25-8<\/p>\n<p>Molek\u00fcler Fom\u00fcl:(C6 H10 O5)n<\/p>\n<p>G\u00f6r\u00fcn\u00fcm:Beyaz g\u00fc\u00e7<\/p>\n<p>Test:99%<\/p>","protected":false},"featured_media":6396,"comment_status":"open","ping_status":"closed","template":"","meta":[],"product_brand":[],"product_cat":[15],"product_tag":[],"class_list":{"0":"post-4278","1":"product","2":"type-product","3":"status-publish","4":"has-post-thumbnail","6":"product_cat-food-additives","8":"first","9":"instock","10":"shipping-taxable","11":"product-type-simple"},"yoast_head":"<!-- This site is optimized with the Yoast SEO plugin v25.3.1 - https:\/\/yoast.com\/wordpress\/plugins\/seo\/ -->\n<title>China Starch Manufacturer CAS 9005-25-8 -Longchang Chemical<\/title>\n<meta name=\"description\" content=\"starch cas 9005-25-8 is key product of Longchang Chemical. We provide best price. We are the leading manufacturer and supplier in China with the best quanlity and competitive price.\" \/>\n<meta name=\"robots\" content=\"index, follow, max-snippet:-1, max-image-preview:large, max-video-preview:-1\" \/>\n<link rel=\"canonical\" href=\"https:\/\/longchangchemical.com\/tr\/product\/starch-cas-9005-25-8\/\" \/>\n<meta property=\"og:locale\" content=\"tr_TR\" \/>\n<meta property=\"og:type\" content=\"article\" \/>\n<meta property=\"og:title\" content=\"China Starch Manufacturer CAS 9005-25-8 -Longchang Chemical\" \/>\n<meta property=\"og:description\" content=\"starch cas 9005-25-8 is key product of Longchang Chemical. We provide best price. We are the leading manufacturer and supplier in China with the best quanlity and competitive price.\" \/>\n<meta property=\"og:url\" content=\"https:\/\/longchangchemical.com\/tr\/product\/starch-cas-9005-25-8\/\" \/>\n<meta property=\"og:site_name\" content=\"Longchang Chemical\" \/>\n<meta property=\"article:modified_time\" content=\"2025-12-22T06:04:02+00:00\" \/>\n<meta property=\"og:image\" content=\"https:\/\/longchangchemical.com\/wp-content\/uploads\/2024\/01\/4.jpg\" \/>\n\t<meta property=\"og:image:width\" content=\"800\" \/>\n\t<meta property=\"og:image:height\" content=\"800\" \/>\n\t<meta property=\"og:image:type\" content=\"image\/jpeg\" \/>\n<meta name=\"twitter:card\" content=\"summary_large_image\" \/>\n<script type=\"application\/ld+json\" class=\"yoast-schema-graph\">{\"@context\":\"https:\/\/schema.org\",\"@graph\":[{\"@type\":\"WebPage\",\"@id\":\"https:\/\/longchangchemical.com\/product\/starch-cas-9005-25-8\/\",\"url\":\"https:\/\/longchangchemical.com\/product\/starch-cas-9005-25-8\/\",\"name\":\"China Starch Manufacturer CAS 9005-25-8 -Longchang Chemical\",\"isPartOf\":{\"@id\":\"https:\/\/longchangchemical.com\/#website\"},\"primaryImageOfPage\":{\"@id\":\"https:\/\/longchangchemical.com\/product\/starch-cas-9005-25-8\/#primaryimage\"},\"image\":{\"@id\":\"https:\/\/longchangchemical.com\/product\/starch-cas-9005-25-8\/#primaryimage\"},\"thumbnailUrl\":\"https:\/\/longchangchemical.com\/wp-content\/uploads\/2024\/01\/4.jpg\",\"datePublished\":\"2024-01-10T08:40:05+00:00\",\"dateModified\":\"2025-12-22T06:04:02+00:00\",\"description\":\"starch cas 9005-25-8 is key product of Longchang Chemical. We provide best price. We are the leading manufacturer and supplier in China with the best quanlity and competitive price.\",\"breadcrumb\":{\"@id\":\"https:\/\/longchangchemical.com\/product\/starch-cas-9005-25-8\/#breadcrumb\"},\"inLanguage\":\"tr\",\"potentialAction\":[{\"@type\":\"ReadAction\",\"target\":[\"https:\/\/longchangchemical.com\/product\/starch-cas-9005-25-8\/\"]}]},{\"@type\":\"ImageObject\",\"inLanguage\":\"tr\",\"@id\":\"https:\/\/longchangchemical.com\/product\/starch-cas-9005-25-8\/#primaryimage\",\"url\":\"https:\/\/longchangchemical.com\/wp-content\/uploads\/2024\/01\/4.jpg\",\"contentUrl\":\"https:\/\/longchangchemical.com\/wp-content\/uploads\/2024\/01\/4.jpg\",\"width\":800,\"height\":800,\"caption\":\"starch cas 9005-25-8\"},{\"@type\":\"BreadcrumbList\",\"@id\":\"https:\/\/longchangchemical.com\/product\/starch-cas-9005-25-8\/#breadcrumb\",\"itemListElement\":[{\"@type\":\"ListItem\",\"position\":1,\"name\":\"Home\",\"item\":\"https:\/\/longchangchemical.com\/\"},{\"@type\":\"ListItem\",\"position\":2,\"name\":\"Products Longchang\",\"item\":\"https:\/\/longchangchemical.com\/product\/\"},{\"@type\":\"ListItem\",\"position\":3,\"name\":\"starch cas 9005-25-8\"}]},{\"@type\":\"WebSite\",\"@id\":\"https:\/\/longchangchemical.com\/#website\",\"url\":\"https:\/\/longchangchemical.com\/\",\"name\":\"Longchang Chemical\",\"description\":\"China chemical manufacturer \uff06 supplier\",\"publisher\":{\"@id\":\"https:\/\/longchangchemical.com\/#organization\"},\"potentialAction\":[{\"@type\":\"SearchAction\",\"target\":{\"@type\":\"EntryPoint\",\"urlTemplate\":\"https:\/\/longchangchemical.com\/?s={search_term_string}\"},\"query-input\":{\"@type\":\"PropertyValueSpecification\",\"valueRequired\":true,\"valueName\":\"search_term_string\"}}],\"inLanguage\":\"tr\"},{\"@type\":\"Organization\",\"@id\":\"https:\/\/longchangchemical.com\/#organization\",\"name\":\"Longchang Chemical\",\"url\":\"https:\/\/longchangchemical.com\/\",\"logo\":{\"@type\":\"ImageObject\",\"inLanguage\":\"tr\",\"@id\":\"https:\/\/longchangchemical.com\/#\/schema\/logo\/image\/\",\"url\":\"https:\/\/longchangchemical.com\/wp-content\/uploads\/2020\/08\/cropped-longchang-logo.png\",\"contentUrl\":\"https:\/\/longchangchemical.com\/wp-content\/uploads\/2020\/08\/cropped-longchang-logo.png\",\"width\":512,\"height\":512,\"caption\":\"Longchang Chemical\"},\"image\":{\"@id\":\"https:\/\/longchangchemical.com\/#\/schema\/logo\/image\/\"}}]}<\/script>\n<!-- \/ Yoast SEO plugin. -->","yoast_head_json":{"title":"\u00c7in Ni\u015fasta \u00dcreticisi CAS 9005-25-8 -Longchang Chemical","description":"ni\u015fasta cas 9005-25-8 Longchang Chemical'\u0131n temel \u00fcr\u00fcn\u00fcd\u00fcr. En iyi fiyat\u0131 sa\u011fl\u0131yoruz. Biz en iyi quanlity ve rekabet\u00e7i fiyat ile \u00c7in'de lider \u00fcreticisi ve tedarik\u00e7isi vard\u0131r.","robots":{"index":"index","follow":"follow","max-snippet":"max-snippet:-1","max-image-preview":"max-image-preview:large","max-video-preview":"max-video-preview:-1"},"canonical":"https:\/\/longchangchemical.com\/tr\/product\/starch-cas-9005-25-8\/","og_locale":"tr_TR","og_type":"article","og_title":"China Starch Manufacturer CAS 9005-25-8 -Longchang Chemical","og_description":"starch cas 9005-25-8 is key product of Longchang Chemical. We provide best price. We are the leading manufacturer and supplier in China with the best quanlity and competitive price.","og_url":"https:\/\/longchangchemical.com\/tr\/product\/starch-cas-9005-25-8\/","og_site_name":"Longchang Chemical","article_modified_time":"2025-12-22T06:04:02+00:00","og_image":[{"width":800,"height":800,"url":"https:\/\/longchangchemical.com\/wp-content\/uploads\/2024\/01\/4.jpg","type":"image\/jpeg"}],"twitter_card":"summary_large_image","schema":{"@context":"https:\/\/schema.org","@graph":[{"@type":"WebPage","@id":"https:\/\/longchangchemical.com\/product\/starch-cas-9005-25-8\/","url":"https:\/\/longchangchemical.com\/product\/starch-cas-9005-25-8\/","name":"\u00c7in Ni\u015fasta \u00dcreticisi CAS 9005-25-8 -Longchang Chemical","isPartOf":{"@id":"https:\/\/longchangchemical.com\/#website"},"primaryImageOfPage":{"@id":"https:\/\/longchangchemical.com\/product\/starch-cas-9005-25-8\/#primaryimage"},"image":{"@id":"https:\/\/longchangchemical.com\/product\/starch-cas-9005-25-8\/#primaryimage"},"thumbnailUrl":"https:\/\/longchangchemical.com\/wp-content\/uploads\/2024\/01\/4.jpg","datePublished":"2024-01-10T08:40:05+00:00","dateModified":"2025-12-22T06:04:02+00:00","description":"ni\u015fasta cas 9005-25-8 Longchang Chemical'\u0131n temel \u00fcr\u00fcn\u00fcd\u00fcr. En iyi fiyat\u0131 sa\u011fl\u0131yoruz. Biz en iyi quanlity ve rekabet\u00e7i fiyat ile \u00c7in'de lider \u00fcreticisi ve tedarik\u00e7isi vard\u0131r.","breadcrumb":{"@id":"https:\/\/longchangchemical.com\/product\/starch-cas-9005-25-8\/#breadcrumb"},"inLanguage":"tr","potentialAction":[{"@type":"ReadAction","target":["https:\/\/longchangchemical.com\/product\/starch-cas-9005-25-8\/"]}]},{"@type":"ImageObject","inLanguage":"tr","@id":"https:\/\/longchangchemical.com\/product\/starch-cas-9005-25-8\/#primaryimage","url":"https:\/\/longchangchemical.com\/wp-content\/uploads\/2024\/01\/4.jpg","contentUrl":"https:\/\/longchangchemical.com\/wp-content\/uploads\/2024\/01\/4.jpg","width":800,"height":800,"caption":"starch cas 9005-25-8"},{"@type":"BreadcrumbList","@id":"https:\/\/longchangchemical.com\/product\/starch-cas-9005-25-8\/#breadcrumb","itemListElement":[{"@type":"ListItem","position":1,"name":"Home","item":"https:\/\/longchangchemical.com\/"},{"@type":"ListItem","position":2,"name":"Products Longchang","item":"https:\/\/longchangchemical.com\/product\/"},{"@type":"ListItem","position":3,"name":"starch cas 9005-25-8"}]},{"@type":"WebSite","@id":"https:\/\/longchangchemical.com\/#website","url":"https:\/\/longchangchemical.com\/","name":"Longchang Kimya","description":"\u00c7in kimyasal \u00fcreticisi \uff06 tedarik\u00e7isi","publisher":{"@id":"https:\/\/longchangchemical.com\/#organization"},"potentialAction":[{"@type":"SearchAction","target":{"@type":"EntryPoint","urlTemplate":"https:\/\/longchangchemical.com\/?s={search_term_string}"},"query-input":{"@type":"PropertyValueSpecification","valueRequired":true,"valueName":"search_term_string"}}],"inLanguage":"tr"},{"@type":"Organization","@id":"https:\/\/longchangchemical.com\/#organization","name":"Longchang Kimya","url":"https:\/\/longchangchemical.com\/","logo":{"@type":"ImageObject","inLanguage":"tr","@id":"https:\/\/longchangchemical.com\/#\/schema\/logo\/image\/","url":"https:\/\/longchangchemical.com\/wp-content\/uploads\/2020\/08\/cropped-longchang-logo.png","contentUrl":"https:\/\/longchangchemical.com\/wp-content\/uploads\/2020\/08\/cropped-longchang-logo.png","width":512,"height":512,"caption":"Longchang Chemical"},"image":{"@id":"https:\/\/longchangchemical.com\/#\/schema\/logo\/image\/"}}]}},"_links":{"self":[{"href":"https:\/\/longchangchemical.com\/tr\/wp-json\/wp\/v2\/product\/4278","targetHints":{"allow":["GET"]}}],"collection":[{"href":"https:\/\/longchangchemical.com\/tr\/wp-json\/wp\/v2\/product"}],"about":[{"href":"https:\/\/longchangchemical.com\/tr\/wp-json\/wp\/v2\/types\/product"}],"replies":[{"embeddable":true,"href":"https:\/\/longchangchemical.com\/tr\/wp-json\/wp\/v2\/comments?post=4278"}],"wp:featuredmedia":[{"embeddable":true,"href":"https:\/\/longchangchemical.com\/tr\/wp-json\/wp\/v2\/media\/6396"}],"wp:attachment":[{"href":"https:\/\/longchangchemical.com\/tr\/wp-json\/wp\/v2\/media?parent=4278"}],"wp:term":[{"taxonomy":"product_brand","embeddable":true,"href":"https:\/\/longchangchemical.com\/tr\/wp-json\/wp\/v2\/product_brand?post=4278"},{"taxonomy":"product_cat","embeddable":true,"href":"https:\/\/longchangchemical.com\/tr\/wp-json\/wp\/v2\/product_cat?post=4278"},{"taxonomy":"product_tag","embeddable":true,"href":"https:\/\/longchangchemical.com\/tr\/wp-json\/wp\/v2\/product_tag?post=4278"}],"curies":[{"name":"wp","href":"https:\/\/api.w.org\/{rel}","templated":true}]}}