{"id":4276,"date":"2024-01-10T08:50:11","date_gmt":"2024-01-10T08:50:11","guid":{"rendered":"https:\/\/longchangchemical.com\/?post_type=product&#038;p=4276"},"modified":"2025-12-22T05:54:32","modified_gmt":"2025-12-22T05:54:32","slug":"tween-85-cas-9005-70-3","status":"publish","type":"product","link":"https:\/\/longchangchemical.com\/tr\/product\/tween-85-cas-9005-70-3\/","title":{"rendered":"tween 85 cas 9005-70-3"},"content":{"rendered":"<h2><strong>Tween 85 Tipik \u00d6zellikleri<\/strong><\/h2>\n<table class=\"table-1\" cellspacing=\"0\">\n<tbody>\n<tr>\n<td>G\u00f6r\u00fcn\u00fc\u015f<\/td>\n<td>Sar\u0131 ila amber ya\u011fl\u0131 s\u0131v\u0131<\/td>\n<\/tr>\n<tr>\n<td>Asit De\u011feri (KOH mg\/g)<\/td>\n<td>\u22642.0<\/td>\n<\/tr>\n<tr>\n<td>Sabunla\u015fma De\u011feri (KOH mg\/g)<\/td>\n<td>83-98<\/td>\n<\/tr>\n<tr>\n<td>Hidroksil De\u011feri (KOH mg\/g)<\/td>\n<td>40-60<\/td>\n<\/tr>\n<tr>\n<td>Su (%)<\/td>\n<td>\u22643.0%<\/td>\n<\/tr>\n<\/tbody>\n<\/table>\n<h2><strong>Tween 85 Kullan\u0131m\u0131<\/strong><\/h2>\n<ol>\n<li><strong>Em\u00fclsifiye Edici Ajan:<\/strong> CAS numaras\u0131 9005-70-3 olan Tween 85, genellikle em\u00fclsifiye edici bir ajan olarak kullan\u0131l\u0131r. Tween serisi y\u00fczey aktif maddelerin bir par\u00e7as\u0131d\u0131r ve \u00f6zellikle su i\u00e7inde kararl\u0131 ya\u011f em\u00fclsiyonlar\u0131 olu\u015fturmada etkilidir.<\/li>\n<li><strong>Farmas\u00f6tik Form\u00fclasyonlar:<\/strong> Bu bile\u015fik farmas\u00f6tik form\u00fclasyonlarda kullan\u0131l\u0131r. Tween 85, \u00f6zellikle suda az \u00e7\u00f6z\u00fcnen ila\u00e7larda \u00e7\u00f6z\u00fcn\u00fcrl\u00fc\u011f\u00fc ve biyoyararlan\u0131m\u0131 art\u0131rmak i\u00e7in belirli ila\u00e7 form\u00fclasyonlar\u0131na dahil edilebilir.<\/li>\n<li><strong>Yiyecek ve \u0130\u00e7ecek Sekt\u00f6r\u00fc:<\/strong> Tween 85 g\u0131da ve i\u00e7ecek end\u00fcstrisinde kullan\u0131labilir. F\u0131r\u0131nlanm\u0131\u015f \u00fcr\u00fcnler ve em\u00fclsifiye i\u00e7ecekler gibi \u00fcr\u00fcnlerin dokusunu ve stabilitesini geli\u015ftirmek i\u00e7in belirli form\u00fclasyonlarda kullan\u0131l\u0131r.<\/li>\n<li><strong>Kozmetik \u00dcr\u00fcnler:<\/strong> Kozmetik end\u00fcstrisinde, Tween 85 belirli form\u00fclasyonlarda kullan\u0131l\u0131r. Cilt bak\u0131m\u0131 ve ki\u015fisel bak\u0131m \u00fcr\u00fcnlerinde bile\u015fenlerin em\u00fclsifikasyonuna yard\u0131mc\u0131 olmak ve \u00fcr\u00fcn stabilitesini art\u0131rmak i\u00e7in bulunabilir.<\/li>\n<\/ol>\n<h2><strong>Tween 85 Paketleme ve Nakliye<\/strong><\/h2>\n<p>Ambalaj: 25kg\/varil, 50 kg\/varil, 200kg\/varil<\/p>\n<h2><strong>Tween 85 Depolama<\/strong><\/h2>\n<p>Asitlerden, oksidanlardan ve g\u0131dalardan uzakta havaland\u0131r\u0131lm\u0131\u015f bir yerde saklan\u0131r<\/p>\n<h2><strong>\u00fcr\u00fcn yelpazesi aras\u0131nda<\/strong><\/h2>\n<table style=\"border-collapse: collapse; width: 270.02pt;\" border=\"0\" width=\"360\" cellspacing=\"0\" cellpadding=\"0\">\n<tbody>\n<tr style=\"height: 27.00pt;\">\n<td class=\"et2\" style=\"height: 27.00pt; width: 54.00pt;\" width=\"72\" height=\"36\">\u015eartname<\/td>\n<td class=\"et2\" style=\"width: 54.00pt;\" width=\"72\">Tween-20<\/td>\n<td class=\"et2\" style=\"width: 54.00pt;\" width=\"72\">Tween-40<\/td>\n<td class=\"et2\" style=\"width: 54.00pt;\" width=\"72\">Tween-60<\/td>\n<td class=\"et2\" style=\"width: 54.00pt;\" width=\"72\">Tween-80<\/td>\n<\/tr>\n<tr style=\"height: 13.50pt;\">\n<td class=\"et2\" style=\"height: 13.50pt; width: 54.00pt;\" width=\"72\" height=\"18\">CAS<\/td>\n<td class=\"et2\" style=\"width: 54.00pt;\" width=\"72\">9005-64-5<\/td>\n<td class=\"et2\" style=\"width: 54.00pt;\" width=\"72\">9005-66-7<\/td>\n<td class=\"et2\" style=\"width: 54.00pt;\" width=\"72\">9005-67-8<\/td>\n<td class=\"et2\" style=\"width: 54.00pt;\" width=\"72\">9005-65-6<\/td>\n<\/tr>\n<tr style=\"height: 54.00pt;\">\n<td class=\"et2\" style=\"height: 54.00pt; width: 54.00pt;\" width=\"72\" height=\"72\">G\u00f6r\u00fcn\u00fcm (25 \u2103)<\/td>\n<td class=\"et3\" style=\"width: 54.00pt;\" width=\"72\">Kehribar renkli viskoz s\u0131v\u0131<\/td>\n<td class=\"et3\" style=\"width: 54.00pt;\" width=\"72\">Hafif sar\u0131 mumsu kat\u0131<\/td>\n<td class=\"et3\" style=\"width: 54.00pt;\" width=\"72\">Hafif sar\u0131 mumsu kat\u0131<\/td>\n<td class=\"et3\" style=\"width: 54.00pt;\" width=\"72\">Kehribar viskoz ya\u011f<\/td>\n<\/tr>\n<tr style=\"height: 40.50pt;\">\n<td class=\"et2\" style=\"height: 40.50pt; width: 54.00pt;\" width=\"72\" height=\"54\">Hidroksil de\u011feri (mgKOH\/g)<\/td>\n<td class=\"et2\" style=\"width: 54.00pt;\" width=\"72\"><span class=\"font1\">90\uff5e110<\/span><\/td>\n<td class=\"et2\" style=\"width: 54.00pt;\" width=\"72\"><span class=\"font1\">85\uff5e100<\/span><\/td>\n<td class=\"et2\" style=\"width: 54.00pt;\" width=\"72\"><span class=\"font1\">80\uff5e105<\/span><\/td>\n<td class=\"et2\" style=\"width: 54.00pt;\" width=\"72\"><span class=\"font1\">65\uff5e82<\/span><\/td>\n<\/tr>\n<tr style=\"height: 54.00pt;\">\n<td class=\"et2\" style=\"height: 54.00pt; width: 54.00pt;\" width=\"72\" height=\"72\">Sabunla\u015fma de\u011feri (mgKOH\/g)<\/td>\n<td class=\"et2\" style=\"width: 54.00pt;\" width=\"72\"><span class=\"font1\">40\uff5e50<\/span><\/td>\n<td class=\"et2\" style=\"width: 54.00pt;\" width=\"72\"><span class=\"font1\">40\uff5e55<\/span><\/td>\n<td class=\"et2\" style=\"width: 54.00pt;\" width=\"72\"><span class=\"font1\">40\uff5e55<\/span><\/td>\n<td class=\"et2\" style=\"width: 54.00pt;\" width=\"72\"><span class=\"font1\">43\uff5e55<\/span><\/td>\n<\/tr>\n<tr style=\"height: 40.50pt;\">\n<td class=\"et2\" style=\"height: 40.50pt; width: 54.00pt;\" width=\"72\" height=\"54\">Asit de\u011feri (mgKOH\/g)<\/td>\n<td class=\"et2\" style=\"width: 54.00pt;\" width=\"72\"><span class=\"font1\">\u22642.0<\/span><\/td>\n<td class=\"et2\" style=\"width: 54.00pt;\" width=\"72\"><span class=\"font1\">\u22642.0<\/span><\/td>\n<td class=\"et2\" style=\"width: 54.00pt;\" width=\"72\"><span class=\"font1\">\u22642.0<\/span><\/td>\n<td class=\"et2\" style=\"width: 54.00pt;\" width=\"72\"><span class=\"font1\">\u22642.0<\/span><\/td>\n<\/tr>\n<tr style=\"height: 27.00pt;\">\n<td class=\"et2\" style=\"height: 27.00pt; width: 54.00pt;\" width=\"72\" height=\"36\">Nem (%)<\/td>\n<td class=\"et2\" style=\"width: 54.00pt;\" width=\"72\"><span class=\"font1\">\u22643<\/span><\/td>\n<td class=\"et2\" style=\"width: 54.00pt;\" width=\"72\"><span class=\"font1\">\u22643<\/span><\/td>\n<td class=\"et2\" style=\"width: 54.00pt;\" width=\"72\"><span class=\"font1\">\u22643<\/span><\/td>\n<td class=\"et2\" style=\"width: 54.00pt;\" width=\"72\"><span class=\"font1\">\u22643<\/span><\/td>\n<\/tr>\n<tr style=\"height: 13.50pt;\">\n<td class=\"et2\" style=\"height: 13.50pt; width: 54.00pt;\" width=\"72\" height=\"18\">HLB de\u011feri<\/td>\n<td class=\"et2\" style=\"width: 54.00pt;\" width=\"72\">16.5<\/td>\n<td class=\"et2\" style=\"width: 54.00pt;\" width=\"72\">15.5<\/td>\n<td class=\"et2\" style=\"width: 54.00pt;\" width=\"72\">14.5<\/td>\n<td class=\"et2\" style=\"width: 54.00pt;\" width=\"72\">15<\/td>\n<\/tr>\n<tr style=\"height: 27.00pt;\">\n<td class=\"et2\" style=\"height: 27.00pt; width: 54.00pt;\" width=\"72\" height=\"36\">\u00d6zg\u00fcl A\u011f\u0131rl\u0131k<\/td>\n<td class=\"et2\" style=\"width: 54.00pt;\" width=\"72\"><span class=\"font1\">1.08\uff5e1.13<\/span><\/td>\n<td class=\"et2\" style=\"width: 54.00pt;\" width=\"72\"><span class=\"font1\">1.05\uff5e1.10<\/span><\/td>\n<td class=\"et2\" style=\"width: 54.00pt;\" width=\"72\"><span class=\"font1\">1.05\uff5e1.10<\/span><\/td>\n<td class=\"et2\" style=\"width: 54.00pt;\" width=\"72\"><span class=\"font1\">1.06\uff5e1.09<\/span><\/td>\n<\/tr>\n<\/tbody>\n<\/table>\n<p>&nbsp;<\/p>\n<table style=\"border-collapse: collapse; width: 550.52pt;\" border=\"0\" width=\"734\" cellspacing=\"0\" cellpadding=\"0\">\n<tbody>\n<tr style=\"height: 26.25pt;\">\n<td class=\"et2\" style=\"height: 26.25pt; width: 129.75pt;\" width=\"173\" height=\"35\">Teknik \u00d6zellikler<\/td>\n<td class=\"et2\" style=\"width: 420.75pt;\" width=\"561\">Performans ve Teknik \u00d6zellikler<\/td>\n<\/tr>\n<tr style=\"height: 155.25pt;\">\n<td class=\"et3\" style=\"height: 224.25pt; width: 129.75pt;\" rowspan=\"3\" width=\"173\" height=\"299\"><span class=\"font2\">T-20<\/span><\/td>\n<td class=\"et4\" style=\"width: 420.75pt;\" width=\"561\">1\u3001Su, metanol, etanol, izopropanol ve di\u011fer \u00e7\u00f6z\u00fcc\u00fclerde kolayca \u00e7\u00f6z\u00fcn\u00fcr, hareketli ve mineral ya\u011fda \u00e7\u00f6z\u00fcnmez, em\u00fclsifikasyon, dif\u00fczyon, \u00e7\u00f6z\u00fcn\u00fcrle\u015ftirme, stabilizasyon ve di\u011fer \u00f6zelliklere sahiptir.<\/td>\n<\/tr>\n<tr style=\"height: 27.75pt;\">\n<td class=\"et5\" style=\"width: 420.75pt;\" width=\"561\">2\u3001Bu \u00fcr\u00fcn insan v\u00fccuduna zarars\u0131zd\u0131r, tahri\u015f etmez, g\u0131da end\u00fcstrisinde esas olarak kek, dondurma, \u015fortening ve di\u011fer \u00fcretimler i\u00e7in kullan\u0131l\u0131r.<\/td>\n<\/tr>\n<tr style=\"height: 41.25pt;\">\n<td class=\"et6\" style=\"width: 420.75pt;\" width=\"561\">3\u3001Di\u011fer y\u00f6nlerden, mineral ya\u011f em\u00fclgat\u00f6r\u00fc, boyar madde \u00e7\u00f6z\u00fcc\u00fcs\u00fc, kozmetik em\u00fclgat\u00f6r\u00fc, k\u00f6p\u00fck stabilizat\u00f6r\u00fc, em\u00fclgat\u00f6r, dif\u00fcz\u00f6r ve farmas\u00f6tik stabilizat\u00f6r\u00fc ve foto em\u00fclsiyon yard\u0131mc\u0131 maddesi olarak kullan\u0131labilir.<\/td>\n<\/tr>\n<tr style=\"height: 41.25pt;\">\n<td class=\"et3\" style=\"height: 41.25pt; width: 129.75pt;\" width=\"173\" height=\"55\"><span class=\"font2\">T-40<\/span><\/td>\n<td class=\"et3\" style=\"width: 420.75pt;\" width=\"561\">1, su, metanol, etanol, izopropanol ve di\u011fer \u00e7\u00f6z\u00fcc\u00fclerde kolayca \u00e7\u00f6z\u00fcn\u00fcr, dinamik, mineral ya\u011fda \u00e7\u00f6z\u00fcnmez, o \/ w tipi em\u00fclgat\u00f6r, \u00e7\u00f6z\u00fcnd\u00fcr\u00fcc\u00fc, stabilizat\u00f6r, dif\u00fczyon ajan\u0131, antistatik ajan, ya\u011flay\u0131c\u0131 olarak kullan\u0131l\u0131r.<\/td>\n<\/tr>\n<tr style=\"height: 180.75pt;\">\n<td class=\"et3\" style=\"height: 263.25pt; width: 129.75pt;\" rowspan=\"3\" width=\"173\" height=\"351\"><span class=\"font2\">T-60<\/span><\/td>\n<td class=\"et4\" style=\"width: 420.75pt;\" width=\"561\">1, su, metanol, etanol, izopropanol ve di\u011fer \u00e7\u00f6z\u00fcc\u00fclerde \u00e7\u00f6z\u00fcn\u00fcr, dinamik, mineral ya\u011fda \u00e7\u00f6z\u00fcnmez, hem \u0131slatma, k\u00f6p\u00fcrme, dif\u00fczyon ve di\u011fer etkiler gibi m\u00fckemmel em\u00fclsifiye edici \u00f6zelliklere sahiptir.<\/td>\n<\/tr>\n<tr style=\"height: 27.75pt;\">\n<td class=\"et5\" style=\"width: 420.75pt;\" width=\"561\">2\u3001O\/w tipi em\u00fclgat\u00f6r, dispersan, stabilizat\u00f6r olarak kullan\u0131l\u0131r, g\u0131da, ila\u00e7, kozmetik, su bazl\u0131 boya \u00fcretiminde kullan\u0131l\u0131r.<\/td>\n<\/tr>\n<tr style=\"height: 54.75pt;\">\n<td class=\"et6\" style=\"width: 420.75pt;\" width=\"561\">3\u3001Tekstil end\u00fcstrisinde yumu\u015fat\u0131c\u0131 ve antistatik ajan olarak kullan\u0131l\u0131r, poliakrilonitril e\u011firme ya\u011f\u0131 bile\u015feninin ve elyaf\u0131n i\u015flem sonras\u0131 yumu\u015fat\u0131c\u0131s\u0131d\u0131r, bu da elyaf\u0131n statik elektri\u011fi ortadan kald\u0131rmas\u0131n\u0131, yumu\u015fakl\u0131\u011f\u0131n\u0131 art\u0131rmas\u0131n\u0131 ve elyafa iyi boyama performans\u0131 vermesini sa\u011flayabilir.<\/td>\n<\/tr>\n<tr style=\"height: 193.50pt;\">\n<td class=\"et3\" style=\"height: 316.50pt; width: 129.75pt;\" rowspan=\"3\" width=\"173\" height=\"422\"><span class=\"font2\">T-80<\/span><\/td>\n<td class=\"et4\" style=\"width: 420.75pt;\" width=\"561\">1, suda \u00e7\u00f6z\u00fcn\u00fcr, metanol, etanol, mineral ya\u011fda \u00e7\u00f6z\u00fcnmez, em\u00fclgat\u00f6r, dispersan, \u0131slat\u0131c\u0131, \u00e7\u00f6z\u00fcnd\u00fcr\u00fcc\u00fc, stabilizat\u00f6r olarak kullan\u0131l\u0131r, t\u0131p, kozmetik, g\u0131da ve di\u011fer end\u00fcstrilerde kullan\u0131l\u0131r.<\/td>\n<\/tr>\n<tr style=\"height: 81.75pt;\">\n<td class=\"et5\" style=\"width: 420.75pt;\" width=\"561\">2, poli\u00fcretan k\u00f6p\u00fck \u00fcretiminde stabilizat\u00f6r, k\u00f6p\u00fcrt\u00fcc\u00fc ajan olarak kullan\u0131l\u0131r; sentetik elyaflarda antistatik bir ajan olarak kullan\u0131labilir, kimyasal elyaf ya\u011flar\u0131n\u0131n ara maddesidir; filmde \u0131slat\u0131c\u0131 ve da\u011f\u0131t\u0131c\u0131 olarak kullan\u0131lan foto\u011fraf malzemelerinin \u00fcretiminde; kuma\u015flar\u0131n em\u00fclsifiye silikon ya\u011f\u0131 ile su ge\u00e7irmez hale getirilmesi s\u00fcrecinde, iyi sonu\u00e7larla, naylon ve viskon kordonlarda bir ya\u011f ajan\u0131 ve suda \u00e7\u00f6z\u00fcn\u00fcr em\u00fclgat\u00f6r olarak da kullan\u0131l\u0131r, genellikle S-80 ile kar\u0131\u015ft\u0131r\u0131l\u0131r.<\/td>\n<\/tr>\n<tr style=\"height: 41.25pt;\">\n<td class=\"et6\" style=\"width: 420.75pt;\" width=\"561\">3\u3001Petrol sahas\u0131nda em\u00fclgat\u00f6r, a\u011fda \u00f6nleyici ajan, kal\u0131n ya\u011f \u0131slatma, s\u00fcr\u00fckleme azalt\u0131c\u0131 ajan, kuyuya yak\u0131n b\u00f6lge ar\u0131tma ajan\u0131 olarak kullan\u0131l\u0131r; hassas tak\u0131m tezgah\u0131 mod\u00fclasyonu i\u00e7in ya\u011flama so\u011futucusu olarak kullan\u0131l\u0131r.<\/td>\n<\/tr>\n<\/tbody>\n<\/table>\n<h2><strong><b>\u015eimdi Bize Ula\u015f\u0131n!<\/b><\/strong><\/h2>\n<h4><strong><b>COA, MSDS veya TDS'ye ihtiyac\u0131n\u0131z varsa, l\u00fctfen a\u015fa\u011f\u0131daki forma ileti\u015fim bilgilerinizi girin, genellikle 24 saat i\u00e7inde sizinle ileti\u015fime ge\u00e7ece\u011fiz. Bana e-posta da g\u00f6nderebilirsiniz <span style=\"color: #0000ff;\"><a style=\"color: #0000ff;\" href=\"mailto:info@longchangchemical.com\">info@longchangchemical.com<\/a><\/span> \u00c7al\u0131\u015fma saatleri i\u00e7inde (8:30 - 6:00 UTC+8 Pzt.~Sat.) veya h\u0131zl\u0131 yan\u0131t almak i\u00e7in web sitesi canl\u0131 sohbetini kullan\u0131n.<\/b><\/strong><\/h4>","protected":false},"excerpt":{"rendered":"<h2><strong>Tween 85 Ayr\u0131nt\u0131lar<\/strong><\/h2>\n<p>Kimyasal Ad\u0131:Tween 85<\/p>\n<p>CAS No: 9005-70-3<\/p>\n<p>Molek\u00fcler Form\u00fcl: CH4<\/p>\n<p>Molek\u00fcler A\u011f\u0131rl\u0131k:16.04246<\/p>\n<p>Molek\u00fcler Yap\u0131:<img decoding=\"async\" title=\"Tween 85 CAS 9005-70-3\" src=\"https:\/\/www.longchangchemical.com\/wp-content\/uploads\/product-details\/20200610277044.png\" alt=\"Tween 85 CAS 9005-70-3\" \/><\/p>\n<p>G\u00f6r\u00fcn\u00fcm:Sar\u0131 ila amber ya\u011fl\u0131 s\u0131v\u0131<\/p>","protected":false},"featured_media":6398,"comment_status":"open","ping_status":"closed","template":"","meta":[],"product_brand":[],"product_cat":[69],"product_tag":[],"class_list":{"0":"post-4276","1":"product","2":"type-product","3":"status-publish","4":"has-post-thumbnail","6":"product_cat-catalysts-chemical-auxiliary-agents","8":"first","9":"instock","10":"shipping-taxable","11":"product-type-simple"},"yoast_head":"<!-- This site is optimized with the Yoast SEO plugin v25.3.1 - https:\/\/yoast.com\/wordpress\/plugins\/seo\/ -->\n<title>China Tween 85 Manufacturer CAS 9005-70-3 -Longchang Chemical<\/title>\n<meta name=\"description\" content=\"tween 85 cas 9005-70-3 is key product of Longchang Chemical. We provide best price. We are the leading manufacturer and supplier in China with the best quanlity and competitive price.\" \/>\n<meta name=\"robots\" content=\"index, follow, max-snippet:-1, max-image-preview:large, max-video-preview:-1\" \/>\n<link rel=\"canonical\" href=\"https:\/\/longchangchemical.com\/tr\/product\/tween-85-cas-9005-70-3\/\" \/>\n<meta property=\"og:locale\" content=\"tr_TR\" \/>\n<meta property=\"og:type\" content=\"article\" \/>\n<meta property=\"og:title\" content=\"China Tween 85 Manufacturer CAS 9005-70-3 -Longchang Chemical\" \/>\n<meta property=\"og:description\" content=\"tween 85 cas 9005-70-3 is key product of Longchang Chemical. We provide best price. We are the leading manufacturer and supplier in China with the best quanlity and competitive price.\" \/>\n<meta property=\"og:url\" content=\"https:\/\/longchangchemical.com\/tr\/product\/tween-85-cas-9005-70-3\/\" \/>\n<meta property=\"og:site_name\" content=\"Longchang Chemical\" \/>\n<meta property=\"article:modified_time\" content=\"2025-12-22T05:54:32+00:00\" \/>\n<meta property=\"og:image\" content=\"https:\/\/longchangchemical.com\/wp-content\/uploads\/2021\/01\/5.jpg\" \/>\n\t<meta property=\"og:image:width\" content=\"800\" \/>\n\t<meta property=\"og:image:height\" content=\"800\" \/>\n\t<meta property=\"og:image:type\" content=\"image\/jpeg\" \/>\n<meta name=\"twitter:card\" content=\"summary_large_image\" \/>\n<script type=\"application\/ld+json\" class=\"yoast-schema-graph\">{\"@context\":\"https:\/\/schema.org\",\"@graph\":[{\"@type\":\"WebPage\",\"@id\":\"https:\/\/longchangchemical.com\/product\/tween-85-cas-9005-70-3\/\",\"url\":\"https:\/\/longchangchemical.com\/product\/tween-85-cas-9005-70-3\/\",\"name\":\"China Tween 85 Manufacturer CAS 9005-70-3 -Longchang Chemical\",\"isPartOf\":{\"@id\":\"https:\/\/longchangchemical.com\/#website\"},\"primaryImageOfPage\":{\"@id\":\"https:\/\/longchangchemical.com\/product\/tween-85-cas-9005-70-3\/#primaryimage\"},\"image\":{\"@id\":\"https:\/\/longchangchemical.com\/product\/tween-85-cas-9005-70-3\/#primaryimage\"},\"thumbnailUrl\":\"https:\/\/longchangchemical.com\/wp-content\/uploads\/2021\/01\/5.jpg\",\"datePublished\":\"2024-01-10T08:50:11+00:00\",\"dateModified\":\"2025-12-22T05:54:32+00:00\",\"description\":\"tween 85 cas 9005-70-3 is key product of Longchang Chemical. We provide best price. We are the leading manufacturer and supplier in China with the best quanlity and competitive price.\",\"breadcrumb\":{\"@id\":\"https:\/\/longchangchemical.com\/product\/tween-85-cas-9005-70-3\/#breadcrumb\"},\"inLanguage\":\"tr\",\"potentialAction\":[{\"@type\":\"ReadAction\",\"target\":[\"https:\/\/longchangchemical.com\/product\/tween-85-cas-9005-70-3\/\"]}]},{\"@type\":\"ImageObject\",\"inLanguage\":\"tr\",\"@id\":\"https:\/\/longchangchemical.com\/product\/tween-85-cas-9005-70-3\/#primaryimage\",\"url\":\"https:\/\/longchangchemical.com\/wp-content\/uploads\/2021\/01\/5.jpg\",\"contentUrl\":\"https:\/\/longchangchemical.com\/wp-content\/uploads\/2021\/01\/5.jpg\",\"width\":800,\"height\":800,\"caption\":\"tween 85 cas 9005-70-3\"},{\"@type\":\"BreadcrumbList\",\"@id\":\"https:\/\/longchangchemical.com\/product\/tween-85-cas-9005-70-3\/#breadcrumb\",\"itemListElement\":[{\"@type\":\"ListItem\",\"position\":1,\"name\":\"Home\",\"item\":\"https:\/\/longchangchemical.com\/\"},{\"@type\":\"ListItem\",\"position\":2,\"name\":\"Products Longchang\",\"item\":\"https:\/\/longchangchemical.com\/product\/\"},{\"@type\":\"ListItem\",\"position\":3,\"name\":\"tween 85 cas 9005-70-3\"}]},{\"@type\":\"WebSite\",\"@id\":\"https:\/\/longchangchemical.com\/#website\",\"url\":\"https:\/\/longchangchemical.com\/\",\"name\":\"Longchang Chemical\",\"description\":\"China chemical manufacturer \uff06 supplier\",\"publisher\":{\"@id\":\"https:\/\/longchangchemical.com\/#organization\"},\"potentialAction\":[{\"@type\":\"SearchAction\",\"target\":{\"@type\":\"EntryPoint\",\"urlTemplate\":\"https:\/\/longchangchemical.com\/?s={search_term_string}\"},\"query-input\":{\"@type\":\"PropertyValueSpecification\",\"valueRequired\":true,\"valueName\":\"search_term_string\"}}],\"inLanguage\":\"tr\"},{\"@type\":\"Organization\",\"@id\":\"https:\/\/longchangchemical.com\/#organization\",\"name\":\"Longchang Chemical\",\"url\":\"https:\/\/longchangchemical.com\/\",\"logo\":{\"@type\":\"ImageObject\",\"inLanguage\":\"tr\",\"@id\":\"https:\/\/longchangchemical.com\/#\/schema\/logo\/image\/\",\"url\":\"https:\/\/longchangchemical.com\/wp-content\/uploads\/2020\/08\/cropped-longchang-logo.png\",\"contentUrl\":\"https:\/\/longchangchemical.com\/wp-content\/uploads\/2020\/08\/cropped-longchang-logo.png\",\"width\":512,\"height\":512,\"caption\":\"Longchang Chemical\"},\"image\":{\"@id\":\"https:\/\/longchangchemical.com\/#\/schema\/logo\/image\/\"}}]}<\/script>\n<!-- \/ Yoast SEO plugin. -->","yoast_head_json":{"title":"\u00c7in Tween 85 \u00dcretici CAS 9005-70-3 -Longchang Chemical","description":"tween 85 cas 9005-70-3, Longchang Chemical'\u0131n temel \u00fcr\u00fcn\u00fcd\u00fcr. En iyi fiyat\u0131 sa\u011fl\u0131yoruz. Biz en iyi quanlity ve rekabet\u00e7i fiyat ile \u00c7in'de lider \u00fcreticisi ve tedarik\u00e7isi vard\u0131r.","robots":{"index":"index","follow":"follow","max-snippet":"max-snippet:-1","max-image-preview":"max-image-preview:large","max-video-preview":"max-video-preview:-1"},"canonical":"https:\/\/longchangchemical.com\/tr\/product\/tween-85-cas-9005-70-3\/","og_locale":"tr_TR","og_type":"article","og_title":"China Tween 85 Manufacturer CAS 9005-70-3 -Longchang Chemical","og_description":"tween 85 cas 9005-70-3 is key product of Longchang Chemical. We provide best price. We are the leading manufacturer and supplier in China with the best quanlity and competitive price.","og_url":"https:\/\/longchangchemical.com\/tr\/product\/tween-85-cas-9005-70-3\/","og_site_name":"Longchang Chemical","article_modified_time":"2025-12-22T05:54:32+00:00","og_image":[{"width":800,"height":800,"url":"https:\/\/longchangchemical.com\/wp-content\/uploads\/2021\/01\/5.jpg","type":"image\/jpeg"}],"twitter_card":"summary_large_image","schema":{"@context":"https:\/\/schema.org","@graph":[{"@type":"WebPage","@id":"https:\/\/longchangchemical.com\/product\/tween-85-cas-9005-70-3\/","url":"https:\/\/longchangchemical.com\/product\/tween-85-cas-9005-70-3\/","name":"\u00c7in Tween 85 \u00dcretici CAS 9005-70-3 -Longchang Chemical","isPartOf":{"@id":"https:\/\/longchangchemical.com\/#website"},"primaryImageOfPage":{"@id":"https:\/\/longchangchemical.com\/product\/tween-85-cas-9005-70-3\/#primaryimage"},"image":{"@id":"https:\/\/longchangchemical.com\/product\/tween-85-cas-9005-70-3\/#primaryimage"},"thumbnailUrl":"https:\/\/longchangchemical.com\/wp-content\/uploads\/2021\/01\/5.jpg","datePublished":"2024-01-10T08:50:11+00:00","dateModified":"2025-12-22T05:54:32+00:00","description":"tween 85 cas 9005-70-3, Longchang Chemical'\u0131n temel \u00fcr\u00fcn\u00fcd\u00fcr. En iyi fiyat\u0131 sa\u011fl\u0131yoruz. Biz en iyi quanlity ve rekabet\u00e7i fiyat ile \u00c7in'de lider \u00fcreticisi ve tedarik\u00e7isi vard\u0131r.","breadcrumb":{"@id":"https:\/\/longchangchemical.com\/product\/tween-85-cas-9005-70-3\/#breadcrumb"},"inLanguage":"tr","potentialAction":[{"@type":"ReadAction","target":["https:\/\/longchangchemical.com\/product\/tween-85-cas-9005-70-3\/"]}]},{"@type":"ImageObject","inLanguage":"tr","@id":"https:\/\/longchangchemical.com\/product\/tween-85-cas-9005-70-3\/#primaryimage","url":"https:\/\/longchangchemical.com\/wp-content\/uploads\/2021\/01\/5.jpg","contentUrl":"https:\/\/longchangchemical.com\/wp-content\/uploads\/2021\/01\/5.jpg","width":800,"height":800,"caption":"tween 85 cas 9005-70-3"},{"@type":"BreadcrumbList","@id":"https:\/\/longchangchemical.com\/product\/tween-85-cas-9005-70-3\/#breadcrumb","itemListElement":[{"@type":"ListItem","position":1,"name":"Home","item":"https:\/\/longchangchemical.com\/"},{"@type":"ListItem","position":2,"name":"Products Longchang","item":"https:\/\/longchangchemical.com\/product\/"},{"@type":"ListItem","position":3,"name":"tween 85 cas 9005-70-3"}]},{"@type":"WebSite","@id":"https:\/\/longchangchemical.com\/#website","url":"https:\/\/longchangchemical.com\/","name":"Longchang Kimya","description":"\u00c7in kimyasal \u00fcreticisi \uff06 tedarik\u00e7isi","publisher":{"@id":"https:\/\/longchangchemical.com\/#organization"},"potentialAction":[{"@type":"SearchAction","target":{"@type":"EntryPoint","urlTemplate":"https:\/\/longchangchemical.com\/?s={search_term_string}"},"query-input":{"@type":"PropertyValueSpecification","valueRequired":true,"valueName":"search_term_string"}}],"inLanguage":"tr"},{"@type":"Organization","@id":"https:\/\/longchangchemical.com\/#organization","name":"Longchang Kimya","url":"https:\/\/longchangchemical.com\/","logo":{"@type":"ImageObject","inLanguage":"tr","@id":"https:\/\/longchangchemical.com\/#\/schema\/logo\/image\/","url":"https:\/\/longchangchemical.com\/wp-content\/uploads\/2020\/08\/cropped-longchang-logo.png","contentUrl":"https:\/\/longchangchemical.com\/wp-content\/uploads\/2020\/08\/cropped-longchang-logo.png","width":512,"height":512,"caption":"Longchang Chemical"},"image":{"@id":"https:\/\/longchangchemical.com\/#\/schema\/logo\/image\/"}}]}},"_links":{"self":[{"href":"https:\/\/longchangchemical.com\/tr\/wp-json\/wp\/v2\/product\/4276","targetHints":{"allow":["GET"]}}],"collection":[{"href":"https:\/\/longchangchemical.com\/tr\/wp-json\/wp\/v2\/product"}],"about":[{"href":"https:\/\/longchangchemical.com\/tr\/wp-json\/wp\/v2\/types\/product"}],"replies":[{"embeddable":true,"href":"https:\/\/longchangchemical.com\/tr\/wp-json\/wp\/v2\/comments?post=4276"}],"wp:featuredmedia":[{"embeddable":true,"href":"https:\/\/longchangchemical.com\/tr\/wp-json\/wp\/v2\/media\/6398"}],"wp:attachment":[{"href":"https:\/\/longchangchemical.com\/tr\/wp-json\/wp\/v2\/media?parent=4276"}],"wp:term":[{"taxonomy":"product_brand","embeddable":true,"href":"https:\/\/longchangchemical.com\/tr\/wp-json\/wp\/v2\/product_brand?post=4276"},{"taxonomy":"product_cat","embeddable":true,"href":"https:\/\/longchangchemical.com\/tr\/wp-json\/wp\/v2\/product_cat?post=4276"},{"taxonomy":"product_tag","embeddable":true,"href":"https:\/\/longchangchemical.com\/tr\/wp-json\/wp\/v2\/product_tag?post=4276"}],"curies":[{"name":"wp","href":"https:\/\/api.w.org\/{rel}","templated":true}]}}