{"id":4271,"date":"2024-01-11T03:04:11","date_gmt":"2024-01-11T03:04:11","guid":{"rendered":"https:\/\/longchangchemical.com\/?post_type=product&#038;p=4271"},"modified":"2025-12-22T03:54:24","modified_gmt":"2025-12-22T03:54:24","slug":"hydroxypropyl-methylcellulose-phthalate-cas-9050-31-1","status":"publish","type":"product","link":"https:\/\/longchangchemical.com\/tr\/product\/hydroxypropyl-methylcellulose-phthalate-cas-9050-31-1\/","title":{"rendered":"hidroksipropil metilsel\u00fcloz ftalat cas 9050-31-1"},"content":{"rendered":"<h2><strong>hidroksipropil metilsel\u00fcloz ftalatTipik\u00d6zellikler<\/strong><\/h2>\n<table class=\"table-1\" cellspacing=\"0\">\n<tbody>\n<tr>\n<td><strong>Test \u00d6\u011feleri<\/strong><\/td>\n<td><strong>\u015eartname<\/strong><\/td>\n<\/tr>\n<tr>\n<td>G\u00f6r\u00fcn\u00fc\u015f<\/td>\n<td>Renksiz veya a\u00e7\u0131k sar\u0131 s\u0131v\u0131<\/td>\n<\/tr>\n<tr>\n<td>Viskozite, mPa-S (25 \u2103)<\/td>\n<td>30-70<\/td>\n<\/tr>\n<tr>\n<td>Anhidrit Grubu \u0130\u00e7eri\u011fi\uff0c%<\/td>\n<td>\u226541.0<\/td>\n<\/tr>\n<tr>\n<td>Donma Noktas\u0131 \uff0c \u2103<\/td>\n<td>\u2264-15<\/td>\n<\/tr>\n<tr>\n<td>U\u00e7ucu \u0130\u00e7erik\uff0c%<\/td>\n<td>\u22641.0<\/td>\n<\/tr>\n<tr>\n<td>Serbest Asit \uff0c %<\/td>\n<td>\u22641.0<\/td>\n<\/tr>\n<\/tbody>\n<\/table>\n<h2><strong>hidroksipropil metilsel\u00fcloz ftalatKullan\u0131m<\/strong><\/h2>\n<p>Farmas\u00f6tik yard\u0131mc\u0131 maddeler; organik hammaddeler; hammaddeler;<\/p>\n<ol>\n<li><strong>\u0130la\u00e7 End\u00fcstrisi:<\/strong> CAS numaras\u0131 9050-31-1 olan Hidroksipropil Metilsel\u00fcloz Ftalat, ila\u00e7 end\u00fcstrisinde yayg\u0131n olarak kullan\u0131lmaktad\u0131r. Oral dozaj formlar\u0131 i\u00e7in enterik bir kaplama malzemesi olarak hizmet eder, ila\u00e7lar\u0131 mide asidinden korur ve ba\u011f\u0131rsaklarda serbest b\u0131rak\u0131r.<\/li>\n<li><strong>Enterik Kaplama Uygulamalar\u0131:<\/strong> Bu bile\u015fik enterik kaplama form\u00fclasyonlar\u0131nda uygulama alan\u0131 bulmaktad\u0131r. HPMCP, ila\u00e7lar\u0131n sal\u0131m profilini de\u011fi\u015ftirmek, midede sal\u0131nmalar\u0131n\u0131 \u00f6nlemek ve ba\u011f\u0131rsaklarda hedeflenen sal\u0131m\u0131 sa\u011flamak i\u00e7in kullan\u0131l\u0131r.<\/li>\n<li><strong>Farmas\u00f6tik Form\u00fclasyonlar:<\/strong> Hidroksipropil Metilsel\u00fcloz Ftalat \u00e7e\u015fitli farmas\u00f6tik form\u00fclasyonlarda kullan\u0131l\u0131r. Geli\u015ftirilmi\u015f stabilite, \u00e7\u00f6z\u00fcn\u00fcrl\u00fck ve kontroll\u00fc sal\u0131m \u00f6zelliklerine sahip dozaj formlar\u0131n\u0131n geli\u015ftirilmesine katk\u0131da bulunur.<\/li>\n<li><strong>\u0130la\u00e7 Da\u011f\u0131t\u0131m Sistemleri:<\/strong> \u0130la\u00e7 da\u011f\u0131t\u0131m sistemlerinde, HPMCP baz\u0131 ila\u00e7lar\u0131n biyoyararlan\u0131m\u0131n\u0131 ve etkinli\u011fini art\u0131rmak i\u00e7in kullan\u0131l\u0131r. Genellikle gecikmeli veya hedeflenmi\u015f sal\u0131m\u0131n istendi\u011fi form\u00fclasyonlarda kullan\u0131l\u0131r.<\/li>\n<\/ol>\n<h2><strong>hidroksipropil metilsel\u00fcloz ftalatPaket<\/strong><\/h2>\n<p>M\u00fc\u015fteri ihtiya\u00e7lar\u0131na g\u00f6re.<\/p>\n<h2><strong>hidroksipropil metilsel\u00fcloz ftalatDepolama<\/strong><\/h2>\n<p>Depolama i\u00e7in korunakl\u0131, kuru, karanl\u0131k bir yer.<\/p>\n<h2><strong><b>\u015eimdi Bize Ula\u015f\u0131n!<\/b><\/strong><\/h2>\n<h4><strong><b>COA, MSDS veya TDS'ye ihtiyac\u0131n\u0131z varsa, l\u00fctfen a\u015fa\u011f\u0131daki forma ileti\u015fim bilgilerinizi girin, genellikle 24 saat i\u00e7inde sizinle ileti\u015fime ge\u00e7ece\u011fiz. Bana e-posta da g\u00f6nderebilirsiniz <span style=\"color: #0000ff;\"><a style=\"color: #0000ff;\" href=\"mailto:info@longchangchemical.com\">info@longchangchemical.com<\/a><\/span> \u00c7al\u0131\u015fma saatleri i\u00e7inde (8:30 - 6:00 UTC+8 Pzt.~Sat.) veya h\u0131zl\u0131 yan\u0131t almak i\u00e7in web sitesi canl\u0131 sohbetini kullan\u0131n.<\/b><\/strong><\/h4>","protected":false},"excerpt":{"rendered":"<h2><strong>hidroksipropil metilsel\u00fcloz ftalatH\u0131zl\u0131 Ayr\u0131nt\u0131lar<\/strong><\/h2>\n<p>\u00dcr\u00fcn Ad\u0131: hidroksipropil metilsel\u00fcloz ftalat<\/p>\n<p>CAS No: 9050-31-1<\/p>\n<p>Molek\u00fcler Form\u00fcl: C14H16N4<\/p>\n<p>Molek\u00fcler A\u011f\u0131rl\u0131k: 240.30364<\/p>\n<p>G\u00f6r\u00fcn\u00fc\u015f: Renksiz veya a\u00e7\u0131k sar\u0131 s\u0131v\u0131<\/p>","protected":false},"featured_media":6406,"comment_status":"open","ping_status":"closed","template":"","meta":[],"product_brand":[],"product_cat":[15],"product_tag":[],"class_list":{"0":"post-4271","1":"product","2":"type-product","3":"status-publish","4":"has-post-thumbnail","6":"product_cat-food-additives","8":"first","9":"instock","10":"shipping-taxable","11":"product-type-simple"},"yoast_head":"<!-- This site is optimized with the Yoast SEO plugin v25.3.1 - https:\/\/yoast.com\/wordpress\/plugins\/seo\/ -->\n<title>China HPMCP Manufacturer CAS 9050-31-1 -Longchang Chemical<\/title>\n<meta name=\"description\" content=\"hydroxypropyl methylcellulose phthalate cas 9050-31-1 is key product of Longchang Chemical. We provide best price. We are the leading manufacturer and supplier in China with the best quanlity and competitive price.\" \/>\n<meta name=\"robots\" content=\"index, follow, max-snippet:-1, max-image-preview:large, max-video-preview:-1\" \/>\n<link rel=\"canonical\" href=\"https:\/\/longchangchemical.com\/tr\/product\/hydroxypropyl-methylcellulose-phthalate-cas-9050-31-1\/\" \/>\n<meta property=\"og:locale\" content=\"tr_TR\" \/>\n<meta property=\"og:type\" content=\"article\" \/>\n<meta property=\"og:title\" content=\"China HPMCP Manufacturer CAS 9050-31-1 -Longchang Chemical\" \/>\n<meta property=\"og:description\" content=\"hydroxypropyl methylcellulose phthalate cas 9050-31-1 is key product of Longchang Chemical. We provide best price. We are the leading manufacturer and supplier in China with the best quanlity and competitive price.\" \/>\n<meta property=\"og:url\" content=\"https:\/\/longchangchemical.com\/tr\/product\/hydroxypropyl-methylcellulose-phthalate-cas-9050-31-1\/\" \/>\n<meta property=\"og:site_name\" content=\"Longchang Chemical\" \/>\n<meta property=\"article:modified_time\" content=\"2025-12-22T03:54:24+00:00\" \/>\n<meta property=\"og:image\" content=\"https:\/\/longchangchemical.com\/wp-content\/uploads\/2021\/01\/1-1.jpg\" \/>\n\t<meta property=\"og:image:width\" content=\"800\" \/>\n\t<meta property=\"og:image:height\" content=\"800\" \/>\n\t<meta property=\"og:image:type\" content=\"image\/jpeg\" \/>\n<meta name=\"twitter:card\" content=\"summary_large_image\" \/>\n<script type=\"application\/ld+json\" class=\"yoast-schema-graph\">{\"@context\":\"https:\/\/schema.org\",\"@graph\":[{\"@type\":\"WebPage\",\"@id\":\"https:\/\/longchangchemical.com\/product\/hydroxypropyl-methylcellulose-phthalate-cas-9050-31-1\/\",\"url\":\"https:\/\/longchangchemical.com\/product\/hydroxypropyl-methylcellulose-phthalate-cas-9050-31-1\/\",\"name\":\"China HPMCP Manufacturer CAS 9050-31-1 -Longchang Chemical\",\"isPartOf\":{\"@id\":\"https:\/\/longchangchemical.com\/#website\"},\"primaryImageOfPage\":{\"@id\":\"https:\/\/longchangchemical.com\/product\/hydroxypropyl-methylcellulose-phthalate-cas-9050-31-1\/#primaryimage\"},\"image\":{\"@id\":\"https:\/\/longchangchemical.com\/product\/hydroxypropyl-methylcellulose-phthalate-cas-9050-31-1\/#primaryimage\"},\"thumbnailUrl\":\"https:\/\/longchangchemical.com\/wp-content\/uploads\/2021\/01\/1-1.jpg\",\"datePublished\":\"2024-01-11T03:04:11+00:00\",\"dateModified\":\"2025-12-22T03:54:24+00:00\",\"description\":\"hydroxypropyl methylcellulose phthalate cas 9050-31-1 is key product of Longchang Chemical. We provide best price. We are the leading manufacturer and supplier in China with the best quanlity and competitive price.\",\"breadcrumb\":{\"@id\":\"https:\/\/longchangchemical.com\/product\/hydroxypropyl-methylcellulose-phthalate-cas-9050-31-1\/#breadcrumb\"},\"inLanguage\":\"tr\",\"potentialAction\":[{\"@type\":\"ReadAction\",\"target\":[\"https:\/\/longchangchemical.com\/product\/hydroxypropyl-methylcellulose-phthalate-cas-9050-31-1\/\"]}]},{\"@type\":\"ImageObject\",\"inLanguage\":\"tr\",\"@id\":\"https:\/\/longchangchemical.com\/product\/hydroxypropyl-methylcellulose-phthalate-cas-9050-31-1\/#primaryimage\",\"url\":\"https:\/\/longchangchemical.com\/wp-content\/uploads\/2021\/01\/1-1.jpg\",\"contentUrl\":\"https:\/\/longchangchemical.com\/wp-content\/uploads\/2021\/01\/1-1.jpg\",\"width\":800,\"height\":800,\"caption\":\"hydroxypropyl methylcellulose phthalate cas 9050-31-1\"},{\"@type\":\"BreadcrumbList\",\"@id\":\"https:\/\/longchangchemical.com\/product\/hydroxypropyl-methylcellulose-phthalate-cas-9050-31-1\/#breadcrumb\",\"itemListElement\":[{\"@type\":\"ListItem\",\"position\":1,\"name\":\"Home\",\"item\":\"https:\/\/longchangchemical.com\/\"},{\"@type\":\"ListItem\",\"position\":2,\"name\":\"Products Longchang\",\"item\":\"https:\/\/longchangchemical.com\/product\/\"},{\"@type\":\"ListItem\",\"position\":3,\"name\":\"hydroxypropyl methylcellulose phthalate cas 9050-31-1\"}]},{\"@type\":\"WebSite\",\"@id\":\"https:\/\/longchangchemical.com\/#website\",\"url\":\"https:\/\/longchangchemical.com\/\",\"name\":\"Longchang Chemical\",\"description\":\"China chemical manufacturer \uff06 supplier\",\"publisher\":{\"@id\":\"https:\/\/longchangchemical.com\/#organization\"},\"potentialAction\":[{\"@type\":\"SearchAction\",\"target\":{\"@type\":\"EntryPoint\",\"urlTemplate\":\"https:\/\/longchangchemical.com\/?s={search_term_string}\"},\"query-input\":{\"@type\":\"PropertyValueSpecification\",\"valueRequired\":true,\"valueName\":\"search_term_string\"}}],\"inLanguage\":\"tr\"},{\"@type\":\"Organization\",\"@id\":\"https:\/\/longchangchemical.com\/#organization\",\"name\":\"Longchang Chemical\",\"url\":\"https:\/\/longchangchemical.com\/\",\"logo\":{\"@type\":\"ImageObject\",\"inLanguage\":\"tr\",\"@id\":\"https:\/\/longchangchemical.com\/#\/schema\/logo\/image\/\",\"url\":\"https:\/\/longchangchemical.com\/wp-content\/uploads\/2020\/08\/cropped-longchang-logo.png\",\"contentUrl\":\"https:\/\/longchangchemical.com\/wp-content\/uploads\/2020\/08\/cropped-longchang-logo.png\",\"width\":512,\"height\":512,\"caption\":\"Longchang Chemical\"},\"image\":{\"@id\":\"https:\/\/longchangchemical.com\/#\/schema\/logo\/image\/\"}}]}<\/script>\n<!-- \/ Yoast SEO plugin. -->","yoast_head_json":{"title":"\u00c7in HPMCP \u00dcreticisi CAS 9050-31-1 -Longchang Chemical","description":"hidroksipropil metilsel\u00fcloz ftalat cas 9050-31-1 Longchang Chemical'\u0131n anahtar \u00fcr\u00fcn\u00fcd\u00fcr. En iyi fiyat\u0131 sa\u011fl\u0131yoruz. Biz en iyi quanlity ve rekabet\u00e7i fiyat ile \u00c7in'de lider \u00fcreticisi ve tedarik\u00e7isi vard\u0131r.","robots":{"index":"index","follow":"follow","max-snippet":"max-snippet:-1","max-image-preview":"max-image-preview:large","max-video-preview":"max-video-preview:-1"},"canonical":"https:\/\/longchangchemical.com\/tr\/product\/hydroxypropyl-methylcellulose-phthalate-cas-9050-31-1\/","og_locale":"tr_TR","og_type":"article","og_title":"China HPMCP Manufacturer CAS 9050-31-1 -Longchang Chemical","og_description":"hydroxypropyl methylcellulose phthalate cas 9050-31-1 is key product of Longchang Chemical. We provide best price. We are the leading manufacturer and supplier in China with the best quanlity and competitive price.","og_url":"https:\/\/longchangchemical.com\/tr\/product\/hydroxypropyl-methylcellulose-phthalate-cas-9050-31-1\/","og_site_name":"Longchang Chemical","article_modified_time":"2025-12-22T03:54:24+00:00","og_image":[{"width":800,"height":800,"url":"https:\/\/longchangchemical.com\/wp-content\/uploads\/2021\/01\/1-1.jpg","type":"image\/jpeg"}],"twitter_card":"summary_large_image","schema":{"@context":"https:\/\/schema.org","@graph":[{"@type":"WebPage","@id":"https:\/\/longchangchemical.com\/product\/hydroxypropyl-methylcellulose-phthalate-cas-9050-31-1\/","url":"https:\/\/longchangchemical.com\/product\/hydroxypropyl-methylcellulose-phthalate-cas-9050-31-1\/","name":"\u00c7in HPMCP \u00dcreticisi CAS 9050-31-1 -Longchang Chemical","isPartOf":{"@id":"https:\/\/longchangchemical.com\/#website"},"primaryImageOfPage":{"@id":"https:\/\/longchangchemical.com\/product\/hydroxypropyl-methylcellulose-phthalate-cas-9050-31-1\/#primaryimage"},"image":{"@id":"https:\/\/longchangchemical.com\/product\/hydroxypropyl-methylcellulose-phthalate-cas-9050-31-1\/#primaryimage"},"thumbnailUrl":"https:\/\/longchangchemical.com\/wp-content\/uploads\/2021\/01\/1-1.jpg","datePublished":"2024-01-11T03:04:11+00:00","dateModified":"2025-12-22T03:54:24+00:00","description":"hidroksipropil metilsel\u00fcloz ftalat cas 9050-31-1 Longchang Chemical'\u0131n anahtar \u00fcr\u00fcn\u00fcd\u00fcr. En iyi fiyat\u0131 sa\u011fl\u0131yoruz. Biz en iyi quanlity ve rekabet\u00e7i fiyat ile \u00c7in'de lider \u00fcreticisi ve tedarik\u00e7isi vard\u0131r.","breadcrumb":{"@id":"https:\/\/longchangchemical.com\/product\/hydroxypropyl-methylcellulose-phthalate-cas-9050-31-1\/#breadcrumb"},"inLanguage":"tr","potentialAction":[{"@type":"ReadAction","target":["https:\/\/longchangchemical.com\/product\/hydroxypropyl-methylcellulose-phthalate-cas-9050-31-1\/"]}]},{"@type":"ImageObject","inLanguage":"tr","@id":"https:\/\/longchangchemical.com\/product\/hydroxypropyl-methylcellulose-phthalate-cas-9050-31-1\/#primaryimage","url":"https:\/\/longchangchemical.com\/wp-content\/uploads\/2021\/01\/1-1.jpg","contentUrl":"https:\/\/longchangchemical.com\/wp-content\/uploads\/2021\/01\/1-1.jpg","width":800,"height":800,"caption":"hydroxypropyl methylcellulose phthalate cas 9050-31-1"},{"@type":"BreadcrumbList","@id":"https:\/\/longchangchemical.com\/product\/hydroxypropyl-methylcellulose-phthalate-cas-9050-31-1\/#breadcrumb","itemListElement":[{"@type":"ListItem","position":1,"name":"Home","item":"https:\/\/longchangchemical.com\/"},{"@type":"ListItem","position":2,"name":"Products Longchang","item":"https:\/\/longchangchemical.com\/product\/"},{"@type":"ListItem","position":3,"name":"hydroxypropyl methylcellulose phthalate cas 9050-31-1"}]},{"@type":"WebSite","@id":"https:\/\/longchangchemical.com\/#website","url":"https:\/\/longchangchemical.com\/","name":"Longchang Kimya","description":"\u00c7in kimyasal \u00fcreticisi \uff06 tedarik\u00e7isi","publisher":{"@id":"https:\/\/longchangchemical.com\/#organization"},"potentialAction":[{"@type":"SearchAction","target":{"@type":"EntryPoint","urlTemplate":"https:\/\/longchangchemical.com\/?s={search_term_string}"},"query-input":{"@type":"PropertyValueSpecification","valueRequired":true,"valueName":"search_term_string"}}],"inLanguage":"tr"},{"@type":"Organization","@id":"https:\/\/longchangchemical.com\/#organization","name":"Longchang Kimya","url":"https:\/\/longchangchemical.com\/","logo":{"@type":"ImageObject","inLanguage":"tr","@id":"https:\/\/longchangchemical.com\/#\/schema\/logo\/image\/","url":"https:\/\/longchangchemical.com\/wp-content\/uploads\/2020\/08\/cropped-longchang-logo.png","contentUrl":"https:\/\/longchangchemical.com\/wp-content\/uploads\/2020\/08\/cropped-longchang-logo.png","width":512,"height":512,"caption":"Longchang Chemical"},"image":{"@id":"https:\/\/longchangchemical.com\/#\/schema\/logo\/image\/"}}]}},"_links":{"self":[{"href":"https:\/\/longchangchemical.com\/tr\/wp-json\/wp\/v2\/product\/4271","targetHints":{"allow":["GET"]}}],"collection":[{"href":"https:\/\/longchangchemical.com\/tr\/wp-json\/wp\/v2\/product"}],"about":[{"href":"https:\/\/longchangchemical.com\/tr\/wp-json\/wp\/v2\/types\/product"}],"replies":[{"embeddable":true,"href":"https:\/\/longchangchemical.com\/tr\/wp-json\/wp\/v2\/comments?post=4271"}],"wp:featuredmedia":[{"embeddable":true,"href":"https:\/\/longchangchemical.com\/tr\/wp-json\/wp\/v2\/media\/6406"}],"wp:attachment":[{"href":"https:\/\/longchangchemical.com\/tr\/wp-json\/wp\/v2\/media?parent=4271"}],"wp:term":[{"taxonomy":"product_brand","embeddable":true,"href":"https:\/\/longchangchemical.com\/tr\/wp-json\/wp\/v2\/product_brand?post=4271"},{"taxonomy":"product_cat","embeddable":true,"href":"https:\/\/longchangchemical.com\/tr\/wp-json\/wp\/v2\/product_cat?post=4271"},{"taxonomy":"product_tag","embeddable":true,"href":"https:\/\/longchangchemical.com\/tr\/wp-json\/wp\/v2\/product_tag?post=4271"}],"curies":[{"name":"wp","href":"https:\/\/api.w.org\/{rel}","templated":true}]}}