{"id":4261,"date":"2024-01-11T08:31:18","date_gmt":"2024-01-11T08:31:18","guid":{"rendered":"https:\/\/longchangchemical.com\/?post_type=product&#038;p=4261"},"modified":"2025-12-22T03:25:30","modified_gmt":"2025-12-22T03:25:30","slug":"guaifenesin-cas-93-14-1","status":"publish","type":"product","link":"https:\/\/longchangchemical.com\/tr\/product\/guaifenesin-cas-93-14-1\/","title":{"rendered":"guaifenesin cas 93-14-1"},"content":{"rendered":"<h2><strong>Guaifenesin Tipik \u00d6zellikleri<\/strong><\/h2>\n<table class=\"table-1\" cellspacing=\"0\">\n<tbody>\n<tr>\n<td>\u00d6\u011fe<\/td>\n<td>Teknik \u00d6zellikler<\/td>\n<\/tr>\n<tr>\n<td>G\u00f6r\u00fcn\u00fc\u015f<\/td>\n<td>Beyaz kristal toz<\/td>\n<\/tr>\n<tr>\n<td>Tan\u0131mlama<\/td>\n<td>K\u0131z\u0131l\u00f6tesi emilim Ultraviyole emilim<\/td>\n<\/tr>\n<tr>\n<td>Kimyasal test<\/td>\n<td>Pozitif<\/td>\n<\/tr>\n<tr>\n<td>Tahlil<\/td>\n<td>98.0%~ 102%<\/td>\n<\/tr>\n<tr>\n<td>Klor\u00fcr<\/td>\n<td>\u2264100PPM<\/td>\n<\/tr>\n<tr>\n<td>S\u00fclfat<\/td>\n<td>\u2264200PPM<\/td>\n<\/tr>\n<tr>\n<td>Erime aral\u0131\u011f\u0131<\/td>\n<td>78\u2103~ 82\u2103<\/td>\n<\/tr>\n<tr>\n<td>Kurutma kayb\u0131<\/td>\n<td>\u22640,5%<\/td>\n<\/tr>\n<tr>\n<td>A\u011f\u0131r metaller<\/td>\n<td>\u22640.0025<\/td>\n<\/tr>\n<tr>\n<td>\u03b2-izomer<\/td>\n<td>\u22640,5%<\/td>\n<\/tr>\n<tr>\n<td>Guaiacol<\/td>\n<td>\u22640,03%<\/td>\n<\/tr>\n<tr>\n<td>Bisether<\/td>\n<td>\u22640,5%<\/td>\n<\/tr>\n<tr>\n<td>1,3-bis(2-mrthoxyphenoxy)peopan-2-ol<\/td>\n<td>\u22640,5%<\/td>\n<\/tr>\n<tr>\n<td>Di\u011fer bireysel maksimum bilinmeyen safs\u0131zl\u0131k<\/td>\n<td>\u22640,1%<\/td>\n<\/tr>\n<tr>\n<td>Toplam safs\u0131zl\u0131k<\/td>\n<td>\u22641%<\/td>\n<\/tr>\n<tr>\n<td>Etanol<\/td>\n<td>\u22640,5%<\/td>\n<\/tr>\n<\/tbody>\n<\/table>\n<h2><strong>Guaifenesin Kullan\u0131m\u0131<\/strong><\/h2>\n<p>\u00d6ks\u00fcr\u00fck kesici ve balgam s\u00f6kt\u00fcr\u00fcc\u00fc, \u00e7oklu \u00f6ks\u00fcr\u00fck, kronik bron\u015fit, bron\u015fektazi vb. i\u00e7in uygundur.<\/p>\n<ol>\n<li><strong>\u0130la\u00e7 End\u00fcstrisi:<\/strong> CAS numaras\u0131 93-14-1 olan Guaifenesin, ila\u00e7 end\u00fcstrisinde yayg\u0131n olarak kullan\u0131lmaktad\u0131r. So\u011fuk alg\u0131nl\u0131\u011f\u0131 veya bron\u015fit gibi solunum rahats\u0131zl\u0131klar\u0131yla ili\u015fkili \u00f6ks\u00fcr\u00fckleri tedavi etmek i\u00e7in kullan\u0131lan balgam s\u00f6kt\u00fcr\u00fcc\u00fc bir ila\u00e7t\u0131r.<\/li>\n<li><strong>\u00d6ks\u00fcr\u00fck \u015eurubu Form\u00fclasyonlar\u0131:<\/strong> Bu bile\u015fik \u00f6ks\u00fcr\u00fck \u015furuplar\u0131n\u0131n form\u00fclasyonunda uygulama alan\u0131 bulur. Guaifenesin, re\u00e7etesiz sat\u0131lan \u00f6ks\u00fcr\u00fck ve so\u011fuk alg\u0131nl\u0131\u011f\u0131 ila\u00e7lar\u0131n\u0131n \u00f6nemli bir bile\u015fenidir ve solunum yollar\u0131ndaki mukusun gev\u015femesine ve incelmesine yard\u0131mc\u0131 olur.<\/li>\n<li><strong>Solunum Sa\u011fl\u0131\u011f\u0131 \u00dcr\u00fcnleri:<\/strong> Guaifenesin solunum sa\u011fl\u0131\u011f\u0131 \u00fcr\u00fcnlerinde kullan\u0131labilir. Mukusun temizlenmesini te\u015fvik ederek solunum sistemi \u00fczerindeki terap\u00f6tik etkileri i\u00e7in kullan\u0131l\u0131r.<\/li>\n<li><strong>T\u0131bbi Form\u00fclasyonlar:<\/strong> T\u0131bbi form\u00fclasyonlar\u0131n geli\u015ftirilmesinde, Guaifenesin farmakolojik \u00f6zellikleri i\u00e7in kullan\u0131l\u0131r. Solunum ko\u015fullar\u0131yla ili\u015fkili semptomlar\u0131 hafifletmek i\u00e7in tasarlanm\u0131\u015f form\u00fclasyonlarda \u00f6nemli bir rol oynar.<\/li>\n<\/ol>\n<h2><strong>GuaifenesinAmbalajlama ve nakliye<\/strong><\/h2>\n<p>Ambalaj: 25kg\/ bidon.<\/p>\n<p>Teslimat: 7-15 i\u015f g\u00fcn\u00fc i\u00e7inde.<\/p>\n<p>GuaifenesinDepolama<\/p>\n<p>Do\u011frudan g\u00fcne\u015f \u0131\u015f\u0131\u011f\u0131 almayan serin ve kuru bir yerde saklan\u0131r.<\/p>\n<h2><strong><b>\u015eimdi Bize Ula\u015f\u0131n!<\/b><\/strong><\/h2>\n<h4><strong><b>COA, MSDS veya TDS'ye ihtiyac\u0131n\u0131z varsa, l\u00fctfen a\u015fa\u011f\u0131daki forma ileti\u015fim bilgilerinizi girin, genellikle 24 saat i\u00e7inde sizinle ileti\u015fime ge\u00e7ece\u011fiz. Bana e-posta da g\u00f6nderebilirsiniz <span style=\"color: #0000ff;\"><a style=\"color: #0000ff;\" href=\"mailto:info@longchangchemical.com\">info@longchangchemical.com<\/a><\/span> \u00c7al\u0131\u015fma saatleri i\u00e7inde (8:30 - 6:00 UTC+8 Pzt.~Sat.) veya h\u0131zl\u0131 yan\u0131t almak i\u00e7in web sitesi canl\u0131 sohbetini kullan\u0131n.<\/b><\/strong><\/h4>","protected":false},"excerpt":{"rendered":"<h2><strong>Guaifenesin h\u0131zl\u0131 Ayr\u0131nt\u0131lar<\/strong><\/h2>\n<p>\u00dcr\u00fcn ad\u0131: Guaifenesin<\/p>\n<p>CAS No: 93-14-1<\/p>\n<p>Molek\u00fcler Form\u00fcl:C10H14O4<\/p>\n<p>Guaifenesin yap\u0131s\u0131:<img decoding=\"async\" title=\"Guaifenesin yap\u0131s\u0131\" src=\"https:\/\/www.longchangchemical.com\/wp-content\/uploads\/product-details\/20200611159368.png\" alt=\"Guaifenesin yap\u0131s\u0131\" width=\"156\" height=\"75\" border=\"0\" vspace=\"0\" \/><\/p>\n<p>Molek\u00fcl a\u011f\u0131rl\u0131\u011f\u0131:198.22<\/p>\n<p>G\u00f6r\u00fcn\u00fc\u015f: Beyaz kristal toz<\/p>","protected":false},"featured_media":6420,"comment_status":"open","ping_status":"closed","template":"","meta":[],"product_brand":[],"product_cat":[73],"product_tag":[],"class_list":{"0":"post-4261","1":"product","2":"type-product","3":"status-publish","4":"has-post-thumbnail","6":"product_cat-other-additives","8":"first","9":"instock","10":"shipping-taxable","11":"product-type-simple"},"yoast_head":"<!-- This site is optimized with the Yoast SEO plugin v25.3.1 - https:\/\/yoast.com\/wordpress\/plugins\/seo\/ -->\n<title>China Guaifenesin Manufacturer CAS 93-14-1 -Longchang Chemical<\/title>\n<meta name=\"description\" content=\"guaifenesin cas 93-14-1 is key product of Longchang Chemical. We provide best price. We are the leading manufacturer and supplier in China with the best quanlity and competitive price.\" \/>\n<meta name=\"robots\" content=\"index, follow, max-snippet:-1, max-image-preview:large, max-video-preview:-1\" \/>\n<link rel=\"canonical\" href=\"https:\/\/longchangchemical.com\/tr\/product\/guaifenesin-cas-93-14-1\/\" \/>\n<meta property=\"og:locale\" content=\"tr_TR\" \/>\n<meta property=\"og:type\" content=\"article\" \/>\n<meta property=\"og:title\" content=\"China Guaifenesin Manufacturer CAS 93-14-1 -Longchang Chemical\" \/>\n<meta property=\"og:description\" content=\"guaifenesin cas 93-14-1 is key product of Longchang Chemical. We provide best price. We are the leading manufacturer and supplier in China with the best quanlity and competitive price.\" \/>\n<meta property=\"og:url\" content=\"https:\/\/longchangchemical.com\/tr\/product\/guaifenesin-cas-93-14-1\/\" \/>\n<meta property=\"og:site_name\" content=\"Longchang Chemical\" \/>\n<meta property=\"article:modified_time\" content=\"2025-12-22T03:25:30+00:00\" \/>\n<meta property=\"og:image\" content=\"https:\/\/longchangchemical.com\/wp-content\/uploads\/2021\/01\/6-1.jpg\" \/>\n\t<meta property=\"og:image:width\" content=\"800\" \/>\n\t<meta property=\"og:image:height\" content=\"800\" \/>\n\t<meta property=\"og:image:type\" content=\"image\/jpeg\" \/>\n<meta name=\"twitter:card\" content=\"summary_large_image\" \/>\n<script type=\"application\/ld+json\" class=\"yoast-schema-graph\">{\"@context\":\"https:\/\/schema.org\",\"@graph\":[{\"@type\":\"WebPage\",\"@id\":\"https:\/\/longchangchemical.com\/product\/guaifenesin-cas-93-14-1\/\",\"url\":\"https:\/\/longchangchemical.com\/product\/guaifenesin-cas-93-14-1\/\",\"name\":\"China Guaifenesin Manufacturer CAS 93-14-1 -Longchang Chemical\",\"isPartOf\":{\"@id\":\"https:\/\/longchangchemical.com\/#website\"},\"primaryImageOfPage\":{\"@id\":\"https:\/\/longchangchemical.com\/product\/guaifenesin-cas-93-14-1\/#primaryimage\"},\"image\":{\"@id\":\"https:\/\/longchangchemical.com\/product\/guaifenesin-cas-93-14-1\/#primaryimage\"},\"thumbnailUrl\":\"https:\/\/longchangchemical.com\/wp-content\/uploads\/2021\/01\/6-1.jpg\",\"datePublished\":\"2024-01-11T08:31:18+00:00\",\"dateModified\":\"2025-12-22T03:25:30+00:00\",\"description\":\"guaifenesin cas 93-14-1 is key product of Longchang Chemical. We provide best price. We are the leading manufacturer and supplier in China with the best quanlity and competitive price.\",\"breadcrumb\":{\"@id\":\"https:\/\/longchangchemical.com\/product\/guaifenesin-cas-93-14-1\/#breadcrumb\"},\"inLanguage\":\"tr\",\"potentialAction\":[{\"@type\":\"ReadAction\",\"target\":[\"https:\/\/longchangchemical.com\/product\/guaifenesin-cas-93-14-1\/\"]}]},{\"@type\":\"ImageObject\",\"inLanguage\":\"tr\",\"@id\":\"https:\/\/longchangchemical.com\/product\/guaifenesin-cas-93-14-1\/#primaryimage\",\"url\":\"https:\/\/longchangchemical.com\/wp-content\/uploads\/2021\/01\/6-1.jpg\",\"contentUrl\":\"https:\/\/longchangchemical.com\/wp-content\/uploads\/2021\/01\/6-1.jpg\",\"width\":800,\"height\":800,\"caption\":\"guaifenesin cas 93-14-1\"},{\"@type\":\"BreadcrumbList\",\"@id\":\"https:\/\/longchangchemical.com\/product\/guaifenesin-cas-93-14-1\/#breadcrumb\",\"itemListElement\":[{\"@type\":\"ListItem\",\"position\":1,\"name\":\"Home\",\"item\":\"https:\/\/longchangchemical.com\/\"},{\"@type\":\"ListItem\",\"position\":2,\"name\":\"Products Longchang\",\"item\":\"https:\/\/longchangchemical.com\/product\/\"},{\"@type\":\"ListItem\",\"position\":3,\"name\":\"guaifenesin cas 93-14-1\"}]},{\"@type\":\"WebSite\",\"@id\":\"https:\/\/longchangchemical.com\/#website\",\"url\":\"https:\/\/longchangchemical.com\/\",\"name\":\"Longchang Chemical\",\"description\":\"China chemical manufacturer \uff06 supplier\",\"publisher\":{\"@id\":\"https:\/\/longchangchemical.com\/#organization\"},\"potentialAction\":[{\"@type\":\"SearchAction\",\"target\":{\"@type\":\"EntryPoint\",\"urlTemplate\":\"https:\/\/longchangchemical.com\/?s={search_term_string}\"},\"query-input\":{\"@type\":\"PropertyValueSpecification\",\"valueRequired\":true,\"valueName\":\"search_term_string\"}}],\"inLanguage\":\"tr\"},{\"@type\":\"Organization\",\"@id\":\"https:\/\/longchangchemical.com\/#organization\",\"name\":\"Longchang Chemical\",\"url\":\"https:\/\/longchangchemical.com\/\",\"logo\":{\"@type\":\"ImageObject\",\"inLanguage\":\"tr\",\"@id\":\"https:\/\/longchangchemical.com\/#\/schema\/logo\/image\/\",\"url\":\"https:\/\/longchangchemical.com\/wp-content\/uploads\/2020\/08\/cropped-longchang-logo.png\",\"contentUrl\":\"https:\/\/longchangchemical.com\/wp-content\/uploads\/2020\/08\/cropped-longchang-logo.png\",\"width\":512,\"height\":512,\"caption\":\"Longchang Chemical\"},\"image\":{\"@id\":\"https:\/\/longchangchemical.com\/#\/schema\/logo\/image\/\"}}]}<\/script>\n<!-- \/ Yoast SEO plugin. -->","yoast_head_json":{"title":"\u00c7in Guaifenesin \u00dcreticisi CAS 93-14-1 -Longchang Chemical","description":"guaifenesin cas 93-14-1, Longchang Chemical'\u0131n temel \u00fcr\u00fcn\u00fcd\u00fcr. En iyi fiyat\u0131 sa\u011fl\u0131yoruz. Biz en iyi quanlity ve rekabet\u00e7i fiyat ile \u00c7in'de lider \u00fcreticisi ve tedarik\u00e7isi vard\u0131r.","robots":{"index":"index","follow":"follow","max-snippet":"max-snippet:-1","max-image-preview":"max-image-preview:large","max-video-preview":"max-video-preview:-1"},"canonical":"https:\/\/longchangchemical.com\/tr\/product\/guaifenesin-cas-93-14-1\/","og_locale":"tr_TR","og_type":"article","og_title":"China Guaifenesin Manufacturer CAS 93-14-1 -Longchang Chemical","og_description":"guaifenesin cas 93-14-1 is key product of Longchang Chemical. We provide best price. We are the leading manufacturer and supplier in China with the best quanlity and competitive price.","og_url":"https:\/\/longchangchemical.com\/tr\/product\/guaifenesin-cas-93-14-1\/","og_site_name":"Longchang Chemical","article_modified_time":"2025-12-22T03:25:30+00:00","og_image":[{"width":800,"height":800,"url":"https:\/\/longchangchemical.com\/wp-content\/uploads\/2021\/01\/6-1.jpg","type":"image\/jpeg"}],"twitter_card":"summary_large_image","schema":{"@context":"https:\/\/schema.org","@graph":[{"@type":"WebPage","@id":"https:\/\/longchangchemical.com\/product\/guaifenesin-cas-93-14-1\/","url":"https:\/\/longchangchemical.com\/product\/guaifenesin-cas-93-14-1\/","name":"\u00c7in Guaifenesin \u00dcreticisi CAS 93-14-1 -Longchang Chemical","isPartOf":{"@id":"https:\/\/longchangchemical.com\/#website"},"primaryImageOfPage":{"@id":"https:\/\/longchangchemical.com\/product\/guaifenesin-cas-93-14-1\/#primaryimage"},"image":{"@id":"https:\/\/longchangchemical.com\/product\/guaifenesin-cas-93-14-1\/#primaryimage"},"thumbnailUrl":"https:\/\/longchangchemical.com\/wp-content\/uploads\/2021\/01\/6-1.jpg","datePublished":"2024-01-11T08:31:18+00:00","dateModified":"2025-12-22T03:25:30+00:00","description":"guaifenesin cas 93-14-1, Longchang Chemical'\u0131n temel \u00fcr\u00fcn\u00fcd\u00fcr. En iyi fiyat\u0131 sa\u011fl\u0131yoruz. Biz en iyi quanlity ve rekabet\u00e7i fiyat ile \u00c7in'de lider \u00fcreticisi ve tedarik\u00e7isi vard\u0131r.","breadcrumb":{"@id":"https:\/\/longchangchemical.com\/product\/guaifenesin-cas-93-14-1\/#breadcrumb"},"inLanguage":"tr","potentialAction":[{"@type":"ReadAction","target":["https:\/\/longchangchemical.com\/product\/guaifenesin-cas-93-14-1\/"]}]},{"@type":"ImageObject","inLanguage":"tr","@id":"https:\/\/longchangchemical.com\/product\/guaifenesin-cas-93-14-1\/#primaryimage","url":"https:\/\/longchangchemical.com\/wp-content\/uploads\/2021\/01\/6-1.jpg","contentUrl":"https:\/\/longchangchemical.com\/wp-content\/uploads\/2021\/01\/6-1.jpg","width":800,"height":800,"caption":"guaifenesin cas 93-14-1"},{"@type":"BreadcrumbList","@id":"https:\/\/longchangchemical.com\/product\/guaifenesin-cas-93-14-1\/#breadcrumb","itemListElement":[{"@type":"ListItem","position":1,"name":"Home","item":"https:\/\/longchangchemical.com\/"},{"@type":"ListItem","position":2,"name":"Products Longchang","item":"https:\/\/longchangchemical.com\/product\/"},{"@type":"ListItem","position":3,"name":"guaifenesin cas 93-14-1"}]},{"@type":"WebSite","@id":"https:\/\/longchangchemical.com\/#website","url":"https:\/\/longchangchemical.com\/","name":"Longchang Kimya","description":"\u00c7in kimyasal \u00fcreticisi \uff06 tedarik\u00e7isi","publisher":{"@id":"https:\/\/longchangchemical.com\/#organization"},"potentialAction":[{"@type":"SearchAction","target":{"@type":"EntryPoint","urlTemplate":"https:\/\/longchangchemical.com\/?s={search_term_string}"},"query-input":{"@type":"PropertyValueSpecification","valueRequired":true,"valueName":"search_term_string"}}],"inLanguage":"tr"},{"@type":"Organization","@id":"https:\/\/longchangchemical.com\/#organization","name":"Longchang Kimya","url":"https:\/\/longchangchemical.com\/","logo":{"@type":"ImageObject","inLanguage":"tr","@id":"https:\/\/longchangchemical.com\/#\/schema\/logo\/image\/","url":"https:\/\/longchangchemical.com\/wp-content\/uploads\/2020\/08\/cropped-longchang-logo.png","contentUrl":"https:\/\/longchangchemical.com\/wp-content\/uploads\/2020\/08\/cropped-longchang-logo.png","width":512,"height":512,"caption":"Longchang Chemical"},"image":{"@id":"https:\/\/longchangchemical.com\/#\/schema\/logo\/image\/"}}]}},"_links":{"self":[{"href":"https:\/\/longchangchemical.com\/tr\/wp-json\/wp\/v2\/product\/4261","targetHints":{"allow":["GET"]}}],"collection":[{"href":"https:\/\/longchangchemical.com\/tr\/wp-json\/wp\/v2\/product"}],"about":[{"href":"https:\/\/longchangchemical.com\/tr\/wp-json\/wp\/v2\/types\/product"}],"replies":[{"embeddable":true,"href":"https:\/\/longchangchemical.com\/tr\/wp-json\/wp\/v2\/comments?post=4261"}],"wp:featuredmedia":[{"embeddable":true,"href":"https:\/\/longchangchemical.com\/tr\/wp-json\/wp\/v2\/media\/6420"}],"wp:attachment":[{"href":"https:\/\/longchangchemical.com\/tr\/wp-json\/wp\/v2\/media?parent=4261"}],"wp:term":[{"taxonomy":"product_brand","embeddable":true,"href":"https:\/\/longchangchemical.com\/tr\/wp-json\/wp\/v2\/product_brand?post=4261"},{"taxonomy":"product_cat","embeddable":true,"href":"https:\/\/longchangchemical.com\/tr\/wp-json\/wp\/v2\/product_cat?post=4261"},{"taxonomy":"product_tag","embeddable":true,"href":"https:\/\/longchangchemical.com\/tr\/wp-json\/wp\/v2\/product_tag?post=4261"}],"curies":[{"name":"wp","href":"https:\/\/api.w.org\/{rel}","templated":true}]}}