{"id":4260,"date":"2024-01-12T01:21:55","date_gmt":"2024-01-12T01:21:55","guid":{"rendered":"https:\/\/longchangchemical.com\/?post_type=product&#038;p=4260"},"modified":"2025-12-22T03:21:53","modified_gmt":"2025-12-22T03:21:53","slug":"hbtu-cas-94790-37-1","status":"publish","type":"product","link":"https:\/\/longchangchemical.com\/tr\/product\/hbtu-cas-94790-37-1\/","title":{"rendered":"hbtu cas 94790-37-1"},"content":{"rendered":"<h2><strong>HBTU Tipik \u00d6zellikler<\/strong><\/h2>\n<table class=\"table-1\" cellspacing=\"0\">\n<tbody>\n<tr>\n<td>\u00d6\u011fe<\/td>\n<td>Teknik \u00d6zellikler<\/td>\n<\/tr>\n<tr>\n<td>G\u00f6r\u00fcn\u00fc\u015f<\/td>\n<td>Kirli beyaz ila beyaz kristal toz<\/td>\n<\/tr>\n<tr>\n<td>Safl\u0131k (HPLC)<\/td>\n<td>\u226799.0%<\/td>\n<\/tr>\n<tr>\n<td>Erime noktas\u0131 \u2103<\/td>\n<td>\u2267202.0(dec.)<\/td>\n<\/tr>\n<tr>\n<td>Kurutma kayb\u0131<\/td>\n<td>\u22660,50%<\/td>\n<\/tr>\n<tr>\n<td>\u00c7\u00f6zelti Testi (asetonitril i\u00e7inde)<\/td>\n<td>A\u00e7\u0131k ve \u015eeffaf<\/td>\n<\/tr>\n<\/tbody>\n<\/table>\n<h2><strong>HBTU Kullan\u0131m\u0131<\/strong><\/h2>\n<ol>\n<li><strong>Peptit Sentezi:<\/strong> CAS numaras\u0131 94790-37-1 olan HBTU, peptit sentezinde yayg\u0131n olarak kullan\u0131lmaktad\u0131r. Peptitlerin ve proteinlerin sentezinde peptit ba\u011flar\u0131n\u0131n olu\u015fumu i\u00e7in karboksilik asitlerin aktivasyonunda bir ba\u011flama reaktifi olarak hizmet eder.<\/li>\n<li><strong>Kimyasal Ara\u015ft\u0131rma:<\/strong> Kimyasal ara\u015ft\u0131rma faaliyetlerinde HBTU yayg\u0131n olarak kullan\u0131lan bir reaktiftir. \u00c7ok y\u00f6nl\u00fc yap\u0131s\u0131 onu \u00e7e\u015fitli kimyasal reaksiyonlarda, \u00f6zellikle de amid ba\u011f\u0131 olu\u015fumunu i\u00e7eren reaksiyonlarda de\u011ferli k\u0131lmaktad\u0131r.<\/li>\n<li><strong>Kat\u0131 Faz Peptit Sentezi (SPPS):<\/strong> HBTU kat\u0131 faz peptit sentezi i\u00e7in uygundur. Kat\u0131 destekler \u00fczerinde peptit sentezi s\u0131ras\u0131nda amino asitlerin verimli ve se\u00e7ici bir \u015fekilde ba\u011flanmas\u0131n\u0131 kolayla\u015ft\u0131r\u0131r.<\/li>\n<li><strong>T\u0131bbi Kimya:<\/strong> T\u0131bbi kimyada HBTU, \u00e7e\u015fitli biyoaktif bile\u015fiklerin ve farmas\u00f6tik ara \u00fcr\u00fcnlerin sentezinde kullan\u0131l\u0131r. Amid ba\u011f\u0131 olu\u015fumundaki y\u00fcksek etkinli\u011fi onu ila\u00e7 ke\u015fif s\u00fcre\u00e7lerinde de\u011ferli k\u0131lmaktad\u0131r.<\/li>\n<\/ol>\n<h2><strong>HBTU Paketleme ve Nakliye<\/strong><\/h2>\n<p>Ambalaj: 25kg\/Tambur<\/p>\n<p>Teslimat: Deniz veya hava<\/p>\n<h2><strong>HBTU Depolama<\/strong><\/h2>\n<p>Serin, havaland\u0131r\u0131lm\u0131\u015f, kuru bir yer.<\/p>\n<h2><strong><b>\u015eimdi Bize Ula\u015f\u0131n!<\/b><\/strong><\/h2>\n<h4><strong><b>COA, MSDS veya TDS'ye ihtiyac\u0131n\u0131z varsa, l\u00fctfen a\u015fa\u011f\u0131daki forma ileti\u015fim bilgilerinizi girin, genellikle 24 saat i\u00e7inde sizinle ileti\u015fime ge\u00e7ece\u011fiz. Bana e-posta da g\u00f6nderebilirsiniz <span style=\"color: #0000ff;\"><a style=\"color: #0000ff;\" href=\"mailto:info@longchangchemical.com\">info@longchangchemical.com<\/a><\/span> \u00c7al\u0131\u015fma saatleri i\u00e7inde (8:30 - 6:00 UTC+8 Pzt.~Sat.) veya h\u0131zl\u0131 yan\u0131t almak i\u00e7in web sitesi canl\u0131 sohbetini kullan\u0131n.<\/b><\/strong><\/h4>","protected":false},"excerpt":{"rendered":"<h2><strong>HBTU H\u0131zl\u0131 Ayr\u0131nt\u0131lar<\/strong><\/h2>\n<p>Kimyasal Ad\u0131: HBTU<\/p>\n<p>CAS No.:94790-37-1<\/p>\n<p>Molek\u00fcler Fom\u00fcl: C11H16N5O.F6P<\/p>\n<p>Kimyasal Yap\u0131:<img decoding=\"async\" title=\"HBTU Yap\u0131s\u0131\" src=\"https:\/\/www.longchangchemical.com\/wp-content\/uploads\/product-details\/20200612158764.png\" alt=\"HBTU Yap\u0131s\u0131\" width=\"178\" height=\"112\" border=\"0\" vspace=\"0\" \/><\/p>\n<p>Molek\u00fcl a\u011f\u0131rl\u0131\u011f\u0131:379.24<\/p>\n<p>G\u00f6r\u00fcn\u00fcm:Kirli beyaz ila beyaz kristal toz<\/p>\n<p>Tahlil: 99%<\/p>","protected":false},"featured_media":6426,"comment_status":"open","ping_status":"closed","template":"","meta":[],"product_brand":[],"product_cat":[73],"product_tag":[],"class_list":{"0":"post-4260","1":"product","2":"type-product","3":"status-publish","4":"has-post-thumbnail","6":"product_cat-other-additives","8":"first","9":"instock","10":"shipping-taxable","11":"product-type-simple"},"yoast_head":"<!-- This site is optimized with the Yoast SEO plugin v25.3.1 - https:\/\/yoast.com\/wordpress\/plugins\/seo\/ -->\n<title>China HBTU Manufacturer CAS 94790-37-1 -Longchang Chemical<\/title>\n<meta name=\"description\" content=\"hbtu cas 94790-37-1 is key product of Longchang Chemical. We provide best price. We are the leading manufacturer and supplier in China with the best quanlity and competitive price.\" \/>\n<meta name=\"robots\" content=\"index, follow, max-snippet:-1, max-image-preview:large, max-video-preview:-1\" \/>\n<link rel=\"canonical\" href=\"https:\/\/longchangchemical.com\/tr\/product\/hbtu-cas-94790-37-1\/\" \/>\n<meta property=\"og:locale\" content=\"tr_TR\" \/>\n<meta property=\"og:type\" content=\"article\" \/>\n<meta property=\"og:title\" content=\"China HBTU Manufacturer CAS 94790-37-1 -Longchang Chemical\" \/>\n<meta property=\"og:description\" content=\"hbtu cas 94790-37-1 is key product of Longchang Chemical. We provide best price. We are the leading manufacturer and supplier in China with the best quanlity and competitive price.\" \/>\n<meta property=\"og:url\" content=\"https:\/\/longchangchemical.com\/tr\/product\/hbtu-cas-94790-37-1\/\" \/>\n<meta property=\"og:site_name\" content=\"Longchang Chemical\" \/>\n<meta property=\"article:modified_time\" content=\"2025-12-22T03:21:53+00:00\" \/>\n<meta property=\"og:image\" content=\"https:\/\/longchangchemical.com\/wp-content\/uploads\/2021\/01\/4-1.jpg\" \/>\n\t<meta property=\"og:image:width\" content=\"800\" \/>\n\t<meta property=\"og:image:height\" content=\"800\" \/>\n\t<meta property=\"og:image:type\" content=\"image\/jpeg\" \/>\n<meta name=\"twitter:card\" content=\"summary_large_image\" \/>\n<script type=\"application\/ld+json\" class=\"yoast-schema-graph\">{\"@context\":\"https:\/\/schema.org\",\"@graph\":[{\"@type\":\"WebPage\",\"@id\":\"https:\/\/longchangchemical.com\/product\/hbtu-cas-94790-37-1\/\",\"url\":\"https:\/\/longchangchemical.com\/product\/hbtu-cas-94790-37-1\/\",\"name\":\"China HBTU Manufacturer CAS 94790-37-1 -Longchang Chemical\",\"isPartOf\":{\"@id\":\"https:\/\/longchangchemical.com\/#website\"},\"primaryImageOfPage\":{\"@id\":\"https:\/\/longchangchemical.com\/product\/hbtu-cas-94790-37-1\/#primaryimage\"},\"image\":{\"@id\":\"https:\/\/longchangchemical.com\/product\/hbtu-cas-94790-37-1\/#primaryimage\"},\"thumbnailUrl\":\"https:\/\/longchangchemical.com\/wp-content\/uploads\/2021\/01\/4-1.jpg\",\"datePublished\":\"2024-01-12T01:21:55+00:00\",\"dateModified\":\"2025-12-22T03:21:53+00:00\",\"description\":\"hbtu cas 94790-37-1 is key product of Longchang Chemical. We provide best price. We are the leading manufacturer and supplier in China with the best quanlity and competitive price.\",\"breadcrumb\":{\"@id\":\"https:\/\/longchangchemical.com\/product\/hbtu-cas-94790-37-1\/#breadcrumb\"},\"inLanguage\":\"tr\",\"potentialAction\":[{\"@type\":\"ReadAction\",\"target\":[\"https:\/\/longchangchemical.com\/product\/hbtu-cas-94790-37-1\/\"]}]},{\"@type\":\"ImageObject\",\"inLanguage\":\"tr\",\"@id\":\"https:\/\/longchangchemical.com\/product\/hbtu-cas-94790-37-1\/#primaryimage\",\"url\":\"https:\/\/longchangchemical.com\/wp-content\/uploads\/2021\/01\/4-1.jpg\",\"contentUrl\":\"https:\/\/longchangchemical.com\/wp-content\/uploads\/2021\/01\/4-1.jpg\",\"width\":800,\"height\":800,\"caption\":\"hbtu cas 94790-37-1\"},{\"@type\":\"BreadcrumbList\",\"@id\":\"https:\/\/longchangchemical.com\/product\/hbtu-cas-94790-37-1\/#breadcrumb\",\"itemListElement\":[{\"@type\":\"ListItem\",\"position\":1,\"name\":\"Home\",\"item\":\"https:\/\/longchangchemical.com\/\"},{\"@type\":\"ListItem\",\"position\":2,\"name\":\"Products Longchang\",\"item\":\"https:\/\/longchangchemical.com\/product\/\"},{\"@type\":\"ListItem\",\"position\":3,\"name\":\"hbtu cas 94790-37-1\"}]},{\"@type\":\"WebSite\",\"@id\":\"https:\/\/longchangchemical.com\/#website\",\"url\":\"https:\/\/longchangchemical.com\/\",\"name\":\"Longchang Chemical\",\"description\":\"China chemical manufacturer \uff06 supplier\",\"publisher\":{\"@id\":\"https:\/\/longchangchemical.com\/#organization\"},\"potentialAction\":[{\"@type\":\"SearchAction\",\"target\":{\"@type\":\"EntryPoint\",\"urlTemplate\":\"https:\/\/longchangchemical.com\/?s={search_term_string}\"},\"query-input\":{\"@type\":\"PropertyValueSpecification\",\"valueRequired\":true,\"valueName\":\"search_term_string\"}}],\"inLanguage\":\"tr\"},{\"@type\":\"Organization\",\"@id\":\"https:\/\/longchangchemical.com\/#organization\",\"name\":\"Longchang Chemical\",\"url\":\"https:\/\/longchangchemical.com\/\",\"logo\":{\"@type\":\"ImageObject\",\"inLanguage\":\"tr\",\"@id\":\"https:\/\/longchangchemical.com\/#\/schema\/logo\/image\/\",\"url\":\"https:\/\/longchangchemical.com\/wp-content\/uploads\/2020\/08\/cropped-longchang-logo.png\",\"contentUrl\":\"https:\/\/longchangchemical.com\/wp-content\/uploads\/2020\/08\/cropped-longchang-logo.png\",\"width\":512,\"height\":512,\"caption\":\"Longchang Chemical\"},\"image\":{\"@id\":\"https:\/\/longchangchemical.com\/#\/schema\/logo\/image\/\"}}]}<\/script>\n<!-- \/ Yoast SEO plugin. -->","yoast_head_json":{"title":"\u00c7in HBTU \u00dcreticisi CAS 94790-37-1 -Longchang Chemical","description":"hbtu cas 94790-37-1, Longchang Chemical'\u0131n temel \u00fcr\u00fcn\u00fcd\u00fcr. En iyi fiyat\u0131 sa\u011fl\u0131yoruz. Biz en iyi quanlity ve rekabet\u00e7i fiyat ile \u00c7in'de lider \u00fcreticisi ve tedarik\u00e7isi vard\u0131r.","robots":{"index":"index","follow":"follow","max-snippet":"max-snippet:-1","max-image-preview":"max-image-preview:large","max-video-preview":"max-video-preview:-1"},"canonical":"https:\/\/longchangchemical.com\/tr\/product\/hbtu-cas-94790-37-1\/","og_locale":"tr_TR","og_type":"article","og_title":"China HBTU Manufacturer CAS 94790-37-1 -Longchang Chemical","og_description":"hbtu cas 94790-37-1 is key product of Longchang Chemical. We provide best price. We are the leading manufacturer and supplier in China with the best quanlity and competitive price.","og_url":"https:\/\/longchangchemical.com\/tr\/product\/hbtu-cas-94790-37-1\/","og_site_name":"Longchang Chemical","article_modified_time":"2025-12-22T03:21:53+00:00","og_image":[{"width":800,"height":800,"url":"https:\/\/longchangchemical.com\/wp-content\/uploads\/2021\/01\/4-1.jpg","type":"image\/jpeg"}],"twitter_card":"summary_large_image","schema":{"@context":"https:\/\/schema.org","@graph":[{"@type":"WebPage","@id":"https:\/\/longchangchemical.com\/product\/hbtu-cas-94790-37-1\/","url":"https:\/\/longchangchemical.com\/product\/hbtu-cas-94790-37-1\/","name":"\u00c7in HBTU \u00dcreticisi CAS 94790-37-1 -Longchang Chemical","isPartOf":{"@id":"https:\/\/longchangchemical.com\/#website"},"primaryImageOfPage":{"@id":"https:\/\/longchangchemical.com\/product\/hbtu-cas-94790-37-1\/#primaryimage"},"image":{"@id":"https:\/\/longchangchemical.com\/product\/hbtu-cas-94790-37-1\/#primaryimage"},"thumbnailUrl":"https:\/\/longchangchemical.com\/wp-content\/uploads\/2021\/01\/4-1.jpg","datePublished":"2024-01-12T01:21:55+00:00","dateModified":"2025-12-22T03:21:53+00:00","description":"hbtu cas 94790-37-1, Longchang Chemical'\u0131n temel \u00fcr\u00fcn\u00fcd\u00fcr. En iyi fiyat\u0131 sa\u011fl\u0131yoruz. Biz en iyi quanlity ve rekabet\u00e7i fiyat ile \u00c7in'de lider \u00fcreticisi ve tedarik\u00e7isi vard\u0131r.","breadcrumb":{"@id":"https:\/\/longchangchemical.com\/product\/hbtu-cas-94790-37-1\/#breadcrumb"},"inLanguage":"tr","potentialAction":[{"@type":"ReadAction","target":["https:\/\/longchangchemical.com\/product\/hbtu-cas-94790-37-1\/"]}]},{"@type":"ImageObject","inLanguage":"tr","@id":"https:\/\/longchangchemical.com\/product\/hbtu-cas-94790-37-1\/#primaryimage","url":"https:\/\/longchangchemical.com\/wp-content\/uploads\/2021\/01\/4-1.jpg","contentUrl":"https:\/\/longchangchemical.com\/wp-content\/uploads\/2021\/01\/4-1.jpg","width":800,"height":800,"caption":"hbtu cas 94790-37-1"},{"@type":"BreadcrumbList","@id":"https:\/\/longchangchemical.com\/product\/hbtu-cas-94790-37-1\/#breadcrumb","itemListElement":[{"@type":"ListItem","position":1,"name":"Home","item":"https:\/\/longchangchemical.com\/"},{"@type":"ListItem","position":2,"name":"Products Longchang","item":"https:\/\/longchangchemical.com\/product\/"},{"@type":"ListItem","position":3,"name":"hbtu cas 94790-37-1"}]},{"@type":"WebSite","@id":"https:\/\/longchangchemical.com\/#website","url":"https:\/\/longchangchemical.com\/","name":"Longchang Kimya","description":"\u00c7in kimyasal \u00fcreticisi \uff06 tedarik\u00e7isi","publisher":{"@id":"https:\/\/longchangchemical.com\/#organization"},"potentialAction":[{"@type":"SearchAction","target":{"@type":"EntryPoint","urlTemplate":"https:\/\/longchangchemical.com\/?s={search_term_string}"},"query-input":{"@type":"PropertyValueSpecification","valueRequired":true,"valueName":"search_term_string"}}],"inLanguage":"tr"},{"@type":"Organization","@id":"https:\/\/longchangchemical.com\/#organization","name":"Longchang Kimya","url":"https:\/\/longchangchemical.com\/","logo":{"@type":"ImageObject","inLanguage":"tr","@id":"https:\/\/longchangchemical.com\/#\/schema\/logo\/image\/","url":"https:\/\/longchangchemical.com\/wp-content\/uploads\/2020\/08\/cropped-longchang-logo.png","contentUrl":"https:\/\/longchangchemical.com\/wp-content\/uploads\/2020\/08\/cropped-longchang-logo.png","width":512,"height":512,"caption":"Longchang Chemical"},"image":{"@id":"https:\/\/longchangchemical.com\/#\/schema\/logo\/image\/"}}]}},"_links":{"self":[{"href":"https:\/\/longchangchemical.com\/tr\/wp-json\/wp\/v2\/product\/4260","targetHints":{"allow":["GET"]}}],"collection":[{"href":"https:\/\/longchangchemical.com\/tr\/wp-json\/wp\/v2\/product"}],"about":[{"href":"https:\/\/longchangchemical.com\/tr\/wp-json\/wp\/v2\/types\/product"}],"replies":[{"embeddable":true,"href":"https:\/\/longchangchemical.com\/tr\/wp-json\/wp\/v2\/comments?post=4260"}],"wp:featuredmedia":[{"embeddable":true,"href":"https:\/\/longchangchemical.com\/tr\/wp-json\/wp\/v2\/media\/6426"}],"wp:attachment":[{"href":"https:\/\/longchangchemical.com\/tr\/wp-json\/wp\/v2\/media?parent=4260"}],"wp:term":[{"taxonomy":"product_brand","embeddable":true,"href":"https:\/\/longchangchemical.com\/tr\/wp-json\/wp\/v2\/product_brand?post=4260"},{"taxonomy":"product_cat","embeddable":true,"href":"https:\/\/longchangchemical.com\/tr\/wp-json\/wp\/v2\/product_cat?post=4260"},{"taxonomy":"product_tag","embeddable":true,"href":"https:\/\/longchangchemical.com\/tr\/wp-json\/wp\/v2\/product_tag?post=4260"}],"curies":[{"name":"wp","href":"https:\/\/api.w.org\/{rel}","templated":true}]}}