{"id":4256,"date":"2024-01-12T01:33:38","date_gmt":"2024-01-12T01:33:38","guid":{"rendered":"https:\/\/longchangchemical.com\/?post_type=product&#038;p=4256"},"modified":"2025-12-22T03:07:38","modified_gmt":"2025-12-22T03:07:38","slug":"o-toluidine-cas-95-53-4","status":"publish","type":"product","link":"https:\/\/longchangchemical.com\/tr\/product\/o-toluidine-cas-95-53-4\/","title":{"rendered":"o-toluidin cas 95-53-4"},"content":{"rendered":"<h2><strong>o-Toluidin Tipik \u00d6zellikleri<\/strong><\/h2>\n<table class=\"table-1\">\n<tbody>\n<tr>\n<td data-spm-anchor-id=\"a2700.details.pronpeci14.i0.2a60694ci6S3VL\"><span data-spm-anchor-id=\"a2700.details.pronpeci14.i1.2a60694ci6S3VL\">G\u00f6r\u00fcn\u00fcm Fiziksel Durum:<\/span><\/td>\n<td>lightyellowtolightamberliquid<\/td>\n<\/tr>\n<tr>\n<td>Yo\u011funluk:<\/td>\n<td>1.008<\/td>\n<\/tr>\n<tr>\n<td>MeltingPoint:<\/td>\n<td>-23\u00baC<\/td>\n<\/tr>\n<tr>\n<td>Kaynama Noktas\u0131:<\/td>\n<td>199-200\u00baC<\/td>\n<\/tr>\n<tr>\n<td>FlashPoint:<\/td>\n<td>85\u00baC<\/td>\n<\/tr>\n<tr>\n<td>Refraktif \u0130ndeks:<\/td>\n<td>1.571-1.573<\/td>\n<\/tr>\n<tr>\n<td>Su\u00c7\u00f6z\u00fcn\u00fcrl\u00fck:<\/td>\n<td>1,5 g\/100 mL (25\u00baC)<\/td>\n<\/tr>\n<tr>\n<td>Stabilite:<\/td>\n<td>Normal s\u0131cakl\u0131k ve bas\u0131n\u00e7larda kararl\u0131 olan madde, \u0131\u015f\u0131k ve havaya maruz kald\u0131\u011f\u0131nda renk de\u011fi\u015ftirir.<\/td>\n<\/tr>\n<tr>\n<td>Saklama ko\u015fulu:<\/td>\n<td>2-8\u00baC<\/td>\n<\/tr>\n<tr>\n<td>Buhar Bas\u0131nc\u0131:<\/td>\n<td>0,26 mmHg (25\u00b0C)<\/td>\n<\/tr>\n<tr>\n<td>Buhar Yo\u011funlu\u011fu:<\/td>\n<td>3.7(vsair)<\/td>\n<\/tr>\n<\/tbody>\n<\/table>\n<h2><strong>o-Toluidin Kullan\u0131m\u0131<\/strong><\/h2>\n<p>O-toluidin, trisiklazol, metalaksil, furosemid, b\u00f6cek \u00f6ld\u00fcr\u00fcc\u00fc ve akarisit insektisit, akrep ve herbisitler, ibutaklor, diklorfen ve asetoklor gibi fungisitlerin bir ara maddesidir. Ayn\u0131 zamanda boyalar\u0131n ana ara maddesidir ve h\u00fcnnap bazl\u0131 GBC, b\u00fcy\u00fck k\u0131rm\u0131z\u0131 baz G, k\u0131rm\u0131z\u0131 bazl\u0131 RL, fenolik fenolik As-D, asit k\u0131rm\u0131z\u0131 3B, bazik macenta vb. \u00fcretebilir ve reaktif boyalar \u00fcretebilir.<\/p>\n<ol>\n<li><strong>Kimyasal Sentez:<\/strong> CAS numaras\u0131 95-53-4 olan O-Toluidin, kimyasal sentezde yayg\u0131n olarak kullan\u0131l\u0131r. Boyalar, farmas\u00f6tikler ve tar\u0131m kimyasallar\u0131 dahil olmak \u00fczere \u00e7e\u015fitli organik bile\u015fiklerin \u00fcretiminde \u00e7ok y\u00f6nl\u00fc bir yap\u0131 ta\u015f\u0131 olarak hizmet eder.<\/li>\n<li><strong>Boya End\u00fcstrisi:<\/strong> Bu bile\u015fik boya end\u00fcstrisinde uygulama alan\u0131 bulmaktad\u0131r. O-Toluidin, \u00e7e\u015fitli boyalar\u0131n sentezinde \u00f6nemli bir bile\u015fendir ve tekstil ve di\u011fer malzemelerdeki canl\u0131 renklere katk\u0131da bulunur.<\/li>\n<li><strong>\u0130la\u00e7lar:<\/strong> O-Toluidin ila\u00e7 end\u00fcstrisinde kullan\u0131lmaktad\u0131r. Baz\u0131 ila\u00e7lar\u0131n ve farmas\u00f6tik \u00fcr\u00fcnlerin sentezinde bir ara \u00fcr\u00fcn olarak kullan\u0131labilir ve t\u0131bbi kimyada \u00f6nemli bir rol oynar.<\/li>\n<li><strong>Tar\u0131msal Kimyasallar:<\/strong> Tar\u0131msal kimyasallar\u0131n \u00fcretiminde O-Toluidin kullan\u0131labilir. Pestisitlerde veya herbisitlerde kullan\u0131lan spesifik bile\u015fiklerin sentezine katk\u0131da bulunabilir.<\/li>\n<\/ol>\n<h2><strong>o-ToluidinAmbalajlama<\/strong><\/h2>\n<p>M\u00fc\u015fterinin gereksinimlerine g\u00f6re.<\/p>\n<h2><strong><b>\u015eimdi Bize Ula\u015f\u0131n!<\/b><\/strong><\/h2>\n<h4><strong><b>COA, MSDS veya TDS'ye ihtiyac\u0131n\u0131z varsa, l\u00fctfen a\u015fa\u011f\u0131daki forma ileti\u015fim bilgilerinizi girin, genellikle 24 saat i\u00e7inde sizinle ileti\u015fime ge\u00e7ece\u011fiz. Bana e-posta da g\u00f6nderebilirsiniz <span style=\"color: #0000ff;\"><a style=\"color: #0000ff;\" href=\"mailto:info@longchangchemical.com\">info@longchangchemical.com<\/a><\/span> \u00c7al\u0131\u015fma saatleri i\u00e7inde (8:30 - 6:00 UTC+8 Pzt.~Sat.) veya h\u0131zl\u0131 yan\u0131t almak i\u00e7in web sitesi canl\u0131 sohbetini kullan\u0131n.<\/b><\/strong><\/h4>","protected":false},"excerpt":{"rendered":"<h2><strong>o-ToluidinH\u0131zl\u0131 Ayr\u0131nt\u0131lar<\/strong><\/h2>\n<p>Kimyasal Ad\u0131:o-Toluidin<\/p>\n<p>CAS No: 95-53-4<\/p>\n<p>Molek\u00fcler Fom\u00fcl:C7H9N<\/p>\n<p>Molek\u00fcler A\u011f\u0131rl\u0131k:107.15<\/p>\n<p>Kimyasal Yap\u0131:<img decoding=\"async\" title=\"o-Toluidin Yap\u0131s\u0131\" src=\"https:\/\/www.longchangchemical.com\/wp-content\/uploads\/product-details\/20200616215532.png\" alt=\"o-Toluidin Yap\u0131s\u0131\" width=\"76\" height=\"49\" border=\"0\" vspace=\"0\" \/><\/p>\n<p>G\u00f6r\u00fcn\u00fc\u015f: a\u00e7\u0131k sar\u0131 ila a\u00e7\u0131k kehribar s\u0131v\u0131<\/p>\n<p>Safl\u0131k: 99,4%<\/p>","protected":false},"featured_media":6430,"comment_status":"open","ping_status":"closed","template":"","meta":[],"product_brand":[],"product_cat":[69],"product_tag":[],"class_list":{"0":"post-4256","1":"product","2":"type-product","3":"status-publish","4":"has-post-thumbnail","6":"product_cat-catalysts-chemical-auxiliary-agents","8":"first","9":"instock","10":"shipping-taxable","11":"product-type-simple"},"yoast_head":"<!-- This site is optimized with the Yoast SEO plugin v25.3.1 - https:\/\/yoast.com\/wordpress\/plugins\/seo\/ -->\n<title>China o-Toluidine Manufacturer CAS 95-53-4 -Longchang Chemical<\/title>\n<meta name=\"description\" content=\"o-toluidine cas 95-53-4 is key product of Longchang Chemical. We provide best price. We are the leading manufacturer and supplier in China with the best quanlity and competitive price.\" \/>\n<meta name=\"robots\" content=\"index, follow, max-snippet:-1, max-image-preview:large, max-video-preview:-1\" \/>\n<link rel=\"canonical\" href=\"https:\/\/longchangchemical.com\/tr\/product\/o-toluidine-cas-95-53-4\/\" \/>\n<meta property=\"og:locale\" content=\"tr_TR\" \/>\n<meta property=\"og:type\" content=\"article\" \/>\n<meta property=\"og:title\" content=\"China o-Toluidine Manufacturer CAS 95-53-4 -Longchang Chemical\" \/>\n<meta property=\"og:description\" content=\"o-toluidine cas 95-53-4 is key product of Longchang Chemical. We provide best price. We are the leading manufacturer and supplier in China with the best quanlity and competitive price.\" \/>\n<meta property=\"og:url\" content=\"https:\/\/longchangchemical.com\/tr\/product\/o-toluidine-cas-95-53-4\/\" \/>\n<meta property=\"og:site_name\" content=\"Longchang Chemical\" \/>\n<meta property=\"article:modified_time\" content=\"2025-12-22T03:07:38+00:00\" \/>\n<meta property=\"og:image\" content=\"https:\/\/longchangchemical.com\/wp-content\/uploads\/2024\/01\/9-1.jpg\" \/>\n\t<meta property=\"og:image:width\" content=\"800\" \/>\n\t<meta property=\"og:image:height\" content=\"800\" \/>\n\t<meta property=\"og:image:type\" content=\"image\/jpeg\" \/>\n<meta name=\"twitter:card\" content=\"summary_large_image\" \/>\n<script type=\"application\/ld+json\" class=\"yoast-schema-graph\">{\"@context\":\"https:\/\/schema.org\",\"@graph\":[{\"@type\":\"WebPage\",\"@id\":\"https:\/\/longchangchemical.com\/product\/o-toluidine-cas-95-53-4\/\",\"url\":\"https:\/\/longchangchemical.com\/product\/o-toluidine-cas-95-53-4\/\",\"name\":\"China o-Toluidine Manufacturer CAS 95-53-4 -Longchang Chemical\",\"isPartOf\":{\"@id\":\"https:\/\/longchangchemical.com\/#website\"},\"primaryImageOfPage\":{\"@id\":\"https:\/\/longchangchemical.com\/product\/o-toluidine-cas-95-53-4\/#primaryimage\"},\"image\":{\"@id\":\"https:\/\/longchangchemical.com\/product\/o-toluidine-cas-95-53-4\/#primaryimage\"},\"thumbnailUrl\":\"https:\/\/longchangchemical.com\/wp-content\/uploads\/2024\/01\/9-1.jpg\",\"datePublished\":\"2024-01-12T01:33:38+00:00\",\"dateModified\":\"2025-12-22T03:07:38+00:00\",\"description\":\"o-toluidine cas 95-53-4 is key product of Longchang Chemical. We provide best price. We are the leading manufacturer and supplier in China with the best quanlity and competitive price.\",\"breadcrumb\":{\"@id\":\"https:\/\/longchangchemical.com\/product\/o-toluidine-cas-95-53-4\/#breadcrumb\"},\"inLanguage\":\"tr\",\"potentialAction\":[{\"@type\":\"ReadAction\",\"target\":[\"https:\/\/longchangchemical.com\/product\/o-toluidine-cas-95-53-4\/\"]}]},{\"@type\":\"ImageObject\",\"inLanguage\":\"tr\",\"@id\":\"https:\/\/longchangchemical.com\/product\/o-toluidine-cas-95-53-4\/#primaryimage\",\"url\":\"https:\/\/longchangchemical.com\/wp-content\/uploads\/2024\/01\/9-1.jpg\",\"contentUrl\":\"https:\/\/longchangchemical.com\/wp-content\/uploads\/2024\/01\/9-1.jpg\",\"width\":800,\"height\":800,\"caption\":\"o-toluidine cas 95-53-4\"},{\"@type\":\"BreadcrumbList\",\"@id\":\"https:\/\/longchangchemical.com\/product\/o-toluidine-cas-95-53-4\/#breadcrumb\",\"itemListElement\":[{\"@type\":\"ListItem\",\"position\":1,\"name\":\"Home\",\"item\":\"https:\/\/longchangchemical.com\/\"},{\"@type\":\"ListItem\",\"position\":2,\"name\":\"Products Longchang\",\"item\":\"https:\/\/longchangchemical.com\/product\/\"},{\"@type\":\"ListItem\",\"position\":3,\"name\":\"o-toluidine cas 95-53-4\"}]},{\"@type\":\"WebSite\",\"@id\":\"https:\/\/longchangchemical.com\/#website\",\"url\":\"https:\/\/longchangchemical.com\/\",\"name\":\"Longchang Chemical\",\"description\":\"China chemical manufacturer \uff06 supplier\",\"publisher\":{\"@id\":\"https:\/\/longchangchemical.com\/#organization\"},\"potentialAction\":[{\"@type\":\"SearchAction\",\"target\":{\"@type\":\"EntryPoint\",\"urlTemplate\":\"https:\/\/longchangchemical.com\/?s={search_term_string}\"},\"query-input\":{\"@type\":\"PropertyValueSpecification\",\"valueRequired\":true,\"valueName\":\"search_term_string\"}}],\"inLanguage\":\"tr\"},{\"@type\":\"Organization\",\"@id\":\"https:\/\/longchangchemical.com\/#organization\",\"name\":\"Longchang Chemical\",\"url\":\"https:\/\/longchangchemical.com\/\",\"logo\":{\"@type\":\"ImageObject\",\"inLanguage\":\"tr\",\"@id\":\"https:\/\/longchangchemical.com\/#\/schema\/logo\/image\/\",\"url\":\"https:\/\/longchangchemical.com\/wp-content\/uploads\/2020\/08\/cropped-longchang-logo.png\",\"contentUrl\":\"https:\/\/longchangchemical.com\/wp-content\/uploads\/2020\/08\/cropped-longchang-logo.png\",\"width\":512,\"height\":512,\"caption\":\"Longchang Chemical\"},\"image\":{\"@id\":\"https:\/\/longchangchemical.com\/#\/schema\/logo\/image\/\"}}]}<\/script>\n<!-- \/ Yoast SEO plugin. -->","yoast_head_json":{"title":"\u00c7in o-Toluidin \u00dcreticisi CAS 95-53-4 -Longchang Chemical","description":"o-toluidin cas 95-53-4, Longchang Chemical'\u0131n temel \u00fcr\u00fcn\u00fcd\u00fcr. En iyi fiyat\u0131 sa\u011fl\u0131yoruz. Biz en iyi quanlity ve rekabet\u00e7i fiyat ile \u00c7in'de lider \u00fcreticisi ve tedarik\u00e7isi vard\u0131r.","robots":{"index":"index","follow":"follow","max-snippet":"max-snippet:-1","max-image-preview":"max-image-preview:large","max-video-preview":"max-video-preview:-1"},"canonical":"https:\/\/longchangchemical.com\/tr\/product\/o-toluidine-cas-95-53-4\/","og_locale":"tr_TR","og_type":"article","og_title":"China o-Toluidine Manufacturer CAS 95-53-4 -Longchang Chemical","og_description":"o-toluidine cas 95-53-4 is key product of Longchang Chemical. We provide best price. We are the leading manufacturer and supplier in China with the best quanlity and competitive price.","og_url":"https:\/\/longchangchemical.com\/tr\/product\/o-toluidine-cas-95-53-4\/","og_site_name":"Longchang Chemical","article_modified_time":"2025-12-22T03:07:38+00:00","og_image":[{"width":800,"height":800,"url":"https:\/\/longchangchemical.com\/wp-content\/uploads\/2024\/01\/9-1.jpg","type":"image\/jpeg"}],"twitter_card":"summary_large_image","schema":{"@context":"https:\/\/schema.org","@graph":[{"@type":"WebPage","@id":"https:\/\/longchangchemical.com\/product\/o-toluidine-cas-95-53-4\/","url":"https:\/\/longchangchemical.com\/product\/o-toluidine-cas-95-53-4\/","name":"\u00c7in o-Toluidin \u00dcreticisi CAS 95-53-4 -Longchang Chemical","isPartOf":{"@id":"https:\/\/longchangchemical.com\/#website"},"primaryImageOfPage":{"@id":"https:\/\/longchangchemical.com\/product\/o-toluidine-cas-95-53-4\/#primaryimage"},"image":{"@id":"https:\/\/longchangchemical.com\/product\/o-toluidine-cas-95-53-4\/#primaryimage"},"thumbnailUrl":"https:\/\/longchangchemical.com\/wp-content\/uploads\/2024\/01\/9-1.jpg","datePublished":"2024-01-12T01:33:38+00:00","dateModified":"2025-12-22T03:07:38+00:00","description":"o-toluidin cas 95-53-4, Longchang Chemical'\u0131n temel \u00fcr\u00fcn\u00fcd\u00fcr. En iyi fiyat\u0131 sa\u011fl\u0131yoruz. Biz en iyi quanlity ve rekabet\u00e7i fiyat ile \u00c7in'de lider \u00fcreticisi ve tedarik\u00e7isi vard\u0131r.","breadcrumb":{"@id":"https:\/\/longchangchemical.com\/product\/o-toluidine-cas-95-53-4\/#breadcrumb"},"inLanguage":"tr","potentialAction":[{"@type":"ReadAction","target":["https:\/\/longchangchemical.com\/product\/o-toluidine-cas-95-53-4\/"]}]},{"@type":"ImageObject","inLanguage":"tr","@id":"https:\/\/longchangchemical.com\/product\/o-toluidine-cas-95-53-4\/#primaryimage","url":"https:\/\/longchangchemical.com\/wp-content\/uploads\/2024\/01\/9-1.jpg","contentUrl":"https:\/\/longchangchemical.com\/wp-content\/uploads\/2024\/01\/9-1.jpg","width":800,"height":800,"caption":"o-toluidine cas 95-53-4"},{"@type":"BreadcrumbList","@id":"https:\/\/longchangchemical.com\/product\/o-toluidine-cas-95-53-4\/#breadcrumb","itemListElement":[{"@type":"ListItem","position":1,"name":"Home","item":"https:\/\/longchangchemical.com\/"},{"@type":"ListItem","position":2,"name":"Products Longchang","item":"https:\/\/longchangchemical.com\/product\/"},{"@type":"ListItem","position":3,"name":"o-toluidine cas 95-53-4"}]},{"@type":"WebSite","@id":"https:\/\/longchangchemical.com\/#website","url":"https:\/\/longchangchemical.com\/","name":"Longchang Kimya","description":"\u00c7in kimyasal \u00fcreticisi \uff06 tedarik\u00e7isi","publisher":{"@id":"https:\/\/longchangchemical.com\/#organization"},"potentialAction":[{"@type":"SearchAction","target":{"@type":"EntryPoint","urlTemplate":"https:\/\/longchangchemical.com\/?s={search_term_string}"},"query-input":{"@type":"PropertyValueSpecification","valueRequired":true,"valueName":"search_term_string"}}],"inLanguage":"tr"},{"@type":"Organization","@id":"https:\/\/longchangchemical.com\/#organization","name":"Longchang Kimya","url":"https:\/\/longchangchemical.com\/","logo":{"@type":"ImageObject","inLanguage":"tr","@id":"https:\/\/longchangchemical.com\/#\/schema\/logo\/image\/","url":"https:\/\/longchangchemical.com\/wp-content\/uploads\/2020\/08\/cropped-longchang-logo.png","contentUrl":"https:\/\/longchangchemical.com\/wp-content\/uploads\/2020\/08\/cropped-longchang-logo.png","width":512,"height":512,"caption":"Longchang Chemical"},"image":{"@id":"https:\/\/longchangchemical.com\/#\/schema\/logo\/image\/"}}]}},"_links":{"self":[{"href":"https:\/\/longchangchemical.com\/tr\/wp-json\/wp\/v2\/product\/4256","targetHints":{"allow":["GET"]}}],"collection":[{"href":"https:\/\/longchangchemical.com\/tr\/wp-json\/wp\/v2\/product"}],"about":[{"href":"https:\/\/longchangchemical.com\/tr\/wp-json\/wp\/v2\/types\/product"}],"replies":[{"embeddable":true,"href":"https:\/\/longchangchemical.com\/tr\/wp-json\/wp\/v2\/comments?post=4256"}],"wp:featuredmedia":[{"embeddable":true,"href":"https:\/\/longchangchemical.com\/tr\/wp-json\/wp\/v2\/media\/6430"}],"wp:attachment":[{"href":"https:\/\/longchangchemical.com\/tr\/wp-json\/wp\/v2\/media?parent=4256"}],"wp:term":[{"taxonomy":"product_brand","embeddable":true,"href":"https:\/\/longchangchemical.com\/tr\/wp-json\/wp\/v2\/product_brand?post=4256"},{"taxonomy":"product_cat","embeddable":true,"href":"https:\/\/longchangchemical.com\/tr\/wp-json\/wp\/v2\/product_cat?post=4256"},{"taxonomy":"product_tag","embeddable":true,"href":"https:\/\/longchangchemical.com\/tr\/wp-json\/wp\/v2\/product_tag?post=4256"}],"curies":[{"name":"wp","href":"https:\/\/api.w.org\/{rel}","templated":true}]}}