{"id":4250,"date":"2024-01-12T02:53:24","date_gmt":"2024-01-12T02:53:24","guid":{"rendered":"https:\/\/longchangchemical.com\/?post_type=product&#038;p=4250"},"modified":"2025-12-22T02:51:30","modified_gmt":"2025-12-22T02:51:30","slug":"cas-96507-89-0","status":"publish","type":"product","link":"https:\/\/longchangchemical.com\/tr\/product\/cas-96507-89-0\/","title":{"rendered":"bifidobacterium longum, lysate cas 96507-89-0"},"content":{"rendered":"<h2><strong>CAS 96507-89-0 Tipik \u00d6zellikler<\/strong><\/h2>\n<table class=\"table-1\" cellspacing=\"0\">\n<tbody>\n<tr>\n<td>\u00d6\u011fe<\/td>\n<td>Standart<\/td>\n<\/tr>\n<tr>\n<td>G\u00f6r\u00fcn\u00fc\u015f<\/td>\n<td>Renksiz \u015feffaf s\u0131v\u0131<\/td>\n<\/tr>\n<tr>\n<td>\u0130\u00e7erik<\/td>\n<td>\u226598.0%\uff08GC\uff09<\/td>\n<\/tr>\n<tr>\n<td>Nem<\/td>\n<td>\u22640.20%<\/td>\n<\/tr>\n<tr>\n<td>Safs\u0131zl\u0131k<\/td>\n<td>\u22642.0%\uff08GC\uff09<\/td>\n<\/tr>\n<\/tbody>\n<\/table>\n<h2><strong>CAS 96507-89-0 Kullan\u0131m<\/strong><\/h2>\n<p>Kozmetik malzeme olarak kullan\u0131l\u0131r.<\/p>\n<ol>\n<li><strong>Cilt Bak\u0131m\u0131 ve Kozmetik Sekt\u00f6r\u00fc:<\/strong> CAS numaras\u0131 96507-89-0 olan Bifida Ferment Lysate, cilt bak\u0131m\u0131 ve kozmetik end\u00fcstrisinde yayg\u0131n olarak kullan\u0131lmaktad\u0131r. Nemlendirme, ya\u015flanma kar\u015f\u0131t\u0131 etkiler ve sa\u011fl\u0131kl\u0131 bir cilt bariyerini te\u015fvik etme dahil olmak \u00fczere cilt i\u00e7in potansiyel faydalar\u0131 ile bilinir.<\/li>\n<li><strong>Ya\u015flanma Kar\u015f\u0131t\u0131 Form\u00fclasyonlar:<\/strong> Bu bile\u015fik ya\u015flanma kar\u015f\u0131t\u0131 cilt bak\u0131m form\u00fclasyonlar\u0131nda uygulama alan\u0131 bulur. Bifida Ferment Lizat\u0131 genellikle ince \u00e7izgilerin, k\u0131r\u0131\u015f\u0131kl\u0131klar\u0131n g\u00f6r\u00fcn\u00fcm\u00fcn\u00fc azaltmay\u0131 ve genel cilt gen\u00e7le\u015fmesini te\u015fvik etmeyi ama\u00e7layan \u00fcr\u00fcnlere dahil edilir.<\/li>\n<li><strong>Probiyotik Cilt Bak\u0131m\u0131:<\/strong> Bifida Ferment Lizat\u0131 bazen probiyotik cilt bak\u0131m\u0131 ile ili\u015fkilendirilir. Cildin mikrobiyomunu desteklemek ve do\u011fal savunma mekanizmalar\u0131n\u0131 geli\u015ftirmek i\u00e7in tasarlanm\u0131\u015f form\u00fclasyonlara katk\u0131da bulunabilir.<\/li>\n<li><strong>Dermatolojik \u00dcr\u00fcnler:<\/strong> Dermatolojik \u00fcr\u00fcnlerde, Bifida Ferment Lizat\u0131 potansiyel cilt faydalar\u0131 i\u00e7in kullan\u0131labilir. Belirli dermatolojik endi\u015feler ve ko\u015fullar i\u00e7in tasarlanm\u0131\u015f form\u00fclasyonlara dahil edilebilir.<\/li>\n<\/ol>\n<h2><strong>CAS 96507-89-0 Paketleme ve Nakliye<\/strong><\/h2>\n<p>Ambalaj:25kg\/davul<\/p>\n<h2><strong>CAS 96507-89-0 Depolama<\/strong><\/h2>\n<p>Serin ve kuru havaland\u0131r\u0131lan bir yerde saklan\u0131r<\/p>\n<h2><strong><b>\u015eimdi Bize Ula\u015f\u0131n!<\/b><\/strong><\/h2>\n<h4><strong><b>COA, MSDS veya TDS'ye ihtiyac\u0131n\u0131z varsa, l\u00fctfen a\u015fa\u011f\u0131daki forma ileti\u015fim bilgilerinizi girin, genellikle 24 saat i\u00e7inde sizinle ileti\u015fime ge\u00e7ece\u011fiz. Bana e-posta da g\u00f6nderebilirsiniz <span style=\"color: #0000ff;\"><a style=\"color: #0000ff;\" href=\"mailto:info@longchangchemical.com\">info@longchangchemical.com<\/a><\/span> \u00c7al\u0131\u015fma saatleri i\u00e7inde (8:30 - 6:00 UTC+8 Pzt.~Sat.) veya h\u0131zl\u0131 yan\u0131t almak i\u00e7in web sitesi canl\u0131 sohbetini kullan\u0131n.<\/b><\/strong><\/h4>","protected":false},"excerpt":{"rendered":"<h2><strong>CAS 96507-89-0 Detaylar<\/strong><\/h2>\n<p>Kimyasal Ad\u0131:Bifidobacterium longum, lizat<\/p>\n<p>CAS No.:96507-89-0<\/p>\n<p>G\u00f6r\u00fcn\u00fcm:Renksiz \u015feffaf s\u0131v\u0131<\/p>","protected":false},"featured_media":6435,"comment_status":"open","ping_status":"closed","template":"","meta":[],"product_brand":[],"product_cat":[103],"product_tag":[],"class_list":{"0":"post-4250","1":"product","2":"type-product","3":"status-publish","4":"has-post-thumbnail","6":"product_cat-cosmetic-additives","8":"first","9":"instock","10":"shipping-taxable","11":"product-type-simple"},"yoast_head":"<!-- This site is optimized with the Yoast SEO plugin v25.3.1 - https:\/\/yoast.com\/wordpress\/plugins\/seo\/ -->\n<title>China Bifidobacterium longum, lysate Manufacturer CAS 96507-89-0 -Longchang Chemical<\/title>\n<meta name=\"description\" content=\"bifidobacterium longum, lysate cas 96507-89-0 is key product of Longchang Chemical. We provide best price. We are the leading manufacturer and supplier in China with the best quanlity and competitive price.\" \/>\n<meta name=\"robots\" content=\"index, follow, max-snippet:-1, max-image-preview:large, max-video-preview:-1\" \/>\n<link rel=\"canonical\" href=\"https:\/\/longchangchemical.com\/tr\/product\/cas-96507-89-0\/\" \/>\n<meta property=\"og:locale\" content=\"tr_TR\" \/>\n<meta property=\"og:type\" content=\"article\" \/>\n<meta property=\"og:title\" content=\"China Bifidobacterium longum, lysate Manufacturer CAS 96507-89-0 -Longchang Chemical\" \/>\n<meta property=\"og:description\" content=\"bifidobacterium longum, lysate cas 96507-89-0 is key product of Longchang Chemical. We provide best price. We are the leading manufacturer and supplier in China with the best quanlity and competitive price.\" \/>\n<meta property=\"og:url\" content=\"https:\/\/longchangchemical.com\/tr\/product\/cas-96507-89-0\/\" \/>\n<meta property=\"og:site_name\" content=\"Longchang Chemical\" \/>\n<meta property=\"article:modified_time\" content=\"2025-12-22T02:51:30+00:00\" \/>\n<meta property=\"og:image\" content=\"https:\/\/longchangchemical.com\/wp-content\/uploads\/2021\/01\/3-3.jpg\" \/>\n\t<meta property=\"og:image:width\" content=\"800\" \/>\n\t<meta property=\"og:image:height\" content=\"800\" \/>\n\t<meta property=\"og:image:type\" content=\"image\/jpeg\" \/>\n<meta name=\"twitter:card\" content=\"summary_large_image\" \/>\n<script type=\"application\/ld+json\" class=\"yoast-schema-graph\">{\"@context\":\"https:\/\/schema.org\",\"@graph\":[{\"@type\":\"WebPage\",\"@id\":\"https:\/\/longchangchemical.com\/product\/cas-96507-89-0\/\",\"url\":\"https:\/\/longchangchemical.com\/product\/cas-96507-89-0\/\",\"name\":\"China Bifidobacterium longum, lysate Manufacturer CAS 96507-89-0 -Longchang Chemical\",\"isPartOf\":{\"@id\":\"https:\/\/longchangchemical.com\/#website\"},\"primaryImageOfPage\":{\"@id\":\"https:\/\/longchangchemical.com\/product\/cas-96507-89-0\/#primaryimage\"},\"image\":{\"@id\":\"https:\/\/longchangchemical.com\/product\/cas-96507-89-0\/#primaryimage\"},\"thumbnailUrl\":\"https:\/\/longchangchemical.com\/wp-content\/uploads\/2021\/01\/3-3.jpg\",\"datePublished\":\"2024-01-12T02:53:24+00:00\",\"dateModified\":\"2025-12-22T02:51:30+00:00\",\"description\":\"bifidobacterium longum, lysate cas 96507-89-0 is key product of Longchang Chemical. We provide best price. We are the leading manufacturer and supplier in China with the best quanlity and competitive price.\",\"breadcrumb\":{\"@id\":\"https:\/\/longchangchemical.com\/product\/cas-96507-89-0\/#breadcrumb\"},\"inLanguage\":\"tr\",\"potentialAction\":[{\"@type\":\"ReadAction\",\"target\":[\"https:\/\/longchangchemical.com\/product\/cas-96507-89-0\/\"]}]},{\"@type\":\"ImageObject\",\"inLanguage\":\"tr\",\"@id\":\"https:\/\/longchangchemical.com\/product\/cas-96507-89-0\/#primaryimage\",\"url\":\"https:\/\/longchangchemical.com\/wp-content\/uploads\/2021\/01\/3-3.jpg\",\"contentUrl\":\"https:\/\/longchangchemical.com\/wp-content\/uploads\/2021\/01\/3-3.jpg\",\"width\":800,\"height\":800,\"caption\":\"bifidobacterium longum, lysate cas 96507-89-0\"},{\"@type\":\"BreadcrumbList\",\"@id\":\"https:\/\/longchangchemical.com\/product\/cas-96507-89-0\/#breadcrumb\",\"itemListElement\":[{\"@type\":\"ListItem\",\"position\":1,\"name\":\"Home\",\"item\":\"https:\/\/longchangchemical.com\/\"},{\"@type\":\"ListItem\",\"position\":2,\"name\":\"Products Longchang\",\"item\":\"https:\/\/longchangchemical.com\/product\/\"},{\"@type\":\"ListItem\",\"position\":3,\"name\":\"bifidobacterium longum, lysate cas 96507-89-0\"}]},{\"@type\":\"WebSite\",\"@id\":\"https:\/\/longchangchemical.com\/#website\",\"url\":\"https:\/\/longchangchemical.com\/\",\"name\":\"Longchang Chemical\",\"description\":\"China chemical manufacturer \uff06 supplier\",\"publisher\":{\"@id\":\"https:\/\/longchangchemical.com\/#organization\"},\"potentialAction\":[{\"@type\":\"SearchAction\",\"target\":{\"@type\":\"EntryPoint\",\"urlTemplate\":\"https:\/\/longchangchemical.com\/?s={search_term_string}\"},\"query-input\":{\"@type\":\"PropertyValueSpecification\",\"valueRequired\":true,\"valueName\":\"search_term_string\"}}],\"inLanguage\":\"tr\"},{\"@type\":\"Organization\",\"@id\":\"https:\/\/longchangchemical.com\/#organization\",\"name\":\"Longchang Chemical\",\"url\":\"https:\/\/longchangchemical.com\/\",\"logo\":{\"@type\":\"ImageObject\",\"inLanguage\":\"tr\",\"@id\":\"https:\/\/longchangchemical.com\/#\/schema\/logo\/image\/\",\"url\":\"https:\/\/longchangchemical.com\/wp-content\/uploads\/2020\/08\/cropped-longchang-logo.png\",\"contentUrl\":\"https:\/\/longchangchemical.com\/wp-content\/uploads\/2020\/08\/cropped-longchang-logo.png\",\"width\":512,\"height\":512,\"caption\":\"Longchang Chemical\"},\"image\":{\"@id\":\"https:\/\/longchangchemical.com\/#\/schema\/logo\/image\/\"}}]}<\/script>\n<!-- \/ Yoast SEO plugin. -->","yoast_head_json":{"title":"\u00c7in Bifidobacterium longum, lizat \u00dcreticisi CAS 96507-89-0 -Longchang Chemical","description":"bifidobacterium longum, lysate cas 96507-89-0, Longchang Chemical'\u0131n anahtar \u00fcr\u00fcn\u00fcd\u00fcr. En iyi fiyat\u0131 sa\u011fl\u0131yoruz. Biz en iyi quanlity ve rekabet\u00e7i fiyat ile \u00c7in'de lider \u00fcretici ve tedarik\u00e7i vard\u0131r.","robots":{"index":"index","follow":"follow","max-snippet":"max-snippet:-1","max-image-preview":"max-image-preview:large","max-video-preview":"max-video-preview:-1"},"canonical":"https:\/\/longchangchemical.com\/tr\/product\/cas-96507-89-0\/","og_locale":"tr_TR","og_type":"article","og_title":"China Bifidobacterium longum, lysate Manufacturer CAS 96507-89-0 -Longchang Chemical","og_description":"bifidobacterium longum, lysate cas 96507-89-0 is key product of Longchang Chemical. We provide best price. We are the leading manufacturer and supplier in China with the best quanlity and competitive price.","og_url":"https:\/\/longchangchemical.com\/tr\/product\/cas-96507-89-0\/","og_site_name":"Longchang Chemical","article_modified_time":"2025-12-22T02:51:30+00:00","og_image":[{"width":800,"height":800,"url":"https:\/\/longchangchemical.com\/wp-content\/uploads\/2021\/01\/3-3.jpg","type":"image\/jpeg"}],"twitter_card":"summary_large_image","schema":{"@context":"https:\/\/schema.org","@graph":[{"@type":"WebPage","@id":"https:\/\/longchangchemical.com\/product\/cas-96507-89-0\/","url":"https:\/\/longchangchemical.com\/product\/cas-96507-89-0\/","name":"\u00c7in Bifidobacterium longum, lizat \u00dcreticisi CAS 96507-89-0 -Longchang Chemical","isPartOf":{"@id":"https:\/\/longchangchemical.com\/#website"},"primaryImageOfPage":{"@id":"https:\/\/longchangchemical.com\/product\/cas-96507-89-0\/#primaryimage"},"image":{"@id":"https:\/\/longchangchemical.com\/product\/cas-96507-89-0\/#primaryimage"},"thumbnailUrl":"https:\/\/longchangchemical.com\/wp-content\/uploads\/2021\/01\/3-3.jpg","datePublished":"2024-01-12T02:53:24+00:00","dateModified":"2025-12-22T02:51:30+00:00","description":"bifidobacterium longum, lysate cas 96507-89-0, Longchang Chemical'\u0131n anahtar \u00fcr\u00fcn\u00fcd\u00fcr. En iyi fiyat\u0131 sa\u011fl\u0131yoruz. Biz en iyi quanlity ve rekabet\u00e7i fiyat ile \u00c7in'de lider \u00fcretici ve tedarik\u00e7i vard\u0131r.","breadcrumb":{"@id":"https:\/\/longchangchemical.com\/product\/cas-96507-89-0\/#breadcrumb"},"inLanguage":"tr","potentialAction":[{"@type":"ReadAction","target":["https:\/\/longchangchemical.com\/product\/cas-96507-89-0\/"]}]},{"@type":"ImageObject","inLanguage":"tr","@id":"https:\/\/longchangchemical.com\/product\/cas-96507-89-0\/#primaryimage","url":"https:\/\/longchangchemical.com\/wp-content\/uploads\/2021\/01\/3-3.jpg","contentUrl":"https:\/\/longchangchemical.com\/wp-content\/uploads\/2021\/01\/3-3.jpg","width":800,"height":800,"caption":"bifidobacterium longum, lysate cas 96507-89-0"},{"@type":"BreadcrumbList","@id":"https:\/\/longchangchemical.com\/product\/cas-96507-89-0\/#breadcrumb","itemListElement":[{"@type":"ListItem","position":1,"name":"Home","item":"https:\/\/longchangchemical.com\/"},{"@type":"ListItem","position":2,"name":"Products Longchang","item":"https:\/\/longchangchemical.com\/product\/"},{"@type":"ListItem","position":3,"name":"bifidobacterium longum, lysate cas 96507-89-0"}]},{"@type":"WebSite","@id":"https:\/\/longchangchemical.com\/#website","url":"https:\/\/longchangchemical.com\/","name":"Longchang Kimya","description":"\u00c7in kimyasal \u00fcreticisi \uff06 tedarik\u00e7isi","publisher":{"@id":"https:\/\/longchangchemical.com\/#organization"},"potentialAction":[{"@type":"SearchAction","target":{"@type":"EntryPoint","urlTemplate":"https:\/\/longchangchemical.com\/?s={search_term_string}"},"query-input":{"@type":"PropertyValueSpecification","valueRequired":true,"valueName":"search_term_string"}}],"inLanguage":"tr"},{"@type":"Organization","@id":"https:\/\/longchangchemical.com\/#organization","name":"Longchang Kimya","url":"https:\/\/longchangchemical.com\/","logo":{"@type":"ImageObject","inLanguage":"tr","@id":"https:\/\/longchangchemical.com\/#\/schema\/logo\/image\/","url":"https:\/\/longchangchemical.com\/wp-content\/uploads\/2020\/08\/cropped-longchang-logo.png","contentUrl":"https:\/\/longchangchemical.com\/wp-content\/uploads\/2020\/08\/cropped-longchang-logo.png","width":512,"height":512,"caption":"Longchang Chemical"},"image":{"@id":"https:\/\/longchangchemical.com\/#\/schema\/logo\/image\/"}}]}},"_links":{"self":[{"href":"https:\/\/longchangchemical.com\/tr\/wp-json\/wp\/v2\/product\/4250","targetHints":{"allow":["GET"]}}],"collection":[{"href":"https:\/\/longchangchemical.com\/tr\/wp-json\/wp\/v2\/product"}],"about":[{"href":"https:\/\/longchangchemical.com\/tr\/wp-json\/wp\/v2\/types\/product"}],"replies":[{"embeddable":true,"href":"https:\/\/longchangchemical.com\/tr\/wp-json\/wp\/v2\/comments?post=4250"}],"wp:featuredmedia":[{"embeddable":true,"href":"https:\/\/longchangchemical.com\/tr\/wp-json\/wp\/v2\/media\/6435"}],"wp:attachment":[{"href":"https:\/\/longchangchemical.com\/tr\/wp-json\/wp\/v2\/media?parent=4250"}],"wp:term":[{"taxonomy":"product_brand","embeddable":true,"href":"https:\/\/longchangchemical.com\/tr\/wp-json\/wp\/v2\/product_brand?post=4250"},{"taxonomy":"product_cat","embeddable":true,"href":"https:\/\/longchangchemical.com\/tr\/wp-json\/wp\/v2\/product_cat?post=4250"},{"taxonomy":"product_tag","embeddable":true,"href":"https:\/\/longchangchemical.com\/tr\/wp-json\/wp\/v2\/product_tag?post=4250"}],"curies":[{"name":"wp","href":"https:\/\/api.w.org\/{rel}","templated":true}]}}