{"id":4245,"date":"2024-01-12T06:00:01","date_gmt":"2024-01-12T06:00:01","guid":{"rendered":"https:\/\/longchangchemical.com\/?post_type=product&#038;p=4245"},"modified":"2025-12-22T02:31:37","modified_gmt":"2025-12-22T02:31:37","slug":"4-tert-butylphenol-cas-98-54-4","status":"publish","type":"product","link":"https:\/\/longchangchemical.com\/tr\/product\/4-tert-butylphenol-cas-98-54-4\/","title":{"rendered":"4-tert-butilfenol cas 98-54-4"},"content":{"rendered":"<h2><strong>4-tert-ButilfenolTipik \u00d6zellikler<\/strong><\/h2>\n<table class=\"table-1\" cellspacing=\"0\">\n<tbody>\n<tr>\n<td><strong>\u00d6\u011fe<\/strong><\/td>\n<td><strong>Teknik \u00d6zellikler<\/strong><\/td>\n<\/tr>\n<tr>\n<td>G\u00f6r\u00fcn\u00fc\u015f<\/td>\n<td>Beyaz pul kat\u0131<\/td>\n<\/tr>\n<tr>\n<td>Fenol<\/td>\n<td>\u22640,2%<\/td>\n<\/tr>\n<tr>\n<td>O-tert-butilfenol<\/td>\n<td>\u22641.2%<\/td>\n<\/tr>\n<tr>\n<td>4-tert-B\u00fctilfenol<\/td>\n<td>\u226599%<\/td>\n<\/tr>\n<tr>\n<td>M-tert-b\u00fctilfenol<\/td>\n<td>\u22640,4%<\/td>\n<\/tr>\n<tr>\n<td>2,6 di-tert-butilfenol<\/td>\n<td>\u22640,1%<\/td>\n<\/tr>\n<tr>\n<td>2,4di-tert-butilfenol<\/td>\n<td>\u22640,5%<\/td>\n<\/tr>\n<tr>\n<td>Donma noktas\u0131<\/td>\n<td>\u226596\u2103<\/td>\n<\/tr>\n<tr>\n<td>Nem<\/td>\n<td>\u22640,1%<\/td>\n<\/tr>\n<\/tbody>\n<\/table>\n<h2><strong>4-tert-Butylphenol Kullan\u0131m\u0131<\/strong><\/h2>\n<ol>\n<li>Pestisitlerde akarisit spiroksamin i\u00e7in hammadde olarak kullan\u0131l\u0131r. Antioksidan \u00f6zelliklere sahiptir ve kau\u00e7uk, sabun, klorlu hidrokarbonlar ve nitrosel\u00fcloz i\u00e7in stabilizat\u00f6r olarak kullan\u0131labilir;<\/li>\n<li>ila\u00e7lar (b\u00f6cek ila\u00e7lar\u0131), parf\u00fcmler, sentetik re\u00e7ineler i\u00e7in bir hammaddedir; yumu\u015fat\u0131c\u0131lar, \u00e7\u00f6z\u00fcc\u00fcler, boyalar ve kaplamalar i\u00e7in katk\u0131 maddeleri;<\/li>\n<li>Bir ya\u011f em\u00fclsiyonu dem\u00fclgat\u00f6r bile\u015feni ve bir ara\u00e7 ya\u011f\u0131 katk\u0131s\u0131 olarak kullan\u0131labilir.<\/li>\n<li>\u00c7e\u015fitli kullan\u0131m alanlar\u0131 elde etmek i\u00e7in formaldehitin polikondensasyonu ile elde edilebilen ya\u011fda \u00e7\u00f6z\u00fcn\u00fcr fenolik re\u00e7inede kullan\u0131l\u0131r.<\/li>\n<li>Polikarbonat \u00fcretimi i\u00e7in, fosgen polikarbonat i\u00e7in bir reaksiyon sonland\u0131r\u0131c\u0131 olarak, eklenen miktar re\u00e7inenin 1-3%'sidir.<\/li>\n<li>Epoksi re\u00e7ine ve ksilen re\u00e7inenin modifikasyonu i\u00e7in kullan\u0131l\u0131r; polivinil klor\u00fcr stabilizat\u00f6r\u00fc, y\u00fczey aktif madde ve ultraviyole emici olarak kullan\u0131l\u0131r.<\/li>\n<li><strong>End\u00fcstriyel Uygulamalar:<\/strong> CAS numaras\u0131 98-54-4 olan 4-Tert-Butylphenol, \u00e7e\u015fitli end\u00fcstriyel uygulamalarda yayg\u0131n olarak kullan\u0131lmaktad\u0131r. Polimerlerin, re\u00e7inelerin ve di\u011fer end\u00fcstriyel \u00fcr\u00fcnlerin \u00fcretiminde kimyasal bir ara madde olarak hizmet eder.<\/li>\n<li><strong>Antioksidan Form\u00fclasyonlar:<\/strong> Bu bile\u015fik antioksidan form\u00fclasyonlarda uygulama alan\u0131 bulur. 4-Tert-Butylphenol antioksidan \u00f6zellikleri i\u00e7in kullan\u0131l\u0131r ve malzemeleri oksidatif bozulmaya kar\u015f\u0131 stabilize etmeyi ama\u00e7layan form\u00fclasyonlara dahil edilebilir.<\/li>\n<li><strong>Kimyasal Sentez:<\/strong> 4-Tert-Butylphenol kimyasal sentezde yayg\u0131n olarak kullan\u0131lmaktad\u0131r. Farmas\u00f6tikler, zirai kimyasallar ve \u00f6zel kimyasallar dahil olmak \u00fczere \u00e7e\u015fitli organik bile\u015fiklerin \u00fcretiminde \u00e7ok y\u00f6nl\u00fc bir yap\u0131 ta\u015f\u0131 olarak hizmet eder.<\/li>\n<li><strong>Polimer End\u00fcstrisi:<\/strong> Polimer end\u00fcstrisinde 4-Tert-Butylphenol kullan\u0131labilir. Polimer \u00f6zelliklerinin modifikasyonuna ve polimerizasyon i\u015flemlerinde spesifik malzemelerin geli\u015ftirilmesine katk\u0131da bulunabilir.<\/li>\n<\/ol>\n<h2><strong>4-tert-Butylphenol Ambalaj<\/strong><\/h2>\n<p>25kg\/torba.<\/p>\n<h2><strong>4-tert-Butilfenol Depolama<\/strong><\/h2>\n<p>Depo d\u00fc\u015f\u00fck s\u0131cakl\u0131kta havaland\u0131r\u0131lmal\u0131 ve oksidandan ayr\u0131 olarak depolanmal\u0131d\u0131r.<\/p>\n<h2><strong><b>\u015eimdi Bize Ula\u015f\u0131n!<\/b><\/strong><\/h2>\n<h4><strong><b>COA, MSDS veya TDS'ye ihtiyac\u0131n\u0131z varsa, l\u00fctfen a\u015fa\u011f\u0131daki forma ileti\u015fim bilgilerinizi girin, genellikle 24 saat i\u00e7inde sizinle ileti\u015fime ge\u00e7ece\u011fiz. Bana e-posta da g\u00f6nderebilirsiniz <span style=\"color: #0000ff;\"><a style=\"color: #0000ff;\" href=\"mailto:info@longchangchemical.com\">info@longchangchemical.com<\/a><\/span> \u00c7al\u0131\u015fma saatleri i\u00e7inde (8:30 - 6:00 UTC+8 Pzt.~Sat.) veya h\u0131zl\u0131 yan\u0131t almak i\u00e7in web sitesi canl\u0131 sohbetini kullan\u0131n.<\/b><\/strong><\/h4>","protected":false},"excerpt":{"rendered":"<h2><strong>4-tert-ButylphenolH\u0131zl\u0131 Ayr\u0131nt\u0131lar<\/strong><\/h2>\n<p>Kimyasal Ad\u0131:4-tert-Butylphenol<\/p>\n<p>CAS No: 98-54-4<\/p>\n<p>Molek\u00fcler Fom\u00fcl:C10H14O<\/p>\n<p>Molek\u00fcl A\u011f\u0131rl\u0131\u011f\u0131:150.22<\/p>\n<p>Kimyasal Yap\u0131:<img decoding=\"async\" title=\"4-tert-B\u00fctilfenol Yap\u0131s\u0131\" src=\"https:\/\/www.longchangchemical.com\/wp-content\/uploads\/product-details\/20200616062574.png\" alt=\"4-tert-B\u00fctilfenol Yap\u0131s\u0131\" width=\"117\" height=\"44\" border=\"0\" vspace=\"0\" \/><\/p>\n<p>G\u00f6r\u00fcn\u00fc\u015f: Beyaz pul pul kat\u0131<\/p>\n<p>Safl\u0131k: 99%<\/p>","protected":false},"featured_media":6441,"comment_status":"open","ping_status":"closed","template":"","meta":[],"product_brand":[],"product_cat":[69],"product_tag":[],"class_list":{"0":"post-4245","1":"product","2":"type-product","3":"status-publish","4":"has-post-thumbnail","6":"product_cat-catalysts-chemical-auxiliary-agents","8":"first","9":"instock","10":"shipping-taxable","11":"product-type-simple"},"yoast_head":"<!-- This site is optimized with the Yoast SEO plugin v25.3.1 - https:\/\/yoast.com\/wordpress\/plugins\/seo\/ -->\n<title>China 4-tert-Butylphenol Manufacturer CAS 98-54-4 -Longchang Chemical<\/title>\n<meta name=\"description\" content=\"4-tert-butylphenol cas 98-54-4 is key product of Longchang Chemical. We provide best price. We are the leading manufacturer and supplier in China with the best quanlity and competitive price.\" \/>\n<meta name=\"robots\" content=\"index, follow, max-snippet:-1, max-image-preview:large, max-video-preview:-1\" \/>\n<link rel=\"canonical\" href=\"https:\/\/longchangchemical.com\/tr\/product\/4-tert-butylphenol-cas-98-54-4\/\" \/>\n<meta property=\"og:locale\" content=\"tr_TR\" \/>\n<meta property=\"og:type\" content=\"article\" \/>\n<meta property=\"og:title\" content=\"China 4-tert-Butylphenol Manufacturer CAS 98-54-4 -Longchang Chemical\" \/>\n<meta property=\"og:description\" content=\"4-tert-butylphenol cas 98-54-4 is key product of Longchang Chemical. We provide best price. We are the leading manufacturer and supplier in China with the best quanlity and competitive price.\" \/>\n<meta property=\"og:url\" content=\"https:\/\/longchangchemical.com\/tr\/product\/4-tert-butylphenol-cas-98-54-4\/\" \/>\n<meta property=\"og:site_name\" content=\"Longchang Chemical\" \/>\n<meta property=\"article:modified_time\" content=\"2025-12-22T02:31:37+00:00\" \/>\n<meta property=\"og:image\" content=\"https:\/\/longchangchemical.com\/wp-content\/uploads\/2021\/01\/8-2.jpg\" \/>\n\t<meta property=\"og:image:width\" content=\"800\" \/>\n\t<meta property=\"og:image:height\" content=\"800\" \/>\n\t<meta property=\"og:image:type\" content=\"image\/jpeg\" \/>\n<meta name=\"twitter:card\" content=\"summary_large_image\" \/>\n<script type=\"application\/ld+json\" class=\"yoast-schema-graph\">{\"@context\":\"https:\/\/schema.org\",\"@graph\":[{\"@type\":\"WebPage\",\"@id\":\"https:\/\/longchangchemical.com\/product\/4-tert-butylphenol-cas-98-54-4\/\",\"url\":\"https:\/\/longchangchemical.com\/product\/4-tert-butylphenol-cas-98-54-4\/\",\"name\":\"China 4-tert-Butylphenol Manufacturer CAS 98-54-4 -Longchang Chemical\",\"isPartOf\":{\"@id\":\"https:\/\/longchangchemical.com\/#website\"},\"primaryImageOfPage\":{\"@id\":\"https:\/\/longchangchemical.com\/product\/4-tert-butylphenol-cas-98-54-4\/#primaryimage\"},\"image\":{\"@id\":\"https:\/\/longchangchemical.com\/product\/4-tert-butylphenol-cas-98-54-4\/#primaryimage\"},\"thumbnailUrl\":\"https:\/\/longchangchemical.com\/wp-content\/uploads\/2021\/01\/8-2.jpg\",\"datePublished\":\"2024-01-12T06:00:01+00:00\",\"dateModified\":\"2025-12-22T02:31:37+00:00\",\"description\":\"4-tert-butylphenol cas 98-54-4 is key product of Longchang Chemical. We provide best price. We are the leading manufacturer and supplier in China with the best quanlity and competitive price.\",\"breadcrumb\":{\"@id\":\"https:\/\/longchangchemical.com\/product\/4-tert-butylphenol-cas-98-54-4\/#breadcrumb\"},\"inLanguage\":\"tr\",\"potentialAction\":[{\"@type\":\"ReadAction\",\"target\":[\"https:\/\/longchangchemical.com\/product\/4-tert-butylphenol-cas-98-54-4\/\"]}]},{\"@type\":\"ImageObject\",\"inLanguage\":\"tr\",\"@id\":\"https:\/\/longchangchemical.com\/product\/4-tert-butylphenol-cas-98-54-4\/#primaryimage\",\"url\":\"https:\/\/longchangchemical.com\/wp-content\/uploads\/2021\/01\/8-2.jpg\",\"contentUrl\":\"https:\/\/longchangchemical.com\/wp-content\/uploads\/2021\/01\/8-2.jpg\",\"width\":800,\"height\":800,\"caption\":\"4-tert-butylphenol cas 98-54-4\"},{\"@type\":\"BreadcrumbList\",\"@id\":\"https:\/\/longchangchemical.com\/product\/4-tert-butylphenol-cas-98-54-4\/#breadcrumb\",\"itemListElement\":[{\"@type\":\"ListItem\",\"position\":1,\"name\":\"Home\",\"item\":\"https:\/\/longchangchemical.com\/\"},{\"@type\":\"ListItem\",\"position\":2,\"name\":\"Products Longchang\",\"item\":\"https:\/\/longchangchemical.com\/product\/\"},{\"@type\":\"ListItem\",\"position\":3,\"name\":\"4-tert-butylphenol cas 98-54-4\"}]},{\"@type\":\"WebSite\",\"@id\":\"https:\/\/longchangchemical.com\/#website\",\"url\":\"https:\/\/longchangchemical.com\/\",\"name\":\"Longchang Chemical\",\"description\":\"China chemical manufacturer \uff06 supplier\",\"publisher\":{\"@id\":\"https:\/\/longchangchemical.com\/#organization\"},\"potentialAction\":[{\"@type\":\"SearchAction\",\"target\":{\"@type\":\"EntryPoint\",\"urlTemplate\":\"https:\/\/longchangchemical.com\/?s={search_term_string}\"},\"query-input\":{\"@type\":\"PropertyValueSpecification\",\"valueRequired\":true,\"valueName\":\"search_term_string\"}}],\"inLanguage\":\"tr\"},{\"@type\":\"Organization\",\"@id\":\"https:\/\/longchangchemical.com\/#organization\",\"name\":\"Longchang Chemical\",\"url\":\"https:\/\/longchangchemical.com\/\",\"logo\":{\"@type\":\"ImageObject\",\"inLanguage\":\"tr\",\"@id\":\"https:\/\/longchangchemical.com\/#\/schema\/logo\/image\/\",\"url\":\"https:\/\/longchangchemical.com\/wp-content\/uploads\/2020\/08\/cropped-longchang-logo.png\",\"contentUrl\":\"https:\/\/longchangchemical.com\/wp-content\/uploads\/2020\/08\/cropped-longchang-logo.png\",\"width\":512,\"height\":512,\"caption\":\"Longchang Chemical\"},\"image\":{\"@id\":\"https:\/\/longchangchemical.com\/#\/schema\/logo\/image\/\"}}]}<\/script>\n<!-- \/ Yoast SEO plugin. -->","yoast_head_json":{"title":"\u00c7in 4-tert-Butylphenol \u00dcretici CAS 98-54-4 -Longchang Chemical","description":"4-tert-butylphenol cas 98-54-4, Longchang Chemical'\u0131n temel \u00fcr\u00fcn\u00fcd\u00fcr. En iyi fiyat\u0131 sa\u011fl\u0131yoruz. Biz en iyi quanlity ve rekabet\u00e7i fiyat ile \u00c7in'de lider \u00fcretici ve tedarik\u00e7i vard\u0131r.","robots":{"index":"index","follow":"follow","max-snippet":"max-snippet:-1","max-image-preview":"max-image-preview:large","max-video-preview":"max-video-preview:-1"},"canonical":"https:\/\/longchangchemical.com\/tr\/product\/4-tert-butylphenol-cas-98-54-4\/","og_locale":"tr_TR","og_type":"article","og_title":"China 4-tert-Butylphenol Manufacturer CAS 98-54-4 -Longchang Chemical","og_description":"4-tert-butylphenol cas 98-54-4 is key product of Longchang Chemical. We provide best price. We are the leading manufacturer and supplier in China with the best quanlity and competitive price.","og_url":"https:\/\/longchangchemical.com\/tr\/product\/4-tert-butylphenol-cas-98-54-4\/","og_site_name":"Longchang Chemical","article_modified_time":"2025-12-22T02:31:37+00:00","og_image":[{"width":800,"height":800,"url":"https:\/\/longchangchemical.com\/wp-content\/uploads\/2021\/01\/8-2.jpg","type":"image\/jpeg"}],"twitter_card":"summary_large_image","schema":{"@context":"https:\/\/schema.org","@graph":[{"@type":"WebPage","@id":"https:\/\/longchangchemical.com\/product\/4-tert-butylphenol-cas-98-54-4\/","url":"https:\/\/longchangchemical.com\/product\/4-tert-butylphenol-cas-98-54-4\/","name":"\u00c7in 4-tert-Butylphenol \u00dcretici CAS 98-54-4 -Longchang Chemical","isPartOf":{"@id":"https:\/\/longchangchemical.com\/#website"},"primaryImageOfPage":{"@id":"https:\/\/longchangchemical.com\/product\/4-tert-butylphenol-cas-98-54-4\/#primaryimage"},"image":{"@id":"https:\/\/longchangchemical.com\/product\/4-tert-butylphenol-cas-98-54-4\/#primaryimage"},"thumbnailUrl":"https:\/\/longchangchemical.com\/wp-content\/uploads\/2021\/01\/8-2.jpg","datePublished":"2024-01-12T06:00:01+00:00","dateModified":"2025-12-22T02:31:37+00:00","description":"4-tert-butylphenol cas 98-54-4, Longchang Chemical'\u0131n temel \u00fcr\u00fcn\u00fcd\u00fcr. En iyi fiyat\u0131 sa\u011fl\u0131yoruz. Biz en iyi quanlity ve rekabet\u00e7i fiyat ile \u00c7in'de lider \u00fcretici ve tedarik\u00e7i vard\u0131r.","breadcrumb":{"@id":"https:\/\/longchangchemical.com\/product\/4-tert-butylphenol-cas-98-54-4\/#breadcrumb"},"inLanguage":"tr","potentialAction":[{"@type":"ReadAction","target":["https:\/\/longchangchemical.com\/product\/4-tert-butylphenol-cas-98-54-4\/"]}]},{"@type":"ImageObject","inLanguage":"tr","@id":"https:\/\/longchangchemical.com\/product\/4-tert-butylphenol-cas-98-54-4\/#primaryimage","url":"https:\/\/longchangchemical.com\/wp-content\/uploads\/2021\/01\/8-2.jpg","contentUrl":"https:\/\/longchangchemical.com\/wp-content\/uploads\/2021\/01\/8-2.jpg","width":800,"height":800,"caption":"4-tert-butylphenol cas 98-54-4"},{"@type":"BreadcrumbList","@id":"https:\/\/longchangchemical.com\/product\/4-tert-butylphenol-cas-98-54-4\/#breadcrumb","itemListElement":[{"@type":"ListItem","position":1,"name":"Home","item":"https:\/\/longchangchemical.com\/"},{"@type":"ListItem","position":2,"name":"Products Longchang","item":"https:\/\/longchangchemical.com\/product\/"},{"@type":"ListItem","position":3,"name":"4-tert-butylphenol cas 98-54-4"}]},{"@type":"WebSite","@id":"https:\/\/longchangchemical.com\/#website","url":"https:\/\/longchangchemical.com\/","name":"Longchang Kimya","description":"\u00c7in kimyasal \u00fcreticisi \uff06 tedarik\u00e7isi","publisher":{"@id":"https:\/\/longchangchemical.com\/#organization"},"potentialAction":[{"@type":"SearchAction","target":{"@type":"EntryPoint","urlTemplate":"https:\/\/longchangchemical.com\/?s={search_term_string}"},"query-input":{"@type":"PropertyValueSpecification","valueRequired":true,"valueName":"search_term_string"}}],"inLanguage":"tr"},{"@type":"Organization","@id":"https:\/\/longchangchemical.com\/#organization","name":"Longchang Kimya","url":"https:\/\/longchangchemical.com\/","logo":{"@type":"ImageObject","inLanguage":"tr","@id":"https:\/\/longchangchemical.com\/#\/schema\/logo\/image\/","url":"https:\/\/longchangchemical.com\/wp-content\/uploads\/2020\/08\/cropped-longchang-logo.png","contentUrl":"https:\/\/longchangchemical.com\/wp-content\/uploads\/2020\/08\/cropped-longchang-logo.png","width":512,"height":512,"caption":"Longchang Chemical"},"image":{"@id":"https:\/\/longchangchemical.com\/#\/schema\/logo\/image\/"}}]}},"_links":{"self":[{"href":"https:\/\/longchangchemical.com\/tr\/wp-json\/wp\/v2\/product\/4245","targetHints":{"allow":["GET"]}}],"collection":[{"href":"https:\/\/longchangchemical.com\/tr\/wp-json\/wp\/v2\/product"}],"about":[{"href":"https:\/\/longchangchemical.com\/tr\/wp-json\/wp\/v2\/types\/product"}],"replies":[{"embeddable":true,"href":"https:\/\/longchangchemical.com\/tr\/wp-json\/wp\/v2\/comments?post=4245"}],"wp:featuredmedia":[{"embeddable":true,"href":"https:\/\/longchangchemical.com\/tr\/wp-json\/wp\/v2\/media\/6441"}],"wp:attachment":[{"href":"https:\/\/longchangchemical.com\/tr\/wp-json\/wp\/v2\/media?parent=4245"}],"wp:term":[{"taxonomy":"product_brand","embeddable":true,"href":"https:\/\/longchangchemical.com\/tr\/wp-json\/wp\/v2\/product_brand?post=4245"},{"taxonomy":"product_cat","embeddable":true,"href":"https:\/\/longchangchemical.com\/tr\/wp-json\/wp\/v2\/product_cat?post=4245"},{"taxonomy":"product_tag","embeddable":true,"href":"https:\/\/longchangchemical.com\/tr\/wp-json\/wp\/v2\/product_tag?post=4245"}],"curies":[{"name":"wp","href":"https:\/\/api.w.org\/{rel}","templated":true}]}}