{"id":4244,"date":"2024-01-12T06:03:03","date_gmt":"2024-01-12T06:03:03","guid":{"rendered":"https:\/\/longchangchemical.com\/?post_type=product&#038;p=4244"},"modified":"2024-04-28T05:45:13","modified_gmt":"2024-04-28T05:45:13","slug":"terpineol-cas-98-55-5","status":"publish","type":"product","link":"https:\/\/longchangchemical.com\/tr\/product\/terpineol-cas-98-55-5\/","title":{"rendered":"\u03b1-terpineol \/ \u03b2-terpineol \/ \u03b3-terpineol CAS 98-55-5 VE 8000-41-7"},"content":{"rendered":"<h2>\u03b1-terpineol \/ \u03b2-terpineol \/ \u03b3-terpineol CAS 98-55-5 VE 8000-41-7<\/h2>\n<table width=\"342\">\n<tbody>\n<tr>\n<td width=\"129\">G\u00f6r\u00fcn\u00fc\u015f<\/td>\n<td width=\"213\">Renksiz viskoz s\u0131v\u0131<\/td>\n<\/tr>\n<tr>\n<td width=\"129\">Koku<\/td>\n<td width=\"213\">karanfil<\/td>\n<\/tr>\n<tr>\n<td width=\"129\">Safl\u0131k %<\/td>\n<td width=\"213\">\u2267 96.0<\/td>\n<\/tr>\n<tr>\n<td width=\"129\">Yo\u011funluk (D420)<\/td>\n<td width=\"213\">0.931-0.938<\/td>\n<\/tr>\n<tr>\n<td width=\"129\">K\u0131r\u0131lma indisi (20 \u2103)<\/td>\n<td width=\"213\">1.4825-1.4855<\/td>\n<\/tr>\n<\/tbody>\n<\/table>\n<h2><strong>\u03b1-Terpineol Kullan\u0131m\u0131<\/strong><\/h2>\n<ol>\n<li>Leylak tipi esans\u0131n ana maddesi<\/li>\n<li>G\u00fc\u00e7l\u00fc alkali direncine sahiptir ve sabun esans\u0131 i\u00e7in uygundur.<\/li>\n<li>Asetat\u0131 a\u011fa\u00e7 kavunu ve lavanta aromas\u0131na sahiptir ve aroma haz\u0131rlamada kullan\u0131l\u0131r.<\/li>\n<li>T\u0131p; pestisitler; plastikler; sabun; m\u00fcrekkep; enstr\u00fcmantasyon ve telekom\u00fcnikasyon end\u00fcstrisinde cam e\u015fyalar \u00fczerinde renk i\u00e7in m\u00fckemmel bir \u00e7\u00f6z\u00fcc\u00fc olarak kullan\u0131l\u0131r.<\/li>\n<li><strong>Aroma ve Koku End\u00fcstrisi:<\/strong> CAS numaras\u0131 98-55-5 olan \u03b1-Terpineol, aroma ve koku end\u00fcstrisinde yayg\u0131n olarak kullan\u0131l\u0131r. Belirli koku ve aromalar\u0131n form\u00fclasyonuna katk\u0131da bulunarak taze ve karakteristik bir aroma sa\u011flar.<\/li>\n<li><strong>Kozmetik ve Ki\u015fisel Bak\u0131m \u00dcr\u00fcnleri:<\/strong> Bu bile\u015fik kozmetik ve ki\u015fisel bak\u0131m \u00fcr\u00fcnlerinde uygulama alan\u0131 bulur. \u03b1-Terpineol ho\u015f kokusu i\u00e7in kullan\u0131l\u0131r ve parf\u00fcmler, losyonlar ve sabunlar gibi form\u00fclasyonlara dahil edilebilir.<\/li>\n<li><strong>\u0130la\u00e7lar:<\/strong> \u03b1-Terpineol ila\u00e7 end\u00fcstrisinde kullan\u0131lmaktad\u0131r. T\u0131bbi kimyada rol oynayan baz\u0131 ila\u00e7 form\u00fclasyonlar\u0131na ve farmas\u00f6tik \u00fcr\u00fcnlere dahil edilebilir.<\/li>\n<li><strong>End\u00fcstriyel Uygulamalar:<\/strong> Baz\u0131 end\u00fcstriyel uygulamalarda \u03b1-Terpineol kullan\u0131labilir. \u00d6zelliklerinin faydal\u0131 oldu\u011fu end\u00fcstriyel \u00fcr\u00fcnlerin form\u00fclasyonunda kullan\u0131labilir.<\/li>\n<\/ol>\n<h2><strong>\u03b1-TerpineolAmbalajlama ve Nakliye<\/strong><\/h2>\n<p>18kg\/davul<\/p>\n<h2><strong>\u03b1-TerpineolDepolama<\/strong><\/h2>\n<p>Serin havaland\u0131rmal\u0131 depoda kapal\u0131 bir kapta saklan\u0131r<\/p>\n<h2><strong><b>\u015eimdi Bize Ula\u015f\u0131n!<\/b><\/strong><\/h2>\n<h4><strong><b>COA, MSDS veya TDS'ye ihtiyac\u0131n\u0131z varsa, l\u00fctfen a\u015fa\u011f\u0131daki forma ileti\u015fim bilgilerinizi girin, genellikle 24 saat i\u00e7inde sizinle ileti\u015fime ge\u00e7ece\u011fiz. Bana e-posta da g\u00f6nderebilirsiniz <span style=\"color: #0000ff;\"><a style=\"color: #0000ff;\" href=\"mailto:info@longchangchemical.com\">info@longchangchemical.com<\/a><\/span> \u00c7al\u0131\u015fma saatleri i\u00e7inde (8:30 - 6:00 UTC+8 Pzt.~Sat.) veya h\u0131zl\u0131 yan\u0131t almak i\u00e7in web sitesi canl\u0131 sohbetini kullan\u0131n.<\/b><\/strong><\/h4>","protected":false},"excerpt":{"rendered":"<p>Kimyasal Ad\u0131: \u03b1-terpineol \/ \u03b2-terpineol \/ \u03b3-terpineol<br \/>\nCAS No.:98-55-5<br \/>\nMolek\u00fcler Fom\u00fcl: C10H18O<\/p>\n<p>Molek\u00fcler Yap\u0131:<img decoding=\"async\" title=\"\u03b1-Terpineol Yap\u0131s\u0131\" src=\"https:\/\/www.longchangchemical.com\/wp-content\/uploads\/product-details\/20200611164524.png\" alt=\"\u03b1-Terpineol Yap\u0131s\u0131\" width=\"219\" height=\"113\" border=\"0\" vspace=\"0\" \/><\/p>\n<p>Molek\u00fcler A\u011f\u0131rl\u0131k: 154,25<\/p>\n<p>G\u00f6r\u00fcn\u00fc\u015f: Renksiz Viskoz S\u0131v\u0131 veya Beyaz Kristal<\/p>\n<p>Test \uff1a 98,0 %min<\/p>","protected":false},"featured_media":6442,"comment_status":"open","ping_status":"closed","template":"","meta":[],"product_brand":[],"product_cat":[69],"product_tag":[],"class_list":{"0":"post-4244","1":"product","2":"type-product","3":"status-publish","4":"has-post-thumbnail","6":"product_cat-catalysts-chemical-auxiliary-agents","8":"first","9":"instock","10":"shipping-taxable","11":"product-type-simple"},"yoast_head":"<!-- This site is optimized with the Yoast SEO plugin v25.3.1 - https:\/\/yoast.com\/wordpress\/plugins\/seo\/ -->\n<title>China alpha-Terpineol Manufacturer CAS 98-55-5 and 8000-41-7 -Longchang Chemical<\/title>\n<meta name=\"description\" content=\"\u03b1-terpineol cas 98-55-5 is key product of Longchang Chemical. We provide best price. We are the leading manufacturer and supplier in China with the best quanlity and competitive price.\" \/>\n<meta name=\"robots\" content=\"index, follow, max-snippet:-1, max-image-preview:large, max-video-preview:-1\" \/>\n<link rel=\"canonical\" href=\"https:\/\/longchangchemical.com\/tr\/product\/terpineol-cas-98-55-5\/\" \/>\n<meta property=\"og:locale\" content=\"tr_TR\" \/>\n<meta property=\"og:type\" content=\"article\" \/>\n<meta property=\"og:title\" content=\"China alpha-Terpineol Manufacturer CAS 98-55-5 and 8000-41-7 -Longchang Chemical\" \/>\n<meta property=\"og:description\" content=\"\u03b1-terpineol cas 98-55-5 is key product of Longchang Chemical. We provide best price. We are the leading manufacturer and supplier in China with the best quanlity and competitive price.\" \/>\n<meta property=\"og:url\" content=\"https:\/\/longchangchemical.com\/tr\/product\/terpineol-cas-98-55-5\/\" \/>\n<meta property=\"og:site_name\" content=\"Longchang Chemical\" \/>\n<meta property=\"article:modified_time\" content=\"2024-04-28T05:45:13+00:00\" \/>\n<meta property=\"og:image\" content=\"https:\/\/longchangchemical.com\/wp-content\/uploads\/2021\/01\/9-1.jpg\" \/>\n\t<meta property=\"og:image:width\" content=\"800\" \/>\n\t<meta property=\"og:image:height\" content=\"800\" \/>\n\t<meta property=\"og:image:type\" content=\"image\/jpeg\" \/>\n<meta name=\"twitter:card\" content=\"summary_large_image\" \/>\n<script type=\"application\/ld+json\" class=\"yoast-schema-graph\">{\"@context\":\"https:\/\/schema.org\",\"@graph\":[{\"@type\":\"WebPage\",\"@id\":\"https:\/\/longchangchemical.com\/product\/terpineol-cas-98-55-5\/\",\"url\":\"https:\/\/longchangchemical.com\/product\/terpineol-cas-98-55-5\/\",\"name\":\"China alpha-Terpineol Manufacturer CAS 98-55-5 and 8000-41-7 -Longchang Chemical\",\"isPartOf\":{\"@id\":\"https:\/\/longchangchemical.com\/#website\"},\"primaryImageOfPage\":{\"@id\":\"https:\/\/longchangchemical.com\/product\/terpineol-cas-98-55-5\/#primaryimage\"},\"image\":{\"@id\":\"https:\/\/longchangchemical.com\/product\/terpineol-cas-98-55-5\/#primaryimage\"},\"thumbnailUrl\":\"https:\/\/longchangchemical.com\/wp-content\/uploads\/2021\/01\/9-1.jpg\",\"datePublished\":\"2024-01-12T06:03:03+00:00\",\"dateModified\":\"2024-04-28T05:45:13+00:00\",\"description\":\"\u03b1-terpineol cas 98-55-5 is key product of Longchang Chemical. We provide best price. We are the leading manufacturer and supplier in China with the best quanlity and competitive price.\",\"breadcrumb\":{\"@id\":\"https:\/\/longchangchemical.com\/product\/terpineol-cas-98-55-5\/#breadcrumb\"},\"inLanguage\":\"tr\",\"potentialAction\":[{\"@type\":\"ReadAction\",\"target\":[\"https:\/\/longchangchemical.com\/product\/terpineol-cas-98-55-5\/\"]}]},{\"@type\":\"ImageObject\",\"inLanguage\":\"tr\",\"@id\":\"https:\/\/longchangchemical.com\/product\/terpineol-cas-98-55-5\/#primaryimage\",\"url\":\"https:\/\/longchangchemical.com\/wp-content\/uploads\/2021\/01\/9-1.jpg\",\"contentUrl\":\"https:\/\/longchangchemical.com\/wp-content\/uploads\/2021\/01\/9-1.jpg\",\"width\":800,\"height\":800,\"caption\":\"\u03b1-terpineol cas 98-55-5\"},{\"@type\":\"BreadcrumbList\",\"@id\":\"https:\/\/longchangchemical.com\/product\/terpineol-cas-98-55-5\/#breadcrumb\",\"itemListElement\":[{\"@type\":\"ListItem\",\"position\":1,\"name\":\"Home\",\"item\":\"https:\/\/longchangchemical.com\/\"},{\"@type\":\"ListItem\",\"position\":2,\"name\":\"Products Longchang\",\"item\":\"https:\/\/longchangchemical.com\/product\/\"},{\"@type\":\"ListItem\",\"position\":3,\"name\":\"\u03b1-terpineol \/ \u03b2-terpineol \/ \u03b3-terpineol CAS 98-55-5 AND 8000-41-7\"}]},{\"@type\":\"WebSite\",\"@id\":\"https:\/\/longchangchemical.com\/#website\",\"url\":\"https:\/\/longchangchemical.com\/\",\"name\":\"Longchang Chemical\",\"description\":\"China chemical manufacturer \uff06 supplier\",\"publisher\":{\"@id\":\"https:\/\/longchangchemical.com\/#organization\"},\"potentialAction\":[{\"@type\":\"SearchAction\",\"target\":{\"@type\":\"EntryPoint\",\"urlTemplate\":\"https:\/\/longchangchemical.com\/?s={search_term_string}\"},\"query-input\":{\"@type\":\"PropertyValueSpecification\",\"valueRequired\":true,\"valueName\":\"search_term_string\"}}],\"inLanguage\":\"tr\"},{\"@type\":\"Organization\",\"@id\":\"https:\/\/longchangchemical.com\/#organization\",\"name\":\"Longchang Chemical\",\"url\":\"https:\/\/longchangchemical.com\/\",\"logo\":{\"@type\":\"ImageObject\",\"inLanguage\":\"tr\",\"@id\":\"https:\/\/longchangchemical.com\/#\/schema\/logo\/image\/\",\"url\":\"https:\/\/longchangchemical.com\/wp-content\/uploads\/2020\/08\/cropped-longchang-logo.png\",\"contentUrl\":\"https:\/\/longchangchemical.com\/wp-content\/uploads\/2020\/08\/cropped-longchang-logo.png\",\"width\":512,\"height\":512,\"caption\":\"Longchang Chemical\"},\"image\":{\"@id\":\"https:\/\/longchangchemical.com\/#\/schema\/logo\/image\/\"}}]}<\/script>\n<!-- \/ Yoast SEO plugin. -->","yoast_head_json":{"title":"\u00c7in alfa-Terpineol \u00dcreticisi CAS 98-55-5 ve 8000-41-7 -Longchang Chemical","description":"\u03b1-terpineol cas 98-55-5, Longchang Chemical'\u0131n temel \u00fcr\u00fcn\u00fcd\u00fcr. En iyi fiyat\u0131 sa\u011fl\u0131yoruz. Biz en iyi quanlity ve rekabet\u00e7i fiyat ile \u00c7in'de lider \u00fcretici ve tedarik\u00e7i vard\u0131r.","robots":{"index":"index","follow":"follow","max-snippet":"max-snippet:-1","max-image-preview":"max-image-preview:large","max-video-preview":"max-video-preview:-1"},"canonical":"https:\/\/longchangchemical.com\/tr\/product\/terpineol-cas-98-55-5\/","og_locale":"tr_TR","og_type":"article","og_title":"China alpha-Terpineol Manufacturer CAS 98-55-5 and 8000-41-7 -Longchang Chemical","og_description":"\u03b1-terpineol cas 98-55-5 is key product of Longchang Chemical. We provide best price. We are the leading manufacturer and supplier in China with the best quanlity and competitive price.","og_url":"https:\/\/longchangchemical.com\/tr\/product\/terpineol-cas-98-55-5\/","og_site_name":"Longchang Chemical","article_modified_time":"2024-04-28T05:45:13+00:00","og_image":[{"width":800,"height":800,"url":"https:\/\/longchangchemical.com\/wp-content\/uploads\/2021\/01\/9-1.jpg","type":"image\/jpeg"}],"twitter_card":"summary_large_image","schema":{"@context":"https:\/\/schema.org","@graph":[{"@type":"WebPage","@id":"https:\/\/longchangchemical.com\/product\/terpineol-cas-98-55-5\/","url":"https:\/\/longchangchemical.com\/product\/terpineol-cas-98-55-5\/","name":"\u00c7in alfa-Terpineol \u00dcreticisi CAS 98-55-5 ve 8000-41-7 -Longchang Chemical","isPartOf":{"@id":"https:\/\/longchangchemical.com\/#website"},"primaryImageOfPage":{"@id":"https:\/\/longchangchemical.com\/product\/terpineol-cas-98-55-5\/#primaryimage"},"image":{"@id":"https:\/\/longchangchemical.com\/product\/terpineol-cas-98-55-5\/#primaryimage"},"thumbnailUrl":"https:\/\/longchangchemical.com\/wp-content\/uploads\/2021\/01\/9-1.jpg","datePublished":"2024-01-12T06:03:03+00:00","dateModified":"2024-04-28T05:45:13+00:00","description":"\u03b1-terpineol cas 98-55-5, Longchang Chemical'\u0131n temel \u00fcr\u00fcn\u00fcd\u00fcr. En iyi fiyat\u0131 sa\u011fl\u0131yoruz. Biz en iyi quanlity ve rekabet\u00e7i fiyat ile \u00c7in'de lider \u00fcretici ve tedarik\u00e7i vard\u0131r.","breadcrumb":{"@id":"https:\/\/longchangchemical.com\/product\/terpineol-cas-98-55-5\/#breadcrumb"},"inLanguage":"tr","potentialAction":[{"@type":"ReadAction","target":["https:\/\/longchangchemical.com\/product\/terpineol-cas-98-55-5\/"]}]},{"@type":"ImageObject","inLanguage":"tr","@id":"https:\/\/longchangchemical.com\/product\/terpineol-cas-98-55-5\/#primaryimage","url":"https:\/\/longchangchemical.com\/wp-content\/uploads\/2021\/01\/9-1.jpg","contentUrl":"https:\/\/longchangchemical.com\/wp-content\/uploads\/2021\/01\/9-1.jpg","width":800,"height":800,"caption":"\u03b1-terpineol cas 98-55-5"},{"@type":"BreadcrumbList","@id":"https:\/\/longchangchemical.com\/product\/terpineol-cas-98-55-5\/#breadcrumb","itemListElement":[{"@type":"ListItem","position":1,"name":"Home","item":"https:\/\/longchangchemical.com\/"},{"@type":"ListItem","position":2,"name":"Products Longchang","item":"https:\/\/longchangchemical.com\/product\/"},{"@type":"ListItem","position":3,"name":"\u03b1-terpineol \/ \u03b2-terpineol \/ \u03b3-terpineol CAS 98-55-5 AND 8000-41-7"}]},{"@type":"WebSite","@id":"https:\/\/longchangchemical.com\/#website","url":"https:\/\/longchangchemical.com\/","name":"Longchang Kimya","description":"\u00c7in kimyasal \u00fcreticisi \uff06 tedarik\u00e7isi","publisher":{"@id":"https:\/\/longchangchemical.com\/#organization"},"potentialAction":[{"@type":"SearchAction","target":{"@type":"EntryPoint","urlTemplate":"https:\/\/longchangchemical.com\/?s={search_term_string}"},"query-input":{"@type":"PropertyValueSpecification","valueRequired":true,"valueName":"search_term_string"}}],"inLanguage":"tr"},{"@type":"Organization","@id":"https:\/\/longchangchemical.com\/#organization","name":"Longchang Kimya","url":"https:\/\/longchangchemical.com\/","logo":{"@type":"ImageObject","inLanguage":"tr","@id":"https:\/\/longchangchemical.com\/#\/schema\/logo\/image\/","url":"https:\/\/longchangchemical.com\/wp-content\/uploads\/2020\/08\/cropped-longchang-logo.png","contentUrl":"https:\/\/longchangchemical.com\/wp-content\/uploads\/2020\/08\/cropped-longchang-logo.png","width":512,"height":512,"caption":"Longchang Chemical"},"image":{"@id":"https:\/\/longchangchemical.com\/#\/schema\/logo\/image\/"}}]}},"_links":{"self":[{"href":"https:\/\/longchangchemical.com\/tr\/wp-json\/wp\/v2\/product\/4244","targetHints":{"allow":["GET"]}}],"collection":[{"href":"https:\/\/longchangchemical.com\/tr\/wp-json\/wp\/v2\/product"}],"about":[{"href":"https:\/\/longchangchemical.com\/tr\/wp-json\/wp\/v2\/types\/product"}],"replies":[{"embeddable":true,"href":"https:\/\/longchangchemical.com\/tr\/wp-json\/wp\/v2\/comments?post=4244"}],"wp:featuredmedia":[{"embeddable":true,"href":"https:\/\/longchangchemical.com\/tr\/wp-json\/wp\/v2\/media\/6442"}],"wp:attachment":[{"href":"https:\/\/longchangchemical.com\/tr\/wp-json\/wp\/v2\/media?parent=4244"}],"wp:term":[{"taxonomy":"product_brand","embeddable":true,"href":"https:\/\/longchangchemical.com\/tr\/wp-json\/wp\/v2\/product_brand?post=4244"},{"taxonomy":"product_cat","embeddable":true,"href":"https:\/\/longchangchemical.com\/tr\/wp-json\/wp\/v2\/product_cat?post=4244"},{"taxonomy":"product_tag","embeddable":true,"href":"https:\/\/longchangchemical.com\/tr\/wp-json\/wp\/v2\/product_tag?post=4244"}],"curies":[{"name":"wp","href":"https:\/\/api.w.org\/{rel}","templated":true}]}}