{"id":4239,"date":"2024-01-15T01:32:06","date_gmt":"2024-01-15T01:32:06","guid":{"rendered":"https:\/\/longchangchemical.com\/?post_type=product&#038;p=4239"},"modified":"2025-12-22T02:07:02","modified_gmt":"2025-12-22T02:07:02","slug":"11-cyclohexanediacetic-acid-mono-amide-cas-99189-60-3","status":"publish","type":"product","link":"https:\/\/longchangchemical.com\/tr\/product\/11-cyclohexanediacetic-acid-mono-amide-cas-99189-60-3\/","title":{"rendered":"1,1-sikloheksanediasetik asit mono amid cas 99189-60-3"},"content":{"rendered":"<h2><strong>CAS 99189-60-3 Tipik \u00d6zellikler<\/strong><\/h2>\n<table class=\"table-1\" cellspacing=\"0\">\n<tbody>\n<tr>\n<td>\u00d6\u011fe<\/td>\n<td>Standart<\/td>\n<td>Sonu\u00e7lar<\/td>\n<\/tr>\n<tr>\n<td>G\u00f6r\u00fcn\u00fc\u015f<\/td>\n<td>Beyaz kristal toz<\/td>\n<td>Uygun<\/td>\n<\/tr>\n<tr>\n<td>Tahlil<\/td>\n<td>\u226798%<\/td>\n<td>Uygun<\/td>\n<\/tr>\n<tr>\n<td>Erime aral\u0131\u011f\u0131<\/td>\n<td>145-148\u2103<\/td>\n<td>Uygun<\/td>\n<\/tr>\n<tr>\n<td>Ate\u015fleme \u00fczerinde kal\u0131nt\u0131<\/td>\n<td>\u22660,2%<\/td>\n<td>Uygun<\/td>\n<\/tr>\n<tr>\n<td>A\u011f\u0131r metaller<\/td>\n<td>\u226620ppm<\/td>\n<td>Uygun<\/td>\n<\/tr>\n<tr>\n<td>Su<\/td>\n<td>\u22660,5%<\/td>\n<td>Uygun<\/td>\n<\/tr>\n<tr>\n<td>1,1-Sikloheksanediasetik asit<\/td>\n<td>\u22661%<\/td>\n<td>Uygun<\/td>\n<\/tr>\n<tr>\n<td>3,3-Pentametilenglutimid<\/td>\n<td>\u22661%<\/td>\n<td>Uygun<\/td>\n<\/tr>\n<\/tbody>\n<\/table>\n<h2><strong>CAS 99189-60-3 <\/strong><strong>Kullan\u0131m<\/strong><\/h2>\n<p>Epilepsi tedavisi i\u00e7in bir ila\u00e7 olarak gabapentin ara \u00fcr\u00fcn\u00fc.<\/p>\n<ol>\n<li><strong>Kimyasal Sentez:<\/strong> CAS numaras\u0131 99189-60-3 olan 1,1-Sikloheksanediasetik Asit Monoamid, kimyasal sentezde yayg\u0131n olarak kullan\u0131lmaktad\u0131r. Farmas\u00f6tikler, zirai kimyasallar ve \u00f6zel kimyasallar dahil olmak \u00fczere \u00e7e\u015fitli organik bile\u015fiklerin \u00fcretiminde \u00e7ok y\u00f6nl\u00fc bir ara \u00fcr\u00fcn olarak hizmet eder.<\/li>\n<li><strong>Polimer End\u00fcstrisi:<\/strong> Bu bile\u015fik polimer end\u00fcstrisinde uygulama alan\u0131 bulmaktad\u0131r. 1,1-Sikloheksanediasetik Asit Monoamid, polimerlerin ve kopolimerlerin sentezinde kullan\u0131l\u0131r, polimer \u00f6zelliklerinin modifikasyonuna ve spesifik malzemelerin geli\u015ftirilmesine katk\u0131da bulunur.<\/li>\n<li><strong>Kaplama ve Yap\u0131\u015ft\u0131r\u0131c\u0131 Uygulamalar\u0131:<\/strong> Kaplamalarda ve yap\u0131\u015ft\u0131r\u0131c\u0131larda 1,1-Sikloheksanediasetik Asit Monoamid kullan\u0131labilir. Spesifik \u00f6zelliklere sahip kaplamalar\u0131n form\u00fclasyonuna ve yap\u0131\u015ft\u0131r\u0131c\u0131 performans\u0131n\u0131n iyile\u015ftirilmesine katk\u0131da bulunabilir.<\/li>\n<li><strong>Kimyasal Ara Maddeler:<\/strong> 1,1-Sikloheksanediasetik Asit Monoamid, \u00e7e\u015fitli t\u00fcrevlerin \u00fcretiminde kimyasal bir ara madde olarak kullan\u0131l\u0131r. Belirli i\u015flevlere sahip bile\u015fiklerin olu\u015fumuna yol a\u00e7an reaksiyonlara kat\u0131l\u0131r.<\/li>\n<\/ol>\n<h2><strong>CAS 99189-60-3 <\/strong><strong>Paketleme ve Nakliye<\/strong><\/h2>\n<p>Ambalaj: 25 kg torba veya varil<\/p>\n<p>Teslimat: hava yoluyla, deniz yoluyla<\/p>\n<h2><strong>CAS 99189-60-3 <\/strong><strong>Depolama<\/strong><\/h2>\n<p>Do\u011frudan g\u00fcne\u015f \u0131\u015f\u0131\u011f\u0131 almayan serin ve kuru bir yerde saklan\u0131r.<\/p>\n<h2><strong><b>\u015eimdi Bize Ula\u015f\u0131n!<\/b><\/strong><\/h2>\n<h4><strong><b>COA, MSDS veya TDS'ye ihtiyac\u0131n\u0131z varsa, l\u00fctfen a\u015fa\u011f\u0131daki forma ileti\u015fim bilgilerinizi girin, genellikle 24 saat i\u00e7inde sizinle ileti\u015fime ge\u00e7ece\u011fiz. Bana e-posta da g\u00f6nderebilirsiniz <span style=\"color: #0000ff;\"><a style=\"color: #0000ff;\" href=\"mailto:info@longchangchemical.com\">info@longchangchemical.com<\/a><\/span> \u00c7al\u0131\u015fma saatleri i\u00e7inde (8:30 - 6:00 UTC+8 Pzt.~Sat.) veya h\u0131zl\u0131 yan\u0131t almak i\u00e7in web sitesi canl\u0131 sohbetini kullan\u0131n.<\/b><\/strong><\/h4>","protected":false},"excerpt":{"rendered":"<h2><strong>CAS 99189-60-3 H\u0131zl\u0131 Ayr\u0131nt\u0131lar<\/strong><\/h2>\n<p>Kimyasal Ad\u0131: 1,1-Sikloheksanediasetik asit mono amid<\/p>\n<p>CAS No: 99189-60-3<\/p>\n<p>Molek\u00fcler Form\u00fcl: C10H18N2O2<\/p>\n<p>Kimyasal Yap\u0131:<img decoding=\"async\" title=\"CAS 99189-60-3 YAPI\" src=\"https:\/\/www.longchangchemical.com\/wp-content\/uploads\/product-details\/20200612299874.png\" alt=\"CAS 99189-60-3 YAPI\" width=\"190\" height=\"129\" border=\"0\" vspace=\"0\" \/><\/p>\n<p>Molek\u00fcl a\u011f\u0131rl\u0131\u011f\u0131:198.26<\/p>\n<p>G\u00f6r\u00fcn\u00fcm:Beyaz kristal toz<\/p>\n<p>Tahlil: 98%min<\/p>","protected":false},"featured_media":6451,"comment_status":"open","ping_status":"closed","template":"","meta":[],"product_brand":[],"product_cat":[69],"product_tag":[],"class_list":{"0":"post-4239","1":"product","2":"type-product","3":"status-publish","4":"has-post-thumbnail","6":"product_cat-catalysts-chemical-auxiliary-agents","8":"first","9":"instock","10":"shipping-taxable","11":"product-type-simple"},"yoast_head":"<!-- This site is optimized with the Yoast SEO plugin v25.3.1 - https:\/\/yoast.com\/wordpress\/plugins\/seo\/ -->\n<title>China 1,1-Cyclohexanediacetic acid Manufacturer CAS 99189-60-3 -Longchang Chemical<\/title>\n<meta name=\"description\" content=\"1,1-cyclohexanediacetic acid mono amide cas 99189-60-3 is key product of Longchang Chemical. We provide best price. We are the leading manufacturer and supplier in China with the best quanlity and competitive price.\" \/>\n<meta name=\"robots\" content=\"index, follow, max-snippet:-1, max-image-preview:large, max-video-preview:-1\" \/>\n<link rel=\"canonical\" href=\"https:\/\/longchangchemical.com\/tr\/product\/11-cyclohexanediacetic-acid-mono-amide-cas-99189-60-3\/\" \/>\n<meta property=\"og:locale\" content=\"tr_TR\" \/>\n<meta property=\"og:type\" content=\"article\" \/>\n<meta property=\"og:title\" content=\"China 1,1-Cyclohexanediacetic acid Manufacturer CAS 99189-60-3 -Longchang Chemical\" \/>\n<meta property=\"og:description\" content=\"1,1-cyclohexanediacetic acid mono amide cas 99189-60-3 is key product of Longchang Chemical. We provide best price. We are the leading manufacturer and supplier in China with the best quanlity and competitive price.\" \/>\n<meta property=\"og:url\" content=\"https:\/\/longchangchemical.com\/tr\/product\/11-cyclohexanediacetic-acid-mono-amide-cas-99189-60-3\/\" \/>\n<meta property=\"og:site_name\" content=\"Longchang Chemical\" \/>\n<meta property=\"article:modified_time\" content=\"2025-12-22T02:07:02+00:00\" \/>\n<meta property=\"og:image\" content=\"https:\/\/longchangchemical.com\/wp-content\/uploads\/2024\/01\/8-1.jpg\" \/>\n\t<meta property=\"og:image:width\" content=\"800\" \/>\n\t<meta property=\"og:image:height\" content=\"800\" \/>\n\t<meta property=\"og:image:type\" content=\"image\/jpeg\" \/>\n<meta name=\"twitter:card\" content=\"summary_large_image\" \/>\n<script type=\"application\/ld+json\" class=\"yoast-schema-graph\">{\"@context\":\"https:\/\/schema.org\",\"@graph\":[{\"@type\":\"WebPage\",\"@id\":\"https:\/\/longchangchemical.com\/product\/11-cyclohexanediacetic-acid-mono-amide-cas-99189-60-3\/\",\"url\":\"https:\/\/longchangchemical.com\/product\/11-cyclohexanediacetic-acid-mono-amide-cas-99189-60-3\/\",\"name\":\"China 1,1-Cyclohexanediacetic acid Manufacturer CAS 99189-60-3 -Longchang Chemical\",\"isPartOf\":{\"@id\":\"https:\/\/longchangchemical.com\/#website\"},\"primaryImageOfPage\":{\"@id\":\"https:\/\/longchangchemical.com\/product\/11-cyclohexanediacetic-acid-mono-amide-cas-99189-60-3\/#primaryimage\"},\"image\":{\"@id\":\"https:\/\/longchangchemical.com\/product\/11-cyclohexanediacetic-acid-mono-amide-cas-99189-60-3\/#primaryimage\"},\"thumbnailUrl\":\"https:\/\/longchangchemical.com\/wp-content\/uploads\/2024\/01\/8-1.jpg\",\"datePublished\":\"2024-01-15T01:32:06+00:00\",\"dateModified\":\"2025-12-22T02:07:02+00:00\",\"description\":\"1,1-cyclohexanediacetic acid mono amide cas 99189-60-3 is key product of Longchang Chemical. We provide best price. We are the leading manufacturer and supplier in China with the best quanlity and competitive price.\",\"breadcrumb\":{\"@id\":\"https:\/\/longchangchemical.com\/product\/11-cyclohexanediacetic-acid-mono-amide-cas-99189-60-3\/#breadcrumb\"},\"inLanguage\":\"tr\",\"potentialAction\":[{\"@type\":\"ReadAction\",\"target\":[\"https:\/\/longchangchemical.com\/product\/11-cyclohexanediacetic-acid-mono-amide-cas-99189-60-3\/\"]}]},{\"@type\":\"ImageObject\",\"inLanguage\":\"tr\",\"@id\":\"https:\/\/longchangchemical.com\/product\/11-cyclohexanediacetic-acid-mono-amide-cas-99189-60-3\/#primaryimage\",\"url\":\"https:\/\/longchangchemical.com\/wp-content\/uploads\/2024\/01\/8-1.jpg\",\"contentUrl\":\"https:\/\/longchangchemical.com\/wp-content\/uploads\/2024\/01\/8-1.jpg\",\"width\":800,\"height\":800,\"caption\":\"1,1-cyclohexanediacetic acid mono amide cas 99189-60-3\"},{\"@type\":\"BreadcrumbList\",\"@id\":\"https:\/\/longchangchemical.com\/product\/11-cyclohexanediacetic-acid-mono-amide-cas-99189-60-3\/#breadcrumb\",\"itemListElement\":[{\"@type\":\"ListItem\",\"position\":1,\"name\":\"Home\",\"item\":\"https:\/\/longchangchemical.com\/\"},{\"@type\":\"ListItem\",\"position\":2,\"name\":\"Products Longchang\",\"item\":\"https:\/\/longchangchemical.com\/product\/\"},{\"@type\":\"ListItem\",\"position\":3,\"name\":\"1,1-cyclohexanediacetic acid mono amide cas 99189-60-3\"}]},{\"@type\":\"WebSite\",\"@id\":\"https:\/\/longchangchemical.com\/#website\",\"url\":\"https:\/\/longchangchemical.com\/\",\"name\":\"Longchang Chemical\",\"description\":\"China chemical manufacturer \uff06 supplier\",\"publisher\":{\"@id\":\"https:\/\/longchangchemical.com\/#organization\"},\"potentialAction\":[{\"@type\":\"SearchAction\",\"target\":{\"@type\":\"EntryPoint\",\"urlTemplate\":\"https:\/\/longchangchemical.com\/?s={search_term_string}\"},\"query-input\":{\"@type\":\"PropertyValueSpecification\",\"valueRequired\":true,\"valueName\":\"search_term_string\"}}],\"inLanguage\":\"tr\"},{\"@type\":\"Organization\",\"@id\":\"https:\/\/longchangchemical.com\/#organization\",\"name\":\"Longchang Chemical\",\"url\":\"https:\/\/longchangchemical.com\/\",\"logo\":{\"@type\":\"ImageObject\",\"inLanguage\":\"tr\",\"@id\":\"https:\/\/longchangchemical.com\/#\/schema\/logo\/image\/\",\"url\":\"https:\/\/longchangchemical.com\/wp-content\/uploads\/2020\/08\/cropped-longchang-logo.png\",\"contentUrl\":\"https:\/\/longchangchemical.com\/wp-content\/uploads\/2020\/08\/cropped-longchang-logo.png\",\"width\":512,\"height\":512,\"caption\":\"Longchang Chemical\"},\"image\":{\"@id\":\"https:\/\/longchangchemical.com\/#\/schema\/logo\/image\/\"}}]}<\/script>\n<!-- \/ Yoast SEO plugin. -->","yoast_head_json":{"title":"\u00c7in 1,1-Sikloheksanediasetik asit \u00dcreticisi CAS 99189-60-3 -Longchang Chemical","description":"1,1-sikloheksanediasetik asit mono amid cas 99189-60-3, Longchang Chemical'\u0131n anahtar \u00fcr\u00fcn\u00fcd\u00fcr. En iyi fiyat\u0131 sa\u011fl\u0131yoruz. Biz en iyi quanlity ve rekabet\u00e7i fiyat ile \u00c7in'de lider \u00fcreticisi ve tedarik\u00e7isi vard\u0131r.","robots":{"index":"index","follow":"follow","max-snippet":"max-snippet:-1","max-image-preview":"max-image-preview:large","max-video-preview":"max-video-preview:-1"},"canonical":"https:\/\/longchangchemical.com\/tr\/product\/11-cyclohexanediacetic-acid-mono-amide-cas-99189-60-3\/","og_locale":"tr_TR","og_type":"article","og_title":"China 1,1-Cyclohexanediacetic acid Manufacturer CAS 99189-60-3 -Longchang Chemical","og_description":"1,1-cyclohexanediacetic acid mono amide cas 99189-60-3 is key product of Longchang Chemical. We provide best price. We are the leading manufacturer and supplier in China with the best quanlity and competitive price.","og_url":"https:\/\/longchangchemical.com\/tr\/product\/11-cyclohexanediacetic-acid-mono-amide-cas-99189-60-3\/","og_site_name":"Longchang Chemical","article_modified_time":"2025-12-22T02:07:02+00:00","og_image":[{"width":800,"height":800,"url":"https:\/\/longchangchemical.com\/wp-content\/uploads\/2024\/01\/8-1.jpg","type":"image\/jpeg"}],"twitter_card":"summary_large_image","schema":{"@context":"https:\/\/schema.org","@graph":[{"@type":"WebPage","@id":"https:\/\/longchangchemical.com\/product\/11-cyclohexanediacetic-acid-mono-amide-cas-99189-60-3\/","url":"https:\/\/longchangchemical.com\/product\/11-cyclohexanediacetic-acid-mono-amide-cas-99189-60-3\/","name":"\u00c7in 1,1-Sikloheksanediasetik asit \u00dcreticisi CAS 99189-60-3 -Longchang Chemical","isPartOf":{"@id":"https:\/\/longchangchemical.com\/#website"},"primaryImageOfPage":{"@id":"https:\/\/longchangchemical.com\/product\/11-cyclohexanediacetic-acid-mono-amide-cas-99189-60-3\/#primaryimage"},"image":{"@id":"https:\/\/longchangchemical.com\/product\/11-cyclohexanediacetic-acid-mono-amide-cas-99189-60-3\/#primaryimage"},"thumbnailUrl":"https:\/\/longchangchemical.com\/wp-content\/uploads\/2024\/01\/8-1.jpg","datePublished":"2024-01-15T01:32:06+00:00","dateModified":"2025-12-22T02:07:02+00:00","description":"1,1-sikloheksanediasetik asit mono amid cas 99189-60-3, Longchang Chemical'\u0131n anahtar \u00fcr\u00fcn\u00fcd\u00fcr. En iyi fiyat\u0131 sa\u011fl\u0131yoruz. Biz en iyi quanlity ve rekabet\u00e7i fiyat ile \u00c7in'de lider \u00fcreticisi ve tedarik\u00e7isi vard\u0131r.","breadcrumb":{"@id":"https:\/\/longchangchemical.com\/product\/11-cyclohexanediacetic-acid-mono-amide-cas-99189-60-3\/#breadcrumb"},"inLanguage":"tr","potentialAction":[{"@type":"ReadAction","target":["https:\/\/longchangchemical.com\/product\/11-cyclohexanediacetic-acid-mono-amide-cas-99189-60-3\/"]}]},{"@type":"ImageObject","inLanguage":"tr","@id":"https:\/\/longchangchemical.com\/product\/11-cyclohexanediacetic-acid-mono-amide-cas-99189-60-3\/#primaryimage","url":"https:\/\/longchangchemical.com\/wp-content\/uploads\/2024\/01\/8-1.jpg","contentUrl":"https:\/\/longchangchemical.com\/wp-content\/uploads\/2024\/01\/8-1.jpg","width":800,"height":800,"caption":"1,1-cyclohexanediacetic acid mono amide cas 99189-60-3"},{"@type":"BreadcrumbList","@id":"https:\/\/longchangchemical.com\/product\/11-cyclohexanediacetic-acid-mono-amide-cas-99189-60-3\/#breadcrumb","itemListElement":[{"@type":"ListItem","position":1,"name":"Home","item":"https:\/\/longchangchemical.com\/"},{"@type":"ListItem","position":2,"name":"Products Longchang","item":"https:\/\/longchangchemical.com\/product\/"},{"@type":"ListItem","position":3,"name":"1,1-cyclohexanediacetic acid mono amide cas 99189-60-3"}]},{"@type":"WebSite","@id":"https:\/\/longchangchemical.com\/#website","url":"https:\/\/longchangchemical.com\/","name":"Longchang Kimya","description":"\u00c7in kimyasal \u00fcreticisi \uff06 tedarik\u00e7isi","publisher":{"@id":"https:\/\/longchangchemical.com\/#organization"},"potentialAction":[{"@type":"SearchAction","target":{"@type":"EntryPoint","urlTemplate":"https:\/\/longchangchemical.com\/?s={search_term_string}"},"query-input":{"@type":"PropertyValueSpecification","valueRequired":true,"valueName":"search_term_string"}}],"inLanguage":"tr"},{"@type":"Organization","@id":"https:\/\/longchangchemical.com\/#organization","name":"Longchang Kimya","url":"https:\/\/longchangchemical.com\/","logo":{"@type":"ImageObject","inLanguage":"tr","@id":"https:\/\/longchangchemical.com\/#\/schema\/logo\/image\/","url":"https:\/\/longchangchemical.com\/wp-content\/uploads\/2020\/08\/cropped-longchang-logo.png","contentUrl":"https:\/\/longchangchemical.com\/wp-content\/uploads\/2020\/08\/cropped-longchang-logo.png","width":512,"height":512,"caption":"Longchang Chemical"},"image":{"@id":"https:\/\/longchangchemical.com\/#\/schema\/logo\/image\/"}}]}},"_links":{"self":[{"href":"https:\/\/longchangchemical.com\/tr\/wp-json\/wp\/v2\/product\/4239","targetHints":{"allow":["GET"]}}],"collection":[{"href":"https:\/\/longchangchemical.com\/tr\/wp-json\/wp\/v2\/product"}],"about":[{"href":"https:\/\/longchangchemical.com\/tr\/wp-json\/wp\/v2\/types\/product"}],"replies":[{"embeddable":true,"href":"https:\/\/longchangchemical.com\/tr\/wp-json\/wp\/v2\/comments?post=4239"}],"wp:featuredmedia":[{"embeddable":true,"href":"https:\/\/longchangchemical.com\/tr\/wp-json\/wp\/v2\/media\/6451"}],"wp:attachment":[{"href":"https:\/\/longchangchemical.com\/tr\/wp-json\/wp\/v2\/media?parent=4239"}],"wp:term":[{"taxonomy":"product_brand","embeddable":true,"href":"https:\/\/longchangchemical.com\/tr\/wp-json\/wp\/v2\/product_brand?post=4239"},{"taxonomy":"product_cat","embeddable":true,"href":"https:\/\/longchangchemical.com\/tr\/wp-json\/wp\/v2\/product_cat?post=4239"},{"taxonomy":"product_tag","embeddable":true,"href":"https:\/\/longchangchemical.com\/tr\/wp-json\/wp\/v2\/product_tag?post=4239"}],"curies":[{"name":"wp","href":"https:\/\/api.w.org\/{rel}","templated":true}]}}