{"id":4234,"date":"2024-01-15T01:48:21","date_gmt":"2024-01-15T01:48:21","guid":{"rendered":"https:\/\/longchangchemical.com\/?post_type=product&#038;p=4234"},"modified":"2025-12-22T01:52:14","modified_gmt":"2025-12-22T01:52:14","slug":"indole-cas-120-72-9","status":"publish","type":"product","link":"https:\/\/longchangchemical.com\/tr\/product\/indole-cas-120-72-9\/","title":{"rendered":"indol cas 120-72-9"},"content":{"rendered":"<h2><strong>\u0130ndol Tipik \u00d6zellikleri<\/strong><\/h2>\n<table class=\"table-1\" cellspacing=\"0\">\n<tbody>\n<tr>\n<td>\u00d6\u011fe<\/td>\n<td>Teknik \u00d6zellikler<\/td>\n<\/tr>\n<tr>\n<td>G\u00f6r\u00fcn\u00fc\u015f<\/td>\n<td>Beyaz veya kahverengi kristal<\/td>\n<\/tr>\n<tr>\n<td>\u0130ndol<\/td>\n<td>\u226599%<\/td>\n<\/tr>\n<tr>\n<td>Erime noktas\u0131<\/td>\n<td>50\u2103-55\u2103<\/td>\n<\/tr>\n<\/tbody>\n<\/table>\n<h2><strong>\u0130ndol Kullan\u0131m\u0131<\/strong><\/h2>\n<p>Esas olarak baharatlar, boyalar, amino asitler ve pestisitler i\u00e7in hammadde olarak kullan\u0131l\u0131r. Ayn\u0131 zamanda bir baharatt\u0131r ve genellikle yasemin, leylak, lotus ve orkide gibi g\u00fcnl\u00fck kokularda kullan\u0131l\u0131r.<\/p>\n<ol>\n<li><strong>Kimyasal Sentez:<\/strong> CAS numaras\u0131 120-72-9 olan indol, kimyasal sentezde yayg\u0131n olarak kullan\u0131lmaktad\u0131r. Farmas\u00f6tikler, zirai kimyasallar ve \u00f6zel kimyasallar dahil olmak \u00fczere \u00e7e\u015fitli organik bile\u015fiklerin \u00fcretiminde \u00e7ok y\u00f6nl\u00fc bir yap\u0131 ta\u015f\u0131 olarak hizmet eder.<\/li>\n<li><strong>Aroma ve Koku End\u00fcstrisi:<\/strong> Bu bile\u015fik, aroma ve koku end\u00fcstrisinde uygulama alan\u0131 bulmaktad\u0131r. \u0130ndol, belirli koku ve aromalar\u0131n form\u00fclasyonuna katk\u0131da bulunarak farkl\u0131 ve karakteristik bir aroma sa\u011flar.<\/li>\n<li><strong>Farmas\u00f6tik Ara Maddeler:<\/strong> \u0130ndol, ila\u00e7 end\u00fcstrisinde yayg\u0131n olarak bir ara madde olarak kullan\u0131lmaktad\u0131r. \u0130la\u00e7lar\u0131n ve farmas\u00f6tik \u00fcr\u00fcnlerin sentezinde kullan\u0131l\u0131r ve t\u0131bbi kimyada \u00f6nemli bir rol oynar.<\/li>\n<li><strong>Ara\u015ft\u0131rma ve Geli\u015ftirme:<\/strong> Ara\u015ft\u0131rma ve geli\u015ftirme faaliyetlerinde, \u0130ndol \u00e7e\u015fitli kimyasal analizler ve deneyler i\u00e7in kullan\u0131l\u0131r. \u00c7ok y\u00f6nl\u00fc yap\u0131s\u0131 onu yeni bile\u015fiklerin ke\u015ffi ve geli\u015ftirilmesinde de\u011ferli k\u0131lmaktad\u0131r.<\/li>\n<\/ol>\n<h2><strong>\u0130ndol Paketleme ve Nakliye<\/strong><\/h2>\n<p>Ambalaj: 25kg\/tambur<\/p>\n<p>Teslimat: deniz\/hava yoluyla<\/p>\n<h2><strong>\u0130ndol Depolama<\/strong><\/h2>\n<p>Nemden, ya\u011fmurdan ka\u00e7\u0131n\u0131n; kuru ve havaland\u0131rmal\u0131 bir yerde tutun.<\/p>\n<h2><strong><b>\u015eimdi Bize Ula\u015f\u0131n!<\/b><\/strong><\/h2>\n<h4><strong><b>COA, MSDS veya TDS'ye ihtiyac\u0131n\u0131z varsa, l\u00fctfen a\u015fa\u011f\u0131daki forma ileti\u015fim bilgilerinizi girin, genellikle 24 saat i\u00e7inde sizinle ileti\u015fime ge\u00e7ece\u011fiz. Bana e-posta da g\u00f6nderebilirsiniz <span style=\"color: #0000ff;\"><a style=\"color: #0000ff;\" href=\"mailto:info@longchangchemical.com\">info@longchangchemical.com<\/a><\/span> \u00c7al\u0131\u015fma saatleri i\u00e7inde (8:30 - 6:00 UTC+8 Pzt.~Sat.) veya h\u0131zl\u0131 yan\u0131t almak i\u00e7in web sitesi canl\u0131 sohbetini kullan\u0131n.<\/b><\/strong><\/h4>","protected":false},"excerpt":{"rendered":"<h2><strong>\u0130ndol H\u0131zl\u0131 Ayr\u0131nt\u0131lar<\/strong><\/h2>\n<p>Kimyasal Ad\u0131: \u0130ndol<\/p>\n<p>CAS No: 120-72-9<\/p>\n<p>Molek\u00fcler Form\u00fcl: C8H7N<\/p>\n<p>\u0130ndol yap\u0131s\u0131:<img decoding=\"async\" title=\"\u0130ndol yap\u0131s\u0131\" src=\"https:\/\/www.longchangchemical.com\/wp-content\/uploads\/product-details\/20200612129287.png\" alt=\"\u0130ndol yap\u0131s\u0131\" width=\"200\" height=\"72\" border=\"0\" vspace=\"0\" \/><\/p>\n<p>Molek\u00fcl a\u011f\u0131rl\u0131\u011f\u0131: 117,15<\/p>\n<p>G\u00f6r\u00fcn\u00fcm:Beyaz veya kahverengi kristal<\/p>\n<p>Tahlil: 99,5%min<\/p>","protected":false},"featured_media":6457,"comment_status":"open","ping_status":"closed","template":"","meta":[],"product_brand":[],"product_cat":[69],"product_tag":[],"class_list":{"0":"post-4234","1":"product","2":"type-product","3":"status-publish","4":"has-post-thumbnail","6":"product_cat-catalysts-chemical-auxiliary-agents","8":"first","9":"instock","10":"shipping-taxable","11":"product-type-simple"},"yoast_head":"<!-- This site is optimized with the Yoast SEO plugin v25.3.1 - https:\/\/yoast.com\/wordpress\/plugins\/seo\/ -->\n<title>China Indole Manufacturer CAS 120-72-9 -Longchang Chemical<\/title>\n<meta name=\"description\" content=\"indole cas 120-72-9 is key product of Longchang Chemical. We provide best price. We are the leading manufacturer and supplier in China with the best quanlity and competitive price.\" \/>\n<meta name=\"robots\" content=\"index, follow, max-snippet:-1, max-image-preview:large, max-video-preview:-1\" \/>\n<link rel=\"canonical\" href=\"https:\/\/longchangchemical.com\/tr\/product\/indole-cas-120-72-9\/\" \/>\n<meta property=\"og:locale\" content=\"tr_TR\" \/>\n<meta property=\"og:type\" content=\"article\" \/>\n<meta property=\"og:title\" content=\"China Indole Manufacturer CAS 120-72-9 -Longchang Chemical\" \/>\n<meta property=\"og:description\" content=\"indole cas 120-72-9 is key product of Longchang Chemical. We provide best price. We are the leading manufacturer and supplier in China with the best quanlity and competitive price.\" \/>\n<meta property=\"og:url\" content=\"https:\/\/longchangchemical.com\/tr\/product\/indole-cas-120-72-9\/\" \/>\n<meta property=\"og:site_name\" content=\"Longchang Chemical\" \/>\n<meta property=\"article:modified_time\" content=\"2025-12-22T01:52:14+00:00\" \/>\n<meta property=\"og:image\" content=\"https:\/\/longchangchemical.com\/wp-content\/uploads\/2021\/01\/2-4.jpg\" \/>\n\t<meta property=\"og:image:width\" content=\"800\" \/>\n\t<meta property=\"og:image:height\" content=\"800\" \/>\n\t<meta property=\"og:image:type\" content=\"image\/jpeg\" \/>\n<meta name=\"twitter:card\" content=\"summary_large_image\" \/>\n<script type=\"application\/ld+json\" class=\"yoast-schema-graph\">{\"@context\":\"https:\/\/schema.org\",\"@graph\":[{\"@type\":\"WebPage\",\"@id\":\"https:\/\/longchangchemical.com\/product\/indole-cas-120-72-9\/\",\"url\":\"https:\/\/longchangchemical.com\/product\/indole-cas-120-72-9\/\",\"name\":\"China Indole Manufacturer CAS 120-72-9 -Longchang Chemical\",\"isPartOf\":{\"@id\":\"https:\/\/longchangchemical.com\/#website\"},\"primaryImageOfPage\":{\"@id\":\"https:\/\/longchangchemical.com\/product\/indole-cas-120-72-9\/#primaryimage\"},\"image\":{\"@id\":\"https:\/\/longchangchemical.com\/product\/indole-cas-120-72-9\/#primaryimage\"},\"thumbnailUrl\":\"https:\/\/longchangchemical.com\/wp-content\/uploads\/2021\/01\/2-4.jpg\",\"datePublished\":\"2024-01-15T01:48:21+00:00\",\"dateModified\":\"2025-12-22T01:52:14+00:00\",\"description\":\"indole cas 120-72-9 is key product of Longchang Chemical. We provide best price. We are the leading manufacturer and supplier in China with the best quanlity and competitive price.\",\"breadcrumb\":{\"@id\":\"https:\/\/longchangchemical.com\/product\/indole-cas-120-72-9\/#breadcrumb\"},\"inLanguage\":\"tr\",\"potentialAction\":[{\"@type\":\"ReadAction\",\"target\":[\"https:\/\/longchangchemical.com\/product\/indole-cas-120-72-9\/\"]}]},{\"@type\":\"ImageObject\",\"inLanguage\":\"tr\",\"@id\":\"https:\/\/longchangchemical.com\/product\/indole-cas-120-72-9\/#primaryimage\",\"url\":\"https:\/\/longchangchemical.com\/wp-content\/uploads\/2021\/01\/2-4.jpg\",\"contentUrl\":\"https:\/\/longchangchemical.com\/wp-content\/uploads\/2021\/01\/2-4.jpg\",\"width\":800,\"height\":800,\"caption\":\"indole cas 120-72-9\"},{\"@type\":\"BreadcrumbList\",\"@id\":\"https:\/\/longchangchemical.com\/product\/indole-cas-120-72-9\/#breadcrumb\",\"itemListElement\":[{\"@type\":\"ListItem\",\"position\":1,\"name\":\"Home\",\"item\":\"https:\/\/longchangchemical.com\/\"},{\"@type\":\"ListItem\",\"position\":2,\"name\":\"Products Longchang\",\"item\":\"https:\/\/longchangchemical.com\/product\/\"},{\"@type\":\"ListItem\",\"position\":3,\"name\":\"indole cas 120-72-9\"}]},{\"@type\":\"WebSite\",\"@id\":\"https:\/\/longchangchemical.com\/#website\",\"url\":\"https:\/\/longchangchemical.com\/\",\"name\":\"Longchang Chemical\",\"description\":\"China chemical manufacturer \uff06 supplier\",\"publisher\":{\"@id\":\"https:\/\/longchangchemical.com\/#organization\"},\"potentialAction\":[{\"@type\":\"SearchAction\",\"target\":{\"@type\":\"EntryPoint\",\"urlTemplate\":\"https:\/\/longchangchemical.com\/?s={search_term_string}\"},\"query-input\":{\"@type\":\"PropertyValueSpecification\",\"valueRequired\":true,\"valueName\":\"search_term_string\"}}],\"inLanguage\":\"tr\"},{\"@type\":\"Organization\",\"@id\":\"https:\/\/longchangchemical.com\/#organization\",\"name\":\"Longchang Chemical\",\"url\":\"https:\/\/longchangchemical.com\/\",\"logo\":{\"@type\":\"ImageObject\",\"inLanguage\":\"tr\",\"@id\":\"https:\/\/longchangchemical.com\/#\/schema\/logo\/image\/\",\"url\":\"https:\/\/longchangchemical.com\/wp-content\/uploads\/2020\/08\/cropped-longchang-logo.png\",\"contentUrl\":\"https:\/\/longchangchemical.com\/wp-content\/uploads\/2020\/08\/cropped-longchang-logo.png\",\"width\":512,\"height\":512,\"caption\":\"Longchang Chemical\"},\"image\":{\"@id\":\"https:\/\/longchangchemical.com\/#\/schema\/logo\/image\/\"}}]}<\/script>\n<!-- \/ Yoast SEO plugin. -->","yoast_head_json":{"title":"\u00c7in \u0130ndol \u00dcreticisi CAS 120-72-9 -Longchang Chemical","description":"indol cas 120-72-9 Longchang Chemical'\u0131n anahtar \u00fcr\u00fcn\u00fcd\u00fcr. En iyi fiyat\u0131 sa\u011fl\u0131yoruz. Biz en iyi quanlity ve rekabet\u00e7i fiyat ile \u00c7in'de lider \u00fcreticisi ve tedarik\u00e7isi vard\u0131r.","robots":{"index":"index","follow":"follow","max-snippet":"max-snippet:-1","max-image-preview":"max-image-preview:large","max-video-preview":"max-video-preview:-1"},"canonical":"https:\/\/longchangchemical.com\/tr\/product\/indole-cas-120-72-9\/","og_locale":"tr_TR","og_type":"article","og_title":"China Indole Manufacturer CAS 120-72-9 -Longchang Chemical","og_description":"indole cas 120-72-9 is key product of Longchang Chemical. We provide best price. We are the leading manufacturer and supplier in China with the best quanlity and competitive price.","og_url":"https:\/\/longchangchemical.com\/tr\/product\/indole-cas-120-72-9\/","og_site_name":"Longchang Chemical","article_modified_time":"2025-12-22T01:52:14+00:00","og_image":[{"width":800,"height":800,"url":"https:\/\/longchangchemical.com\/wp-content\/uploads\/2021\/01\/2-4.jpg","type":"image\/jpeg"}],"twitter_card":"summary_large_image","schema":{"@context":"https:\/\/schema.org","@graph":[{"@type":"WebPage","@id":"https:\/\/longchangchemical.com\/product\/indole-cas-120-72-9\/","url":"https:\/\/longchangchemical.com\/product\/indole-cas-120-72-9\/","name":"\u00c7in \u0130ndol \u00dcreticisi CAS 120-72-9 -Longchang Chemical","isPartOf":{"@id":"https:\/\/longchangchemical.com\/#website"},"primaryImageOfPage":{"@id":"https:\/\/longchangchemical.com\/product\/indole-cas-120-72-9\/#primaryimage"},"image":{"@id":"https:\/\/longchangchemical.com\/product\/indole-cas-120-72-9\/#primaryimage"},"thumbnailUrl":"https:\/\/longchangchemical.com\/wp-content\/uploads\/2021\/01\/2-4.jpg","datePublished":"2024-01-15T01:48:21+00:00","dateModified":"2025-12-22T01:52:14+00:00","description":"indol cas 120-72-9 Longchang Chemical'\u0131n anahtar \u00fcr\u00fcn\u00fcd\u00fcr. En iyi fiyat\u0131 sa\u011fl\u0131yoruz. Biz en iyi quanlity ve rekabet\u00e7i fiyat ile \u00c7in'de lider \u00fcreticisi ve tedarik\u00e7isi vard\u0131r.","breadcrumb":{"@id":"https:\/\/longchangchemical.com\/product\/indole-cas-120-72-9\/#breadcrumb"},"inLanguage":"tr","potentialAction":[{"@type":"ReadAction","target":["https:\/\/longchangchemical.com\/product\/indole-cas-120-72-9\/"]}]},{"@type":"ImageObject","inLanguage":"tr","@id":"https:\/\/longchangchemical.com\/product\/indole-cas-120-72-9\/#primaryimage","url":"https:\/\/longchangchemical.com\/wp-content\/uploads\/2021\/01\/2-4.jpg","contentUrl":"https:\/\/longchangchemical.com\/wp-content\/uploads\/2021\/01\/2-4.jpg","width":800,"height":800,"caption":"indole cas 120-72-9"},{"@type":"BreadcrumbList","@id":"https:\/\/longchangchemical.com\/product\/indole-cas-120-72-9\/#breadcrumb","itemListElement":[{"@type":"ListItem","position":1,"name":"Home","item":"https:\/\/longchangchemical.com\/"},{"@type":"ListItem","position":2,"name":"Products Longchang","item":"https:\/\/longchangchemical.com\/product\/"},{"@type":"ListItem","position":3,"name":"indole cas 120-72-9"}]},{"@type":"WebSite","@id":"https:\/\/longchangchemical.com\/#website","url":"https:\/\/longchangchemical.com\/","name":"Longchang Kimya","description":"\u00c7in kimyasal \u00fcreticisi \uff06 tedarik\u00e7isi","publisher":{"@id":"https:\/\/longchangchemical.com\/#organization"},"potentialAction":[{"@type":"SearchAction","target":{"@type":"EntryPoint","urlTemplate":"https:\/\/longchangchemical.com\/?s={search_term_string}"},"query-input":{"@type":"PropertyValueSpecification","valueRequired":true,"valueName":"search_term_string"}}],"inLanguage":"tr"},{"@type":"Organization","@id":"https:\/\/longchangchemical.com\/#organization","name":"Longchang Kimya","url":"https:\/\/longchangchemical.com\/","logo":{"@type":"ImageObject","inLanguage":"tr","@id":"https:\/\/longchangchemical.com\/#\/schema\/logo\/image\/","url":"https:\/\/longchangchemical.com\/wp-content\/uploads\/2020\/08\/cropped-longchang-logo.png","contentUrl":"https:\/\/longchangchemical.com\/wp-content\/uploads\/2020\/08\/cropped-longchang-logo.png","width":512,"height":512,"caption":"Longchang Chemical"},"image":{"@id":"https:\/\/longchangchemical.com\/#\/schema\/logo\/image\/"}}]}},"_links":{"self":[{"href":"https:\/\/longchangchemical.com\/tr\/wp-json\/wp\/v2\/product\/4234","targetHints":{"allow":["GET"]}}],"collection":[{"href":"https:\/\/longchangchemical.com\/tr\/wp-json\/wp\/v2\/product"}],"about":[{"href":"https:\/\/longchangchemical.com\/tr\/wp-json\/wp\/v2\/types\/product"}],"replies":[{"embeddable":true,"href":"https:\/\/longchangchemical.com\/tr\/wp-json\/wp\/v2\/comments?post=4234"}],"wp:featuredmedia":[{"embeddable":true,"href":"https:\/\/longchangchemical.com\/tr\/wp-json\/wp\/v2\/media\/6457"}],"wp:attachment":[{"href":"https:\/\/longchangchemical.com\/tr\/wp-json\/wp\/v2\/media?parent=4234"}],"wp:term":[{"taxonomy":"product_brand","embeddable":true,"href":"https:\/\/longchangchemical.com\/tr\/wp-json\/wp\/v2\/product_brand?post=4234"},{"taxonomy":"product_cat","embeddable":true,"href":"https:\/\/longchangchemical.com\/tr\/wp-json\/wp\/v2\/product_cat?post=4234"},{"taxonomy":"product_tag","embeddable":true,"href":"https:\/\/longchangchemical.com\/tr\/wp-json\/wp\/v2\/product_tag?post=4234"}],"curies":[{"name":"wp","href":"https:\/\/api.w.org\/{rel}","templated":true}]}}