{"id":4233,"date":"2024-01-15T01:50:51","date_gmt":"2024-01-15T01:50:51","guid":{"rendered":"https:\/\/longchangchemical.com\/?post_type=product&#038;p=4233"},"modified":"2025-12-22T01:45:45","modified_gmt":"2025-12-22T01:45:45","slug":"p-cymene-cas-99-87-6","status":"publish","type":"product","link":"https:\/\/longchangchemical.com\/tr\/product\/p-cymene-cas-99-87-6\/","title":{"rendered":"p-cymene cas 99-87-6"},"content":{"rendered":"<h2><strong>p-Cymene Tipik \u00d6zellikleri<\/strong><\/h2>\n<table class=\"table-1\" style=\"height: 308px;\" width=\"701\" cellspacing=\"0\">\n<tbody>\n<tr>\n<td rowspan=\"2\" valign=\"center\" width=\"140\">\u00d6\u011fe<\/td>\n<td rowspan=\"2\" valign=\"center\" width=\"206\">Test Sonu\u00e7lar\u0131<\/td>\n<\/tr>\n<tr>\n<td rowspan=\"2\" valign=\"center\" width=\"140\">G\u00f6r\u00fcn\u00fc\u015f<\/td>\n<td rowspan=\"2\" valign=\"center\" width=\"206\">BERRAK, RENKSIZ SIVI, ESASEN CEVHERLI MADDE I\u00c7ERMEZ<\/td>\n<\/tr>\n<tr>\n<td rowspan=\"2\" valign=\"center\" width=\"140\">Paracymene, %<\/td>\n<td rowspan=\"2\" valign=\"center\" width=\"206\">98.4%<\/td>\n<\/tr>\n<tr>\n<td rowspan=\"2\" valign=\"center\" width=\"140\">\u00d6zg\u00fcl A\u011f\u0131rl\u0131k D<sub>20<\/sub><sup>20<\/sup><\/td>\n<td rowspan=\"2\" valign=\"center\" width=\"206\">0.859<\/td>\n<\/tr>\n<tr>\n<td rowspan=\"2\" valign=\"center\" width=\"140\">Dioptre(N<sub>4<\/sub>20 )<\/td>\n<td rowspan=\"2\" valign=\"center\" width=\"206\">1.4897<\/td>\n<\/tr>\n<tr>\n<td valign=\"center\" width=\"140\">Mositure<\/td>\n<td valign=\"center\" width=\"206\">0.02%<\/td>\n<\/tr>\n<tr>\n<td rowspan=\"2\" valign=\"center\" width=\"140\">Lodin De\u011feri veya Brom No.<\/td>\n<td rowspan=\"2\" valign=\"center\" width=\"206\">0.4<\/td>\n<\/tr>\n<\/tbody>\n<\/table>\n<h2><strong>p-Cymene Kullan\u0131m\u0131<\/strong><\/h2>\n<ol>\n<li><strong>Aroma ve Koku End\u00fcstrisi:<\/strong> CAS numaras\u0131 99-87-6 olan P-Cymene, aroma ve koku end\u00fcstrisinde yayg\u0131n olarak kullan\u0131l\u0131r. Belirli kokular\u0131n ve aromalar\u0131n form\u00fclasyonuna katk\u0131da bulunarak farkl\u0131 ve karakteristik bir aroma sa\u011flar.<\/li>\n<li><strong>Kimyasal Ara Maddeler:<\/strong> Bu bile\u015fik, \u00e7e\u015fitli end\u00fcstrilerde kimyasal bir ara \u00fcr\u00fcn olarak uygulama alan\u0131 bulmaktad\u0131r. P-Cymene, farmas\u00f6tikler, zirai kimyasallar ve \u00f6zel kimyasallar dahil olmak \u00fczere \u00e7e\u015fitli organik bile\u015fiklerin sentezinde kullan\u0131l\u0131r.<\/li>\n<li><strong>\u00c7\u00f6z\u00fcc\u00fcler:<\/strong> P-Cymene belirli uygulamalarda \u00e7\u00f6z\u00fcc\u00fc olarak kullan\u0131l\u0131r. Benzersiz \u00f6zellikleri onu belirli kimyasal i\u015flemlerde ve form\u00fclasyonlarda \u00e7\u00f6z\u00fcc\u00fc olarak kullan\u0131ma uygun hale getirir.<\/li>\n<li><strong>Ara\u015ft\u0131rma ve Geli\u015ftirme:<\/strong> Ara\u015ft\u0131rma ve geli\u015ftirme faaliyetlerinde, P-Cymene \u00e7e\u015fitli kimyasal analizler ve deneyler i\u00e7in kullan\u0131l\u0131r. \u00c7ok y\u00f6nl\u00fc yap\u0131s\u0131 onu yeni bile\u015fiklerin ke\u015ffi ve geli\u015ftirilmesinde de\u011ferli k\u0131lmaktad\u0131r.<\/li>\n<\/ol>\n<h2><strong>p-CymenePaketleme ve Nakliye<\/strong><\/h2>\n<p>Ambalaj: 170kg\/tambur<\/p>\n<p>Teslimat: \u00f6deme yap\u0131ld\u0131ktan yakla\u015f\u0131k 7 g\u00fcn sonra<\/p>\n<h2><strong>p-Cymene Depolama<\/strong><\/h2>\n<p>Kuru ve serin ortamda muhafaza edin<\/p>\n<h2><strong><b>\u015eimdi Bize Ula\u015f\u0131n!<\/b><\/strong><\/h2>\n<h4><strong><b>COA, MSDS veya TDS'ye ihtiyac\u0131n\u0131z varsa, l\u00fctfen a\u015fa\u011f\u0131daki forma ileti\u015fim bilgilerinizi girin, genellikle 24 saat i\u00e7inde sizinle ileti\u015fime ge\u00e7ece\u011fiz. Bana e-posta da g\u00f6nderebilirsiniz <span style=\"color: #0000ff;\"><a style=\"color: #0000ff;\" href=\"mailto:info@longchangchemical.com\">info@longchangchemical.com<\/a><\/span> \u00c7al\u0131\u015fma saatleri i\u00e7inde (8:30 - 6:00 UTC+8 Pzt.~Sat.) veya h\u0131zl\u0131 yan\u0131t almak i\u00e7in web sitesi canl\u0131 sohbetini kullan\u0131n.<\/b><\/strong><\/h4>","protected":false},"excerpt":{"rendered":"<h2><strong>p-Cymene H\u0131zl\u0131 Ayr\u0131nt\u0131lar<\/strong><\/h2>\n<p>Kimyasal Ad\u0131:p-Cymene<br \/>\nCAS No: 99-87-6<br \/>\nMolek\u00fcler Fom\u00fcl: C10H14<\/p>\n<p>Kimyasal Yap\u0131:<img decoding=\"async\" title=\"p-Cymene Yap\u0131s\u0131\" src=\"https:\/\/www.longchangchemical.com\/wp-content\/uploads\/product-details\/20200616136043.png\" alt=\"p-Cymene Yap\u0131s\u0131\" width=\"170\" height=\"89\" border=\"0\" vspace=\"0\" \/><\/p>\n<p>Molek\u00fcl a\u011f\u0131rl\u0131\u011f\u0131:134.22<\/p>\n<p>G\u00f6r\u00fcn\u00fcm:Renksiz \u015feffaf s\u0131v\u0131<\/p>\n<p>Tahlil: 98%<\/p>","protected":false},"featured_media":6458,"comment_status":"open","ping_status":"closed","template":"","meta":[],"product_brand":[],"product_cat":[69],"product_tag":[],"class_list":{"0":"post-4233","1":"product","2":"type-product","3":"status-publish","4":"has-post-thumbnail","6":"product_cat-catalysts-chemical-auxiliary-agents","8":"first","9":"instock","10":"shipping-taxable","11":"product-type-simple"},"yoast_head":"<!-- This site is optimized with the Yoast SEO plugin v25.3.1 - https:\/\/yoast.com\/wordpress\/plugins\/seo\/ -->\n<title>China p-Cymene Manufacturer CAS 99-87-6 -Longchang Chemical<\/title>\n<meta name=\"description\" content=\"p-cymene cas 99-87-6 is key product of Longchang Chemical. We provide best price. We are the leading manufacturer and supplier in China with the best quanlity and competitive price.\" \/>\n<meta name=\"robots\" content=\"index, follow, max-snippet:-1, max-image-preview:large, max-video-preview:-1\" \/>\n<link rel=\"canonical\" href=\"https:\/\/longchangchemical.com\/tr\/product\/p-cymene-cas-99-87-6\/\" \/>\n<meta property=\"og:locale\" content=\"tr_TR\" \/>\n<meta property=\"og:type\" content=\"article\" \/>\n<meta property=\"og:title\" content=\"China p-Cymene Manufacturer CAS 99-87-6 -Longchang Chemical\" \/>\n<meta property=\"og:description\" content=\"p-cymene cas 99-87-6 is key product of Longchang Chemical. We provide best price. We are the leading manufacturer and supplier in China with the best quanlity and competitive price.\" \/>\n<meta property=\"og:url\" content=\"https:\/\/longchangchemical.com\/tr\/product\/p-cymene-cas-99-87-6\/\" \/>\n<meta property=\"og:site_name\" content=\"Longchang Chemical\" \/>\n<meta property=\"article:modified_time\" content=\"2025-12-22T01:45:45+00:00\" \/>\n<meta property=\"og:image\" content=\"https:\/\/longchangchemical.com\/wp-content\/uploads\/2024\/01\/1.jpg\" \/>\n\t<meta property=\"og:image:width\" content=\"800\" \/>\n\t<meta property=\"og:image:height\" content=\"800\" \/>\n\t<meta property=\"og:image:type\" content=\"image\/jpeg\" \/>\n<meta name=\"twitter:card\" content=\"summary_large_image\" \/>\n<script type=\"application\/ld+json\" class=\"yoast-schema-graph\">{\"@context\":\"https:\/\/schema.org\",\"@graph\":[{\"@type\":\"WebPage\",\"@id\":\"https:\/\/longchangchemical.com\/product\/p-cymene-cas-99-87-6\/\",\"url\":\"https:\/\/longchangchemical.com\/product\/p-cymene-cas-99-87-6\/\",\"name\":\"China p-Cymene Manufacturer CAS 99-87-6 -Longchang Chemical\",\"isPartOf\":{\"@id\":\"https:\/\/longchangchemical.com\/#website\"},\"primaryImageOfPage\":{\"@id\":\"https:\/\/longchangchemical.com\/product\/p-cymene-cas-99-87-6\/#primaryimage\"},\"image\":{\"@id\":\"https:\/\/longchangchemical.com\/product\/p-cymene-cas-99-87-6\/#primaryimage\"},\"thumbnailUrl\":\"https:\/\/longchangchemical.com\/wp-content\/uploads\/2024\/01\/1.jpg\",\"datePublished\":\"2024-01-15T01:50:51+00:00\",\"dateModified\":\"2025-12-22T01:45:45+00:00\",\"description\":\"p-cymene cas 99-87-6 is key product of Longchang Chemical. We provide best price. We are the leading manufacturer and supplier in China with the best quanlity and competitive price.\",\"breadcrumb\":{\"@id\":\"https:\/\/longchangchemical.com\/product\/p-cymene-cas-99-87-6\/#breadcrumb\"},\"inLanguage\":\"tr\",\"potentialAction\":[{\"@type\":\"ReadAction\",\"target\":[\"https:\/\/longchangchemical.com\/product\/p-cymene-cas-99-87-6\/\"]}]},{\"@type\":\"ImageObject\",\"inLanguage\":\"tr\",\"@id\":\"https:\/\/longchangchemical.com\/product\/p-cymene-cas-99-87-6\/#primaryimage\",\"url\":\"https:\/\/longchangchemical.com\/wp-content\/uploads\/2024\/01\/1.jpg\",\"contentUrl\":\"https:\/\/longchangchemical.com\/wp-content\/uploads\/2024\/01\/1.jpg\",\"width\":800,\"height\":800,\"caption\":\"p-cymene cas 99-87-6\"},{\"@type\":\"BreadcrumbList\",\"@id\":\"https:\/\/longchangchemical.com\/product\/p-cymene-cas-99-87-6\/#breadcrumb\",\"itemListElement\":[{\"@type\":\"ListItem\",\"position\":1,\"name\":\"Home\",\"item\":\"https:\/\/longchangchemical.com\/\"},{\"@type\":\"ListItem\",\"position\":2,\"name\":\"Products Longchang\",\"item\":\"https:\/\/longchangchemical.com\/product\/\"},{\"@type\":\"ListItem\",\"position\":3,\"name\":\"p-cymene cas 99-87-6\"}]},{\"@type\":\"WebSite\",\"@id\":\"https:\/\/longchangchemical.com\/#website\",\"url\":\"https:\/\/longchangchemical.com\/\",\"name\":\"Longchang Chemical\",\"description\":\"China chemical manufacturer \uff06 supplier\",\"publisher\":{\"@id\":\"https:\/\/longchangchemical.com\/#organization\"},\"potentialAction\":[{\"@type\":\"SearchAction\",\"target\":{\"@type\":\"EntryPoint\",\"urlTemplate\":\"https:\/\/longchangchemical.com\/?s={search_term_string}\"},\"query-input\":{\"@type\":\"PropertyValueSpecification\",\"valueRequired\":true,\"valueName\":\"search_term_string\"}}],\"inLanguage\":\"tr\"},{\"@type\":\"Organization\",\"@id\":\"https:\/\/longchangchemical.com\/#organization\",\"name\":\"Longchang Chemical\",\"url\":\"https:\/\/longchangchemical.com\/\",\"logo\":{\"@type\":\"ImageObject\",\"inLanguage\":\"tr\",\"@id\":\"https:\/\/longchangchemical.com\/#\/schema\/logo\/image\/\",\"url\":\"https:\/\/longchangchemical.com\/wp-content\/uploads\/2020\/08\/cropped-longchang-logo.png\",\"contentUrl\":\"https:\/\/longchangchemical.com\/wp-content\/uploads\/2020\/08\/cropped-longchang-logo.png\",\"width\":512,\"height\":512,\"caption\":\"Longchang Chemical\"},\"image\":{\"@id\":\"https:\/\/longchangchemical.com\/#\/schema\/logo\/image\/\"}}]}<\/script>\n<!-- \/ Yoast SEO plugin. -->","yoast_head_json":{"title":"\u00c7in p-Cymene \u00dcreticisi CAS 99-87-6 -Longchang Chemical","description":"p-cymene cas 99-87-6, Longchang Chemical'\u0131n temel \u00fcr\u00fcn\u00fcd\u00fcr. En iyi fiyat\u0131 sa\u011fl\u0131yoruz. Biz en iyi quanlity ve rekabet\u00e7i fiyat ile \u00c7in'de lider \u00fcretici ve tedarik\u00e7i vard\u0131r.","robots":{"index":"index","follow":"follow","max-snippet":"max-snippet:-1","max-image-preview":"max-image-preview:large","max-video-preview":"max-video-preview:-1"},"canonical":"https:\/\/longchangchemical.com\/tr\/product\/p-cymene-cas-99-87-6\/","og_locale":"tr_TR","og_type":"article","og_title":"China p-Cymene Manufacturer CAS 99-87-6 -Longchang Chemical","og_description":"p-cymene cas 99-87-6 is key product of Longchang Chemical. We provide best price. We are the leading manufacturer and supplier in China with the best quanlity and competitive price.","og_url":"https:\/\/longchangchemical.com\/tr\/product\/p-cymene-cas-99-87-6\/","og_site_name":"Longchang Chemical","article_modified_time":"2025-12-22T01:45:45+00:00","og_image":[{"width":800,"height":800,"url":"https:\/\/longchangchemical.com\/wp-content\/uploads\/2024\/01\/1.jpg","type":"image\/jpeg"}],"twitter_card":"summary_large_image","schema":{"@context":"https:\/\/schema.org","@graph":[{"@type":"WebPage","@id":"https:\/\/longchangchemical.com\/product\/p-cymene-cas-99-87-6\/","url":"https:\/\/longchangchemical.com\/product\/p-cymene-cas-99-87-6\/","name":"\u00c7in p-Cymene \u00dcreticisi CAS 99-87-6 -Longchang Chemical","isPartOf":{"@id":"https:\/\/longchangchemical.com\/#website"},"primaryImageOfPage":{"@id":"https:\/\/longchangchemical.com\/product\/p-cymene-cas-99-87-6\/#primaryimage"},"image":{"@id":"https:\/\/longchangchemical.com\/product\/p-cymene-cas-99-87-6\/#primaryimage"},"thumbnailUrl":"https:\/\/longchangchemical.com\/wp-content\/uploads\/2024\/01\/1.jpg","datePublished":"2024-01-15T01:50:51+00:00","dateModified":"2025-12-22T01:45:45+00:00","description":"p-cymene cas 99-87-6, Longchang Chemical'\u0131n temel \u00fcr\u00fcn\u00fcd\u00fcr. En iyi fiyat\u0131 sa\u011fl\u0131yoruz. Biz en iyi quanlity ve rekabet\u00e7i fiyat ile \u00c7in'de lider \u00fcretici ve tedarik\u00e7i vard\u0131r.","breadcrumb":{"@id":"https:\/\/longchangchemical.com\/product\/p-cymene-cas-99-87-6\/#breadcrumb"},"inLanguage":"tr","potentialAction":[{"@type":"ReadAction","target":["https:\/\/longchangchemical.com\/product\/p-cymene-cas-99-87-6\/"]}]},{"@type":"ImageObject","inLanguage":"tr","@id":"https:\/\/longchangchemical.com\/product\/p-cymene-cas-99-87-6\/#primaryimage","url":"https:\/\/longchangchemical.com\/wp-content\/uploads\/2024\/01\/1.jpg","contentUrl":"https:\/\/longchangchemical.com\/wp-content\/uploads\/2024\/01\/1.jpg","width":800,"height":800,"caption":"p-cymene cas 99-87-6"},{"@type":"BreadcrumbList","@id":"https:\/\/longchangchemical.com\/product\/p-cymene-cas-99-87-6\/#breadcrumb","itemListElement":[{"@type":"ListItem","position":1,"name":"Home","item":"https:\/\/longchangchemical.com\/"},{"@type":"ListItem","position":2,"name":"Products Longchang","item":"https:\/\/longchangchemical.com\/product\/"},{"@type":"ListItem","position":3,"name":"p-cymene cas 99-87-6"}]},{"@type":"WebSite","@id":"https:\/\/longchangchemical.com\/#website","url":"https:\/\/longchangchemical.com\/","name":"Longchang Kimya","description":"\u00c7in kimyasal \u00fcreticisi \uff06 tedarik\u00e7isi","publisher":{"@id":"https:\/\/longchangchemical.com\/#organization"},"potentialAction":[{"@type":"SearchAction","target":{"@type":"EntryPoint","urlTemplate":"https:\/\/longchangchemical.com\/?s={search_term_string}"},"query-input":{"@type":"PropertyValueSpecification","valueRequired":true,"valueName":"search_term_string"}}],"inLanguage":"tr"},{"@type":"Organization","@id":"https:\/\/longchangchemical.com\/#organization","name":"Longchang Kimya","url":"https:\/\/longchangchemical.com\/","logo":{"@type":"ImageObject","inLanguage":"tr","@id":"https:\/\/longchangchemical.com\/#\/schema\/logo\/image\/","url":"https:\/\/longchangchemical.com\/wp-content\/uploads\/2020\/08\/cropped-longchang-logo.png","contentUrl":"https:\/\/longchangchemical.com\/wp-content\/uploads\/2020\/08\/cropped-longchang-logo.png","width":512,"height":512,"caption":"Longchang Chemical"},"image":{"@id":"https:\/\/longchangchemical.com\/#\/schema\/logo\/image\/"}}]}},"_links":{"self":[{"href":"https:\/\/longchangchemical.com\/tr\/wp-json\/wp\/v2\/product\/4233","targetHints":{"allow":["GET"]}}],"collection":[{"href":"https:\/\/longchangchemical.com\/tr\/wp-json\/wp\/v2\/product"}],"about":[{"href":"https:\/\/longchangchemical.com\/tr\/wp-json\/wp\/v2\/types\/product"}],"replies":[{"embeddable":true,"href":"https:\/\/longchangchemical.com\/tr\/wp-json\/wp\/v2\/comments?post=4233"}],"wp:featuredmedia":[{"embeddable":true,"href":"https:\/\/longchangchemical.com\/tr\/wp-json\/wp\/v2\/media\/6458"}],"wp:attachment":[{"href":"https:\/\/longchangchemical.com\/tr\/wp-json\/wp\/v2\/media?parent=4233"}],"wp:term":[{"taxonomy":"product_brand","embeddable":true,"href":"https:\/\/longchangchemical.com\/tr\/wp-json\/wp\/v2\/product_brand?post=4233"},{"taxonomy":"product_cat","embeddable":true,"href":"https:\/\/longchangchemical.com\/tr\/wp-json\/wp\/v2\/product_cat?post=4233"},{"taxonomy":"product_tag","embeddable":true,"href":"https:\/\/longchangchemical.com\/tr\/wp-json\/wp\/v2\/product_tag?post=4233"}],"curies":[{"name":"wp","href":"https:\/\/api.w.org\/{rel}","templated":true}]}}