{"id":4230,"date":"2024-01-15T07:44:10","date_gmt":"2024-01-15T07:44:10","guid":{"rendered":"https:\/\/longchangchemical.com\/?post_type=product&#038;p=4230"},"modified":"2025-12-19T09:56:53","modified_gmt":"2025-12-19T09:56:53","slug":"chlorphenesin-cas-104-29-0","status":"publish","type":"product","link":"https:\/\/longchangchemical.com\/tr\/product\/chlorphenesin-cas-104-29-0\/","title":{"rendered":"chlorphenesin cas 104-29-0"},"content":{"rendered":"<h2><strong>ChlorphenesinTipik \u00d6zellikler<\/strong><\/h2>\n<table class=\"table-1\" cellspacing=\"0\">\n<tbody>\n<tr>\n<td><strong>E\u015fyalar<\/strong><\/td>\n<td><strong>Teknik \u00d6zellikler<\/strong><\/td>\n<\/tr>\n<tr>\n<td>G\u00f6r\u00fcn\u00fc\u015f<\/td>\n<td>Beyaz veya beyaza yak\u0131n toz<\/td>\n<\/tr>\n<tr>\n<td>Tahlil<\/td>\n<td>\u226599%<\/td>\n<\/tr>\n<tr>\n<td>Erime noktas\u0131<\/td>\n<td>77~825\u2103<\/td>\n<\/tr>\n<tr>\n<td>\u00c7\u00f6z\u00fcm\u00fcn netli\u011fi<\/td>\n<td>Renksiz, ask\u0131da madde yok<\/td>\n<\/tr>\n<tr>\n<td>Arsenik<\/td>\n<td>\u22642 ppm<\/td>\n<\/tr>\n<tr>\n<td>P-Klorofenol<\/td>\n<td>\u226410 ppm<\/td>\n<\/tr>\n<tr>\n<td>A\u011f\u0131r metal<\/td>\n<td>\u226410 ppm<\/td>\n<\/tr>\n<tr>\n<td>Kurutma kayb\u0131<\/td>\n<td>\u22640,5%<\/td>\n<\/tr>\n<tr>\n<td>Ate\u015fleme kal\u0131nt\u0131s\u0131<\/td>\n<td>\u22640,5%<\/td>\n<\/tr>\n<\/tbody>\n<\/table>\n<h2><strong>Chlorphenesin Kullan\u0131m\u0131<\/strong><\/h2>\n<p>Klorobenzoat esas olarak kas gev\u015fetici olarak kullan\u0131l\u0131r ve sinir uyar\u0131lar\u0131n\u0131n beyne iletilmesini engelleyerek \u00e7al\u0131\u015f\u0131r. Kozmetikte, antifungal ve antibakteriyel \u00f6zelliklerinden dolay\u0131 koruyucu olarak kullan\u0131l\u0131r. Koruyucu olarak, \u00e7e\u015fitli \u00fcr\u00fcnlerin viskozite de\u011fi\u015fiklikleri, pH de\u011fi\u015fiklikleri, dem\u00fclsifikasyon problemleri, g\u00f6zle g\u00f6r\u00fcl\u00fcr mikrobiyal b\u00fcy\u00fcme, renk de\u011fi\u015fiklikleri ve ho\u015f olmayan koku olu\u015fumu gibi bu sorunlarla kar\u015f\u0131la\u015fmas\u0131n\u0131 \u00f6nler. Mantarlar\u0131n neden oldu\u011fu t\u0131rnak probleminin yan\u0131 s\u0131ra, bu bile\u015fen en yayg\u0131n olarak y\u00fcz nemlendiricilerinde, ya\u015flanma kar\u015f\u0131t\u0131 kremlerde, g\u00fcne\u015f kremlerinde, fond\u00f6tenlerde, g\u00f6z kremlerinde, temizleyicilerde, maskaralarda ve kapat\u0131c\u0131larda kullan\u0131l\u0131r.<\/p>\n<p>T\u0131pta, klorfenonla ili\u015fkili preparatlar, ige arac\u0131l\u0131 histamin sal\u0131n\u0131m\u0131n\u0131 inhibe eden antijenle ili\u015fkili imm\u00fcnosupresif ajanlard\u0131r. Klorofen eter ayn\u0131 zamanda antifungal, bakteriyel, vajinal k\u00fcf, trikomoniazis i\u00e7in uygun olan ve bir\u00e7ok farmas\u00f6tik dozaj formuna sahip bir antifungal ila\u00e7t\u0131r.<\/p>\n<p>Kozmetik a\u00e7\u0131s\u0131ndan, klorfen eter Uluslararas\u0131 Kozmetik \u0130\u00e7erik S\u00f6zl\u00fc\u011f\u00fc ve El Kitab\u0131nda kozmetik bakterisit olarak kullan\u0131lmaktad\u0131r. Klorobenzoat, Gram-pozitif ve Gram-negatif bakterilere, \u00f6zellikle Aspergillus niger iml149007 ve Penicillium chrysogenum imi87160'a (Mantarlar) kar\u015f\u0131 etkili bir \u015fekilde direnebilir, g\u00fc\u00e7l\u00fc bakterisidal aktiviteye sahiptir ve Candida albicans ncpf3179 ve Saccharomyces cerevisiae ncpf3275 (maya) \u00fczerinde iyi bir inhibit\u00f6r etkiye sahiptir. Son on y\u0131lda, klorfeniramin yurtd\u0131\u015f\u0131nda farmas\u00f6tik di\u015f macunu, oje, sabun, sabun, \u015fampuan \u00fcr\u00fcnleri ve cilt bak\u0131m \u00fcr\u00fcnleri yapmak i\u00e7in kullan\u0131lm\u0131\u015ft\u0131r.<\/p>\n<ol>\n<li><strong>Kozmetik ve Cilt Bak\u0131m \u00dcr\u00fcnleri:<\/strong> CAS numaras\u0131 104-29-0 olan Chlorphenesin, kozmetik ve cilt bak\u0131m \u00fcr\u00fcnlerinde yayg\u0131n olarak kullan\u0131l\u0131r. Koruyucu ve antimikrobiyal bir ajan olarak g\u00f6rev yapar ve \u00e7e\u015fitli form\u00fclasyonlar\u0131n stabilitesine ve g\u00fcvenli\u011fine katk\u0131da bulunur.<\/li>\n<li><strong>\u0130la\u00e7lar:<\/strong> Bu bile\u015fik ila\u00e7 end\u00fcstrisinde uygulama alan\u0131 bulmaktad\u0131r. Chlorphenesin baz\u0131 ila\u00e7 form\u00fclasyonlar\u0131nda, \u00f6zellikle topikal ila\u00e7larda ve merhemlerde kullan\u0131l\u0131r.<\/li>\n<li><strong>Ki\u015fisel Bak\u0131m \u00dcr\u00fcnleri:<\/strong> Chlorphenesin losyonlar, kremler ve \u015fampuanlar gibi ki\u015fisel bak\u0131m \u00fcr\u00fcnlerinde kullan\u0131labilir. Antimikrobiyal \u00f6zellikleri, bu \u00fcr\u00fcnlerin b\u00fct\u00fcnl\u00fc\u011f\u00fcn\u00fc korumak i\u00e7in yararl\u0131 olmas\u0131n\u0131 sa\u011flar.<\/li>\n<li><strong>T\u0131bbi Uygulamalar:<\/strong> T\u0131bbi uygulamalarda, Chlorphenesin antiseptik sol\u00fcsyonlar ve yara bak\u0131m form\u00fclasyonlar\u0131 dahil olmak \u00fczere belirli sa\u011fl\u0131k \u00fcr\u00fcnlerinde bir bile\u015fen olarak kullan\u0131labilir.<\/li>\n<\/ol>\n<h2><strong>ChlorphenesinPaketleme ve Nakliye<\/strong><\/h2>\n<p>25 kg\/davul<\/p>\n<h2><strong><b>\u015eimdi Bize Ula\u015f\u0131n!<\/b><\/strong><\/h2>\n<h4><strong><b>COA, MSDS veya TDS'ye ihtiyac\u0131n\u0131z varsa, l\u00fctfen a\u015fa\u011f\u0131daki forma ileti\u015fim bilgilerinizi girin, genellikle 24 saat i\u00e7inde sizinle ileti\u015fime ge\u00e7ece\u011fiz. Bana e-posta da g\u00f6nderebilirsiniz <span style=\"color: #0000ff;\"><a style=\"color: #0000ff;\" href=\"mailto:info@longchangchemical.com\">info@longchangchemical.com<\/a><\/span> \u00c7al\u0131\u015fma saatleri i\u00e7inde (8:30 - 6:00 UTC+8 Pzt.~Sat.) veya h\u0131zl\u0131 yan\u0131t almak i\u00e7in web sitesi canl\u0131 sohbetini kullan\u0131n.<\/b><\/strong><\/h4>","protected":false},"excerpt":{"rendered":"<h2><strong>ChlorphenesinH\u0131zl\u0131 Ayr\u0131nt\u0131lar<\/strong><\/h2>\n<p>Kimyasal Ad\u0131: Chlorphenesin<\/p>\n<p>CAS No: 104-29-0<\/p>\n<p>Molek\u00fcler Fom\u00fcl:C9H11ClO3<\/p>\n<p>Molek\u00fcl a\u011f\u0131rl\u0131\u011f\u0131: 202,63<\/p>\n<p>Kimyasal Yap\u0131:<img decoding=\"async\" title=\"Chlorphenesin Yap\u0131s\u0131\" src=\"https:\/\/www.longchangchemical.com\/wp-content\/uploads\/product-details\/20200616156648.png\" alt=\"Chlorphenesin Yap\u0131s\u0131\" width=\"238\" height=\"60\" border=\"0\" vspace=\"0\" \/><\/p>\n<p>G\u00f6r\u00fcn\u00fcm:Beyaz veya beyaza yak\u0131n toz<\/p>\n<p>Test \uff1a\u226599.0%<\/p>","protected":false},"featured_media":6465,"comment_status":"open","ping_status":"closed","template":"","meta":[],"product_brand":[],"product_cat":[69],"product_tag":[],"class_list":{"0":"post-4230","1":"product","2":"type-product","3":"status-publish","4":"has-post-thumbnail","6":"product_cat-catalysts-chemical-auxiliary-agents","8":"first","9":"instock","10":"shipping-taxable","11":"product-type-simple"},"yoast_head":"<!-- This site is optimized with the Yoast SEO plugin v25.3.1 - https:\/\/yoast.com\/wordpress\/plugins\/seo\/ -->\n<title>China Chlorphenesin Manufacturer CAS 104-29-0 -Longchang Chemical<\/title>\n<meta name=\"description\" content=\"chlorphenesin cas 104-29-0 is key product of Longchang Chemical. We provide best price. We are the leading manufacturer and supplier in China with the best quanlity and competitive price.\" \/>\n<meta name=\"robots\" content=\"index, follow, max-snippet:-1, max-image-preview:large, max-video-preview:-1\" \/>\n<link rel=\"canonical\" href=\"https:\/\/longchangchemical.com\/tr\/product\/chlorphenesin-cas-104-29-0\/\" \/>\n<meta property=\"og:locale\" content=\"tr_TR\" \/>\n<meta property=\"og:type\" content=\"article\" \/>\n<meta property=\"og:title\" content=\"China Chlorphenesin Manufacturer CAS 104-29-0 -Longchang Chemical\" \/>\n<meta property=\"og:description\" content=\"chlorphenesin cas 104-29-0 is key product of Longchang Chemical. We provide best price. We are the leading manufacturer and supplier in China with the best quanlity and competitive price.\" \/>\n<meta property=\"og:url\" content=\"https:\/\/longchangchemical.com\/tr\/product\/chlorphenesin-cas-104-29-0\/\" \/>\n<meta property=\"og:site_name\" content=\"Longchang Chemical\" \/>\n<meta property=\"article:modified_time\" content=\"2025-12-19T09:56:53+00:00\" \/>\n<meta property=\"og:image\" content=\"https:\/\/longchangchemical.com\/wp-content\/uploads\/2021\/01\/5-5.jpg\" \/>\n\t<meta property=\"og:image:width\" content=\"800\" \/>\n\t<meta property=\"og:image:height\" content=\"800\" \/>\n\t<meta property=\"og:image:type\" content=\"image\/jpeg\" \/>\n<meta name=\"twitter:card\" content=\"summary_large_image\" \/>\n<script type=\"application\/ld+json\" class=\"yoast-schema-graph\">{\"@context\":\"https:\/\/schema.org\",\"@graph\":[{\"@type\":\"WebPage\",\"@id\":\"https:\/\/longchangchemical.com\/product\/chlorphenesin-cas-104-29-0\/\",\"url\":\"https:\/\/longchangchemical.com\/product\/chlorphenesin-cas-104-29-0\/\",\"name\":\"China Chlorphenesin Manufacturer CAS 104-29-0 -Longchang Chemical\",\"isPartOf\":{\"@id\":\"https:\/\/longchangchemical.com\/#website\"},\"primaryImageOfPage\":{\"@id\":\"https:\/\/longchangchemical.com\/product\/chlorphenesin-cas-104-29-0\/#primaryimage\"},\"image\":{\"@id\":\"https:\/\/longchangchemical.com\/product\/chlorphenesin-cas-104-29-0\/#primaryimage\"},\"thumbnailUrl\":\"https:\/\/longchangchemical.com\/wp-content\/uploads\/2021\/01\/5-5.jpg\",\"datePublished\":\"2024-01-15T07:44:10+00:00\",\"dateModified\":\"2025-12-19T09:56:53+00:00\",\"description\":\"chlorphenesin cas 104-29-0 is key product of Longchang Chemical. We provide best price. We are the leading manufacturer and supplier in China with the best quanlity and competitive price.\",\"breadcrumb\":{\"@id\":\"https:\/\/longchangchemical.com\/product\/chlorphenesin-cas-104-29-0\/#breadcrumb\"},\"inLanguage\":\"tr\",\"potentialAction\":[{\"@type\":\"ReadAction\",\"target\":[\"https:\/\/longchangchemical.com\/product\/chlorphenesin-cas-104-29-0\/\"]}]},{\"@type\":\"ImageObject\",\"inLanguage\":\"tr\",\"@id\":\"https:\/\/longchangchemical.com\/product\/chlorphenesin-cas-104-29-0\/#primaryimage\",\"url\":\"https:\/\/longchangchemical.com\/wp-content\/uploads\/2021\/01\/5-5.jpg\",\"contentUrl\":\"https:\/\/longchangchemical.com\/wp-content\/uploads\/2021\/01\/5-5.jpg\",\"width\":800,\"height\":800,\"caption\":\"chlorphenesin cas 104-29-0\"},{\"@type\":\"BreadcrumbList\",\"@id\":\"https:\/\/longchangchemical.com\/product\/chlorphenesin-cas-104-29-0\/#breadcrumb\",\"itemListElement\":[{\"@type\":\"ListItem\",\"position\":1,\"name\":\"Home\",\"item\":\"https:\/\/longchangchemical.com\/\"},{\"@type\":\"ListItem\",\"position\":2,\"name\":\"Products Longchang\",\"item\":\"https:\/\/longchangchemical.com\/product\/\"},{\"@type\":\"ListItem\",\"position\":3,\"name\":\"chlorphenesin cas 104-29-0\"}]},{\"@type\":\"WebSite\",\"@id\":\"https:\/\/longchangchemical.com\/#website\",\"url\":\"https:\/\/longchangchemical.com\/\",\"name\":\"Longchang Chemical\",\"description\":\"China chemical manufacturer \uff06 supplier\",\"publisher\":{\"@id\":\"https:\/\/longchangchemical.com\/#organization\"},\"potentialAction\":[{\"@type\":\"SearchAction\",\"target\":{\"@type\":\"EntryPoint\",\"urlTemplate\":\"https:\/\/longchangchemical.com\/?s={search_term_string}\"},\"query-input\":{\"@type\":\"PropertyValueSpecification\",\"valueRequired\":true,\"valueName\":\"search_term_string\"}}],\"inLanguage\":\"tr\"},{\"@type\":\"Organization\",\"@id\":\"https:\/\/longchangchemical.com\/#organization\",\"name\":\"Longchang Chemical\",\"url\":\"https:\/\/longchangchemical.com\/\",\"logo\":{\"@type\":\"ImageObject\",\"inLanguage\":\"tr\",\"@id\":\"https:\/\/longchangchemical.com\/#\/schema\/logo\/image\/\",\"url\":\"https:\/\/longchangchemical.com\/wp-content\/uploads\/2020\/08\/cropped-longchang-logo.png\",\"contentUrl\":\"https:\/\/longchangchemical.com\/wp-content\/uploads\/2020\/08\/cropped-longchang-logo.png\",\"width\":512,\"height\":512,\"caption\":\"Longchang Chemical\"},\"image\":{\"@id\":\"https:\/\/longchangchemical.com\/#\/schema\/logo\/image\/\"}}]}<\/script>\n<!-- \/ Yoast SEO plugin. -->","yoast_head_json":{"title":"\u00c7in Chlorphenesin \u00dcreticisi CAS 104-29-0 -Longchang Chemical","description":"chlorphenesin cas 104-29-0, Longchang Chemical'\u0131n temel \u00fcr\u00fcn\u00fcd\u00fcr. En iyi fiyat\u0131 sa\u011fl\u0131yoruz. Biz en iyi quanlity ve rekabet\u00e7i fiyat ile \u00c7in'de lider \u00fcreticisi ve tedarik\u00e7isi vard\u0131r.","robots":{"index":"index","follow":"follow","max-snippet":"max-snippet:-1","max-image-preview":"max-image-preview:large","max-video-preview":"max-video-preview:-1"},"canonical":"https:\/\/longchangchemical.com\/tr\/product\/chlorphenesin-cas-104-29-0\/","og_locale":"tr_TR","og_type":"article","og_title":"China Chlorphenesin Manufacturer CAS 104-29-0 -Longchang Chemical","og_description":"chlorphenesin cas 104-29-0 is key product of Longchang Chemical. We provide best price. We are the leading manufacturer and supplier in China with the best quanlity and competitive price.","og_url":"https:\/\/longchangchemical.com\/tr\/product\/chlorphenesin-cas-104-29-0\/","og_site_name":"Longchang Chemical","article_modified_time":"2025-12-19T09:56:53+00:00","og_image":[{"width":800,"height":800,"url":"https:\/\/longchangchemical.com\/wp-content\/uploads\/2021\/01\/5-5.jpg","type":"image\/jpeg"}],"twitter_card":"summary_large_image","schema":{"@context":"https:\/\/schema.org","@graph":[{"@type":"WebPage","@id":"https:\/\/longchangchemical.com\/product\/chlorphenesin-cas-104-29-0\/","url":"https:\/\/longchangchemical.com\/product\/chlorphenesin-cas-104-29-0\/","name":"\u00c7in Chlorphenesin \u00dcreticisi CAS 104-29-0 -Longchang Chemical","isPartOf":{"@id":"https:\/\/longchangchemical.com\/#website"},"primaryImageOfPage":{"@id":"https:\/\/longchangchemical.com\/product\/chlorphenesin-cas-104-29-0\/#primaryimage"},"image":{"@id":"https:\/\/longchangchemical.com\/product\/chlorphenesin-cas-104-29-0\/#primaryimage"},"thumbnailUrl":"https:\/\/longchangchemical.com\/wp-content\/uploads\/2021\/01\/5-5.jpg","datePublished":"2024-01-15T07:44:10+00:00","dateModified":"2025-12-19T09:56:53+00:00","description":"chlorphenesin cas 104-29-0, Longchang Chemical'\u0131n temel \u00fcr\u00fcn\u00fcd\u00fcr. En iyi fiyat\u0131 sa\u011fl\u0131yoruz. Biz en iyi quanlity ve rekabet\u00e7i fiyat ile \u00c7in'de lider \u00fcreticisi ve tedarik\u00e7isi vard\u0131r.","breadcrumb":{"@id":"https:\/\/longchangchemical.com\/product\/chlorphenesin-cas-104-29-0\/#breadcrumb"},"inLanguage":"tr","potentialAction":[{"@type":"ReadAction","target":["https:\/\/longchangchemical.com\/product\/chlorphenesin-cas-104-29-0\/"]}]},{"@type":"ImageObject","inLanguage":"tr","@id":"https:\/\/longchangchemical.com\/product\/chlorphenesin-cas-104-29-0\/#primaryimage","url":"https:\/\/longchangchemical.com\/wp-content\/uploads\/2021\/01\/5-5.jpg","contentUrl":"https:\/\/longchangchemical.com\/wp-content\/uploads\/2021\/01\/5-5.jpg","width":800,"height":800,"caption":"chlorphenesin cas 104-29-0"},{"@type":"BreadcrumbList","@id":"https:\/\/longchangchemical.com\/product\/chlorphenesin-cas-104-29-0\/#breadcrumb","itemListElement":[{"@type":"ListItem","position":1,"name":"Home","item":"https:\/\/longchangchemical.com\/"},{"@type":"ListItem","position":2,"name":"Products Longchang","item":"https:\/\/longchangchemical.com\/product\/"},{"@type":"ListItem","position":3,"name":"chlorphenesin cas 104-29-0"}]},{"@type":"WebSite","@id":"https:\/\/longchangchemical.com\/#website","url":"https:\/\/longchangchemical.com\/","name":"Longchang Kimya","description":"\u00c7in kimyasal \u00fcreticisi \uff06 tedarik\u00e7isi","publisher":{"@id":"https:\/\/longchangchemical.com\/#organization"},"potentialAction":[{"@type":"SearchAction","target":{"@type":"EntryPoint","urlTemplate":"https:\/\/longchangchemical.com\/?s={search_term_string}"},"query-input":{"@type":"PropertyValueSpecification","valueRequired":true,"valueName":"search_term_string"}}],"inLanguage":"tr"},{"@type":"Organization","@id":"https:\/\/longchangchemical.com\/#organization","name":"Longchang Kimya","url":"https:\/\/longchangchemical.com\/","logo":{"@type":"ImageObject","inLanguage":"tr","@id":"https:\/\/longchangchemical.com\/#\/schema\/logo\/image\/","url":"https:\/\/longchangchemical.com\/wp-content\/uploads\/2020\/08\/cropped-longchang-logo.png","contentUrl":"https:\/\/longchangchemical.com\/wp-content\/uploads\/2020\/08\/cropped-longchang-logo.png","width":512,"height":512,"caption":"Longchang Chemical"},"image":{"@id":"https:\/\/longchangchemical.com\/#\/schema\/logo\/image\/"}}]}},"_links":{"self":[{"href":"https:\/\/longchangchemical.com\/tr\/wp-json\/wp\/v2\/product\/4230","targetHints":{"allow":["GET"]}}],"collection":[{"href":"https:\/\/longchangchemical.com\/tr\/wp-json\/wp\/v2\/product"}],"about":[{"href":"https:\/\/longchangchemical.com\/tr\/wp-json\/wp\/v2\/types\/product"}],"replies":[{"embeddable":true,"href":"https:\/\/longchangchemical.com\/tr\/wp-json\/wp\/v2\/comments?post=4230"}],"wp:featuredmedia":[{"embeddable":true,"href":"https:\/\/longchangchemical.com\/tr\/wp-json\/wp\/v2\/media\/6465"}],"wp:attachment":[{"href":"https:\/\/longchangchemical.com\/tr\/wp-json\/wp\/v2\/media?parent=4230"}],"wp:term":[{"taxonomy":"product_brand","embeddable":true,"href":"https:\/\/longchangchemical.com\/tr\/wp-json\/wp\/v2\/product_brand?post=4230"},{"taxonomy":"product_cat","embeddable":true,"href":"https:\/\/longchangchemical.com\/tr\/wp-json\/wp\/v2\/product_cat?post=4230"},{"taxonomy":"product_tag","embeddable":true,"href":"https:\/\/longchangchemical.com\/tr\/wp-json\/wp\/v2\/product_tag?post=4230"}],"curies":[{"name":"wp","href":"https:\/\/api.w.org\/{rel}","templated":true}]}}