{"id":4227,"date":"2021-04-08T10:26:18","date_gmt":"2021-04-08T10:26:18","guid":{"rendered":"https:\/\/longchangchemical.com\/?post_type=product&#038;p=4227"},"modified":"2025-12-22T09:53:45","modified_gmt":"2025-12-22T09:53:45","slug":"magnesium-ascorbyl-phosphate","status":"publish","type":"product","link":"https:\/\/longchangchemical.com\/tr\/product\/magnesium-ascorbyl-phosphate\/","title":{"rendered":"Magnezyum askorbil fosfat CAS 113170-55-1"},"content":{"rendered":"<h1><strong>Magnezyum askorbil fosfat CAS 113170-55-1<\/strong><\/h1>\n<table class=\"table-1\">\n<tbody>\n<tr>\n<td>\n<h4>\u00d6\u011fe<\/h4>\n<\/td>\n<td>\n<h4>Teknik \u00d6zellikler<\/h4>\n<\/td>\n<\/tr>\n<tr>\n<td>\n<h4>G\u00f6r\u00fcn\u00fc\u015f<\/h4>\n<\/td>\n<td>\n<h4>Beyaz ila soluk sar\u0131 toz<\/h4>\n<\/td>\n<\/tr>\n<tr>\n<td>\n<h4>Tahlil<\/h4>\n<\/td>\n<td>\n<h4>\u226598.5%<\/h4>\n<\/td>\n<\/tr>\n<tr>\n<td>\n<h4>Kurutma kayb\u0131<\/h4>\n<\/td>\n<td>\n<h4>\u226420%<\/h4>\n<\/td>\n<\/tr>\n<tr>\n<td>\n<h4>(Pb)Heaby metal<\/h4>\n<\/td>\n<td>\n<h4>\u22640,001%<\/h4>\n<\/td>\n<\/tr>\n<tr>\n<td>\n<h4>Arsenik<\/h4>\n<\/td>\n<td>\n<h4>\u22640.0002%<\/h4>\n<\/td>\n<\/tr>\n<tr>\n<td>\n<h4>PH De\u011feri (3% sulu \u00e7\u00f6zelti)<\/h4>\n<\/td>\n<td>\n<h4>7.0~8.5<\/h4>\n<\/td>\n<\/tr>\n<tr>\n<td>\n<h4>\uff08APHA\uff09 \u00c7\u00f6zeltinin rengi<\/h4>\n<\/td>\n<td>\n<h4>\u226470<\/h4>\n<\/td>\n<\/tr>\n<tr>\n<td>\n<h4>Serbest Askorbik Asit<\/h4>\n<\/td>\n<td>\n<h4>\u22640,5%<\/h4>\n<\/td>\n<\/tr>\n<tr>\n<td>\n<h4>Spesifik optik rotasyon<\/h4>\n<\/td>\n<td>\n<h4>\u3010\u03b1\u3011D20= 43\u00b0- 50\u00b0<\/h4>\n<\/td>\n<\/tr>\n<tr>\n<td>\n<h4>Serbest Fosforik Asit<\/h4>\n<\/td>\n<td>\n<h4>\u22641.0%<\/h4>\n<\/td>\n<\/tr>\n<tr>\n<td>\n<h4>Klor\u00fcr<\/h4>\n<\/td>\n<td>\n<h4>\u22640,35%<\/h4>\n<\/td>\n<\/tr>\n<tr>\n<td>\n<h4>(cfu\/g) Toplam bakteri say\u0131s\u0131<\/h4>\n<\/td>\n<td>\n<h4>Gram ba\u015f\u0131na \u22641000<\/h4>\n<\/td>\n<\/tr>\n<\/tbody>\n<\/table>\n<p>&nbsp;<\/p>\n<h2><strong>Magnezyum askorbil fosfat kullan\u0131m\u0131<\/strong><\/h2>\n<h4>1. Magnezyum askorbil fosfat antioksidan olarak kullan\u0131labilir. Ya\u011f i\u00e7eren g\u0131dalarda, yenilebilir ya\u011flarda, hidrojene bitkisel ya\u011flarda, haz\u0131r eri\u015ftelerde kullan\u0131labilir. Orta askorbik asit \u00f6l\u00e7er).<\/h4>\n<h4>2. Magnezyum askorbil fosfat g\u0131da besin takviyesi olarak da kullan\u0131labilir.<\/h4>\n<h4>3. Magnezyum askorbil fosfat yem katk\u0131 maddesi olarak kullan\u0131l\u0131r<\/h4>\n<h4>4. Magnezyum askorbil fosfat tirozinaz aktivitesini inhibe edebilir, melanini azaltabilir ve lekeleri giderme ve beyazlatma etkisine sahiptir.<\/h4>\n<h4>5. Magnezyum askorbil fosfat v\u00fccuda girdikten sonra oksijensiz radikalleri ortadan kald\u0131rabilir, b\u00f6ylece k\u0131r\u0131\u015f\u0131kl\u0131k giderici ve ya\u015flanma kar\u015f\u0131t\u0131 i\u015flevlere sahiptir.<\/h4>\n<h4>6. Magnezyum askorbil fosfat, E vitamini ile sinerjik bir etkiye sahiptir.<\/h4>\n<p>&nbsp;<\/p>\n<h2><strong>Magnezyum askorbil fosfat<\/strong><strong>\u00a0Paketleme ve Nakliye<\/strong><\/h2>\n<h4>1 kg\/Al\u00fcminyum folyo torba 25 kg\/fiber bidon<strong><br \/>\n<\/strong><\/h4>\n<p>&nbsp;<\/p>\n<h2><strong>Magnezyum askorbil fosfat<\/strong><strong>\u00a0Depolama<\/strong><\/h2>\n<h4>Serin, kuru ve kapal\u0131 bir kapta \u0131\u015f\u0131ktan uzakta saklan\u0131r.<\/h4>\n<p>&nbsp;<\/p>\n<h2><strong>Ayn\u0131 seri \u00fcr\u00fcnler<\/strong><\/h2>\n<table style=\"border-collapse: collapse; width: 276.77pt;\" border=\"0\" width=\"369\" cellspacing=\"0\" cellpadding=\"0\">\n<tbody>\n<tr style=\"height: 14.25pt;\">\n<td style=\"height: 14.25pt; width: 195.75pt;\" width=\"261\" height=\"19\">\n<h4><a href=\"https:\/\/longchangchemical.com\/tr\/product\/sodium-ascorbyl-phosphate\/\"><span style=\"color: #3366ff;\">Sodyum Askorbil Fosfat<\/span><\/a><\/h4>\n<\/td>\n<td style=\"width: 81.00pt;\" width=\"108\">\n<h4>66170-10-3<\/h4>\n<\/td>\n<\/tr>\n<tr style=\"height: 14.25pt;\">\n<td style=\"height: 14.25pt;\" height=\"19\">\n<h4>Magnezyum askorbil fosfat<\/h4>\n<\/td>\n<td>\n<h4>113170-55-1<\/h4>\n<\/td>\n<\/tr>\n<\/tbody>\n<\/table>\n<p>&nbsp;<\/p>\n<h2><strong><b>\u015eimdi Bize Ula\u015f\u0131n!<\/b><\/strong><\/h2>\n<h4><strong><b>COA, MSDS veya TDS'ye ihtiyac\u0131n\u0131z varsa, l\u00fctfen a\u015fa\u011f\u0131daki forma ileti\u015fim bilgilerinizi girin, genellikle 24 saat i\u00e7inde sizinle ileti\u015fime ge\u00e7ece\u011fiz. Bana e-posta da g\u00f6nderebilirsiniz <span style=\"color: #0000ff;\"><a style=\"color: #0000ff;\" href=\"mailto:info@longchangchemical.com\">info@longchangchemical.com<\/a><\/span> \u00c7al\u0131\u015fma saatleri i\u00e7inde (8:30 - 6:00 UTC+8 Pzt.~Sat.) veya h\u0131zl\u0131 yan\u0131t almak i\u00e7in web sitesi canl\u0131 sohbetini kullan\u0131n.<\/b><\/strong><\/h4>","protected":false},"excerpt":{"rendered":"<h4>Kimyasal Ad\u0131: Magnezyum askorbil fosfat<\/h4>\n<h4>Di\u011fer ad\u0131:Magnezyum L-askorbik asit-2-fosfat<\/h4>\n<h4>CAS No: 113170-55-1<\/h4>\n<h4>Molek\u00fcler Fom\u00fcl: C12H12O18P2Mg3.10H2O<\/h4>\n<h4>Kimyasal Yap\u0131:<img decoding=\"async\" title=\"image.png\" src=\"https:\/\/www.longchangchemical.com\/wp-content\/uploads\/product-details\/20200617223327.png\" alt=\"image.png\" \/><\/h4>\n<h4>Molek\u00fcl a\u011f\u0131rl\u0131\u011f\u0131:759.22<\/h4>\n<h4>G\u00f6r\u00fcn\u00fcm:Beyaz ila soluk sar\u0131 toz<\/h4>\n<h4>Tahlil: 98.5%<\/h4>","protected":false},"featured_media":4486,"comment_status":"open","ping_status":"closed","template":"","meta":[],"product_brand":[],"product_cat":[69],"product_tag":[],"class_list":{"0":"post-4227","1":"product","2":"type-product","3":"status-publish","4":"has-post-thumbnail","6":"product_cat-catalysts-chemical-auxiliary-agents","8":"first","9":"instock","10":"shipping-taxable","11":"product-type-simple"},"yoast_head":"<!-- This site is optimized with the Yoast SEO plugin v25.3.1 - https:\/\/yoast.com\/wordpress\/plugins\/seo\/ -->\n<title>China Magnesium ascorbyl phosphate Manufacturer \uff06 Supplier - Longchang chemical Co., Ltd.<\/title>\n<meta name=\"description\" content=\"Longchang Chemical is a leading manufacturer and supplier of Magnesium ascorbyl phosphate in China. Buy Magnesium ascorbyl phosphate in china. We can provide the best Magnesium ascorbyl phosphate price.\" \/>\n<meta name=\"robots\" content=\"index, follow, max-snippet:-1, max-image-preview:large, max-video-preview:-1\" \/>\n<link rel=\"canonical\" href=\"https:\/\/longchangchemical.com\/tr\/product\/magnesium-ascorbyl-phosphate\/\" \/>\n<meta property=\"og:locale\" content=\"tr_TR\" \/>\n<meta property=\"og:type\" content=\"article\" \/>\n<meta property=\"og:title\" content=\"China Magnesium ascorbyl phosphate Manufacturer \uff06 Supplier - Longchang chemical Co., Ltd.\" \/>\n<meta property=\"og:description\" content=\"Longchang Chemical is a leading manufacturer and supplier of Magnesium ascorbyl phosphate in China. Buy Magnesium ascorbyl phosphate in china. We can provide the best Magnesium ascorbyl phosphate price.\" \/>\n<meta property=\"og:url\" content=\"https:\/\/longchangchemical.com\/tr\/product\/magnesium-ascorbyl-phosphate\/\" \/>\n<meta property=\"og:site_name\" content=\"Longchang Chemical\" \/>\n<meta property=\"article:modified_time\" content=\"2025-12-22T09:53:45+00:00\" \/>\n<meta property=\"og:image\" content=\"https:\/\/longchangchemical.com\/wp-content\/uploads\/2021\/01\/Appearance-15.jpg\" \/>\n\t<meta property=\"og:image:width\" content=\"600\" \/>\n\t<meta property=\"og:image:height\" content=\"800\" \/>\n\t<meta property=\"og:image:type\" content=\"image\/jpeg\" \/>\n<meta name=\"twitter:card\" content=\"summary_large_image\" \/>\n<script type=\"application\/ld+json\" class=\"yoast-schema-graph\">{\"@context\":\"https:\/\/schema.org\",\"@graph\":[{\"@type\":\"WebPage\",\"@id\":\"https:\/\/longchangchemical.com\/product\/magnesium-ascorbyl-phosphate\/\",\"url\":\"https:\/\/longchangchemical.com\/product\/magnesium-ascorbyl-phosphate\/\",\"name\":\"China Magnesium ascorbyl phosphate Manufacturer \uff06 Supplier - Longchang chemical Co., Ltd.\",\"isPartOf\":{\"@id\":\"https:\/\/longchangchemical.com\/#website\"},\"primaryImageOfPage\":{\"@id\":\"https:\/\/longchangchemical.com\/product\/magnesium-ascorbyl-phosphate\/#primaryimage\"},\"image\":{\"@id\":\"https:\/\/longchangchemical.com\/product\/magnesium-ascorbyl-phosphate\/#primaryimage\"},\"thumbnailUrl\":\"https:\/\/longchangchemical.com\/wp-content\/uploads\/2021\/01\/Appearance-15.jpg\",\"datePublished\":\"2021-04-08T10:26:18+00:00\",\"dateModified\":\"2025-12-22T09:53:45+00:00\",\"description\":\"Longchang Chemical is a leading manufacturer and supplier of Magnesium ascorbyl phosphate in China. Buy Magnesium ascorbyl phosphate in china. We can provide the best Magnesium ascorbyl phosphate price.\",\"breadcrumb\":{\"@id\":\"https:\/\/longchangchemical.com\/product\/magnesium-ascorbyl-phosphate\/#breadcrumb\"},\"inLanguage\":\"tr\",\"potentialAction\":[{\"@type\":\"ReadAction\",\"target\":[\"https:\/\/longchangchemical.com\/product\/magnesium-ascorbyl-phosphate\/\"]}]},{\"@type\":\"ImageObject\",\"inLanguage\":\"tr\",\"@id\":\"https:\/\/longchangchemical.com\/product\/magnesium-ascorbyl-phosphate\/#primaryimage\",\"url\":\"https:\/\/longchangchemical.com\/wp-content\/uploads\/2021\/01\/Appearance-15.jpg\",\"contentUrl\":\"https:\/\/longchangchemical.com\/wp-content\/uploads\/2021\/01\/Appearance-15.jpg\",\"width\":600,\"height\":800,\"caption\":\"Magnesium ascorbyl phoshpate Appearance\"},{\"@type\":\"BreadcrumbList\",\"@id\":\"https:\/\/longchangchemical.com\/product\/magnesium-ascorbyl-phosphate\/#breadcrumb\",\"itemListElement\":[{\"@type\":\"ListItem\",\"position\":1,\"name\":\"Home\",\"item\":\"https:\/\/longchangchemical.com\/\"},{\"@type\":\"ListItem\",\"position\":2,\"name\":\"Products Longchang\",\"item\":\"https:\/\/longchangchemical.com\/product\/\"},{\"@type\":\"ListItem\",\"position\":3,\"name\":\"Magnesium ascorbyl phosphate CAS 113170-55-1\"}]},{\"@type\":\"WebSite\",\"@id\":\"https:\/\/longchangchemical.com\/#website\",\"url\":\"https:\/\/longchangchemical.com\/\",\"name\":\"Longchang Chemical\",\"description\":\"China chemical manufacturer \uff06 supplier\",\"publisher\":{\"@id\":\"https:\/\/longchangchemical.com\/#organization\"},\"potentialAction\":[{\"@type\":\"SearchAction\",\"target\":{\"@type\":\"EntryPoint\",\"urlTemplate\":\"https:\/\/longchangchemical.com\/?s={search_term_string}\"},\"query-input\":{\"@type\":\"PropertyValueSpecification\",\"valueRequired\":true,\"valueName\":\"search_term_string\"}}],\"inLanguage\":\"tr\"},{\"@type\":\"Organization\",\"@id\":\"https:\/\/longchangchemical.com\/#organization\",\"name\":\"Longchang Chemical\",\"url\":\"https:\/\/longchangchemical.com\/\",\"logo\":{\"@type\":\"ImageObject\",\"inLanguage\":\"tr\",\"@id\":\"https:\/\/longchangchemical.com\/#\/schema\/logo\/image\/\",\"url\":\"https:\/\/longchangchemical.com\/wp-content\/uploads\/2020\/08\/cropped-longchang-logo.png\",\"contentUrl\":\"https:\/\/longchangchemical.com\/wp-content\/uploads\/2020\/08\/cropped-longchang-logo.png\",\"width\":512,\"height\":512,\"caption\":\"Longchang Chemical\"},\"image\":{\"@id\":\"https:\/\/longchangchemical.com\/#\/schema\/logo\/image\/\"}}]}<\/script>\n<!-- \/ Yoast SEO plugin. -->","yoast_head_json":{"title":"\u00c7in Magnezyum askorbil fosfat \u00dcretici \uff06 Tedarik\u00e7i - Longchang chemical Co, Ltd.","description":"Longchang Chemical, \u00c7in'in \u00f6nde gelen Magnezyum askorbil fosfat \u00fcreticisi ve tedarik\u00e7isidir. \u00c7in'de Magnezyum askorbil fosfat sat\u0131n al\u0131n. En iyi Magnezyum askorbil fosfat fiyat\u0131n\u0131 sa\u011flayabiliriz.","robots":{"index":"index","follow":"follow","max-snippet":"max-snippet:-1","max-image-preview":"max-image-preview:large","max-video-preview":"max-video-preview:-1"},"canonical":"https:\/\/longchangchemical.com\/tr\/product\/magnesium-ascorbyl-phosphate\/","og_locale":"tr_TR","og_type":"article","og_title":"China Magnesium ascorbyl phosphate Manufacturer \uff06 Supplier - Longchang chemical Co., Ltd.","og_description":"Longchang Chemical is a leading manufacturer and supplier of Magnesium ascorbyl phosphate in China. Buy Magnesium ascorbyl phosphate in china. We can provide the best Magnesium ascorbyl phosphate price.","og_url":"https:\/\/longchangchemical.com\/tr\/product\/magnesium-ascorbyl-phosphate\/","og_site_name":"Longchang Chemical","article_modified_time":"2025-12-22T09:53:45+00:00","og_image":[{"width":600,"height":800,"url":"https:\/\/longchangchemical.com\/wp-content\/uploads\/2021\/01\/Appearance-15.jpg","type":"image\/jpeg"}],"twitter_card":"summary_large_image","schema":{"@context":"https:\/\/schema.org","@graph":[{"@type":"WebPage","@id":"https:\/\/longchangchemical.com\/product\/magnesium-ascorbyl-phosphate\/","url":"https:\/\/longchangchemical.com\/product\/magnesium-ascorbyl-phosphate\/","name":"\u00c7in Magnezyum askorbil fosfat \u00dcretici \uff06 Tedarik\u00e7i - Longchang chemical Co, Ltd.","isPartOf":{"@id":"https:\/\/longchangchemical.com\/#website"},"primaryImageOfPage":{"@id":"https:\/\/longchangchemical.com\/product\/magnesium-ascorbyl-phosphate\/#primaryimage"},"image":{"@id":"https:\/\/longchangchemical.com\/product\/magnesium-ascorbyl-phosphate\/#primaryimage"},"thumbnailUrl":"https:\/\/longchangchemical.com\/wp-content\/uploads\/2021\/01\/Appearance-15.jpg","datePublished":"2021-04-08T10:26:18+00:00","dateModified":"2025-12-22T09:53:45+00:00","description":"Longchang Chemical, \u00c7in'in \u00f6nde gelen Magnezyum askorbil fosfat \u00fcreticisi ve tedarik\u00e7isidir. \u00c7in'de Magnezyum askorbil fosfat sat\u0131n al\u0131n. En iyi Magnezyum askorbil fosfat fiyat\u0131n\u0131 sa\u011flayabiliriz.","breadcrumb":{"@id":"https:\/\/longchangchemical.com\/product\/magnesium-ascorbyl-phosphate\/#breadcrumb"},"inLanguage":"tr","potentialAction":[{"@type":"ReadAction","target":["https:\/\/longchangchemical.com\/product\/magnesium-ascorbyl-phosphate\/"]}]},{"@type":"ImageObject","inLanguage":"tr","@id":"https:\/\/longchangchemical.com\/product\/magnesium-ascorbyl-phosphate\/#primaryimage","url":"https:\/\/longchangchemical.com\/wp-content\/uploads\/2021\/01\/Appearance-15.jpg","contentUrl":"https:\/\/longchangchemical.com\/wp-content\/uploads\/2021\/01\/Appearance-15.jpg","width":600,"height":800,"caption":"Magnesium ascorbyl phoshpate Appearance"},{"@type":"BreadcrumbList","@id":"https:\/\/longchangchemical.com\/product\/magnesium-ascorbyl-phosphate\/#breadcrumb","itemListElement":[{"@type":"ListItem","position":1,"name":"Home","item":"https:\/\/longchangchemical.com\/"},{"@type":"ListItem","position":2,"name":"Products Longchang","item":"https:\/\/longchangchemical.com\/product\/"},{"@type":"ListItem","position":3,"name":"Magnesium ascorbyl phosphate CAS 113170-55-1"}]},{"@type":"WebSite","@id":"https:\/\/longchangchemical.com\/#website","url":"https:\/\/longchangchemical.com\/","name":"Longchang Kimya","description":"\u00c7in kimyasal \u00fcreticisi \uff06 tedarik\u00e7isi","publisher":{"@id":"https:\/\/longchangchemical.com\/#organization"},"potentialAction":[{"@type":"SearchAction","target":{"@type":"EntryPoint","urlTemplate":"https:\/\/longchangchemical.com\/?s={search_term_string}"},"query-input":{"@type":"PropertyValueSpecification","valueRequired":true,"valueName":"search_term_string"}}],"inLanguage":"tr"},{"@type":"Organization","@id":"https:\/\/longchangchemical.com\/#organization","name":"Longchang Kimya","url":"https:\/\/longchangchemical.com\/","logo":{"@type":"ImageObject","inLanguage":"tr","@id":"https:\/\/longchangchemical.com\/#\/schema\/logo\/image\/","url":"https:\/\/longchangchemical.com\/wp-content\/uploads\/2020\/08\/cropped-longchang-logo.png","contentUrl":"https:\/\/longchangchemical.com\/wp-content\/uploads\/2020\/08\/cropped-longchang-logo.png","width":512,"height":512,"caption":"Longchang Chemical"},"image":{"@id":"https:\/\/longchangchemical.com\/#\/schema\/logo\/image\/"}}]}},"_links":{"self":[{"href":"https:\/\/longchangchemical.com\/tr\/wp-json\/wp\/v2\/product\/4227","targetHints":{"allow":["GET"]}}],"collection":[{"href":"https:\/\/longchangchemical.com\/tr\/wp-json\/wp\/v2\/product"}],"about":[{"href":"https:\/\/longchangchemical.com\/tr\/wp-json\/wp\/v2\/types\/product"}],"replies":[{"embeddable":true,"href":"https:\/\/longchangchemical.com\/tr\/wp-json\/wp\/v2\/comments?post=4227"}],"wp:featuredmedia":[{"embeddable":true,"href":"https:\/\/longchangchemical.com\/tr\/wp-json\/wp\/v2\/media\/4486"}],"wp:attachment":[{"href":"https:\/\/longchangchemical.com\/tr\/wp-json\/wp\/v2\/media?parent=4227"}],"wp:term":[{"taxonomy":"product_brand","embeddable":true,"href":"https:\/\/longchangchemical.com\/tr\/wp-json\/wp\/v2\/product_brand?post=4227"},{"taxonomy":"product_cat","embeddable":true,"href":"https:\/\/longchangchemical.com\/tr\/wp-json\/wp\/v2\/product_cat?post=4227"},{"taxonomy":"product_tag","embeddable":true,"href":"https:\/\/longchangchemical.com\/tr\/wp-json\/wp\/v2\/product_tag?post=4227"}],"curies":[{"name":"wp","href":"https:\/\/api.w.org\/{rel}","templated":true}]}}